{"id":87,"date":"2020-05-29T19:12:01","date_gmt":"2020-05-29T17:12:01","guid":{"rendered":"http:\/\/berlincitytrips.com\/?page_id=87"},"modified":"2024-11-05T07:37:43","modified_gmt":"2024-11-05T07:37:43","slug":"contact","status":"publish","type":"page","link":"https:\/\/lisbontouristinformation.com\/fr\/a-propos\/contact\/","title":{"rendered":"Contact Us"},"content":{"rendered":"<h3 style=\"\">AVOIR UNE QUESTION?<\/h3>\n<h1>Contacter l&rsquo;office du tourisme de Lisbonne<\/h1>\n<p>Nous avons des contacts d&rsquo;urgence pour une assistance MICE 24h\/24. Avec ce formulaire, vous pouvez nous contacter pour une collaboration, des demandes de renseignements et des questions.<\/p>\n<p><span style=\"\"><img decoding=\"async\" alt=\"\" data-id=\"5626\" title=\"Visite audioguid\u00e9e \u00e0 Lisbonne au Portugal\" src=\"https:\/\/lisbontouristinformation.com\/fr\/wp-content\/uploads\/2022\/04\/Audio-Guide-Tour-in-Lisbon-in-Portugal.jpg\" style=\"aspect-ratio: auto 1200 \/ 630;\" ml-d=\"0\" data-width=\"466\" data-height=\"244\" data-init-width=\"1200\" data-init-height=\"630\" mt-d=\"0\" width=\"466\" height=\"244\" loading=\"lazy\"><\/span><\/p>\n<p style=\"text-align: center;\">Contactez-nous \u00e0&nbsp; <strong><span>support@lisbontouristinformation.com\/fr<\/span><\/strong> ou utilisez notre formulaire de contact.<\/p>\n<h2>Comment pouvons nous aider?<\/h2>\n<p>Voici les r\u00e9ponses aux questions les plus courantes de notre bo\u00eete de r\u00e9ception.<\/p>\n<p>Ce formulaire de contact est destin\u00e9 aux demandes de renseignements sur les collaborations, les partenaires affili\u00e9s et les questions.<\/p>\n<p>Pour une assistance d&rsquo;urgence 24 heures sur 24, veuillez \u00e9crire ou appeler.&nbsp;<\/p>\n<h3>SOURIS<\/h3>\n<p>Veuillez envoyer directement les demandes de renseignements sur les voyages de groupe, les r\u00e9unions et les \u00e9v\u00e9nements.&nbsp;<\/p>\n<h3>Collaborations<\/h3>\n<p>Veuillez envoyer directement vos demandes par e-mail pour obtenir une \u00e9ventuelle assistance pour les blogueurs et les cr\u00e9ateurs YouTube.<\/p>\n<h3>Presse<\/h3>\n<p>Veuillez envoyer vos demandes directement avec ce formulaire de contact.<\/p>\n","protected":false},"excerpt":{"rendered":"<p>AVOIR UNE QUESTION? Contacter l&rsquo;office du tourisme de Lisbonne Nous avons des contacts d&rsquo;urgence pour une assistance MICE 24h\/24. Avec ce formulaire, vous pouvez nous contacter pour une collaboration, des demandes de renseignements et des questions. Contactez-nous \u00e0&nbsp; support@lisbontouristinformation.com\/fr ou utilisez notre formulaire de contact. Comment pouvons nous aider? Voici les r\u00e9ponses aux questions les [&hellip;]<\/p>\n","protected":false},"author":20,"featured_media":0,"parent":2849,"menu_order":0,"comment_status":"closed","ping_status":"closed","template":"","meta":{"footnotes":""},"tags":[],"class_list":["post-87","page","type-page","status-publish","hentry","post-wrapper","thrv_wrapper"],"_links":{"self":[{"href":"https:\/\/lisbontouristinformation.com\/fr\/wp-json\/wp\/v2\/pages\/87","targetHints":{"allow":["GET"]}}],"collection":[{"href":"https:\/\/lisbontouristinformation.com\/fr\/wp-json\/wp\/v2\/pages"}],"about":[{"href":"https:\/\/lisbontouristinformation.com\/fr\/wp-json\/wp\/v2\/types\/page"}],"author":[{"embeddable":true,"href":"https:\/\/lisbontouristinformation.com\/fr\/wp-json\/wp\/v2\/users\/20"}],"replies":[{"embeddable":true,"href":"https:\/\/lisbontouristinformation.com\/fr\/wp-json\/wp\/v2\/comments?post=87"}],"version-history":[{"count":0,"href":"https:\/\/lisbontouristinformation.com\/fr\/wp-json\/wp\/v2\/pages\/87\/revisions"}],"up":[{"embeddable":true,"href":"https:\/\/lisbontouristinformation.com\/fr\/wp-json\/wp\/v2\/pages\/2849"}],"wp:attachment":[{"href":"https:\/\/lisbontouristinformation.com\/fr\/wp-json\/wp\/v2\/media?parent=87"}],"wp:term":[{"taxonomy":"post_tag","embeddable":true,"href":"https:\/\/lisbontouristinformation.com\/fr\/wp-json\/wp\/v2\/tags?post=87"}],"curies":[{"name":"wp","href":"https:\/\/api.w.org\/{rel}","templated":true}]}}