{"id":7557,"date":"2024-08-07T10:33:25","date_gmt":"2024-08-07T09:33:25","guid":{"rendered":"https:\/\/lisbontouristinformation.com\/fr\/?page_id=7557"},"modified":"2024-08-07T10:35:08","modified_gmt":"2024-08-07T09:35:08","slug":"collaboration","status":"publish","type":"page","link":"https:\/\/lisbontouristinformation.com\/fr\/a-propos\/collaboration\/","title":{"rendered":"Collaboration : Entreprises, blogueurs et influenceurs"},"content":{"rendered":"<h3 style=\"\">VOULEZ-VOUS TRAVAILLER AVEC NOUS?<\/h3>\n<h1>Collaborer avec l&rsquo;Office de Tourisme de Lisbonne<\/h1>\n<p>Nous collaborons avec des guides de voyage, des guides touristiques, des entreprises locales, des blogueurs de voyage et des influenceurs des m\u00e9dias sociaux.<\/p>\n<p><span style=\"\"><img decoding=\"async\" alt=\"\" data-id=\"5535\" title=\"Itin\u00e9raire de 3 jours \u00e0 Lisbonne au Portugal\" src=\"https:\/\/lisbontouristinformation.com\/fr\/wp-content\/uploads\/2024\/08\/3-days-itinerary-in-lisbon-in-portugal.jpg\" style=\"aspect-ratio: auto 1200 \/ 630;\" ml-d=\"0\" data-width=\"446\" data-height=\"234\" data-init-width=\"1200\" data-init-height=\"630\" mt-d=\"0\" width=\"446\" height=\"234\" loading=\"lazy\" ml-t=\"0\" mt-t=\"0\"><\/span><\/p>\n<p style=\"text-align: center;\">Contactez-nous par email \u00e0 <strong><span>support@lisbontouristinformation.com<\/span><\/strong> ou utilisez notre formulaire de contact.<\/p>\n<h2>Que cherchons-nous?<\/h2>\n<ul>\n<li>Guides locaux avec expertise, id\u00e9es d&rsquo;affaires MICE et visites de la ville.<\/li>\n<li>Blogueurs avec au moins 5 000 visiteurs uniques.<\/li>\n<li>Nous avons \u00e9galement un programme d&rsquo;affiliation pour certains sites Web de voyage.<\/li>\n<\/ul>\n<h2>SOURIS<\/h2>\n<p>H\u00f4tels de r\u00e9union sp\u00e9cialis\u00e9s, salles de r\u00e9union, restauration et transferts ex\u00e9cutifs avec d&rsquo;excellentes critiques.<\/p>\n<h2>Blogueurs et influenceurs<\/h2>\n<p>Nous collaborons sur nos offres dans la r\u00e9gion de Lisbonne avec des blogueurs de voyage qui ont de vrais fans, un contenu authentique et des connaissances d&rsquo;experts.<\/p>\n<h2>Guides touristiques<\/h2>\n<p>Pour des visites sp\u00e9ciales dans la r\u00e9gion de Lisbonne, veuillez envoyer des suggestions de visites possibles via notre formulaire de contact.&nbsp;<\/p>\n","protected":false},"excerpt":{"rendered":"<p>VOULEZ-VOUS TRAVAILLER AVEC NOUS? Collaborer avec l&rsquo;Office de Tourisme de Lisbonne Nous collaborons avec des guides de voyage, des guides touristiques, des entreprises locales, des blogueurs de voyage et des influenceurs des m\u00e9dias sociaux. Contactez-nous par email \u00e0 support@lisbontouristinformation.com ou utilisez notre formulaire de contact. Que cherchons-nous? Guides locaux avec expertise, id\u00e9es d&rsquo;affaires MICE et [&hellip;]<\/p>\n","protected":false},"author":19,"featured_media":0,"parent":2849,"menu_order":0,"comment_status":"closed","ping_status":"closed","template":"","meta":{"footnotes":""},"tags":[],"class_list":["post-7557","page","type-page","status-publish","hentry","post-wrapper","thrv_wrapper"],"_links":{"self":[{"href":"https:\/\/lisbontouristinformation.com\/fr\/wp-json\/wp\/v2\/pages\/7557","targetHints":{"allow":["GET"]}}],"collection":[{"href":"https:\/\/lisbontouristinformation.com\/fr\/wp-json\/wp\/v2\/pages"}],"about":[{"href":"https:\/\/lisbontouristinformation.com\/fr\/wp-json\/wp\/v2\/types\/page"}],"author":[{"embeddable":true,"href":"https:\/\/lisbontouristinformation.com\/fr\/wp-json\/wp\/v2\/users\/19"}],"replies":[{"embeddable":true,"href":"https:\/\/lisbontouristinformation.com\/fr\/wp-json\/wp\/v2\/comments?post=7557"}],"version-history":[{"count":0,"href":"https:\/\/lisbontouristinformation.com\/fr\/wp-json\/wp\/v2\/pages\/7557\/revisions"}],"up":[{"embeddable":true,"href":"https:\/\/lisbontouristinformation.com\/fr\/wp-json\/wp\/v2\/pages\/2849"}],"wp:attachment":[{"href":"https:\/\/lisbontouristinformation.com\/fr\/wp-json\/wp\/v2\/media?parent=7557"}],"wp:term":[{"taxonomy":"post_tag","embeddable":true,"href":"https:\/\/lisbontouristinformation.com\/fr\/wp-json\/wp\/v2\/tags?post=7557"}],"curies":[{"name":"wp","href":"https:\/\/api.w.org\/{rel}","templated":true}]}}