{"id":7412,"date":"2023-06-19T12:08:43","date_gmt":"2023-06-19T11:08:43","guid":{"rendered":"https:\/\/lisbontouristinformation.com\/fr\/?page_id=7412"},"modified":"2025-07-31T12:21:57","modified_gmt":"2025-07-31T11:21:57","slug":"meilleure-carte-sim-au-portugal-pour-les-touristes","status":"publish","type":"page","link":"https:\/\/lisbontouristinformation.com\/fr\/meilleure-carte-sim-au-portugal-pour-les-touristes\/","title":{"rendered":"Meilleures offres eSIM et carte SIM au Portugal pour les touristes"},"content":{"rendered":"<p style=\"\"><strong>Vous souhaitez visiter le Portugal mais vous n&rsquo;\u00eates pas s\u00fbr d&rsquo;avoir besoin d&rsquo;une carte SIM portugaise ?&nbsp;Alors vous \u00eates au bon endroit !<\/strong><\/p>\n<p data-end=\"317\" data-start=\"0\">Cet article vous fournira toutes les<strong> informations essentielles sur les meilleures offres d\u2019eSIM<\/strong> pour le Portugal ainsi que<strong> sur les cartes SIM pour les touristes.<\/strong> Nous verrons si vous avez r\u00e9ellement besoin d\u2019une carte SIM ou d\u2019une eSIM portugaise pour votre voyage \u00e0 Lisbonne, o\u00f9 en obtenir une et combien cela co\u00fbte.<\/p>\n<p>Nous vous pr\u00e9senterons \u00e9galement <strong>les principaux op\u00e9rateurs mobiles au Portugal<\/strong>, r\u00e9pondrons aux questions fr\u00e9quentes et explorerons les <strong>alternatives pour obtenir une carte SIM,<\/strong> notamment les fournisseurs<strong>&nbsp;<\/strong><a href=\"#t-1746693343880\" jump-animation=\"smooth\"><strong>d\u2019eSIM pour le Portugal.<\/strong><\/a><\/p>\n<p>Continuez \u00e0 lire pour profiter au maximum de vos vacances au Portugal !<\/p>\n<h2 id=\"t-1686319314913\"><strong>Une carte SIM portugaise est-elle vraiment n\u00e9cessaire pour mes vacances au Portugal ?<\/strong><\/h2>\n<p><span><img decoding=\"async\" alt=\"Meilleure carte SIM au Portugal pour les touristes Meilleure carte SIM au Portugal pour les touristes\" data-id=\"7381\" width=\"702\" data-init-width=\"1000\" height=\"395\" data-init-height=\"563\" title=\"Meilleure carte SIM au Portugal pour les touristes portugal sim card lisbon tourist information.jpg\" src=\"https:\/\/lisbontouristinformation.com\/fr\/wp-content\/uploads\/2023\/06\/portugal-sim-card-lisbon-tourist-information.jpg\" data-width=\"702\" data-height=\"395\" style=\"aspect-ratio: auto 1000 \/ 563;\" loading=\"lazy\"><\/span><\/p>\n<p>Tout d&rsquo;abord, nous voudrions r\u00e9soudre l&rsquo;un des probl\u00e8mes les plus importants, par exemple si&nbsp;<strong>vous avez m\u00eame besoin d&rsquo;une carte SIM portugaise<\/strong> pour vos prochaines vacances au Portugal.<\/p>\n<ul>\n<li><strong>Si vous venez d&rsquo;Europe,&nbsp;<\/strong>vous ne devriez pas avoir besoin d&rsquo;une carte SIM portugaise car l&rsquo;itin\u00e9rance \u00e0 l&rsquo;int\u00e9rieur de l&rsquo;UE (et de l&rsquo;Espace \u00e9conomique europ\u00e9en)&nbsp;<strong>est gratuite<\/strong>&nbsp;depuis 2017. Cela signifie que vous pouvez utiliser votre carte SIM existante au Portugal&nbsp;<strong>sans payer de frais suppl\u00e9mentaires dans<\/strong>&nbsp;la plupart des cas.&nbsp;Cependant, votre fournisseur de services peut imposer des restrictions \u00e0 l&rsquo;utilisation \u00e0 l&rsquo;\u00e9tranger, que vous devez confirmer pour \u00e9viter les mauvaises surprises.&nbsp;<\/li>\n<li><strong>Si vous n&rsquo;\u00eates pas d&rsquo;Europe<\/strong>&nbsp;et que vous voyagez depuis les \u00c9tats-Unis ou une autre partie du monde,&nbsp;<strong>il est tout \u00e0 fait logique d&rsquo;obtenir une carte SIM au Portugal pour \u00e9viter les frais d&rsquo;itin\u00e9rance internationale \u00e9lev\u00e9s. <\/strong>L&rsquo;achat d&rsquo;une carte SIM locale garantit que vos connexions de donn\u00e9es mobiles sont fiables, s\u00e9curis\u00e9es et rapides tout au long de vos vacances au Portugal, vous permettant de communiquer facilement.<\/li>\n<\/ul>\n<h2 data-end=\"463\" data-start=\"0\" id=\"t-1746693343879\"><strong data-end=\"46\" data-start=\"0\">Alternative aux cartes SIM : eSIM Portugal<\/strong><\/h2>\n<p data-end=\"463\" data-start=\"0\">Si vous partez \u00e0 Lisbonne ou ailleurs au Portugal et avez besoin d&rsquo;une connexion mobile fiable, l\u2019eSIM est une solution pratique. Contrairement \u00e0 une carte SIM traditionnelle, une eSIM pour le Portugal vous permet de vous connecter imm\u00e9diatement \u00e0 un r\u00e9seau local, sans avoir \u00e0 ins\u00e9rer une carte physique. C\u2019est une option id\u00e9ale pour les voyageurs qui souhaitent rester connect\u00e9s de mani\u00e8re simple et sans tracas.<\/p>\n<p data-end=\"656\" data-start=\"465\">Pour vous aider \u00e0 trouver la meilleure option, nous avons compar\u00e9 les principaux fournisseurs d\u2019eSIM au Portugal, en d\u00e9taillant leurs tarifs, leur couverture r\u00e9seau et leurs caract\u00e9ristiques.<\/p>\n<p data-end=\"837\" data-start=\"658\">Avant d\u2019acheter une eSIM pour le Portugal, assurez-vous que votre smartphone est d\u00e9simlock\u00e9 et compatible avec la technologie eSIM. Si vous avez un doute, voici comment v\u00e9rifier :<\/p>\n<p data-end=\"1052\" data-start=\"839\">\u2192&nbsp;<strong data-end=\"871\" data-start=\"841\">Pour les appareils Android<\/strong>&nbsp;: ouvrez les&nbsp;<em data-end=\"897\" data-start=\"885\">Param\u00e8tres<\/em>, puis allez dans&nbsp;<em data-end=\"955\" data-start=\"915\">Connexions &gt; Gestionnaire de carte SIM<\/em>. Si l\u2019option \u00ab Ajouter un forfait mobile \u00bb s\u2019affiche, votre appareil est compatible avec l\u2019eSIM.<\/p>\n<p data-end=\"1298\" data-start=\"1054\">\u2192&nbsp;<strong data-end=\"1082\" data-start=\"1056\">Pour les appareils iOS<\/strong>&nbsp;: ouvrez les&nbsp;<em data-end=\"1106\" data-start=\"1096\">R\u00e9glages<\/em>&nbsp;et allez dans&nbsp;<em data-end=\"1142\" data-start=\"1121\">Donn\u00e9es cellulaires<\/em>&nbsp;ou&nbsp;<em data-end=\"1161\" data-start=\"1146\">R\u00e9seau mobile<\/em>. Si vous voyez l\u2019option \u00ab Ajouter un forfait cellulaire \u00bb ou \u00ab Ajouter un forfait de donn\u00e9es \u00bb, votre iPhone est compatible avec l\u2019eSIM.<\/p>\n<h2 data-end=\"1593\" data-start=\"1300\" id=\"t-1746693343880\"><strong data-end=\"1379\" data-start=\"1300\">Tableau comparatif eSIM Portugal : toutes les offres disponibles \u00e0 Lisbonne<\/strong><\/h2>\n<p data-end=\"1593\" data-start=\"1300\">La majorit\u00e9 des fournisseurs d\u2019eSIM \u00e0 Lisbonne utilisent les principaux r\u00e9seaux comme <strong data-end=\"1485\" data-start=\"1468\">MEO, Vodafone<\/strong> et <strong data-end=\"1496\" data-start=\"1489\">NOS<\/strong>, garantissant une couverture solide et une connexion stable dans toute la ville et ses environs.<\/p>\n<p data-end=\"1845\" data-start=\"1595\">Les diff\u00e9rences entre les fournisseurs r\u00e9sident dans les volumes de donn\u00e9es propos\u00e9s, les prix et les dur\u00e9es de validit\u00e9. Pour vous aider \u00e0 choisir la meilleure offre eSIM pour le Portugal, nous avons \u00e9tabli un tableau comparatif d\u00e9taill\u00e9 ci-dessous.<\/p>\n<table data-rows=\"10\" data-cols=\"5\" style=\"\">\n<thead>\n<tr>\n<th style=\"\" data-direction=\"down\">\n<p style=\"\">\n<\/th>\n<th style=\"\" data-direction=\"\">\n<p style=\"\">HOLAFLY<\/p>\n<\/th>\n<th style=\"\" data-direction=\"\">\n<p style=\"\">ESQUICK<\/p>\n<\/th>\n<th style=\"\" data-direction=\"\">\n<p style=\"\">AIRALO<\/p>\n<\/th>\n<th style=\"\" data-direction=\"\" colspan=\"1\" rowspan=\"1\">\n<p style=\"\">JETPAC<\/p>\n<\/th>\n<\/tr>\n<\/thead>\n<tbody>\n<tr>\n<td data-th=\"\" style=\"\">\n<p>FOURNISSEUR<\/p>\n<\/td>\n<td data-th=\"ISTANBUL WELCOME CARD PREMIUM                    \" style=\"\"><span><img decoding=\"async\" alt=\"\" data-id=\"7624\" width=\"164\" data-init-width=\"859\" height=\"57\" data-init-height=\"300\" title=\"holafly-logo (2)\" src=\"https:\/\/lisbontouristinformation.com\/fr\/wp-content\/uploads\/2025\/05\/holafly-logo-2.jpg\" data-width=\"164\" style=\"aspect-ratio: auto 859 \/ 300;\" data-height=\"57\" data-link-wrap=\"true\" loading=\"lazy\"><\/span><\/td>\n<td data-th=\"ISTANBUL WELCOME CARD DELUXE                    \" style=\"\"><span><img decoding=\"async\" alt=\"\" data-id=\"7625\" width=\"164\" data-init-width=\"512\" height=\"164\" data-init-height=\"512\" title=\"esquick esim logo\" src=\"https:\/\/lisbontouristinformation.com\/fr\/wp-content\/uploads\/2025\/05\/esquick-esim-logo.png\" data-width=\"164\" style=\"aspect-ratio: auto 512 \/ 512;\" data-height=\"164\" loading=\"lazy\"><\/span><\/td>\n<td data-th=\"ISTANBUL WELCOME CARD SAVER COMBO                    \" style=\"\"><span><img decoding=\"async\" alt=\"\" data-id=\"7626\" width=\"164\" data-init-width=\"296\" height=\"48\" data-init-height=\"87\" title=\"airalo esim logo\" src=\"https:\/\/lisbontouristinformation.com\/fr\/wp-content\/uploads\/2025\/05\/airalo-esim-logo.jpg\" data-width=\"164\" style=\"aspect-ratio: auto 296 \/ 87;\" data-height=\"48\" loading=\"lazy\"><\/span><\/td>\n<td data-th=\"ISTANBUL WELCOME CARD SAVER COMBO                    \" style=\"\" colspan=\"1\" rowspan=\"1\"><span><img decoding=\"async\" alt=\"\" data-id=\"7627\" width=\"129\" data-init-width=\"384\" height=\"32\" data-init-height=\"94\" title=\"jetpac esim\" src=\"https:\/\/lisbontouristinformation.com\/fr\/wp-content\/uploads\/2025\/05\/jetpac-esim.jpg\" data-width=\"129\" style=\"aspect-ratio: auto 384 \/ 94;\" data-height=\"32\" loading=\"lazy\"><\/span><\/td>\n<\/tr>\n<tr>\n<td data-th=\"\" style=\"\" rowspan=\"1\" colspan=\"1\">\n<p style=\"\">FORFAIT DE DONN\u00c9ES<\/p>\n<\/td>\n<td data-th=\"ISTANBUL WELCOME CARD PREMIUM                    \" style=\"\" rowspan=\"1\" colspan=\"1\">\n<p data-pm-slice=\"1 1 []\" style=\"\">Illimit\u00e9<\/p>\n<\/td>\n<td data-th=\"ISTANBUL WELCOME CARD DELUXE                    \" style=\"\" rowspan=\"1\" colspan=\"1\">\n<p style=\"letter-spacing: 0px;\">1 Go \u2013 20 Go<\/p>\n<\/td>\n<td data-th=\"ISTANBUL WELCOME CARD SAVER COMBO                    \" style=\"\" rowspan=\"1\" colspan=\"1\">\n<p style=\"letter-spacing: 0px;\">1 Go \u2013 20 Go<\/p>\n<\/td>\n<td data-th=\"ISTANBUL WELCOME CARD SAVER COMBO                    \" style=\"\" rowspan=\"1\" colspan=\"1\">\n<p style=\"letter-spacing: 0px;\">1 Go \u2013 40 Go<\/p>\n<\/td>\n<\/tr>\n<tr>\n<td data-th=\"\" style=\"\">\n<p style=\"\">VALIDIT\u00c9<\/p>\n<\/td>\n<td data-th=\"ISTANBUL WELCOME CARD PREMIUM                    \" style=\"\">\n<p style=\"letter-spacing: 0px;\">Nombre de jours au choix<\/p>\n<\/td>\n<td data-th=\"ISTANBUL WELCOME CARD DELUXE                    \" style=\"\">\n<p style=\"letter-spacing: 0px;\">7, 15 ou 30 jours<\/p>\n<\/td>\n<td data-th=\"ISTANBUL WELCOME CARD SAVER COMBO                    \" style=\"\">\n<p style=\"letter-spacing: 0px;\">7, 15 ou 30 jours<\/p>\n<\/td>\n<td data-th=\"ISTANBUL WELCOME CARD SAVER COMBO                    \" style=\"\" colspan=\"1\" rowspan=\"1\">\n<p data-end=\"329\" data-start=\"231\" style=\"\">4, 7 ou 30 jours<\/p>\n<\/td>\n<\/tr>\n<tr>\n<td data-th=\"\" style=\"\" rowspan=\"1\" colspan=\"1\">\n<p style=\"\"><strong data-end=\"352\" data-start=\"331\">COUVERTURE R\u00c9SEAU<\/strong><\/p>\n<\/td>\n<td data-th=\"ISTANBUL WELCOME CARD PREMIUM                    \" style=\"\" rowspan=\"1\" colspan=\"1\">\n<p style=\"letter-spacing: 0px;\">NOS &amp; MEO<\/p>\n<\/td>\n<td data-th=\"ISTANBUL WELCOME CARD DELUXE                    \" style=\"\" rowspan=\"1\" colspan=\"1\">\n<p style=\"letter-spacing: 0px;\">NOS<\/p>\n<\/td>\n<td data-th=\"ISTANBUL WELCOME CARD SAVER COMBO                    \" style=\"\" rowspan=\"1\" colspan=\"1\">\n<p style=\"letter-spacing: 0px;\">NOS<\/p>\n<\/td>\n<td data-th=\"ISTANBUL WELCOME CARD SAVER COMBO                    \" style=\"\" rowspan=\"1\" colspan=\"1\">\n<p data-end=\"397\" data-start=\"331\" style=\"\">Optimus &amp; Vodafone<\/p>\n<\/td>\n<\/tr>\n<tr>\n<td data-th=\"\" style=\"\" rowspan=\"1\" colspan=\"1\">\n<p style=\"\"><strong data-end=\"428\" data-start=\"399\">EXEMPLE DE PRIX + DONN\u00c9ES<\/strong><\/p>\n<\/td>\n<td data-th=\"ISTANBUL WELCOME CARD PREMIUM                    \" style=\"\" rowspan=\"1\" colspan=\"1\">\n<p style=\"letter-spacing: 0px;\">3 jours avec donn\u00e9es illimit\u00e9es : <strong data-end=\"476\" data-start=\"465\">11,90 \u20ac<\/strong><\/p>\n<\/td>\n<td data-th=\"ISTANBUL WELCOME CARD DELUXE                    \" style=\"\" rowspan=\"1\" colspan=\"1\">\n<p style=\"letter-spacing: 0px;\">15 jours avec 2 Go : <strong data-end=\"510\" data-start=\"500\">7,00 \u20ac<\/strong><\/p>\n<\/td>\n<td data-th=\"ISTANBUL WELCOME CARD SAVER COMBO                    \" style=\"\" rowspan=\"1\" colspan=\"1\">\n<p style=\"letter-spacing: 0px;\">15 jours avec 2 Go : <strong data-end=\"510\" data-start=\"500\">7,00 \u20ac<\/strong><\/p>\n<\/td>\n<td data-th=\"ISTANBUL WELCOME CARD SAVER COMBO                    \" style=\"\" rowspan=\"1\" colspan=\"1\">\n<p data-end=\"577\" data-start=\"399\" style=\"\">4 jours avec 1 Go : <strong data-end=\"577\" data-start=\"567\">1,00 \u20ac<\/strong><\/p>\n<\/td>\n<\/tr>\n<tr>\n<td data-th=\"\" style=\"\" rowspan=\"1\" colspan=\"1\">\n<p style=\"\">P\u00c9RIODE DE VALIDIT\u00c9<\/p>\n<\/td>\n<td data-th=\"ISTANBUL WELCOME CARD PREMIUM                    \" style=\"\" rowspan=\"1\" colspan=\"1\">\n<p style=\"letter-spacing: 0px;\">24, 48 &amp; 72 Heures<\/p>\n<\/td>\n<td data-th=\"ISTANBUL WELCOME CARD DELUXE                    \" style=\"\" rowspan=\"1\" colspan=\"1\">\n<p style=\"letter-spacing: 0px;\">72 ou 96 heures<\/p>\n<\/td>\n<td data-th=\"ISTANBUL WELCOME CARD SAVER COMBO                    \" style=\"\" rowspan=\"1\" colspan=\"1\">\n<p style=\"letter-spacing: 0px;\">24, 48 &amp; 72 Heures<\/p>\n<\/td>\n<td data-th=\"ISTANBUL WELCOME CARD SAVER COMBO                    \" style=\"\" rowspan=\"1\" colspan=\"1\">\n<p style=\"letter-spacing: 0px;\">24, 48 &amp; 72 Heures<\/p>\n<\/td>\n<\/tr>\n<tr>\n<td data-th=\"\" style=\"\">\n<p style=\"\"><strong data-end=\"610\" data-start=\"579\">Prix + donn\u00e9es pour 7 jours<\/strong><\/p>\n<\/td>\n<td data-th=\"ISTANBUL WELCOME CARD PREMIUM                    \" style=\"\">\n<p style=\"letter-spacing: 0px;\">26,90 \u20ac : donn\u00e9es illimit\u00e9es<\/p>\n<\/td>\n<td data-th=\"ISTANBUL WELCOME CARD DELUXE                    \" style=\"\">\n<p style=\"letter-spacing: 0px;\">4,50 \u20ac : 1 Go<\/p>\n<\/td>\n<td data-th=\"ISTANBUL WELCOME CARD SAVER COMBO                    \" style=\"\">\n<p style=\"letter-spacing: 0px;\">4,50 \u20ac : 1 Go<\/p>\n<\/td>\n<td data-th=\"ISTANBUL WELCOME CARD SAVER COMBO                    \" style=\"\" colspan=\"1\" rowspan=\"1\">\n<p data-end=\"689\" data-start=\"579\" style=\"\">5,00 \u20ac : 3 Go<\/p>\n<\/td>\n<\/tr>\n<tr>\n<td data-th=\"\" style=\"\" rowspan=\"1\" colspan=\"1\">\n<p style=\"\"><strong data-end=\"610\" data-start=\"579\"><strong data-end=\"705\" data-start=\"691\">ID\u00c9AL POUR<\/strong><\/strong><\/p>\n<\/td>\n<td data-th=\"ISTANBUL WELCOME CARD PREMIUM                    \" style=\"\" rowspan=\"1\" colspan=\"1\">\n<p style=\"letter-spacing: 0px;\">Nomades digitaux, gros consommateurs de donn\u00e9es, voyageurs professionnels<\/p>\n<\/td>\n<td data-th=\"ISTANBUL WELCOME CARD DELUXE                    \" style=\"\" rowspan=\"1\" colspan=\"1\">\n<p style=\"letter-spacing: 0px;\">Voyageurs \u00e0 petit budget recherchant une option fiable et abordable<\/p>\n<\/td>\n<td data-th=\"ISTANBUL WELCOME CARD SAVER COMBO                    \" style=\"\" rowspan=\"1\" colspan=\"1\">\n<p style=\"letter-spacing: 0px;\">Visiteurs de courte dur\u00e9e \u00e0 la recherche de forfaits flexibles<\/p>\n<\/td>\n<td data-th=\"ISTANBUL WELCOME CARD SAVER COMBO                    \" style=\"\" colspan=\"1\" rowspan=\"1\">\n<p data-end=\"992\" data-start=\"691\" style=\"\">Visiteurs de longue dur\u00e9e recherchant des offres \u00e9conomiques et flexibles<\/p>\n<\/td>\n<\/tr>\n<tr>\n<td data-th=\"\" style=\"\" rowspan=\"1\" colspan=\"1\">Cell<\/td>\n<td data-th=\"ISTANBUL WELCOME CARD PREMIUM                    \" style=\"\" rowspan=\"1\" colspan=\"1\"><\/td>\n<td data-th=\"ISTANBUL WELCOME CARD DELUXE                    \" style=\"\" rowspan=\"1\" colspan=\"1\"><\/td>\n<td data-th=\"ISTANBUL WELCOME CARD SAVER COMBO                    \" style=\"\" rowspan=\"1\" colspan=\"1\"><\/td>\n<td data-th=\"ISTANBUL WELCOME CARD SAVER COMBO                    \" style=\"\" rowspan=\"1\" colspan=\"1\"><\/td>\n<\/tr>\n<\/tbody>\n<\/table>\n<h2 data-end=\"57\" data-start=\"0\" id=\"t-1746693343881\"><strong data-end=\"57\" data-start=\"0\">D\u00e9tails des options eSIM disponibles pour le Portugal<\/strong><\/h2>\n<h3 data-end=\"78\" data-start=\"64\"><strong data-end=\"78\" data-start=\"64\">1. Holafly<\/strong><\/h3>\n<p><span><img decoding=\"async\" alt=\"\" data-id=\"7624\" width=\"300\" data-init-width=\"859\" height=\"105\" data-init-height=\"300\" title=\"holafly-logo (2)\" src=\"https:\/\/lisbontouristinformation.com\/fr\/wp-content\/uploads\/2025\/05\/holafly-logo-2.jpg\" data-width=\"300\" data-height=\"105\" style=\"aspect-ratio: auto 859 \/ 300;\" loading=\"lazy\"><\/span><\/p>\n<p data-end=\"406\" data-start=\"80\">Holafly propose des eSIM uniquement data pour le Portugal ainsi que dans plus de 160 pays dans le monde. Contrairement \u00e0 d&rsquo;autres fournisseurs, Holafly se distingue par ses <strong data-end=\"275\" data-start=\"253\">donn\u00e9es illimit\u00e9es<\/strong>, ce qui en fait une excellente option pour les voyageurs ayant besoin d&rsquo;une connexion rapide et continue pendant tout leur s\u00e9jour.<\/p>\n<ul>\n<li data-end=\"445\" data-start=\"410\"><strong data-end=\"430\" data-start=\"410\">Donn\u00e9es incluses<\/strong> : Illimit\u00e9es<\/li>\n<li data-end=\"490\" data-start=\"448\"><strong data-end=\"460\" data-start=\"448\">Validit\u00e9<\/strong> : Plusieurs dur\u00e9es au choix<\/li>\n<li data-end=\"528\" data-start=\"493\"><strong data-end=\"514\" data-start=\"493\">Couverture r\u00e9seau<\/strong> : NOS &amp; MEO<\/li>\n<li data-end=\"622\" data-start=\"531\"><strong data-end=\"545\" data-start=\"531\">Id\u00e9al pour<\/strong> : Nomades digitaux, gros utilisateurs de donn\u00e9es, voyageurs professionnels<\/li>\n<\/ul>\n<p data-end=\"661\" data-start=\"624\"><strong data-end=\"659\" data-start=\"624\">Fonctionnalit\u00e9s suppl\u00e9mentaires<\/strong> :<\/p>\n<ul data-end=\"777\" data-start=\"662\">\n<li data-end=\"698\" data-start=\"662\">Livraison instantan\u00e9e par e-mail<\/li>\n<li data-end=\"735\" data-start=\"699\">Activation imm\u00e9diate apr\u00e8s achat<\/li>\n<li data-end=\"777\" data-start=\"736\">Prise en charge des r\u00e9seaux 3G\/4G\/LTE<\/li>\n<\/ul>\n<p data-end=\"829\" data-start=\"779\"><strong data-end=\"825\" data-start=\"779\">Meilleures offres Holafly pour le Portugal<\/strong> :<\/p>\n<ul data-end=\"1012\" data-start=\"830\">\n<li data-end=\"875\" data-start=\"830\"><a href=\"https:\/\/holafly.sjv.io\/LisbonTiFr\" target=\"_blank\" rel=\"nofollow noopener\">3 jours, donn\u00e9es illimit\u00e9es : <strong data-end=\"873\" data-start=\"862\">11,90 \u20ac<\/strong><\/a><\/li>\n<li data-end=\"921\" data-start=\"876\"><a href=\"https:\/\/holafly.sjv.io\/LisbonTiFr\" target=\"_blank\" rel=\"nofollow noopener\">5 jours, donn\u00e9es illimit\u00e9es : <strong data-end=\"919\" data-start=\"908\">18,90 \u20ac<\/strong><\/a><\/li>\n<li data-end=\"967\" data-start=\"922\"><a href=\"https:\/\/holafly.sjv.io\/LisbonTiFr\" target=\"_blank\" rel=\"nofollow noopener\">7 jours, donn\u00e9es illimit\u00e9es : <strong data-end=\"965\" data-start=\"954\">26,90 \u20ac<\/strong><\/a><\/li>\n<li data-end=\"1012\" data-start=\"968\"><a href=\"https:\/\/holafly.sjv.io\/LisbonTiFr\" target=\"_blank\" rel=\"nofollow noopener\" style=\"outline: none;\">15 jours, donn\u00e9es illimit\u00e9es : <strong data-end=\"1012\" data-start=\"1001\">46,90 \u20ac<\/strong><\/a><\/li>\n<\/ul>\n<p><strong>Cliquez sur le bouton ci-dessous pour b\u00e9n\u00e9ficier d&rsquo;une r\u00e9duction de 5% :<\/strong><\/p>\n<h3 data-end=\"1142\" data-start=\"1129\"><strong data-end=\"1142\" data-start=\"1129\">2. Esquik<\/strong><\/h3>\n<p><span><img decoding=\"async\" alt=\"\" data-id=\"7625\" width=\"300\" data-init-width=\"512\" height=\"300\" data-init-height=\"512\" title=\"esquick esim logo\" src=\"https:\/\/lisbontouristinformation.com\/fr\/wp-content\/uploads\/2025\/05\/esquick-esim-logo.png\" data-width=\"300\" data-height=\"300\" style=\"aspect-ratio: auto 512 \/ 512;\" loading=\"lazy\"><\/span><\/p>\n<p data-end=\"1481\" data-start=\"1144\">Esquik est un fournisseur eSIM fiable offrant des forfaits data \u00e9conomiques pour les voyageurs au Portugal. Similaire \u00e0 Airalo, mais \u00e0 un prix plus bas, Esquik est id\u00e9al pour ceux qui souhaitent faire des \u00e9conomies. Il utilise le r\u00e9seau <strong data-end=\"1388\" data-start=\"1381\">NOS<\/strong>, l\u2019un des plus performants au Portugal, assurant une connexion stable durant tout le s\u00e9jour.<\/p>\n<ul data-end=\"1700\" data-start=\"1483\">\n<li data-end=\"1525\" data-start=\"1483\"><strong data-end=\"1505\" data-start=\"1485\">Donn\u00e9es incluses<\/strong> : De 1 Go \u00e0 30 Go<\/li>\n<li data-end=\"1562\" data-start=\"1526\"><strong data-end=\"1540\" data-start=\"1528\">Validit\u00e9<\/strong> : 7, 15 ou 30 jours<\/li>\n<li data-end=\"1594\" data-start=\"1563\"><strong data-end=\"1586\" data-start=\"1565\">Couverture r\u00e9seau<\/strong> : NOS<\/li>\n<li data-end=\"1700\" data-start=\"1595\"><strong data-end=\"1611\" data-start=\"1597\">Id\u00e9al pour<\/strong> : Voyageurs \u00e0 budget limit\u00e9 recherchant un forfait uniquement data fiable et abordable<\/li>\n<\/ul>\n<p data-end=\"1741\" data-start=\"1702\"><strong data-end=\"1737\" data-start=\"1702\">Fonctionnalit\u00e9s suppl\u00e9mentaires<\/strong> :<\/p>\n<ul data-end=\"1840\" data-start=\"1742\">\n<li data-end=\"1769\" data-start=\"1742\">Forfait uniquement data<\/li>\n<li data-end=\"1809\" data-start=\"1770\">Prise en charge des r\u00e9seaux 5G \/ 4G<\/li>\n<li data-end=\"1840\" data-start=\"1810\">Recharge possible en ligne<\/li>\n<\/ul>\n<p data-end=\"1891\" data-start=\"1842\"><strong data-end=\"1887\" data-start=\"1842\">Meilleures offres Esquik pour le Portugal<\/strong> :<\/p>\n<ul>\n<li data-end=\"1922\" data-start=\"1894\"><a href=\"https:\/\/www.esquik.com\/esim-portugal?ref=3\" target=\"_blank\" rel=\"nofollow noopener\">7 jours, 1 Go : <strong data-end=\"1920\" data-start=\"1910\">4,28 \u20ac<\/strong><\/a><\/li>\n<li data-end=\"1954\" data-start=\"1925\"><a href=\"https:\/\/www.esquik.com\/esim-portugal?ref=3\" target=\"_blank\" rel=\"nofollow noopener\">15 jours, 2 Go : <strong data-end=\"1952\" data-start=\"1942\">6,65 \u20ac<\/strong><\/a><\/li>\n<li data-end=\"1988\" data-start=\"1957\"><a href=\"https:\/\/www.esquik.com\/esim-portugal?ref=3\" target=\"_blank\" rel=\"nofollow noopener\">30 jours, 10 Go : <strong data-end=\"1986\" data-start=\"1975\">16,15 \u20ac<\/strong><\/a><\/li>\n<li data-end=\"2020\" data-start=\"1991\"><a href=\"https:\/\/www.esquik.com\/esim-portugal?ref=3\" target=\"_blank\" rel=\"nofollow noopener\" style=\"outline: none;\">30 jours, 20 Go : <strong data-end=\"2020\" data-start=\"2009\">30,40 \u20ac<\/strong><\/a><\/li>\n<\/ul>\n","protected":false},"excerpt":{"rendered":"<p>Vous souhaitez visiter le Portugal mais vous n&rsquo;\u00eates pas s\u00fbr d&rsquo;avoir besoin d&rsquo;une carte SIM portugaise ?&nbsp;Alors vous \u00eates au bon endroit ! Cet article vous fournira toutes les informations essentielles sur les meilleures offres d\u2019eSIM pour le Portugal ainsi que sur les cartes SIM pour les touristes. Nous verrons si vous avez r\u00e9ellement besoin [&hellip;]<\/p>\n","protected":false},"author":18,"featured_media":7413,"parent":0,"menu_order":0,"comment_status":"closed","ping_status":"closed","template":"","meta":{"footnotes":""},"tags":[],"class_list":["post-7412","page","type-page","status-publish","has-post-thumbnail","hentry","post-wrapper","thrv_wrapper"],"_links":{"self":[{"href":"https:\/\/lisbontouristinformation.com\/fr\/wp-json\/wp\/v2\/pages\/7412","targetHints":{"allow":["GET"]}}],"collection":[{"href":"https:\/\/lisbontouristinformation.com\/fr\/wp-json\/wp\/v2\/pages"}],"about":[{"href":"https:\/\/lisbontouristinformation.com\/fr\/wp-json\/wp\/v2\/types\/page"}],"author":[{"embeddable":true,"href":"https:\/\/lisbontouristinformation.com\/fr\/wp-json\/wp\/v2\/users\/18"}],"replies":[{"embeddable":true,"href":"https:\/\/lisbontouristinformation.com\/fr\/wp-json\/wp\/v2\/comments?post=7412"}],"version-history":[{"count":0,"href":"https:\/\/lisbontouristinformation.com\/fr\/wp-json\/wp\/v2\/pages\/7412\/revisions"}],"wp:featuredmedia":[{"embeddable":true,"href":"https:\/\/lisbontouristinformation.com\/fr\/wp-json\/wp\/v2\/media\/7413"}],"wp:attachment":[{"href":"https:\/\/lisbontouristinformation.com\/fr\/wp-json\/wp\/v2\/media?parent=7412"}],"wp:term":[{"taxonomy":"post_tag","embeddable":true,"href":"https:\/\/lisbontouristinformation.com\/fr\/wp-json\/wp\/v2\/tags?post=7412"}],"curies":[{"name":"wp","href":"https:\/\/api.w.org\/{rel}","templated":true}]}}