{"id":6199,"date":"2022-06-08T13:51:05","date_gmt":"2022-06-08T12:51:05","guid":{"rendered":"https:\/\/lisbontouristinformation.com\/fr\/plan-your-travel-to-lisbon\/clone-of-3-ways-to-travel-easily-from-lisbon-to-cascais\/"},"modified":"2024-03-18T15:02:59","modified_gmt":"2024-03-18T15:02:59","slug":"voyager-de-lisbonne-a-porto","status":"publish","type":"page","link":"https:\/\/lisbontouristinformation.com\/fr\/organiser-votre-voyage-a-lisbonne\/voyager-de-lisbonne-a-porto\/","title":{"rendered":"4 Moyens de Voyager de Lisbonne \u00e0 Porto facilement"},"content":{"rendered":"<h3 data-hide=\"true\" id=\"t-1654764866215\" style=\"\">Porto, la deuxi\u00e8me plus grande ville du Portugal, est situ\u00e9e sur les rives du fleuve Douro, \u00e0 environ 310 kilom\u00e8tres de Lisbonne.<\/h3>\n<p style=\"\">Mondialement connue pour son <strong>porto<\/strong>, la ville c\u00f4ti\u00e8re attire les visiteurs avec&nbsp;<strong>des sites class\u00e9s au patrimoine mondial<\/strong>&nbsp;de l&rsquo;UNESCO,&nbsp;<strong>une architecture m\u00e9di\u00e9vale<\/strong> et une <a href=\"https:\/\/lisbontouristinformation.com\/fr\/guide-lifestyle-a-lisbonne\/restaurants-a-lisbonne\/cuisine-portugaise\/\" style=\"outline: none;\"><strong>sc\u00e8ne gastronomique \u00e9pique<\/strong><\/a>.<\/p>\n<p style=\"\">Si vous souhaitez combiner votre escapade citadine \u00e0 Lisbonne avec un voyage dans la charmante ville de Porto, nous avons ce qu&rsquo;il vous faut!<\/p>\n<p style=\"\">Lisez ici comment voyager facilement de Lisbonne \u00e0 Porto.<\/p>\n<h2 id=\"t-1654764866216\" data-alt-text=\"1. By Train\" style=\"\">1. De Lisbonne \u00e0 Porto en train<\/h2>\n<p><span><img decoding=\"async\" loading=\"lazy\" alt=\"\" data-id=\"6363\" width=\"702\" data-init-width=\"1000\" height=\"437\" data-init-height=\"623\" title=\"Voyage en gare de Lisbonne \u00e0 Porto au Portugal\" src=\"https:\/\/lisbontouristinformation.com\/fr\/wp-content\/uploads\/2022\/06\/Train-Station-Travel-from-Lisbon-to-Porto-in-Portugal.jpg\" data-width=\"702\" data-height=\"437\"><\/span><\/p>\n<p>Le train est le moyen le plus populaire pour voyager de Lisbonne \u00e0 Porto. Plusieurs trains directs circulent r\u00e9guli\u00e8rement. L&rsquo;option la plus rapide est le <b>train express Alfa Pendular (AP)<\/b>, qui arrive \u00e0 Porto apr\u00e8s environ 3 heures.&nbsp;Les <b>Intercidades<\/b>  (train interurbain)  sont une option un peu moins ch\u00e8re, mais le trajet prend plus de temps (environ 3h 30 m).<\/p>\n<p>Les trains partent de la gare d&rsquo;Oriente (pr\u00e8s de l&rsquo;a\u00e9roport de Lisbonne) et de la gare de Santa Apol\u00f3nia (dans le <a href=\"https:\/\/lisbontouristinformation.com\/fr\/organiser-votre-voyage-a-lisbonne\/meilleurs-quartiers-de-lisbonne\/quartier-alfama\/\" style=\"outline: none;\">quartier d&rsquo;Alfama<\/a> ). Les billets aller simple co\u00fbtent entre 25 et 45 euros, selon le type de train, et peuvent \u00eatre achet\u00e9s \u00e0 la billetterie de la gare ou en ligne sur le <a href=\"https:\/\/www.cp.pt\/passageiros\/en\" target=\"_blank\" style=\"outline: none;\" rel=\"noopener\">site officiel du CP<\/a>.<\/p>\n<p><strong>\u00c0 Porto<\/strong>, vous arriverez \u00e0 la gare de Campanh\u00e3 et de l\u00e0, vous prendrez un autre train qui vous conduira \u00e0 la gare de S\u00e3o Bento au centre de Porto.&nbsp;Ce trajet est inclus dans le prix du billet.<\/p>\n<ul>\n<li>Consultez <a href=\"https:\/\/www.cp.pt\/passageiros\/en\" target=\"_blank\" style=\"outline: none;\" rel=\"noopener\">ici<\/a>&nbsp;les horaires, la dur\u00e9e et les prix des billets pour Porto.&nbsp;Entrez simplement Lisboa &#8211; Oriente ou Lisboa &nbsp;&#8211;&nbsp; <em>Santa Apol\u00f3nia<\/em> et Porto, et choisissez la date de votre voyage.&nbsp;<\/li>\n<li>Vous pourriez \u00e9galement \u00eatre int\u00e9ress\u00e9 par notre <a href=\"https:\/\/lisbontouristinformation.com\/fr\/arrivee\/gares-de-train-a-lisbonne\/\" style=\"outline: none;\">Guide complet des gares de Lisbonne<\/a>.<\/li>\n<\/ul>\n<h2 id=\"t-1654764866217\" data-alt-text=\"2. By Bus\" style=\"\">2. De Lisbonne \u00e0 Porto en bus<\/h2>\n<p><span><img decoding=\"async\" loading=\"lazy\" alt=\"\" data-id=\"6353\" width=\"702\" data-init-width=\"1000\" height=\"526\" data-init-height=\"750\" title=\"Bus - Moyens de transport de Lisbonne \u00e0 Cascais au Portugal\" src=\"https:\/\/lisbontouristinformation.com\/fr\/wp-content\/uploads\/2022\/06\/Ways-to-Travel-from-Lisbon-to-Cascais-in-portugal.jpg\" data-width=\"702\" data-height=\"526\"><\/span><\/p>\n<p>Une alternative est de prendre un bus longue distance jusqu&rsquo;\u00e0 Porto. Cette option est moins ch\u00e8re que le train, mais aussi plus lente. Le service de bus longue distance est exploit\u00e9 par la principale compagnie de bus interurbaine du Portugal <b>Rede Expressos \/ Renex<\/b>.&nbsp;Il existe un certain nombre de services de bus directs tout au long de la journ\u00e9e. Le trajet dure environ 3 heures et 30 minutes.<\/p>\n<p>Vous pouvez prendre le bus \u00e0 la gare routi\u00e8re de <b>Sete Rios,<\/b> dans le nord de Lisbonne, pr\u00e8s du zoo de Lisbonne, qui se connecte \u00e0 la ligne de m\u00e9tro bleue, ou \u00e0 la station Oriente, qui se connecte \u00e0 la ligne de m\u00e9tro rouge. Le billet aller simple co\u00fbte environ 20 euros et peut \u00eatre achet\u00e9 jusqu&rsquo;\u00e0 30 jours \u00e0 l&rsquo;avance.<\/p>\n<p style=\"\"><strong>\u00c0 <\/strong><strong>Porto<\/strong>, les bus arrivent au Terminal Rodoviario sur le Campo 24 de Agosto, au nord-est du centre historique.<\/p>\n<ul>\n<li>Consultez les horaires et les tarifs <a href=\"https:\/\/rede-expressos.pt\/en\" target=\"_blank\" style=\"outline: none;\" rel=\"noopener\">ici<\/a>.<\/li>\n<\/ul>\n<h2 id=\"t-1654764866218\" data-alt-text=\"3. By Plane\" style=\"\">3. De Lisbonne \u00e0 Porto en avion<\/h2>\n<p><span><img decoding=\"async\" loading=\"lazy\" alt=\"\" data-id=\"5903\" width=\"702\" data-init-width=\"1200\" height=\"368\" data-init-height=\"630\" title=\"Guide de l'a\u00e9roport de Lisbonne Humberto Delgado au Portugal\" src=\"https:\/\/lisbontouristinformation.com\/fr\/wp-content\/uploads\/2022\/05\/Guide-to-the-Lisbon-Humberto-Delgado-Airport-in-Portugal.jpg\" data-width=\"702\" data-height=\"368\"><\/span><\/p>\n<p>L&rsquo;avion est une autre fa\u00e7on de voyager confortablement de Lisbonne \u00e0 Porto. Le temps de vol n&rsquo;est <strong>que de 55 minutes<\/strong>, mais gardez \u00e0 l&rsquo;esprit que vous devez \u00eatre \u00e0 l&rsquo;a\u00e9roport au moins une heure avant votre vol.&nbsp;Les vols sont op\u00e9r\u00e9s par la compagnie a\u00e9rienne nationale <em>TAP Portugal<\/em> et la compagnie low-cost <em>Ryanair<\/em>.&nbsp;Avec un peu de chance, vous pourrez prendre des vols entre 20 et 50 euros.<\/p>\n<p style=\"\">L&rsquo;a\u00e9roport de Lisbonne est id\u00e9alement situ\u00e9 \u00e0 seulement 7 kilom\u00e8tres au nord-est du centre-ville. Gr\u00e2ce \u00e0 sa proximit\u00e9 et son acc\u00e8s facile par la ligne rouge du m\u00e9tro, l&rsquo;a\u00e9roport est facile d&rsquo;acc\u00e8s. L&rsquo;a\u00e9roport de Porto est \u00e0 environ 12 kilom\u00e8tres du centre de Porto.<\/p>\n<ul>\n<li>Pour plus de d\u00e9tails et de conseils, lisez notre <a href=\"https:\/\/lisbontouristinformation.com\/fr\/arrivee\/guide-aeroport-humberto-delgado-a-lisbonne\/\" style=\"outline: none;\">guide complet de l&rsquo;a\u00e9roport de Lisbonne<\/a>.<\/li>\n<\/ul>\n<h2 id=\"t-1654764866219\" data-alt-text=\"4. By Car\" style=\"\">4. De Lisbonne \u00e0 Porto en voiture<\/h2>\n<p>Si vous d\u00e9cidez de vous rendre \u00e0 Porto en voiture, comptez environ <strong>3 heures de trajet sur l&rsquo;autoroute A1. <\/strong>En raison du <strong>co\u00fbt \u00e9lev\u00e9 du p\u00e9age<\/strong> de plus de 20 euros, il n&rsquo;est pas tr\u00e8s conseill\u00e9 de voyager de cette fa\u00e7on. De plus, la circulation et le stationnement peuvent \u00eatre assez difficiles dans les deux villes.<\/p>\n<p>Quelle que soit la mani\u00e8re dont vous choisissez de voyager, nous vous souhaitons un excellent s\u00e9jour \u00e0 Lisbonne et \u00e0 Porto. Si d&rsquo;autres destinations proches de Lisbonne vous int\u00e9ressent, consultez notre <a href=\"https:\/\/lisbontouristinformation.com\/fr\/organiser-votre-voyage-a-lisbonne\/guide-de-sintra-a-lisbonne\/\" style=\"outline: none;\">Guide de Sintra<\/a> ainsi que notre article : \u00ab <a href=\"https:\/\/lisbontouristinformation.com\/fr\/organiser-votre-voyage-a-lisbonne\/voyager-de-lisbonne-a-cascais\/\" style=\"outline: none;\">4 fa\u00e7ons de voyager facilement de Lisbonne \u00e0 Cascais<\/a> \u00bb.<\/p>\n<h3 style=\"\">Articles Li\u00e9s:<\/h3>\n<p><a href=\"https:\/\/lisbontouristinformation.com\/fr\/organiser-votre-voyage-a-lisbonne\/voyager-de-lisbonne-a-cascais\/\" dynamic-postlink=\"tcb_post_the_permalink\" data-shortcode-id=\"6193\"><\/a><\/p>\n<h3 style=\"text-align: center; padding-top: 0px !important; margin-top: 0px !important;\"><span data-attr-link=\"1\" data-attr-rel=\"0\" data-attr-target=\"0\" data-extra_key=\"\" data-option-inline=\"1\" data-shortcode=\"tcb_post_title\" data-shortcode-name=\"Post title\" data-attr-css=\"\" data-attr-static-link=\"{&quot;className&quot;:&quot;tve-froala fr-basic&quot;,&quot;href&quot;:&quot;https:\/\/lisbontouristinformation.com\/fr\/organiser-votre-voyage-a-lisbonne\/voyager-de-lisbonne-a-cascais\/&quot;,&quot;title&quot;:&quot;4 Moyens de Voyager de Lisbonne \u00e0 Cascais facilement&quot;,&quot;class&quot;:&quot;tve-froala fr-basic&quot;}\" style=\"\"><a href=\"https:\/\/lisbontouristinformation.com\/fr\/organiser-votre-voyage-a-lisbonne\/voyager-de-lisbonne-a-cascais\/\" title=\"4 Moyens de Voyager de Lisbonne \u00e0 Cascais facilement\" data-css=\"\">4 Moyens de Voyager de Lisbonne \u00e0 Cascais facilement<\/a><\/span><\/h3>\n<p><a href=\"https:\/\/lisbontouristinformation.com\/fr\/organiser-votre-voyage-a-lisbonne\/voyager-de-lisbonne-a-cascais\/\" style=\"\"><span style=\"\"><span style=\"\">Lire la suite<\/span><\/span><\/a><a href=\"https:\/\/lisbontouristinformation.com\/fr\/choses-a-faire-a-lisbonne\/\" dynamic-postlink=\"tcb_post_the_permalink\" data-shortcode-id=\"6193\"><\/a><\/p>\n<h3 style=\"text-align: center; padding-top: 0px !important; margin-top: 0px !important;\"><span data-attr-link=\"1\" data-attr-rel=\"0\" data-attr-target=\"0\" data-extra_key=\"\" data-option-inline=\"1\" data-shortcode=\"tcb_post_title\" data-shortcode-name=\"Post title\" data-attr-css=\"\" data-attr-static-link=\"{&quot;className&quot;:&quot;tve-froala fr-basic&quot;,&quot;href&quot;:&quot;https:\/\/lisbontouristinformation.com\/fr\/organiser-votre-voyage-a-lisbonne\/voyager-de-lisbonne-a-cascais\/&quot;,&quot;title&quot;:&quot;4 Moyens de Voyager de Lisbonne \u00e0 Cascais facilement&quot;,&quot;class&quot;:&quot;tve-froala fr-basic&quot;}\" style=\"\"><a href=\"https:\/\/lisbontouristinformation.com\/fr\/choses-a-faire-a-lisbonne\/\" title=\"50 Choses \u00e0 Faire \u00e0 Lisbonne\" data-css=\"\">50 Choses \u00e0 Faire \u00e0 Lisbonne<\/a><\/span><\/h3>\n<p><a href=\"https:\/\/lisbontouristinformation.com\/fr\/choses-a-faire-a-lisbonne\/\" style=\"\"><span style=\"\"><span style=\"\">Lire la suite<\/span><\/span><\/a><a href=\"https:\/\/lisbontouristinformation.com\/fr\/organiser-votre-voyage-a-lisbonne\/guide-de-sintra-a-lisbonne\/\" dynamic-postlink=\"tcb_post_the_permalink\" data-shortcode-id=\"6193\"><\/a><\/p>\n<h3 style=\"text-align: center; padding-top: 0px !important; margin-top: 0px !important;\"><span data-attr-link=\"1\" data-attr-rel=\"0\" data-attr-target=\"0\" data-extra_key=\"\" data-option-inline=\"1\" data-shortcode=\"tcb_post_title\" data-shortcode-name=\"Post title\" data-attr-css=\"\" data-attr-static-link=\"{&quot;className&quot;:&quot;tve-froala fr-basic&quot;,&quot;href&quot;:&quot;https:\/\/lisbontouristinformation.com\/fr\/organiser-votre-voyage-a-lisbonne\/voyager-de-lisbonne-a-cascais\/&quot;,&quot;title&quot;:&quot;4 Moyens de Voyager de Lisbonne \u00e0 Cascais facilement&quot;,&quot;class&quot;:&quot;tve-froala fr-basic&quot;}\" style=\"\"><a href=\"https:\/\/lisbontouristinformation.com\/fr\/organiser-votre-voyage-a-lisbonne\/guide-de-sintra-a-lisbonne\/\" title=\"Guide de Sintra \u00e0 Lisbonne: Comment y aller? Quoi voir?\" data-css=\"\">Guide de Sintra \u00e0 Lisbonne: Comment y aller? Quoi voir?<\/a><\/span><\/h3>\n<p><a href=\"https:\/\/lisbontouristinformation.com\/fr\/organiser-votre-voyage-a-lisbonne\/guide-de-sintra-a-lisbonne\/\" style=\"\"><span style=\"\"><span style=\"\">Lire la suite<\/span><\/span><\/a><a href=\"https:\/\/lisbontouristinformation.com\/fr\/organiser-votre-voyage-a-lisbonne\/meilleurs-quartiers-de-lisbonne\/quartier-alfama\/\" dynamic-postlink=\"tcb_post_the_permalink\" data-shortcode-id=\"6193\"><\/a><\/p>\n<h3 style=\"text-align: center; padding-top: 0px !important; margin-top: 0px !important;\"><span data-attr-link=\"1\" data-attr-rel=\"0\" data-attr-target=\"0\" data-extra_key=\"\" data-option-inline=\"1\" data-shortcode=\"tcb_post_title\" data-shortcode-name=\"Post title\" data-attr-css=\"\" data-attr-static-link=\"{&quot;className&quot;:&quot;tve-froala fr-basic&quot;,&quot;href&quot;:&quot;https:\/\/lisbontouristinformation.com\/fr\/organiser-votre-voyage-a-lisbonne\/voyager-de-lisbonne-a-cascais\/&quot;,&quot;title&quot;:&quot;4 Moyens de Voyager de Lisbonne \u00e0 Cascais facilement&quot;,&quot;class&quot;:&quot;tve-froala fr-basic&quot;}\" style=\"\"><a href=\"https:\/\/lisbontouristinformation.com\/fr\/organiser-votre-voyage-a-lisbonne\/meilleurs-quartiers-de-lisbonne\/quartier-alfama\/\" title=\"Guide du Quartier Alfama \u00e0 Lisbonne : Meilleures Choses \u00e0 y Faire\" data-css=\"\">Guide du Quartier Alfama \u00e0 Lisbonne : Meilleures Choses \u00e0 y Faire<\/a><\/span><\/h3>\n<p><a href=\"https:\/\/lisbontouristinformation.com\/fr\/organiser-votre-voyage-a-lisbonne\/meilleurs-quartiers-de-lisbonne\/quartier-alfama\/\" style=\"\"><span style=\"\"><span style=\"\">Lire la suite<\/span><\/span><\/a><\/p>\n","protected":false},"excerpt":{"rendered":"<p>Porto, la deuxi\u00e8me plus grande ville du Portugal, est situ\u00e9e sur les rives du fleuve Douro, \u00e0 environ 310 kilom\u00e8tres de Lisbonne. Mondialement connue pour son porto, la ville c\u00f4ti\u00e8re attire les visiteurs avec&nbsp;des sites class\u00e9s au patrimoine mondial&nbsp;de l&rsquo;UNESCO,&nbsp;une architecture m\u00e9di\u00e9vale et une sc\u00e8ne gastronomique \u00e9pique. Si vous souhaitez combiner votre escapade citadine \u00e0 [&hellip;]<\/p>\n","protected":false},"author":18,"featured_media":6202,"parent":71,"menu_order":0,"comment_status":"closed","ping_status":"closed","template":"","meta":{"footnotes":""},"tags":[],"class_list":["post-6199","page","type-page","status-publish","has-post-thumbnail","hentry","post-wrapper","thrv_wrapper"],"_links":{"self":[{"href":"https:\/\/lisbontouristinformation.com\/fr\/wp-json\/wp\/v2\/pages\/6199","targetHints":{"allow":["GET"]}}],"collection":[{"href":"https:\/\/lisbontouristinformation.com\/fr\/wp-json\/wp\/v2\/pages"}],"about":[{"href":"https:\/\/lisbontouristinformation.com\/fr\/wp-json\/wp\/v2\/types\/page"}],"author":[{"embeddable":true,"href":"https:\/\/lisbontouristinformation.com\/fr\/wp-json\/wp\/v2\/users\/18"}],"replies":[{"embeddable":true,"href":"https:\/\/lisbontouristinformation.com\/fr\/wp-json\/wp\/v2\/comments?post=6199"}],"version-history":[{"count":0,"href":"https:\/\/lisbontouristinformation.com\/fr\/wp-json\/wp\/v2\/pages\/6199\/revisions"}],"up":[{"embeddable":true,"href":"https:\/\/lisbontouristinformation.com\/fr\/wp-json\/wp\/v2\/pages\/71"}],"wp:featuredmedia":[{"embeddable":true,"href":"https:\/\/lisbontouristinformation.com\/fr\/wp-json\/wp\/v2\/media\/6202"}],"wp:attachment":[{"href":"https:\/\/lisbontouristinformation.com\/fr\/wp-json\/wp\/v2\/media?parent=6199"}],"wp:term":[{"taxonomy":"post_tag","embeddable":true,"href":"https:\/\/lisbontouristinformation.com\/fr\/wp-json\/wp\/v2\/tags?post=6199"}],"curies":[{"name":"wp","href":"https:\/\/api.w.org\/{rel}","templated":true}]}}