{"id":6193,"date":"2022-06-08T13:46:52","date_gmt":"2022-06-08T12:46:52","guid":{"rendered":"https:\/\/lisbontouristinformation.com\/fr\/?page_id=6193"},"modified":"2024-03-18T15:02:50","modified_gmt":"2024-03-18T15:02:50","slug":"voyager-de-lisbonne-a-cascais","status":"publish","type":"page","link":"https:\/\/lisbontouristinformation.com\/fr\/organiser-votre-voyage-a-lisbonne\/voyager-de-lisbonne-a-cascais\/","title":{"rendered":"4 Moyens de Voyager de Lisbonne \u00e0 Cascais facilement"},"content":{"rendered":"<p style=\"\">Le pittoresque village c\u00f4tier de Cascais est situ\u00e9 \u00e0 25 kilom\u00e8tres \u00e0 l&rsquo;ouest de Lisbonne sur l&rsquo;oc\u00e9an Atlantique.<\/p>\n<p style=\"\">L&rsquo;ancienne escapade estivale de la noblesse portugaise est aujourd&rsquo;hui une <b>station baln\u00e9aire haut de gamme<\/b> qui impressionne les habitants et les visiteurs avec des villas imposantes, <a href=\"https:\/\/lisbontouristinformation.com\/fr\/guide-lifestyle-a-lisbonne\/shopping-a-lisbonne\/rues-commercantes-de-lisbonne\/\" style=\"outline: none;\">des boutiques de premi\u00e8re classe<\/a>, mais surtout&nbsp;<b>avec ses plages et ses baies parfaites<\/b>.<\/p>\n<p style=\"\">Sur cette page, nous vous r\u00e9v\u00e9lons les 4 fa\u00e7ons les plus simples de voyager de Lisbonne \u00e0 Cascais.<\/p>\n<p style=\"\">Plongeons-nous!<\/p>\n<h2 id=\"t-1654696619595\" data-alt-text=\"1. By Train\" style=\"\">1. De Lisbonne \u00e0 Cascais en train<\/h2>\n<p style=\"\">Le train est le moyen le plus simple de voyager de Lisbonne \u00e0 Cascais. Dirigez-vous vers la <a href=\"https:\/\/lisbontouristinformation.com\/fr\/arrivee\/gares-de-train-a-lisbonne\/\" style=\"outline: none;\"><strong>gare c\u00f4ti\u00e8re, Cais do Sodr\u00e9<\/strong><\/a>,<strong>&nbsp;<\/strong>et prenez le train de banlieue&nbsp;<strong>\u00ab\u00a0Linha de Cascais\u00a0\u00bb<\/strong> qui m\u00e8ne \u00e0 Cascais. La ligne comprend 17 arr\u00eats, dont plus de 10 vous d\u00e9posent sur diff\u00e9rentes plages en cours de route. Cependant, pour rejoindre la station baln\u00e9aire populaire de Cascais, descendez au dernier arr\u00eat, la gare de Cascais.<\/p>\n<p style=\"\">Les trains partent toutes les 10-20 minutes. Le billet de train, qui peut \u00eatre achet\u00e9 pour un trajet simple ou sur la carte pr\u00e9pay\u00e9e Viva Viagem, ne co\u00fbte que quelques euros. Le trajet dure 33 \u00e0 40 minutes et vous r\u00e9compense avec les plus belles vues de la c\u00f4te.<\/p>\n<p><span><img decoding=\"async\" loading=\"lazy\" alt=\"\" data-id=\"6358\" width=\"702\" data-init-width=\"1000\" height=\"395\" data-init-height=\"563\" title=\"Gare Cais do Sodr\u00e9 Lisbonne \u00e0 Cascais au Portugal\" src=\"https:\/\/lisbontouristinformation.com\/fr\/wp-content\/uploads\/2022\/06\/Train-Station-Cais-do-Sodre-Lisbon-to-Cascais-in-Portugal.jpg\" data-width=\"702\" data-height=\"395\"><\/span><\/p>\n<p style=\"\"><strong>Conseil du voyageur :<\/strong> Les trajets en train vers Cascais sont gratuits avec la Lisboa Card. Vous pouvez acheter votre Lisbon Card dans notre <a href=\"https:\/\/lisbontouristinformation.com\/fr\/tours-and-tickets\/\" style=\"outline: none;\">billetterie officielle<\/a>.<\/p>\n<ul>\n<li>Pour des informations \u00e0 jour sur les horaires de Cascais et le prix du billet, cliquez <a href=\"https:\/\/www.cp.pt\/passageiros\/en\" style=\"outline: none;\" data-lt-tmp-id=\"lt-197478\" spellcheck=\"false\" target=\"_blank\" rel=\"noopener\">ici<\/a>.&nbsp;Entrez simplement <em>Cais do Sodre<\/em> et <em>Cascais,<\/em> et choisissez la date de votre voyage.<\/li>\n<li>Vous pourriez \u00e9galement \u00eatre int\u00e9ress\u00e9 par notre <a href=\"https:\/\/lisbontouristinformation.com\/fr\/arrivee\/gares-de-train-a-lisbonne\/\" style=\"outline: none;\">Guide complet des gares de Lisbonne.<\/a><\/li>\n<\/ul>\n<h2 id=\"t-1654696619596\" data-alt-text=\"2. By Car\" style=\"\">2. De Lisbonne \u00e0 Cascais en voiture<\/h2>\n<p><span style=\"\"><img decoding=\"async\" loading=\"lazy\" alt=\"\" data-id=\"6365\" width=\"702\" data-init-width=\"1000\" height=\"395\" data-init-height=\"563\" title=\"Voyage en voiture de Lisbonne \u00e0 Cascais au Portugal\" src=\"https:\/\/lisbontouristinformation.com\/fr\/wp-content\/uploads\/2022\/06\/Car-Travel-to-Lisbon-to-Cascais-in-Portugal.jpg\" data-width=\"702\" data-height=\"395\" style=\"\" mt-d=\"0\" ml-d=\"0\"><\/span><\/p>\n<p style=\"\">Le moyen le plus rapide pour se rendre de <strong>Lisbonne \u00e0 Cascais en voiture est de prendre l&rsquo;autoroute \u00e0 p\u00e9age A5<\/strong>.&nbsp;Avec un trafic normal, vous pouvez vous attendre \u00e0 un temps de conduite d&rsquo; <strong>environ 35 minutes<\/strong>.<\/p>\n<p style=\"\"><strong>Une alternative est de conduire<\/strong> le long de la route c\u00f4ti\u00e8re Avenida da Marginal &#8211; EN6, qui vous offre des vues pittoresques sur la mer.<\/p>\n<p>Il y a des places de parking dans le centre de Cascais, mais gardez \u00e0 l&rsquo;esprit qu&rsquo;elles sont tr\u00e8s limit\u00e9es, donc trouver une place pour se garer peut \u00eatre un probl\u00e8me, surtout en \u00e9t\u00e9. Alternativement, vous pouvez utiliser les parkings publics, qui sont factur\u00e9s \u00e0 l&rsquo;heure.<\/p>\n<h2 id=\"t-1654696619597\" data-alt-text=\"3. By Bus\" style=\"\">3. De Lisbonne \u00e0 Cascais en bus<\/h2>\n<p><span style=\"height: 100%;\"><img decoding=\"async\" loading=\"lazy\" alt=\"\" data-id=\"6353\" width=\"702\" data-init-width=\"1000\" height=\"526\" data-init-height=\"750\" title=\"Bus - Moyens de transport de Lisbonne \u00e0 Cascais au Portugal\" src=\"https:\/\/lisbontouristinformation.com\/fr\/wp-content\/uploads\/2022\/06\/Ways-to-Travel-from-Lisbon-to-Cascais-in-portugal.jpg\" data-width=\"702\" data-height=\"526\" style=\"margin-top: 0px; max-width: none !important;\" mt-d=\"0\"><\/span><\/p>\n<p>Il est possible d&rsquo;aller en bus de Lisbonne \u00e0 Cascais. Cependant, <strong>nous ne recommandons pas cette option,<\/strong> car cela prend beaucoup plus de temps que d&rsquo;aller en train. De plus, il est plus facile de se rendre \u00e0 la gare de Cais do Sodre qu&rsquo;\u00e0 la gare routi\u00e8re principale.<\/p>\n<h2 id=\"t-1654760189630\" data-alt-text=\"4. By Day Trips &amp; Tours\" style=\"\">4. De Lisbonne \u00e0 Cascais par Day Trips &amp; Tours<\/h2>\n<p style=\"\">Une autre option pour aller de Lisbonne \u00e0 Cascais consiste \u00e0 r\u00e9server une excursion d&rsquo;une journ\u00e9e ou une excursion qui comprend Cascais et d&rsquo;autres destinations populaires, telles que Cabo da Roca et la ville de conte de f\u00e9es de Sintra.<\/p>\n<p style=\"\">Vous connaissez maintenant le moyen le plus simple de voyager de Lisbonne \u00e0 Cascais. Si vous \u00eates int\u00e9ress\u00e9 par d&rsquo;autres escapades populaires, consultez notre&nbsp;<a href=\"https:\/\/lisbontouristinformation.com\/fr\/organiser-votre-voyage-a-lisbonne\/guide-de-sintra-a-lisbonne\/\" style=\"outline: none;\">guide complet de Sintra&nbsp;<\/a>et notre page sur les&nbsp;<a href=\"https:\/\/lisbontouristinformation.com\/fr\/organiser-votre-voyage-a-lisbonne\/voyager-de-lisbonne-a-porto\/\" style=\"outline: none;\">moyens les plus simples de voyager de Lisbonne \u00e0 Porto<\/a>.<\/p>\n<h3 style=\"\">Articles Li\u00e9s:<\/h3>\n<p><a href=\"https:\/\/lisbontouristinformation.com\/fr\/choses-a-faire-a-lisbonne\/choses-a-faire-avec-vos-enfants-a-lisbonne\/\" dynamic-postlink=\"tcb_post_the_permalink\" data-shortcode-id=\"99\"><\/a><\/p>\n<h3 style=\"text-align: center; padding-top: 0px !important; margin-top: 0px !important;\"><span data-attr-link=\"1\" data-attr-rel=\"0\" data-attr-target=\"0\" data-extra_key=\"\" data-option-inline=\"1\" data-shortcode=\"tcb_post_title\" data-shortcode-name=\"Post title\" data-attr-css=\"\" data-attr-static-link=\"{&quot;className&quot;:&quot;tve-froala fr-basic&quot;,&quot;href&quot;:&quot;https:\/\/lisbontouristinformation.com\/fr\/choses-a-faire-a-lisbonne\/choses-a-faire-avec-vos-enfants-a-lisbonne\/&quot;,&quot;title&quot;:&quot;15 Choses \u00e0 Faire avec vos enfants \u00e0 Lisbonne&quot;,&quot;class&quot;:&quot;tve-froala fr-basic&quot;}\" style=\"\"><a href=\"https:\/\/lisbontouristinformation.com\/fr\/choses-a-faire-a-lisbonne\/choses-a-faire-avec-vos-enfants-a-lisbonne\/\" title=\"15 Choses \u00e0 Faire avec vos enfants \u00e0 Lisbonne\" data-css=\"\">15 Choses \u00e0 Faire avec vos enfants \u00e0 Lisbonne<\/a><\/span><\/h3>\n<p><a href=\"https:\/\/lisbontouristinformation.com\/fr\/choses-a-faire-a-lisbonne\/choses-a-faire-avec-vos-enfants-a-lisbonne\/\" style=\"\"><span style=\"\"><span style=\"\">Lire la suite<\/span><\/span><\/a><a href=\"https:\/\/lisbontouristinformation.com\/fr\/organiser-votre-voyage-a-lisbonne\/voyager-de-lisbonne-a-porto\/\" dynamic-postlink=\"tcb_post_the_permalink\" data-shortcode-id=\"99\"><\/a><\/p>\n<h3 style=\"text-align: center; padding-top: 0px !important; margin-top: 0px !important;\"><span data-attr-link=\"1\" data-attr-rel=\"0\" data-attr-target=\"0\" data-extra_key=\"\" data-option-inline=\"1\" data-shortcode=\"tcb_post_title\" data-shortcode-name=\"Post title\" data-attr-css=\"\" data-attr-static-link=\"{&quot;className&quot;:&quot;tve-froala fr-basic&quot;,&quot;href&quot;:&quot;https:\/\/lisbontouristinformation.com\/fr\/choses-a-faire-a-lisbonne\/choses-a-faire-avec-vos-enfants-a-lisbonne\/&quot;,&quot;title&quot;:&quot;15 Choses \u00e0 Faire avec vos enfants \u00e0 Lisbonne&quot;,&quot;class&quot;:&quot;tve-froala fr-basic&quot;}\" style=\"\"><a href=\"https:\/\/lisbontouristinformation.com\/fr\/organiser-votre-voyage-a-lisbonne\/voyager-de-lisbonne-a-porto\/\" title=\"4 Moyens de Voyager de Lisbonne \u00e0 Porto facilement\" data-css=\"\">4 Moyens de Voyager de Lisbonne \u00e0 Porto facilement<\/a><\/span><\/h3>\n<p><a href=\"https:\/\/lisbontouristinformation.com\/fr\/organiser-votre-voyage-a-lisbonne\/voyager-de-lisbonne-a-porto\/\" style=\"\"><span style=\"\"><span style=\"\">Lire la suite<\/span><\/span><\/a><a href=\"https:\/\/lisbontouristinformation.com\/fr\/choses-a-faire-a-lisbonne\/\" dynamic-postlink=\"tcb_post_the_permalink\" data-shortcode-id=\"99\"><\/a><\/p>\n<h3 style=\"text-align: center; padding-top: 0px !important; margin-top: 0px !important;\"><span data-attr-link=\"1\" data-attr-rel=\"0\" data-attr-target=\"0\" data-extra_key=\"\" data-option-inline=\"1\" data-shortcode=\"tcb_post_title\" data-shortcode-name=\"Post title\" data-attr-css=\"\" data-attr-static-link=\"{&quot;className&quot;:&quot;tve-froala fr-basic&quot;,&quot;href&quot;:&quot;https:\/\/lisbontouristinformation.com\/fr\/choses-a-faire-a-lisbonne\/choses-a-faire-avec-vos-enfants-a-lisbonne\/&quot;,&quot;title&quot;:&quot;15 Choses \u00e0 Faire avec vos enfants \u00e0 Lisbonne&quot;,&quot;class&quot;:&quot;tve-froala fr-basic&quot;}\" style=\"\"><a href=\"https:\/\/lisbontouristinformation.com\/fr\/choses-a-faire-a-lisbonne\/\" title=\"50 Choses \u00e0 Faire \u00e0 Lisbonne\" data-css=\"\">50 Choses \u00e0 Faire \u00e0 Lisbonne<\/a><\/span><\/h3>\n<p><a href=\"https:\/\/lisbontouristinformation.com\/fr\/choses-a-faire-a-lisbonne\/\" style=\"\"><span style=\"\"><span style=\"\">Lire la suite<\/span><\/span><\/a><a href=\"https:\/\/lisbontouristinformation.com\/fr\/organiser-votre-voyage-a-lisbonne\/guide-de-sintra-a-lisbonne\/\" dynamic-postlink=\"tcb_post_the_permalink\" data-shortcode-id=\"99\"><\/a><\/p>\n<h3 style=\"text-align: center; padding-top: 0px !important; margin-top: 0px !important;\"><span data-attr-link=\"1\" data-attr-rel=\"0\" data-attr-target=\"0\" data-extra_key=\"\" data-option-inline=\"1\" data-shortcode=\"tcb_post_title\" data-shortcode-name=\"Post title\" data-attr-css=\"\" data-attr-static-link=\"{&quot;className&quot;:&quot;tve-froala fr-basic&quot;,&quot;href&quot;:&quot;https:\/\/lisbontouristinformation.com\/fr\/choses-a-faire-a-lisbonne\/choses-a-faire-avec-vos-enfants-a-lisbonne\/&quot;,&quot;title&quot;:&quot;15 Choses \u00e0 Faire avec vos enfants \u00e0 Lisbonne&quot;,&quot;class&quot;:&quot;tve-froala fr-basic&quot;}\" style=\"\"><a href=\"https:\/\/lisbontouristinformation.com\/fr\/organiser-votre-voyage-a-lisbonne\/guide-de-sintra-a-lisbonne\/\" title=\"Guide de Sintra \u00e0 Lisbonne: Comment y aller? Quoi voir?\" data-css=\"\">Guide de Sintra \u00e0 Lisbonne: Comment y aller? Quoi voir?<\/a><\/span><\/h3>\n<p><a href=\"https:\/\/lisbontouristinformation.com\/fr\/organiser-votre-voyage-a-lisbonne\/guide-de-sintra-a-lisbonne\/\" style=\"\"><span style=\"\"><span style=\"\">Lire la suite<\/span><\/span><\/a><\/p>\n","protected":false},"excerpt":{"rendered":"<p>Le pittoresque village c\u00f4tier de Cascais est situ\u00e9 \u00e0 25 kilom\u00e8tres \u00e0 l&rsquo;ouest de Lisbonne sur l&rsquo;oc\u00e9an Atlantique. L&rsquo;ancienne escapade estivale de la noblesse portugaise est aujourd&rsquo;hui une station baln\u00e9aire haut de gamme qui impressionne les habitants et les visiteurs avec des villas imposantes, des boutiques de premi\u00e8re classe, mais surtout&nbsp;avec ses plages et ses [&hellip;]<\/p>\n","protected":false},"author":18,"featured_media":6196,"parent":71,"menu_order":0,"comment_status":"closed","ping_status":"closed","template":"","meta":{"footnotes":""},"tags":[],"class_list":["post-6193","page","type-page","status-publish","has-post-thumbnail","hentry","post-wrapper","thrv_wrapper"],"_links":{"self":[{"href":"https:\/\/lisbontouristinformation.com\/fr\/wp-json\/wp\/v2\/pages\/6193","targetHints":{"allow":["GET"]}}],"collection":[{"href":"https:\/\/lisbontouristinformation.com\/fr\/wp-json\/wp\/v2\/pages"}],"about":[{"href":"https:\/\/lisbontouristinformation.com\/fr\/wp-json\/wp\/v2\/types\/page"}],"author":[{"embeddable":true,"href":"https:\/\/lisbontouristinformation.com\/fr\/wp-json\/wp\/v2\/users\/18"}],"replies":[{"embeddable":true,"href":"https:\/\/lisbontouristinformation.com\/fr\/wp-json\/wp\/v2\/comments?post=6193"}],"version-history":[{"count":0,"href":"https:\/\/lisbontouristinformation.com\/fr\/wp-json\/wp\/v2\/pages\/6193\/revisions"}],"up":[{"embeddable":true,"href":"https:\/\/lisbontouristinformation.com\/fr\/wp-json\/wp\/v2\/pages\/71"}],"wp:featuredmedia":[{"embeddable":true,"href":"https:\/\/lisbontouristinformation.com\/fr\/wp-json\/wp\/v2\/media\/6196"}],"wp:attachment":[{"href":"https:\/\/lisbontouristinformation.com\/fr\/wp-json\/wp\/v2\/media?parent=6193"}],"wp:term":[{"taxonomy":"post_tag","embeddable":true,"href":"https:\/\/lisbontouristinformation.com\/fr\/wp-json\/wp\/v2\/tags?post=6193"}],"curies":[{"name":"wp","href":"https:\/\/api.w.org\/{rel}","templated":true}]}}