{"id":588,"date":"2020-06-11T14:28:59","date_gmt":"2020-06-11T12:28:59","guid":{"rendered":"https:\/\/lisbontouristinformation.com\/fr\/?page_id=588"},"modified":"2024-03-18T15:04:38","modified_gmt":"2024-03-18T15:04:38","slug":"transports-en-commun-a-lisbonne","status":"publish","type":"page","link":"https:\/\/lisbontouristinformation.com\/fr\/arrivee\/transports-en-commun-a-lisbonne\/","title":{"rendered":"Guide des Transports en Commun \u00e0 Lisbonne : App, Tickets, Cartes\u2026"},"content":{"rendered":"<h1 style=\"\">Guide complet des transports publics \u00e0 Lisbonne&nbsp;<\/h1>\n<p style=\"\"><strong>Guide des transports, des itin\u00e9raires et des billets pour les habitants et les voyageurs \u00e0 Lisbonne.<\/strong><\/p>\n<h3 id=\"t-1654002729492\" style=\"text-align: center;\">Comment fonctionnent les transports en commun \u00e0 Lisbonne?<\/h3>\n<p dir=\"ltr\">En d\u00e9pit d&rsquo;\u00eatre une petite ville condens\u00e9e, ce qui la rend assez facile \u00e0 explorer \u00e0 pied, <strong>Lisbonne offre un syst\u00e8me de transport public efficace et bien organis\u00e9<\/strong> pour les habitants et les voyageurs qui souhaitent explorer la ville avec des options.&nbsp;<\/p>\n<p dir=\"ltr\">Les formes les plus utilis\u00e9es sont les <strong>tramways \u00e9lectriques<\/strong>, le<strong>&nbsp;m\u00e9tro<\/strong>,<strong>&nbsp;les ferries<\/strong>, les&nbsp;<strong>bus, les funiculaires<\/strong> et <strong>les trains<\/strong>.&nbsp;Il existe \u00e9galement <strong>des options de partage de voiture<\/strong>, telles que&nbsp;<strong>Bolt et Uber<\/strong>, utilis\u00e9es par ceux qui pr\u00e9f\u00e8rent la commodit\u00e9 ou qui voyagent en groupe.&nbsp;<\/p>\n<p dir=\"ltr\" style=\"\">D\u00e9couvrez dans cet article les diff\u00e9rentes options de transport en commun, quels billets vous devriez acheter pour votre voyage et d&rsquo;autres d\u00e9tails importants abord\u00e9s dans notre section FAQ.<\/p>\n<h2 style=\"text-align: center;\" id=\"t-1654002729493\">Comment sont pay\u00e9s les transports en commun?<\/h2>\n<p style=\"text-align: center;\">Voici un aper\u00e7u des billets les plus importants.<\/p>\n<ol>\n<li style=\"\"><span style=\"\">1<\/span><span style=\"\">\n<p dir=\"ltr\" style=\"\">La <strong><span style=\"--tcb-applied-color:  var$(--tcb-skin-color-0)  !important; color: var(--tcb-skin-color-0);\">carte Viva Viagem<\/span><\/strong> est le <strong>titre de transport officiel<\/strong> et peut \u00eatre achet\u00e9e et utilis\u00e9e pour tous les modes de transport dans les limites de la ville de Lisbonne. Il s&rsquo;agit <strong>d&rsquo;un billet papier payant<\/strong> qui peut \u00eatre <strong>achet\u00e9 dans les gares<\/strong> et dans <strong>des kiosques sp\u00e9cifiques<\/strong>.&nbsp;<\/p>\n<p><strong><b><\/b><\/strong><\/span><\/li>\n<li style=\"\"><span style=\"\">2<\/span><span style=\"\">\n<p dir=\"ltr\" style=\"\"><strong><span style=\"\">Les billets \u00e0 usage unique<\/span><\/strong> peuvent \u00eatre<strong> achet\u00e9s aux arr\u00eats de train<\/strong>, dans les<strong> bus<\/strong> et aux endroits o\u00f9 il y a<strong> des machines \u00e9lectroniques<\/strong>.&nbsp;Les billets \u00e0 usage unique seront imprim\u00e9s sous forme de re\u00e7u.&nbsp;<\/p>\n<p><strong><b><\/b><\/strong><\/span><\/li>\n<li style=\"\"><span style=\"\">3<\/span><span style=\"\"><strong><b><span style=\"\">Paiement en esp\u00e8ces :<\/span><\/b><span style=\"\">&nbsp;<\/span><\/strong> Vous pouvez \u00e9galement payer<strong>en esp\u00e8ces, en pi\u00e8ces de pr\u00e9f\u00e9rence, en entrant dans les bus et les tramways. <\/strong>L&rsquo;achat de tous les trajets avec la carte Viva Viagem est moins cher que le paiement en esp\u00e8ces \u00e0 bord. <strong>Les trains et les ferries n&rsquo;acceptent pas les esp\u00e8ces et les billets<\/strong>, ils doivent \u00eatre valid\u00e9s avant d&rsquo;entrer.<\/span><\/li>\n<li style=\"\"><span style=\"\">4<\/span><span style=\"\"><strong><b><span>Abonnement longue dur\u00e9e :&nbsp;<\/span><\/b><\/strong> Le service des transports en commun propose<strong>un abonnement longue dur\u00e9e rechargeable, appel\u00e9 \u00ab\u00a0Navegante\u00a0\u00bb<\/strong>, id\u00e9al pour ceux qui s\u00e9journent au moins un mois. <a href=\"https:\/\/www.metrolisboa.pt\/en\/buy\/\" target=\"_blank\" style=\"outline: none;\" rel=\"noopener\">Ici plus d&rsquo;infos<\/a>.<\/span><\/li>\n<\/ol>\n<h2 style=\"text-align: center;\" id=\"t-1654002729494\">Quel ticket de transport en commun dois-je acheter pour mon voyage \u00e0 Lisbonne?<\/h2>\n<p data-empty=\"true\">Voici les billets que vous pouvez acheter pour les transports en commun lors de votre voyage \u00e0 Lisbonne avec des explications sur dans quel cas vous devez les acheter.<\/p>\n<ul>\n<li dir=\"ltr\">La <strong>carte Viva Viagem <\/strong><strong>est la principale carte de transport utilis\u00e9e \u00e0 Lisbonne<\/strong>.&nbsp;Il propose diff\u00e9rentes options selon vos besoins \/ dur\u00e9e de s\u00e9jour.<\/li>\n<li ltr\"\"=\"\"><strong>Billet simple :<\/strong> Valable pour un aller simple. Vous pouvez charger la carte avec autant de trajets aller simple que vous le souhaitez.<\/li>\n<li ltr\"\"=\"\"><strong>Ticket 24h :<\/strong> Valable pour un nombre illimit\u00e9 de trajets sur une p\u00e9riode de 24h<\/li>\n<li ltr\"\"=\"\"><strong>Zapping :<\/strong> Valable pour le montant d&rsquo;argent charg\u00e9 sur la carte. C&rsquo;est la meilleure option pour ceux qui pr\u00e9voient de rester quelques jours et s&rsquo;attendent \u00e0 se d\u00e9placer dans la ville avec plusieurs moyens de transport.<\/li>\n<\/ul>\n<p dir=\"ltr\"><strong><span style=\"--tcb-applied-color:  var$(--tcb-skin-color-0)  !important; color: var(--tcb-skin-color-0);\">Important :<\/span><\/strong> Votre carte Viva Viagem ne peut fonctionner qu&rsquo;avec l&rsquo;une des options de billet ci-dessus \u00e0 la fois. Si vous souhaitez utiliser plusieurs options, vous devrez acheter des cartes suppl\u00e9mentaires. Chaque carte co\u00fbte .50\u20ac<\/p>\n<p><span><img decoding=\"async\" alt=\"\" data-id=\"5993\" width=\"1080\" data-init-width=\"1000\" height=\"720\" data-init-height=\"667\" title=\"Guide des Transports Publics \u00e0 Lisbonne au Portugal\" src=\"https:\/\/lisbontouristinformation.com\/fr\/wp-content\/uploads\/2022\/05\/public-transport-guide-in-lisbon-in-portugal.jpg\" data-width=\"1080\" data-height=\"720\" style=\"\" loading=\"lazy\"><\/span><\/p>\n<h2 dir=\"ltr\" style=\"text-align: center;\" id=\"t-1654002729495\">R\u00e9seau de transport en commun \u00e0 Lisbonne<\/h2>\n<p dir=\"ltr\" style=\"\">Retrouvez ci-dessous tous les moyens de transport disponibles \u00e0 Lisbonne.<\/p>\n<ul>\n<li dir=\"ltr\">\n<p dir=\"ltr\" style=\"\"><strong>M\u00e9tro :<\/strong> Toutes les stations sont marqu\u00e9es d&rsquo;un M rouge dans la ville. Vous devez acheter une carte Viva Viagem pour utiliser ce moyen de transport. 6h30-1h00 tous les jours. Le m\u00e9tro se compose de <strong>quatre lignes color\u00e9es<\/strong>.&nbsp;Vous trouverez ci-dessous leurs stations de d\u00e9but et de fin. <strong><span style=\"--tcb-applied-color:  var$(--tcb-skin-color-18)  !important; color: var(--tcb-skin-color-18);\">\u2013 ligne bleue<\/span><\/strong> (Reboleira \u2013 Santa Apol\u00f3nia \u2013 <strong><span style=\"--tcb-applied-color:  rgb(106, 107, 108)  !important; color: rgb(6, 115, 39);\">ligne verte<\/span><\/strong> (Telheiras \u2013 Cais do Sodr\u00e9) \u2013 <strong><span style=\"--tcb-applied-color:  var$(--tcb-skin-color-0)  !important; color: var(--tcb-skin-color-0);\">ligne rouge<\/span><\/strong> (Aeroporto \u2013 S\u00e3o Sebasti\u00e3o) \u2013 <strong><span style=\"--tcb-applied-color:  rgb(106, 107, 108)  !important; color: rgb(174, 164, 11);\">ligne jaune<\/span><\/strong> (Odivelas \u2013 Rato).<\/p>\n<\/li>\n<\/ul>\n<ul>\n<li dir=\"ltr\">\n<p dir=\"ltr\" style=\"\"><strong>Bus :<\/strong> Les bus circulent dans toute la ville et disposent <strong>d&rsquo;une connexion Wi-Fi gratuite \u00e0 bord<\/strong>.&nbsp;Il y a plus de 170 itin\u00e9raires. La destination finale et le num\u00e9ro de la ligne de bus sont visibles \u00e0 l&rsquo;avant au-dessus du pare-brise. Les bus circulent g\u00e9n\u00e9ralement entre <strong>5 h et 23 h,<\/strong> \u00e0 l&rsquo;exception de quelques bus de nuit circulant dans le centre-ville.&nbsp;<\/p>\n<\/li>\n<\/ul>\n<ul>\n<li dir=\"ltr\">\n<p dir=\"ltr\" style=\"\"><strong>Trams :<\/strong> Les tramways \u00e9lectriques sont le <strong>moyen de transport le plus populaire<\/strong> utilis\u00e9 par ceux qui visitent Lisbonne. Pr\u00e9parez-vous \u00e0 faire la queue pour embarquer. Chaque fois que vous sortez et entrez, un nouveau tarif est requis. Il existe <strong>six parcours diff\u00e9rents<\/strong>.&nbsp;<\/p>\n<\/li>\n<\/ul>\n<ul>\n<li dir=\"ltr\">\n<p dir=\"ltr\" style=\"\"><strong>Trains :<\/strong> Les itin\u00e9raires de train les plus populaires utilis\u00e9s par ceux qui visitent Lisbonne sont les <strong>lignes qui desservent Sintra et Cascais.<\/strong>&nbsp;La gare de d\u00e9part pour Cascais est Cais do Sodr\u00e9 et la gare de d\u00e9part pour Sintra est Rossio. <strong>Les trains partent toutes les 10-20 minutes<\/strong>.&nbsp;Le trajet vers les deux destinations dure environ 45 minutes. En savoir plus sur <a href=\"https:\/\/lisbontouristinformation.com\/fr\/arrivee\/gares-de-train-a-lisbonne\/\" style=\"outline: none;\">les gares \u00e0 Lisbonne<\/a>.&nbsp;Lisez \u00e9galement notre <a href=\"https:\/\/lisbontouristinformation.com\/fr\/organiser-votre-voyage-a-lisbonne\/guide-de-sintra-a-lisbonne\/\" style=\"outline: none;\">Guide de Sintra<\/a>.<\/p>\n<\/li>\n<\/ul>\n<ul>\n<li dir=\"ltr\">\n<p dir=\"ltr\" style=\"\"><strong>Funiculaires :<\/strong> Il existe <strong>trois funiculaires<\/strong> \u00e0 Lisbonne, qui sont tous des motifs photographiques populaires autant que des moyens de transport. Les funiculaires sont mieux utilis\u00e9s pour gravir les collines notoirement escarp\u00e9es de Lisbonne. Les trois options sont : <strong>Ascensor da Gl\u00f3ria<\/strong>,&nbsp;<strong>Ascensor da Bica<\/strong> et <strong>Ascensor do Lavra<\/strong>.<\/p>\n<\/li>\n<li dir=\"ltr\">\n<p dir=\"ltr\" style=\"\"><strong>Ferries :<\/strong> Les ferries sont une option id\u00e9ale pour ceux qui cherchent \u00e0 visiter la rive oppos\u00e9e du Tage. Les ferries partent de divers ports et transportent les voyageurs vers diff\u00e9rentes zones des rives sud. Il est sugg\u00e9r\u00e9 d&rsquo;utiliser un ferry pour rejoindre les plages ou la statue du Cristo Rei.&nbsp;<\/p>\n<\/li>\n<li dir=\"ltr\">\n<p dir=\"ltr\" style=\"\"><strong>Taxis :<\/strong> Les tarifs des taxis \u00e0 Lisbonne sont inf\u00e9rieurs \u00e0 ceux des autres capitales europ\u00e9ennes. Ils sont une option id\u00e9ale pour ceux qui voyagent avec des bagages, avec des contraintes de temps ou tard le soir.&nbsp;<\/p>\n<\/li>\n<li dir=\"ltr\">\n<p dir=\"ltr\" style=\"\"><strong>Service de covoiturage (Uber, Bolt)&nbsp;: les formes de <\/strong><a href=\"https:\/\/lisbontouristinformation.com\/fr\/arrivee\/taxis-a-lisbonne\/\" style=\"outline: none;\">covoiturage les<\/a>&nbsp;plus utilis\u00e9es sont Uber et Bolt. Les deux n\u00e9cessitent que vous t\u00e9l\u00e9chargiez l&rsquo;application sur votre smartphone et activiez votre profil avec une carte de cr\u00e9dit. Ces options sont s\u00fbres, fiables et moins ch\u00e8res que les taxis.&nbsp;<\/p>\n<\/li>\n<li dir=\"ltr\">\n<p dir=\"ltr\" style=\"\"><strong>Tuk tuks :<\/strong> Pour ceux qui souhaitent explorer les rues \u00e9troites et sinueuses de Lisbonne, les tuk tuks sont l&rsquo;option parfaite. On les trouve normalement autour des quartiers touristiques tr\u00e8s denses, comme Alfama et Baixa.&nbsp;<\/p>\n<\/li>\n<li dir=\"ltr\">\n<p dir=\"ltr\" style=\"\"><strong>V\u00e9los et scooters \u00e9lectriques communaux :<\/strong> Il existe diff\u00e9rents fournisseurs d&rsquo;options de transport \u00e9lectrique communal, Bolt, Bird, Hive et Lime \u00e9tant les plus courants. Avec l&rsquo;application active sur votre smartphone, vous pouvez facilement louer des v\u00e9los et des scooters dans toute la ville.&nbsp;<\/p>\n<\/li>\n<\/ul>\n<p><span><img decoding=\"async\" alt=\"\" data-id=\"5997\" width=\"1000\" data-init-width=\"1000\" height=\"667\" data-init-height=\"667\" title=\"transports en commun - tuk tuk \u00e0 lisbonne au portugal\" src=\"https:\/\/lisbontouristinformation.com\/fr\/wp-content\/uploads\/2022\/05\/public-transport-tuk-tuk-in-lisbon-in-portugal.jpg\" data-width=\"1000\" data-height=\"667\" style=\"\" loading=\"lazy\"><\/span><\/p>\n<h2 style=\"text-align: center;\" id=\"t-1654002729496\">Foire aux questions sur les transports publics \u00e0 Lisbonne<\/h2>\n<h2 id=\"t-1654002729497\">Contact<\/h2>\n<ul>\n<li style=\"\"><span style=\"\"><strong>Pour plus d&rsquo;informations sur le transport <\/strong><strong>exploit\u00e9 par Carris, l&rsquo;op\u00e9rateur de tramways, bus et funiculaires<\/strong>, veuillez visiter &nbsp;<a href=\"https:\/\/www.carris.pt\/en\/\" target=\"_blank\" style=\"outline: none;\" rel=\"noopener\">https:\/\/www.carris.pt\/en\/<\/a><\/span><\/li>\n<li><span><strong>Pour plus d&rsquo;informations sur les trains<\/strong>, les billets et les horaires, veuillez visiter&nbsp;<strong><a href=\"https:\/\/www.cp.pt\/passageiros\/en\" target=\"_blank\" style=\"outline: none;\" rel=\"noopener\">https:\/\/www.cp.pt\/passageiros\/en<\/a><\/strong><strong>&nbsp;<a href=\"https:\/\/www.cp.pt\/passageiros\/en\" target=\"_blank\" style=\"outline: none;\" rel=\"noopener\"><\/a><\/strong><\/span><\/li>\n<\/ul>\n<h2 style=\"text-align: center;\" id=\"t-1654002729498\" data-hide=\"true\">Que faire \u00e0 Lisbonne?<\/h2>\n<h2 style=\"\" id=\"t-1654002729499\"><span data-attr-css=\"\" data-attr-link=\"1\" data-attr-rel=\"0\" data-attr-target=\"0\" data-extra_key=\"\" data-option-inline=\"1\" data-shortcode=\"tcb_post_title\" data-shortcode-name=\"Post title\" style=\"\" data-attr-static-link=\"{&quot;className&quot;:&quot;tve-froala fr-basic tcb-local-vars-root&quot;,&quot;href&quot;:&quot;https:\/\/lisbontouristinformation.com\/fr\/billetterie\/&quot;,&quot;title&quot;:&quot;Billetterie pour les Principales Attractions de Lisbonne&quot;,&quot;class&quot;:&quot;tve-froala fr-basic tcb-local-vars-root&quot;}\"><a href=\"https:\/\/lisbontouristinformation.com\/fr\/billetterie\/\" title=\"Billetterie pour les Principales Attractions de Lisbonne\" data-css=\"\">Billetterie pour les Principales Attractions de Lisbonne<\/a><\/span><\/h2>\n<p><a href=\"javascript:void(0)\" style=\"\"><span style=\"\"><span style=\"\">Load More<\/span><\/span><\/a><\/p>\n<h2 style=\"text-align: center;\" id=\"t-1654002729500\" data-hide=\"true\">Aussi d&rsquo;int\u00e9r\u00eat<\/h2>\n<p style=\"text-align: center;\">A\u00e9roports, parkings, taxis, trains, bus longue distance, &#8230;<\/p>\n<p><a href=\"https:\/\/lisbontouristinformation.com\/fr\/arrivee\/taxis-a-lisbonne\/\" dynamic-postlink=\"tcb_post_the_permalink\" data-shortcode-id=\"207\"><\/a><\/p>\n<h3 style=\"text-align: center; padding-top: 0px !important; margin-top: 0px !important;\"><span data-attr-link=\"1\" data-attr-rel=\"0\" data-attr-target=\"0\" data-extra_key=\"\" data-option-inline=\"1\" data-shortcode=\"tcb_post_title\" data-shortcode-name=\"Post title\" data-attr-css=\"\" style=\"\" data-attr-static-link=\"{&quot;className&quot;:&quot;tve-froala fr-basic&quot;,&quot;href&quot;:&quot;https:\/\/lisbontouristinformation.com\/fr\/arrivee\/taxis-a-lisbonne\/&quot;,&quot;title&quot;:&quot;Taxis \u00e0 Lisbonne : Uber, Navettes A\u00e9roport et Tarifs&quot;,&quot;class&quot;:&quot;tve-froala fr-basic&quot;}\"><a href=\"https:\/\/lisbontouristinformation.com\/fr\/arrivee\/taxis-a-lisbonne\/\" title=\"Taxis \u00e0 Lisbonne : Uber, Navettes A\u00e9roport et Tarifs\" data-css=\"\">Taxis \u00e0 Lisbonne : Uber, Navettes A\u00e9roport et Tarifs<\/a><\/span><\/h3>\n<p>When visiting Lisbon there are various options of <a href=\"https:\/\/lisbontouristinformation.com\/fr\/arrivee\/taxis-a-lisbonne\/#more-207\"><\/a><\/p>\n<p><a href=\"https:\/\/lisbontouristinformation.com\/fr\/arrivee\/taxis-a-lisbonne\/\" style=\"\"><span style=\"\"><span style=\"\"><strong>Lire la suite<\/strong><\/span><\/span><\/a><a href=\"https:\/\/lisbontouristinformation.com\/fr\/arrivee\/gares-de-train-a-lisbonne\/\" dynamic-postlink=\"tcb_post_the_permalink\" data-shortcode-id=\"207\"><\/a><\/p>\n<h3 style=\"text-align: center; padding-top: 0px !important; margin-top: 0px !important;\"><span data-attr-link=\"1\" data-attr-rel=\"0\" data-attr-target=\"0\" data-extra_key=\"\" data-option-inline=\"1\" data-shortcode=\"tcb_post_title\" data-shortcode-name=\"Post title\" data-attr-css=\"\" style=\"\" data-attr-static-link=\"{&quot;className&quot;:&quot;tve-froala fr-basic&quot;,&quot;href&quot;:&quot;https:\/\/lisbontouristinformation.com\/fr\/arrivee\/taxis-a-lisbonne\/&quot;,&quot;title&quot;:&quot;Taxis \u00e0 Lisbonne : Uber, Navettes A\u00e9roport et Tarifs&quot;,&quot;class&quot;:&quot;tve-froala fr-basic&quot;}\"><a href=\"https:\/\/lisbontouristinformation.com\/fr\/arrivee\/gares-de-train-a-lisbonne\/\" title=\"Guide des Gares de Train \u00e0 Lisbonne : Acc\u00e8s et Billets\" data-css=\"\">Guide des Gares de Train \u00e0 Lisbonne : Acc\u00e8s et Billets<\/a><\/span><\/h3>\n<p>Lisbonne poss\u00e8de plusieurs gares, les plus importantes pour <a href=\"https:\/\/lisbontouristinformation.com\/fr\/arrivee\/gares-de-train-a-lisbonne\/#more-556\"><\/a><\/p>\n<p><a href=\"https:\/\/lisbontouristinformation.com\/fr\/arrivee\/gares-de-train-a-lisbonne\/\" style=\"\"><span style=\"\"><span style=\"\"><strong>Lire la suite<\/strong><\/span><\/span><\/a><a href=\"https:\/\/lisbontouristinformation.com\/fr\/arrivee\/guide-aeroport-humberto-delgado-a-lisbonne\/\" dynamic-postlink=\"tcb_post_the_permalink\" data-shortcode-id=\"207\"><\/a><\/p>\n<h3 style=\"text-align: center; padding-top: 0px !important; margin-top: 0px !important;\"><span data-attr-link=\"1\" data-attr-rel=\"0\" data-attr-target=\"0\" data-extra_key=\"\" data-option-inline=\"1\" data-shortcode=\"tcb_post_title\" data-shortcode-name=\"Post title\" data-attr-css=\"\" style=\"\" data-attr-static-link=\"{&quot;className&quot;:&quot;tve-froala fr-basic&quot;,&quot;href&quot;:&quot;https:\/\/lisbontouristinformation.com\/fr\/arrivee\/taxis-a-lisbonne\/&quot;,&quot;title&quot;:&quot;Taxis \u00e0 Lisbonne : Uber, Navettes A\u00e9roport et Tarifs&quot;,&quot;class&quot;:&quot;tve-froala fr-basic&quot;}\"><a href=\"https:\/\/lisbontouristinformation.com\/fr\/arrivee\/guide-aeroport-humberto-delgado-a-lisbonne\/\" title=\"Guide de l\u2019a\u00e9roport Humberto Delgado \u00e0 Lisbonne [LIS] Transfert, D\u00e9parts et Arriv\u00e9es\u2026\" data-css=\"\">Guide de l\u2019a\u00e9roport Humberto Delgado \u00e0 Lisbonne [LIS] Transfert, D\u00e9parts et Arriv\u00e9es\u2026<\/a><\/span><\/h3>\n<p>Consultez notre guide complet de l&rsquo;a\u00e9roport Humberto Delgado <a href=\"https:\/\/lisbontouristinformation.com\/fr\/arrivee\/guide-aeroport-humberto-delgado-a-lisbonne\/#more-2024\"><\/a><\/p>\n<p><a href=\"https:\/\/lisbontouristinformation.com\/fr\/arrivee\/guide-aeroport-humberto-delgado-a-lisbonne\/\" style=\"\"><span style=\"\"><span style=\"\"><strong>Lire la suite<\/strong><\/span><\/span><\/a><a href=\"javascript:void(0)\" style=\"\"><span style=\"\"><span style=\"\">Load More<\/span><\/span><\/a><\/p>\n","protected":false},"excerpt":{"rendered":"<p>Guide complet des transports publics \u00e0 Lisbonne&nbsp; Guide des transports, des itin\u00e9raires et des billets pour les habitants et les voyageurs \u00e0 Lisbonne. Comment fonctionnent les transports en commun \u00e0 Lisbonne? En d\u00e9pit d&rsquo;\u00eatre une petite ville condens\u00e9e, ce qui la rend assez facile \u00e0 explorer \u00e0 pied, Lisbonne offre un syst\u00e8me de transport public [&hellip;]<\/p>\n","protected":false},"author":18,"featured_media":5867,"parent":2815,"menu_order":0,"comment_status":"open","ping_status":"closed","template":"","meta":{"footnotes":""},"tags":[73],"class_list":["post-588","page","type-page","status-publish","has-post-thumbnail","hentry","tag-transportation","post-wrapper","thrv_wrapper"],"_links":{"self":[{"href":"https:\/\/lisbontouristinformation.com\/fr\/wp-json\/wp\/v2\/pages\/588","targetHints":{"allow":["GET"]}}],"collection":[{"href":"https:\/\/lisbontouristinformation.com\/fr\/wp-json\/wp\/v2\/pages"}],"about":[{"href":"https:\/\/lisbontouristinformation.com\/fr\/wp-json\/wp\/v2\/types\/page"}],"author":[{"embeddable":true,"href":"https:\/\/lisbontouristinformation.com\/fr\/wp-json\/wp\/v2\/users\/18"}],"replies":[{"embeddable":true,"href":"https:\/\/lisbontouristinformation.com\/fr\/wp-json\/wp\/v2\/comments?post=588"}],"version-history":[{"count":0,"href":"https:\/\/lisbontouristinformation.com\/fr\/wp-json\/wp\/v2\/pages\/588\/revisions"}],"up":[{"embeddable":true,"href":"https:\/\/lisbontouristinformation.com\/fr\/wp-json\/wp\/v2\/pages\/2815"}],"wp:featuredmedia":[{"embeddable":true,"href":"https:\/\/lisbontouristinformation.com\/fr\/wp-json\/wp\/v2\/media\/5867"}],"wp:attachment":[{"href":"https:\/\/lisbontouristinformation.com\/fr\/wp-json\/wp\/v2\/media?parent=588"}],"wp:term":[{"taxonomy":"post_tag","embeddable":true,"href":"https:\/\/lisbontouristinformation.com\/fr\/wp-json\/wp\/v2\/tags?post=588"}],"curies":[{"name":"wp","href":"https:\/\/api.w.org\/{rel}","templated":true}]}}