{"id":586,"date":"2020-06-11T14:25:05","date_gmt":"2020-06-11T13:25:05","guid":{"rendered":"https:\/\/lisbontouristinformation.com\/fr\/?page_id=586"},"modified":"2024-03-18T15:04:27","modified_gmt":"2024-03-18T15:04:27","slug":"meilleurs-musees-a-lisbonne","status":"publish","type":"page","link":"https:\/\/lisbontouristinformation.com\/fr\/choses-a-faire-a-lisbonne\/meilleurs-musees-a-lisbonne\/","title":{"rendered":"10 Meilleurs Mus\u00e9es \u00e0 Lisbonne"},"content":{"rendered":"<h3>Lisbonne est connue pour ses sept collines, ses vues dignes d&rsquo;une carte postale et sa proximit\u00e9 avec l&rsquo;oc\u00e9an Atlantique.&nbsp;<\/h3>\n<p>Sa r\u00e9putation de <a href=\"https:\/\/lisbontouristinformation.com\/fr\/guide-lifestyle-a-lisbonne\/restaurants-a-lisbonne\/cuisine-portugaise\/\" style=\"outline: none;\">fruits de mer de classe mondiale<\/a> et de vin incroyablement bon march\u00e9 mais de haute qualit\u00e9 a fait son chemin \u00e0 travers les continents. Mais Lisbonne abrite \u00e9galement d&rsquo;autres caract\u00e9ristiques int\u00e9ressantes, telles que leur liste impressionnante de mus\u00e9es et de sites culturels.&nbsp;<\/p>\n<p>La capitale du Portugal est relativement petite mais accueille fi\u00e8rement plus de cinquante mus\u00e9es et expositions. \u00c9tant donn\u00e9 que Lisbonne est charg\u00e9e d&rsquo;histoire et a beaucoup \u00e0 offrir, nous avons compil\u00e9 une liste des meilleurs mus\u00e9es de Lisbonne pour vous aider \u00e0 planifier votre voyage.&nbsp;<\/p>\n<h2 id=\"t-1654172327162\" style=\"\"><strong>1. Mus\u00e9e d&rsquo;Orient<\/strong><\/h2>\n<p> [tcb-script async=\u00a0\u00bb\u00a0\u00bb src=\u00a0\u00bb\/\/www.instagram.com\/embed.js\u00a0\u00bb][\/tcb-script]<\/p>\n<p>Au Mus\u00e9e d&rsquo;Orient, parcourez les routes des \u00e9pices que dominaient autrefois les Portugais et d\u00e9couvrez le r\u00f4le qu&rsquo;ils ont jou\u00e9 en Asie. Une collection d&rsquo;art, de cartes et d&rsquo;artefacts d\u00e9montre l&rsquo;influence du Portugal dans cette r\u00e9gion et les relations et adaptations qui en ont r\u00e9sult\u00e9 dans leurs anciennes colonies. Profitez de la riche collection d&rsquo;expositions et de mat\u00e9riaux et assurez-vous de v\u00e9rifier leur calendrier pour les \u00e9v\u00e9nements \u00e0 venir. Le mus\u00e9e d&rsquo;Orient accueille des cours et des ateliers, tels que l&rsquo;arrangement floral, des spectacles de danse et des cours de cuisine et d&rsquo;art, qui \u00e9duquent davantage les visiteurs sur ces cultures diverses et anciennes.&nbsp;&nbsp;<\/p>\n<ul>\n<li><strong>Adresse :<\/strong> Doca de Alc\u00e2ntara Norte, Av. Brasilia<\/li>\n<li>Un voyage dans ce mus\u00e9e est une excellente id\u00e9e de rendez-vous lorsque vous voyagez avec votre partenaire. Pour des suggestions sur <a href=\"https:\/\/lisbontouristinformation.com\/fr\/hotels-a-lisbonne\/lune-de-miel-a-lisbonne\/\" style=\"outline: none;\">les h\u00f4tels les plus romantiques de Lisbonne<\/a>, consultez notre article connexe.&nbsp;<\/li>\n<\/ul>\n<h2 id=\"t-1654172327163\" style=\"\"><strong>2. Mus\u00e9e Collection Berardo<\/strong> &nbsp; &nbsp; &nbsp; &nbsp; &nbsp; &nbsp; &nbsp; &nbsp; &nbsp; &nbsp; &nbsp; &nbsp; &nbsp; &nbsp;<\/h2>\n<p> [tcb-script async=\u00a0\u00bb\u00a0\u00bb src=\u00a0\u00bb\/\/www.instagram.com\/embed.js\u00a0\u00bb][\/tcb-script]<\/p>\n<p>Situ\u00e9 dans le grand centre culturel de Bel\u00e9m, le mus\u00e9e de la collection Berardo pr\u00e9sente de l&rsquo;art contemporain et moderne. La vaste collection de peintures et d&rsquo;installations surr\u00e9alistes, pop art et abstraites a \u00e9t\u00e9 offerte par le riche homme d&rsquo;affaires portugais Joe Berardo. Sa collection de premi\u00e8re classe comprend des \u0153uvres de Warhol, Mir\u00f3, Pollock, Picasso, Dali et d&rsquo;autres artistes modernes. Un avantage suppl\u00e9mentaire est que le mus\u00e9e est libre d&rsquo;entrer le samedi.&nbsp;<\/p>\n<ul>\n<li><strong>Adresse :<\/strong> Pra\u00e7a do Imp\u00e9rio<\/li>\n<li>Le BCC est l&rsquo;une de nos meilleures suggestions d&rsquo; <a href=\"https:\/\/lisbontouristinformation.com\/fr\/choses-a-faire-a-lisbonne\/sous-la-pluie-a-lisbonne\/\" style=\"outline: none;\">activit\u00e9s pour les jours de pluie \u00e0 Lisbonne<\/a>, qui, aussi rares soient-ils, sont toujours bons \u00e0 pr\u00e9parer.&nbsp;<\/li>\n<\/ul>\n<h3 style=\"\"><strong>3. Mus\u00e9e de la marionnette&nbsp;<\/strong><\/h3>\n<p>Pas votre attraction moyenne, le Marionette Museum abrite pr\u00e8s de 1000 marionnettes du monde entier, couvrant des si\u00e8cles d&rsquo;artisanat. Pr\u00e9parez-vous \u00e0 plonger dans votre imagination ici, alors que la fantaisie se heurte \u00e0 la r\u00e9alit\u00e9 et que des marionnettes repr\u00e9sentant des animaux, des personnages litt\u00e9raires et des cr\u00e9atures l\u00e9gendaires se r\u00e9unissent sous un m\u00eame toit. Le b\u00e2timent du mus\u00e9e est tout aussi int\u00e9ressant, car il s&rsquo;agit d&rsquo;un ancien couvent transform\u00e9 en th\u00e9\u00e2tre de marionnettes au sein de la chapelle.&nbsp;<\/p>\n<ul>\n<li><strong>Adresse<\/strong> : Rua da Esperan\u00e7a 146<\/li>\n<li>Amenez vos enfants au mus\u00e9e ou consultez nos suggestions des <a href=\"https:\/\/lisbontouristinformation.com\/fr\/choses-a-faire-a-lisbonne\/choses-a-faire-avec-vos-enfants-a-lisbonne\/\" style=\"outline: none;\">15 meilleures activit\u00e9s pour les enfants \u00e0 Lisbonne.<\/a><\/li>\n<\/ul>\n<h2 id=\"t-1654172327164\" style=\"\"><strong>4. Mus\u00e9e national du carrelage<\/strong><\/h2>\n<p> [tcb-script async=\u00a0\u00bb\u00a0\u00bb src=\u00a0\u00bb\/\/www.instagram.com\/embed.js\u00a0\u00bb][\/tcb-script]<\/p>\n<p>\u00c0 partir du XVe si\u00e8cle, le Mus\u00e9e national du carrelage met en \u00e9vidence la progression de l&rsquo;art et du style des carreaux portugais au cours des six si\u00e8cles suivants. Entrelac\u00e9 avec l&rsquo;histoire portugaise, l&rsquo;azulejo repr\u00e9sente les changements de culture, les tendances et les influences \u00e9trang\u00e8res. Situ\u00e9 dans l&rsquo;ancien couvent de Madre de Deus, le b\u00e2timent pr\u00e9sente de nombreuses caract\u00e9ristiques int\u00e9ressantes \u00e0 explorer, telles que ses d\u00e9tails architecturaux Manuline. Certaines des expositions les plus populaires sont la peinture murale de Lisbonne avant qu&rsquo;elle ne soit d\u00e9truite par le tremblement de terre de 1755 et l&rsquo;instrument astronomique repr\u00e9sent\u00e9 sur le drapeau du pays. En sortant, assurez-vous de prendre une tuile de la boutique de cadeaux en souvenir de Lisbonne. &nbsp;<\/p>\n<ul>\n<li><strong>Adresse<\/strong> : R. Me. Deus 4<\/li>\n<\/ul>\n<p>Le Mus\u00e9e national du carrelage fait partie de la <a href=\"https:\/\/web.yourmobileguide.com\/tabs\/tour-page\/472\" target=\"_blank\" style=\"outline: none;\" rel=\"noopener\">visite guid\u00e9e audio de Lisbonne, <span style=\"text-decoration: underline;\">The Taste of Alfama,<\/span><\/a><span style=\"text-decoration: underline;\">&nbsp;<\/span> qui explore le quartier le plus historique de la ville.&nbsp;<\/p>\n<h2 id=\"t-1654172327165\" style=\"\"><strong>5. Mus\u00e9e Calouste Gulbenkian<\/strong><\/h2>\n<p> [tcb-script async=\u00a0\u00bb\u00a0\u00bb src=\u00a0\u00bb\/\/www.instagram.com\/embed.js\u00a0\u00bb][\/tcb-script]<\/p>\n<p>La formidable collection d&rsquo;art du mus\u00e9e Calouste Gulbenkian englobe des cultures du monde entier, de l&rsquo;Asie \u00e0 l&rsquo;Europe, de la M\u00e9sopotamie au Portugal contemporain. Autrefois possessions du riche philanthrope Calouste Gulbenkian, les plus de 6000 objets de d\u00e9coration sont expos\u00e9s au public. Comme Gulbenkian s&rsquo;est particuli\u00e8rement int\u00e9ress\u00e9 \u00e0 l&rsquo;art islamique, vous y trouverez une belle collection pr\u00e9sentant les talents et les comp\u00e9tences d&rsquo;artistes issus de ce milieu. Si la couverture des cultures et des \u00e9poques du mus\u00e9e Calouste Gulbenkian est remarquable, c&rsquo;est la collection moderne d&rsquo;artistes portugais qui honore leur soci\u00e9t\u00e9 et leur histoire. Une fois que vous avez termin\u00e9 \u00e0 l&rsquo;int\u00e9rieur du mus\u00e9e, promenez-vous dans les jardins Gulbenkian et profitez de l&rsquo;am\u00e9nagement paysager et du petit lac.&nbsp;<\/p>\n<ul>\n<li><strong>Adresse :<\/strong> Av. de Berne 45A<\/li>\n<li>Non loin du mus\u00e9e se trouvent de nombreux <a href=\"https:\/\/lisbontouristinformation.com\/fr\/hotels-a-lisbonne\/hotels-pour-groupes-a-lisbonne\/\" style=\"outline: none;\">h\u00f4tels parmi les meilleurs de Lisbonne pour les \u00e9v\u00e9nements et les r\u00e9servations de groupe<\/a>.&nbsp;Assurez-vous de consulter nos recommandations sur les endroits o\u00f9 s\u00e9journer ou contactez notre <a href=\"https:\/\/lisbontouristinformation.com\/fr\/voyage-de-groupe-a-lisbonne\/\" style=\"outline: none;\">service MICE pour des r\u00e9ductions et des r\u00e9servations d&rsquo;h\u00f4tels de groupe.<\/a><\/li>\n<\/ul>\n<h2 id=\"t-1654172327166\" style=\"\"><strong>6. Mus\u00e9e MAAT (Mus\u00e9e d&rsquo;art, d&rsquo;architecture et de technologie)<\/strong><\/h2>\n<p> [tcb-script async=\u00a0\u00bb\u00a0\u00bb src=\u00a0\u00bb\/\/www.instagram.com\/embed.js\u00a0\u00bb][\/tcb-script]<\/p>\n<p>L&rsquo;architecture et la conception du b\u00e2timent MAAT sont sans doute aussi innovantes que les expositions \u00e0 l&rsquo;int\u00e9rieur. Situ\u00e9 au bord de la rivi\u00e8re \u00e0 Bel\u00e9m, ce mus\u00e9e blanc, \u00e9l\u00e9gant et recouvert de tuiles semble rouler comme une vague, coulant doucement dans l&rsquo;imposante centrale \u00e9lectrique en brique du XXe si\u00e8cle \u00e0 c\u00f4t\u00e9. Le contraste des deux structures \u00e9claire les progr\u00e8s et le d\u00e9veloppement qui ont \u00e9t\u00e9 r\u00e9alis\u00e9s non seulement au Portugal mais dans l&rsquo;humanit\u00e9. Les expositions tournantes \u00e0 l&rsquo;int\u00e9rieur sont une combinaison d&rsquo;arts visuels m\u00e9lang\u00e9s \u00e0 la technologie qui visent \u00e0 provoquer la discussion, la pens\u00e9e critique et l&rsquo;imagination qui engagent les visiteurs de tous \u00e2ges. Pour une exp\u00e9rience inoubliable, rendez-vous sur le toit-terrasse au coucher du soleil.&nbsp;<\/p>\n<ul>\n<li><strong>Adresse :<\/strong> Av. Brasilia<\/li>\n<\/ul>\n<p>Le beau temps de Lisbonne signifie que c&rsquo;est une ville pour prendre un verre sur les terrasses et \u00e0 l&rsquo;ext\u00e9rieur. Consultez notre liste des <a href=\"https:\/\/lisbontourishttps:\/\/lisbontouristinformation.com\/fr\/guide-lifestyle-a-lisbonne\/restaurants-a-lisbonne\/meilleurs-rooftops-a-lisbonne\/tinformation.com\/fr\/lifestyle\/restaurants-in-lisbon\/best-rooftops-in-lisbon\/\" style=\"outline: none;\">12 meilleurs rooftops de Lisbonne<\/a> o\u00f9 vous pourrez d\u00e9guster un repas ou un verre.&nbsp;<\/p>\n<h2 id=\"t-1654172327167\" style=\"\"><strong>7. Mus\u00e9e du fado<\/strong><\/h2>\n<p> [tcb-script async=\u00a0\u00bb\u00a0\u00bb src=\u00a0\u00bb\/\/www.instagram.com\/embed.js\u00a0\u00bb][\/tcb-script]<\/p>\n<p>Le fado est la musique \u00e9mouvante du Portugal qui a commenc\u00e9 avec des histoires de chagrin chant\u00e9es par des femmes qui aspirent \u00e0 leurs amants en mer. Au mus\u00e9e du Fado, d\u00e9couvrez comment la musique \u00e9voque des sentiments de m\u00e9lancolie, de passion et de <em>saudade<\/em> &#8211; l&rsquo;\u00e9motion de manquer quelque chose qui n&rsquo;existe plus. Les expositions sont une compilation de spectacles audiovisuels, d&rsquo;instruments de musique, d&rsquo;archives musicales, de photographies et de films et se concentrent sur les chanteurs et les compositeurs derri\u00e8re des g\u00e9n\u00e9rations de Fado. Des spectacles en direct ont souvent lieu dans le caf\u00e9 du mus\u00e9e et si vous \u00eates en visite le week-end, vous aurez peut-\u00eatre la chance d&rsquo;en assister \u00e0 un.&nbsp;<\/p>\n<ul>\n<li><strong>Adresse :<\/strong> Alfama, Largo do Chafariz de Dentro 1<\/li>\n<\/ul>\n<h2 id=\"t-1654172327168\" style=\"\"><strong>8. Mus\u00e9e national d&rsquo;art ancien<\/strong><\/h2>\n<p> [tcb-script async=\u00a0\u00bb\u00a0\u00bb src=\u00a0\u00bb\/\/www.instagram.com\/embed.js\u00a0\u00bb][\/tcb-script]<\/p>\n<p>Entrez dans le remarquable ancien palais du XVIIe si\u00e8cle qui abrite le Mus\u00e9e national d&rsquo;art ancien et explorez les tr\u00e9sors qui d\u00e9finissent le pass\u00e9 du Portugal. Des objets du Moyen \u00c2ge au XIXe si\u00e8cle t\u00e9moignent de la port\u00e9e mondiale du pays et de la richesse acquise et investie dans l&rsquo;art. Le mus\u00e9e est si grand qu&rsquo;il est difficile de le couvrir correctement en une journ\u00e9e, mais lors de votre visite, assurez-vous de ne pas sauter la peinture du XVe si\u00e8cle, les <em>Panneaux de Saint Vincent de&nbsp;<\/em> Nuno Gon\u00e7alves ou&nbsp; le <em>Miracle de Saint Eus\u00e8be de Cr\u00e9mone de Rapha\u00ebl. <\/em>&nbsp;<em>&nbsp;<\/em>Apr\u00e8s avoir visit\u00e9 le mus\u00e9e, d\u00e9tendez-vous dans le jardin arri\u00e8re qui est jumel\u00e9 \u00e0 un caf\u00e9 et une vue qui surplombe la rivi\u00e8re.&nbsp;&nbsp;&nbsp;&nbsp;&nbsp;&nbsp;&nbsp;&nbsp;&nbsp;&nbsp;&nbsp;&nbsp;&nbsp;&nbsp;&nbsp;&nbsp;&nbsp;&nbsp;&nbsp;&nbsp;&nbsp;&nbsp;&nbsp;&nbsp;&nbsp;&nbsp;&nbsp;&nbsp;&nbsp;&nbsp;&nbsp;&nbsp;&nbsp;&nbsp;&nbsp;&nbsp;&nbsp;&nbsp;&nbsp;&nbsp;&nbsp;&nbsp;&nbsp;&nbsp;&nbsp;&nbsp;&nbsp;&nbsp;&nbsp;&nbsp;&nbsp;&nbsp;&nbsp;&nbsp;&nbsp;&nbsp;&nbsp;&nbsp;&nbsp;&nbsp;&nbsp;&nbsp;<\/p>\n<ul>\n<li><strong>Adresse :<\/strong> R. das Janelas Verdes<\/li>\n<\/ul>\n<p>\u00c0 quelques pas du Mus\u00e9e National d&rsquo;Art Ancien se trouvent quelques-uns des <a href=\"https:\/\/lisbontouristinformation.com\/fr\/hotels-a-lisbonne\/boutique-hotels-a-lisbonne\/\" style=\"outline: none;\">meilleurs h\u00f4tels-boutiques de Lisbonne<\/a>.&nbsp;Assurez-vous de consulter notre liste compl\u00e8te avant de faire une r\u00e9servation!<\/p>\n<h2 id=\"t-1654172327169\" style=\"\"><strong>9. Mus\u00e9e national des carrosses<\/strong><\/h2>\n<p> [tcb-script async=\u00a0\u00bb\u00a0\u00bb src=\u00a0\u00bb\/\/www.instagram.com\/embed.js\u00a0\u00bb][\/tcb-script]<\/p>\n<p>La collection expos\u00e9e au National Coach Museum repr\u00e9sente des cal\u00e8ches du monde entier. Plus qu&rsquo;un simple moyen de transport d&rsquo;une \u00e9poque r\u00e9volue, ces chariots sont de v\u00e9ritables \u0153uvres d&rsquo;art. Le Mus\u00e9e national des carrosses, situ\u00e9 dans une ancienne \u00e9cole d&rsquo;\u00e9quitation, poss\u00e8de l&rsquo;une des collections les plus vastes et les plus importantes au monde. De nombreuses voitures du mus\u00e9e appartenaient autrefois \u00e0 des membres de la famille royale ou \u00e0 des personnalit\u00e9s religieuses de haut rang. Commen\u00e7ant au XVIe si\u00e8cle et se poursuivant jusqu&rsquo;au XIXe, ils honorent l&rsquo;\u00e9volution des transports avant l&rsquo;invention de l&rsquo;automobile.&nbsp;<\/p>\n<ul>\n<li><strong>Adresse :<\/strong> Av. d&rsquo;Inde 136<\/li>\n<\/ul>\n<h2 id=\"t-1654172327170\" style=\"\"><strong>10. Le Mus\u00e9e National d&rsquo;Art Contemporain<\/strong>&nbsp;<\/h2>\n<p>Pour les amateurs d&rsquo;art, le Mus\u00e9e national d&rsquo;art contemporain, situ\u00e9 dans un ancien couvent, ne manquera pas d&rsquo;impressionner. Se concentrant sur les genres contemporains, du naturalisme au symbolisme et du romantisme au modernisme, il met en lumi\u00e8re les r\u00e9alisations des cr\u00e9ateurs portugais et des artistes \u00e9trangers. &nbsp; &nbsp; &nbsp; &nbsp; &nbsp;&nbsp;<\/p>\n<ul>\n<li><strong>Adresse :<\/strong> &nbsp;R. Serpa Pinto 4<\/li>\n<\/ul>\n<p>Nous esp\u00e9rons que cette liste vous a \u00e9t\u00e9 utile pour planifier votre voyage \u00e0 Lisbonne. N&rsquo;oubliez pas de consulter \u00e9galement notre guide d&rsquo;un <a href=\"https:\/\/lisbontouristinformation.com\/fr\/organiser-votre-voyage-a-lisbonne\/lisbonne-en-3-jours\/\" style=\"outline: none;\">itin\u00e9raire de 3 jours \u00e0 Lisbonne<\/a>, un guide&nbsp;<a href=\"https:\/\/lisbontouristinformation.com\/fr\/organiser-votre-voyage-a-lisbonne\/meilleurs-quartiers-de-lisbonne\/\" style=\"outline: none;\">des quartiers les plus populaires de Lisbonne<\/a> et un <a href=\"https:\/\/lisbontouristinformation.com\/fr\/guide-lifestyle-a-lisbonne\/\" style=\"outline: none;\">guide du mode de vie de Lisbonne<\/a>.&nbsp;<\/p>\n<p><strong>\u2192 Nous pouvons \u00e9galement vous aider avec des <a href=\"https:\/\/lisbontouristinformation.com\/fr\/voyage-de-groupe-a-lisbonne\/\" style=\"outline: none;\">\u00e9v\u00e9nements, des h\u00f4tels, de la restauration et d&rsquo;autres r\u00e9servations et r\u00e9servations sp\u00e9cialis\u00e9es \u00e0 Lisbonne<\/a>.<\/strong><\/p>\n<h2 id=\"t-1654171655544\" style=\"\" data-hide=\"true\">Lisbonne Visites et billets<\/h2>\n<p>D\u00e9couvrez Lisbonne aujourd&rsquo;hui avec les visites et les billets les plus populaires sans faire la queue.<\/p>\n<h2 style=\"\" id=\"t-1638345445684\" data-hide=\"true\">Articles Li\u00e9s:<\/h2>\n<p><a href=\"https:\/\/lisbontouristinformation.com\/fr\/choses-a-faire-a-lisbonne\/choses-a-faire-avec-vos-enfants-a-lisbonne\/\" dynamic-postlink=\"tcb_post_the_permalink\" data-shortcode-id=\"67\"><\/a><\/p>\n<h3 style=\"text-align: center; padding-top: 0px !important; margin-top: 0px !important;\"><span data-attr-link=\"1\" data-attr-rel=\"0\" data-attr-target=\"0\" data-extra_key=\"\" data-option-inline=\"1\" data-shortcode=\"tcb_post_title\" data-shortcode-name=\"Post title\" data-attr-css=\"\" data-attr-static-link=\"{&quot;className&quot;:&quot;tve-froala fr-basic&quot;,&quot;href&quot;:&quot;https:\/\/lisbontouristinformation.com\/fr\/choses-a-faire-a-lisbonne\/choses-a-faire-avec-vos-enfants-a-lisbonne\/&quot;,&quot;title&quot;:&quot;15 Choses \u00e0 Faire avec vos enfants \u00e0 Lisbonne&quot;,&quot;class&quot;:&quot;tve-froala fr-basic&quot;}\" style=\"\"><a href=\"https:\/\/lisbontouristinformation.com\/fr\/choses-a-faire-a-lisbonne\/choses-a-faire-avec-vos-enfants-a-lisbonne\/\" title=\"15 Choses \u00e0 Faire avec vos enfants \u00e0 Lisbonne\" data-css=\"\">15 Choses \u00e0 Faire avec vos enfants \u00e0 Lisbonne<\/a><\/span><\/h3>\n<p><a href=\"https:\/\/lisbontouristinformation.com\/fr\/choses-a-faire-a-lisbonne\/choses-a-faire-avec-vos-enfants-a-lisbonne\/\" style=\"\"><span style=\"\"><span style=\"\">Lire la suite<\/span><\/span><\/a><a href=\"https:\/\/lisbontouristinformation.com\/fr\/choses-a-faire-a-lisbonne\/sous-la-pluie-a-lisbonne\/\" dynamic-postlink=\"tcb_post_the_permalink\" data-shortcode-id=\"67\"><\/a><\/p>\n<h3 style=\"text-align: center; padding-top: 0px !important; margin-top: 0px !important;\"><span data-attr-link=\"1\" data-attr-rel=\"0\" data-attr-target=\"0\" data-extra_key=\"\" data-option-inline=\"1\" data-shortcode=\"tcb_post_title\" data-shortcode-name=\"Post title\" data-attr-css=\"\" data-attr-static-link=\"{&quot;className&quot;:&quot;tve-froala fr-basic&quot;,&quot;href&quot;:&quot;https:\/\/lisbontouristinformation.com\/fr\/choses-a-faire-a-lisbonne\/choses-a-faire-avec-vos-enfants-a-lisbonne\/&quot;,&quot;title&quot;:&quot;15 Choses \u00e0 Faire avec vos enfants \u00e0 Lisbonne&quot;,&quot;class&quot;:&quot;tve-froala fr-basic&quot;}\" style=\"\"><a href=\"https:\/\/lisbontouristinformation.com\/fr\/choses-a-faire-a-lisbonne\/sous-la-pluie-a-lisbonne\/\" title=\"15 Choses \u00e0 Faire sous la Pluie \u00e0 Lisbonne\" data-css=\"\">15 Choses \u00e0 Faire sous la Pluie \u00e0 Lisbonne<\/a><\/span><\/h3>\n<p><a href=\"https:\/\/lisbontouristinformation.com\/fr\/choses-a-faire-a-lisbonne\/sous-la-pluie-a-lisbonne\/\" style=\"\"><span style=\"\"><span style=\"\">Lire la suite<\/span><\/span><\/a><a href=\"https:\/\/lisbontouristinformation.com\/fr\/choses-a-faire-a-lisbonne\/\" dynamic-postlink=\"tcb_post_the_permalink\" data-shortcode-id=\"67\"><\/a><\/p>\n<h3 style=\"text-align: center; padding-top: 0px !important; margin-top: 0px !important;\"><span data-attr-link=\"1\" data-attr-rel=\"0\" data-attr-target=\"0\" data-extra_key=\"\" data-option-inline=\"1\" data-shortcode=\"tcb_post_title\" data-shortcode-name=\"Post title\" data-attr-css=\"\" data-attr-static-link=\"{&quot;className&quot;:&quot;tve-froala fr-basic&quot;,&quot;href&quot;:&quot;https:\/\/lisbontouristinformation.com\/fr\/choses-a-faire-a-lisbonne\/choses-a-faire-avec-vos-enfants-a-lisbonne\/&quot;,&quot;title&quot;:&quot;15 Choses \u00e0 Faire avec vos enfants \u00e0 Lisbonne&quot;,&quot;class&quot;:&quot;tve-froala fr-basic&quot;}\" style=\"\"><a href=\"https:\/\/lisbontouristinformation.com\/fr\/choses-a-faire-a-lisbonne\/\" title=\"50 Choses \u00e0 Faire \u00e0 Lisbonne\" data-css=\"\">50 Choses \u00e0 Faire \u00e0 Lisbonne<\/a><\/span><\/h3>\n<p><a href=\"https:\/\/lisbontouristinformation.com\/fr\/choses-a-faire-a-lisbonne\/\" style=\"\"><span style=\"\"><span style=\"\">Lire la suite<\/span><\/span><\/a><\/p>\n","protected":false},"excerpt":{"rendered":"<p>Lisbonne est connue pour ses sept collines, ses vues dignes d&rsquo;une carte postale et sa proximit\u00e9 avec l&rsquo;oc\u00e9an Atlantique.&nbsp; Sa r\u00e9putation de fruits de mer de classe mondiale et de vin incroyablement bon march\u00e9 mais de haute qualit\u00e9 a fait son chemin \u00e0 travers les continents. Mais Lisbonne abrite \u00e9galement d&rsquo;autres caract\u00e9ristiques int\u00e9ressantes, telles que [&hellip;]<\/p>\n","protected":false},"author":18,"featured_media":5520,"parent":67,"menu_order":0,"comment_status":"open","ping_status":"closed","template":"","meta":{"footnotes":""},"tags":[91,88],"class_list":["post-586","page","type-page","status-publish","has-post-thumbnail","hentry","tag-museums","tag-things-to-do","post-wrapper","thrv_wrapper"],"_links":{"self":[{"href":"https:\/\/lisbontouristinformation.com\/fr\/wp-json\/wp\/v2\/pages\/586","targetHints":{"allow":["GET"]}}],"collection":[{"href":"https:\/\/lisbontouristinformation.com\/fr\/wp-json\/wp\/v2\/pages"}],"about":[{"href":"https:\/\/lisbontouristinformation.com\/fr\/wp-json\/wp\/v2\/types\/page"}],"author":[{"embeddable":true,"href":"https:\/\/lisbontouristinformation.com\/fr\/wp-json\/wp\/v2\/users\/18"}],"replies":[{"embeddable":true,"href":"https:\/\/lisbontouristinformation.com\/fr\/wp-json\/wp\/v2\/comments?post=586"}],"version-history":[{"count":0,"href":"https:\/\/lisbontouristinformation.com\/fr\/wp-json\/wp\/v2\/pages\/586\/revisions"}],"up":[{"embeddable":true,"href":"https:\/\/lisbontouristinformation.com\/fr\/wp-json\/wp\/v2\/pages\/67"}],"wp:featuredmedia":[{"embeddable":true,"href":"https:\/\/lisbontouristinformation.com\/fr\/wp-json\/wp\/v2\/media\/5520"}],"wp:attachment":[{"href":"https:\/\/lisbontouristinformation.com\/fr\/wp-json\/wp\/v2\/media?parent=586"}],"wp:term":[{"taxonomy":"post_tag","embeddable":true,"href":"https:\/\/lisbontouristinformation.com\/fr\/wp-json\/wp\/v2\/tags?post=586"}],"curies":[{"name":"wp","href":"https:\/\/api.w.org\/{rel}","templated":true}]}}