{"id":5769,"date":"2022-05-25T12:43:42","date_gmt":"2022-05-25T10:43:42","guid":{"rendered":"https:\/\/lisbontouristinformation.com\/fr\/?page_id=5769"},"modified":"2022-08-15T15:43:51","modified_gmt":"2022-08-15T14:43:51","slug":"ou-loger-a-lisbonne","status":"publish","type":"page","link":"https:\/\/lisbontouristinformation.com\/fr\/hotels-a-lisbonne\/ou-loger-a-lisbonne\/","title":{"rendered":"O\u00f9 loger \u00e0 Lisbonne ? 5 quartiers \u00e0 conna\u00eetre"},"content":{"rendered":"<p dir=\"ltr\">L&rsquo;une des plus grandes caract\u00e9ristiques de la capitale du Portugal est qu&rsquo;elle est petite!&nbsp;Il n&rsquo;y a presque aucun endroit o\u00f9 vous ne pouvez pas vous rendre \u00e0 pied, ce qui en fait la ville id\u00e9ale pour ceux qui cherchent \u00e0 explorer sans tracas. Alors que la ville dispose de syst\u00e8mes de transport en commun tr\u00e8s efficaces, des tramways jaunes embl\u00e9matiques au magnifique train c\u00f4tier, ceux qui s\u00e9journent dans le centre-ville n&rsquo;auront gu\u00e8re besoin de s&rsquo;y fier.&nbsp;<\/p>\n<p dir=\"ltr\">Lisbonne a une vari\u00e9t\u00e9 de beaux quartiers o\u00f9 s\u00e9journer qui offrent diff\u00e9rentes exp\u00e9riences et <strong>savoir o\u00f9 s\u00e9journer est la cl\u00e9<\/strong> pour commencer de bonnes vacances.&nbsp;<\/p>\n<p dir=\"ltr\">Nous avons cr\u00e9\u00e9 ce guide des cinq meilleurs quartiers de Lisbonne et des quartiers les plus centraux. Les h\u00f4tels, les attractions et les entreprises r\u00e9pondent \u00e0 tous les besoins des voyageurs, que vous soyez ici pour <a href=\"https:\/\/lisbontouristinformation.com\/fr\/choses-a-faire-a-lisbonne\/choses-a-faire-avec-vos-enfants-a-lisbonne\/\" style=\"outline: none;\">des vacances en famille<\/a>,&nbsp;une lune de&nbsp;<a href=\"https:\/\/lisbontouristinformation.com\/fr\/hotels-a-lisbonne\/lune-de-miel-a-lisbonne\/\" style=\"outline: none;\">miel<\/a> ou simplement pour affaires. Savoir comment vous voulez passer votre journ\u00e9e de vacances et ce que vous aimeriez voir et avoir acc\u00e8s commence par l&rsquo;endroit o\u00f9 vous s\u00e9journez!<\/p>\n<h2 dir=\"ltr\">1. Quartier d&rsquo;Alfama \u00e0 Lisbonne<\/h2>\n<p><span><img decoding=\"async\" loading=\"lazy\" alt=\"Matin \u00e0 Alfama \u00e0 Lisbonne\" data-id=\"6464\" width=\"702\" data-init-width=\"1000\" height=\"468\" data-init-height=\"667\" title=\"Matin \u00e0 Alfama \u00e0 Lisbonne\" src=\"https:\/\/lisbontouristinformation.com\/fr\/wp-content\/uploads\/2022\/06\/Morning-in-Alfama-in-Lisbon-1.jpg\" data-width=\"702\" data-height=\"468\"><\/span><\/p>\n<p dir=\"ltr\">Le quartier le plus connu de Lisbonne est peut-\u00eatre l&rsquo;historique Alfama. L&rsquo;un des quartiers les plus anciens d&rsquo;Europe, Alfama a des racines qui remontent \u00e0 l&rsquo;\u00e9poque romaine. Il a ensuite \u00e9t\u00e9 occup\u00e9 par les Maures et enfin les p\u00eacheurs portugais vers le 14\u00e8me si\u00e8cle. Beaucoup remarquent qu&rsquo;Alfama <strong>ressemble \u00e0 un village dans la capitale<\/strong>, avec ses rues \u00e9troites en forme de labyrinthe, ses maisons color\u00e9es et pittoresques o\u00f9 les habitants discutent entre eux de l&rsquo;autre c\u00f4t\u00e9 de la rue depuis leurs rebords de fen\u00eatres et leurs march\u00e9s et caf\u00e9s familiaux, o\u00f9 les g\u00e9n\u00e9rations plus \u00e2g\u00e9es s&rsquo;assoient dehors et d\u00e9gustez des verres de vin en fin d&rsquo;apr\u00e8s-midi.&nbsp;<\/p>\n<p dir=\"ltr\"><a href=\"https:\/\/lisbontouristinformation.com\/fr\/choses-a-faire-a-lisbonne\/vues-panoramiques-de-lisbonne\/\" style=\"outline: none;\">Alfama offre les meilleurs points de vue de la ville<\/a>, une architecture pittoresque, &nbsp;<a href=\"https:\/\/lisbontouristinformation.com\/fr\/guide-lifestyle-a-lisbonne\/restaurants-a-lisbonne\/meilleurs-cafes-a-lisbonne\/\" style=\"outline: none;\">les boulangeries et les caf\u00e9s les plus populaires de Lisbonne<\/a>, des tavernes o\u00f9 le fado est jou\u00e9 tous les soirs et d&rsquo;innombrables&nbsp;<a href=\"https:\/\/lisbontouristinformation.com\/fr\/guide-lifestyle-a-lisbonne\/shopping-a-lisbonne\/\" style=\"outline: none;\">boutiques d&rsquo;artisans souvenirs<\/a> o\u00f9 sont vendus des carreaux, des c\u00e9ramiques et des tissus. Fl\u00e2ner dans les rues pav\u00e9es et extr\u00eamement vallonn\u00e9es d&rsquo;Alfama vous mettra en compagnie <strong>des plus grandes attractions de la ville<\/strong>, telles que la&nbsp;<a href=\"https:\/\/lisbontouristinformation.com\/fr\/choses-a-faire-a-lisbonne\/cathedrale-de-lisbonne\/\" style=\"outline: none;\">cath\u00e9drale de Lisbonne<\/a>, le mus\u00e9e national de l&rsquo;azulejo, Portas do Sol et Santa Luzia Miradouros et n&rsquo;oublions pas le&nbsp;<a href=\"https:\/\/lisbontouristinformation.com\/fr\/choses-a-faire-a-lisbonne\/chateau-de-sao-jorge\/\" style=\"outline: none;\">ch\u00e2teau S\u00e3o Jorge.<\/a>&nbsp;<\/p>\n<p dir=\"ltr\">Vous songez \u00e0 rester \u00e0 Alfama? Nous avons cr\u00e9\u00e9 un <a href=\"https:\/\/lisbontouristinformation.com\/fr\/organiser-votre-voyage-a-lisbonne\/meilleurs-quartiers-de-lisbonne\/quartier-alfama\/\" style=\"outline: none;\">guide complet d&rsquo;Alfama<\/a> pour explorer toutes les attractions incroyables que le quartier a \u00e0 offrir.<\/p>\n<p dir=\"ltr\"><strong>\u2192<\/strong> YourMobileGuide propose une <a href=\"https:\/\/web.yourmobileguide.com\/tabs\/tour-page\/472\" target=\"_blank\" style=\"outline: none;\" rel=\"noopener\">visite audioguid\u00e9e \u00e0 pied d&rsquo;Alfama<\/a>, o\u00f9 les utilisateurs peuvent explorer les&nbsp;<strong>principaux points forts du quartier<\/strong> et en apprendre davantage sur <strong>la cuisine, l&rsquo;histoire, l&rsquo;architecture et la culture portugaises de<\/strong> mani\u00e8re simple et agr\u00e9able.&nbsp;<\/p>\n<h2 dir=\"ltr\">2. Quartier Baixa \u00e0 Lisbonne<\/h2>\n<p><span><img decoding=\"async\" loading=\"lazy\" alt=\"\" data-id=\"6500\" width=\"702\" data-init-width=\"1000\" height=\"468\" data-init-height=\"667\" title=\"Quartier Baixa \u00e0 Lisbonne Portugal - Districts de Lisbonne\" src=\"https:\/\/lisbontouristinformation.com\/fr\/wp-content\/uploads\/2022\/06\/Districts-of-Lisbon-Baixa-Neighboorhood.jpg\" data-width=\"702\" data-height=\"468\"><\/span><\/p>\n<p dir=\"ltr\">Le <strong>centre m\u00eame de Lisbonne<\/strong> est Baixa, qui se consacre presque enti\u00e8rement au tourisme. Traversant directement le c\u0153ur de Baixa se trouve la Rua Augusta, l&rsquo;une des <a href=\"https:\/\/lisbontouristinformation.com\/fr\/guide-lifestyle-a-lisbonne\/shopping-a-lisbonne\/rues-commercantes-de-lisbonne\/\" style=\"outline: none;\">meilleures rues commer\u00e7antes de Lisbonne<\/a>, les principales attractions telles que l&rsquo;&nbsp;<a href=\"https:\/\/lisbontouristinformation.com\/fr\/choses-a-faire-a-lisbonne\/ascenseur-de-santa-justa\/\" style=\"outline: none;\">ascenseur de Santa Justa<\/a>, le mus\u00e9e de la mode et du design MUDE et les&nbsp;<a href=\"https:\/\/lisbontouristinformation.com\/fr\/guide-lifestyle-a-lisbonne\/restaurants-a-lisbonne\/meilleurs-restaurants-a-lisbonne\/\" style=\"outline: none;\">meilleurs restaurants de la ville<\/a>.<\/p>\n<p dir=\"ltr\">Au bord de la rivi\u00e8re Baixa se trouve la <strong><a href=\"https:\/\/lisbontouristinformation.com\/fr\/choses-a-faire-a-lisbonne\/place-du-commerce\/\" style=\"outline: none;\">Pra\u00e7a do Com\u00e9rcio<\/a><\/strong>, une grande place et un lieu de rassemblement populaire qui \u00e9tait l&rsquo;ancien emplacement du ch\u00e2teau royal.&nbsp;Passez sous l&rsquo;arche de la Rua Augusta et dirigez-vous vers le quartier commer\u00e7ant susmentionn\u00e9. Au sommet de Baixa se trouve la <a href=\"https:\/\/lisbontouristinformation.com\/fr\/choses-a-faire-a-lisbonne\/gare-du-rossio\/\" style=\"outline: none;\">place Rossio et la gare<\/a>, un autre lieu de rassemblement populaire et le point de d\u00e9part&nbsp;<a href=\"https:\/\/lisbontouristinformation.com\/fr\/organiser-votre-voyage-a-lisbonne\/guide-de-sintra-a-lisbonne\/\" style=\"outline: none;\">d&rsquo; excursions d&rsquo; une journ\u00e9e vers Sintra<\/a>.&nbsp;<\/p>\n<p dir=\"ltr\"><strong>Les rues de Baixa sont larges et plates<\/strong>, bord\u00e9es d&rsquo;une architecture de style Pombaline qui a \u00e9t\u00e9 construite apr\u00e8s le tremblement de terre de 1755. En tant que centre des quartiers touristiques de Lisbonne, elle s&rsquo;adresse g\u00e9n\u00e9ralement aux visiteurs plut\u00f4t qu&rsquo;aux locaux.&nbsp;Sachez que les prix ici peuvent \u00eatre un peu plus \u00e9lev\u00e9s, mais des menus avec plusieurs options de langue seront disponibles.<\/p>\n<p dir=\"ltr\">Dans cet article, vous pouvez d\u00e9couvrir le <a href=\"https:\/\/lisbontouristinformation.com\/fr\/choses-a-faire-a-lisbonne\/\" style=\"outline: none;\">Top 50 des choses \u00e0 faire \u00e0 Lisbonne<\/a>, dont beaucoup sont situ\u00e9es ici m\u00eame \u00e0 Baixa!<\/p>\n<h2 dir=\"ltr\">3. Quartier du Chiado \u00e0 Lisbonne<\/h2>\n<p><span><img decoding=\"async\" loading=\"lazy\" alt=\"\" data-id=\"6700\" width=\"702\" data-init-width=\"1000\" height=\"468\" data-init-height=\"667\" title=\"Quartier du Chiado \u00e0 Lisbonne au Portugal - O\u00f9 loger \u00e0 Lisbonne - Meilleur Quartier\" src=\"https:\/\/lisbontouristinformation.com\/fr\/wp-content\/uploads\/2022\/06\/Chiado-District-in-Lisbon-in-Portugal-Where-to-stay-best-Neighbourhood.jpg\" data-width=\"702\" data-height=\"468\"><\/span><\/p>\n<p dir=\"ltr\">Montez \u00e0 bord de l&rsquo; <a href=\"https:\/\/lisbontouristinformation.com\/fr\/choses-a-faire-a-lisbonne\/ascenseur-de-santa-justa\/\" style=\"outline: none;\">ascenseur de Santa Justa<\/a> \u00e0 Baixa et sortez en haut pour entrer dans le quartier chic du Chiado. Chiado offre certaines des <a href=\"https:\/\/lisbontouristinformation.com\/fr\/guide-lifestyle-a-lisbonne\/restaurants-a-lisbonne\/meilleurs-restaurants-a-lisbonne\/\" style=\"outline: none;\">meilleures options de restauration de Lisbonne<\/a>,&nbsp;<a href=\"https:\/\/lisbontouristinformation.com\/fr\/hotels-a-lisbonne\/boutique-hotels-a-lisbonne\/\" style=\"outline: none;\">des h\u00f4tels de charme<\/a> et des boutiques de luxe. Vous y trouverez de <strong>petites places, des th\u00e9\u00e2tres et de belles attractions historiques<\/strong>, telles que le couvent Carmo.&nbsp;<\/p>\n<p dir=\"ltr\">Le Chiado est un endroit id\u00e9al pour marcher sur les traces de l&rsquo;auteur bien-aim\u00e9 de Lisbonne, Fernando Pessoa, qui est honor\u00e9 sous forme de statue devant le <strong>c\u00e9l\u00e8bre Caf\u00e9 A Brasileira. <\/strong>Profitez d&rsquo;une pause ici, sirotez un expresso ou achetez un livre au march\u00e9 litt\u00e9raire du samedi.&nbsp;<\/p>\n<p dir=\"ltr\">Dirigez-vous vers la place principale Largo de Cam\u00f5es, un endroit id\u00e9al pour observer les gens, ou entrez dans la Biblioteca Cam\u00f5es, une biblioth\u00e8que fantastique qui ressemble plus \u00e0 un palais \u00e0 l&rsquo;int\u00e9rieur qu&rsquo;\u00e0 une biblioth\u00e8que. Les charmants tramways jaunes grondent dans le Chiado et le quartier a acc\u00e8s \u00e0 la plupart des <a href=\"https:\/\/lisbontouristinformation.com\/fr\/arrivee\/transports-en-commun-a-lisbonne\/\" style=\"outline: none;\">transports en commun<\/a> et se trouve \u00e0 moins de dix minutes \u00e0 pied du bord de la rivi\u00e8re. Certains des <a href=\"https:\/\/lisbontouristinformation.com\/fr\/hotels-a-lisbonne\/hotels-historiques-a-lisbonne\/\" style=\"outline: none;\">meilleurs h\u00f4tels historiques de Lisbonne<\/a> sont situ\u00e9s dans et autour du Chiado et si vous contactez notre <a href=\"https:\/\/lisbontouristinformation.com\/fr\/a-propos\/contact\/\" style=\"outline: none;\">service client,<\/a> nous pouvons vous aider \u00e0 trouver les meilleures offres pour votre r\u00e9servation.&nbsp;<\/p>\n<h2 dir=\"ltr\">4. Quartier du Bairro Alto \u00e0 Lisbonne<\/h2>\n<p><span><img decoding=\"async\" loading=\"lazy\" alt=\"\" data-id=\"6516\" width=\"702\" data-init-width=\"1000\" height=\"468\" data-init-height=\"667\" title=\"Quartier Barrio Alto \u00e0 Lisbonne au Portugal\" src=\"https:\/\/lisbontouristinformation.com\/fr\/wp-content\/uploads\/2022\/06\/Barrio-Alto-Neighbourhood-in-Lisbon-Portugal-20-Districts.jpg\" data-width=\"702\" data-height=\"468\"><\/span><\/p>\n<p dir=\"ltr\">Bairro Alto est le <strong>quartier boh\u00e8me d\u00e9tendu qui s&rsquo;anime la nuit<\/strong> avec une \u00e9nergie vorace qui dure jusqu&rsquo;au lever du soleil. Si vous recherchez de l&rsquo;excitation, des bars, des spectacles de musique, des discoth\u00e8ques et des foules qui se d\u00e9versent dans les rues, c&rsquo;est votre endroit.&nbsp;<\/p>\n<p dir=\"ltr\">Le <strong>quartier couvert d&rsquo;art de rue<\/strong> se trouve \u00e0 c\u00f4t\u00e9 du Chiado et du Pr\u00edncipe Real, moins touristique. Pendant la journ\u00e9e, des boutiques, des caf\u00e9s et des options de restauration fusion accueillent les visiteurs ainsi que des attractions embl\u00e9matiques, telles que la magnifique <a href=\"https:\/\/lisbontouristinformation.com\/fr\/choses-a-faire-a-lisbonne\/eglise-de-sao-roque\/\" style=\"outline: none;\">\u00e9glise de S\u00e3o Roque<\/a>.&nbsp;<\/p>\n<p dir=\"ltr\">Les <strong>rues vallonn\u00e9es du Bairro Alto sont mieux explor\u00e9es \u00e0 pied et sont le r\u00eave d&rsquo;un photographe devenu r\u00e9alit\u00e9<\/strong>.&nbsp;Des vues \u00e0 couper le souffle se font voir entre les ruelles \u00e9troites ainsi que le funiculaire Gloria instagrammable et peint en graffiti. Bairro Alto est amusant et divertissant, avec tant de plaisir pour les yeux. Le quartier attire les jeunes de Lisbonne, qui cherchent \u00e0 faire un peu de shopping ou \u00e0 siroter une sangria froide dans un caf\u00e9 en plein air.&nbsp;<\/p>\n<p dir=\"ltr\"><strong><a href=\"https:\/\/web.yourmobileguide.com\/tabs\/tour-page\/473\" target=\"_blank\" style=\"outline: none;\" rel=\"noopener\">\u2192 T\u00e9l\u00e9chargez cette visite audio-guid\u00e9e<\/a> facile \u00e0 utiliser du centre-ville de Lisbonne et familiarisez-vous avec le Bairro Alto et ses principales attractions.<\/strong><\/p>\n<h2 dir=\"ltr\">5. Avenida da Liberdade \u00e0 Lisbonne<\/h2>\n<p><span><img decoding=\"async\" loading=\"lazy\" alt=\"\" data-id=\"6706\" width=\"702\" data-init-width=\"1000\" height=\"526\" data-init-height=\"750\" title=\"Quartier Avenida da liberdade \u00e0 Lisbonne au Portugal\" src=\"https:\/\/lisbontouristinformation.com\/fr\/wp-content\/uploads\/2022\/06\/Avenida-da-Liberdade-in-Lisbon-in-Portugal.jpg\" data-width=\"702\" data-height=\"526\"><\/span><\/p>\n<p dir=\"ltr\">L&rsquo;Avenida da Liberdade est la <strong>plus grande rue<\/strong> qui traverse Lisbonne et elle traverse directement le c\u0153ur de la ville, reliant Baixa \u00e0 Pra\u00e7a Marqu\u00eas de Pombal et se terminant au parc Eduardo VII. La rue longue de plus d&rsquo;un kilom\u00e8tre est <strong>bord\u00e9e d&rsquo;arbres&nbsp;<\/strong> et parsem\u00e9e d&rsquo;adorables kiosques verts en forme de champignons, de statues, de fontaines et des <strong>noms les plus exclusifs de la mode<\/strong>.<\/p>\n<p dir=\"ltr\">Inspir\u00e9e des <a href=\"https:\/\/www.paristouristinformation.fr\/things-to-do\/avenue-des-champs-elysees\/\" style=\"outline: none;\" target=\"_blank\" rel=\"noopener\">Champs-\u00c9lys\u00e9es<\/a>, l&rsquo;Avenida da Liberdade est l&rsquo;une des&nbsp;<strong>rues les plus riches<\/strong> d&rsquo;Europe. Outre les d\u00e9taillants tels que Gucci, Versace et Cartier, vous d\u00e9couvrirez une s\u00e9rie des <a href=\"https:\/\/lisbontouristinformation.com\/fr\/hotels-a-lisbonne\/5-etoiles-a-lisbonne\/\" style=\"outline: none;\">meilleurs h\u00f4tels 5 \u00e9toiles de Lisbonne<\/a>,&nbsp;<a href=\"https:\/\/lisbontouristinformation.com\/fr\/guide-lifestyle-a-lisbonne\/restaurants-a-lisbonne\/meilleurs-rooftops-a-lisbonne\/\" style=\"outline: none;\">des restaurants branch\u00e9s et des bars sur les toits<\/a>, des th\u00e9\u00e2tres vintage et la plus belle architecture Art nouveau de la ville.&nbsp;Il y a beaucoup \u00e0 voir le long de ce boulevard, mais n&rsquo;oubliez pas de jeter un coup d&rsquo;\u0153il une ou deux fois \u00e0 vos pieds. Les larges trottoirs pr\u00e9sentent les c\u00e9l\u00e8bres pav\u00e9s noirs et blancs aux motifs \u00e9labor\u00e9s, ajoutant aux saveurs uniques de Lisbonne.&nbsp;<\/p>\n<p dir=\"ltr\">\n<p dir=\"ltr\">Malgr\u00e9 sa petite taille, <strong>Lisbonne est une ville riche en culture et en attractions<\/strong>.&nbsp;De nombreux autres <a href=\"https:\/\/lisbontouristinformation.com\/fr\/organiser-votre-voyage-a-lisbonne\/meilleurs-quartiers-de-lisbonne\/\" style=\"outline: none;\">quartiers<\/a> entourent ces cinq quartiers centraux et une longue liste de points forts vous attend. Consultez nos articles connexes ou <a href=\"https:\/\/lisbontouristinformation.com\/fr\/a-propos\/contact\/\" style=\"outline: none;\" target=\"_blank\" rel=\"noopener\">envoyez-nous un message<\/a>&nbsp;pour vous aider \u00e0 planifier un voyage inoubliable au Portugal!<\/p>\n<h2 dir=\"ltr\">Articles Li\u00e9s<\/h2>\n<p><a href=\"https:\/\/lisbontouristinformation.com\/fr\/hotels-a-lisbonne\/hotels-avec-piscine\/\" dynamic-postlink=\"tcb_post_the_permalink\" data-shortcode-id=\"5805\"><\/a><\/p>\n<h3 style=\"text-align: center; padding-top: 0px !important; margin-top: 0px !important;\"><span data-attr-link=\"1\" data-attr-rel=\"0\" data-attr-target=\"0\" data-extra_key=\"\" data-option-inline=\"1\" data-shortcode=\"tcb_post_title\" data-shortcode-name=\"Post title\" data-attr-css=\"\" data-attr-static-link=\"{&quot;className&quot;:&quot;tve-froala fr-basic&quot;,&quot;href&quot;:&quot;https:\/\/lisbontouristinformation.com\/fr\/hotels-a-lisbonne\/hotels-avec-piscine\/&quot;,&quot;title&quot;:&quot;12 Meilleurs H\u00f4tels avec Piscine \u00e0 Lisbonne&quot;,&quot;class&quot;:&quot;tve-froala fr-basic&quot;}\" style=\"\"><a href=\"https:\/\/lisbontouristinformation.com\/fr\/hotels-a-lisbonne\/hotels-avec-piscine\/\" title=\"12 Meilleurs H\u00f4tels avec Piscine \u00e0 Lisbonne\" data-css=\"\">12 Meilleurs H\u00f4tels avec Piscine \u00e0 Lisbonne<\/a><\/span><\/h3>\n<p><a href=\"https:\/\/lisbontouristinformation.com\/fr\/hotels-a-lisbonne\/hotels-avec-piscine\/\" style=\"\"><span style=\"\"><span style=\"\">Lire la suite<\/span><\/span><\/a><a href=\"https:\/\/lisbontouristinformation.com\/fr\/hotels-a-lisbonne\/hotels-du-centre-de-lisbonne\/\" dynamic-postlink=\"tcb_post_the_permalink\" data-shortcode-id=\"5805\"><\/a><\/p>\n<h3 style=\"text-align: center; padding-top: 0px !important; margin-top: 0px !important;\"><span data-attr-link=\"1\" data-attr-rel=\"0\" data-attr-target=\"0\" data-extra_key=\"\" data-option-inline=\"1\" data-shortcode=\"tcb_post_title\" data-shortcode-name=\"Post title\" data-attr-css=\"\" data-attr-static-link=\"{&quot;className&quot;:&quot;tve-froala fr-basic&quot;,&quot;href&quot;:&quot;https:\/\/lisbontouristinformation.com\/fr\/hotels-a-lisbonne\/hotels-avec-piscine\/&quot;,&quot;title&quot;:&quot;12 Meilleurs H\u00f4tels avec Piscine \u00e0 Lisbonne&quot;,&quot;class&quot;:&quot;tve-froala fr-basic&quot;}\" style=\"\"><a href=\"https:\/\/lisbontouristinformation.com\/fr\/hotels-a-lisbonne\/hotels-du-centre-de-lisbonne\/\" title=\"12 Meilleurs H\u00f4tels du Centre de Lisbonne : Alfama, Graca, Rossio\u2026\" data-css=\"\">12 Meilleurs H\u00f4tels du Centre de Lisbonne : Alfama, Graca, Rossio\u2026<\/a><\/span><\/h3>\n<p><a href=\"https:\/\/lisbontouristinformation.com\/fr\/hotels-a-lisbonne\/hotels-du-centre-de-lisbonne\/\" style=\"\"><span style=\"\"><span style=\"\">Lire la suite<\/span><\/span><\/a><a href=\"https:\/\/lisbontouristinformation.com\/fr\/hotels-a-lisbonne\/hotels-pour-groupes-a-lisbonne\/\" dynamic-postlink=\"tcb_post_the_permalink\" data-shortcode-id=\"5805\"><\/a><\/p>\n<h3 style=\"text-align: center; padding-top: 0px !important; margin-top: 0px !important;\"><span data-attr-link=\"1\" data-attr-rel=\"0\" data-attr-target=\"0\" data-extra_key=\"\" data-option-inline=\"1\" data-shortcode=\"tcb_post_title\" data-shortcode-name=\"Post title\" data-attr-css=\"\" data-attr-static-link=\"{&quot;className&quot;:&quot;tve-froala fr-basic&quot;,&quot;href&quot;:&quot;https:\/\/lisbontouristinformation.com\/fr\/hotels-a-lisbonne\/hotels-avec-piscine\/&quot;,&quot;title&quot;:&quot;12 Meilleurs H\u00f4tels avec Piscine \u00e0 Lisbonne&quot;,&quot;class&quot;:&quot;tve-froala fr-basic&quot;}\" style=\"\"><a href=\"https:\/\/lisbontouristinformation.com\/fr\/hotels-a-lisbonne\/hotels-pour-groupes-a-lisbonne\/\" title=\"12 Meilleurs H\u00f4tels pour groupes \u00e0 Lisbonne\" data-css=\"\">12 Meilleurs H\u00f4tels pour groupes \u00e0 Lisbonne<\/a><\/span><\/h3>\n<p><a href=\"https:\/\/lisbontouristinformation.com\/fr\/hotels-a-lisbonne\/hotels-pour-groupes-a-lisbonne\/\" style=\"\"><span style=\"\"><span style=\"\">Lire la suite<\/span><\/span><\/a><a href=\"https:\/\/lisbontouristinformation.com\/fr\/hotels-a-lisbonne\/lune-de-miel-a-lisbonne\/\" dynamic-postlink=\"tcb_post_the_permalink\" data-shortcode-id=\"5805\"><\/a><\/p>\n<h3 style=\"text-align: center; padding-top: 0px !important; margin-top: 0px !important;\"><span data-attr-link=\"1\" data-attr-rel=\"0\" data-attr-target=\"0\" data-extra_key=\"\" data-option-inline=\"1\" data-shortcode=\"tcb_post_title\" data-shortcode-name=\"Post title\" data-attr-css=\"\" data-attr-static-link=\"{&quot;className&quot;:&quot;tve-froala fr-basic&quot;,&quot;href&quot;:&quot;https:\/\/lisbontouristinformation.com\/fr\/hotels-a-lisbonne\/hotels-avec-piscine\/&quot;,&quot;title&quot;:&quot;12 Meilleurs H\u00f4tels avec Piscine \u00e0 Lisbonne&quot;,&quot;class&quot;:&quot;tve-froala fr-basic&quot;}\" style=\"\"><a href=\"https:\/\/lisbontouristinformation.com\/fr\/hotels-a-lisbonne\/lune-de-miel-a-lisbonne\/\" title=\"16 H\u00f4tels Romantiques pour Votre Lune de miel \u00e0 Lisbonne\" data-css=\"\">16 H\u00f4tels Romantiques pour Votre Lune de miel \u00e0 Lisbonne<\/a><\/span><\/h3>\n<p><a href=\"https:\/\/lisbontouristinformation.com\/fr\/hotels-a-lisbonne\/lune-de-miel-a-lisbonne\/\" style=\"\"><span style=\"\"><span style=\"\">Lire la suite<\/span><\/span><\/a><\/p>\n","protected":false},"excerpt":{"rendered":"<p>L&rsquo;une des plus grandes caract\u00e9ristiques de la capitale du Portugal est qu&rsquo;elle est petite!&nbsp;Il n&rsquo;y a presque aucun endroit o\u00f9 vous ne pouvez pas vous rendre \u00e0 pied, ce qui en fait la ville id\u00e9ale pour ceux qui cherchent \u00e0 explorer sans tracas. Alors que la ville dispose de syst\u00e8mes de transport en commun tr\u00e8s [&hellip;]<\/p>\n","protected":false},"author":20,"featured_media":5943,"parent":1903,"menu_order":0,"comment_status":"closed","ping_status":"closed","template":"","meta":{"footnotes":""},"tags":[75],"class_list":["post-5769","page","type-page","status-publish","has-post-thumbnail","hentry","tag-lisbon-hotels","post-wrapper","thrv_wrapper"],"_links":{"self":[{"href":"https:\/\/lisbontouristinformation.com\/fr\/wp-json\/wp\/v2\/pages\/5769","targetHints":{"allow":["GET"]}}],"collection":[{"href":"https:\/\/lisbontouristinformation.com\/fr\/wp-json\/wp\/v2\/pages"}],"about":[{"href":"https:\/\/lisbontouristinformation.com\/fr\/wp-json\/wp\/v2\/types\/page"}],"author":[{"embeddable":true,"href":"https:\/\/lisbontouristinformation.com\/fr\/wp-json\/wp\/v2\/users\/20"}],"replies":[{"embeddable":true,"href":"https:\/\/lisbontouristinformation.com\/fr\/wp-json\/wp\/v2\/comments?post=5769"}],"version-history":[{"count":0,"href":"https:\/\/lisbontouristinformation.com\/fr\/wp-json\/wp\/v2\/pages\/5769\/revisions"}],"up":[{"embeddable":true,"href":"https:\/\/lisbontouristinformation.com\/fr\/wp-json\/wp\/v2\/pages\/1903"}],"wp:featuredmedia":[{"embeddable":true,"href":"https:\/\/lisbontouristinformation.com\/fr\/wp-json\/wp\/v2\/media\/5943"}],"wp:attachment":[{"href":"https:\/\/lisbontouristinformation.com\/fr\/wp-json\/wp\/v2\/media?parent=5769"}],"wp:term":[{"taxonomy":"post_tag","embeddable":true,"href":"https:\/\/lisbontouristinformation.com\/fr\/wp-json\/wp\/v2\/tags?post=5769"}],"curies":[{"name":"wp","href":"https:\/\/api.w.org\/{rel}","templated":true}]}}