{"id":556,"date":"2020-06-11T08:16:55","date_gmt":"2020-06-11T06:16:55","guid":{"rendered":"http:\/\/berlincitytrips.com\/?page_id=556"},"modified":"2022-08-12T00:58:35","modified_gmt":"2022-08-11T23:58:35","slug":"gares-de-train-a-lisbonne","status":"publish","type":"page","link":"https:\/\/lisbontouristinformation.com\/fr\/arrivee\/gares-de-train-a-lisbonne\/","title":{"rendered":"Guide des Gares de Train \u00e0 Lisbonne : Acc\u00e8s et Billets"},"content":{"rendered":"<h2 id=\"t-1653396124916\" data-hide=\"true\" style=\"\">Lisbonne poss\u00e8de plusieurs gares, les plus importantes pour les touristes \u00e9tant <b>Rossio<\/b> et <b>Cais do Sodr\u00e9<\/b> .<\/h2>\n<p style=\"\">En tant que visiteur de Lisbonne, vous \u00eates susceptible de voyager beaucoup moins en train et davantage en transports locaux tels que le m\u00e9tro, le tram et le bus. Cependant, il vaut la peine de conna\u00eetre les trains, surtout si vous pr\u00e9voyez une excursion d&rsquo;une journ\u00e9e \u00e0 la plage ou un voyage dans d&rsquo;autres endroits du Portugal.<\/p>\n<p style=\"\">Sur cette page, vous trouverez une <b>br\u00e8ve description des principales gares <\/b><b>de Lisbonne, leur emplacement<\/b> et comment r\u00e9server un billet vers et depuis celles-ci.<\/p>\n<p style=\"\">Commen\u00e7ons!<\/p>\n<h2 id=\"t-1653396124917\" style=\"\">Les gares principales de Lisbonne<\/h2>\n<p style=\"\">Vous trouverez ci-dessous les gares les plus importantes de Lisbonne d&rsquo;un point de vue touristique&nbsp;:<\/p>\n<p><span><img decoding=\"async\" alt=\"Gare du Rossio \u00e0 Lisbonne\" data-id=\"6767\" width=\"702\" data-init-width=\"1000\" height=\"468\" data-init-height=\"667\" title=\"Gare du Rossio \u00e0 Lisbonne\" src=\"https:\/\/lisbontouristinformation.com\/fr\/wp-content\/uploads\/2022\/06\/Rossio-Train-Station-in-Lisbon.jpg\" data-width=\"702\" data-height=\"468\" loading=\"lazy\"><\/span><\/p>\n<h3 style=\"\">1. Gare du Rossio<\/h3>\n<p>La gare du Rossio ou Esta\u00e7\u00e3o do Rossio est l&rsquo;ancienne gare centrale de Lisbonne. Aujourd&rsquo;hui, c&rsquo;est la <b>gare principale du chemin de fer de banlieue Lisboa-Sintra<\/b>, reliant Lisbonne \u00e0 la ville de Sintra.<\/p>\n<p>Dans le m\u00eame temps, la gare du Rossio est l&rsquo;un des meilleurs exemples d&rsquo;architecture n\u00e9o-manu\u00e9line et donc l&rsquo;une des attractions de Lisbonne. La gare de la fin du XIXe si\u00e8cle est situ\u00e9e sur la place anim\u00e9e Rossio, au c\u0153ur de la ville, ce qui la rend tr\u00e8s facile d&rsquo;acc\u00e8s.<\/p>\n<p style=\"\">Outre la <b>ligne Sintra<\/b> ( Linha de Sintra ), la gare de Rossio est \u00e9galement reli\u00e9e \u00e0 la <b>ligne verte<\/b> ( Linha Verde ) du m\u00e9tro de Lisbonne. Cependant, vous devrez sortir de la gare et traverser la place Rossio pour entrer dans la station de m\u00e9tro.<\/p>\n<ul>\n<li><b>Lire la suite : <\/b><a href=\"https:\/\/lisbontouristinformation.com\/fr\/choses-a-faire-a-lisbonne\/gare-du-rossio\/\" style=\"outline: none;\">Le guide complet de la gare Rossio \u00e0 Lisbonne.<\/a><\/li>\n<li>Obtenez plus d&rsquo;informations sur les excursions d&rsquo;une journ\u00e9e dans la ville f\u00e9erique de Sintra dans notre <b><a href=\"https:\/\/lisbontouristinformation.com\/fr\/organiser-votre-voyage-a-lisbonne\/guide-de-sintra-a-lisbonne\/\" style=\"outline: none;\">guide complet de Sintra<\/a><\/b>.<\/li>\n<\/ul>\n<p><span><img decoding=\"async\" alt=\"Gare de Cais do Sodr\u00e9 \u00e0 Lisbonne\" data-id=\"6768\" width=\"702\" data-init-width=\"1000\" height=\"527\" data-init-height=\"750\" title=\"Gare de Cais do Sodr\u00e9 \u00e0 Lisbonne\" src=\"https:\/\/lisbontouristinformation.com\/fr\/wp-content\/uploads\/2022\/06\/Cais-do-Sodre-Train-Station-in-Lisbon.jpg\" data-width=\"702\" data-height=\"527\" loading=\"lazy\"><\/span><\/p>\n<h3 style=\"\">2. Gare de Cais do Sodr\u00e9<\/h3>\n<p>Une autre gare importante pour les touristes est la gare de Cais do Sodr\u00e9 qui est reli\u00e9e \u00e0 la ligne de banlieue <b>Lisbonne-Cascais<\/b>.<\/p>\n<p>Ceux qui veulent se rendre \u00e0 la plage doivent utiliser cette ligne, qui offre un trajet panoramique de 40 minutes le long de l&rsquo;oc\u00e9an Atlantique, le long de certaines villes c\u00f4ti\u00e8res populaires autour de Lisbonne, telles <b>qu&rsquo;Estoril<\/b>, et se termine&nbsp;<b>\u00e0 la station baln\u00e9aire populaire de Cascais. <\/b>Comme la ligne Cascais offre des liaisons avec la plage, c&rsquo;est une ligne tr\u00e8s fr\u00e9quent\u00e9e, surtout en \u00e9t\u00e9. Nous vous recommandons de vous asseoir sur le c\u00f4t\u00e9 gauche au d\u00e9part de Lisbonne pour profiter de superbes vues sur la c\u00f4te.<\/p>\n<p>Le hub principal, datant de 1928, est situ\u00e9 sur le front de mer du quartier Cais do Sodr\u00e9, \u00e0 l&rsquo;ouest du quartier Baixa. Directement sous la gare se trouve une station de m\u00e9tro, \u00e0 l&rsquo;ext\u00e9rieur se trouve un terminal de ferry et plusieurs arr\u00eats de bus et de tramway, couvrant la plupart des <a href=\"https:\/\/lisbontouristinformation.com\/fr\/arrivee\/transports-en-commun-a-lisbonne\/\" style=\"outline: none;\">options de transport en commun populaires de Lisbonne<\/a>.<\/p>\n<p><span><img decoding=\"async\" alt=\"Gare Do Oriente Station Lisbonne\" data-id=\"6769\" width=\"702\" data-init-width=\"1000\" height=\"495\" data-init-height=\"705\" title=\"Gare Do Oriente Station Lisbonne\" src=\"https:\/\/lisbontouristinformation.com\/fr\/wp-content\/uploads\/2022\/06\/Gare-Do-Oriente-Station-Lisbon.jpg\" data-width=\"702\" data-height=\"495\" loading=\"lazy\"><\/span><\/p>\n<h3 style=\"\">3. Gare Do Oriente<\/h3>\n<p>Ouverte en 1998 pour l&rsquo;exposition universelle Expo &rsquo;98, la Gare Do Oriente <b> <\/b>ou Gare de <b> <\/b>Lisbonne Oriente est l&rsquo;une des principales plaques tournantes du transport intermodal portugais. La gare tr\u00e8s fr\u00e9quent\u00e9e offre des <b>liaisons vers les banlieues nord et ouest ainsi que vers de nombreuses destinations dans le pays,<\/b>&nbsp;dont Porto et Faro.&nbsp;Il est \u00e9galement reli\u00e9 \u00e0 une station de m\u00e9tro et \u00e0 une gare routi\u00e8re pour les trajets r\u00e9gionaux et longue distance au d\u00e9part de l&rsquo;Espagne et de la France.<\/p>\n<p>Vous pouvez prendre les plus grandes lignes de train ici, y compris les trains urbains de Lisbonne, les services ferroviaires r\u00e9gionaux et interr\u00e9gionaux, Intercidades et les trains \u00e0 grande vitesse Alfa Pendular.&nbsp;Situ\u00e9e dans le quartier Parque das Na\u00e7\u00f5es, la gare d&rsquo;Oriente est assez \u00e9loign\u00e9e du centre-ville. Bien qu&rsquo;il s&rsquo;agisse de la <b>gare la plus proche de l&rsquo;a\u00e9roport de Lisbonne<\/b>, elle n&rsquo;est en fait pas tr\u00e8s proche.&nbsp;Gardez \u00e0 l&rsquo;esprit que vous devrez prendre 10 minutes en m\u00e9tro ou en taxi pour vous rendre d&rsquo;ici \u00e0 l&rsquo;a\u00e9roport et vice versa.<\/p>\n<p>Con\u00e7ue par l&rsquo;architecte espagnol Santiago Calatrava en 1995, la gare impressionne par son style architectural moderniste unique. Le complexe de 5 \u00e9tages dispose d&rsquo;un bureau de change, de services de location de voitures et de liaisons souterraines vers le <a href=\"https:\/\/lisbontouristinformation.com\/fr\/guide-lifestyle-a-lisbonne\/shopping-a-lisbonne\/centres-commerciaux-a-lisbonne\/\" style=\"outline: none;\">centre commercial Vasco da Gama.<\/a><\/p>\n<p><span><img decoding=\"async\" alt=\"Gare de Santa Apol\u00f3nia \u00e0 Lisbonne au Portugal\" data-id=\"6770\" width=\"702\" data-init-width=\"1000\" height=\"468\" data-init-height=\"667\" title=\"Gare de Santa Apol\u00f3nia \u00e0 Lisbonne au Portugal\" src=\"https:\/\/lisbontouristinformation.com\/fr\/wp-content\/uploads\/2022\/06\/Santa-Apolonia-Station-in-Lisbon-in-Portugal.jpg\" data-width=\"702\" data-height=\"468\" loading=\"lazy\"><\/span><\/p>\n<h3 style=\"\">4. Gare de Santa Apol\u00f3nia<\/h3>\n<p>Id\u00e9alement situ\u00e9e sur la rive nord du Tage, dans le quartier historique d&rsquo;Alfama, la gare de Santa Apol\u00f3nia est l&rsquo;une des gares les plus importantes pour <b>les voyages longue distance dans le centre-ville<\/b> . Inaugur\u00e9e en 1895 sur le site d&rsquo;un ancien couvent, c&rsquo;est la plus ancienne gare ferroviaire du Portugal.<\/p>\n<p>Les touristes pr\u00e9voyant un voyage dans le <b>nord du pays,<\/b> dans des villes comme Porto, Coimbra ou Braga, utiliseront tr\u00e8s probablement cette gare. Outre les lignes nationales, Santa Apol\u00f3nia est \u00e9galement desservie <b>par des trains de banlieue et internationaux.<\/b><\/p>\n<p>La gare, situ\u00e9e <b>pr\u00e8s du terminal de croisi\u00e8re de la ville,<\/b> est reli\u00e9e \u00e0 la station de m\u00e9tro du m\u00eame nom, \u00e0 plusieurs arr\u00eats de bus et \u00e0 une station de taxis. De plus, le complexe ferroviaire abrite un h\u00f4tel, une location de voitures, des magasins et un supermarch\u00e9.&nbsp;<\/p>\n<p>D\u00e9couvrez plus sur l&rsquo;h\u00f4tel \u00e0 la gare dans notre liste des <a href=\"https:\/\/lisbontouristinformation.com\/fr\/hotels-a-lisbonne\/hotels-pour-groupes-a-lisbonne\/\" style=\"outline: none;\">meilleurs h\u00f4tels de Lisbonne pour les s\u00e9jours de groupe<\/a>.&nbsp;<\/p>\n<p><span><img decoding=\"async\" alt=\"Gare d'Entrecampos \u00e0 Lisbonne au Portugal\" data-id=\"6771\" width=\"702\" data-init-width=\"1000\" height=\"468\" data-init-height=\"667\" title=\"Gare d'Entrecampos \u00e0 Lisbonne au Portugal\" src=\"https:\/\/lisbontouristinformation.com\/fr\/wp-content\/uploads\/2022\/06\/Entrecampos-Station-in-Lisbon-in-Portugal.jpg\" data-width=\"702\" data-height=\"468\" loading=\"lazy\"><\/span><\/p>\n<h3 style=\"\">5. Gare d&rsquo;Entrecampos<\/h3>\n<p>La gare d&rsquo;Entrecampos, au nord de Lisbonne, est une autre plaque tournante majeure o\u00f9 de nombreux trains se croisent. \u00c9tant \u00e9loign\u00e9e du centre, la gare n&rsquo;est pas un choix tr\u00e8s pratique pour les touristes.<\/p>\n<p>La gare d&rsquo;Entrecampos dessert certaines des <b>principales lignes locales<\/b>, notamment la ligne&nbsp;<b>Sintra<\/b> et la ligne <b>Fertagus<\/b>.&nbsp;De l\u00e0, vous pouvez \u00e9galement prendre les trains \u00e0 grande vitesse Alfa Pendular qui vont \u00e0 <b>Porto ou Faro<\/b>.<\/p>\n<p>Le complexe immobilier offre une zone commerciale, avec plusieurs magasins, un supermarch\u00e9 Lidl et des caf\u00e9s. Il est reli\u00e9 \u00e0 la ligne jaune du m\u00e9tro et \u00e0 plusieurs lignes de bus, dont la ligne Aerobus.<\/p>\n<p><span><img decoding=\"async\" alt=\"Gare de Sete Rios \u00e0 Lisbonne\" data-id=\"6773\" width=\"702\" data-init-width=\"1000\" height=\"468\" data-init-height=\"667\" title=\"Gare de Sete Rios \u00e0 Lisbonne\" src=\"https:\/\/lisbontouristinformation.com\/fr\/wp-content\/uploads\/2022\/06\/Sete-Rios-Station-in-Lisbon.jpg\" data-width=\"702\" data-height=\"468\" loading=\"lazy\"><\/span><\/p>\n<h3 style=\"\">6. Gare de S\u00e8te Rios<\/h3>\n<p>Sete Rios est une importante plaque tournante du transport au nord de Lisbonne, \u00e0 proximit\u00e9 du zoo de Lisbonne. Alors que la <b>gare<\/b> relie la capitale \u00e0 des destinations telles que Sintra, Set\u00fabal, Albufeira et Faro, c&rsquo;est la <b>gare routi\u00e8re de Sete Rios<\/b> qui distingue ce hub.<\/p>\n<p><b>C&rsquo;est le point de d\u00e9part de nombreux bus express longue distance<\/b> qui proposent des liaisons vers des villes plus grandes et plus petites du Portugal, mais aussi de l&rsquo;\u00e9tranger.<\/p>\n<p style=\"\">De plus, la station Sete Rios est reli\u00e9e \u00e0 la station Jardim Zool\u00f3gico de la <b>ligne bleue du m\u00e9tro,<\/b> faisant du complexe un hub tr\u00e8s fr\u00e9quent\u00e9.<\/p>\n<h2 id=\"t-1653396124918\" style=\"\">Carte des gares de Lisbonne<\/h2>\n<p style=\"text-align: center;\"><a href=\"https:\/\/www.google.com\/maps\/d\/u\/1\/viewer?mid=1IBVMC7QwwyWGJ94ZZHqVNQQhwMcJIrM&amp;ll=38.736900805106465%2C-9.132998800000001&amp;z=13\" target=\"_blank\" style=\"outline: none;\" rel=\"noopener\">(Lien vers la carte)<\/a><\/p>\n<h2 id=\"t-1653396124919\" style=\"\">Comment acheter un billet de train \u00e0 Lisbonne ?<\/h2>\n<p>La fa\u00e7on la plus courante d&rsquo;acheter des billets de train \u00e0 Lisbonne est aux distributeurs automatiques ou aux <b>guichets<\/b> des gares.<\/p>\n<p>Les <b>distributeurs automatiques de billets<\/b> ont tous des instructions en anglais, ce qui facilite l&rsquo;achat de billets m\u00eame en tant que touriste.<\/p>\n<p>Cependant, gardez \u00e0 l&rsquo;esprit qu&rsquo;en <b>\u00e9t\u00e9, vous pouvez vous attendre \u00e0 de longues files<\/b> d&rsquo;attente aux distributeurs automatiques et aux guichets. Par cons\u00e9quent, nous vous recommandons d&rsquo;arriver bien avant votre d\u00e9part pr\u00e9vu.<\/p>\n<h3 style=\"\">R\u00e9server des billets en ligne<span style=\"color: var(--tcb-skin-color-5); font-family: Muli; font-size: 18px; font-weight: var(--g-regular-weight,normal);\"><\/span><\/h3>\n<h3 style=\"\"><span style=\"color: var(--tcb-skin-color-5); font-family: Muli; font-size: 18px; font-weight: var(--g-regular-weight,normal);\">Il n&rsquo;est pas possible d&rsquo;acheter des billets en ligne pour le service de train urbain, y compris les trajets vers Sintra et Cascais. Cependant, vous pouvez acheter des billets en ligne pour d&rsquo;autres destinations telles que Porto ou Faro.<\/span><\/h3>\n<ul>\n<li>Vous pouvez acheter votre billet en ligne <a href=\"https:\/\/www.cp.pt\/passageiros\/en\/buy-tickets\" style=\"outline: none;\" target=\"_blank\" rel=\"noopener\">ici<\/a>.<\/li>\n<li><b>Astuce :<\/b> les trajets vers Sintra, Cascais et Estoril sont gratuits avec la Lisboa Card.<\/li>\n<\/ul>\n<h2 id=\"t-1653396124920\" style=\"\">Horaires et prix des billets<\/h2>\n<p>Vous pouvez consulter les horaires des trains et les prix actuels des billets sur la <a href=\"https:\/\/www.cp.pt\/passageiros\/en\/\" style=\"outline: none;\" target=\"_blank\" rel=\"noopener\">page d&rsquo;accueil officielle de la compagnie ferroviaire nationale Comboios de Portugal<\/a>.<\/p>\n<h2 id=\"t-1653396124921\" style=\"\">Les billets de train sont-ils valables pour le m\u00e9tro&nbsp;?<\/h2>\n<p>La carte de transport public de Lisbonne <em>Viva Viagem<\/em> est valable pour le m\u00e9tro, le bus, le funiculaire, le ferry, le tram ainsi que le <b>train de banlieue (\u00e0 partir des lignes CP)<\/b>.&nbsp;Cela signifie que le m\u00eame ticket que vous utilisez pour le m\u00e9tro peut \u00e9galement \u00eatre utilis\u00e9 pour les trains vers Sintra, Estoril et Cascais.<\/p>\n<p>Vous pouvez pr\u00e9charger le montant du ticket ou utiliser un ticket 24h, que vous pourrez ensuite utiliser dans tous les transports en commun mentionn\u00e9s ci-dessus.<\/p>\n<h2 id=\"t-1653396124922\" style=\"\">Transport depuis la gare<\/h2>\n<p><span><img decoding=\"async\" alt=\"Transport depuis la gare de Lisbonne\" data-id=\"6774\" width=\"702\" data-init-width=\"1000\" height=\"468\" data-init-height=\"667\" title=\"Transport depuis la gare de Lisbonne\" src=\"https:\/\/lisbontouristinformation.com\/fr\/wp-content\/uploads\/2022\/06\/Transport-from-the-Train-Station-in-Lisbon.jpg\" data-width=\"702\" data-height=\"468\" loading=\"lazy\"><\/span><\/p>\n<h3 style=\"\"><b>M\u00e9tro &amp; Autobus<\/b><\/h3>\n<p>Toutes les gares sont desservies par des bus et\/ou des stations de m\u00e9tro&nbsp;; La gare de Cais do Sodr\u00e9 propose m\u00eame des liaisons par ferry.<\/p>\n<h3 style=\"\"><b>Taxi<\/b><\/h3>\n<p><b><\/b>De plus, vous pouvez trouver des taxis autour de toutes les gares qui vous permettront de vous rendre dans n&rsquo;importe quelle partie de la ville. Le <strong>tarif de base actuel<\/strong> pour un taxi \u00e0 Lisbonne est de 3,25 \u20ac, le prix au kilom\u00e8tre est de 0,47 \u20ac. Les temps de station et d&rsquo;attente sont factur\u00e9s 14,80 \u20ac de l&rsquo;heure. Notez qu&rsquo;une taxe de bagages de 1,80&nbsp;\u20ac est factur\u00e9e (tous les bagages, pas par pi\u00e8ce).<\/p>\n<p style=\"\">Le tarif de nuit est valable du lundi au vendredi de 21h00 \u00e0 6h00 du matin ; Samedi, dimanche et jours f\u00e9ri\u00e9s toute la journ\u00e9e. Pendant ces p\u00e9riodes, le tarif de base est de 3,90\u20ac et le tarif au kilom\u00e8tre est de 0,56\u20ac. Le temps debout et d&rsquo;attente reste \u00e0 14,80 \u20ac de l&rsquo;heure.<\/p>\n<p><b>Bon \u00e0 savoir<\/b> : Une alternative populaire aux taxis sont les services de covoiturage&nbsp; <b>Uber <span style=\"font-weight: normal;\">et<\/span> Bolt<\/b> . \u00c9tant donn\u00e9 que les prix de Bolt sont consid\u00e9rablement moins chers que ceux d&rsquo;Uber, les habitants pr\u00e9f\u00e8rent ce service. De plus, vous pouvez utiliser l&rsquo;application Bolt pour utiliser les <b>scooters \u00e9lectriques<\/b> &nbsp;dans la ville et&nbsp; <b>commander de la nourriture<\/b>.<\/p>\n<h2 id=\"t-1653396124923\" style=\"\">Plus de choses \u00e0 savoir sur les transports publics<\/h2>\n<p style=\"\">Pour plus d&rsquo;informations sur les transports en commun \u00e0 Lisbonne et sur la meilleure fa\u00e7on de les utiliser, nous vous recommandons de consulter notre <a href=\"https:\/\/lisbontouristinformation.com\/fr\/arrivee\/transports-en-commun-a-lisbonne\/\" style=\"outline: none;\"><b>guide complet des transports en commun de Lisbonne<\/b><\/a>.<\/p>\n<h2 style=\"\" id=\"t-1638950178388\" data-hide=\"true\">Articles Li\u00e9s:<\/h2>\n<p><a href=\"https:\/\/lisbontouristinformation.com\/fr\/arrivee\/transports-en-commun-a-lisbonne\/\" dynamic-postlink=\"tcb_post_the_permalink\" data-shortcode-id=\"2811\"><\/a><\/p>\n<h3 style=\"text-align: center; padding-top: 0px !important; margin-top: 0px !important;\"><span data-attr-link=\"1\" data-attr-rel=\"0\" data-attr-target=\"0\" data-extra_key=\"\" data-option-inline=\"1\" data-shortcode=\"tcb_post_title\" data-shortcode-name=\"Post title\" data-attr-css=\"\" data-attr-static-link=\"{&quot;className&quot;:&quot;tve-froala fr-basic&quot;,&quot;href&quot;:&quot;https:\/\/lisbontouristinformation.com\/fr\/arrivee\/transports-en-commun-a-lisbonne\/&quot;,&quot;title&quot;:&quot;Guide des Transports en Commun \u00e0 Lisbonne : App, Tickets, Cartes\u2026&quot;,&quot;class&quot;:&quot;tve-froala fr-basic&quot;}\" style=\"\"><a href=\"https:\/\/lisbontouristinformation.com\/fr\/arrivee\/transports-en-commun-a-lisbonne\/\" title=\"Guide des Transports en Commun \u00e0 Lisbonne : App, Tickets, Cartes\u2026\" data-css=\"\">Guide des Transports en Commun \u00e0 Lisbonne : App, Tickets, Cartes\u2026<\/a><\/span><\/h3>\n<p><a href=\"https:\/\/lisbontouristinformation.com\/fr\/arrivee\/transports-en-commun-a-lisbonne\/\" style=\"\"><span style=\"\"><span style=\"\">Lire la suite<\/span><\/span><\/a><a href=\"https:\/\/lisbontouristinformation.com\/fr\/arrivee\/taxis-a-lisbonne\/\" dynamic-postlink=\"tcb_post_the_permalink\" data-shortcode-id=\"2811\"><\/a><\/p>\n<h3 style=\"text-align: center; padding-top: 0px !important; margin-top: 0px !important;\"><span data-attr-link=\"1\" data-attr-rel=\"0\" data-attr-target=\"0\" data-extra_key=\"\" data-option-inline=\"1\" data-shortcode=\"tcb_post_title\" data-shortcode-name=\"Post title\" data-attr-css=\"\" data-attr-static-link=\"{&quot;className&quot;:&quot;tve-froala fr-basic&quot;,&quot;href&quot;:&quot;https:\/\/lisbontouristinformation.com\/fr\/arrivee\/transports-en-commun-a-lisbonne\/&quot;,&quot;title&quot;:&quot;Guide des Transports en Commun \u00e0 Lisbonne : App, Tickets, Cartes\u2026&quot;,&quot;class&quot;:&quot;tve-froala fr-basic&quot;}\" style=\"\"><a href=\"https:\/\/lisbontouristinformation.com\/fr\/arrivee\/taxis-a-lisbonne\/\" title=\"Taxis \u00e0 Lisbonne : Uber, Navettes A\u00e9roport et Tarifs\" data-css=\"\">Taxis \u00e0 Lisbonne : Uber, Navettes A\u00e9roport et Tarifs<\/a><\/span><\/h3>\n<p><a href=\"https:\/\/lisbontouristinformation.com\/fr\/arrivee\/taxis-a-lisbonne\/\" style=\"\"><span style=\"\"><span style=\"\">Lire la suite<\/span><\/span><\/a><\/p>\n","protected":false},"excerpt":{"rendered":"<p>Lisbonne poss\u00e8de plusieurs gares, les plus importantes pour les touristes \u00e9tant Rossio et Cais do Sodr\u00e9 . En tant que visiteur de Lisbonne, vous \u00eates susceptible de voyager beaucoup moins en train et davantage en transports locaux tels que le m\u00e9tro, le tram et le bus. Cependant, il vaut la peine de conna\u00eetre les trains, [&hellip;]<\/p>\n","protected":false},"author":18,"featured_media":5908,"parent":2815,"menu_order":0,"comment_status":"closed","ping_status":"closed","template":"","meta":{"footnotes":""},"tags":[73],"class_list":["post-556","page","type-page","status-publish","has-post-thumbnail","hentry","tag-transportation","post-wrapper","thrv_wrapper"],"_links":{"self":[{"href":"https:\/\/lisbontouristinformation.com\/fr\/wp-json\/wp\/v2\/pages\/556","targetHints":{"allow":["GET"]}}],"collection":[{"href":"https:\/\/lisbontouristinformation.com\/fr\/wp-json\/wp\/v2\/pages"}],"about":[{"href":"https:\/\/lisbontouristinformation.com\/fr\/wp-json\/wp\/v2\/types\/page"}],"author":[{"embeddable":true,"href":"https:\/\/lisbontouristinformation.com\/fr\/wp-json\/wp\/v2\/users\/18"}],"replies":[{"embeddable":true,"href":"https:\/\/lisbontouristinformation.com\/fr\/wp-json\/wp\/v2\/comments?post=556"}],"version-history":[{"count":0,"href":"https:\/\/lisbontouristinformation.com\/fr\/wp-json\/wp\/v2\/pages\/556\/revisions"}],"up":[{"embeddable":true,"href":"https:\/\/lisbontouristinformation.com\/fr\/wp-json\/wp\/v2\/pages\/2815"}],"wp:featuredmedia":[{"embeddable":true,"href":"https:\/\/lisbontouristinformation.com\/fr\/wp-json\/wp\/v2\/media\/5908"}],"wp:attachment":[{"href":"https:\/\/lisbontouristinformation.com\/fr\/wp-json\/wp\/v2\/media?parent=556"}],"wp:term":[{"taxonomy":"post_tag","embeddable":true,"href":"https:\/\/lisbontouristinformation.com\/fr\/wp-json\/wp\/v2\/tags?post=556"}],"curies":[{"name":"wp","href":"https:\/\/api.w.org\/{rel}","templated":true}]}}