{"id":5509,"date":"2022-04-21T16:24:23","date_gmt":"2022-04-21T14:24:23","guid":{"rendered":"https:\/\/lisbontouristinformation.com\/fr\/?page_id=5509"},"modified":"2022-08-09T08:26:51","modified_gmt":"2022-08-09T07:26:51","slug":"place-du-commerce","status":"publish","type":"page","link":"https:\/\/lisbontouristinformation.com\/fr\/choses-a-faire-a-lisbonne\/place-du-commerce\/","title":{"rendered":"Guide de la Place du Commerce \u00e0 Lisbonne : Histoire, Choses \u00e0 y faire&#8230;"},"content":{"rendered":"<h3>La majestueuse Pra\u00e7a do Com\u00e9rcio, bord\u00e9e de bars, restaurants, caf\u00e9s et boutiques, est la place principale de la ville et un monument national du Portugal.<\/h3>\n<p style=\"\">Nich\u00e9e entre la c\u00e9l\u00e8bre arche de la Rua Augusta et le port de Lisbonne, la place embl\u00e9matique au bord de la rivi\u00e8re est comme une porte d&rsquo;entr\u00e9e de la ville, accueillant les visiteurs directement sur le front de mer. Ce quartier incontournable est remarquable non seulement par sa grandeur, mais aussi par son importance historique.<\/p>\n<p style=\"\">Dans ce guide, vous apprendrez tout ce que vous devez savoir avant votre visite, y compris les attractions, l&rsquo;histoire et plus encore.<\/p>\n<p style=\"\">Plongeons-nous!<\/p>\n<h2 id=\"t-1650551082826\" style=\"\">Choses \u00e0 faire \u00e0 Pra\u00e7a do Com\u00e9rcio<\/h2>\n<p style=\"\">Couvrant 30 600 m\u00e8tres carr\u00e9s, la Pra\u00e7a do Com\u00e9rcio est l&rsquo;une des plus grandes et des plus belles places d&rsquo;Europe.<\/p>\n<p style=\"\">Il est situ\u00e9 sur la rive sud du Tage, sur le site o\u00f9 l&rsquo;ancien palais royal s&rsquo;est tenu pendant plus de deux si\u00e8cles avant d&rsquo;\u00eatre d\u00e9truit par le grand tremblement de terre de 1755.<\/p>\n<p><b>Voir ici les principales attractions de la Pra\u00e7a do Com\u00e9rcio:<\/b><\/p>\n<p><span><img decoding=\"async\" alt=\"Arc de la Rua Augusta \u00e0 Lisbonne\" data-id=\"6714\" width=\"702\" data-init-width=\"1000\" height=\"456\" data-init-height=\"650\" title=\"Arc de la Rua Augusta \u00e0 Lisbonne\" src=\"https:\/\/lisbontouristinformation.com\/fr\/wp-content\/uploads\/2022\/06\/Rua-Augusta-Arch-in-Lisbon.jpg\" data-width=\"702\" data-height=\"456\" loading=\"lazy\"><\/span><\/p>\n<h3 style=\"\">1. Arc de la Rua Augusta<\/h3>\n<p>S&rsquo;\u00e9levant majestueusement dans le ciel, l&rsquo;arc de la Rua Augusta est l&rsquo;un des premiers points forts qui attirera votre attention. L&rsquo;arc de triomphe qui marque le d\u00e9but de la <a href=\"https:\/\/lisbontouristinformation.com\/fr\/guide-lifestyle-a-lisbonne\/shopping-a-lisbonne\/rues-commercantes-de-lisbonne\/\" style=\"outline: none;\"><strong>rue commer\u00e7ante Rua Augusta<\/strong><\/a><strong>&nbsp;<\/strong> rappelle la reconstruction de la ville apr\u00e8s la s\u00e9rie de catastrophes d\u00e9vastatrices de 1755. Aujourd&rsquo;hui, c&rsquo;est aussi un <strong>motif photographique tr\u00e8s populaire.<\/strong><\/p>\n<p>Orn\u00e9e d&#8217;embl\u00e8mes nationaux, de motifs symboliques et de statues d&rsquo;importantes personnalit\u00e9s portugaises telles que Vasco de Gama, la structure est assez impressionnante de l&rsquo;ext\u00e9rieur. Cependant, vous pouvez \u00e9galement <b>escalader l&rsquo;arc pour une vue plongeante<\/b> sur la Pra\u00e7a do Com\u00e9rcio et ses environs. Depuis la plate-forme d&rsquo;observation, vous pourrez admirer la place anim\u00e9e, la rivi\u00e8re, le pav\u00e9 pav\u00e9 de la&nbsp;<em>Cal\u00e7ada Portuguesa et les rues anim\u00e9es qui ont \u00e9t\u00e9 reconstruites sym\u00e9triquement apr\u00e8s le tremblement de terre.<\/em><\/p>\n<p><span><img decoding=\"async\" alt=\"B\u00e2timents \u00e0 arcades \u00e0 Pra\u00e7a do Com\u00e9rcio Lisbonne\" data-id=\"6715\" width=\"702\" data-init-width=\"1000\" height=\"527\" data-init-height=\"750\" title=\"B\u00e2timents \u00e0 arcades \u00e0 Pra\u00e7a do Com\u00e9rcio Lisbonne\" src=\"https:\/\/lisbontouristinformation.com\/fr\/wp-content\/uploads\/2022\/06\/Arcaded-Buildings-in-Praca-do-Comercio-Lisbon.jpg\" data-width=\"702\" data-height=\"527\" loading=\"lazy\"><\/span><\/p>\n<h3 style=\"\">2. B\u00e2timents \u00e0 arcades&nbsp;<\/h3>\n<p>De part et d&rsquo;autre de la Rua Augusta, de magnifiques arcades du XVIIIe si\u00e8cle et des fa\u00e7ades jaune citron attirent l&rsquo;attention.<\/p>\n<p>Certains des b\u00e2timents \u00e0 arcades abritent encore des bureaux du gouvernement, mais la plupart d&rsquo;entre eux ont maintenant \u00e9t\u00e9 convertis en <b>restaurants, caf\u00e9s et bars co\u00fbteux avec terrasse<\/b>.&nbsp;Cela fait de la place un endroit merveilleux pour se d\u00e9tendre, prendre une boisson rafra\u00eechissante et regarder l&rsquo;agitation. Il devient particuli\u00e8rement anim\u00e9 le soir, lorsque les touristes et les habitants remplissent la place.<\/p>\n<p>Il convient de noter le plus ancien caf\u00e9 de Lisbonne, <b>Martinho da Arcada<\/b>, qui date de 1782 et \u00e9tait un lieu de rencontre populaire pour les \u00e9crivains et les intellectuels.<\/p>\n<p>\u2192 Le Portugal est un pays pour les amateurs de caf\u00e9 ! Assurez-vous de lire notre liste des <a href=\"https:\/\/lisbontouristinformation.com\/fr\/guide-lifestyle-a-lisbonne\/restaurants-a-lisbonne\/meilleurs-cafes-a-lisbonne\/\" style=\"outline: none;\">meilleurs caf\u00e9s de Lisbonne<\/a> lorsque vous planifiez o\u00f9 vous voulez aller prendre votre petit-d\u00e9jeuner ou prendre un caf\u00e9.<\/p>\n<p><span><img decoding=\"async\" alt=\"Statue \u00e9questre sur la Pra\u00e7a do Comercio \u00e0 Lisbonne\" data-id=\"6716\" width=\"702\" data-init-width=\"1000\" height=\"468\" data-init-height=\"667\" title=\"Statue \u00e9questre sur la Pra\u00e7a do Comercio \u00e0 Lisbonne\" src=\"https:\/\/lisbontouristinformation.com\/fr\/wp-content\/uploads\/2022\/06\/Equestrian-Statue-in-Praca-do-Comercio-in-Lisbon.jpg\" data-width=\"702\" data-height=\"468\" loading=\"lazy\"><\/span><\/p>\n<h3 style=\"\">3. Statue \u00e9questre<\/h3>\n<p>Un autre point d&rsquo;int\u00e9r\u00eat est la statue \u00e9questre au centre de la Pra\u00e7a do Com\u00e9rcio, face \u00e0 la rivi\u00e8re.<\/p>\n<p>Le monument, sculpt\u00e9 par Machado de Castro, repr\u00e9sente le roi Jos\u00e9 Ier du Portugal, qui a ordonn\u00e9 la reconstruction de la ville apr\u00e8s le tremblement de terre et a r\u00e9am\u00e9nag\u00e9 la ville. Il est assis sur son cheval, Gentil. Le pi\u00e9destal comporte \u00e9galement un \u00e9l\u00e9phant, repr\u00e9sentant le pouvoir royal de l&rsquo;Empire portugais \u00e0 l&rsquo;\u00e9tranger.<\/p>\n<p><span><img decoding=\"async\" alt=\"Mus\u00e9e du centre d'histoire de Lisbonne \u00e0 Lisbonne\" data-id=\"6717\" width=\"702\" data-init-width=\"1000\" height=\"468\" data-init-height=\"667\" title=\"Mus\u00e9e du centre d'histoire de Lisbonne \u00e0 Lisbonne\" src=\"https:\/\/lisbontouristinformation.com\/fr\/wp-content\/uploads\/2022\/06\/Lisbon-Story-Centre-Museum-in-Lisbon.jpg\" data-width=\"702\" data-height=\"468\" loading=\"lazy\"><\/span><\/p>\n<h3 style=\"\">4. Mus\u00e9es<\/h3>\n<p>Il y a un certain nombre de mus\u00e9es sur la Pra\u00e7a do Com\u00e9rcio. Il convient de noter en particulier le <b>Lisbon Story Center<\/b>, un mus\u00e9e interactif id\u00e9al pour les visiteurs novices \u00e0 Lisbonne, car il vous transporte dans un voyage \u00e0 travers l&rsquo;histoire mouvement\u00e9e de la ville.<\/p>\n<p>Un autre mus\u00e9e est le mus\u00e9e de la <b>bi\u00e8re<\/b> (Museu da Cerveja sur le c\u00f4t\u00e9 est de la place), d\u00e9di\u00e9 \u00e0 la bi\u00e8re, en mettant l&rsquo;accent sur la fabrication de la bi\u00e8re au Portugal.<\/p>\n<ul>\n<li>Il existe une poign\u00e9e d&rsquo; autres <strong>mus\u00e9es et sites culturels \u00e0 distance de marche<\/strong>.&nbsp;Pour trouver celui qui correspond le mieux \u00e0 vos centres d&rsquo;int\u00e9r\u00eat, consultez notre liste des <a href=\"https:\/\/lisbontouristinformation.com\/fr\/choses-a-faire-a-lisbonne\/meilleurs-musees-a-lisbonne\/\" style=\"outline: none;\">10 meilleurs mus\u00e9es de Lisbonne<\/a>.&nbsp;<\/li>\n<\/ul>\n<p><span><img decoding=\"async\" alt=\"Cais das Colunas \u00e0 Lisbonne\" data-id=\"6718\" width=\"702\" data-init-width=\"1000\" height=\"481\" data-init-height=\"685\" title=\"Cais das Colunas \u00e0 Lisbonne\" src=\"https:\/\/lisbontouristinformation.com\/fr\/wp-content\/uploads\/2022\/06\/Cais-das-Colunas-in-Lisbon.jpg\" data-width=\"702\" data-height=\"481\" loading=\"lazy\"><\/span><\/p>\n<h3 style=\"\"><strong>5. Cais das Colunas&nbsp;<\/strong><\/h3>\n<p>Un bel endroit pour <strong>ralentir et regarder le coucher du soleil<\/strong> le soir se trouve sur le <strong>front<\/strong> de mer de Pra\u00e7a do Com\u00e9rcio.<\/p>\n<p>La petite jet\u00e9e avec des marches et des colonnes en marbre que vous pouvez y voir s&rsquo;appelle Cais das Colunas et \u00e9tait autrefois l&rsquo;endroit o\u00f9 les rois, les reines, les c\u00e9l\u00e9brit\u00e9s et les chefs d&rsquo;\u00c9tat arrivaient par bateau.<\/p>\n<p>C&rsquo;est souvent sous l&rsquo;eau maintenant, mais quand il fait beau, la jet\u00e9e est un endroit merveilleux pour s&rsquo;asseoir, faire observer les gens et profiter d&rsquo;une <strong>vue fabuleuse sur le Tage.<\/strong><\/p>\n<p><b>Notre conseil :<\/b> \u00e0 quelques minutes de la place se trouve le <b>kiosque Ribeira das Naus<\/b> . Avec son emplacement privil\u00e9gi\u00e9 sur le Tage, ainsi que des chaises longues, des parasols et bien s\u00fbr des boissons rafra\u00eechissantes et des collations, ce kiosque est l&rsquo;endroit id\u00e9al pour admirer la vue sur Lisbonne. <strong>C&rsquo;est \u00e9galement l&rsquo;un des lieux inclus dans <a href=\"https:\/\/web.yourmobileguide.com\/tabs\/tour-page\/946\" target=\"_blank\" style=\"outline: none;\" rel=\"noopener\">la visite audio-guid\u00e9e du kiosque de Lisbonne de YourMobileGuide,<\/a> disponible en t\u00e9l\u00e9chargement sur votre smartphone.<\/strong><\/p>\n<h3 style=\"\">6. Centre d&rsquo;accueil de Lisbonne<\/h3>\n<p>Sur le c\u00f4t\u00e9 ouest de la place, vous trouverez le Lisboa Welcome Center. Le <strong>principal office de tourisme de la ville<\/strong> fournit aux visiteurs de Lisbonne des informations utiles. &nbsp;<\/p>\n<p>Il y a aussi une <strong>boutique de souvenirs<\/strong> vendant des articles fabriqu\u00e9s au Portugal, notamment des carreaux d&rsquo;azelujo traditionnels, de l&rsquo;artisanat, de la c\u00e9ramique, des tasses, des savons, des bijoux, des v\u00eatements et bien d&rsquo;autres.<\/p>\n<ul>\n<li>Vous ne savez pas quoi acheter comme souvenir lors de votre visite \u00e0 Lisbonne?&nbsp;Apprenez tout sur le pays et ses produits dans le <a href=\"https:\/\/lisbontouristinformation.com\/fr\/guide-lifestyle-a-lisbonne\/shopping-a-lisbonne\/\" style=\"outline: none;\">Guide du shopping \u00e0 Lisbonne.<\/a>&nbsp;<\/li>\n<\/ul>\n<h3 style=\"\">7. \u00c9v\u00e9nements<\/h3>\n<p>Un \u00e9v\u00e9nement populaire \u00e0 Pra\u00e7a do Com\u00e9rcio est le <b>spectacle de lumi\u00e8re<\/b> projet\u00e9 sur l&rsquo;arc de la Rua da Augusta les soirs d&rsquo;\u00e9t\u00e9 par le Lisboa Story Centre.<\/p>\n<p>L&rsquo;un des lieux les plus importants de Lisbonne est l&rsquo;espace \u00e9v\u00e9nementiel exceptionnel <b>P\u00e1tio da Gal\u00e9,<\/b>&nbsp;situ\u00e9 dans l&rsquo;un des b\u00e2timents \u00e0 arcades de la Pra\u00e7a do Com\u00e9rcio.&nbsp;Entre autres \u00e9v\u00e9nements, la <strong>Fashion Week de <\/strong><strong>Lisbonne<\/strong> et le <strong>Festival du poisson de Lisbonne<\/strong> s&rsquo;y d\u00e9roulent chaque ann\u00e9e. Le lieu convient \u00e9galement aux r\u00e9unions, conf\u00e9rences, mariages et autres \u00e9v\u00e9nements priv\u00e9s.<\/p>\n<p>\u2192 <strong>R\u00e9server un \u00e9v\u00e9nement \u00e0 Lisbonne<\/strong> est facile lorsque vous vous coordonnez avec notre \u00e9quipe. <a href=\"https:\/\/lisbontouristinformation.com\/fr\/a-propos\/contact\/\" style=\"outline: none;\">Envoyez-nous un message<\/a> et <strong>permettez-nous de vous aider \u00e0 planifier<\/strong>&nbsp;le mariage, le rassemblement, la f\u00eate, la conf\u00e9rence ou la retraite parfaits au Portugal!<\/p>\n<h3 style=\"\">8. Visite \u00e0 pied<\/h3>\n<p>Situ\u00e9e en plein c\u0153ur de Lisbonne, la Pra\u00e7a do Com\u00e9rcio est un point de d\u00e9part id\u00e9al pour d\u00e9couvrir cette ville hors du temps.<\/p>\n<p style=\"\">Nous vous recommandons la visite \u00e0 pied autoguid\u00e9e de notre partenaire <strong>YourMobileGuide,&nbsp;<\/strong> qui commence sur cette place et vous m\u00e8ne au <a href=\"https:\/\/web.yourmobileguide.com\/tabs\/tour-page\/473\" data-lt-tmp-id=\"lt-835166\" spellcheck=\"false\" target=\"_blank\" style=\"outline: none;\" rel=\"noopener\">meilleur du centre-ville de Lisbonne<\/a><strong>.<\/strong><\/p>\n<p><span><img decoding=\"async\" alt=\"Comment se rendre \u00e0 Pra\u00e7a do Com\u00e9rcio\" data-id=\"6719\" width=\"702\" data-init-width=\"1000\" height=\"526\" data-init-height=\"749\" title=\"Comment se rendre \u00e0 Pra\u00e7a do Com\u00e9rcio\" src=\"https:\/\/lisbontouristinformation.com\/fr\/wp-content\/uploads\/2022\/06\/How-to-Get-to-Praca-do-Comercio.jpg\" data-width=\"702\" data-height=\"526\" loading=\"lazy\"><\/span><\/p>\n<h2 id=\"t-1650551082827\" style=\"\">Comment se rendre \u00e0 Pra\u00e7a do Com\u00e9rcio ?<\/h2>\n<p>La Pra\u00e7a do Com\u00e9rcio est situ\u00e9e dans la vieille ville de Lisbonne, dans le quartier de la Baixa. Par cons\u00e9quent, il est facilement accessible depuis n&rsquo;importe quelle partie de la ville.<\/p>\n<p>La <strong>ligne bleue du m\u00e9tro<\/strong> \u00e0 un arr\u00eat \u00e0 Pra\u00e7a do Com\u00e9rcio, appel\u00e9e \u00ab\u00a0Terreiro do Pa\u00e7o\u00a0\u00bb. De plus, l&#8217;embl\u00e9matique <strong>ligne de tramway 28E<\/strong> s&rsquo;arr\u00eate sur la place.<\/p>\n<h2 id=\"t-1650551082828\" data-alt-text=\"Frequently Asked Questions \" style=\"\">Questions trait\u00e9es sur Pra\u00e7a do Com\u00e9rcio<\/h2>\n<h2 id=\"t-1650551082829\" data-alt-text=\"Historical Facts &amp; Info \" style=\"\"><strong>Faits historiques et informations sur la Pra\u00e7a do Com\u00e9rcio<\/strong><\/h2>\n<p>Pra\u00e7a do Com\u00e9rcio \u00e9tait le <b>site de l&rsquo;ancien palais royal<\/b> ,&nbsp; Pa\u00e7o da Ribeira , et est encore appel\u00e9 par les habitants&nbsp; Terreiro do Pa\u00e7o (cour du palais). Apr\u00e8s le grand tremblement de terre de 1755 et le tsunami et l&rsquo;incendie qui ont suivi, le palais royal a \u00e9t\u00e9 compl\u00e8tement d\u00e9truit et la <b>place a d\u00fb \u00eatre enti\u00e8rement reconstruite<\/b> .<\/p>\n<p>Sous le roi portugais Jos\u00e9 Ier, la place a \u00e9t\u00e9 repens\u00e9e en <b>quartier gouvernemental<\/b> pour r\u00e9glementer le port et les douanes. Cela a conduit au nom de Pra\u00e7a do Com\u00e9rcio , qui signifie place du commerce.<\/p>\n<p>En 1908, un autre \u00e9v\u00e9nement tragique s&rsquo;a produit sur la place, l&rsquo; <b>assassinat du Roi Carlos I<\/b>.&nbsp;Le roi et son h\u00e9ritier, Lu\u00eds Filipe, ont tous deux \u00e9t\u00e9 abattus par des anarchistes r\u00e9clamant un gouvernement r\u00e9publicain. Cela a conduit \u00e0 la chute de la monarchie au Portugal. Sur le c\u00f4t\u00e9 ouest de la place, il y a une plaque comm\u00e9morative du roi.<\/p>\n<p>Dans les ann\u00e9es 1980, la place servait de parking. Aujourd&rsquo;hui, c&rsquo;est l&rsquo;une des places les plus importantes de Lisbonne et une attraction touristique populaire.<\/p>\n<h2 id=\"t-1650551082830\" style=\"\">Contact &amp; Carte<\/h2>\n<ul>\n<li><strong>Adresse :&nbsp;<\/strong> Pra\u00e7a do Com\u00e9rcio MB, 1100-148 Lisbonne, Portugal<\/li>\n<li style=\"\"><strong>Transports en commun :<\/strong> m\u00e9tro ligne bleue, arr\u00eat Terreiro do Pa\u00e7o<\/li>\n<\/ul>\n<h3 style=\"\">Articles li\u00e9s&nbsp;:<\/h3>\n<p><a href=\"https:\/\/lisbontouristinformation.com\/fr\/choses-a-faire-a-lisbonne\/meilleurs-musees-a-lisbonne\/\" dynamic-postlink=\"tcb_post_the_permalink\" data-shortcode-id=\"586\"><\/a><\/p>\n<h3 style=\"text-align: center; padding-top: 0px !important; margin-top: 0px !important;\"><span data-attr-link=\"1\" data-attr-rel=\"0\" data-attr-target=\"0\" data-extra_key=\"\" data-option-inline=\"1\" data-shortcode=\"tcb_post_title\" data-shortcode-name=\"Post title\" data-attr-css=\"\" data-attr-static-link=\"{&quot;className&quot;:&quot;tve-froala fr-basic&quot;,&quot;href&quot;:&quot;https:\/\/lisbontouristinformation.com\/fr\/choses-a-faire-a-lisbonne\/meilleurs-musees-a-lisbonne\/&quot;,&quot;title&quot;:&quot;10 Meilleurs Mus\u00e9es \u00e0 Lisbonne&quot;,&quot;class&quot;:&quot;tve-froala fr-basic&quot;}\" style=\"\"><a href=\"https:\/\/lisbontouristinformation.com\/fr\/choses-a-faire-a-lisbonne\/meilleurs-musees-a-lisbonne\/\" title=\"10 Meilleurs Mus\u00e9es \u00e0 Lisbonne\" data-css=\"\">10 Meilleurs Mus\u00e9es \u00e0 Lisbonne<\/a><\/span><\/h3>\n<p><a href=\"https:\/\/lisbontouristinformation.com\/fr\/choses-a-faire-a-lisbonne\/meilleurs-musees-a-lisbonne\/\" style=\"\"><span style=\"\"><span style=\"\">Lire la suite<\/span><\/span><\/a><a href=\"https:\/\/lisbontouristinformation.com\/fr\/choses-a-faire-a-lisbonne\/choses-a-faire-avec-vos-enfants-a-lisbonne\/\" dynamic-postlink=\"tcb_post_the_permalink\" data-shortcode-id=\"586\"><\/a><\/p>\n<h3 style=\"text-align: center; padding-top: 0px !important; margin-top: 0px !important;\"><span data-attr-link=\"1\" data-attr-rel=\"0\" data-attr-target=\"0\" data-extra_key=\"\" data-option-inline=\"1\" data-shortcode=\"tcb_post_title\" data-shortcode-name=\"Post title\" data-attr-css=\"\" data-attr-static-link=\"{&quot;className&quot;:&quot;tve-froala fr-basic&quot;,&quot;href&quot;:&quot;https:\/\/lisbontouristinformation.com\/fr\/choses-a-faire-a-lisbonne\/meilleurs-musees-a-lisbonne\/&quot;,&quot;title&quot;:&quot;10 Meilleurs Mus\u00e9es \u00e0 Lisbonne&quot;,&quot;class&quot;:&quot;tve-froala fr-basic&quot;}\" style=\"\"><a href=\"https:\/\/lisbontouristinformation.com\/fr\/choses-a-faire-a-lisbonne\/choses-a-faire-avec-vos-enfants-a-lisbonne\/\" title=\"15 Choses \u00e0 Faire avec vos enfants \u00e0 Lisbonne\" data-css=\"\">15 Choses \u00e0 Faire avec vos enfants \u00e0 Lisbonne<\/a><\/span><\/h3>\n<p><a href=\"https:\/\/lisbontouristinformation.com\/fr\/choses-a-faire-a-lisbonne\/choses-a-faire-avec-vos-enfants-a-lisbonne\/\" style=\"\"><span style=\"\"><span style=\"\">Lire la suite<\/span><\/span><\/a><a href=\"https:\/\/lisbontouristinformation.com\/fr\/choses-a-faire-a-lisbonne\/\" dynamic-postlink=\"tcb_post_the_permalink\" data-shortcode-id=\"586\"><\/a><\/p>\n<h3 style=\"text-align: center; padding-top: 0px !important; margin-top: 0px !important;\"><span data-attr-link=\"1\" data-attr-rel=\"0\" data-attr-target=\"0\" data-extra_key=\"\" data-option-inline=\"1\" data-shortcode=\"tcb_post_title\" data-shortcode-name=\"Post title\" data-attr-css=\"\" data-attr-static-link=\"{&quot;className&quot;:&quot;tve-froala fr-basic&quot;,&quot;href&quot;:&quot;https:\/\/lisbontouristinformation.com\/fr\/choses-a-faire-a-lisbonne\/meilleurs-musees-a-lisbonne\/&quot;,&quot;title&quot;:&quot;10 Meilleurs Mus\u00e9es \u00e0 Lisbonne&quot;,&quot;class&quot;:&quot;tve-froala fr-basic&quot;}\" style=\"\"><a href=\"https:\/\/lisbontouristinformation.com\/fr\/choses-a-faire-a-lisbonne\/\" title=\"50 Choses \u00e0 Faire \u00e0 Lisbonne\" data-css=\"\">50 Choses \u00e0 Faire \u00e0 Lisbonne<\/a><\/span><\/h3>\n<p><a href=\"https:\/\/lisbontouristinformation.com\/fr\/choses-a-faire-a-lisbonne\/\" style=\"\"><span style=\"\"><span style=\"\">Lire la suite<\/span><\/span><\/a><a href=\"https:\/\/lisbontouristinformation.com\/fr\/choses-a-faire-a-lisbonne\/gare-du-rossio\/\" dynamic-postlink=\"tcb_post_the_permalink\" data-shortcode-id=\"586\"><\/a><\/p>\n<h3 style=\"text-align: center; padding-top: 0px !important; margin-top: 0px !important;\"><span data-attr-link=\"1\" data-attr-rel=\"0\" data-attr-target=\"0\" data-extra_key=\"\" data-option-inline=\"1\" data-shortcode=\"tcb_post_title\" data-shortcode-name=\"Post title\" data-attr-css=\"\" data-attr-static-link=\"{&quot;className&quot;:&quot;tve-froala fr-basic&quot;,&quot;href&quot;:&quot;https:\/\/lisbontouristinformation.com\/fr\/choses-a-faire-a-lisbonne\/meilleurs-musees-a-lisbonne\/&quot;,&quot;title&quot;:&quot;10 Meilleurs Mus\u00e9es \u00e0 Lisbonne&quot;,&quot;class&quot;:&quot;tve-froala fr-basic&quot;}\" style=\"\"><a href=\"https:\/\/lisbontouristinformation.com\/fr\/choses-a-faire-a-lisbonne\/gare-du-rossio\/\" title=\"Guide de la Gare du Rossio : Horaires, Histoire et Conseils\" data-css=\"\">Guide de la Gare du Rossio : Horaires, Histoire et Conseils<\/a><\/span><\/h3>\n<p><a href=\"https:\/\/lisbontouristinformation.com\/fr\/choses-a-faire-a-lisbonne\/gare-du-rossio\/\" style=\"\"><span style=\"\"><span style=\"\">Lire la suite<\/span><\/span><\/a><\/p>\n","protected":false},"excerpt":{"rendered":"<p>La majestueuse Pra\u00e7a do Com\u00e9rcio, bord\u00e9e de bars, restaurants, caf\u00e9s et boutiques, est la place principale de la ville et un monument national du Portugal. Nich\u00e9e entre la c\u00e9l\u00e8bre arche de la Rua Augusta et le port de Lisbonne, la place embl\u00e9matique au bord de la rivi\u00e8re est comme une porte d&rsquo;entr\u00e9e de la ville, [&hellip;]<\/p>\n","protected":false},"author":18,"featured_media":5898,"parent":67,"menu_order":0,"comment_status":"closed","ping_status":"closed","template":"","meta":{"footnotes":""},"tags":[88],"class_list":["post-5509","page","type-page","status-publish","has-post-thumbnail","hentry","tag-things-to-do","post-wrapper","thrv_wrapper"],"_links":{"self":[{"href":"https:\/\/lisbontouristinformation.com\/fr\/wp-json\/wp\/v2\/pages\/5509","targetHints":{"allow":["GET"]}}],"collection":[{"href":"https:\/\/lisbontouristinformation.com\/fr\/wp-json\/wp\/v2\/pages"}],"about":[{"href":"https:\/\/lisbontouristinformation.com\/fr\/wp-json\/wp\/v2\/types\/page"}],"author":[{"embeddable":true,"href":"https:\/\/lisbontouristinformation.com\/fr\/wp-json\/wp\/v2\/users\/18"}],"replies":[{"embeddable":true,"href":"https:\/\/lisbontouristinformation.com\/fr\/wp-json\/wp\/v2\/comments?post=5509"}],"version-history":[{"count":0,"href":"https:\/\/lisbontouristinformation.com\/fr\/wp-json\/wp\/v2\/pages\/5509\/revisions"}],"up":[{"embeddable":true,"href":"https:\/\/lisbontouristinformation.com\/fr\/wp-json\/wp\/v2\/pages\/67"}],"wp:featuredmedia":[{"embeddable":true,"href":"https:\/\/lisbontouristinformation.com\/fr\/wp-json\/wp\/v2\/media\/5898"}],"wp:attachment":[{"href":"https:\/\/lisbontouristinformation.com\/fr\/wp-json\/wp\/v2\/media?parent=5509"}],"wp:term":[{"taxonomy":"post_tag","embeddable":true,"href":"https:\/\/lisbontouristinformation.com\/fr\/wp-json\/wp\/v2\/tags?post=5509"}],"curies":[{"name":"wp","href":"https:\/\/api.w.org\/{rel}","templated":true}]}}