{"id":5498,"date":"2022-04-19T16:42:05","date_gmt":"2022-04-19T14:42:05","guid":{"rendered":"https:\/\/lisbontouristinformation.com\/fr\/?page_id=5498"},"modified":"2022-08-09T14:20:06","modified_gmt":"2022-08-09T13:20:06","slug":"vues-panoramiques-de-lisbonne","status":"publish","type":"page","link":"https:\/\/lisbontouristinformation.com\/fr\/choses-a-faire-a-lisbonne\/vues-panoramiques-de-lisbonne\/","title":{"rendered":"Plus belles Vues Panoramiques de Lisbonne : Guide de Santa Luzia et Portas do Sol"},"content":{"rendered":"<h3 id=\"t-1650379347736\" data-hide=\"true\">Vous voulez profiter d&rsquo;une vue panoramique \u00e0 360\u00b0 sur les toits de Lisbonne ? Laissez-nous vous pr\u00e9senter deux des points de vue les plus recherch\u00e9s de Lisbonne, <b>Miradouro de Santa Luzia<\/b> et <b>Miradouro das Portas do Sol<\/b> .<\/h3>\n<p>Perch\u00e9s au sommet d&rsquo;une colline dans le quartier historique d&rsquo;Alfama, ces favoris de longue date raviront \u00e0 coup s\u00fbr. Ce n&rsquo;est pas sans raison qu&rsquo;ils sont sur l&rsquo;itin\u00e9raire de presque tous les visiteurs de Lisbonne.<\/p>\n<p>Lisez ici les d\u00e9tails sur la vue, l&rsquo;atmosph\u00e8re, le meilleur moment pour visiter et d&rsquo;autres conseils.<\/p>\n<p style=\"\">Commen\u00e7ons par Miradouro de Santa Luzia. Apr\u00e8s, nous jetterons un coup d&rsquo;\u0153il \u00e0 Miradouro das Portas do Sol!<\/p>\n<p><span><img decoding=\"async\" alt=\"Miradouro de Santa Luzia\" data-id=\"6699\" width=\"702\" data-init-width=\"1000\" height=\"468\" data-init-height=\"667\" title=\"Miradouro de Santa Luzia\" src=\"https:\/\/lisbontouristinformation.com\/fr\/wp-content\/uploads\/2022\/06\/Miradouro-de-Santa-Luzia.jpg\" data-width=\"702\" data-height=\"468\" loading=\"lazy\"><\/span><\/p>\n<h2 id=\"t-1650379347734\" style=\"\">1. Miradouro de Santa Luzia<\/h2>\n<p>Le Miradouro de Santa Luzia, ou point de vue de Santa Luzia, est l&rsquo;un des plus beaux points de vue de tout Lisbonne. Avec ses vues imprenables sur le <a href=\"https:\/\/lisbontouristinformation.com\/fr\/organiser-votre-voyage-a-lisbonne\/meilleurs-quartiers-de-lisbonne\/quartier-alfama\/\" style=\"outline: none;\">quartier d&rsquo;Alfama<\/a> et ses jolis bancs en mosa\u00efque d&rsquo;azulejos, ce n&rsquo;est pas \u00e9tonnant.<\/p>\n<h3 id=\"t-1650379347737\" style=\"\">Voir<\/h3>\n<p>De la terrasse paysag\u00e9e \u00e0 deux niveaux, vous avez une vue parfaite sur le d\u00e9dale de rues \u00e9troites, les maisons color\u00e9es et les belles \u00e9glises du quartier d&rsquo;Alfama.<\/p>\n<p>Si vous regardez attentivement, vous pourrez m\u00eame apercevoir le d\u00f4me blanc du <a href=\"https:\/\/lisbontouristinformation.com\/fr\/choses-a-faire-a-lisbonne\/pantheon-national\/\" style=\"outline: none;\">Panth\u00e9on national<\/a>, l&rsquo;\u00e9glise de Santo Est\u00eav\u00e3o et les fl\u00e8ches de l&rsquo;\u00e9glise de S\u00e3o Miguel.&nbsp;La vue s&rsquo;\u00e9tend jusqu&rsquo;au Tage, qui se jette dans l&rsquo;oc\u00e9an Atlantique, et parfois vous pouvez voir des bateaux de croisi\u00e8re partir ou arriver dans la r\u00e9gion.<\/p>\n<p>Les bancs, d\u00e9cor\u00e9s des plus beaux azulejos, ainsi que la magnifique toile de fond, constituent l&rsquo;endroit id\u00e9al pour les photos. Il est devenu l&rsquo;un des spots les plus instagrammables de la ville.<\/p>\n<h3 id=\"t-1650379347738\" style=\"\">Atmosph\u00e8re<\/h3>\n<p>Situ\u00e9 dans un petit jardin, avec une fontaine et un bassin rectangulaire, le Miradouro de Santa Luzia est sans doute l&rsquo;un des endroits les plus romantiques de la ville.<\/p>\n<p>\u2192 En parlant de romance, ne manquez pas cette liste des <a href=\"https:\/\/lisbontouristinformation.com\/fr\/hotels-a-lisbonne\/lune-de-miel-a-lisbonne\/\" style=\"outline: none;\">meilleurs h\u00f4tels pour lune de miel et couples \u00e0 Lisbonne<\/a>.<\/p>\n<p>L&rsquo;atmosph\u00e8re intime et chaleureuse qui se d\u00e9gage du <b>niveau inf\u00e9rieur<\/b> du belv\u00e9d\u00e8re est renforc\u00e9e par l&rsquo;\u00e9glise de Santa Luzia, couverte de beaux bougainvilliers roses, situ\u00e9e \u00e0 c\u00f4t\u00e9 de la terrasse. Les artistes de rue enrichissent souvent le quartier en cr\u00e9ant une atmosph\u00e8re anim\u00e9e appr\u00e9ci\u00e9e par tous les visiteurs, tandis que les artistes fr\u00e9quentent le quartier pour vendre de l&rsquo;artisanat.<\/p>\n<p>Assis ici, profitant de la vue et \u00e9coutant le grondement du tramway embl\u00e9matique, vous pouvez vraiment vous impr\u00e9gner du charme du c\u0153ur historique de Lisbonne. Si vous \u00eates chanceux, vous pouvez m\u00eame entendre les sons du fado r\u00e9sonner au loin.<\/p>\n<p>Le niveau sup\u00e9rieur, quant \u00e0 lui, propose un petit caf\u00e9 o\u00f9 vous pourrez profiter de la magnifique vue autour d&rsquo;une bouch\u00e9e ou d&rsquo;un verre.<\/p>\n<p><span><img decoding=\"async\" alt=\"Meilleur moment pour visiter Miradouro de Santa Luzia\" data-id=\"6702\" width=\"702\" data-init-width=\"1000\" height=\"468\" data-init-height=\"667\" title=\"Meilleur moment pour visiter Miradouro de Santa Luzia\" src=\"https:\/\/lisbontouristinformation.com\/fr\/wp-content\/uploads\/2022\/06\/Best-Time-to-Visit-Miradouro-de-Santa-Luzia.jpg\" data-width=\"702\" data-height=\"468\" loading=\"lazy\"><\/span><\/p>\n<h3 id=\"t-1650379347739\" style=\"\"><strong>Meilleur moment pour visiter<\/strong><\/h3>\n<p>Le point de vue est spectaculaire \u00e0 tout moment de la journ\u00e9e, mais il est encore plus magique au coucher du soleil. Pour ceux qui pr\u00e9f\u00e8rent profiter de la vue par eux-m\u00eames, il est pr\u00e9f\u00e9rable de visiter la terrasse t\u00f4t le matin, quand il n&rsquo;y a pas encore trop de monde.<\/p>\n<p>Le belv\u00e9d\u00e8re couvert de pergola est \u00e9galement un endroit id\u00e9al pour les journ\u00e9es ensoleill\u00e9es, la brise de l&rsquo;Atlantique soulageant les visiteurs lors des chaudes apr\u00e8s-midi d&rsquo;\u00e9t\u00e9.<\/p>\n<h3 id=\"t-1650379347740\" style=\"\">\u00c0 ne pas manquer<\/h3>\n<p>Jetez un coup d&rsquo;\u0153il au mur ext\u00e9rieur sud de l&rsquo; <b>\u00e9glise adjacente de Santa Luzia<\/b> , fond\u00e9e par les Chevaliers de Malte. Vous y verrez deux peintures murales faites de carreaux d&rsquo;azulejos. L&rsquo;une montre la Pra\u00e7a do Com\u00e9rcio et l&rsquo;ancien palais royal avant le grand tremblement de terre de 1755, l&rsquo;autre l&rsquo;attaque des crois\u00e9s sur le <a href=\"https:\/\/lisbontouristinformation.com\/fr\/choses-a-faire-a-lisbonne\/chateau-de-sao-jorge\/\" style=\"outline: none;\">ch\u00e2teau de S\u00e3o Jorge<\/a> &nbsp;au XIIe si\u00e8cle.<\/p>\n<h3 id=\"t-1650379347741\" style=\"\"><strong>Emplacement<\/strong><\/h3>\n<p>Largo Santa Luzia, Lisbonne, Portugal<\/p>\n<ul>\n<li>Le quartier d&rsquo;Alfama est un endroit id\u00e9al <strong>pour manger un morceau ou d\u00e9guster un verre de vin<\/strong> dans l&rsquo;un des <a href=\"https:\/\/lisbontouristinformation.com\/fr\/guide-lifestyle-a-lisbonne\/restaurants-a-lisbonne\/bars-a-vin-a-lisbonne\/\" style=\"outline: none;\">meilleurs bars de Lisbonne.<\/a><\/li>\n<\/ul>\n<p><span><img decoding=\"async\" alt=\"Miradouro das Portas do Sol \u00e0 Lisbonne au Portugal\" data-id=\"6705\" width=\"702\" data-init-width=\"1000\" height=\"468\" data-init-height=\"667\" title=\"Miradouro das Portas do Sol \u00e0 Lisbonne au Portugal\" loading=\"lazy\" src=\"https:\/\/lisbontouristinformation.com\/fr\/wp-content\/uploads\/2022\/06\/Miradouro-das-Portas-do-Sol-in-Lisbon-in-Portugal-1.jpg\" data-width=\"702\" data-height=\"468\" style=\"\"><\/span><\/p>\n<h2 id=\"t-1650379347742\"><strong>2. Miradouro das Portas do Sol<\/strong><\/h2>\n<p>\u00c0 quelques minutes en haut de la colline se dresse le point de vue populaire et tr\u00e8s anim\u00e9 de Miradouro das Portas do Sol. Comme son voisin, il offre des vues fantastiques qui vous feront tomber \u00e9perdument amoureux de la ville.<\/p>\n<h3 id=\"t-1650379347743\" style=\"\">Voir<\/h3>\n<p>Depuis le balcon d&rsquo;observation, vous pourrez profiter d&rsquo;une vue panoramique qui s&rsquo;\u00e9tend sur le plus ancien quartier de Lisbonne, Alfama, jusqu&rsquo;au fleuve et sur les rives oppos\u00e9es du Tage. Admirez la mer des toits en terre cuite et des rues pav\u00e9es, une v\u00e9ritable exp\u00e9rience de Lisbonne.<\/p>\n<p>La vue depuis cet endroit est unique car elle donne directement sur le monast\u00e8re de S\u00e3o Vicente de Fora. Cette vue fait de l&rsquo;endroit un endroit populaire pour les photos dignes d&rsquo;une carte postale.<\/p>\n<h3 id=\"t-1650379347744\" style=\"\">Atmosph\u00e8re<\/h3>\n<p>Alors que Santa Luzia charme par son cadre romantique, Miradouro das Portas do Sol attire par son \u00e9nergie unique et vibrante. Le point de vue est entour\u00e9 de plusieurs places et de fontaines o\u00f9 des musiciens de rue jouent pour les habitants et les touristes du monde entier qui aiment se rassembler ici.<\/p>\n<p>Vous pouvez \u00e9galement trouver l&rsquo;un des kiosques les plus populaires de la ville, ce qui en fait l&rsquo;endroit id\u00e9al pour ralentir et d\u00e9guster un verre de sangria rafra\u00eechissant et une d\u00e9licieuse p\u00e2tisserie.<\/p>\n<p>Plongez dans l&rsquo;histoire des <a href=\"https:\/\/web.yourmobileguide.com\/tabs\/tour-page\/946\" target=\"_blank\" style=\"outline: none;\" rel=\"noopener\">kiosques de Lisbonne lors d&rsquo;une visite audio-guid\u00e9e<\/a>.&nbsp;<\/p>\n<p><span><img decoding=\"async\" alt=\"Meilleur moment pour visiter Miradouro das Portas do Sol \u00e0 Lisbonne\" data-id=\"6708\" width=\"702\" data-init-width=\"1000\" height=\"468\" data-init-height=\"667\" title=\"Meilleur moment pour visiter Miradouro das Portas do Sol \u00e0 Lisbonne\" loading=\"lazy\" src=\"https:\/\/lisbontouristinformation.com\/fr\/wp-content\/uploads\/2022\/06\/Best-Time-to-Visit-Miradouro-das-Portas-do-Sol-in-Lisbon-1.jpg\" data-width=\"702\" data-height=\"468\"><\/span><\/p>\n<h3 id=\"t-1650379347745\" style=\"\">Meilleur moment pour visiter<\/h3>\n<p>Si vous venez au cr\u00e9puscule, vous serez enchant\u00e9 par les nouvelles teintes que prennent les b\u00e2timents \u00e0 la lumi\u00e8re du soleil couchant.<\/p>\n<h3 id=\"t-1650379347746\" style=\"\">\u00c0 ne pas manquer<\/h3>\n<p>Pr\u00e8s du belv\u00e9d\u00e8re, vous trouverez une statue tenant une barque marqu\u00e9e par deux corbeaux. Cette statue est Saint Vincent, le saint patron de Lisbonne.<\/p>\n<h3 id=\"t-1650379347747\" style=\"\"><strong>Emplacement<\/strong><\/h3>\n<p style=\"\">Largo Portas do Sol, Lisbonne, Portugal<\/p>\n<p><span><img decoding=\"async\" alt=\"Comment se rendre aux points de vue de Santa Luzia et Portas do Sol\" data-id=\"6709\" width=\"702\" data-init-width=\"1000\" height=\"468\" data-init-height=\"667\" title=\"Comment se rendre aux points de vue de Santa Luzia et Portas do Sol\" loading=\"lazy\" src=\"https:\/\/lisbontouristinformation.com\/fr\/wp-content\/uploads\/2022\/06\/How-to-Get-to-Santa-Luzia-Portas-do-Sol-Viewpoints.jpg\" data-width=\"702\" data-height=\"468\"><\/span><\/p>\n<h2 id=\"t-1650379347735\" data-alt-text=\"How to Get there?\" style=\"\">Comment se rendre aux points de vue de Santa Luzia et Portas do Sol ?<\/h2>\n<p>Les deux points de vue sont situ\u00e9s \u00e0 quelques m\u00e8tres l&rsquo;un de l&rsquo;autre dans le quartier d&rsquo;Alfama, \u00e0 une courte distance du ch\u00e2teau de S\u00e3o Jorge.<\/p>\n<p>La meilleure fa\u00e7on de les atteindre est de monter \u00e0 pied depuis le <a href=\"https:\/\/lisbontouristinformation.com\/fr\/organiser-votre-voyage-a-lisbonne\/meilleurs-quartiers-de-lisbonne\/\" style=\"outline: none;\">quartier Baixa<\/a>, ce qui permet de d\u00e9couvrir le charme du quartier historique.<\/p>\n<p>Si vous pr\u00e9f\u00e9rez utiliser <a href=\"https:\/\/lisbontouristinformation.com\/fr\/arrivee\/transports-en-commun-a-lisbonne\/\" style=\"outline: none;\">les transports en commun de Lisbonne<\/a>, prenez le bus 737 qui s&rsquo;arr\u00eate au coin de&nbsp;<b>\u200b<\/b>Miradouro de Santa Luzia, ou le tram (12 ou 28 jusqu&rsquo;\u00e0 l&rsquo;arr\u00eat Lg. Portas Sol).<\/p>\n<h3 id=\"t-1650379347748\" data-alt-text=\"Travelers' Tip\" style=\"\"><strong>Conseil des voyageurs&nbsp;:&nbsp;<\/strong><\/h3>\n<ul>\n<li style=\"\">Int\u00e9ress\u00e9 par le quartier historique d&rsquo;Alfama?&nbsp;La <a href=\"https:\/\/web.yourmobileguide.com\/tabs\/tour-page\/472\" target=\"_blank\" style=\"outline: none;\" rel=\"noopener\">visite autoguid\u00e9e du go\u00fbt d&rsquo;Alfama<\/a> par YourMobileGuide vous m\u00e8nera \u00e0 des points de vue et \u00e0 d&rsquo;autres sites importants du vieux quartier, tout en vous pr\u00e9sentant le c\u00f4t\u00e9 culinaire de Lisbonne.<\/li>\n<\/ul>\n<p style=\"\">Vous savez maintenant tout sur deux des plus beaux points de vue de la ville. Comme ils ne sont qu&rsquo;\u00e0 quelques minutes l&rsquo;un de l&rsquo;autre, nous vous recommandons de les <strong>visiter tous les deux<\/strong> et de laisser le flair sp\u00e9cial op\u00e9rer sa magie sur vous.<\/p>\n<p>Si vous souhaitez d\u00e9couvrir les autres tr\u00e9sors cach\u00e9s dans le quartier historique d&rsquo;Alfama, consultez notre <a href=\"https:\/\/lisbontouristinformation.com\/fr\/organiser-votre-voyage-a-lisbonne\/meilleurs-quartiers-de-lisbonne\/quartier-alfama\/\" style=\"outline: none;\"><b>Guide d&rsquo;Alfama<\/b><\/a>&nbsp;et notre article sur un&nbsp;<a href=\"https:\/\/lisbontouristinformation.com\/fr\/organiser-votre-voyage-a-lisbonne\/lisbonne-en-3-jours\/\" style=\"outline: none;\"><b>itin\u00e9raire de trois jours \u00e0 Lisbonne<\/b><\/a>, couvrant Alfama, les principaux points forts et Bel\u00e9m.<\/p>\n<h3 id=\"t-1650379347749\" style=\"\">Articles Li\u00e9s:<\/h3>\n<p><a href=\"https:\/\/lisbontouristinformation.com\/fr\/choses-a-faire-a-lisbonne\/choses-a-faire-avec-vos-enfants-a-lisbonne\/\" dynamic-postlink=\"tcb_post_the_permalink\" data-shortcode-id=\"5414\"><\/a><\/p>\n<h3 style=\"text-align: center; padding-top: 0px !important; margin-top: 0px !important;\" id=\"t-1650379347750\" data-hide=\"true\"><span data-attr-link=\"1\" data-attr-rel=\"0\" data-attr-target=\"0\" data-extra_key=\"\" data-option-inline=\"1\" data-shortcode=\"tcb_post_title\" data-shortcode-name=\"Post title\" data-attr-css=\"\" data-attr-static-link=\"{&quot;className&quot;:&quot;tve-froala fr-basic&quot;,&quot;href&quot;:&quot;https:\/\/lisbontouristinformation.com\/fr\/choses-a-faire-a-lisbonne\/choses-a-faire-avec-vos-enfants-a-lisbonne\/&quot;,&quot;title&quot;:&quot;15 Choses \u00e0 Faire avec vos enfants \u00e0 Lisbonne&quot;,&quot;class&quot;:&quot;tve-froala fr-basic&quot;}\" style=\"\"><a href=\"https:\/\/lisbontouristinformation.com\/fr\/choses-a-faire-a-lisbonne\/choses-a-faire-avec-vos-enfants-a-lisbonne\/\" title=\"15 Choses \u00e0 Faire avec vos enfants \u00e0 Lisbonne\" data-css=\"\">15 Choses \u00e0 Faire avec vos enfants \u00e0 Lisbonne<\/a><\/span><\/h3>\n<p><a href=\"https:\/\/lisbontouristinformation.com\/fr\/choses-a-faire-a-lisbonne\/choses-a-faire-avec-vos-enfants-a-lisbonne\/\"><span style=\"\"><span style=\"\">Lire la suite<\/span><\/span><\/a><a href=\"https:\/\/lisbontouristinformation.com\/fr\/choses-a-faire-a-lisbonne\/\" dynamic-postlink=\"tcb_post_the_permalink\" data-shortcode-id=\"5414\"><\/a><\/p>\n<h3 style=\"text-align: center; padding-top: 0px !important; margin-top: 0px !important;\" id=\"t-1650379347750\" data-hide=\"true\"><span data-attr-link=\"1\" data-attr-rel=\"0\" data-attr-target=\"0\" data-extra_key=\"\" data-option-inline=\"1\" data-shortcode=\"tcb_post_title\" data-shortcode-name=\"Post title\" data-attr-css=\"\" data-attr-static-link=\"{&quot;className&quot;:&quot;tve-froala fr-basic&quot;,&quot;href&quot;:&quot;https:\/\/lisbontouristinformation.com\/fr\/choses-a-faire-a-lisbonne\/choses-a-faire-avec-vos-enfants-a-lisbonne\/&quot;,&quot;title&quot;:&quot;15 Choses \u00e0 Faire avec vos enfants \u00e0 Lisbonne&quot;,&quot;class&quot;:&quot;tve-froala fr-basic&quot;}\" style=\"\"><a href=\"https:\/\/lisbontouristinformation.com\/fr\/choses-a-faire-a-lisbonne\/\" title=\"50 Choses \u00e0 Faire \u00e0 Lisbonne\" data-css=\"\">50 Choses \u00e0 Faire \u00e0 Lisbonne<\/a><\/span><\/h3>\n<p><a href=\"https:\/\/lisbontouristinformation.com\/fr\/choses-a-faire-a-lisbonne\/\"><span style=\"\"><span style=\"\">Lire la suite<\/span><\/span><\/a><a href=\"https:\/\/lisbontouristinformation.com\/fr\/organiser-votre-voyage-a-lisbonne\/meilleurs-quartiers-de-lisbonne\/quartier-alfama\/\" dynamic-postlink=\"tcb_post_the_permalink\" data-shortcode-id=\"5414\"><\/a><\/p>\n<h3 style=\"text-align: center; padding-top: 0px !important; margin-top: 0px !important;\" id=\"t-1650379347750\" data-hide=\"true\"><span data-attr-link=\"1\" data-attr-rel=\"0\" data-attr-target=\"0\" data-extra_key=\"\" data-option-inline=\"1\" data-shortcode=\"tcb_post_title\" data-shortcode-name=\"Post title\" data-attr-css=\"\" data-attr-static-link=\"{&quot;className&quot;:&quot;tve-froala fr-basic&quot;,&quot;href&quot;:&quot;https:\/\/lisbontouristinformation.com\/fr\/choses-a-faire-a-lisbonne\/choses-a-faire-avec-vos-enfants-a-lisbonne\/&quot;,&quot;title&quot;:&quot;15 Choses \u00e0 Faire avec vos enfants \u00e0 Lisbonne&quot;,&quot;class&quot;:&quot;tve-froala fr-basic&quot;}\" style=\"\"><a href=\"https:\/\/lisbontouristinformation.com\/fr\/organiser-votre-voyage-a-lisbonne\/meilleurs-quartiers-de-lisbonne\/quartier-alfama\/\" title=\"Guide du Quartier Alfama \u00e0 Lisbonne : Meilleures Choses \u00e0 y Faire\" data-css=\"\">Guide du Quartier Alfama \u00e0 Lisbonne : Meilleures Choses \u00e0 y Faire<\/a><\/span><\/h3>\n<p><a href=\"https:\/\/lisbontouristinformation.com\/fr\/organiser-votre-voyage-a-lisbonne\/meilleurs-quartiers-de-lisbonne\/quartier-alfama\/\"><span style=\"\"><span style=\"\">Lire la suite<\/span><\/span><\/a><\/p>\n","protected":false},"excerpt":{"rendered":"<p>Vous voulez profiter d&rsquo;une vue panoramique \u00e0 360\u00b0 sur les toits de Lisbonne ? Laissez-nous vous pr\u00e9senter deux des points de vue les plus recherch\u00e9s de Lisbonne, Miradouro de Santa Luzia et Miradouro das Portas do Sol . Perch\u00e9s au sommet d&rsquo;une colline dans le quartier historique d&rsquo;Alfama, ces favoris de longue date raviront \u00e0 [&hellip;]<\/p>\n","protected":false},"author":18,"featured_media":5897,"parent":67,"menu_order":0,"comment_status":"closed","ping_status":"closed","template":"","meta":{"footnotes":""},"tags":[88],"class_list":["post-5498","page","type-page","status-publish","has-post-thumbnail","hentry","tag-things-to-do","post-wrapper","thrv_wrapper"],"_links":{"self":[{"href":"https:\/\/lisbontouristinformation.com\/fr\/wp-json\/wp\/v2\/pages\/5498","targetHints":{"allow":["GET"]}}],"collection":[{"href":"https:\/\/lisbontouristinformation.com\/fr\/wp-json\/wp\/v2\/pages"}],"about":[{"href":"https:\/\/lisbontouristinformation.com\/fr\/wp-json\/wp\/v2\/types\/page"}],"author":[{"embeddable":true,"href":"https:\/\/lisbontouristinformation.com\/fr\/wp-json\/wp\/v2\/users\/18"}],"replies":[{"embeddable":true,"href":"https:\/\/lisbontouristinformation.com\/fr\/wp-json\/wp\/v2\/comments?post=5498"}],"version-history":[{"count":0,"href":"https:\/\/lisbontouristinformation.com\/fr\/wp-json\/wp\/v2\/pages\/5498\/revisions"}],"up":[{"embeddable":true,"href":"https:\/\/lisbontouristinformation.com\/fr\/wp-json\/wp\/v2\/pages\/67"}],"wp:featuredmedia":[{"embeddable":true,"href":"https:\/\/lisbontouristinformation.com\/fr\/wp-json\/wp\/v2\/media\/5897"}],"wp:attachment":[{"href":"https:\/\/lisbontouristinformation.com\/fr\/wp-json\/wp\/v2\/media?parent=5498"}],"wp:term":[{"taxonomy":"post_tag","embeddable":true,"href":"https:\/\/lisbontouristinformation.com\/fr\/wp-json\/wp\/v2\/tags?post=5498"}],"curies":[{"name":"wp","href":"https:\/\/api.w.org\/{rel}","templated":true}]}}