{"id":5491,"date":"2022-04-18T16:25:27","date_gmt":"2022-04-18T14:25:27","guid":{"rendered":"https:\/\/lisbontouristinformation.com\/fr\/?page_id=5491"},"modified":"2022-08-09T00:32:17","modified_gmt":"2022-08-08T23:32:17","slug":"cathedrale-de-lisbonne","status":"publish","type":"page","link":"https:\/\/lisbontouristinformation.com\/fr\/choses-a-faire-a-lisbonne\/cathedrale-de-lisbonne\/","title":{"rendered":"Guide de la Cath\u00e9drale de Lisbonne : Conseils, Histoire et Horaires"},"content":{"rendered":"<h3>Se dressant majestueusement dans le quartier d&rsquo;Alfama depuis le XIIe si\u00e8cle, la cath\u00e9drale de Lisbonne est l&rsquo;un des symboles distinctifs de Lisbonne et un incontournable pour tout visiteur de la ville.&nbsp;<\/h3>\n<p style=\"\">Construite en 1147 par les crois\u00e9s chr\u00e9tiens, la cath\u00e9drale m\u00e9di\u00e9vale est la plus ancienne et la plus grande \u00e9glise de la ville. C&rsquo;est aussi le si\u00e8ge du Patriarcat de Lisbonne et class\u00e9 <strong>Monument National du Portugal<\/strong> .<\/p>\n<p style=\"\">Pr\u00e9parez-vous \u00e0 \u00eatre \u00e9merveill\u00e9 par la <strong>merveilleuse fusion des styles architecturaux, ainsi que par les ruines romaines excav\u00e9es, les reliques de Saint Vincent et le magnifique Tr\u00e9sor.<\/strong><\/p>\n<p style=\"\">Ce guide vous dira tout ce que vous devez savoir avant votre visite, comme l&rsquo;histoire, le prix d&rsquo;entr\u00e9e et les heures d&rsquo;ouverture.<\/p>\n<p style=\"\">Commen\u00e7ons par les meilleures choses \u00e0 faire !<\/p>\n<h2 id=\"t-1650291944115\" style=\"\">Que faire \u00e0 la cath\u00e9drale de Lisbonne<\/h2>\n<p style=\"\">La cath\u00e9drale de Lisbonne, \u00e9galement appel\u00e9e cath\u00e9drale S\u00e9 ou simplement S\u00e9, est un monument majeur de Lisbonne d&rsquo;une immense importance historique, architecturale et religieuse.<\/p>\n<p><b>Apprenez-en plus sur les points forts de la cath\u00e9drale dans notre aper\u00e7u ci-dessous&nbsp;:<\/b><\/p>\n<p><span><img decoding=\"async\" loading=\"lazy\" alt=\"Que faire \u00e0 la cath\u00e9drale de Lisbonne\" data-id=\"6587\" width=\"702\" data-init-width=\"1000\" height=\"527\" data-init-height=\"751\" title=\"Que faire \u00e0 la cath\u00e9drale de Lisbonne\" src=\"https:\/\/lisbontouristinformation.com\/fr\/wp-content\/uploads\/2022\/06\/Things-to-do-at-Lisbon-Cathedral-1.jpg\" data-width=\"702\" data-height=\"527\"><\/span><\/p>\n<h3 style=\"\">1. Architecture de la cath\u00e9drale de Lisbonne<\/h3>\n<p>Avant d&rsquo;entrer dans la cath\u00e9drale, prenez le temps d&rsquo;appr\u00e9cier l&rsquo;ext\u00e9rieur saisissant, qui ressemble \u00e0 une forteresse plut\u00f4t qu&rsquo;\u00e0 une \u00e9glise. La <b>fa\u00e7ade d&rsquo;aspect m\u00e9di\u00e9val<\/b> se distingue par une rosace, des murs puissants et deux clochers cr\u00e9nel\u00e9s.<\/p>\n<p>La cath\u00e9drale de Lisbonne a \u00e9t\u00e9 reconstruite plusieurs fois, r\u00e9sultant en un grand <b>m\u00e9lange de styles architecturaux. <\/b>En regardant de plus pr\u00e8s, vous pouvez rep\u00e9rer des \u00e9l\u00e9ments gothiques, n\u00e9oclassiques et romans.<\/p>\n<p style=\"\"><b>Conseil :<\/b> reculez un peu et pr\u00e9parez vos appareils photo, car lorsque l&#8217;embl\u00e9matique tramway jaune passe juste devant la cath\u00e9drale de Lisbonne, vous \u00eates s\u00fbr d&rsquo;obtenir une <b>photo digne d&rsquo;une carte postale<\/b>.<\/p>\n<h3 style=\"\">2. Promenez-vous dans la cath\u00e9drale<\/h3>\n<p>Entrez dans la cath\u00e9drale et accordez-vous un moment pour admirer l&rsquo;int\u00e9rieur plut\u00f4t caverneux et sombre. En vous promenant sous les plafonds vo\u00fbt\u00e9s et les arcs gothiques, vous serez peut-\u00eatre surpris de voir \u00e0 quel point elle est simple et claire par rapport aux autres \u00e9glises de la ville. Cependant, ce sont les d\u00e9tails architecturaux qui vous impressionneront.<\/p>\n<p>Remarquez la <b>sacristie baroque du XVIIe si\u00e8cle<\/b>, qui abrite un sanctuaire et est d\u00e9cor\u00e9e de marbre polychrome, de sculptures de saints portugais et d&rsquo;un extraordinaire plafond en stuc.<\/p>\n<p style=\"\">Marchez jusqu&rsquo;au <b>baptist\u00e8re<\/b>, orn\u00e9 de panneaux de tuiles et d&rsquo;une balustrade en fer forg\u00e9 dor\u00e9, et cherchez les&nbsp;<b>fonts baptismaux o\u00f9 le saint patron de la ville de Lisbonne, saint Antoine de Padoue,<\/b> aurait \u00e9t\u00e9 baptis\u00e9 en 1195. Si vous allez \u00e0 sur le mur de l&rsquo;escalier menant au ch\u0153ur haut, vous apercevrez la <b>c\u00e9l\u00e8bre croix de Saint Antoine.<\/b><\/p>\n<p><span><img decoding=\"async\" loading=\"lazy\" alt=\"Admirez les chapelles de la cath\u00e9drale de Lisbonne\" data-id=\"6590\" width=\"702\" data-init-width=\"1000\" height=\"468\" data-init-height=\"667\" title=\"Admirez les chapelles de la cath\u00e9drale de Lisbonne\" src=\"https:\/\/lisbontouristinformation.com\/fr\/wp-content\/uploads\/2022\/06\/Admire-the-Chapels-of-Lisbon-Cathedral-1.jpg\" data-width=\"702\" data-height=\"468\" style=\"\"><\/span><\/p>\n<h3 style=\"\">3. Admirez les chapelles<\/h3>\n<p>Ne manquez pas d&rsquo;admirer les neuf chapelles rayonnantes d\u00e9di\u00e9es \u00e0 d&rsquo;importantes personnalit\u00e9s portugaises. D&rsquo;une importance particuli\u00e8re sont la <b>chapelle principale n\u00e9oclassique<\/b>, o\u00f9 le roi Alfonso IV et d&rsquo;autres membres de sa famille ont \u00e9t\u00e9 enterr\u00e9s, et la&nbsp;<b>chapelle de Saint Ildefonso,<\/b> avec une magnifique cr\u00e8che en argile cr\u00e9\u00e9e par le sculpteur Joaquim Machado de Castro.<\/p>\n<p style=\"\">Tout aussi impressionnante est la <b>chapelle Bartholomew Joanes,<\/b>&nbsp;avec une \u00e9tonnante s\u00e9rie de peintures de la Renaissance repr\u00e9sentant des sc\u00e8nes de la vie de J\u00e9sus-Christ.<\/p>\n<p><span><img decoding=\"async\" loading=\"lazy\" alt=\"Explorez les fouilles arch\u00e9ologiques dans le clo\u00eetre\" data-id=\"6592\" width=\"702\" data-init-width=\"1000\" height=\"468\" data-init-height=\"667\" title=\"Explorez les fouilles arch\u00e9ologiques dans le clo\u00eetre\" src=\"https:\/\/lisbontouristinformation.com\/fr\/wp-content\/uploads\/2022\/06\/Explore-Archaeological-Excavations-in-the-Cloister-1.jpg\" data-width=\"702\" data-height=\"468\" style=\"\"><\/span><\/p>\n<h3 style=\"\">4. Explorez les fouilles arch\u00e9ologiques dans le clo\u00eetre<\/h3>\n<p>Sur le c\u00f4t\u00e9 est de la cath\u00e9drale de Lisbonne se trouve \u00e9galement le <b>clo\u00eetre<\/b>, command\u00e9 au XIIIe si\u00e8cle par le roi Dinis du Portugal.&nbsp;Bien que le clo\u00eetre de style gothique ait \u00e9t\u00e9 endommag\u00e9 lors d&rsquo;un tremblement de terre, les vestiges valent la peine d&rsquo;\u00eatre d\u00e9couverts. Il y a plusieurs <b>tombes et sarcophages<\/b> avec les restes de personnalit\u00e9s importantes.<\/p>\n<p>Il convient de noter les fouilles arch\u00e9ologiques en cours. Les parties sous-jacentes d&rsquo;un ancien mur de mosqu\u00e9e ont \u00e9t\u00e9 d\u00e9couvertes, ainsi qu&rsquo;un tron\u00e7on de voie romaine et des vestiges de l&rsquo;occupation wisigothique. <b>Des d\u00e9couvertes arch\u00e9ologiques<\/b> des \u00e9poques maure, wisigothique et romaine ont \u00e9t\u00e9 d\u00e9couvertes dans la cour de la cath\u00e9drale et sont maintenant expos\u00e9es aux visiteurs.<\/p>\n<h3 style=\"\">5. Jetez un \u0153il au vestiaire du patriarche<\/h3>\n<p>C&rsquo;est la chambre que le patriarche avait l&rsquo;habitude d&rsquo;habiller. Aujourd&rsquo;hui, vous pouvez voir ici des \u0153uvres d&rsquo;art impressionnantes, telles que le retable baroque en bois sculpt\u00e9 et dor\u00e9, la croix patriarcale, le cap magna et la sculpture de Sainte Anne avec la Vierge Marie.<\/p>\n<h3 style=\"\">6. Dirigez-vous vers le grand ch\u0153ur<\/h3>\n<p>Rendez-vous au High Choir pour l&rsquo;une des vues les plus captivantes de la cath\u00e9drale de Lisbonne.<\/p>\n<p>De l\u00e0, on domine toute la nef jusqu&rsquo;au choeur et on aper\u00e7oit la belle rosace qui orne une fa\u00e7ade romane.<\/p>\n<p><span><img decoding=\"async\" loading=\"lazy\" alt=\"Visitez le Tr\u00e9sor de la cath\u00e9drale de Lisbonne\" data-id=\"6594\" width=\"702\" data-init-width=\"1000\" height=\"468\" data-init-height=\"667\" title=\"Visitez le Tr\u00e9sor de la cath\u00e9drale de Lisbonne\" src=\"https:\/\/lisbontouristinformation.com\/fr\/wp-content\/uploads\/2022\/06\/Visit-the-Treasury-in-Lisbon-Cathedral-1.jpg\" data-width=\"702\" data-height=\"468\" style=\"\"><\/span><\/p>\n<h3 style=\"\">7. Visitez le Tr\u00e9sor<\/h3>\n<p>Un autre point fort de la cath\u00e9drale de Lisbonne est conserv\u00e9 \u00e0 l&rsquo;int\u00e9rieur du Tr\u00e9sor. Vous pouvez le trouver au deuxi\u00e8me niveau de la cath\u00e9drale. Montez et visitez les <b>quatre chambres<\/b> remplies de bijoux pr\u00e9cieux, de v\u00eatements et de reliques de l&rsquo;histoire portugaise.<\/p>\n<ul>\n<li><b>1 <sup>\u00e8re<\/sup> salle :<\/b> La salle \u00ab Reliques et Reliquaires \u00bb pr\u00e9sente des reliquaires de la collection de la Cath\u00e9drale, avec un focus sur les deux reliquaires de saint Vincent.<\/li>\n<li><b>2 <sup>\u00e8me<\/sup> salle<\/b> : Cette salle, nomm\u00e9e \u00ab\u00a0L&rsquo;Ann\u00e9e liturgique\u00a0\u00bb, est consacr\u00e9e au calendrier liturgique introduit par l&rsquo;Eglise catholique. Sont expos\u00e9s, entre autres, des sculptures et des peintures qui mettent en lumi\u00e8re certains des myst\u00e8res chr\u00e9tiens.<\/li>\n<li><b>3 <sup>\u00e8me<\/sup> salle<\/b> : La splendide \u00ab Salle du Chapitre \u00bb, construite au XVIIIe si\u00e8cle sur la sacristie de l&rsquo;\u00e9glise, abrite entre autres la tiare patriarcale, la Chaise Gestatoriale et le Flabellum.<\/li>\n<li><b>4 <sup>\u00e8me<\/sup> salle :<\/b> Dans cette salle, on peut voir une partie de l&rsquo;actuel fonds bibliographique et archivistique de la Cath\u00e9drale.<\/li>\n<\/ul>\n<h3 style=\"\">8. Assister \u00e0 une messe ou \u00e0 une c\u00e9l\u00e9bration<\/h3>\n<p style=\"\">Il y a une salle r\u00e9serv\u00e9e \u00e0 la pri\u00e8re, \u00e0 laquelle tous les visiteurs ont libre acc\u00e8s.<\/p>\n<p style=\"\">Des messes ont lieu tous les mercredis \u00e0 18h30 et tous les dimanches \u00e0 11h30 en portugais.<\/p>\n<p style=\"\">Pour des informations d\u00e9taill\u00e9es sur les c\u00e9l\u00e9brations, veuillez consulter le <a href=\"https:\/\/www.sedelisboa.pt\/celebrations\/?lang=en\" style=\"outline: none;\" target=\"_blank\" rel=\"noopener\">site officiel<\/a> .<\/p>\n<h2 id=\"t-1650291944116\" data-alt-text=\"Entrance, Tickets, and Tours\">Entr\u00e9e, billets et visites de la cath\u00e9drale de Lisbonne<\/h2>\n<ul>\n<li><strong>Entr\u00e9e :<\/strong> L&rsquo;\u00e9glise est ouverte du lundi au samedi. Il est ferm\u00e9 le dimanche et les jours saints. Novembre \u00e0 mai : de 10h00 \u00e0 18h00. Juin \u00e0 octobre : de 9h30 \u00e0 19h00.<\/li>\n<li><strong>Billets :<\/strong> Le prix d&rsquo;entr\u00e9e \u00e0 la cath\u00e9drale de Lisbonne est de 4 \u20ac. Entr\u00e9e gratuite pour les enfants jusqu&rsquo;\u00e0 6 ans. Le billet comprend la visite du Tr\u00e9sor, la mont\u00e9e au Grand Ch\u0153ur et une promenade dans les nefs et le clo\u00eetre de la cath\u00e9drale. Pour plus d&rsquo;informations, veuillez consulter le <a href=\"https:\/\/www.sedelisboa.pt\/tickets\/?lang=en\" style=\"outline: none;\" target=\"_blank\" rel=\"noopener\">site officiel<\/a>.<\/li>\n<li><strong>Tours:<\/strong> Il existe de nombreuses visites \u00e0 pied qui incluent la cath\u00e9drale de Lisbonne.<\/li>\n<li><strong>Conseils aux voyageurs :<\/strong> Vous souhaitez visiter la cath\u00e9drale de Lisbonne et d\u00e9couvrir par vous-m\u00eame le quartier historique d&rsquo;Alfama et certains des go\u00fbts les plus c\u00e9l\u00e8bres de Lisbonne ? Ensuite, nous vous recommandons la visite autoguid\u00e9e \u00a0\u00bb <a href=\"https:\/\/web.yourmobileguide.com\/tabs\/tour-page\/472\" style=\"outline: none;\" target=\"_blank\" rel=\"noopener\">Taste of Alfama<\/a> \u00a0\u00bb par YourMobileGuide.<\/li>\n<\/ul>\n<h2 id=\"t-1650291944117\" style=\"\">Comment se rendre \u00e0 la cath\u00e9drale de Lisbonne ?<\/h2>\n<p style=\"\"><b>Depuis la Pra\u00e7a do Com\u00e9rcio :<\/b> Vous pouvez rejoindre la cath\u00e9drale de Lisbonne apr\u00e8s une petite marche de 7 minutes.<\/p>\n<p>Depuis d&rsquo;autres parties de la ville, prenez le tram 28E ou le tram 12 et descendez \u00e0 l&rsquo;arr\u00eat Limoeiro. Le tram 28E passe juste devant la cath\u00e9drale.<\/p>\n<h2 style=\"\" id=\"t-1650291944118\" data-alt-text=\"FAQ\">Questions pos\u00e9es sur la Cath\u00e9drale de Lisbonne<\/h2>\n<p><span><img decoding=\"async\" loading=\"lazy\" alt=\"Faits historiques et informations sur la cath\u00e9drale de Lisbonne\" data-id=\"6597\" width=\"702\" data-init-width=\"1000\" height=\"469\" data-init-height=\"668\" title=\"Faits historiques et informations sur la cath\u00e9drale de Lisbonne\" src=\"https:\/\/lisbontouristinformation.com\/fr\/wp-content\/uploads\/2022\/06\/Historical-Facts-Info-about-Lisbon-Cathedral-1.jpg\" data-width=\"702\" data-height=\"469\" style=\"\"><\/span><\/p>\n<h2 id=\"t-1650291944119\" data-alt-text=\"Historical Facts &amp; Info \" style=\"\">Faits historiques et informations sur la cath\u00e9drale de Lisbonne<\/h2>\n<p>La cath\u00e9drale de Lisbonne ou S\u00e9 de Lisboa (officiel : Santa Maria Maior de Lisboa) a \u00e9t\u00e9 construite pour la premi\u00e8re fois en 1147 par les forces chr\u00e9tiennes sous le roi Afonso Henriquez, qui a vaincu les Maures d&rsquo;Afrique du Nord.<\/p>\n<p>Afin de construire la cath\u00e9drale, la mosqu\u00e9e principale, qui se trouvait sur ce site, a \u00e9t\u00e9 remplac\u00e9e. L&rsquo;\u00e9glise a pouss\u00e9 la religion au centre de la communaut\u00e9 portugaise et est devenue une partie importante de la soci\u00e9t\u00e9 portugaise car c&rsquo;\u00e9tait le site des mariages, des fun\u00e9railles et des bapt\u00eames de l&rsquo;\u00e9lite riche et des classes nobles.<\/p>\n<p>Comme de nombreuses structures \u00e0 Lisbonne, elle a subi des dommages lors de plusieurs tremblements de terre, en particulier le grand tremblement de terre de 1755. Une grande partie a \u00e9t\u00e9 r\u00e9nov\u00e9e, restaur\u00e9e et modifi\u00e9e, r\u00e9sultant en un m\u00e9lange de styles architecturaux gothiques, modernes et romans.<\/p>\n<p>Apr\u00e8s une importante r\u00e9novation au XXe si\u00e8cle, la cath\u00e9drale a acquis son aspect m\u00e9di\u00e9val actuel. En 1910, la cath\u00e9drale de Lisbonne a \u00e9t\u00e9 d\u00e9clar\u00e9e monument national.<\/p>\n<p>Au cours des fouilles en cours dans la cour centrale du monast\u00e8re, initi\u00e9es en 1990, des couches des p\u00e9riodes romaine, maure et wisigothique ont \u00e9t\u00e9 d\u00e9couvertes.<\/p>\n<h2 id=\"t-1650291944120\" style=\"\">Contact &amp; Carte<\/h2>\n<ul>\n<li><strong>Adresse :&nbsp;<\/strong> S\u00e9 de Lisboa, Largo da S\u00e9, 1100-585 Lisbonne<\/li>\n<li><strong>Heures d&rsquo;ouverture :<\/strong> Ouvert du lundi au samedi. Novembre \u00e0 mai : 10h00 \u2013 18h00 ; Juin \u00e0 octobre : 9h30 &#8211; 19h00<\/li>\n<li><strong>Transports en commun :<\/strong> En tram 28E, sortie \u00e0 l&rsquo;arr\u00eat Limoeiro<\/li>\n<li style=\"\"><strong>Site officiel : <\/strong><a href=\"https:\/\/www.sedelisboa.pt\/?lang=en\" style=\"outline: none;\" data-lt-tmp-id=\"lt-724869\" spellcheck=\"false\" target=\"_blank\" rel=\"noopener\">SeDeLisboa.pt\/fr<\/a><a href=\"https:\/\/www.sedelisboa.pt\/?lang=en\" style=\"outline: none;\" data-lt-tmp-id=\"lt-724869\" spellcheck=\"false\" target=\"_blank\" rel=\"noopener\"><\/a><\/li>\n<\/ul>\n<h3 style=\"\">Articles li\u00e9s&nbsp;:<\/h3>\n<p><a href=\"https:\/\/lisbontouristinformation.com\/fr\/choses-a-faire-a-lisbonne\/\" dynamic-postlink=\"tcb_post_the_permalink\" data-shortcode-id=\"67\"><\/a><\/p>\n<h3 style=\"text-align: center; padding-top: 0px !important; margin-top: 0px !important;\"><span data-attr-link=\"1\" data-attr-rel=\"0\" data-attr-target=\"0\" data-extra_key=\"\" data-option-inline=\"1\" data-shortcode=\"tcb_post_title\" data-shortcode-name=\"Post title\" data-attr-css=\"\" data-attr-static-link=\"{&quot;className&quot;:&quot;tve-froala fr-basic&quot;,&quot;href&quot;:&quot;https:\/\/lisbontouristinformation.com\/fr\/choses-a-faire-a-lisbonne\/&quot;,&quot;title&quot;:&quot;50 Choses \u00e0 Faire \u00e0 Lisbonne&quot;,&quot;class&quot;:&quot;tve-froala fr-basic&quot;}\" style=\"\"><a href=\"https:\/\/lisbontouristinformation.com\/fr\/choses-a-faire-a-lisbonne\/\" title=\"50 Choses \u00e0 Faire \u00e0 Lisbonne\" data-css=\"\">50 Choses \u00e0 Faire \u00e0 Lisbonne<\/a><\/span><\/h3>\n<p><a href=\"https:\/\/lisbontouristinformation.com\/fr\/choses-a-faire-a-lisbonne\/\" style=\"\"><span style=\"\"><span style=\"\">Lire la suite<\/span><\/span><\/a><a href=\"https:\/\/lisbontouristinformation.com\/fr\/choses-a-faire-a-lisbonne\/eglise-de-sao-roque\/\" dynamic-postlink=\"tcb_post_the_permalink\" data-shortcode-id=\"67\"><\/a><\/p>\n<h3 style=\"text-align: center; padding-top: 0px !important; margin-top: 0px !important;\"><span data-attr-link=\"1\" data-attr-rel=\"0\" data-attr-target=\"0\" data-extra_key=\"\" data-option-inline=\"1\" data-shortcode=\"tcb_post_title\" data-shortcode-name=\"Post title\" data-attr-css=\"\" data-attr-static-link=\"{&quot;className&quot;:&quot;tve-froala fr-basic&quot;,&quot;href&quot;:&quot;https:\/\/lisbontouristinformation.com\/fr\/choses-a-faire-a-lisbonne\/&quot;,&quot;title&quot;:&quot;50 Choses \u00e0 Faire \u00e0 Lisbonne&quot;,&quot;class&quot;:&quot;tve-froala fr-basic&quot;}\" style=\"\"><a href=\"https:\/\/lisbontouristinformation.com\/fr\/choses-a-faire-a-lisbonne\/eglise-de-sao-roque\/\" title=\"Guide de l\u2019\u00c9glise de S\u00e3o Roque \u00e0 Lisbonne et Mus\u00e9e\" data-css=\"\">Guide de l\u2019\u00c9glise de S\u00e3o Roque \u00e0 Lisbonne et Mus\u00e9e<\/a><\/span><\/h3>\n<p><a href=\"https:\/\/lisbontouristinformation.com\/fr\/choses-a-faire-a-lisbonne\/eglise-de-sao-roque\/\" style=\"\"><span style=\"\"><span style=\"\">Lire la suite<\/span><\/span><\/a><a href=\"https:\/\/lisbontouristinformation.com\/fr\/choses-a-faire-a-lisbonne\/pantheon-national\/\" dynamic-postlink=\"tcb_post_the_permalink\" data-shortcode-id=\"67\"><\/a><\/p>\n<h3 style=\"text-align: center; padding-top: 0px !important; margin-top: 0px !important;\"><span data-attr-link=\"1\" data-attr-rel=\"0\" data-attr-target=\"0\" data-extra_key=\"\" data-option-inline=\"1\" data-shortcode=\"tcb_post_title\" data-shortcode-name=\"Post title\" data-attr-css=\"\" data-attr-static-link=\"{&quot;className&quot;:&quot;tve-froala fr-basic&quot;,&quot;href&quot;:&quot;https:\/\/lisbontouristinformation.com\/fr\/choses-a-faire-a-lisbonne\/&quot;,&quot;title&quot;:&quot;50 Choses \u00e0 Faire \u00e0 Lisbonne&quot;,&quot;class&quot;:&quot;tve-froala fr-basic&quot;}\" style=\"\"><a href=\"https:\/\/lisbontouristinformation.com\/fr\/choses-a-faire-a-lisbonne\/pantheon-national\/\" title=\"Guide du Panth\u00e9on national de Santa Engracia \u00e0 Lisbonne : Billets, Conseils et Histoire\" data-css=\"\">Guide du Panth\u00e9on national de Santa Engracia \u00e0 Lisbonne : Billets, Conseils et Histoire<\/a><\/span><\/h3>\n<p><a href=\"https:\/\/lisbontouristinformation.com\/fr\/choses-a-faire-a-lisbonne\/pantheon-national\/\" style=\"\"><span style=\"\"><span style=\"\">Lire la suite<\/span><\/span><\/a><a href=\"https:\/\/lisbontouristinformation.com\/fr\/choses-a-faire-a-lisbonne\/sites-religieux-a-lisbonne\/\" dynamic-postlink=\"tcb_post_the_permalink\" data-shortcode-id=\"67\"><\/a><\/p>\n<h3 style=\"text-align: center; padding-top: 0px !important; margin-top: 0px !important;\"><span data-attr-link=\"1\" data-attr-rel=\"0\" data-attr-target=\"0\" data-extra_key=\"\" data-option-inline=\"1\" data-shortcode=\"tcb_post_title\" data-shortcode-name=\"Post title\" data-attr-css=\"\" data-attr-static-link=\"{&quot;className&quot;:&quot;tve-froala fr-basic&quot;,&quot;href&quot;:&quot;https:\/\/lisbontouristinformation.com\/fr\/choses-a-faire-a-lisbonne\/&quot;,&quot;title&quot;:&quot;50 Choses \u00e0 Faire \u00e0 Lisbonne&quot;,&quot;class&quot;:&quot;tve-froala fr-basic&quot;}\" style=\"\"><a href=\"https:\/\/lisbontouristinformation.com\/fr\/choses-a-faire-a-lisbonne\/sites-religieux-a-lisbonne\/\" title=\"TOP 12 Sites Religieux \u00e0 Lisbonne\" data-css=\"\">TOP 12 Sites Religieux \u00e0 Lisbonne<\/a><\/span><\/h3>\n<p><a href=\"https:\/\/lisbontouristinformation.com\/fr\/choses-a-faire-a-lisbonne\/sites-religieux-a-lisbonne\/\" style=\"\"><span style=\"\"><span style=\"\">Lire la suite<\/span><\/span><\/a><\/p>\n","protected":false},"excerpt":{"rendered":"<p>Se dressant majestueusement dans le quartier d&rsquo;Alfama depuis le XIIe si\u00e8cle, la cath\u00e9drale de Lisbonne est l&rsquo;un des symboles distinctifs de Lisbonne et un incontournable pour tout visiteur de la ville.&nbsp; Construite en 1147 par les crois\u00e9s chr\u00e9tiens, la cath\u00e9drale m\u00e9di\u00e9vale est la plus ancienne et la plus grande \u00e9glise de la ville. C&rsquo;est aussi [&hellip;]<\/p>\n","protected":false},"author":18,"featured_media":5882,"parent":67,"menu_order":0,"comment_status":"closed","ping_status":"closed","template":"","meta":{"footnotes":""},"tags":[89,87,88],"class_list":["post-5491","page","type-page","status-publish","has-post-thumbnail","hentry","tag-monument","tag-religious-site","tag-things-to-do","post-wrapper","thrv_wrapper"],"_links":{"self":[{"href":"https:\/\/lisbontouristinformation.com\/fr\/wp-json\/wp\/v2\/pages\/5491","targetHints":{"allow":["GET"]}}],"collection":[{"href":"https:\/\/lisbontouristinformation.com\/fr\/wp-json\/wp\/v2\/pages"}],"about":[{"href":"https:\/\/lisbontouristinformation.com\/fr\/wp-json\/wp\/v2\/types\/page"}],"author":[{"embeddable":true,"href":"https:\/\/lisbontouristinformation.com\/fr\/wp-json\/wp\/v2\/users\/18"}],"replies":[{"embeddable":true,"href":"https:\/\/lisbontouristinformation.com\/fr\/wp-json\/wp\/v2\/comments?post=5491"}],"version-history":[{"count":0,"href":"https:\/\/lisbontouristinformation.com\/fr\/wp-json\/wp\/v2\/pages\/5491\/revisions"}],"up":[{"embeddable":true,"href":"https:\/\/lisbontouristinformation.com\/fr\/wp-json\/wp\/v2\/pages\/67"}],"wp:featuredmedia":[{"embeddable":true,"href":"https:\/\/lisbontouristinformation.com\/fr\/wp-json\/wp\/v2\/media\/5882"}],"wp:attachment":[{"href":"https:\/\/lisbontouristinformation.com\/fr\/wp-json\/wp\/v2\/media?parent=5491"}],"wp:term":[{"taxonomy":"post_tag","embeddable":true,"href":"https:\/\/lisbontouristinformation.com\/fr\/wp-json\/wp\/v2\/tags?post=5491"}],"curies":[{"name":"wp","href":"https:\/\/api.w.org\/{rel}","templated":true}]}}