{"id":5477,"date":"2022-04-18T15:55:36","date_gmt":"2022-04-18T13:55:36","guid":{"rendered":"https:\/\/lisbontouristinformation.com\/fr\/?page_id=5477"},"modified":"2022-08-14T14:02:21","modified_gmt":"2022-08-14T13:02:21","slug":"eglise-de-sao-roque","status":"publish","type":"page","link":"https:\/\/lisbontouristinformation.com\/fr\/choses-a-faire-a-lisbonne\/eglise-de-sao-roque\/","title":{"rendered":"Guide de l&#8217;\u00c9glise de S\u00e3o Roque \u00e0 Lisbonne et Mus\u00e9e"},"content":{"rendered":"<h3>L&rsquo;\u00e9glise de S\u00e3o Roque ou Igreja de S\u00e3o Roque, construite au <sup>XVIe<\/sup> si\u00e8cle pour les j\u00e9suites, est l&rsquo;une des plus belles \u00e9glises de Lisbonne.<\/h3>\n<p style=\"\">La fa\u00e7ade sobre ne laisse aucune trace des tr\u00e9sors \u00e0 l&rsquo;int\u00e9rieur. Une multitude d&rsquo;ornements dor\u00e9s, de chapelles richement d\u00e9cor\u00e9es et d&rsquo;art sacr\u00e9 j\u00e9suite attendent d&rsquo;\u00eatre d\u00e9couverts.<\/p>\n<p style=\"\">De plus, les visiteurs peuvent admirer une myriade d&rsquo;\u0153uvres d&rsquo;art religieuses \u00e9tonnantes dans <b>le mus\u00e9e attenant <\/b><b>de S\u00e3o Roque<\/b>.<\/p>\n<p>Lisez ce guide pour apprendre tout ce que vous devez savoir avant votre visite, y compris l&rsquo;histoire de l&rsquo;\u00e9glise, l&rsquo;exposition du mus\u00e9e, les heures d&rsquo;ouverture et plus encore.<\/p>\n<p style=\"\">Commen\u00e7ons!<\/p>\n<h2 id=\"t-1650290197898\" style=\"\">Choses \u00e0 faire \u00e0 Igreja de S\u00e3o Roque<\/h2>\n<p style=\"\">L&rsquo;Igreja de S\u00e3o Roque a \u00e9t\u00e9 la premi\u00e8re \u00e9glise j\u00e9suite au Portugal et aussi l&rsquo;une des premi\u00e8res \u00e9glises j\u00e9suites au monde, au service des j\u00e9suites pendant pr\u00e8s de 200 ans.&nbsp;<\/p>\n<p style=\"\">C&rsquo;est l&rsquo;une des rares structures qui n&rsquo;ont pas \u00e9t\u00e9 d\u00e9truites lors du tremblement de terre de Lisbonne en 1755.<\/p>\n<p style=\"\">Avec sa riche histoire et sa magnifique splendeur sacr\u00e9e, la magnifique \u00e9glise vaut bien une visite.<\/p>\n<p style=\"\"><b>Voir ici les meilleures choses \u00e0 faire \u00e0 <\/b><b>l&rsquo;\u00e9glise de S\u00e3o Roque<\/b><b>:<\/b><\/p>\n<p><span><img decoding=\"async\" loading=\"lazy\" alt=\"Que faire \u00e0 Igreja de S\u00e3o Roque \u00e0 Lisbonne\" data-id=\"6561\" width=\"702\" data-init-width=\"1000\" height=\"467\" data-init-height=\"665\" title=\"Que faire \u00e0 Igreja de S\u00e3o Roque \u00e0 Lisbonne\" src=\"https:\/\/lisbontouristinformation.com\/fr\/wp-content\/uploads\/2022\/06\/Things-to-do-at-Igreja-de-Sao-Roque-in-Lisbon-1.jpg\" data-width=\"702\" data-height=\"467\" style=\"\"><\/span><\/p>\n<h3 style=\"\">1. Admirez l&rsquo;int\u00e9rieur<\/h3>\n<p>En entrant dans l&rsquo;Igreja de S\u00e3o Roque, vous serez \u00e9merveill\u00e9 par la richesse des pr\u00e9cieuses d\u00e9corations. L&rsquo;int\u00e9rieur est un m\u00e9lange de styles mani\u00e9riste et baroque, avec de nombreuses sculptures, reliques, incrustations de marbre, reliquaires et boiseries dor\u00e9es.<\/p>\n<p style=\"\">Les \u00e9l\u00e9ments suivants sont \u00e0 ne pas manquer:<\/p>\n<ul>\n<li><b>Plafond<\/b> : Particuli\u00e8rement impressionnant est le plafond de l&rsquo;\u00e9glise avec une peinture de style mani\u00e9riste, cr\u00e9\u00e9e dans la technique du trompe-l&rsquo;\u0153il, repr\u00e9sentant des sc\u00e8nes de l&rsquo;Apocalypse.<\/li>\n<li><b>Sacristie :<\/b> La sacristie, l&rsquo;une des premi\u00e8res construites par la Compagnie de J\u00e9sus, est orn\u00e9e de trois s\u00e9ries monumentales de peintures. La premi\u00e8re repr\u00e9sente des sc\u00e8nes de la vie de saint Fran\u00e7ois Xavier, la deuxi\u00e8me s\u00e9rie montre la \u00abPassion du Christ\u00bb et celle du niveau sup\u00e9rieur repr\u00e9sente des \u00e9pisodes du fondateur de la Compagnie de J\u00e9sus.<\/li>\n<li><b>Azulejos :<\/b> Prenez le temps d&rsquo;admirer les azulejos , ces carreaux de c\u00e9ramique peints, \u00e9l\u00e9ment majeur de l&rsquo;art d\u00e9coratif portugais.<\/li>\n<li><b>Autels<\/b> : Il y a trois autels d&rsquo;or et de marbre \u00e0 l&rsquo;int\u00e9rieur de l&rsquo;\u00e9glise. Les deux autels qui flanquent le choeur contiennent de pr\u00e9cieux reliquaires des XVIe et XVIIe si\u00e8cles.<\/li>\n<li><b>Orgue :<\/b> Faites attention \u00e0 l&rsquo;orgue \u00e0 tuyaux datant de 1784, construit par le remarquable facteur d&rsquo;orgues baroque portugais Ant\u00f3nio Xavier Machado.<\/li>\n<\/ul>\n<p>\u2192 La visite d&rsquo;une \u00e9glise est l&rsquo;un des temps forts <a href=\"https:\/\/lisbontouristinformation.com\/fr\/choses-a-faire-a-lisbonne\/sous-la-pluie-a-lisbonne\/\" style=\"outline: none;\">des activit\u00e9s les jours de pluie \u00e0 Lisbonne<\/a>.&nbsp;Vous cherchez d&rsquo;autres suggestions? D\u00e9couvrez nos id\u00e9es et quelques suggestions d&rsquo; <a href=\"https:\/\/lisbontouristinformation.com\/fr\/choses-a-faire-a-lisbonne\/choses-a-faire-avec-vos-enfants-a-lisbonne\/\" style=\"outline: none;\">activit\u00e9s pour les enfants \u00e0 Lisbonne<\/a>.&nbsp;<\/p>\n<p><span><img decoding=\"async\" loading=\"lazy\" alt=\"D\u00e9couvrez les chapelles de l'Igreja de Sao Roque \u00e0 Lisbonne\" data-id=\"6563\" width=\"702\" data-init-width=\"1000\" height=\"467\" data-init-height=\"665\" title=\"D\u00e9couvrez les chapelles de l'Igreja de Sao Roque \u00e0 Lisbonne\" src=\"https:\/\/lisbontouristinformation.com\/fr\/wp-content\/uploads\/2022\/06\/Discover-the-Chapels-of-Igreja-de-Sao-Roque-in-Lisbon-1.jpg\" data-width=\"702\" data-height=\"467\" style=\"\"><\/span><\/p>\n<h3 style=\"\">2. D\u00e9couvrir les Chapelles<\/h3>\n<p style=\"\">L&rsquo;Igreja de S\u00e3o Roque abrite certaines des plus belles chapelles, d\u00e9cor\u00e9es avec des mat\u00e9riaux pr\u00e9cieux. Au total, ce sont <b>huit chapelles<\/b>, construites et ajout\u00e9es \u00e0 diff\u00e9rentes \u00e9poques, qui captivent les visiteurs.<\/p>\n<p style=\"\">Le point culminant de l&rsquo;\u00e9glise de S\u00e3o Roque est sans aucun doute la chapelle lat\u00e9rale du <sup>XVIIIe<\/sup> si\u00e8cle <b>d\u00e9di\u00e9e \u00e0 <\/b><b>Saint-Jean-Baptiste<\/b>.&nbsp;Il a \u00e9t\u00e9 construit \u00e0 Rome et envoy\u00e9 \u00e0 Lisbonne par bateau apr\u00e8s avoir \u00e9t\u00e9 b\u00e9ni par le Pape. Avec ses d\u00e9corations dor\u00e9es et sa richesse en pierres pr\u00e9cieuses et en ivoire, il s&rsquo;agirait de la chapelle la plus ch\u00e8re construite en Europe \u00e0 ce jour.<\/p>\n<p>A voir \u00e9galement la <b>chapelle de S\u00e3o Roque<\/b> sur le c\u00f4t\u00e9 droit, datant de la seconde moiti\u00e9 du XVIe si\u00e8cle.<\/p>\n<p>&nbsp;\u2192 &nbsp; <a href=\"https:\/\/lisbontouristinformation.com\/fr\/choses-a-faire-a-lisbonne\/sites-religieux-a-lisbonne\/\" style=\"outline: none;\">Les principales \u00e9glises et sites religieux de Lisbonne<\/a> sont tous fascinants et uniques. D\u00e9couvrez la liste compl\u00e8te dans notre article connexe et pr\u00e9parez votre voyage \u00e0 Lisbonne!<\/p>\n<p><span><img decoding=\"async\" loading=\"lazy\" alt=\"Visitez le Mus\u00e9e de S\u00e3o Roque \u00e0 Lisbonne\" data-id=\"6565\" width=\"702\" data-init-width=\"1000\" height=\"468\" data-init-height=\"667\" title=\"Visitez le Mus\u00e9e de S\u00e3o Roque \u00e0 Lisbonne\" src=\"https:\/\/lisbontouristinformation.com\/fr\/wp-content\/uploads\/2022\/06\/Visit-the-Museum-of-Sao-Roque-in-Lisbon-1.jpg\" data-width=\"702\" data-height=\"468\" style=\"\"><\/span><\/p>\n<h3 style=\"\">3. Visitez le Mus\u00e9e de S\u00e3o Roque<\/h3>\n<p style=\"\">Ne manquez pas de visiter le mus\u00e9e voisin, install\u00e9 dans l&rsquo;ancienne Maison Professe de la Compagnie de J\u00e9sus. Il abrite l&rsquo;une des <b>plus importantes collections d&rsquo;art religieux<\/b> du Portugal.<\/p>\n<p style=\"\">Les reliques sacr\u00e9es, les peintures, la collection d&rsquo;art oriental et les artefacts de la chapelle avec des v\u00eatements richement brod\u00e9s et des travaux d&rsquo;orf\u00e8vrerie italienne valent particuli\u00e8rement le d\u00e9tour.<\/p>\n<p>L&rsquo;exposition est organis\u00e9e par ordre chronologique.<b> <\/b><\/p>\n<p style=\"\"><b>Il est divis\u00e9 en cinq sections :<\/b><\/p>\n<ul>\n<li><b>L&rsquo;histoire de <\/b><b>l&rsquo;Ermitage de <\/b><b>S\u00e3o Roque :<\/b> Cette zone expose des objets li\u00e9s \u00e0 l&rsquo;histoire de cette structure historique, dont deux tombes inscrites.<\/li>\n<li><b>Collection consacr\u00e9e \u00e0 <\/b><b>la Compagnie de J\u00e9sus :<\/b> Cette section documente les 200 ans au cours desquels l&rsquo;\u00e9glise de S\u00e3o Roque a \u00e9t\u00e9 utilis\u00e9e comme \u00e9glise de r\u00e9sidence des j\u00e9suites.<\/li>\n<li><b>Collection d&rsquo;art oriental :<\/b> D\u00e9couvrez ici des \u0153uvres d&rsquo;art impressionnantes du Moyen-Orient, de l&rsquo;Inde, de la Chine et du Japon.<\/li>\n<li><b>Le Tr\u00e9sor de la Chapelle <\/b><b>Saint-Jean-Baptiste<\/b> : Cet important espace d&rsquo;exposition est rempli d&rsquo;objets pr\u00e9cieux de la Chapelle Saint-Jean-Baptiste.<\/li>\n<li><b>Santa Casa da Miseric\u00f3rdia de Lisboa<\/b> : Cette section de peintures, sculptures et bijoux se concentre sur l&rsquo;histoire de l&rsquo;organisation \u00e0 but non lucratif vieille de 500 ans qui g\u00e8re l&rsquo;\u00e9glise et le mus\u00e9e de S\u00e3o Roque.<\/li>\n<\/ul>\n<p style=\"\">Il y a aussi une <b>boutique de <\/b><b>souvenirs<\/b> et un <b>caf\u00e9\/restaurant<\/b> dans le b\u00e2timent du mus\u00e9e.<\/p>\n<p><b>Veuillez noter<\/b> que la prise de photos avec flash et tr\u00e9pied n&rsquo;est pas autoris\u00e9e dans les salles d&rsquo;exposition.<\/p>\n<p>\u2192 Envie de visiter plus de mus\u00e9es et de plonger dans le pass\u00e9 fascinant de Lisbonne?&nbsp;En savoir plus sur les <a href=\"https:\/\/lisbontouristinformation.com\/fr\/choses-a-faire-a-lisbonne\/meilleurs-musees-a-lisbonne\/\" style=\"outline: none;\">meilleurs mus\u00e9es et attractions culturelles de Lisbonne<\/a>.&nbsp;<\/p>\n<h3 style=\"\">4. Assister \u00e0 une messe<\/h3>\n<p style=\"\">L&rsquo;Igreja de S\u00e3o Roque offre un lieu d&rsquo;accueil pour la pri\u00e8re et la r\u00e9flexion.<\/p>\n<p style=\"\">Les visiteurs souhaitant assister \u00e0 la messe avec les paroissiens locaux peuvent le faire du <b>mardi au dimanche \u00e0 12h30.<\/b><\/p>\n<p style=\"\"><b><\/b><\/p>\n<p style=\"\"><b>Apr\u00e8s une visite \u00e0 l&rsquo;\u00e9glise, assurez-vous de d\u00e9couvrir les <a href=\"https:\/\/lisbontouristinformation.com\/fr\/guide-lifestyle-a-lisbonne\/restaurants-a-lisbonne\/meilleurs-restaurants-a-lisbonne\/\" style=\"outline: none;\">meilleurs restaurants de Lisbonne<\/a>, dont beaucoup se trouvent dans les quartiers du Bairro Alto et du Chiado.&nbsp;<\/b><\/p>\n<h2 id=\"t-1650290197899\" data-alt-text=\"Entrance, Tickets, and Tours\">Entr\u00e9e, billets et visites \u00e0 Igreja de S\u00e3o Roque<\/h2>\n<ul>\n<li><strong>Entr\u00e9e :<\/strong> L&rsquo;\u00e9glise et le mus\u00e9e de S\u00e3o Roque sont ouverts du mardi au dimanche de 10h00 \u00e0 18h00. Tous deux <strong>sont ferm\u00e9s<\/strong> les lundis, 1er janvier, dimanche de P\u00e2ques, 1er mai et 25 d\u00e9cembre (sauf \u00e9v\u00e9nements culturels).<\/li>\n<li><strong>Billets :<\/strong> L&rsquo;entr\u00e9e \u00e0 l&rsquo;\u00e9glise de S\u00e3o Roque est gratuite. Il y a un droit d&rsquo;entr\u00e9e de 2,50 \u20ac pour le mus\u00e9e. L&rsquo;entr\u00e9e au mus\u00e9e est gratuite pour les moins de 14 ans et les seniors de plus de 65 ans (sur pr\u00e9sentation d&rsquo;un justificatif).<\/li>\n<li><strong>Visites :<\/strong> Les voyageurs qui souhaitent approfondir leur connaissance de la ville historique de Lisbonne appr\u00e9cieront la visite audioguid\u00e9e <a href=\"https:\/\/web.yourmobileguide.com\/tabs\/tour-page\/473\" style=\"outline: none;\" target=\"_blank\" rel=\"noopener\">Best of Lisbon : City Center<\/a>.&nbsp;\u00c9coutez le guide audio depuis votre propre t\u00e9l\u00e9phone portable et d\u00e9couvrez les sites incontournables, y compris l&rsquo;\u00e9glise S\u00e3o Roque, \u00e0 votre rythme.<strong>&nbsp;<\/strong><\/li>\n<li><strong>Conseils aux voyageurs :<\/strong> Le dimanche, l&rsquo;entr\u00e9e au Mus\u00e9e est gratuite jusqu&rsquo;\u00e0 14h00.<\/li>\n<\/ul>\n<h2 id=\"t-1650290197900\" style=\"\">Comment se rendre \u00e0 Igreja de S\u00e3o Roque?<\/h2>\n<p style=\"\">L&rsquo;Igreja de S\u00e3o Roque, dans le centre de Lisbonne, est situ\u00e9e dans le <em> <\/em>quartier anim\u00e9 du Bairro Alto. C&rsquo;est un emplacement central avec de nombreux <a href=\"https:\/\/lisbontouristinformation.com\/fr\/hotels-a-lisbonne\/hotels-du-centre-de-lisbonne\/\" style=\"outline: none;\">h\u00f4tels les plus centraux de Lisbonne \u00e0<\/a> quelques pas.&nbsp;<\/p>\n<p><b>Depuis Pra\u00e7a do Com\u00e9rcio :<\/b> Marchez 4 minutes jusqu&rsquo;\u00e0 la station de m\u00e9tro Terreiro do Pa\u00e7o et prenez la ligne verte \u00e0 un arr\u00eat jusqu&rsquo;\u00e0 la station Baixa-Chiado. De l\u00e0, vous devez monter la colline pendant environ 4 minutes.<\/p>\n<h2 id=\"t-1650290197901\" data-alt-text=\"FAQ\" style=\"\"><strong>Questions fr\u00e9quentes sur \u00c9glise Igreja de S\u00e3o Roque<\/strong><\/h2>\n<p><span><img decoding=\"async\" loading=\"lazy\" alt=\"Faits historiques et informations sur Igreja de S\u00e3o Roque\" data-id=\"6567\" width=\"702\" data-init-width=\"1000\" height=\"527\" data-init-height=\"750\" title=\"Faits historiques et informations sur Igreja de S\u00e3o Roque\" src=\"https:\/\/lisbontouristinformation.com\/fr\/wp-content\/uploads\/2022\/06\/Historical-Facts-Info-about-Igreja-de-Sao-Roque-1.jpg\" data-width=\"702\" data-height=\"527\" style=\"\"><\/span><\/p>\n<h2 id=\"t-1650290197902\" data-alt-text=\"Historical Facts &amp; Info\" style=\"\"><strong>Faits historiques et informations sur Igreja de S\u00e3o Roque<\/strong><\/h2>\n<p>L&rsquo;histoire de l&rsquo;Igreja de S\u00e3o Roque remonte au d\u00e9but du XVIe si\u00e8cle, lorsqu&rsquo;un cimeti\u00e8re fut construit sur le site pour les victimes de la peste. Afin de prot\u00e9ger son peuple, le roi Manuel Ier demanda \u00e0 Venise une relique de saint Roch, le saint patron des pestif\u00e9r\u00e9s. Les habitants de Lisbonne ont construit un sanctuaire \u00e0 c\u00f4t\u00e9 du cimeti\u00e8re pour honorer la relique. C&rsquo;est \u00e0 cette \u00e9poque que la Confr\u00e9rie Saint-Roch est fond\u00e9e pour garder le sanctuaire.<\/p>\n<p>En 1540, la Compagnie de J\u00e9sus est venue \u00e0 Lisbonne et a choisi le sanctuaire de Saint-Roch comme site de leur \u00e9glise principale. En 1553, la Compagnie de J\u00e9sus obtint la chapelle et il fut convenu avec la confr\u00e9rie qu&rsquo;une chapelle pour Saint-Roch serait construite dans la nouvelle \u00e9glise, en gardant Saint-Roch comme saint patron. Construit et con\u00e7u par l&rsquo;architecte royal et les meilleurs artisans, la majeure partie de la structure a \u00e9t\u00e9 construite entre 1565 et 1573.<\/p>\n<p>Apr\u00e8s l&rsquo;expulsion des j\u00e9suites du Portugal en 1759, l&rsquo;Igreja de S\u00e3o Roque a \u00e9t\u00e9 confisqu\u00e9e puis donn\u00e9e \u00e0 la Sainte Maison de la Mis\u00e9ricorde \u00e0 Lisbonne, qui en est toujours propri\u00e9taire aujourd&rsquo;hui.<\/p>\n<p>Le Mus\u00e9e S\u00e3o Roque a ouvert ses portes le 11 janvier 1905, comme l&rsquo;un des premiers mus\u00e9es d&rsquo;art au Portugal. L&rsquo;\u00e9glise de S\u00e3o Roque, class\u00e9e monument national en 1910.<\/p>\n<h2 id=\"t-1650290197903\" style=\"\">Contact &amp; Carte<\/h2>\n<ul>\n<li><strong>Adresse :<\/strong> Igreja de S\u00e3o Roque, Largo Trindade Coelho, 1200-470 Lisbonne, Portugal<\/li>\n<li><strong>Heures d&rsquo;ouverture :<\/strong> Tous les jours sauf le lundi, de <strong>&nbsp;<\/strong>10h00 \u00e0 18h00<\/li>\n<li><strong>Transports en commun :<\/strong> m\u00e9tro ligne verte, <strong>&nbsp;<\/strong>arr\u00eat Baixa-Chiado<\/li>\n<li style=\"\"><strong>Site officiel : <\/strong><a href=\"https:\/\/en.scml.pt\/culture\/church-and-museum-of-sao-roque\/\" style=\"outline: none;\" data-lt-tmp-id=\"lt-990553\" spellcheck=\"false\" target=\"_blank\" rel=\"noopener\">En.scml.pt\/church-and-museum-of-sao-roque\/<\/a><a href=\"https:\/\/en.scml.pt\/culture\/church-and-museum-of-sao-roque\/\" style=\"outline: none;\" data-lt-tmp-id=\"lt-990553\" spellcheck=\"false\" target=\"_blank\" rel=\"noopener\"><\/a><\/li>\n<\/ul>\n<h3 style=\"\">Articles Li\u00e9s:<\/h3>\n<p><a href=\"https:\/\/lisbontouristinformation.com\/fr\/choses-a-faire-a-lisbonne\/\" dynamic-postlink=\"tcb_post_the_permalink\" data-shortcode-id=\"67\"><\/a><\/p>\n<h3 style=\"text-align: center; padding-top: 0px !important; margin-top: 0px !important;\"><span data-attr-link=\"1\" data-attr-rel=\"0\" data-attr-target=\"0\" data-extra_key=\"\" data-option-inline=\"1\" data-shortcode=\"tcb_post_title\" data-shortcode-name=\"Post title\" data-attr-css=\"\" data-attr-static-link=\"{&quot;className&quot;:&quot;tve-froala fr-basic&quot;,&quot;href&quot;:&quot;https:\/\/lisbontouristinformation.com\/fr\/choses-a-faire-a-lisbonne\/&quot;,&quot;title&quot;:&quot;50 Choses \u00e0 Faire \u00e0 Lisbonne&quot;,&quot;class&quot;:&quot;tve-froala fr-basic&quot;}\" style=\"\"><a href=\"https:\/\/lisbontouristinformation.com\/fr\/choses-a-faire-a-lisbonne\/\" title=\"50 Choses \u00e0 Faire \u00e0 Lisbonne\" data-css=\"\">50 Choses \u00e0 Faire \u00e0 Lisbonne<\/a><\/span><\/h3>\n<p><a href=\"https:\/\/lisbontouristinformation.com\/fr\/choses-a-faire-a-lisbonne\/\" style=\"\"><span style=\"\"><span style=\"\">Lire la suite<\/span><\/span><\/a><a href=\"https:\/\/lisbontouristinformation.com\/fr\/choses-a-faire-a-lisbonne\/cathedrale-de-lisbonne\/\" dynamic-postlink=\"tcb_post_the_permalink\" data-shortcode-id=\"67\"><\/a><\/p>\n<h3 style=\"text-align: center; padding-top: 0px !important; margin-top: 0px !important;\"><span data-attr-link=\"1\" data-attr-rel=\"0\" data-attr-target=\"0\" data-extra_key=\"\" data-option-inline=\"1\" data-shortcode=\"tcb_post_title\" data-shortcode-name=\"Post title\" data-attr-css=\"\" data-attr-static-link=\"{&quot;className&quot;:&quot;tve-froala fr-basic&quot;,&quot;href&quot;:&quot;https:\/\/lisbontouristinformation.com\/fr\/choses-a-faire-a-lisbonne\/&quot;,&quot;title&quot;:&quot;50 Choses \u00e0 Faire \u00e0 Lisbonne&quot;,&quot;class&quot;:&quot;tve-froala fr-basic&quot;}\" style=\"\"><a href=\"https:\/\/lisbontouristinformation.com\/fr\/choses-a-faire-a-lisbonne\/cathedrale-de-lisbonne\/\" title=\"Guide de la Cath\u00e9drale de Lisbonne : Conseils, Histoire et Horaires\" data-css=\"\">Guide de la Cath\u00e9drale de Lisbonne : Conseils, Histoire et Horaires<\/a><\/span><\/h3>\n<p><a href=\"https:\/\/lisbontouristinformation.com\/fr\/choses-a-faire-a-lisbonne\/cathedrale-de-lisbonne\/\" style=\"\"><span style=\"\"><span style=\"\">Lire la suite<\/span><\/span><\/a><a href=\"https:\/\/lisbontouristinformation.com\/fr\/choses-a-faire-a-lisbonne\/pantheon-national\/\" dynamic-postlink=\"tcb_post_the_permalink\" data-shortcode-id=\"67\"><\/a><\/p>\n<h3 style=\"text-align: center; padding-top: 0px !important; margin-top: 0px !important;\"><span data-attr-link=\"1\" data-attr-rel=\"0\" data-attr-target=\"0\" data-extra_key=\"\" data-option-inline=\"1\" data-shortcode=\"tcb_post_title\" data-shortcode-name=\"Post title\" data-attr-css=\"\" data-attr-static-link=\"{&quot;className&quot;:&quot;tve-froala fr-basic&quot;,&quot;href&quot;:&quot;https:\/\/lisbontouristinformation.com\/fr\/choses-a-faire-a-lisbonne\/&quot;,&quot;title&quot;:&quot;50 Choses \u00e0 Faire \u00e0 Lisbonne&quot;,&quot;class&quot;:&quot;tve-froala fr-basic&quot;}\" style=\"\"><a href=\"https:\/\/lisbontouristinformation.com\/fr\/choses-a-faire-a-lisbonne\/pantheon-national\/\" title=\"Guide du Panth\u00e9on national de Santa Engracia \u00e0 Lisbonne : Billets, Conseils et Histoire\" data-css=\"\">Guide du Panth\u00e9on national de Santa Engracia \u00e0 Lisbonne : Billets, Conseils et Histoire<\/a><\/span><\/h3>\n<p><a href=\"https:\/\/lisbontouristinformation.com\/fr\/choses-a-faire-a-lisbonne\/pantheon-national\/\" style=\"\"><span style=\"\"><span style=\"\">Lire la suite<\/span><\/span><\/a><a href=\"https:\/\/lisbontouristinformation.com\/fr\/choses-a-faire-a-lisbonne\/sites-religieux-a-lisbonne\/\" dynamic-postlink=\"tcb_post_the_permalink\" data-shortcode-id=\"67\"><\/a><\/p>\n<h3 style=\"text-align: center; padding-top: 0px !important; margin-top: 0px !important;\"><span data-attr-link=\"1\" data-attr-rel=\"0\" data-attr-target=\"0\" data-extra_key=\"\" data-option-inline=\"1\" data-shortcode=\"tcb_post_title\" data-shortcode-name=\"Post title\" data-attr-css=\"\" data-attr-static-link=\"{&quot;className&quot;:&quot;tve-froala fr-basic&quot;,&quot;href&quot;:&quot;https:\/\/lisbontouristinformation.com\/fr\/choses-a-faire-a-lisbonne\/&quot;,&quot;title&quot;:&quot;50 Choses \u00e0 Faire \u00e0 Lisbonne&quot;,&quot;class&quot;:&quot;tve-froala fr-basic&quot;}\" style=\"\"><a href=\"https:\/\/lisbontouristinformation.com\/fr\/choses-a-faire-a-lisbonne\/sites-religieux-a-lisbonne\/\" title=\"TOP 12 Sites Religieux \u00e0 Lisbonne\" data-css=\"\">TOP 12 Sites Religieux \u00e0 Lisbonne<\/a><\/span><\/h3>\n<p><a href=\"https:\/\/lisbontouristinformation.com\/fr\/choses-a-faire-a-lisbonne\/sites-religieux-a-lisbonne\/\" style=\"\"><span style=\"\"><span style=\"\">Lire la suite<\/span><\/span><\/a><\/p>\n","protected":false},"excerpt":{"rendered":"<p>L&rsquo;\u00e9glise de S\u00e3o Roque ou Igreja de S\u00e3o Roque, construite au XVIe si\u00e8cle pour les j\u00e9suites, est l&rsquo;une des plus belles \u00e9glises de Lisbonne. La fa\u00e7ade sobre ne laisse aucune trace des tr\u00e9sors \u00e0 l&rsquo;int\u00e9rieur. Une multitude d&rsquo;ornements dor\u00e9s, de chapelles richement d\u00e9cor\u00e9es et d&rsquo;art sacr\u00e9 j\u00e9suite attendent d&rsquo;\u00eatre d\u00e9couverts. De plus, les visiteurs peuvent [&hellip;]<\/p>\n","protected":false},"author":18,"featured_media":5879,"parent":67,"menu_order":0,"comment_status":"closed","ping_status":"closed","template":"","meta":{"footnotes":""},"tags":[89,87,88],"class_list":["post-5477","page","type-page","status-publish","has-post-thumbnail","hentry","tag-monument","tag-religious-site","tag-things-to-do","post-wrapper","thrv_wrapper"],"_links":{"self":[{"href":"https:\/\/lisbontouristinformation.com\/fr\/wp-json\/wp\/v2\/pages\/5477","targetHints":{"allow":["GET"]}}],"collection":[{"href":"https:\/\/lisbontouristinformation.com\/fr\/wp-json\/wp\/v2\/pages"}],"about":[{"href":"https:\/\/lisbontouristinformation.com\/fr\/wp-json\/wp\/v2\/types\/page"}],"author":[{"embeddable":true,"href":"https:\/\/lisbontouristinformation.com\/fr\/wp-json\/wp\/v2\/users\/18"}],"replies":[{"embeddable":true,"href":"https:\/\/lisbontouristinformation.com\/fr\/wp-json\/wp\/v2\/comments?post=5477"}],"version-history":[{"count":0,"href":"https:\/\/lisbontouristinformation.com\/fr\/wp-json\/wp\/v2\/pages\/5477\/revisions"}],"up":[{"embeddable":true,"href":"https:\/\/lisbontouristinformation.com\/fr\/wp-json\/wp\/v2\/pages\/67"}],"wp:featuredmedia":[{"embeddable":true,"href":"https:\/\/lisbontouristinformation.com\/fr\/wp-json\/wp\/v2\/media\/5879"}],"wp:attachment":[{"href":"https:\/\/lisbontouristinformation.com\/fr\/wp-json\/wp\/v2\/media?parent=5477"}],"wp:term":[{"taxonomy":"post_tag","embeddable":true,"href":"https:\/\/lisbontouristinformation.com\/fr\/wp-json\/wp\/v2\/tags?post=5477"}],"curies":[{"name":"wp","href":"https:\/\/api.w.org\/{rel}","templated":true}]}}