{"id":5468,"date":"2022-04-18T15:39:12","date_gmt":"2022-04-18T13:39:12","guid":{"rendered":"https:\/\/lisbontouristinformation.com\/fr\/?page_id=5468"},"modified":"2023-09-26T11:33:12","modified_gmt":"2023-09-26T10:33:12","slug":"pantheon-national","status":"publish","type":"page","link":"https:\/\/lisbontouristinformation.com\/fr\/choses-a-faire-a-lisbonne\/pantheon-national\/","title":{"rendered":"Guide du Panth\u00e9on national de Santa Engracia \u00e0 Lisbonne : Billets, Conseils et Histoire"},"content":{"rendered":"<h3>Avec son d\u00f4me blanc s&rsquo;\u00e9levant au-dessus de ses voisins, le magnifique Panth\u00e9on national de Santa Engracia est une ic\u00f4ne de l&rsquo;horizon de Lisbonne.<\/h3>\n<p style=\"\">Class\u00e9e monument national, l&rsquo;ancienne \u00e9glise Santa Engracia Pante\u00e3o du XVIIe si\u00e8cle est une v\u00e9ritable perle baroque et abrite les tombeaux de nombreuses personnalit\u00e9s portugaises importantes.<\/p>\n<p style=\"\">Le monument, qui a mis 400 ans \u00e0 \u00eatre construit, aurait d\u00e9fi\u00e9 une mal\u00e9diction qui pr\u00e9disait que le b\u00e2timent ne serait jamais achev\u00e9.<\/p>\n<p style=\"\">Lisez tout sur l&rsquo;histoire fascinante, les meilleures choses \u00e0 faire, les prix, les heures d&rsquo;ouverture et plus encore dans ce guide du Panth\u00e9on national.<\/p>\n<p style=\"\">Commen\u00e7ons!<\/p>\n<h2 id=\"t-1650289175150\" style=\"\">Que faire au Panth\u00e9on national<\/h2>\n<p style=\"\">Situ\u00e9 sur le site d&rsquo;origine de l&rsquo;\u00e9glise de Santa Engr\u00e1cia \u00e0 Alfama, le Panth\u00e9on national est visible depuis de nombreux points de vue de la ville.<\/p>\n<p style=\"\">Ce monument embl\u00e9matique de Lisbonne est riche en tr\u00e9sors historiques et architecturaux, ce qui en fait l&rsquo;une des principales attractions touristiques de la ville.<\/p>\n<p><b>Voir ci-dessous certaines des principales choses \u00e0 faire&nbsp;:<\/b><\/p>\n<p><span><img decoding=\"async\" loading=\"lazy\" alt=\"Choses \u00e0 faire au Panth\u00e9on National de Lisbonne\" data-id=\"6576\" width=\"702\" data-init-width=\"1000\" height=\"526\" data-init-height=\"749\" title=\"Choses \u00e0 faire au Panth\u00e9on National de Lisbonne\" src=\"https:\/\/lisbontouristinformation.com\/fr\/wp-content\/uploads\/2022\/06\/Things-to-do-at-National-Pantheon-in-Lisbon-1.jpg\" data-width=\"702\" data-height=\"526\" style=\"aspect-ratio: auto 1000 \/ 749;\"><\/span><\/p>\n<h3 style=\"\">1. \u00c9merveillez-vous devant l&rsquo;architecture exceptionnelle<\/h3>\n<p>Compte tenu de son <b>projet baroque remarquable, unique au Portugal<\/b>, il convient de regarder de plus pr\u00e8s l&rsquo;architecture du majestueux b\u00e2timent blanc, caract\u00e9ris\u00e9 par ses proportions et son design inhabituels, qui pr\u00e9sente des similitudes avec la basilique Saint-Pierre de Rome.<\/p>\n<p>L&rsquo;ancienne \u00e9glise est tr\u00e8s inhabituelle en ce sens que, contrairement \u00e0 de nombreuses autres cath\u00e9drales de la ville, elle a \u00e9t\u00e9 construite selon un plan en croix grecque plut\u00f4t qu&rsquo;en croix latine. L&rsquo;impressionnant <b>d\u00f4me du XXe si\u00e8cle<\/b> qui s&rsquo;\u00e9l\u00e8ve \u00e0 80 m\u00e8tres au-dessus du sol, ainsi que les quatre tours carr\u00e9es de chaque c\u00f4t\u00e9, attirent tous les regards.<\/p>\n<p>Avant d&rsquo;entrer par le grand <b>portique baroque<\/b> surmont\u00e9 des armoiries du Portugal et de deux anges, faites attention aux trois arcades, chacune gard\u00e9e par une sculpture d&rsquo;un saint.<\/p>\n<ul>\n<li>D\u00e9couvrez les <a href=\"https:\/\/lisbontouristinformation.com\/fr\/choses-a-faire-a-lisbonne\/sites-religieux-a-lisbonne\/\" style=\"outline: none;\">meilleures \u00e9glises et monast\u00e8res de Lisbonne<\/a>&nbsp;pendant votre voyage et ne manquez rien!<\/li>\n<\/ul>\n<p><span><img decoding=\"async\" loading=\"lazy\" alt=\"Admirez le design int\u00e9rieur du Panth\u00e9on national \u00e0 Lisbonne\" data-id=\"6577\" width=\"702\" data-init-width=\"1000\" height=\"470\" data-init-height=\"669\" title=\"Admirez le design int\u00e9rieur du Panth\u00e9on national \u00e0 Lisbonne\" src=\"https:\/\/lisbontouristinformation.com\/fr\/wp-content\/uploads\/2022\/06\/Admire-the-Interior-Design-of-National-Pantheon-in-Lisbon.jpg\" data-width=\"702\" data-height=\"470\" style=\"aspect-ratio: auto 1000 \/ 669;\"><\/span><\/p>\n<h3 style=\"\">2. Admirez l&rsquo;int\u00e9rieur<\/h3>\n<p>Bien que le <b>design int\u00e9rieur harmonieux<\/b> soit plut\u00f4t minimaliste, on peut d\u00e9couvrir pas mal d&rsquo;\u00e9l\u00e9ments impressionnants, notamment les <b>d\u00e9corations aux motifs sym\u00e9triques<\/b> et les <b>variations de marbres multicolores<\/b> qui ornent les sols et les <b>murs ondulants<\/b>.<\/p>\n<p>D&rsquo;autres caract\u00e9ristiques notables sont les sculptures magistrales, les symboles grecs et <b>les d\u00e9corations islamiques traditionnelles,<\/b> uniques au Portugal.<\/p>\n<ul>\n<li>Saviez-vous qu&rsquo;Alfama \u00e9tait autrefois le quartier des Maures?&nbsp;<strong>Rejoignez une <a href=\"https:\/\/web.yourmobileguide.com\/tours\/portugal\/lisbon\/taste-of-alfama-lisbon\" target=\"_blank\" style=\"outline: none;\" rel=\"noopener\">visite audio autoguid\u00e9e d&rsquo;Alfama<\/a>&nbsp;de <a href=\"https:\/\/yourmobileguide.com\/en\/\" target=\"_blank\" style=\"outline: none;\" rel=\"noopener\"><strong>YourMobileGuide<\/strong><\/a><\/strong> et d\u00e9couvrez l&rsquo; <strong>histoire et les histoires<\/strong> derri\u00e8re ce quartier s\u00e9culaire.&nbsp;<\/li>\n<\/ul>\n<p>Jetez un coup d&rsquo;\u0153il \u00e0 la <b>nef centrale<\/b> richement d\u00e9cor\u00e9e avec le magnifique ma\u00eetre-autel et le splendide orgue baroque du XVIIIe si\u00e8cle apport\u00e9 de la cath\u00e9drale de Lisbonne.<\/p>\n<p><span><img decoding=\"async\" loading=\"lazy\" alt=\"Montez les niveaux sup\u00e9rieurs du Panth\u00e9on national \u00e0 Lisbonne\" data-id=\"6579\" width=\"702\" data-init-width=\"1000\" height=\"468\" data-init-height=\"667\" title=\"Montez les niveaux sup\u00e9rieurs du Panth\u00e9on national \u00e0 Lisbonne\" src=\"https:\/\/lisbontouristinformation.com\/fr\/wp-content\/uploads\/2022\/06\/Climb-the-higher-Levels-of-National-Pantheon-in-Lisbon-1.jpg\" data-width=\"702\" data-height=\"468\" style=\"aspect-ratio: auto 1000 \/ 667;\"><\/span><\/p>\n<h3 style=\"\">3. Montez les niveaux sup\u00e9rieurs<\/h3>\n<p>La meilleure fa\u00e7on d&rsquo;admirer les magnifiques \u0153uvres d&rsquo;art des sols et leur belle coloration est de grimper sur les <b>balcons sup\u00e9rieurs<\/b>.<\/p>\n<p>Aux niveaux sup\u00e9rieurs du Panth\u00e9on, vous trouverez de petits balcons en bois. Chacun d&rsquo;eux vous r\u00e9compensera par une <b>vue panoramique <\/b><b>sur le hall en contrebas,<\/b> ainsi que sur les sols en pierre de marbre color\u00e9 aux motifs sym\u00e9triques fascinants. Cette vue fait certainement des images fantastiques.<\/p>\n<p>\u2192 Non loin du Panth\u00e9on National se trouvent <a href=\"https:\/\/lisbontouristinformation.com\/fr\/choses-a-faire-a-lisbonne\/vues-panoramiques-de-lisbonne\/\" style=\"outline: none;\">deux des meilleurs points de vue de Lisbonne<\/a>!&nbsp;Ne manquez pas ces <strong>hotspots instagram populaires<\/strong>&nbsp;lorsque vous visitez la ville! &nbsp;<\/p>\n<p><span><img decoding=\"async\" loading=\"lazy\" alt=\"Voir les salles fun\u00e9raires et les c\u00e9notaphes du Panth\u00e9on national de Lisbonne\" data-id=\"6581\" width=\"702\" data-init-width=\"1000\" height=\"470\" data-init-height=\"669\" title=\"Voir les salles fun\u00e9raires et les c\u00e9notaphes du Panth\u00e9on national de Lisbonne\" src=\"https:\/\/lisbontouristinformation.com\/fr\/wp-content\/uploads\/2022\/06\/See-the-Tomb-Rooms-Cenotaphs-in-National-Pantheon-in-Lisbon-1.jpg\" data-width=\"702\" data-height=\"470\" style=\"aspect-ratio: auto 1000 \/ 669;\"><\/span><\/p>\n<h3 style=\"\">4. Voir les salles fun\u00e9raires et les c\u00e9notaphes<\/h3>\n<p>Honorant la vie et l&rsquo;\u0153uvre des h\u00e9ros portugais, le Panth\u00e9on national sert de <b>dernier lieu de repos<\/b> aux personnalit\u00e9s culturelles et politiques les plus distingu\u00e9es du pays.<\/p>\n<p>Parmi les personnes qui reposent ici figurent d&rsquo;anciens pr\u00e9sidents, d&rsquo;\u00e9minents \u00e9crivains, le l\u00e9gendaire footballeur Eus\u00e9bio da Silva Ferreira, la diva du fado Am\u00e1lia Rodrigues et le g\u00e9n\u00e9ral Humberto Delgado, un chef de l&rsquo;opposition assassin\u00e9 par la police secr\u00e8te en 1962.<\/p>\n<p>Ils sont situ\u00e9s dans les <b>trois salles fun\u00e9raires \u00e0 l&rsquo;angle du b\u00e2timent<\/b>.<\/p>\n<p>Ne confondez pas ces tombeaux avec les pierres tombales visibles dans la nef centrale. Ce sont des <b>c\u00e9notaphes<\/b>, des tombes vides plac\u00e9es en l&rsquo;honneur de Vasco da Gama, Nuno \u00c1lvares Pereira, Infant D. Henrique, Afonso de Albuquerque, Pedro \u00c1lvares Cabral et Lu\u00eds de Cam\u00f5es, qui ont \u00e9t\u00e9 enterr\u00e9s ailleurs.<\/p>\n<h3 style=\"\">5. Visitez le centre d&rsquo;interpr\u00e9tation<\/h3>\n<p>Les visiteurs int\u00e9ress\u00e9s par l&rsquo;histoire mouvement\u00e9e de ce site sont invit\u00e9s \u00e0 visiter le Centre d&rsquo;interpr\u00e9tation. Ici, vous pouvez voir un film sur les diff\u00e9rentes \u00e9tapes de la construction ainsi que des expositions extraites de l&rsquo;ancienne \u00e9glise, des bijoux utilis\u00e9s lors de la c\u00e9r\u00e9monie d&rsquo;inauguration du Panth\u00e9on national et diverses <strong> <\/strong>maquettes en pl\u00e2tre du b\u00e2timent.<\/p>\n<h3 style=\"\">6. Dirigez-vous vers la terrasse sur le toit<\/h3>\n<p>Gr\u00e2ce \u00e0 sa <b>situation privil\u00e9gi\u00e9e<\/b> , le Panth\u00e9on National constitue un excellent point de vue. Le point de rep\u00e8re surplombe le centre historique de la ville et le Tage. Pas \u00e9tonnant que la <b>terrasse de 40 m\u00e8tres de haut<\/b> soit l&rsquo;un des points forts du monument.<\/p>\n<p>Montez au 4\u00e8me <sup>\u00e9tage<\/sup> et sortez sur l&rsquo;immense terrasse, o\u00f9 vous pourrez profiter de l&rsquo; <b>incroyable vue panoramique<\/b> sur le quartier d&rsquo;Alfama, la rivi\u00e8re et le port. S&rsquo;il fait beau, vous pouvez m\u00eame voir jusqu&rsquo;au pont Vasco da Gama.<\/p>\n<h3 style=\"\">7. \u00c9v\u00e9nements<\/h3>\n<p style=\"\">Le Panth\u00e9on national accueille souvent des \u00e9v\u00e9nements de toutes sortes. Ceux-ci incluent des concerts, des expositions, des r\u00e9citals de po\u00e9sie, des actes solennels, des activit\u00e9s culturelles et plus encore.<\/p>\n<p style=\"\">Consultez le <a href=\"http:\/\/www.panteaonacional.gov.pt\/\" target=\"_blank\" style=\"outline: none;\" rel=\"noopener\">site officiel<\/a> pour un aper\u00e7u des \u00e9v\u00e9nements en cours. (uniquement en portugais)<a href=\"http:\/\/www.panteaonacional.gov.pt\/\" target=\"_blank\" style=\"outline: none;\" rel=\"noopener\"><\/a><\/p>\n<p><b>Astuce<\/b> : Si vous visitez le Panth\u00e9on National un mardi ou un dimanche et que vous aimez le shopping vintage et d&rsquo;antiquit\u00e9s, assurez-vous de vous arr\u00eater au traditionnel&nbsp; <b>march\u00e9 aux puces Feira da Ladra<\/b>, qui se tient juste \u00e0 c\u00f4t\u00e9 du monument.<\/p>\n<h2 id=\"t-1650289175151\" data-alt-text=\"Entrance, Tickets, and Tours \">Entr\u00e9e, billets et visites du Panth\u00e9on national<\/h2>\n<ul>\n<li><strong>Entr\u00e9e :<\/strong> Le Panth\u00e9on National est ouvert du mardi au dimanche. D&rsquo;octobre \u00e0 mars, les horaires de visite sont de 10h \u00e0 17h (derni\u00e8re entr\u00e9e \u00e0 16h40) ; d&rsquo;avril \u00e0 septembre, les horaires d&rsquo;ouverture sont de 10h \u00e0 18h (derni\u00e8re admission \u00e0 17h40). Le Panth\u00e9on National <strong>est ferm\u00e9<\/strong> les lundis 1er janvier, dimanche de P\u00e2ques, 1er mai, 13 juin ainsi que les 24 et 25 d\u00e9cembre.<\/li>\n<li><strong>Billets :<\/strong> Le prix d&rsquo;entr\u00e9e r\u00e9gulier au Panth\u00e9on National est de 4 \u20ac.<\/li>\n<li><strong>Visites:<\/strong> Des visites guid\u00e9es sont disponibles sur rendez-vous et ont lieu pendant les heures d&rsquo;ouverture r\u00e9guli\u00e8res.<\/li>\n<li><strong>Audioguide:<\/strong> Souhaitez-vous d\u00e9couvrir par vous-m\u00eame le quartier historique d&rsquo;Alfama et certaines des saveurs les plus c\u00e9l\u00e8bres de Lisbonne ? Ensuite, nous vous recommandons la visite autoguid\u00e9e <a href=\"https:\/\/web.yourmobileguide.com\/tours\/portugal\/lisbon\/taste-of-alfama-lisbon\" target=\"_blank\" style=\"outline: none;\" rel=\"noopener\">\u00ab\u00a0Taste of Alfama\u00a0\u00bb<\/a> de YourMobileGuide.<\/li>\n<li><strong>Conseils aux voyageurs: L&rsquo;entr\u00e9e au<\/strong> Panth\u00e9on national est gratuite le premier dimanche de chaque mois ainsi que pour les enfants jusqu&rsquo;\u00e0 12 ans, les ch\u00f4meurs r\u00e9sidant dans l&rsquo;Union europ\u00e9enne et les visiteurs \u00e0 mobilit\u00e9 r\u00e9duite accompagn\u00e9s d&rsquo;un accompagnateur. Pour plus d&rsquo;informations, veuillez consulter le <a href=\"http:\/\/www.panteaonacional.gov.pt\/project\/visitar-o-monumento\/\" style=\"outline: none;\" data-lt-tmp-id=\"lt-565653\" spellcheck=\"false\" target=\"_blank\" rel=\"noopener\">site officiel<\/a> (uniquement en portugais).<a href=\"http:\/\/www.panteaonacional.gov.pt\/project\/visitar-o-monumento\/\" style=\"outline: none;\" data-lt-tmp-id=\"lt-565653\" spellcheck=\"false\" target=\"_blank\" rel=\"noopener\"><\/a><\/li>\n<\/ul>\n<h2 id=\"t-1650289175152\" style=\"\">Comment se rendre au Panth\u00e9on National ?<\/h2>\n<p style=\"\"><b>Depuis Pra\u00e7a do Com\u00e9rcio :<\/b> Le moyen le plus simple est de marcher 4 minutes jusqu&rsquo;\u00e0 l&rsquo;arr\u00eat de bus R. Madalena et de prendre le bus 10B. Apr\u00e8s 9 arr\u00eats, vous arriverez \u00e0 la station Pante\u00e3o Nacional, qui s&rsquo;arr\u00eate devant le Panth\u00e9on National.<\/p>\n<h2 style=\"\" id=\"t-1650289175153\" data-alt-text=\"FAQ\"><strong>Questions fr\u00e9quentes sur Panth\u00e9on national<\/strong><\/h2>\n<p><span><img decoding=\"async\" loading=\"lazy\" alt=\"Faits historiques et informations sur le Panth\u00e9on national\" data-id=\"6583\" width=\"702\" data-init-width=\"1000\" height=\"468\" data-init-height=\"667\" title=\"Faits historiques et informations sur le Panth\u00e9on national\" src=\"https:\/\/lisbontouristinformation.com\/fr\/wp-content\/uploads\/2022\/06\/Historical-Facts-Info-about-the-National-Pantheon-1.jpg\" data-width=\"702\" data-height=\"468\" style=\"aspect-ratio: auto 1000 \/ 667;\"><\/span><\/p>\n<h2 id=\"t-1650289175154\" data-alt-text=\"Historical Facts &amp; Info\" style=\"\"><strong>Faits historiques et informations sur le Panth\u00e9on national<\/strong><\/h2>\n<p>Comme nous l&rsquo;avons mentionn\u00e9 au d\u00e9but, le Panth\u00e9on National ou Igreja de Santa Engr\u00e1cia a une histoire tumultueuse. Bien que le b\u00e2timent actuel date du XVIIe si\u00e8cle, il y avait une \u00e9glise pr\u00e9d\u00e9cesseur sur ce site d\u00e9di\u00e9e \u00e0 Santa Engr\u00e1cia, martyre de la ville de Braga, command\u00e9e par la princesse Marie du Portugal.<\/p>\n<p>Apr\u00e8s la destruction de cette \u00e9glise en 1630, le Juif Simon Solis fut faussement accus\u00e9 et condamn\u00e9 \u00e0 mort sur le b\u00fbcher par l&rsquo;Inquisition. Selon la l\u00e9gende, Simon a jet\u00e9 la tristement c\u00e9l\u00e8bre mal\u00e9diction, pr\u00e9disant que le b\u00e2timent ne serait jamais achev\u00e9 car un innocent avait \u00e9t\u00e9 condamn\u00e9. Apr\u00e8s un effondrement et d&rsquo;autres tentatives infructueuses, la reconstruction de l&rsquo;\u00e9glise a commenc\u00e9 en 1681 sous la direction de l&rsquo;architecte royal Jo\u00e3o Antunes. Cependant, apr\u00e8s la mort de l&rsquo;architecte en 1712, les travaux de construction furent \u00e0 nouveau arr\u00eat\u00e9s, le roi Jean V se d\u00e9sint\u00e9ressant du projet.<\/p>\n<p>L&rsquo;\u00e9glise est rest\u00e9e inachev\u00e9e au XXe si\u00e8cle, ce qui a conduit \u00e0 l&rsquo;expression \u00ab\u00a0Obras de Santa Engr\u00e1cia\u00a0\u00bb (comme la construction de Santa Engr\u00e1cia) devenant un euph\u00e9misme portugais pour les travaux inachev\u00e9s.<\/p>\n<p>Dans les ann\u00e9es 1960, l&rsquo;\u00e9glise sans toit de l&rsquo;Igreja de Santa Engr\u00e1cia, qui n&rsquo;a jamais \u00e9t\u00e9 utilis\u00e9e comme lieu de culte, a \u00e9t\u00e9 d\u00e9clar\u00e9e Panth\u00e9on national. En 1966, la construction est enfin achev\u00e9e.<\/p>\n<h2 id=\"t-1650289175155\" style=\"\">Contact &amp; Carte<\/h2>\n<ul>\n<li><strong>Adresse :<\/strong> Pante\u00e3o Nacional\/ Igreja de Santa Engr\u00e1cia, Campo de Santa Clara 1100-471 Lisbonne<\/li>\n<li><strong>Heures d&rsquo;ouverture :<\/strong> Du mardi au dimanche, de 10h \u00e0 17h (octobre \u00e0 mars) ; 10h \u00e0 18h (avril \u00e0 septembre)<\/li>\n<li><strong>Transports en commun&nbsp;:<\/strong> par le tram 28E et sortir \u00e0 C\u00e7. S. Vicente<strong> <\/strong><\/li>\n<li style=\"\"><strong>Site officiel&nbsp;: <\/strong><a href=\"http:\/\/www.panteaonacional.gov.pt\/\" style=\"outline: none;\" data-lt-tmp-id=\"lt-338839\" spellcheck=\"false\" target=\"_blank\" rel=\"noopener\">Panteaonacional.gov.pt\/<\/a> (uniquement en portugais)<a href=\"http:\/\/www.panteaonacional.gov.pt\/\" style=\"outline: none;\" data-lt-tmp-id=\"lt-338839\" spellcheck=\"false\" target=\"_blank\" rel=\"noopener\"><\/a><strong>&nbsp;<\/strong><\/li>\n<\/ul>\n<h3 style=\"\">Articles li\u00e9s&nbsp;:<\/h3>\n<p><a href=\"https:\/\/lisbontouristinformation.com\/fr\/choses-a-faire-a-lisbonne\/eglise-de-sao-roque\/\" dynamic-postlink=\"tcb_post_the_permalink\" data-shortcode-id=\"5477\"><\/a><\/p>\n<h3 style=\"text-align: center; padding-top: 0px !important; margin-top: 0px !important;\"><span data-attr-link=\"1\" data-attr-rel=\"0\" data-attr-target=\"0\" data-extra_key=\"\" data-option-inline=\"1\" data-shortcode=\"tcb_post_title\" data-shortcode-name=\"Post title\" data-attr-css=\"\" data-attr-static-link=\"{&quot;className&quot;:&quot;&quot;,&quot;href&quot;:&quot;https:\/\/lisbontouristinformation.com\/fr\/choses-a-faire-a-lisbonne\/eglise-de-sao-roque\/&quot;,&quot;title&quot;:&quot;Guide de l\u2019\u00c9glise de S\u00e3o Roque \u00e0 Lisbonne et Mus\u00e9e&quot;,&quot;class&quot;:&quot;&quot;}\" style=\"\"><a href=\"https:\/\/lisbontouristinformation.com\/fr\/choses-a-faire-a-lisbonne\/eglise-de-sao-roque\/\" title=\"Guide de l\u2019\u00c9glise de S\u00e3o Roque \u00e0 Lisbonne et Mus\u00e9e\" data-css=\"\">Guide de l\u2019\u00c9glise de S\u00e3o Roque \u00e0 Lisbonne et Mus\u00e9e<\/a><\/span><\/h3>\n<p><a href=\"https:\/\/lisbontouristinformation.com\/fr\/choses-a-faire-a-lisbonne\/eglise-de-sao-roque\/\" style=\"\"><span style=\"\"><span style=\"\">Lire la suite<\/span><\/span><\/a><a href=\"https:\/\/lisbontouristinformation.com\/fr\/choses-a-faire-a-lisbonne\/cathedrale-de-lisbonne\/\" dynamic-postlink=\"tcb_post_the_permalink\" data-shortcode-id=\"5477\"><\/a><\/p>\n<h3 style=\"text-align: center; padding-top: 0px !important; margin-top: 0px !important;\"><span data-attr-link=\"1\" data-attr-rel=\"0\" data-attr-target=\"0\" data-extra_key=\"\" data-option-inline=\"1\" data-shortcode=\"tcb_post_title\" data-shortcode-name=\"Post title\" data-attr-css=\"\" data-attr-static-link=\"{&quot;className&quot;:&quot;&quot;,&quot;href&quot;:&quot;https:\/\/lisbontouristinformation.com\/fr\/choses-a-faire-a-lisbonne\/eglise-de-sao-roque\/&quot;,&quot;title&quot;:&quot;Guide de l\u2019\u00c9glise de S\u00e3o Roque \u00e0 Lisbonne et Mus\u00e9e&quot;,&quot;class&quot;:&quot;&quot;}\" style=\"\"><a href=\"https:\/\/lisbontouristinformation.com\/fr\/choses-a-faire-a-lisbonne\/cathedrale-de-lisbonne\/\" title=\"Guide de la Cath\u00e9drale de Lisbonne : Conseils, Histoire et Horaires\" data-css=\"\">Guide de la Cath\u00e9drale de Lisbonne : Conseils, Histoire et Horaires<\/a><\/span><\/h3>\n<p><a href=\"https:\/\/lisbontouristinformation.com\/fr\/choses-a-faire-a-lisbonne\/cathedrale-de-lisbonne\/\" style=\"\"><span style=\"\"><span style=\"\">Lire la suite<\/span><\/span><\/a><a href=\"https:\/\/lisbontouristinformation.com\/fr\/choses-a-faire-a-lisbonne\/monastere-des-hieronymites\/\" dynamic-postlink=\"tcb_post_the_permalink\" data-shortcode-id=\"5477\"><\/a><\/p>\n<h3 style=\"text-align: center; padding-top: 0px !important; margin-top: 0px !important;\"><span data-attr-link=\"1\" data-attr-rel=\"0\" data-attr-target=\"0\" data-extra_key=\"\" data-option-inline=\"1\" data-shortcode=\"tcb_post_title\" data-shortcode-name=\"Post title\" data-attr-css=\"\" data-attr-static-link=\"{&quot;className&quot;:&quot;&quot;,&quot;href&quot;:&quot;https:\/\/lisbontouristinformation.com\/fr\/choses-a-faire-a-lisbonne\/eglise-de-sao-roque\/&quot;,&quot;title&quot;:&quot;Guide de l\u2019\u00c9glise de S\u00e3o Roque \u00e0 Lisbonne et Mus\u00e9e&quot;,&quot;class&quot;:&quot;&quot;}\" style=\"\"><a href=\"https:\/\/lisbontouristinformation.com\/fr\/choses-a-faire-a-lisbonne\/monastere-des-hieronymites\/\" title=\"Guide du Monast\u00e8re des Hi\u00e9ronymites : Billets, Conseils et Histoire\" data-css=\"\">Guide du Monast\u00e8re des Hi\u00e9ronymites : Billets, Conseils et Histoire<\/a><\/span><\/h3>\n<p><a href=\"https:\/\/lisbontouristinformation.com\/fr\/choses-a-faire-a-lisbonne\/monastere-des-hieronymites\/\" style=\"\"><span style=\"\"><span style=\"\">Lire la suite<\/span><\/span><\/a><a href=\"https:\/\/lisbontouristinformation.com\/fr\/choses-a-faire-a-lisbonne\/sites-religieux-a-lisbonne\/\" dynamic-postlink=\"tcb_post_the_permalink\" data-shortcode-id=\"5477\"><\/a><\/p>\n<h3 style=\"text-align: center; padding-top: 0px !important; margin-top: 0px !important;\"><span data-attr-link=\"1\" data-attr-rel=\"0\" data-attr-target=\"0\" data-extra_key=\"\" data-option-inline=\"1\" data-shortcode=\"tcb_post_title\" data-shortcode-name=\"Post title\" data-attr-css=\"\" data-attr-static-link=\"{&quot;className&quot;:&quot;&quot;,&quot;href&quot;:&quot;https:\/\/lisbontouristinformation.com\/fr\/choses-a-faire-a-lisbonne\/eglise-de-sao-roque\/&quot;,&quot;title&quot;:&quot;Guide de l\u2019\u00c9glise de S\u00e3o Roque \u00e0 Lisbonne et Mus\u00e9e&quot;,&quot;class&quot;:&quot;&quot;}\" style=\"\"><a href=\"https:\/\/lisbontouristinformation.com\/fr\/choses-a-faire-a-lisbonne\/sites-religieux-a-lisbonne\/\" title=\"TOP 12 Sites Religieux \u00e0 Lisbonne\" data-css=\"\">TOP 12 Sites Religieux \u00e0 Lisbonne<\/a><\/span><\/h3>\n<p><a href=\"https:\/\/lisbontouristinformation.com\/fr\/choses-a-faire-a-lisbonne\/sites-religieux-a-lisbonne\/\" style=\"\"><span style=\"\"><span style=\"\">Lire la suite<\/span><\/span><\/a><\/p>\n","protected":false},"excerpt":{"rendered":"<p>Avec son d\u00f4me blanc s&rsquo;\u00e9levant au-dessus de ses voisins, le magnifique Panth\u00e9on national de Santa Engracia est une ic\u00f4ne de l&rsquo;horizon de Lisbonne. Class\u00e9e monument national, l&rsquo;ancienne \u00e9glise Santa Engracia Pante\u00e3o du XVIIe si\u00e8cle est une v\u00e9ritable perle baroque et abrite les tombeaux de nombreuses personnalit\u00e9s portugaises importantes. Le monument, qui a mis 400 ans [&hellip;]<\/p>\n","protected":false},"author":18,"featured_media":5885,"parent":67,"menu_order":0,"comment_status":"closed","ping_status":"closed","template":"","meta":{"footnotes":""},"tags":[89,88],"class_list":["post-5468","page","type-page","status-publish","has-post-thumbnail","hentry","tag-monument","tag-things-to-do","post-wrapper","thrv_wrapper"],"_links":{"self":[{"href":"https:\/\/lisbontouristinformation.com\/fr\/wp-json\/wp\/v2\/pages\/5468","targetHints":{"allow":["GET"]}}],"collection":[{"href":"https:\/\/lisbontouristinformation.com\/fr\/wp-json\/wp\/v2\/pages"}],"about":[{"href":"https:\/\/lisbontouristinformation.com\/fr\/wp-json\/wp\/v2\/types\/page"}],"author":[{"embeddable":true,"href":"https:\/\/lisbontouristinformation.com\/fr\/wp-json\/wp\/v2\/users\/18"}],"replies":[{"embeddable":true,"href":"https:\/\/lisbontouristinformation.com\/fr\/wp-json\/wp\/v2\/comments?post=5468"}],"version-history":[{"count":0,"href":"https:\/\/lisbontouristinformation.com\/fr\/wp-json\/wp\/v2\/pages\/5468\/revisions"}],"up":[{"embeddable":true,"href":"https:\/\/lisbontouristinformation.com\/fr\/wp-json\/wp\/v2\/pages\/67"}],"wp:featuredmedia":[{"embeddable":true,"href":"https:\/\/lisbontouristinformation.com\/fr\/wp-json\/wp\/v2\/media\/5885"}],"wp:attachment":[{"href":"https:\/\/lisbontouristinformation.com\/fr\/wp-json\/wp\/v2\/media?parent=5468"}],"wp:term":[{"taxonomy":"post_tag","embeddable":true,"href":"https:\/\/lisbontouristinformation.com\/fr\/wp-json\/wp\/v2\/tags?post=5468"}],"curies":[{"name":"wp","href":"https:\/\/api.w.org\/{rel}","templated":true}]}}