{"id":5459,"date":"2022-04-18T14:47:24","date_gmt":"2022-04-18T12:47:24","guid":{"rendered":"https:\/\/lisbontouristinformation.com\/fr\/?page_id=5459"},"modified":"2023-09-26T11:29:57","modified_gmt":"2023-09-26T10:29:57","slug":"ascenseur-de-santa-justa","status":"publish","type":"page","link":"https:\/\/lisbontouristinformation.com\/fr\/choses-a-faire-a-lisbonne\/ascenseur-de-santa-justa\/","title":{"rendered":"Guide de l&#8217;Ascenseur de Santa Justa \u00e0 Lisbonne : Conseils, Histoire&#8230;"},"content":{"rendered":"<h3>L&rsquo;ascenseur de Santa Justa, qui transporte des passagers entre les quartiers haut et bas de Lisbonne, est plus qu&rsquo;un simple raccourci vers le Bairro Alto ; c&rsquo;est aussi l&rsquo;une des meilleures attractions de Lisbonne.<\/h3>\n<p style=\"\">La tour en fer forg\u00e9, construite en 1902, est l&rsquo;un des endroits les plus caract\u00e9ristiques de la capitale portugaise. S&rsquo;\u00e9tendant haut dans le ciel, il est visible de nombreux points et offre une vue imprenable sur l&rsquo;horizon de Lisbonne. Il n&rsquo;est pas \u00e9tonnant que Santa Justa soit l&rsquo;un des endroits les plus visit\u00e9s de la ville.<\/p>\n<p style=\"\">Dans ce guide, vous apprendrez tout ce que vous devez savoir avant votre visite, y compris l&rsquo;horaire, l&rsquo;histoire et les billets.<\/p>\n<p style=\"\">Commen\u00e7ons!<\/p>\n<h2 id=\"t-1650286074395\" style=\"\">Choses \u00e0 faire \u00e0 l&rsquo;ascenseur de Santa Justa<\/h2>\n<p>Vieux de plus de 100 ans, l&rsquo;Elevador de Santa Justa, haut de 45 m\u00e8tres, est le seul ascenseur vertical public de la ville. Il relie les <b>rues inf\u00e9rieures du <\/b><b>quartier Baixa<\/b> avec le <b>quartier sup\u00e9rieur <\/b><b>du Bairro Alto. <\/b>Cela en a fait une grande aide pour les habitants, qui l&rsquo;ont utilis\u00e9 pour \u00e9viter la mont\u00e9e raide de la colline.<\/p>\n<p style=\"\">Sa plate-forme d&rsquo;observation, d&rsquo;autre part, permet de superbes vues panoramiques sur le centre-ville de Lisbonne.<\/p>\n<p><span><img decoding=\"async\" alt=\"Choses \u00e0 faire \u00e0 l'ascenseur de Santa Justa \u00e0 Lisbonne\" data-id=\"6551\" width=\"702\" data-init-width=\"1000\" height=\"468\" data-init-height=\"667\" title=\"Choses \u00e0 faire \u00e0 l'ascenseur de Santa Justa \u00e0 Lisbonne\" src=\"https:\/\/lisbontouristinformation.com\/fr\/wp-content\/uploads\/2022\/06\/Things-to-do-at-Santa-Justa-Lift-in-Lisbon-1.jpg\" data-width=\"702\" data-height=\"468\" loading=\"lazy\" style=\"aspect-ratio: auto 1000 \/ 667;\"><\/span><\/p>\n<h3 style=\"\">1. Admirez l&rsquo;architecture<\/h3>\n<p>L&rsquo;Elevador de Santa Justa, con\u00e7u avec soin, n&rsquo;est pas seulement une construction fonctionnelle, mais aussi une <b>\u0153uvre d&rsquo;art<\/b>.&nbsp;C&rsquo;est pourquoi il vaut la peine d&rsquo;examiner de plus pr\u00e8s la conception de l&rsquo;ascenseur.<\/p>\n<p>Construit dans un style n\u00e9o-gothique, le bel ext\u00e9rieur est presque enti\u00e8rement en fer forg\u00e9. Il pr\u00e9sente un travail en filigrane, des motifs g\u00e9om\u00e9triques et d&rsquo;\u00e9l\u00e9gantes arches n\u00e9o-gothiques.<\/p>\n<p>Vous pourriez \u00eatre surpris de trouver des similitudes avec la Tour Eiffel. Ce ne sont en aucun cas des co\u00efncidences. L&rsquo;ing\u00e9nieur portugais Raoul Mesnier du Ponsard, qui \u00e9tait responsable de la conception de l&rsquo;ascenseur de Santa Justa, aurait \u00e9t\u00e9 un apprenti de Gustave Eiffel et aurait \u00e9t\u00e9 inspir\u00e9 par la Tour Eiffel en admirant son savoir-faire et son design.<\/p>\n<p><span><img decoding=\"async\" alt=\"Faites un tour dans la cabine vintage de l'ascenseur de Santa Justa \u00e0 Lisbonne\" data-id=\"6553\" width=\"702\" data-init-width=\"1000\" height=\"469\" data-init-height=\"668\" title=\"Faites un tour dans la cabine vintage de l'ascenseur de Santa Justa \u00e0 Lisbonne\" src=\"https:\/\/lisbontouristinformation.com\/fr\/wp-content\/uploads\/2022\/06\/Take-a-Ride-in-the-Vintage-Cabin-of-Santa-Justa-Lift-in-Lisbon-1.jpg\" data-width=\"702\" data-height=\"469\" style=\"aspect-ratio: auto 1000 \/ 668;\" loading=\"lazy\"><\/span><\/p>\n<h3 style=\"\">2. Faites un tour dans la cabine vintage<\/h3>\n<p>Montez dans l&rsquo;une des deux cabines en bois \u00e0 l&rsquo;ancienne, am\u00e9nag\u00e9es avec des miroirs ombrag\u00e9s et des cadrans en laiton, et profitez d&rsquo;une balade nostalgique de <b>sept \u00e9tages (32 m\u00e8tres)<\/b>.&nbsp;Fait int\u00e9ressant, l&rsquo;ascenseur peut transporter vingt personnes, mais seulement quinze vers le bas.<\/p>\n<p>\u00c9tant donn\u00e9 qu&rsquo;un tour sur cette structure c\u00e9l\u00e8bre est l&rsquo;une des meilleures choses \u00e0 faire pour les touristes visitant Lisbonne, vous devez vous <b>attendre \u00e0 <\/b><b>de longues files d&rsquo;attente<\/b> tout au long de la journ\u00e9e, surtout en haute saison. Il est conseill\u00e9 d&rsquo; <b>arriver t\u00f4t le matin ou tard le soir<\/b> pour minimiser le temps d&rsquo;attente.<\/p>\n<p>Le <b>dernier \u00e9tage<\/b>, \u00e9galement accessible via Largo do Carmo sans frais d&rsquo;entr\u00e9e, offre une vue magnifique sur le centre de Lisbonne.&nbsp;<\/p>\n<p style=\"\"><b>Astuce<\/b> : Au lieu de monter, vous pouvez marcher jusqu&rsquo;au sommet de la colline et prendre l&rsquo;ascenseur pour redescendre. Non seulement les files d&rsquo;attente sont beaucoup plus courtes, mais le billet aller simple pour la descente est \u00e9galement moins cher.<\/p>\n<ul>\n<li><b>Itin\u00e9raire :<\/b> Rua do Ouro \/ Rua de Santa Justa \u2013 Largo do Carmo<\/li>\n<li><b>Horaires :<\/b> Consultez les horaires de l&rsquo;ascenseur de Santa Justa <a href=\"https:\/\/www.carris.pt\/en\/travel\/carreiras\/54e-santa-justa-lift\/\" style=\"outline: none;\" target=\"_blank\" rel=\"noopener\">ici<\/a>.<\/li>\n<\/ul>\n<p><span><img decoding=\"async\" alt=\"Profitez de la vue depuis la terrasse d'observation de l'ascenseur de Santa Justa\" data-id=\"6555\" width=\"702\" data-init-width=\"1000\" height=\"395\" data-init-height=\"563\" title=\"Profitez de la vue depuis la terrasse d'observation de l'ascenseur de Santa Justa\" src=\"https:\/\/lisbontouristinformation.com\/fr\/wp-content\/uploads\/2022\/06\/Enjoy-the-View-from-the-Observation-Deck-of-Santa-Justa-Lift-1.jpg\" data-width=\"702\" data-height=\"395\" style=\"aspect-ratio: auto 1000 \/ 563;\" loading=\"lazy\"><\/span><\/p>\n<h3 style=\"\">3. Profitez de la vue depuis la terrasse d&rsquo;observation<\/h3>\n<p>Au sommet, un escalier en colima\u00e7on vous conduira \u00e0 la terrasse panoramique de l&rsquo;ascenseur de Santa Justa. De l\u00e0, vous pourrez profiter d&rsquo; <b>une vue \u00e0 360 degr\u00e9s sur la ville<\/b>, notamment sur le Tage, le&nbsp;<a href=\"https:\/\/lisbontouristinformation.com\/fr\/choses-a-faire-a-lisbonne\/chateau-de-sao-jorge\/\" style=\"outline: none;\">ch\u00e2teau S\u00e3o Jorge<\/a>, les ruines du couvent Carmo, la place anim\u00e9e&nbsp;<a href=\"https:\/\/lisbontouristinformation.com\/fr\/organiser-votre-voyage-a-lisbonne\/meilleurs-quartiers-de-lisbonne\/\" style=\"outline: none;\">Rossio et le quartier Baixa<\/a>.<\/p>\n<p>Voir le b\u00e2timent embl\u00e9matique la <b>nuit avec son atmosph\u00e8re romantique<\/b> est \u00e9galement tr\u00e8s gratifiant. Ce n&rsquo;est pas seulement l&rsquo;apparence de l&rsquo;ascenseur illumin\u00e9 de Santa Justa qui est vraiment \u00e9poustouflante, mais aussi la vue sur la mer de lumi\u00e8res \u00e9blouissante de la ville.<\/p>\n<p style=\"\">La terrasse d&rsquo;observation est ouverte tous les jours de 9h00 \u00e0 23h00 en \u00e9t\u00e9 et de 9h00 \u00e0 21h00 en hiver.<\/p>\n<p>Veuillez noter qu&rsquo;il y a <b>des frais d&rsquo;admission<\/b> pour acc\u00e9der \u00e0 la terrasse d&rsquo;observation.<\/p>\n<p style=\"\"><b>Astuce :<\/b> Vous n&rsquo;avez pas besoin d&rsquo;utiliser l&rsquo;ascenseur pour visiter la plate-forme d&rsquo;observation. Si vous voulez atteindre le sommet mais \u00e9viter les longues files d&rsquo;attente, vous pouvez \u00e0 la place monter les escaliers le long du couvent des Carmo ou prendre l&rsquo;ascenseur cach\u00e9 \u00e0 l&rsquo;int\u00e9rieur du&nbsp; <strong>magasin de li\u00e8ge<\/strong> sur la Rua do Carmo. Les deux alternatives vous am\u00e8neront dans la rue principale pour acc\u00e9der \u00e0 la terrasse d&rsquo;observation sans payer pour un trajet en ascenseur.<\/p>\n<h2 id=\"t-1650286074396\" data-alt-text=\"Entrance, Tickets, and Tours\">Entr\u00e9e, billets et visites de l&rsquo;ascenseur de Santa Justa<\/h2>\n<ul>\n<li><strong>Entr\u00e9e&nbsp;:<\/strong> tous les jours de 7h30 \u00e0 21h00 (novembre \u00e0 f\u00e9vrier) et de 7h00 \u00e0 23h00 (mars \u00e0 octobre)<\/li>\n<li><strong>Billets :<\/strong> L&rsquo;ascenseur de Santa Justa fait partie du syst\u00e8me de transport public, c&rsquo;est pourquoi le trajet en ascenseur est inclus dans le ticket de transport public 24h\/24. Les d\u00e9tenteurs de cartes de transport en commun, telles que Viva Viagem ou Lisboa Viva, peuvent utiliser l&rsquo;ascenseur moyennant un aller simple qui \u00e9quivaut \u00e0 un trajet en bus. Les visiteurs qui n&rsquo;ont pas de carte de transport public peuvent acheter un billet \u00e0 la billetterie sur place. Le prix du billet est de 5,30\u20ac (aller-retour).<\/li>\n<li>Le droit d&rsquo;entr\u00e9e pour la terrasse d&rsquo;observation est de 1,50 \u20ac.<\/li>\n<li><strong>Visites&nbsp;:<\/strong>&nbsp;les voyageurs qui souhaitent approfondir leur connaissance de la ville historique de Lisbonne appr\u00e9cieront la visite audioguid\u00e9e&nbsp;<a href=\"https:\/\/web.yourmobileguide.com\/tours\/portugal\/lisbon\/best-of-lisbon-city-center1\" style=\"outline: none;\" target=\"_blank\" rel=\"noopener\">Best of Lisbon: City Center<\/a>.&nbsp;\u00c9coutez le guide audio depuis votre propre t\u00e9l\u00e9phone portable et d\u00e9couvrez les sites incontournables, y compris l&rsquo;ascenseur de Santa Justa, \u00e0 votre rythme.<strong>&nbsp;<\/strong><\/li>\n<li><strong>Conseils aux voyageurs:<\/strong> Les d\u00e9tenteurs de la Lisboa Card peuvent utiliser l&rsquo;ascenseur gratuitement et acc\u00e9der gratuitement \u00e0 la terrasse d&rsquo;observation.<\/li>\n<\/ul>\n<h2 id=\"t-1650286074397\" style=\"\">Comment se rendre \u00e0 l&rsquo;ascenseur de Santa Justa ?<\/h2>\n<p style=\"\">L&rsquo;ascenseur de Santa Justa est situ\u00e9 au bout de la Rua de Santa Justa dans le quartier de Baixa, entre les stations de m\u00e9tro Baixa-Chiado et Rossio.<\/p>\n<p style=\"\"><b>Depuis Pra\u00e7a do Com\u00e9rcio :<\/b> Vous pouvez soit marcher 700 m\u00e8tres jusqu&rsquo;\u00e0 l&rsquo;ascenseur de Santa Justa, soit faire un arr\u00eat avec le tram 15 ou 25 jusqu&rsquo;\u00e0 P\u00e7. Gare de Figueira. De l\u00e0, l&rsquo;ascenseur est \u00e0 seulement 4 minutes.<\/p>\n<h2 id=\"t-1650286074398\" data-alt-text=\"FAQ\" style=\"\">Questions trait\u00e9es sur Ascenseur de Santa Justa<\/h2>\n<p><span><img decoding=\"async\" alt=\"Faits historiques et informations sur l'ascenseur de Santa Justa\" data-id=\"6557\" width=\"702\" data-init-width=\"1000\" height=\"468\" data-init-height=\"667\" title=\"Faits historiques et informations sur l'ascenseur de Santa Justa\" src=\"https:\/\/lisbontouristinformation.com\/fr\/wp-content\/uploads\/2022\/06\/Historical-Facts-Info-about-Santa-Justa-Lift-1.jpg\" data-width=\"702\" data-height=\"468\" loading=\"lazy\" style=\"aspect-ratio: auto 1000 \/ 667;\"><\/span><\/p>\n<h2 id=\"t-1650286074399\" data-alt-text=\"Historical Facts &amp; Info \" style=\"\">Faits historiques et informations sur l&rsquo;ascenseur de Santa Justa<\/h2>\n<p>L&rsquo;Elevador de Santa Justa, \u00e9galement connu sous le nom d&rsquo; Elevador do Carmo, a \u00e9t\u00e9 construit en 1900 pour offrir aux habitants un trajet plus facile vers le haut et vers le bas de la colline escarp\u00e9e.&nbsp;Il a \u00e9t\u00e9 inaugur\u00e9 deux ans plus tard.<\/p>\n<p>\u00c0 l&rsquo;origine, l&rsquo;ascenseur \u00e9tait aliment\u00e9 par une machine \u00e0 vapeur, qui a \u00e9t\u00e9 remplac\u00e9e par un moteur \u00e9lectrique quelques ann\u00e9es plus tard.<\/p>\n<p>En 2002, l&rsquo;Elevador de Santa Justa a \u00e9t\u00e9 d\u00e9clar\u00e9 Monument National. Apr\u00e8s d&rsquo;importants travaux de r\u00e9novation, l&rsquo;ascenseur a rouvert ses portes en 2006. Aujourd&rsquo;hui, l&rsquo;ascenseur de Santa Justa est exploit\u00e9 par la Companhia da Carris et sert principalement d&rsquo;attraction touristique.<\/p>\n<h2 id=\"t-1650286074400\" style=\"\">Contact &amp; Carte<\/h2>\n<ul>\n<li><strong>Adresse :&nbsp;<\/strong> Elevador de Santa Justa, R. do Ouro, 1150-060 Lisbonne, Portugal<\/li>\n<li><strong>Heures d&rsquo;ouverture&nbsp;:<\/strong> tous les jours de 7h30 \u00e0 21h00 (novembre \u00e0 f\u00e9vrier) et de 7h00 \u00e0 23h00 (mars \u00e0 octobre)<\/li>\n<li><strong>Transports en commun :<\/strong> M\u00e9tro Ligne Verte, arr\u00eat Rossio<\/li>\n<li style=\"\"><strong>Site officiel : <\/strong><a href=\"https:\/\/www.carris.pt\/descubra\/frota\/elevador-de-santa-justa\/\" data-lt-tmp-id=\"lt-571620\" spellcheck=\"false\" target=\"_blank\" style=\"outline: none;\" rel=\"noopener\">Carris.pt\/elevador-de-santa-justa\/<\/a> (uniquement en portugais)<a href=\"https:\/\/www.carris.pt\/descubra\/frota\/elevador-de-santa-justa\/\" data-lt-tmp-id=\"lt-571620\" spellcheck=\"false\" target=\"_blank\" style=\"outline: none;\" rel=\"noopener\"><\/a><strong> <\/strong><\/li>\n<\/ul>\n<h3 style=\"\">Articles li\u00e9s&nbsp;:<\/h3>\n<p><a href=\"https:\/\/lisbontouristinformation.com\/fr\/choses-a-faire-a-lisbonne\/meilleurs-musees-a-lisbonne\/\" dynamic-postlink=\"tcb_post_the_permalink\" data-shortcode-id=\"5425\"><\/a><\/p>\n<h3 style=\"text-align: center; padding-top: 0px !important; margin-top: 0px !important;\"><span data-attr-link=\"1\" data-attr-rel=\"0\" data-attr-target=\"0\" data-extra_key=\"\" data-option-inline=\"1\" data-shortcode=\"tcb_post_title\" data-shortcode-name=\"Post title\" data-attr-css=\"\" data-attr-static-link=\"{&quot;className&quot;:&quot;&quot;,&quot;href&quot;:&quot;https:\/\/lisbontouristinformation.com\/fr\/choses-a-faire-a-lisbonne\/meilleurs-musees-a-lisbonne\/&quot;,&quot;title&quot;:&quot;10 Meilleurs Mus\u00e9es \u00e0 Lisbonne&quot;,&quot;class&quot;:&quot;&quot;}\" style=\"\"><a href=\"https:\/\/lisbontouristinformation.com\/fr\/choses-a-faire-a-lisbonne\/meilleurs-musees-a-lisbonne\/\" title=\"10 Meilleurs Mus\u00e9es \u00e0 Lisbonne\" data-css=\"\">10 Meilleurs Mus\u00e9es \u00e0 Lisbonne<\/a><\/span><\/h3>\n<p><a href=\"https:\/\/lisbontouristinformation.com\/fr\/choses-a-faire-a-lisbonne\/meilleurs-musees-a-lisbonne\/\" style=\"\"><span style=\"\"><span style=\"\">Lire la suite<\/span><\/span><\/a><a href=\"https:\/\/lisbontouristinformation.com\/fr\/choses-a-faire-a-lisbonne\/choses-a-faire-avec-vos-enfants-a-lisbonne\/\" dynamic-postlink=\"tcb_post_the_permalink\" data-shortcode-id=\"5425\"><\/a><\/p>\n<h3 style=\"text-align: center; padding-top: 0px !important; margin-top: 0px !important;\"><span data-attr-link=\"1\" data-attr-rel=\"0\" data-attr-target=\"0\" data-extra_key=\"\" data-option-inline=\"1\" data-shortcode=\"tcb_post_title\" data-shortcode-name=\"Post title\" data-attr-css=\"\" data-attr-static-link=\"{&quot;className&quot;:&quot;&quot;,&quot;href&quot;:&quot;https:\/\/lisbontouristinformation.com\/fr\/choses-a-faire-a-lisbonne\/meilleurs-musees-a-lisbonne\/&quot;,&quot;title&quot;:&quot;10 Meilleurs Mus\u00e9es \u00e0 Lisbonne&quot;,&quot;class&quot;:&quot;&quot;}\" style=\"\"><a href=\"https:\/\/lisbontouristinformation.com\/fr\/choses-a-faire-a-lisbonne\/choses-a-faire-avec-vos-enfants-a-lisbonne\/\" title=\"15 Choses \u00e0 Faire avec vos enfants \u00e0 Lisbonne\" data-css=\"\">15 Choses \u00e0 Faire avec vos enfants \u00e0 Lisbonne<\/a><\/span><\/h3>\n<p><a href=\"https:\/\/lisbontouristinformation.com\/fr\/choses-a-faire-a-lisbonne\/choses-a-faire-avec-vos-enfants-a-lisbonne\/\" style=\"\"><span style=\"\"><span style=\"\">Lire la suite<\/span><\/span><\/a><a href=\"https:\/\/lisbontouristinformation.com\/fr\/choses-a-faire-a-lisbonne\/\" dynamic-postlink=\"tcb_post_the_permalink\" data-shortcode-id=\"5425\"><\/a><\/p>\n<h3 style=\"text-align: center; padding-top: 0px !important; margin-top: 0px !important;\"><span data-attr-link=\"1\" data-attr-rel=\"0\" data-attr-target=\"0\" data-extra_key=\"\" data-option-inline=\"1\" data-shortcode=\"tcb_post_title\" data-shortcode-name=\"Post title\" data-attr-css=\"\" data-attr-static-link=\"{&quot;className&quot;:&quot;&quot;,&quot;href&quot;:&quot;https:\/\/lisbontouristinformation.com\/fr\/choses-a-faire-a-lisbonne\/meilleurs-musees-a-lisbonne\/&quot;,&quot;title&quot;:&quot;10 Meilleurs Mus\u00e9es \u00e0 Lisbonne&quot;,&quot;class&quot;:&quot;&quot;}\" style=\"\"><a href=\"https:\/\/lisbontouristinformation.com\/fr\/choses-a-faire-a-lisbonne\/\" title=\"50 Choses \u00e0 Faire \u00e0 Lisbonne\" data-css=\"\">50 Choses \u00e0 Faire \u00e0 Lisbonne<\/a><\/span><\/h3>\n<p><a href=\"https:\/\/lisbontouristinformation.com\/fr\/choses-a-faire-a-lisbonne\/\" style=\"\"><span style=\"\"><span style=\"\">Lire la suite<\/span><\/span><\/a><\/p>\n","protected":false},"excerpt":{"rendered":"<p>L&rsquo;ascenseur de Santa Justa, qui transporte des passagers entre les quartiers haut et bas de Lisbonne, est plus qu&rsquo;un simple raccourci vers le Bairro Alto ; c&rsquo;est aussi l&rsquo;une des meilleures attractions de Lisbonne. La tour en fer forg\u00e9, construite en 1902, est l&rsquo;un des endroits les plus caract\u00e9ristiques de la capitale portugaise. S&rsquo;\u00e9tendant haut [&hellip;]<\/p>\n","protected":false},"author":18,"featured_media":5887,"parent":67,"menu_order":0,"comment_status":"closed","ping_status":"closed","template":"","meta":{"footnotes":""},"tags":[89,88],"class_list":["post-5459","page","type-page","status-publish","has-post-thumbnail","hentry","tag-monument","tag-things-to-do","post-wrapper","thrv_wrapper"],"_links":{"self":[{"href":"https:\/\/lisbontouristinformation.com\/fr\/wp-json\/wp\/v2\/pages\/5459","targetHints":{"allow":["GET"]}}],"collection":[{"href":"https:\/\/lisbontouristinformation.com\/fr\/wp-json\/wp\/v2\/pages"}],"about":[{"href":"https:\/\/lisbontouristinformation.com\/fr\/wp-json\/wp\/v2\/types\/page"}],"author":[{"embeddable":true,"href":"https:\/\/lisbontouristinformation.com\/fr\/wp-json\/wp\/v2\/users\/18"}],"replies":[{"embeddable":true,"href":"https:\/\/lisbontouristinformation.com\/fr\/wp-json\/wp\/v2\/comments?post=5459"}],"version-history":[{"count":0,"href":"https:\/\/lisbontouristinformation.com\/fr\/wp-json\/wp\/v2\/pages\/5459\/revisions"}],"up":[{"embeddable":true,"href":"https:\/\/lisbontouristinformation.com\/fr\/wp-json\/wp\/v2\/pages\/67"}],"wp:featuredmedia":[{"embeddable":true,"href":"https:\/\/lisbontouristinformation.com\/fr\/wp-json\/wp\/v2\/media\/5887"}],"wp:attachment":[{"href":"https:\/\/lisbontouristinformation.com\/fr\/wp-json\/wp\/v2\/media?parent=5459"}],"wp:term":[{"taxonomy":"post_tag","embeddable":true,"href":"https:\/\/lisbontouristinformation.com\/fr\/wp-json\/wp\/v2\/tags?post=5459"}],"curies":[{"name":"wp","href":"https:\/\/api.w.org\/{rel}","templated":true}]}}