{"id":5440,"date":"2022-04-18T10:39:21","date_gmt":"2022-04-18T08:39:21","guid":{"rendered":"https:\/\/lisbontouristinformation.com\/fr\/?page_id=5440"},"modified":"2022-08-09T08:04:19","modified_gmt":"2022-08-09T07:04:19","slug":"gare-du-rossio","status":"publish","type":"page","link":"https:\/\/lisbontouristinformation.com\/fr\/choses-a-faire-a-lisbonne\/gare-du-rossio\/","title":{"rendered":"Guide de la Gare du Rossio : Horaires, Histoire et Conseils"},"content":{"rendered":"<h3>La magnifique gare du Rossio (Esta\u00e7\u00e3o do Rossio) de la fin du <sup>XIXe<\/sup> si\u00e8cle est l&rsquo;ancienne gare centrale de Lisbonne.<\/h3>\n<p>Aujourd&rsquo;hui, le joyau architectural n&rsquo;est pas seulement une plaque tournante du transport avec des liaisons vers Sintra, mais aussi une attraction touristique impressionnante. Avec sa fa\u00e7ade f\u00e9erique de style n\u00e9o-manu\u00e9lin, elle enchantera \u00e0 coup s\u00fbr tous ses visiteurs.<\/p>\n<p>Sur cette page, lisez tout ce que vous devez savoir avant votre visite, y compris l&rsquo;histoire, l&rsquo;horaire de Sintra et les questions les plus importantes.<\/p>\n<p style=\"\">Commen\u00e7ons par les meilleures choses \u00e0 faire!<\/p>\n<h2 id=\"t-1650271191481\" style=\"\"><b>Que faire \u00e0&nbsp; <\/b><b>la gare du Rossio<\/b><\/h2>\n<p style=\"\">La gare monumentale du Rossio, au c\u0153ur du <a href=\"https:\/\/lisbontouristinformation.com\/fr\/organiser-votre-voyage-a-lisbonne\/meilleurs-quartiers-de-lisbonne\/\" style=\"outline: none;\">quartier populaire de la Baixa \u00e0 Lisbonne<\/a>,&nbsp;ressemble plus \u00e0 un op\u00e9ra qu&rsquo;\u00e0 un b\u00e2timent public de l&rsquo;ext\u00e9rieur.<\/p>\n<p style=\"\">M\u00eame si vous ne pr\u00e9voyez pas un voyage dans la banlieue de Lisbonne, une visite \u00e0 ce merveilleux monument est fortement recommand\u00e9e.<\/p>\n<p>Voici quelques-uns de ses points forts&nbsp;:<\/p>\n<p><span><img decoding=\"async\" alt=\"\u00c9merveillez-vous devant l'architecture de la gare du Rossio \u00e0 Lisbonne\" data-id=\"6502\" width=\"702\" data-init-width=\"1000\" height=\"530\" data-init-height=\"755\" title=\"\u00c9merveillez-vous devant l'architecture de la gare du Rossio \u00e0 Lisbonne\" src=\"https:\/\/lisbontouristinformation.com\/fr\/wp-content\/uploads\/2022\/06\/Marvel-at-the-Architecture-of-Rossio-Train-Station-in-Lisbon-1.jpg\" data-width=\"702\" data-height=\"530\" loading=\"lazy\"><\/span><\/p>\n<h3 style=\"\">1. Admirez l&rsquo;architecture<\/h3>\n<p>Avec sa grande fa\u00e7ade du c\u00f4t\u00e9 nord-ouest de la place Rossio, la gare du Rossio est sans doute la plus belle gare du Portugal, peut-\u00eatre m\u00eame du monde.<\/p>\n<p>Con\u00e7u par l&rsquo;architecte portugais Jos\u00e9 Lu\u00eds Monteiro, l&rsquo;ext\u00e9rieur romantique est l&rsquo;un des meilleurs exemples de l&rsquo;architecture n\u00e9o-manu\u00e9line, caract\u00e9ristique du XVIe si\u00e8cle.<\/p>\n<p><strong>\u2192 Si vous souhaitez voir d&rsquo;autres monuments importants de l&rsquo;architecture manu\u00e9line, t\u00e9l\u00e9chargez <a href=\"http:\/\/ https:\/\/web.yourmobileguide.com\/tabs\/tour-page\/534\" target=\"_blank\" style=\"outline: none;\" rel=\"noopener\">l&rsquo;audioguide <span style=\"text-decoration: underline;\">Tour de Bel\u00e9m de<\/span><\/a> YourMobileGuide et visitez les attractions incontournables.<\/strong><\/p>\n<p>En vous tenant devant ce b\u00e2timent extraordinaire, prenez le temps d&rsquo;admirer les <b>riches d\u00e9corations sculpturales<\/b> aux motifs nautiques, ainsi que l&rsquo; <b>horloge ornementale<\/b> dans la petite tourelle. Cependant, la caract\u00e9ristique la plus frappante est les deux <b>portes en fer \u00e0 cheval entrelac\u00e9es<\/b> qui accueillent les visiteurs \u00e0 l&rsquo;entr\u00e9e. Entre ces portes se dressait autrefois une statue du roi S\u00e9bastien du Portugal, vieille de 126 ans, qui a malheureusement \u00e9t\u00e9 d\u00e9truite en 2016 par un homme qui l&rsquo;a renvers\u00e9e en grimpant pour un selfie.<\/p>\n<p><span><img decoding=\"async\" alt=\"\u00c0 l'int\u00e9rieur de la gare de Rossio \u00e0 Lisbonne\" data-id=\"6505\" width=\"702\" data-init-width=\"1000\" height=\"448\" data-init-height=\"638\" title=\"\u00c0 l'int\u00e9rieur de la gare de Rossio \u00e0 Lisbonne\" src=\"https:\/\/lisbontouristinformation.com\/fr\/wp-content\/uploads\/2022\/06\/Inside-Rossio-Train-Station-in-Lisbon-1.jpg\" data-width=\"702\" data-height=\"448\" style=\"\" loading=\"lazy\"><\/span><\/p>\n<h3 style=\"\">2. \u00c0 l&rsquo;int\u00e9rieur de la gare du Rossio<\/h3>\n<p>Apr\u00e8s \u00eatre entr\u00e9 dans la gare de Rossio par l&rsquo;\u00e9norme porte en forme de fer \u00e0 cheval, les visiteurs sont g\u00e9n\u00e9ralement surpris par l&rsquo; <b>int\u00e9rieur moderne<\/b>.<\/p>\n<p>Les plates-formes \u00e0 l&rsquo;int\u00e9rieur sont reli\u00e9es au niveau de la fa\u00e7ade par des rampes et sont recouvertes d&rsquo;une structure en fonte. Comme la gare est assez petite, elle facilite la navigation des passagers. Il y a <b>des guichets et des distributeurs automatiques de billets<\/b> , qui sont g\u00e9n\u00e9ralement tr\u00e8s fr\u00e9quent\u00e9s par les touristes entre 10h et 12h.<\/p>\n<p>Sur le mur ouest du hangar ferroviaire, vous pouvez voir des <b>peintures sur carreaux<\/b> qui combinent des vues modernes de la ville de Lisbonne avec des motifs religieux.<\/p>\n<p>Il y a aussi une boutique de souvenirs, un Starbucks et le Lisbon Destination Hostel.<\/p>\n<p><strong>\u2192 \u00cates-vous int\u00e9ress\u00e9 \u00e0 d\u00e9couvrir les meilleures \u0153uvres d&rsquo;art et objets religieux de Lisbonne?&nbsp;Consultez la liste compl\u00e8te des <a href=\"https:\/\/lisbontouristinformation.com\/fr\/choses-a-faire-a-lisbonne\/sites-religieux-a-lisbonne\/\" style=\"outline: none;\">principaux sites religieux de Lisbonne<\/a>.<\/strong><\/p>\n<p><span><img decoding=\"async\" alt=\"Prendre le train pour Sintra\" data-id=\"6508\" width=\"702\" data-init-width=\"1000\" height=\"449\" data-init-height=\"639\" title=\"Prendre le train pour Sintra\" src=\"https:\/\/lisbontouristinformation.com\/fr\/wp-content\/uploads\/2022\/06\/Take-the-Train-to-Sintra-1.jpg\" data-width=\"702\" data-height=\"449\" loading=\"lazy\"><\/span><\/p>\n<h3 style=\"\">3. Prendre le train pour Sintra<\/h3>\n<p>Avec la <b>ligne Sintra<\/b> ( Linha de Sintra ) reliant Lisbonne \u00e0 la ville de Sintra, la gare du Rossio est la <b>gare principale du chemin de fer de banlieue Lisboa-Sintra<\/b>.&nbsp;C&rsquo;est pourquoi vous pouvez combiner votre visite de ce chef-d&rsquo;\u0153uvre avec une excursion d&rsquo;une journ\u00e9e dans le village romantique, c\u00e9l\u00e8bre pour ses palais de conte de f\u00e9es, son charmant centre historique et son atmosph\u00e8re enchanteresse.<\/p>\n<p>Montez \u00e0 bord du train de banlieue pour Sintra qui part <b>toutes les 15 minutes<\/b> en semaine et toutes les 30 minutes le week-end. Il y a des correspondances jusque tard dans la nuit. Le trajet <b>dure environ 45 minutes<\/b>, car il y a 14 arr\u00eats entre les deux.&nbsp;Vous pouvez acheter des billets aller simple directement \u00e0 la gare et la pr\u00e9-r\u00e9servation n&rsquo;est pas possible.<\/p>\n<ul>\n<li><b>Lire la suite : <\/b><a href=\"https:\/\/lisbontouristinformation.com\/fr\/organiser-votre-voyage-a-lisbonne\/guide-de-sintra-a-lisbonne\/\" target=\"_blank\" style=\"outline: none;\" rel=\"noopener\">Un guide de Sintra<\/a><a href=\"https:\/\/lisbontouristinformation.com\/fr\/organiser-votre-voyage-a-lisbonne\/guide-de-sintra-a-lisbonne\/\" target=\"_blank\" style=\"outline: none;\" rel=\"noopener\"><\/a><\/li>\n<li><b>Carte du r\u00e9seau de m\u00e9tro ferroviaire :<\/b> Vous pouvez trouver la carte du r\u00e9seau de m\u00e9tro ferroviaire avec la ligne Sintra <a href=\"https:\/\/www.cp.pt\/passageiros\/en\/how-to-travel\/lisbon-urban-trains\" target=\"_blank\" style=\"outline: none;\" rel=\"noopener\">ici<\/a>.<a href=\"https:\/\/www.cp.pt\/passageiros\/en\/how-to-travel\/lisbon-urban-trains\" target=\"_blank\" rel=\"noopener\"><\/a><\/li>\n<li><b>Horaire <\/b><b>:<\/b> Pour des informations \u00e0 jour sur l&rsquo;horaire de Sintra et le prix du billet, cliquez <a href=\"https:\/\/www.cp.pt\/passageiros\/en\" target=\"_blank\" rel=\"noopener\">ici<\/a>.&nbsp;Entrez simplement Rossio et Sintra et choisissez la date de votre voyage.<a href=\"https:\/\/www.cp.pt\/passageiros\/en\" target=\"_blank\" rel=\"noopener\"><\/a><\/li>\n<\/ul>\n<p><span><img decoding=\"async\" alt=\"Autres connexions\" data-id=\"6510\" width=\"702\" data-init-width=\"1000\" height=\"468\" data-init-height=\"667\" title=\"Autres connexions\" src=\"https:\/\/lisbontouristinformation.com\/fr\/wp-content\/uploads\/2022\/06\/Other-Connections.jpg\" data-width=\"702\" data-height=\"468\" loading=\"lazy\"><\/span><\/p>\n<h3 style=\"\">4. Autres connexions<\/h3>\n<p>La gare Rossio est \u00e9galement reli\u00e9e \u00e0 la <b>ligne verte<\/b> ( Linha Verde ) du m\u00e9tro de Lisbonne. Vous devrez sortir de la station de m\u00e9tro et traverser la place Rossio pour entrer dans la station.<\/p>\n<ul>\n<li><b>Vous pouvez trouver la carte du r\u00e9seau du m\u00e9tro de Lisbonne <\/b><a href=\"https:\/\/www.metrolisboa.pt\/en\/travel\/diagrams-and-maps\/\" target=\"_blank\" rel=\"noopener\"><b>ici<\/b><\/a><b>.<\/b><a href=\"https:\/\/www.metrolisboa.pt\/en\/travel\/diagrams-and-maps\/\" target=\"_blank\" rel=\"noopener\"><b><\/b><\/a><b><\/b><\/li>\n<\/ul>\n<p><span><img decoding=\"async\" alt=\"Attractions \u00e0 proximit\u00e9 de la gare du Rossio \u00e0 Lisbonne\" data-id=\"6511\" width=\"702\" data-init-width=\"1000\" height=\"468\" data-init-height=\"667\" title=\"Attractions \u00e0 proximit\u00e9 de la gare du Rossio \u00e0 Lisbonne\" src=\"https:\/\/lisbontouristinformation.com\/fr\/wp-content\/uploads\/2022\/06\/Nearby-Attractions-to-the-Rossio-Train-Station-in-Lisbon.jpg\" data-width=\"702\" data-height=\"468\" loading=\"lazy\"><\/span><\/p>\n<h3 style=\"\">5. Attractions \u00e0 proximit\u00e9<\/h3>\n<p style=\"\">Assurez-vous de passer du temps sur la place anim\u00e9e du <b>Rossio,<\/b> \u00e0 c\u00f4t\u00e9 de la gare du Rossio.<\/p>\n<p style=\"\">Vous pouvez parcourir les magasins autour de la place, vous asseoir sur l&rsquo;un des bancs sous un arbre ou manger un morceau dans l&rsquo;un des nombreux caf\u00e9s, bars et restaurants.<\/p>\n<p style=\"\">D\u00e9couvrez \u00e9galement les deux grandes <b>fontaines de style baroque<\/b> et le <b>monument au roi Pedro IV<\/b> qui ornent la place. La place est particuli\u00e8rement anim\u00e9e le soir, avec des fontaines illumin\u00e9es et de la musique live remplissant l&rsquo;air.<\/p>\n<p style=\"\">Les autres attractions \u00e0 proximit\u00e9 incluent <b>la place Restauradores,<\/b> l&rsquo;avenue principale de Lisbonne, l&rsquo; <b>Avenida de Liberade,<\/b> et l&rsquo;incontournable <b>Elevador de Santa Justa<\/b>.<\/p>\n<p style=\"\">\n<p style=\"\">\u2192 L&rsquo;une des meilleures fa\u00e7ons de <strong>vous familiariser avec la gare du Rossio, le quartier de la Baixa et les principaux sites touristiques du centre est de faire une <a href=\"https:\/\/web.yourmobileguide.com\/tabs\/tour-page\/473\" target=\"_blank\" style=\"outline: none;\" rel=\"noopener\">visite audioguid\u00e9e de Lisbonne. <\/a><\/strong>T\u00e9l\u00e9chargez et explorez facilement \u00e0 votre rythme pour seulement quelques euros!<\/p>\n<h2 id=\"t-1650271191482\" data-alt-text=\"Entrance, Tickets, and Tours \"><b>Entr\u00e9e, billets et visites \u00e0&nbsp; <\/b><b>la gare de Rossio<\/b><\/h2>\n<ul>\n<li><strong>Entr\u00e9e :<\/strong> La gare du Rossio est ouverte tous les jours.<\/li>\n<li><strong>Billets :<\/strong> L&rsquo;entr\u00e9e est gratuite.<strong>&nbsp;<\/strong><\/li>\n<li><strong>Visites guid\u00e9es :<\/strong> Actuellement, il n&rsquo;y a pas de visites guid\u00e9es \u00e0 <strong>&nbsp;<\/strong>la gare de Rossio, mais YourMobileGuide propose une <a href=\"https:\/\/web.yourmobileguide.com\/tabs\/tour-page\/473\" target=\"_blank\" style=\"outline: none;\" rel=\"noopener\">visite audioguid\u00e9e des destinations incontournables de Lisbonne<\/a> \u00e0 un prix abordable.&nbsp;<\/li>\n<li><strong>Conseils aux voyageurs :<\/strong> Les voyageurs qui souhaitent approfondir leur connaissance de la ville historique de Lisbonne appr\u00e9cieront la visite audioguid\u00e9e <a href=\"https:\/\/web.yourmobileguide.com\/tabs\/tour-page\/473\" target=\"_blank\" style=\"outline: none;\" rel=\"noopener\">Best of Lisbon : City Center<\/a>.&nbsp;\u00c9coutez l&rsquo;audioguide depuis votre propre t\u00e9l\u00e9phone portable et d\u00e9couvrez les sites incontournables du centre-ville \u00e0 votre rythme.&nbsp;<\/li>\n<\/ul>\n<h2 id=\"t-1650271191483\"><b>Comment se rendre \u00e0 <\/b><b>la gare du Rossio ?<\/b><\/h2>\n<p>La gare Rossio est situ\u00e9e entre la place Rossio et la place Restauradores dans le centre-ville de Lisbonne, Baixa.<\/p>\n<p><b>Depuis la Pra\u00e7a do Com\u00e9rcio :<\/b> Vous pouvez marcher 13 minutes ou prendre le m\u00e9tro (ligne bleue\/ Linha Azul ) depuis Terreiro do Pa\u00e7o. Faites 2 arr\u00eats jusqu&rsquo;\u00e0 la station Restauradores. De l\u00e0, la gare du Rossio est \u00e0 quelques pas.<b> <\/b><\/p>\n<p>Alternativement, il existe plusieurs lignes de bus qui partent de Pra\u00e7a do Com\u00e9rcio et se rendent pr\u00e8s de la gare de Rossio.<\/p>\n<p>Consultez notre guide <a href=\"https:\/\/lisbontouristinformation.com\/fr\/arrivee\/transports-en-commun-a-lisbonne\/\" style=\"outline: none;\">des transports en commun de Lisbonne<\/a> pour d\u00e9couvrir quelle m\u00e9thode correspond le mieux \u00e0 vos besoins.&nbsp;<\/p>\n<h2 id=\"t-1650271191484\" data-alt-text=\"FAQ\" style=\"\">Questions fr\u00e9quentes sur Gare du Rossio<\/h2>\n<p><span><img decoding=\"async\" alt=\"Faits historiques et informations sur la gare du Rossio \u00e0 Lisbonne\" data-id=\"6513\" width=\"702\" data-init-width=\"1000\" height=\"468\" data-init-height=\"667\" title=\"Faits historiques et informations sur la gare du Rossio \u00e0 Lisbonne\" src=\"https:\/\/lisbontouristinformation.com\/fr\/wp-content\/uploads\/2022\/06\/Historical-Facts-Info-about-Rossio-Train-Station-in-Lisbon-1.jpg\" data-width=\"702\" data-height=\"468\" loading=\"lazy\"><\/span><\/p>\n<h2 id=\"t-1650271191485\" data-alt-text=\"Historical Facts &amp; Info\" style=\"\"><strong>Faits historiques et informations sur&nbsp; <\/strong><b>la gare du Rossio<\/b><\/h2>\n<p>La gare du Rossio a \u00e9t\u00e9 construite entre 1886 et 1890. Elle a \u00e9t\u00e9 command\u00e9e par la Compagnie royale portugaise des chemins de fer. La construction du tunnel de 2,9 km de long, creus\u00e9 sous la ville, est l&rsquo;une des r\u00e9alisations d&rsquo;ing\u00e9nierie les plus importantes au Portugal de cette p\u00e9riode. &nbsp; &nbsp;&nbsp;<\/p>\n<p>En d\u00e9cembre 1918, la gare fut le th\u00e9\u00e2tre d&rsquo;un terrible \u00e9v\u00e9nement au cours duquel le quatri\u00e8me pr\u00e9sident du Portugal, Sid\u00f3nio Pais, fut assassin\u00e9.<\/p>\n<p>La gare du Rossio a servi de terminus principal de Lisbonne jusqu&rsquo;en 1957. Au cours des ann\u00e9es suivantes, seuls quelques trains longue distance se sont termin\u00e9s \u00e0 la gare (jusqu&rsquo;en 1990).<\/p>\n<p>En raison d&rsquo;importants travaux de renouvellement du tunnel, la gare de Rossio a \u00e9t\u00e9 ferm\u00e9e entre 2004 et 2008. Aujourd&rsquo;hui, les trains de banlieue de l&rsquo;entreprise publique Comboios de Portugal \u00e0 Sintra desservent la gare de Rossio.<\/p>\n<h2 id=\"t-1650271191486\" style=\"\">Contact &amp; Carte<\/h2>\n<ul>\n<li><strong>Adresse :&nbsp;<\/strong> Esta\u00e7\u00e3o de Caminhos de Ferro do Rossio, R. 1\u00ba de Dezembro 125, 1249-970 Lisbonne, Portugal<\/li>\n<li><strong>Heures d&rsquo;ouverture:<\/strong> Tous les jours, 24h<\/li>\n<li style=\"\"><strong>Transports en commun :<\/strong><strong> <\/strong> Metro Blue Line, arr\u00eat Restauradores ou Rossio<\/li>\n<\/ul>\n<h3 style=\"\">Articles Li\u00e9s:<\/h3>\n<p><a href=\"https:\/\/lisbontouristinformation.com\/fr\/choses-a-faire-a-lisbonne\/choses-a-faire-avec-vos-enfants-a-lisbonne\/\" dynamic-postlink=\"tcb_post_the_permalink\" data-shortcode-id=\"99\"><\/a><\/p>\n<h3 style=\"text-align: center; padding-top: 0px !important; margin-top: 0px !important;\"><span data-attr-link=\"1\" data-attr-rel=\"0\" data-attr-target=\"0\" data-extra_key=\"\" data-option-inline=\"1\" data-shortcode=\"tcb_post_title\" data-shortcode-name=\"Post title\" data-attr-css=\"\" data-attr-static-link=\"{&quot;className&quot;:&quot;tve-froala fr-basic&quot;,&quot;href&quot;:&quot;https:\/\/lisbontouristinformation.com\/fr\/choses-a-faire-a-lisbonne\/choses-a-faire-avec-vos-enfants-a-lisbonne\/&quot;,&quot;title&quot;:&quot;15 Choses \u00e0 Faire avec vos enfants \u00e0 Lisbonne&quot;,&quot;class&quot;:&quot;tve-froala fr-basic&quot;}\" style=\"\"><a href=\"https:\/\/lisbontouristinformation.com\/fr\/choses-a-faire-a-lisbonne\/choses-a-faire-avec-vos-enfants-a-lisbonne\/\" title=\"15 Choses \u00e0 Faire avec vos enfants \u00e0 Lisbonne\" data-css=\"\">15 Choses \u00e0 Faire avec vos enfants \u00e0 Lisbonne<\/a><\/span><\/h3>\n<p><a href=\"https:\/\/lisbontouristinformation.com\/fr\/choses-a-faire-a-lisbonne\/choses-a-faire-avec-vos-enfants-a-lisbonne\/\" style=\"\"><span style=\"\"><span style=\"\">Lire la suite<\/span><\/span><\/a><a href=\"https:\/\/lisbontouristinformation.com\/fr\/choses-a-faire-a-lisbonne\/\" dynamic-postlink=\"tcb_post_the_permalink\" data-shortcode-id=\"99\"><\/a><\/p>\n<h3 style=\"text-align: center; padding-top: 0px !important; margin-top: 0px !important;\"><span data-attr-link=\"1\" data-attr-rel=\"0\" data-attr-target=\"0\" data-extra_key=\"\" data-option-inline=\"1\" data-shortcode=\"tcb_post_title\" data-shortcode-name=\"Post title\" data-attr-css=\"\" data-attr-static-link=\"{&quot;className&quot;:&quot;tve-froala fr-basic&quot;,&quot;href&quot;:&quot;https:\/\/lisbontouristinformation.com\/fr\/choses-a-faire-a-lisbonne\/choses-a-faire-avec-vos-enfants-a-lisbonne\/&quot;,&quot;title&quot;:&quot;15 Choses \u00e0 Faire avec vos enfants \u00e0 Lisbonne&quot;,&quot;class&quot;:&quot;tve-froala fr-basic&quot;}\" style=\"\"><a href=\"https:\/\/lisbontouristinformation.com\/fr\/choses-a-faire-a-lisbonne\/\" title=\"50 Choses \u00e0 Faire \u00e0 Lisbonne\" data-css=\"\">50 Choses \u00e0 Faire \u00e0 Lisbonne<\/a><\/span><\/h3>\n<p><a href=\"https:\/\/lisbontouristinformation.com\/fr\/choses-a-faire-a-lisbonne\/\" style=\"\"><span style=\"\"><span style=\"\">Lire la suite<\/span><\/span><\/a><a href=\"https:\/\/lisbontouristinformation.com\/fr\/organiser-votre-voyage-a-lisbonne\/guide-de-sintra-a-lisbonne\/\" dynamic-postlink=\"tcb_post_the_permalink\" data-shortcode-id=\"99\"><\/a><\/p>\n<h3 style=\"text-align: center; padding-top: 0px !important; margin-top: 0px !important;\"><span data-attr-link=\"1\" data-attr-rel=\"0\" data-attr-target=\"0\" data-extra_key=\"\" data-option-inline=\"1\" data-shortcode=\"tcb_post_title\" data-shortcode-name=\"Post title\" data-attr-css=\"\" data-attr-static-link=\"{&quot;className&quot;:&quot;tve-froala fr-basic&quot;,&quot;href&quot;:&quot;https:\/\/lisbontouristinformation.com\/fr\/choses-a-faire-a-lisbonne\/choses-a-faire-avec-vos-enfants-a-lisbonne\/&quot;,&quot;title&quot;:&quot;15 Choses \u00e0 Faire avec vos enfants \u00e0 Lisbonne&quot;,&quot;class&quot;:&quot;tve-froala fr-basic&quot;}\" style=\"\"><a href=\"https:\/\/lisbontouristinformation.com\/fr\/organiser-votre-voyage-a-lisbonne\/guide-de-sintra-a-lisbonne\/\" title=\"Guide de Sintra \u00e0 Lisbonne: Comment y aller? Quoi voir?\" data-css=\"\">Guide de Sintra \u00e0 Lisbonne: Comment y aller? Quoi voir?<\/a><\/span><\/h3>\n<p><a href=\"https:\/\/lisbontouristinformation.com\/fr\/organiser-votre-voyage-a-lisbonne\/guide-de-sintra-a-lisbonne\/\" style=\"\"><span style=\"\"><span style=\"\">Lire la suite<\/span><\/span><\/a><a href=\"https:\/\/lisbontouristinformation.com\/fr\/arrivee\/gares-de-train-a-lisbonne\/\" dynamic-postlink=\"tcb_post_the_permalink\" data-shortcode-id=\"99\"><\/a><\/p>\n<h3 style=\"text-align: center; padding-top: 0px !important; margin-top: 0px !important;\"><span data-attr-link=\"1\" data-attr-rel=\"0\" data-attr-target=\"0\" data-extra_key=\"\" data-option-inline=\"1\" data-shortcode=\"tcb_post_title\" data-shortcode-name=\"Post title\" data-attr-css=\"\" data-attr-static-link=\"{&quot;className&quot;:&quot;tve-froala fr-basic&quot;,&quot;href&quot;:&quot;https:\/\/lisbontouristinformation.com\/fr\/choses-a-faire-a-lisbonne\/choses-a-faire-avec-vos-enfants-a-lisbonne\/&quot;,&quot;title&quot;:&quot;15 Choses \u00e0 Faire avec vos enfants \u00e0 Lisbonne&quot;,&quot;class&quot;:&quot;tve-froala fr-basic&quot;}\" style=\"\"><a href=\"https:\/\/lisbontouristinformation.com\/fr\/arrivee\/gares-de-train-a-lisbonne\/\" title=\"Guide des Gares de Train \u00e0 Lisbonne : Acc\u00e8s et Billets\" data-css=\"\">Guide des Gares de Train \u00e0 Lisbonne : Acc\u00e8s et Billets<\/a><\/span><\/h3>\n<p><a href=\"https:\/\/lisbontouristinformation.com\/fr\/arrivee\/gares-de-train-a-lisbonne\/\" style=\"\"><span style=\"\"><span style=\"\">Lire la suite<\/span><\/span><\/a><\/p>\n","protected":false},"excerpt":{"rendered":"<p>La magnifique gare du Rossio (Esta\u00e7\u00e3o do Rossio) de la fin du XIXe si\u00e8cle est l&rsquo;ancienne gare centrale de Lisbonne. Aujourd&rsquo;hui, le joyau architectural n&rsquo;est pas seulement une plaque tournante du transport avec des liaisons vers Sintra, mais aussi une attraction touristique impressionnante. Avec sa fa\u00e7ade f\u00e9erique de style n\u00e9o-manu\u00e9lin, elle enchantera \u00e0 coup s\u00fbr [&hellip;]<\/p>\n","protected":false},"author":18,"featured_media":5889,"parent":67,"menu_order":0,"comment_status":"closed","ping_status":"closed","template":"","meta":{"footnotes":""},"tags":[88],"class_list":["post-5440","page","type-page","status-publish","has-post-thumbnail","hentry","tag-things-to-do","post-wrapper","thrv_wrapper"],"_links":{"self":[{"href":"https:\/\/lisbontouristinformation.com\/fr\/wp-json\/wp\/v2\/pages\/5440","targetHints":{"allow":["GET"]}}],"collection":[{"href":"https:\/\/lisbontouristinformation.com\/fr\/wp-json\/wp\/v2\/pages"}],"about":[{"href":"https:\/\/lisbontouristinformation.com\/fr\/wp-json\/wp\/v2\/types\/page"}],"author":[{"embeddable":true,"href":"https:\/\/lisbontouristinformation.com\/fr\/wp-json\/wp\/v2\/users\/18"}],"replies":[{"embeddable":true,"href":"https:\/\/lisbontouristinformation.com\/fr\/wp-json\/wp\/v2\/comments?post=5440"}],"version-history":[{"count":0,"href":"https:\/\/lisbontouristinformation.com\/fr\/wp-json\/wp\/v2\/pages\/5440\/revisions"}],"up":[{"embeddable":true,"href":"https:\/\/lisbontouristinformation.com\/fr\/wp-json\/wp\/v2\/pages\/67"}],"wp:featuredmedia":[{"embeddable":true,"href":"https:\/\/lisbontouristinformation.com\/fr\/wp-json\/wp\/v2\/media\/5889"}],"wp:attachment":[{"href":"https:\/\/lisbontouristinformation.com\/fr\/wp-json\/wp\/v2\/media?parent=5440"}],"wp:term":[{"taxonomy":"post_tag","embeddable":true,"href":"https:\/\/lisbontouristinformation.com\/fr\/wp-json\/wp\/v2\/tags?post=5440"}],"curies":[{"name":"wp","href":"https:\/\/api.w.org\/{rel}","templated":true}]}}