{"id":5429,"date":"2022-04-18T09:37:53","date_gmt":"2022-04-18T08:37:53","guid":{"rendered":"https:\/\/lisbontouristinformation.com\/fr\/?page_id=5429"},"modified":"2025-05-05T11:57:05","modified_gmt":"2025-05-05T10:57:05","slug":"tour-de-belem","status":"publish","type":"page","link":"https:\/\/lisbontouristinformation.com\/fr\/choses-a-faire-a-lisbonne\/tour-de-belem\/","title":{"rendered":"Guide de la Tour de Bel\u00e9m \u00e0 Lisbonne : Conseils, Histoire, Entr\u00e9e&#8230;"},"content":{"rendered":"<h3>La tour de Bel\u00e9m, construite pour d\u00e9fendre la ville, n&rsquo;est pas seulement l&rsquo;une des 10 principales attractions de Lisbonne, mais aussi le monument historique le plus c\u00e9l\u00e8bre du Portugal.<\/h3>\n<p style=\"\">Perch\u00e9e sur les rives du Tage, la forteresse m\u00e9di\u00e9vale du <sup>XVIe<\/sup> si\u00e8cle est un symbole durable du puissant empire maritime du Portugal. Avec son histoire et son architecture impressionnante, le site du patrimoine mondial de l&rsquo;UNESCO devrait figurer sur l&rsquo;itin\u00e9raire de tout voyageur.<\/p>\n<p style=\"\">Dans ce guide, lisez tout ce que vous devez savoir avant votre visite, y compris l&rsquo;histoire, les meilleures choses \u00e0 faire, les directions, les heures, et plus encore.<\/p>\n<p style=\"\">Commen\u00e7ons!<\/p>\n<p style=\"\"><strong data-end=\"135\" data-start=\"79\"><span style=\"--tcb-applied-color: var$(--tcb-skin-color-0) !important; color: var(--tcb-skin-color-0) !important;\">Mise \u00e0 jour importante : la Tour de Bel\u00e9m est ferm\u00e9e<\/span><\/strong><span style=\"--tcb-applied-color: var$(--tcb-skin-color-0) !important; color: var(--tcb-skin-color-0) !important;\"><\/span>La Tour de Bel\u00e9m<strong> est actuellement ferm\u00e9e<\/strong> pour restauration et n\u2019est pas accessible aux visiteurs. Sa r\u00e9ouverture est pr\u00e9vue pour le <strong data-end=\"288\" data-is-only-node=\"\" data-start=\"270\">printemps 2026<\/strong>, sous r\u00e9serve de l\u2019avancement des travaux. Aucun billet n\u2019est disponible pendant cette p\u00e9riode. Des r\u00e9ouvertures partielles pourraient avoir lieu \u2013 n\u2019h\u00e9sitez pas \u00e0 v\u00e9rifier les mises \u00e0 jour.<\/p>\n<h2 id=\"t-1650267511486\" style=\"\">Que faire \u00e0 la Tour de Bel\u00e9m<\/h2>\n<p>La Tour de Bel\u00e9m, l&rsquo;un des monuments les plus remarquables de Lisbonne, fut le point de d\u00e9part de nombreux voyages vers le Nouveau Monde. Il est donc consid\u00e9r\u00e9 comme un <b>symbole embl\u00e9matique de l&rsquo;\u00e2ge des d\u00e9couvertes du Portugal<\/b> et est un incontournable absolu.<\/p>\n<p>Il a \u00e9t\u00e9 construit sous le r\u00e8gne du roi Manuel Ier dans le cadre d&rsquo;un syst\u00e8me d\u00e9fensif et en m\u00eame temps comme porte d&rsquo;entr\u00e9e c\u00e9r\u00e9monielle vers Lisbonne, et plus tard a \u00e9galement servi de prison et de phare, entre autres. Une visite \u00e0 ce joyau manu\u00e9lin est comme un <b>court voyage \u00e0 travers 500 ans d&rsquo;histoire portugaise<\/b>.<\/p>\n<p>D\u00e9couvrez ci-dessous quelques-uns des temps forts \u00e0 ne pas manquer:<\/p>\n<p><span><img decoding=\"async\" alt=\"Architecture de la Tour de Bel\u00e9m \u00e0 Lisbonne\" data-id=\"6477\" width=\"702\" data-init-width=\"1000\" height=\"527\" data-init-height=\"750\" title=\"Architecture de la Tour de Bel\u00e9m \u00e0 Lisbonne\" src=\"https:\/\/lisbontouristinformation.com\/fr\/wp-content\/uploads\/2022\/06\/Architecture-of-the-Tower-of-Belem-in-Lisbon-1.jpg\" data-width=\"702\" data-height=\"527\" style=\"aspect-ratio: auto 1000 \/ 750;\" loading=\"lazy\"><\/span><\/p>\n<h3 style=\"\">1. Architecture de la Tour de Bel\u00e9m<\/h3>\n<p>L&rsquo;une des caract\u00e9ristiques les plus frappantes de la tour de Bel\u00e9m est son architecture unique. Se tenir devant la tour, admirer son ext\u00e9rieur, est donc une exp\u00e9rience \u00e9poustouflante.<\/p>\n<p>La tour de Bel\u00e9m a \u00e9t\u00e9 r\u00e9alis\u00e9e en calcaire de Lioz et construite par l&rsquo;architecte militaire et sculpteur Francisco de Arruda dans le <b>style manu\u00e9lin<\/b> portugais de la fin du XVIe si\u00e8cle. Les influences de l&rsquo;architecture mauresque sont \u00e9galement clairement visibles, par exemple dans les tours de guet, les fen\u00eatres cintr\u00e9es et les balcons.<\/p>\n<p>Remarquable est la base de la structure, un <b>bastion<\/b> d&rsquo;o\u00f9 s&rsquo;\u00e9l\u00e8ve <b>une tour de 30 m\u00e8tres.<\/b><\/p>\n<p><span><img decoding=\"async\" alt=\"D\u00e9corations de la Tour de Bel\u00e9m \u00e0 Lisbonne\" data-id=\"6478\" width=\"702\" data-init-width=\"1000\" height=\"527\" data-init-height=\"750\" title=\"D\u00e9corations de la Tour de Bel\u00e9m \u00e0 Lisbonne\" src=\"https:\/\/lisbontouristinformation.com\/fr\/wp-content\/uploads\/2022\/06\/Decorations-of-Belem-Tower-in-Lisbon.jpg\" data-width=\"702\" data-height=\"527\" style=\"aspect-ratio: auto 1000 \/ 750;\" loading=\"lazy\"><\/span><\/p>\n<h3 style=\"\">2. D\u00e9corations<\/h3>\n<p>Un examen plus attentif de l&rsquo;ext\u00e9rieur r\u00e9v\u00e8le une richesse de <b>d\u00e9corations<\/b>, de&nbsp;<b>sculptures<\/b>, de&nbsp;<b>gargouilles, de piliers, d&rsquo;arcs et de coupoles<\/b>.<\/p>\n<p>Les nombreux motifs de pierre <b> <\/b>qui ornent la fa\u00e7ade sont particuli\u00e8rement remarquables et montrent <b>des symboles religieux, des animaux exotiques ou des r\u00e9f\u00e9rences <\/b><b>aux d\u00e9couvertes<\/b> du Portugal. On y trouve Saint Vincent, le Saint Patron de Lisbonne, les armoiries royales, les cordes torsad\u00e9es et les n\u0153uds ainsi que la croix de l&rsquo;Ordre du Christ.<\/p>\n<p>Ne manquez pas la figure en <b>forme de rhinoc\u00e9ros<\/b> sur la fa\u00e7ade ouest. Ce qui le rend int\u00e9ressant, c&rsquo;est que c&rsquo;est la premi\u00e8re fois que cet animal est utilis\u00e9 dans l&rsquo;art d&rsquo;Europe occidentale.<\/p>\n<p><b>\u2192 Si vous souhaitez explorer davantage l&rsquo;art europ\u00e9en, de l&rsquo;autre c\u00f4t\u00e9 de la rue se trouve le centre culturel de Bel\u00e9m&nbsp; <\/b><span style=\"font-weight: 800;\">qui contient l&rsquo;un des <\/span><a href=\"https:\/\/lisbontouristinformation.com\/fr\/choses-a-faire-a-lisbonne\/meilleurs-musees-a-lisbonne\/\" style=\"outline: none;\"><span style=\"font-weight: 800;\">meilleurs mus\u00e9es de Lisbonne<\/span><\/a><span style=\"font-weight: 800;\">.&nbsp;<\/span><\/p>\n<p><span><img decoding=\"async\" alt=\"\u00c0 l'int\u00e9rieur de la tour de Bel\u00e9m \u00e0 Lisbonne\" data-id=\"6480\" width=\"702\" data-init-width=\"1000\" height=\"468\" data-init-height=\"667\" title=\"\u00c0 l'int\u00e9rieur de la tour de Bel\u00e9m \u00e0 Lisbonne\" src=\"https:\/\/lisbontouristinformation.com\/fr\/wp-content\/uploads\/2022\/06\/Inside-Tower-of-Belem-in-Lisbon-1.jpg\" data-width=\"702\" data-height=\"468\" style=\"aspect-ratio: auto 1000 \/ 667;\" loading=\"lazy\"><\/span><\/p>\n<h3 style=\"\">3. \u00c0 l&rsquo;int\u00e9rieur de la tour de Bel\u00e9m<\/h3>\n<p>Il est possible d&rsquo;entrer dans la Tour de Bel\u00e9m et de regarder de pr\u00e8s de l&rsquo;int\u00e9rieur. Il y a quatre \u00e9tages au total, qui sont reli\u00e9s par un escalier en colima\u00e7on plut\u00f4t \u00e9troit.<\/p>\n<p>En entrant, vous verrez d&rsquo;abord les salles d&rsquo;artillerie avec <b>16 ouvertures pour les canons<\/b> qui servaient \u00e0 la d\u00e9fense. Vous pourrez m\u00eame d\u00e9couvrir des <b>foss\u00e9s<\/b> datant de l&rsquo;\u00e9poque o\u00f9 la tour servait de cachot aux prisonniers politiques.<\/p>\n<p>En visitant ce joyau architectural, vous pourrez d\u00e9couvrir la <b>Salle du Gouverneur<\/b>&nbsp;avec une citerne vo\u00fbt\u00e9e<b>, la Salle des Rois<\/b> avec une excellente acoustique et une loggia <b> <\/b>surplombant le fleuve<b>, la Salle d&rsquo;Audience<\/b> et la <b>Chapelle<\/b> avec ses vo\u00fbtes typiques du XVIe si\u00e8cle.<\/p>\n<p><span><img decoding=\"async\" alt=\"La terrasse de la tour de Bel\u00e9m \u00e0 Lisbonne\" data-id=\"6481\" width=\"702\" data-init-width=\"1000\" height=\"395\" data-init-height=\"563\" title=\"La terrasse de la tour de Bel\u00e9m \u00e0 Lisbonne\" src=\"https:\/\/lisbontouristinformation.com\/fr\/wp-content\/uploads\/2022\/06\/The-Belem-Tower-Terrace-in-Lisbon.jpg\" data-width=\"702\" data-height=\"395\" style=\"aspect-ratio: auto 1000 \/ 563;\" loading=\"lazy\"><\/span><\/p>\n<h3 style=\"\">4. La terrasse de la tour<\/h3>\n<p>Assurez-vous de monter au sommet de la tour de Bel\u00e9m. Un escalier en colima\u00e7on vous m\u00e8nera jusqu&rsquo;\u00e0 une terrasse sur le toit. L\u00e0, vous serez r\u00e9compens\u00e9 par une <b>vue panoramique<\/b> \u00e0 couper le souffle sur le bord de la rivi\u00e8re et les environs.&nbsp;<\/p>\n<p><span><img decoding=\"async\" alt=\"Attractions \u00e0 proximit\u00e9 de Tour de Bel\u00e9m \u00e0 Lisbonne\" data-id=\"6482\" width=\"702\" data-init-width=\"1000\" height=\"468\" data-init-height=\"667\" title=\"Attractions \u00e0 proximit\u00e9 de Tour de Bel\u00e9m \u00e0 Lisbonne\" src=\"https:\/\/lisbontouristinformation.com\/fr\/wp-content\/uploads\/2022\/06\/Attractions-nearby-to-Belem-Tower-in-Lisbon.jpg\" data-width=\"702\" data-height=\"468\" style=\"aspect-ratio: auto 1000 \/ 667;\" loading=\"lazy\"><\/span><\/p>\n<h3 style=\"\">5. Attractions \u00e0 proximit\u00e9<\/h3>\n<p>Lorsque vous visitez la Tour de Bel\u00e9m, vous devez \u00e9galement prendre le temps d&rsquo;explorer le <b>quartier de Bel\u00e9m,<\/b>&nbsp;l&rsquo;un des quartiers les plus historiques de Lisbonne<strong>&nbsp;<\/strong>Il regorge d&rsquo;architecture s\u00e9culaire, de <strong> <\/strong>mus\u00e9es renomm\u00e9s et de certaines des meilleures p\u00e2tisseries du pays. <strong> <\/strong>Pour une visite du quartier historique, nous vous recommandons la visite <a href=\"https:\/\/web.yourmobileguide.com\/tabs\/tour-page\/534\" target=\"_blank\" style=\"outline: none;\" rel=\"noopener\"><b>audioguid\u00e9e Bel\u00e9m de YourMobileGuide<\/b>.&nbsp;<\/a>Trouvez plus d&rsquo;informations ci-dessous.<\/p>\n<p>D&rsquo;autres lieux qui m\u00e9ritent une visite sont le <a href=\"https:\/\/lisbontouristinformation.com\/fr\/choses-a-faire-a-lisbonne\/monastere-des-hieronymites\/\" style=\"outline: none;\"><b>monast\u00e8re des Jer\u00f3nimos<\/b><\/a><strong> <\/strong>&nbsp;de style manu\u00e9lin, un site du patrimoine mondial de l&rsquo;UNESCO, avec le tombeau de Vasco de Gama et le <b>magnifique Monument des D\u00e9couvertes. <\/b>Ce monument c\u00e9l\u00e9brant les marins et explorateurs portugais repr\u00e9sente 33 personnages importants de la fin du Moyen \u00c2ge portugais, dont des explorateurs, des rois et des artistes. Vous pouvez m\u00eame p\u00e9n\u00e9trer \u00e0 l&rsquo;int\u00e9rieur du b\u00e2timent, qui abrite un auditorium et une salle d&rsquo;exposition, et monter jusqu&rsquo;\u00e0 la terrasse d&rsquo;observation, offrant une vue sur les environs et la tour de Bel\u00e9m.<strong> <\/strong><strong> <\/strong><\/p>\n<p><b>\u2192 <strong>La Tour de Bel\u00e9m partage le&nbsp;<\/strong><\/b><strong> quartier avec de nombreux <\/strong><a href=\"https:\/\/lisbontouristinformation.com\/fr\/hotels-a-lisbonne\/5-etoiles-a-lisbonne\/\" style=\"outline: none;\"><strong>h\u00f4tels cinq \u00e9toiles de Lisbonne<\/strong><\/a><strong>&nbsp;et se trouve \u00e0 une courte distance de certains des&nbsp;<\/strong><a href=\"https:\/\/lisbontouristinformation.com\/fr\/hotels-a-lisbonne\/lune-de-miel-a-lisbonne\/\" style=\"outline: none;\"><strong>h\u00f4tels les plus romantiques de la ville pour les lunes de miel<\/strong><\/a><strong> ou les escapades. Consultez les listes compl\u00e8tes avant de faire une r\u00e9servation.&nbsp;<\/strong><\/p>\n<\/p>\n<h2 id=\"t-1650267511487\" data-alt-text=\"Entrance, Tickets, and Tours\" style=\"\">Entr\u00e9e, billets et visites de la tour de Bel\u00e9m<\/h2>\n<ul>\n<li><strong>Entr\u00e9e :<\/strong> La Tour de Bel\u00e9m est ouverte tous les jours, sauf le lundi. D&rsquo;octobre \u00e0 mars, il est ouvert de 10h \u00e0 17h30. D&rsquo;avril \u00e0 septembre, la tour est ouverte de 10h \u00e0 18h30. La Tour de Bel\u00e9m est ferm\u00e9e le 1er janvier, le dimanche de P\u00e2ques, le 1er mai, le 13 juin, les 24 et 25 d\u00e9cembre.<\/li>\n<li><strong>Billets :&nbsp;<\/strong><a data-lt-tmp-id=\"lt-671253\" href=\"https:\/\/belem-tower-tickets.com\/\" spellcheck=\"false\" target=\"_blank\" style=\"outline: none;\" rel=\"noopener\">Vous trouverez ici une s\u00e9lection des<strong>&nbsp;billets les plus populaires pour la Tour de Bel\u00e9m.<\/strong><\/a><a href=\"https:\/\/bilheteira.patrimoniocultural.pt\/pos\/event\/list\" style=\"outline: none;\" target=\"_blank\" rel=\"noopener\"><\/a><strong><\/strong><\/li>\n<li><strong>Tours :&nbsp;<\/strong> Les visiteurs qui veulent plonger plus profond\u00e9ment dans la riche histoire de ce quartier appr\u00e9cieront la <a href=\"https:\/\/web.yourmobileguide.com\/tabs\/tour-page\/534\" target=\"_blank\" style=\"outline: none;\" rel=\"noopener\"><b>visite autoguid\u00e9e de Bel\u00e9m<\/b>.&nbsp;<\/a>Avec l&rsquo;application de guide audio de YourMobileGuide, qui vous emm\u00e8ne aux attractions incontournables de Bel\u00e9m, vous pouvez explorer le quartier par vous-m\u00eame tout en b\u00e9n\u00e9ficiant de conseils d&rsquo;experts et d&rsquo;informations compl\u00e8tes.<\/li>\n<li style=\"\"><strong>Conseil du voyageur :<\/strong> L&rsquo;entr\u00e9e est gratuite pour les enfants de 12 ans et moins, titulaires de la Lisboa Card, citoyens de l&rsquo;UE sans emploi (preuve requise), le 18 avril et tous les dimanches pendant les Journ\u00e9es europ\u00e9ennes du patrimoine.<\/li>\n<\/ul>\n<h2 id=\"t-1650267511488\" style=\"\">Comment se rendre \u00e0 la Tour de Bel\u00e9m ?<\/h2>\n<p style=\"\">La Tour de Bel\u00e9m est situ\u00e9e sur le front de mer dans le quartier historique de Bel\u00e9m.<\/p>\n<p><b>Depuis Pra\u00e7a do Com\u00e9rcio :<\/b> Prendre le Tram 15E et parcourir 17 arr\u00eats jusqu&rsquo;\u00e0 \u00ab Lg. Gare de Princesa. De l\u00e0, il n&rsquo;y a que 6 minutes \u00e0 pied.<\/p>\n<p>Besoin d&rsquo;en savoir plus sur les d\u00e9placements en ville ? Consultez le <a href=\"https:\/\/lisbontouristinformation.com\/fr\/arrivee\/transports-en-commun-a-lisbonne\/\" style=\"outline: none;\">guide complet des transports en commun<\/a> et des billets de Lisbonne.&nbsp;<\/p>\n<h2 id=\"t-1650267511489\" style=\"\">FAQ sur la Tour de Bel\u00e9m<\/h2>\n<p><span><img decoding=\"async\" alt=\"Histoire et faits sur la tour de Bel\u00e9m \u00e0 Lisbonne\" data-id=\"6484\" width=\"702\" data-init-width=\"1000\" height=\"468\" data-init-height=\"667\" title=\"Histoire et faits sur la tour de Bel\u00e9m \u00e0 Lisbonne\" src=\"https:\/\/lisbontouristinformation.com\/fr\/wp-content\/uploads\/2022\/06\/History-Facts-about-Tower-of-Belem-in-Lisbon-1.jpg\" data-width=\"702\" data-height=\"468\" style=\"aspect-ratio: auto 1000 \/ 667;\" loading=\"lazy\"><\/span><\/p>\n<h2 id=\"t-1650267511490\" style=\"\">Histoire et faits sur la tour de Bel\u00e9m<\/h2>\n<p>La tour de Bel\u00e9m, apr\u00e8s la tour de Saint-Vincent, a \u00e9t\u00e9 construite sous le roi Manuel Ier pour prot\u00e9ger la ville contre les attaques des ennemis. \u00c0 l&rsquo;origine, le roi Jean II avait eu l&rsquo;id\u00e9e de placer un navire comme poste d\u00e9fensif \u00e0 l&rsquo;entr\u00e9e du Tage, mais son successeur, le roi Manuel, a continu\u00e9 le projet de construire la tour de Bel\u00e9m \u00e0 la place.&nbsp;<\/p>\n<p>Alors qu&rsquo;aujourd&rsquo;hui la tour se trouve du c\u00f4t\u00e9 nord du Tage, elle a \u00e9t\u00e9 construite \u00e0 l&rsquo;origine sur une petite \u00eele. Cependant, apr\u00e8s le violent tremblement de terre de 1755, l&rsquo;\u00eele s&rsquo;est d\u00e9plac\u00e9e en raison du changement du d\u00e9bit de la rivi\u00e8re. Au fil des si\u00e8cles, l&#8217;emplacement de la tour de Bel\u00e9m s&rsquo;est d\u00e9plac\u00e9 vers la rive et l&rsquo;\u00eele a disparu.<\/p>\n<p>La tour de Bel\u00e9m n&rsquo;\u00e9tait pas seulement une forteresse militaire, mais a \u00e9galement servi \u00e0 de nombreuses autres fins au cours de ses 500 ans d&rsquo;histoire. C&rsquo;\u00e9tait le point de d\u00e9part des marins vers des mondes inconnus, dont le navigateur portugais Vasco da Gama. Apr\u00e8s l&rsquo;occupation espagnole en 1580, la tour servit de cachot aux prisonniers politiques, qui \u00e9taient gard\u00e9s dans l&rsquo;ancien d\u00e9p\u00f4t de munitions toujours inond\u00e9 par le fleuve. Plus tard, il sert de phare et de poste de douane.<\/p>\n<p>La Tour de Bel\u00e9m a \u00e9t\u00e9 class\u00e9e au patrimoine mondial de l&rsquo;UNESCO en 1983. Depuis 2007, elle est class\u00e9e parmi les Sept Merveilles du Portugal. Aujourd&rsquo;hui, c&rsquo;est l&rsquo;une des attractions les plus visit\u00e9es de Lisbonne.<\/p>\n<h2 id=\"t-1650267511491\" style=\"\">Meilleur audioguide pour visiter Bel\u00e9m<\/h2>\n<p style=\"\">Les audioguides sont un excellent moyen d&rsquo;explorer les points forts de la ville \u00e0 votre rythme !&nbsp;De cette fa\u00e7on, vous pouvez d\u00e9couvrir la ville \u00e0 peu de frais, simplement en utilisant votre t\u00e9l\u00e9phone portable. <b>YourMobileGuide est la meilleure application AudioGuide pour les voyageurs<\/b> .&nbsp;T\u00e9l\u00e9chargez simplement l&rsquo;application, qui propose des visites autoguid\u00e9es r\u00e9dig\u00e9es par des experts locaux, un plan de la ville gratuit et des r\u00e9ductions exclusives.<\/p>\n<p style=\"\">Si vous souhaitez visiter Bel\u00e9m et sa c\u00e9l\u00e8bre tourn\u00e9e, le <a href=\"https:\/\/web.yourmobileguide.com\/tabs\/tour-page\/534\" target=\"_blank\" style=\"outline: none;\" rel=\"noopener\"><b>Tour de Bel\u00e9m<\/b><\/a> de YourMobileGuide est votre choix parfait. Plongez dans le riche pass\u00e9 de ce quartier et d\u00e9couvrez ses sites les plus importants plus tout en \u00e9coutant des faits et des histoires fascinantes.<\/p>\n<h2 id=\"t-1650267511492\" style=\"\">Contact &amp; Carte<\/h2>\n<ul>\n<li><strong>Adresse :&nbsp;<\/strong> Torre de Bel\u00e9m, Av. Brasilia, 1400-038 Lisbonne, Portugal<strong> <\/strong><\/li>\n<li><strong>Horaires d&rsquo;ouverture :<\/strong> Octobre \u00e0 mars : De 10h \u00e0 17h30 ; Avril \u00e0 Septembre : De 10h \u00e0 18h30<\/li>\n<li><strong>Transports en commun :<\/strong> Tram 15E, Lg. Arr\u00eat Princesa<strong>&nbsp;<\/strong><\/li>\n<li style=\"\"><strong>Site officiel : <\/strong><a data-lt-tmp-id=\"lt-588739\" href=\"http:\/\/www.patrimoniocultural.gov.pt\/en\/museus-e-monumentos\/dgpc\/m\/torre-de-belem\/\" spellcheck=\"false\" style=\"outline: none;\" target=\"_blank\" rel=\"noopener\">Patrimoniocultural.gov.pt\/TorreDeBelem\/<\/a><\/li>\n<\/ul>\n<h2 id=\"t-1654171655544\" style=\"\">Lisbonne Visites et billets<\/h2>\n<p>D\u00e9couvrez Lisbonne aujourd&rsquo;hui avec les visites et les billets les plus populaires sans faire la queue.<\/p>\n<h3 style=\"\">Articles li\u00e9s&nbsp;:<\/h3>\n<p><a href=\"https:\/\/lisbontouristinformation.com\/fr\/choses-a-faire-a-lisbonne\/meilleurs-musees-a-lisbonne\/\" dynamic-postlink=\"tcb_post_the_permalink\" data-shortcode-id=\"586\"><\/a><\/p>\n<h3 style=\"text-align: center; padding-top: 0px !important; margin-top: 0px !important;\"><span data-attr-link=\"1\" data-attr-rel=\"0\" data-attr-target=\"0\" data-extra_key=\"\" data-option-inline=\"1\" data-shortcode=\"tcb_post_title\" data-shortcode-name=\"Post title\" data-attr-css=\"\" data-attr-static-link=\"{&quot;className&quot;:&quot;&quot;,&quot;href&quot;:&quot;https:\/\/lisbontouristinformation.com\/fr\/choses-a-faire-a-lisbonne\/meilleurs-musees-a-lisbonne\/&quot;,&quot;title&quot;:&quot;10 Meilleurs Mus\u00e9es \u00e0 Lisbonne&quot;,&quot;class&quot;:&quot;&quot;}\" style=\"\"><a href=\"https:\/\/lisbontouristinformation.com\/fr\/choses-a-faire-a-lisbonne\/meilleurs-musees-a-lisbonne\/\" title=\"10 Meilleurs Mus\u00e9es \u00e0 Lisbonne\" data-css=\"\">10 Meilleurs Mus\u00e9es \u00e0 Lisbonne<\/a><\/span><\/h3>\n<p><a href=\"https:\/\/lisbontouristinformation.com\/fr\/choses-a-faire-a-lisbonne\/meilleurs-musees-a-lisbonne\/\" style=\"\"><span style=\"\"><span style=\"\">Lire la suite<\/span><\/span><\/a><a href=\"https:\/\/lisbontouristinformation.com\/fr\/choses-a-faire-a-lisbonne\/choses-a-faire-avec-vos-enfants-a-lisbonne\/\" dynamic-postlink=\"tcb_post_the_permalink\" data-shortcode-id=\"586\"><\/a><\/p>\n<h3 style=\"text-align: center; padding-top: 0px !important; margin-top: 0px !important;\"><span data-attr-link=\"1\" data-attr-rel=\"0\" data-attr-target=\"0\" data-extra_key=\"\" data-option-inline=\"1\" data-shortcode=\"tcb_post_title\" data-shortcode-name=\"Post title\" data-attr-css=\"\" data-attr-static-link=\"{&quot;className&quot;:&quot;&quot;,&quot;href&quot;:&quot;https:\/\/lisbontouristinformation.com\/fr\/choses-a-faire-a-lisbonne\/meilleurs-musees-a-lisbonne\/&quot;,&quot;title&quot;:&quot;10 Meilleurs Mus\u00e9es \u00e0 Lisbonne&quot;,&quot;class&quot;:&quot;&quot;}\" style=\"\"><a href=\"https:\/\/lisbontouristinformation.com\/fr\/choses-a-faire-a-lisbonne\/choses-a-faire-avec-vos-enfants-a-lisbonne\/\" title=\"15 Choses \u00e0 Faire avec vos enfants \u00e0 Lisbonne\" data-css=\"\">15 Choses \u00e0 Faire avec vos enfants \u00e0 Lisbonne<\/a><\/span><\/h3>\n<p><a href=\"https:\/\/lisbontouristinformation.com\/fr\/choses-a-faire-a-lisbonne\/choses-a-faire-avec-vos-enfants-a-lisbonne\/\" style=\"\"><span style=\"\"><span style=\"\">Lire la suite<\/span><\/span><\/a><a href=\"https:\/\/lisbontouristinformation.com\/fr\/choses-a-faire-a-lisbonne\/\" dynamic-postlink=\"tcb_post_the_permalink\" data-shortcode-id=\"586\"><\/a><\/p>\n<h3 style=\"text-align: center; padding-top: 0px !important; margin-top: 0px !important;\"><span data-attr-link=\"1\" data-attr-rel=\"0\" data-attr-target=\"0\" data-extra_key=\"\" data-option-inline=\"1\" data-shortcode=\"tcb_post_title\" data-shortcode-name=\"Post title\" data-attr-css=\"\" data-attr-static-link=\"{&quot;className&quot;:&quot;&quot;,&quot;href&quot;:&quot;https:\/\/lisbontouristinformation.com\/fr\/choses-a-faire-a-lisbonne\/meilleurs-musees-a-lisbonne\/&quot;,&quot;title&quot;:&quot;10 Meilleurs Mus\u00e9es \u00e0 Lisbonne&quot;,&quot;class&quot;:&quot;&quot;}\" style=\"\"><a href=\"https:\/\/lisbontouristinformation.com\/fr\/choses-a-faire-a-lisbonne\/\" title=\"50 Choses \u00e0 Faire \u00e0 Lisbonne\" data-css=\"\">50 Choses \u00e0 Faire \u00e0 Lisbonne<\/a><\/span><\/h3>\n<p><a href=\"https:\/\/lisbontouristinformation.com\/fr\/choses-a-faire-a-lisbonne\/\" style=\"\"><span style=\"\"><span style=\"\">Lire la suite<\/span><\/span><\/a><a href=\"https:\/\/lisbontouristinformation.com\/fr\/choses-a-faire-a-lisbonne\/monastere-des-hieronymites\/\" dynamic-postlink=\"tcb_post_the_permalink\" data-shortcode-id=\"586\"><\/a><\/p>\n<h3 style=\"text-align: center; padding-top: 0px !important; margin-top: 0px !important;\"><span data-attr-link=\"1\" data-attr-rel=\"0\" data-attr-target=\"0\" data-extra_key=\"\" data-option-inline=\"1\" data-shortcode=\"tcb_post_title\" data-shortcode-name=\"Post title\" data-attr-css=\"\" data-attr-static-link=\"{&quot;className&quot;:&quot;&quot;,&quot;href&quot;:&quot;https:\/\/lisbontouristinformation.com\/fr\/choses-a-faire-a-lisbonne\/meilleurs-musees-a-lisbonne\/&quot;,&quot;title&quot;:&quot;10 Meilleurs Mus\u00e9es \u00e0 Lisbonne&quot;,&quot;class&quot;:&quot;&quot;}\" style=\"\"><a href=\"https:\/\/lisbontouristinformation.com\/fr\/choses-a-faire-a-lisbonne\/monastere-des-hieronymites\/\" title=\"Guide du Monast\u00e8re des Hi\u00e9ronymites : Billets, Conseils et Histoire\" data-css=\"\">Guide du Monast\u00e8re des Hi\u00e9ronymites : Billets, Conseils et Histoire<\/a><\/span><\/h3>\n<p><a href=\"https:\/\/lisbontouristinformation.com\/fr\/choses-a-faire-a-lisbonne\/monastere-des-hieronymites\/\" style=\"\"><span style=\"\"><span style=\"\">Lire la suite<\/span><\/span><\/a><\/p>\n","protected":false},"excerpt":{"rendered":"<p>La tour de Bel\u00e9m, construite pour d\u00e9fendre la ville, n&rsquo;est pas seulement l&rsquo;une des 10 principales attractions de Lisbonne, mais aussi le monument historique le plus c\u00e9l\u00e8bre du Portugal. Perch\u00e9e sur les rives du Tage, la forteresse m\u00e9di\u00e9vale du XVIe si\u00e8cle est un symbole durable du puissant empire maritime du Portugal. Avec son histoire et [&hellip;]<\/p>\n","protected":false},"author":18,"featured_media":5835,"parent":67,"menu_order":0,"comment_status":"closed","ping_status":"closed","template":"","meta":{"footnotes":""},"tags":[89,19],"class_list":["post-5429","page","type-page","status-publish","has-post-thumbnail","hentry","tag-monument","tag-sights","post-wrapper","thrv_wrapper"],"_links":{"self":[{"href":"https:\/\/lisbontouristinformation.com\/fr\/wp-json\/wp\/v2\/pages\/5429","targetHints":{"allow":["GET"]}}],"collection":[{"href":"https:\/\/lisbontouristinformation.com\/fr\/wp-json\/wp\/v2\/pages"}],"about":[{"href":"https:\/\/lisbontouristinformation.com\/fr\/wp-json\/wp\/v2\/types\/page"}],"author":[{"embeddable":true,"href":"https:\/\/lisbontouristinformation.com\/fr\/wp-json\/wp\/v2\/users\/18"}],"replies":[{"embeddable":true,"href":"https:\/\/lisbontouristinformation.com\/fr\/wp-json\/wp\/v2\/comments?post=5429"}],"version-history":[{"count":0,"href":"https:\/\/lisbontouristinformation.com\/fr\/wp-json\/wp\/v2\/pages\/5429\/revisions"}],"up":[{"embeddable":true,"href":"https:\/\/lisbontouristinformation.com\/fr\/wp-json\/wp\/v2\/pages\/67"}],"wp:featuredmedia":[{"embeddable":true,"href":"https:\/\/lisbontouristinformation.com\/fr\/wp-json\/wp\/v2\/media\/5835"}],"wp:attachment":[{"href":"https:\/\/lisbontouristinformation.com\/fr\/wp-json\/wp\/v2\/media?parent=5429"}],"wp:term":[{"taxonomy":"post_tag","embeddable":true,"href":"https:\/\/lisbontouristinformation.com\/fr\/wp-json\/wp\/v2\/tags?post=5429"}],"curies":[{"name":"wp","href":"https:\/\/api.w.org\/{rel}","templated":true}]}}