{"id":5263,"date":"2022-01-26T14:42:27","date_gmt":"2022-01-26T14:42:27","guid":{"rendered":"https:\/\/lisbontouristinformation.com\/fr\/?page_id=5263"},"modified":"2024-03-18T15:04:13","modified_gmt":"2024-03-18T15:04:13","slug":"audio-guides-pour-visiter-lisbonne","status":"publish","type":"page","link":"https:\/\/lisbontouristinformation.com\/fr\/audio-guides-pour-visiter-lisbonne\/","title":{"rendered":"4 Meilleurs Audio Guides pour visiter Lisbonne"},"content":{"rendered":"<h3 style=\"\">Voici notre liste des meilleurs audioguides pour Lisbonne, y compris de brefs r\u00e9sum\u00e9s.<\/h3>\n<p style=\"\">Envie de d\u00e9couvrir la capitale sur l&rsquo;Atlantique en toute autonomie tout en profitant d&rsquo;une visite guid\u00e9e professionnelle ?&nbsp;Alors vous appr\u00e9cierez certainement nos visites audioguid\u00e9es !&nbsp;<\/p>\n<p style=\"\">L&rsquo;application YourMobileGuide vous permet de parcourir les villes \u00e0 pied, \u00e0 v\u00e9lo, en voiture ou en transports en commun. Avec nous, vous aurez toujours un personnel d&rsquo;audioguide sur votre smartphone !<\/p>\n<p style=\"\">D&rsquo;autres fonctionnalit\u00e9s int\u00e9ressantes incluent des billets \u00e0 prix r\u00e9duit et des guides de la ville gratuits. Notre application est compl\u00e8te avec une fonction GPS mains libres et des filtres pour les principaux sites touristiques, les lieux romantiques, les restaurants et les bars, les choses \u00e0 faire par temps de pluie, les attractions pour enfants et bien d&rsquo;autres points forts de la ville.&nbsp;<\/p>\n<h2 id=\"t-1643202432881\" style=\"\">Qu&rsquo;est-ce que YourMobileGuide ?<\/h2>\n<p style=\"\">YourMobileGuide vous permet de d\u00e9couvrir Lisbonne \u00e0 votre rythme avec un guide local sur votre t\u00e9l\u00e9phone, toujours disponible !<\/p>\n<p style=\"\">T\u00e9l\u00e9chargez gratuitement notre application GRATUITE de guide de la ville et d\u00e9couvrez les secrets de Lisbonne fournis par des guides locaux.&nbsp;<\/p>\n<ul>\n<li><strong>+95 Cityguides disponibles<\/strong><\/li>\n<li><strong>+50 Top des villes<\/strong><\/li>\n<li><strong>+350 guides locaux \u00e0 votre service<\/strong><\/li>\n<\/ul>\n<p><span><img decoding=\"async\" alt=\"Logo de votre guide mobile\" data-id=\"6887\" width=\"702\" data-init-width=\"1000\" height=\"319\" data-init-height=\"454\" title=\"Logo de votre guide mobile\" src=\"https:\/\/lisbontouristinformation.com\/fr\/wp-content\/uploads\/2022\/06\/Your-Mobile-Guide-Logo.jpg\" data-width=\"702\" data-height=\"319\" style=\"aspect-ratio: auto 1000 \/ 454;\" loading=\"lazy\"><\/span><\/p>\n<h2 id=\"t-1651150701681\" style=\"\">Comment fonctionnent les audioguides YourMobileGuide ?<\/h2>\n<p style=\"\">En tant que LisbonTouristInformation, notre mission est de montrer aux touristes \u00e0 quel point la capitale portugaise est remarquable. Par cons\u00e9quent, nous recherchons toujours les meilleurs moyens de transmettre la richesse de notre ville de mani\u00e8re authentique mais progressive.<\/p>\n<p style=\"\">C&rsquo;est ainsi que nous sommes tomb\u00e9s sur le syst\u00e8me Audio Guide de YourMobileGuide. L&rsquo;application Audio Guide, qui permet aux voyageurs d&rsquo;utiliser leur smartphone pour d\u00e9couvrir la ville \u00e0 v\u00e9lo, en voiture, \u00e0 pied, en bateau ou en transports en commun, nous a \u00e9merveill\u00e9s comme une application innovante et conviviale&nbsp;!<\/p>\n<p style=\"\">Pour am\u00e9liorer votre exp\u00e9rience \u00e0 Lisbonne, nous avons cr\u00e9\u00e9 des audioguides originaux sur diff\u00e9rents sujets, notamment les quartiers, la gastronomie, les mus\u00e9es, l&rsquo;histoire, l&rsquo;architecture et bien plus encore, afin que les visiteurs de notre ville puissent plonger directement. Notre objectif est de fournir des conseils d&rsquo;initiations et des offres sp\u00e9ciales. exp\u00e9riences organis\u00e9es par les habitants de Lisbonne.&nbsp;&nbsp;<\/p>\n<p style=\"\">L&rsquo;un des points forts de l&rsquo;application est le guide de la <a href=\"https:\/\/web.yourmobileguide.com\/tours\/portugal\/lisbonne\/freemap\/lisbon-free-city-guide\" target=\"_blank\" style=\"outline: none;\" rel=\"noopener\">ville gratuit avec GPS<\/a> , qui permet \u00e0 nos visiteurs de trouver des lieux sp\u00e9cifiques \u00e0 Lisbonne m\u00eame lorsqu&rsquo;ils sont hors ligne. Avec la possibilit\u00e9 de cr\u00e9er des filtres pour les cat\u00e9gories souhait\u00e9es, vous pouvez facilement d\u00e9couvrir la fantastique ville de Lisbonne \u00e0 votre guise.&nbsp;<\/p>\n<p><strong>D\u00e9couvrez nos meilleurs guides audio pour Lisbonne ci-dessous !<\/strong><\/p>\n<p><span><img decoding=\"async\" alt=\"Le meilleur du centre-ville de Lisbonne\" data-id=\"6888\" width=\"702\" data-init-width=\"1000\" height=\"468\" data-init-height=\"667\" title=\"Le meilleur du centre-ville de Lisbonne\" src=\"https:\/\/lisbontouristinformation.com\/fr\/wp-content\/uploads\/2022\/06\/The-Best-of-Lisbon-City-Center.jpg\" data-width=\"702\" data-height=\"468\" loading=\"lazy\" style=\"aspect-ratio: auto 1000 \/ 667;\"><\/span><\/p>\n<h2 id=\"t-1643202432883\" style=\"\">1. <strong>Le meilleur de Lisbonne : le centre-ville<\/strong><\/h2>\n<p style=\"\">Apprenez \u00e0 conna\u00eetre Lisbonne en commen\u00e7ant par le centre-ville. La visite audioguid\u00e9e Best of Lisbon emm\u00e8ne les visiteurs dans le quartier central de Baixa, c\u00e9l\u00e8bre pour ses grands boulevards pav\u00e9s r\u00e9serv\u00e9s aux pi\u00e9tons, ses monuments comm\u00e9moratifs et ses lieux prot\u00e9g\u00e9s d&rsquo;une architecture de style pombalin. La visite audio vous m\u00e8nera \u00e0 des sites populaires tels que la grande arche de la Rua Augusta, l&rsquo;ascenseur gothique de Santa Justa, les ruines impressionnantes du couvent des Carmo, la gare de Rossio et l&rsquo;Avenida de Liberdade pour finir au plus grand parc de la ville, Parc Eduardo VII. &nbsp;<\/p>\n<p><span><img decoding=\"async\" alt=\"Un avant-go\u00fbt d'Alfama\" data-id=\"6890\" width=\"702\" data-init-width=\"1000\" height=\"468\" data-init-height=\"667\" title=\"Un avant-go\u00fbt d'Alfama\" src=\"https:\/\/lisbontouristinformation.com\/fr\/wp-content\/uploads\/2022\/06\/A-Taste-of-Alfama.jpg\" data-width=\"702\" data-height=\"468\" style=\"aspect-ratio: auto 1000 \/ 667;\" loading=\"lazy\"><\/span><\/p>\n<h2 id=\"t-1643202432884\" style=\"\">2. <strong>Un avant-go\u00fbt d&rsquo;Alfama<\/strong><\/h2>\n<p style=\"\">Venez avec un app\u00e9tit \u00e0 la fois culturel et gastronomique, car l&rsquo;audioguide A Taste of Alfama vous conduit au c\u0153ur du quartier historique de Lisbonne, l&rsquo;Alfama aux allures de village. \u00c9tant le seul quartier de Lisbonne \u00e0 avoir surv\u00e9cu au tremblement de terre d\u00e9vastateur du XVIIIe si\u00e8cle, Alfama est riche en architecture, en art, en monuments historiques, en vie r\u00e9sidentielle locale et, bien s\u00fbr, en gastronomie. Au cours de cette visite, nous ne soulignons pas seulement les points forts du quartier, mais expliquons \u00e9galement les plats traditionnels app\u00e9tissants de la culture portugaise et les histoires qui les lient \u00e0 l&rsquo;histoire de la ville.<\/p>\n<p><span><img decoding=\"async\" alt=\"Une visite de Bel\u00e9m\" data-id=\"6892\" width=\"702\" data-init-width=\"1000\" height=\"467\" data-init-height=\"665\" title=\"Une visite de Bel\u00e9m\" src=\"https:\/\/lisbontouristinformation.com\/fr\/wp-content\/uploads\/2022\/06\/A-Tour-of-Belem.jpg\" data-width=\"702\" data-height=\"467\" loading=\"lazy\" style=\"aspect-ratio: auto 1000 \/ 665;\"><\/span><\/p>\n<h2 id=\"t-1643202432885\" style=\"\">3. <strong>Une visite de Bel\u00e9m<\/strong><\/h2>\n<p style=\"\">Plongez dans le caract\u00e8re unique du pass\u00e9 et du pr\u00e9sent de Lisbonne en vous lan\u00e7ant dans une visite audioguid\u00e9e de Belem, le quartier culturel au bord du fleuve. Au cours de cette visite, vous visiterez les principaux monuments, tels que le Monument aux D\u00e9couvertes et l&#8217;embl\u00e9matique Tour de Bel\u00e9m, ainsi que des plus grands mus\u00e9es et centres d&rsquo;art de Lisbonne. Et, bien s\u00fbr, un arr\u00eat \u00e0 la boulangerie la plus prise du pays, l&rsquo;original Pasteis de Nata.<\/p>\n<h2 id=\"t-1643202432886\" style=\"\">4. <strong>Une visite du kiosque de Lisbonne<\/strong><\/h2>\n<p style=\"\">Apprenez \u00e0 conna\u00eetre Lisbonne comme un local en sautant de kiosque en kiosque, les caf\u00e9s aux toits verts qui ont surgi un peu partout dans la ville. Notre visite audioguid\u00e9e des kiosques les plus populaires de Lisbonne vous guide le long d&rsquo;un itin\u00e9raire qui visite le centre-ville, les plus beaux parcs, les terrasses au bord de la rivi\u00e8re, les belv\u00e9d\u00e8res et les jardins historiques. D\u00e9couvrez l&rsquo;histoire derri\u00e8re les adorables caf\u00e9s et snacks et comment elle s&rsquo;est m\u00eal\u00e9e \u00e0 la vie de Lisboetas. Et n&rsquo;oubliez pas de casser et de manger une bouch\u00e9e ou deux !<\/p>\n<h2 id=\"t-1651150701682\" style=\"\"><strong>Comment t\u00e9l\u00e9charger gratuitement l&rsquo;application YourMobileGuide<\/strong><\/h2>\n<p style=\"\"><strong>\u00c9tape 1 :<\/strong> Tout d&rsquo;abord, t\u00e9l\u00e9chargez gratuitement l&rsquo;application YourMobileGuide sur<\/p>\n<ul>\n<li><a href=\"https:\/\/apps.apple.com\/de\/app\/your-mobile-guide\/id1557458035\" target=\"_blank\" style=\"outline: none;\" rel=\"noopener\">Syst\u00e8me iOS<\/a><\/li>\n<li><a href=\"https:\/\/play.google.com\/store\/apps\/details?id=com.yourmobileguide\" target=\"_blank\" style=\"outline: none;\" rel=\"noopener\">Syst\u00e8me Android &nbsp; &nbsp;<\/a>&nbsp;<\/li>\n<li><a href=\"https:\/\/web.yourmobileguide.com\/start-page\" target=\"_blank\" style=\"outline: none;\" rel=\"noopener\">Version Web<\/a><\/li>\n<\/ul>\n<p>L&rsquo;application vous donnera acc\u00e8s \u00e0 du contenu gratuit dont vous pourrez profiter, ainsi qu&rsquo;\u00e0 des guides audio de Paris ou d&rsquo;autres grandes villes.<\/p>\n<p><strong>\u00c9tape 2 :<\/strong> Ouvrez l&rsquo;acc\u00e8s \u00e0 la g\u00e9olocalisation et l&rsquo;application d\u00e9terminera o\u00f9 vous \u00eates et tous les meilleurs guides audio disponibles autour de vous.<\/p>\n<p><strong>\u00c9tape 3 :<\/strong> Achetez un guide audio original de votre choix pour seulement quelques euros et commencez \u00e0 l&rsquo;\u00e9couter et suivez la trajectoire ou utilisez le guide de la ville gratuitement.<\/p>\n<p><strong>\u00c9coutez \u00e0 la maison&nbsp;:<\/strong> si vous le souhaitez, vous pouvez \u00e9galement choisir l&rsquo;audioguide de votre choix depuis chez vous et \u00e9couter les secrets de Lisbonne depuis votre canap\u00e9&nbsp;!<\/p>\n<p><strong>En t\u00e9l\u00e9chargeant uniquement l&rsquo;application YourMobileGuide, vous obtiendrez un acc\u00e8s gratuit \u00e0&nbsp;:<\/strong><\/p>\n<ul>\n<li>Plans de la ville pour parcourir facilement la ville<\/li>\n<li>R\u00e9ductions sur les billets pour les meilleures attractions<\/li>\n<li>Guides \u00e9crits de +100 lieux, mus\u00e9es, parcs, curiosit\u00e9s\u2026<\/li>\n<\/ul>\n<h2 data-hide=\"true\" style=\"\">Articles Li\u00e9s<\/h2>\n<p><a href=\"https:\/\/lisbontouristinformation.com\/fr\/choses-a-faire-a-lisbonne\/choses-a-faire-avec-vos-enfants-a-lisbonne\/\" dynamic-postlink=\"tcb_post_the_permalink\" data-shortcode-id=\"67\"><\/a><\/p>\n<h3 style=\"text-align: center; padding-top: 0px !important; margin-top: 0px !important;\"><span data-attr-link=\"1\" data-attr-rel=\"0\" data-attr-target=\"0\" data-extra_key=\"\" data-option-inline=\"1\" data-shortcode=\"tcb_post_title\" data-shortcode-name=\"Post title\" data-attr-css=\"\" data-attr-static-link=\"{&quot;className&quot;:&quot;&quot;,&quot;href&quot;:&quot;https:\/\/lisbontouristinformation.com\/fr\/choses-a-faire-a-lisbonne\/choses-a-faire-avec-vos-enfants-a-lisbonne\/&quot;,&quot;title&quot;:&quot;15 Choses \u00e0 Faire avec vos enfants \u00e0 Lisbonne&quot;,&quot;class&quot;:&quot;&quot;}\" style=\"\"><a href=\"https:\/\/lisbontouristinformation.com\/fr\/choses-a-faire-a-lisbonne\/choses-a-faire-avec-vos-enfants-a-lisbonne\/\" title=\"15 Choses \u00e0 Faire avec vos enfants \u00e0 Lisbonne\" data-css=\"\">15 Choses \u00e0 Faire avec vos enfants \u00e0 Lisbonne<\/a><\/span><\/h3>\n<p><a href=\"https:\/\/lisbontouristinformation.com\/fr\/choses-a-faire-a-lisbonne\/choses-a-faire-avec-vos-enfants-a-lisbonne\/\" style=\"\"><span style=\"\"><span style=\"\">Lire la suite<\/span><\/span><\/a><a href=\"https:\/\/lisbontouristinformation.com\/fr\/choses-a-faire-a-lisbonne\/sous-la-pluie-a-lisbonne\/\" dynamic-postlink=\"tcb_post_the_permalink\" data-shortcode-id=\"67\"><\/a><\/p>\n<h3 style=\"text-align: center; padding-top: 0px !important; margin-top: 0px !important;\"><span data-attr-link=\"1\" data-attr-rel=\"0\" data-attr-target=\"0\" data-extra_key=\"\" data-option-inline=\"1\" data-shortcode=\"tcb_post_title\" data-shortcode-name=\"Post title\" data-attr-css=\"\" data-attr-static-link=\"{&quot;className&quot;:&quot;&quot;,&quot;href&quot;:&quot;https:\/\/lisbontouristinformation.com\/fr\/choses-a-faire-a-lisbonne\/choses-a-faire-avec-vos-enfants-a-lisbonne\/&quot;,&quot;title&quot;:&quot;15 Choses \u00e0 Faire avec vos enfants \u00e0 Lisbonne&quot;,&quot;class&quot;:&quot;&quot;}\" style=\"\"><a href=\"https:\/\/lisbontouristinformation.com\/fr\/choses-a-faire-a-lisbonne\/sous-la-pluie-a-lisbonne\/\" title=\"15 Choses \u00e0 Faire sous la Pluie \u00e0 Lisbonne\" data-css=\"\">15 Choses \u00e0 Faire sous la Pluie \u00e0 Lisbonne<\/a><\/span><\/h3>\n<p><a href=\"https:\/\/lisbontouristinformation.com\/fr\/choses-a-faire-a-lisbonne\/sous-la-pluie-a-lisbonne\/\" style=\"\"><span style=\"\"><span style=\"\">Lire la suite<\/span><\/span><\/a><a href=\"https:\/\/lisbontouristinformation.com\/fr\/choses-a-faire-a-lisbonne\/\" dynamic-postlink=\"tcb_post_the_permalink\" data-shortcode-id=\"67\"><\/a><\/p>\n<h3 style=\"text-align: center; padding-top: 0px !important; margin-top: 0px !important;\"><span data-attr-link=\"1\" data-attr-rel=\"0\" data-attr-target=\"0\" data-extra_key=\"\" data-option-inline=\"1\" data-shortcode=\"tcb_post_title\" data-shortcode-name=\"Post title\" data-attr-css=\"\" data-attr-static-link=\"{&quot;className&quot;:&quot;&quot;,&quot;href&quot;:&quot;https:\/\/lisbontouristinformation.com\/fr\/choses-a-faire-a-lisbonne\/choses-a-faire-avec-vos-enfants-a-lisbonne\/&quot;,&quot;title&quot;:&quot;15 Choses \u00e0 Faire avec vos enfants \u00e0 Lisbonne&quot;,&quot;class&quot;:&quot;&quot;}\" style=\"\"><a href=\"https:\/\/lisbontouristinformation.com\/fr\/choses-a-faire-a-lisbonne\/\" title=\"50 Choses \u00e0 Faire \u00e0 Lisbonne\" data-css=\"\">50 Choses \u00e0 Faire \u00e0 Lisbonne<\/a><\/span><\/h3>\n<p><a href=\"https:\/\/lisbontouristinformation.com\/fr\/choses-a-faire-a-lisbonne\/\" style=\"\"><span style=\"\"><span style=\"\">Lire la suite<\/span><\/span><\/a><\/p>\n","protected":false},"excerpt":{"rendered":"<p>Voici notre liste des meilleurs audioguides pour Lisbonne, y compris de brefs r\u00e9sum\u00e9s. Envie de d\u00e9couvrir la capitale sur l&rsquo;Atlantique en toute autonomie tout en profitant d&rsquo;une visite guid\u00e9e professionnelle ?&nbsp;Alors vous appr\u00e9cierez certainement nos visites audioguid\u00e9es !&nbsp; L&rsquo;application YourMobileGuide vous permet de parcourir les villes \u00e0 pied, \u00e0 v\u00e9lo, en voiture ou en transports [&hellip;]<\/p>\n","protected":false},"author":18,"featured_media":5626,"parent":0,"menu_order":0,"comment_status":"closed","ping_status":"closed","template":"","meta":{"footnotes":""},"tags":[84],"class_list":["post-5263","page","type-page","status-publish","has-post-thumbnail","hentry","tag-itinerary","post-wrapper","thrv_wrapper"],"_links":{"self":[{"href":"https:\/\/lisbontouristinformation.com\/fr\/wp-json\/wp\/v2\/pages\/5263","targetHints":{"allow":["GET"]}}],"collection":[{"href":"https:\/\/lisbontouristinformation.com\/fr\/wp-json\/wp\/v2\/pages"}],"about":[{"href":"https:\/\/lisbontouristinformation.com\/fr\/wp-json\/wp\/v2\/types\/page"}],"author":[{"embeddable":true,"href":"https:\/\/lisbontouristinformation.com\/fr\/wp-json\/wp\/v2\/users\/18"}],"replies":[{"embeddable":true,"href":"https:\/\/lisbontouristinformation.com\/fr\/wp-json\/wp\/v2\/comments?post=5263"}],"version-history":[{"count":0,"href":"https:\/\/lisbontouristinformation.com\/fr\/wp-json\/wp\/v2\/pages\/5263\/revisions"}],"wp:featuredmedia":[{"embeddable":true,"href":"https:\/\/lisbontouristinformation.com\/fr\/wp-json\/wp\/v2\/media\/5626"}],"wp:attachment":[{"href":"https:\/\/lisbontouristinformation.com\/fr\/wp-json\/wp\/v2\/media?parent=5263"}],"wp:term":[{"taxonomy":"post_tag","embeddable":true,"href":"https:\/\/lisbontouristinformation.com\/fr\/wp-json\/wp\/v2\/tags?post=5263"}],"curies":[{"name":"wp","href":"https:\/\/api.w.org\/{rel}","templated":true}]}}