{"id":4311,"date":"2021-12-04T19:08:19","date_gmt":"2021-12-04T18:08:19","guid":{"rendered":"https:\/\/lisbontouristinformation.com\/fr\/?page_id=4311"},"modified":"2026-04-03T14:10:56","modified_gmt":"2026-04-03T13:10:56","slug":"billetterie","status":"publish","type":"page","link":"https:\/\/lisbontouristinformation.com\/fr\/billetterie\/","title":{"rendered":"Billetterie pour les Principales Attractions de Lisbonne"},"content":{"rendered":"<h2 style=\"text-align: center;\">Les Meilleures Choses \u00e0 Faire \u00e0 Lisbonne<\/h2>\n<p style=\"text-align: center;\">Sites, attractions et mus\u00e9es<\/p>\n<p><span><a href=\"https:\/\/www.headout.com\/r\/most-amazing-placesrecommends-c53HA\/\" rel=\"nofollow noopener\" target=\"_blank\"><img decoding=\"async\" alt=\"Billets pour l'acc\u00e8s rapide au monast\u00e8re de Jeronimos\" data-id=\"6048\" width=\"345\" data-init-width=\"600\" height=\"345\" data-init-height=\"600\" title=\"Billets pour l'acc\u00e8s rapide au monast\u00e8re de Jeronimos\" src=\"https:\/\/lisbontouristinformation.com\/fr\/wp-content\/uploads\/2022\/06\/Tickets-for-Jeronimos-Monastery-Fast-Track.jpg\" data-width=\"345\" data-height=\"345\" data-link-wrap=\"true\" style=\"aspect-ratio: auto 600 \/ 600;\" loading=\"lazy\"><\/a><\/span><\/p>\n<h2>Billets d&rsquo;entr\u00e9e au Monast\u00e8re des Hi\u00e9ronymites<\/h2>\n<p style=\"text-align: center;\">PRIX 19,50 \u20ac<\/p>\n<p><span><a href=\"https:\/\/www.tiqets.com\/fr\/lisbon-attractions-c76528\/tickets-for-lisbon-card-p974847\/?partner=lisbonti&amp;tq_campaign=LisbonTicketShopFR\" rel=\"nofollow noopener\" target=\"_blank\"><img decoding=\"async\" alt=\"Carte de Lisbonne\" data-id=\"6049\" width=\"370\" data-init-width=\"600\" height=\"370\" data-init-height=\"600\" title=\"Carte de Lisbonne\" src=\"https:\/\/lisbontouristinformation.com\/fr\/wp-content\/uploads\/2022\/06\/Lisbon-Card.jpg\" data-width=\"370\" data-height=\"370\" data-link-wrap=\"true\" style=\"aspect-ratio: auto 600 \/ 600;\" loading=\"lazy\"><\/a><\/span><\/p>\n<h2>Billets pour Lisboa Card<\/h2>\n<p style=\"text-align: center;\">PRIX 31,00 \u20ac<\/p>\n<p><span><a href=\"https:\/\/www.headout.com\/r\/most-amazing-placesrecommends-c6QuN\/\" rel=\"nofollow noopener\" target=\"_blank\"><img decoding=\"async\" alt=\"Billets pour Bus \u00e0 arr\u00eats multiples Lisbonne\" data-id=\"6050\" width=\"345\" data-init-width=\"600\" height=\"345\" data-init-height=\"600\" title=\"Billets pour Bus \u00e0 arr\u00eats multiples Lisbonne\" src=\"https:\/\/lisbontouristinformation.com\/fr\/wp-content\/uploads\/2022\/06\/Tickets-for-Hop-on-Hop-off-Bus-Lisbon.jpg\" data-width=\"345\" data-height=\"345\" style=\"aspect-ratio: auto 600 \/ 600;\" data-link-wrap=\"true\" loading=\"lazy\"><\/a><\/span><\/p>\n<h2>Billets pour Bus \u00e0 arr\u00eats multiples Lisbonne<\/h2>\n<p style=\"text-align: center;\">PRIX 22,00 \u20ac<\/p>\n<p><span><a href=\"https:\/\/www.getyourguide.com\/lisbon-l42\/sintra-pena-palace-regaleira-estate-cabo-da-roca-and-cascais-t912649\/?partner_id=NO9XIDE&amp;utm_medium=online_publisher&amp;cmp=LisbonTicketShopFR\" rel=\"nofollow noopener\" target=\"_blank\"><img decoding=\"async\" alt=\"\" data-id=\"7670\" width=\"370\" data-init-width=\"600\" height=\"370\" data-init-height=\"600\" title=\"Sintra Pena Palace, Regaleira Estate, Cabo da Roca, and Cascais + GetYourGuide\" src=\"https:\/\/lisbontouristinformation.com\/fr\/wp-content\/uploads\/2025\/07\/Sintra-Pena-Palace-Regaleira-Estate-Cabo-da-Roca-and-Cascais-GetYourGuide.jpeg\" data-width=\"370\" data-height=\"370\" data-link-wrap=\"true\" style=\"aspect-ratio: auto 600 \/ 600;\" loading=\"lazy\"><\/a><\/span><\/p>\n<h2>\u200b<span data-v-4533c707=\"\">Sintra, Palais de Pena, Regaleira, Cabo da Roca et Cascais<\/span><\/h2>\n<p style=\"text-align: center;\">PRIX 65,00 \u20ac<\/p>\n<p><span><a href=\"https:\/\/www.headout.com\/r\/most-amazing-placesrecommends-c7dRU\/\" rel=\"nofollow noopener\" target=\"_blank\"><img decoding=\"async\" alt=\"Billets pour le parc et le palais de Pena \u00e0 Sintra\" data-id=\"6052\" width=\"345\" data-init-width=\"600\" height=\"345\" data-init-height=\"600\" title=\"Billets pour le parc et le palais de Pena \u00e0 Sintra\" src=\"https:\/\/lisbontouristinformation.com\/fr\/wp-content\/uploads\/2022\/06\/Tickets-for-Park-and-Pena-Palace-in-Sintra.jpg\" data-width=\"345\" data-height=\"345\" style=\"aspect-ratio: auto 600 \/ 600;\" data-link-wrap=\"true\" loading=\"lazy\"><\/a><\/span><\/p>\n<h2>\u200bBillets pour le Palais de Pena et son parc<\/h2>\n<p style=\"text-align: center;\">PRIX 15,00 \u20ac<\/p>\n<p><span><a href=\"https:\/\/gyg.me\/4mnF6JyD\" rel=\"nofollow noopener\" target=\"_blank\"><img decoding=\"async\" alt=\"Billets pour Oc\u00e9anarium de Lisbonne\" data-id=\"6053\" width=\"345\" data-init-width=\"600\" height=\"345\" data-init-height=\"600\" title=\"Billets pour Oc\u00e9anarium de Lisbonne\" src=\"https:\/\/lisbontouristinformation.com\/fr\/wp-content\/uploads\/2022\/06\/Tickets-for-Lisbon-Oceanarium.jpg\" data-width=\"345\" data-height=\"345\" style=\"aspect-ratio: auto 600 \/ 600;\" data-link-wrap=\"true\" loading=\"lazy\"><\/a><\/span><\/p>\n<h2>Billets pour Oc\u00e9anarium de Lisbonne (Ocean\u00e1rio de Lisboa)<\/h2>\n<p style=\"text-align: center;\">PRIX 25,00 \u20ac<\/p>\n<p><span><a href=\"https:\/\/www.tiqets.com\/fr\/lissabon-sehenswuerdigkeiten-c76528\/der-sintra-pass-p1013981\/?partner=most_amazing_places&amp;tq_campaign=LisbonTicketShop\" rel=\"nofollow noopener\" target=\"_blank\"><img decoding=\"async\" alt=\"Le pass Lisbonne-Sintra\" data-id=\"6054\" width=\"345\" data-init-width=\"600\" height=\"345\" data-init-height=\"600\" title=\"Le pass Lisbonne-Sintra\" src=\"https:\/\/lisbontouristinformation.com\/fr\/wp-content\/uploads\/2022\/06\/The-Lisbon-Sintra-Pass.jpg\" data-width=\"345\" data-height=\"345\" data-link-wrap=\"true\" style=\"aspect-ratio: auto 600 \/ 600;\" loading=\"lazy\"><\/a><\/span><\/p>\n<h2>Lisboa Card + Palais de Pena<\/h2>\n<p style=\"text-align: center;\">PRIX 58,00 \u20ac<\/p>\n<p><span><a href=\"https:\/\/gyg.me\/SVrTsBnF\" rel=\"nofollow noopener\" target=\"_blank\"><img decoding=\"async\" alt=\"Billets pour Monserrate Palace Skip The Line\" data-id=\"6055\" width=\"345\" data-init-width=\"600\" height=\"345\" data-init-height=\"600\" title=\"Billets pour Monserrate Palace Skip The Line\" src=\"https:\/\/lisbontouristinformation.com\/fr\/wp-content\/uploads\/2022\/06\/Tickets-for-Monserrate-Palace-Skip-The-Line.jpg\" data-width=\"345\" data-height=\"345\" data-link-wrap=\"true\" style=\"aspect-ratio: auto 600 \/ 600;\" loading=\"lazy\"><\/a><\/span><\/p>\n<h2>Billet pour le palais et le parc de Monserrate<\/h2>\n<p style=\"text-align: center;\">PRIX 12,00 \u20ac<\/p>\n<p><span><a href=\"https:\/\/gyg.me\/xl6oUY6c\" rel=\"nofollow noopener\" target=\"_blank\"><img decoding=\"async\" alt=\"Billets pour Ch\u00e2teau des Maures Skip The Line\" data-id=\"6056\" width=\"345\" data-init-width=\"600\" height=\"345\" data-init-height=\"600\" title=\"Billets pour Ch\u00e2teau des Maures Skip The Line\" src=\"https:\/\/lisbontouristinformation.com\/fr\/wp-content\/uploads\/2022\/06\/Tickets-for-Castle-of-the-Moors-Skip-The-Line.jpg\" data-width=\"345\" data-height=\"345\" style=\"aspect-ratio: auto 600 \/ 600;\" data-link-wrap=\"true\" loading=\"lazy\"><\/a><\/span><\/p>\n<h2>Billets pour Ch\u00e2teau des Maures : coupe-file<\/h2>\n<p style=\"text-align: center;\">PRIX 12,00 \u20ac<\/p>\n<p><span><a href=\"https:\/\/gyg.me\/705ukosZ\" rel=\"nofollow noopener\" target=\"_blank\"><img decoding=\"async\" alt=\"Billets pour Excursion de deux heures en voilier au coucher du soleil depuis Bel\u00e9m\" data-id=\"6058\" width=\"332\" data-init-width=\"600\" height=\"332\" data-init-height=\"600\" title=\"Billets pour Excursion de deux heures en voilier au coucher du soleil depuis Bel\u00e9m\" src=\"https:\/\/lisbontouristinformation.com\/fr\/wp-content\/uploads\/2022\/06\/Tickets-for-Two-Hour-Sunset-Sailing-Tour-from-Belem.jpg\" data-width=\"332\" data-height=\"332\" data-link-wrap=\"true\" style=\"aspect-ratio: auto 600 \/ 600;\" loading=\"lazy\"><\/a><\/span><\/p>\n<h2>Billets pour \u200b<span data-v-4533c707=\"\">croisi\u00e8re en voilier sur le Tage<\/span><\/h2>\n<p style=\"text-align: center;\">PRIX 20,00 \u20ac<\/p>\n<p><span><a href=\"https:\/\/gyg.me\/OUvYBPE2\" rel=\"nofollow noopener\" target=\"_blank\"><img decoding=\"async\" alt=\"Billets pour Excursion en voilier de 2 heures l'apr\u00e8s-midi au d\u00e9part de Bel\u00e9m\" data-id=\"6059\" width=\"332\" data-init-width=\"600\" height=\"332\" data-init-height=\"600\" title=\"Billets pour Excursion en voilier de 2 heures l'apr\u00e8s-midi au d\u00e9part de Bel\u00e9m\" src=\"https:\/\/lisbontouristinformation.com\/fr\/wp-content\/uploads\/2022\/06\/Tickets-for-2-Hour-Afternoon-Sailing-Tour-from-Belem.jpg\" data-width=\"332\" data-height=\"332\" style=\"aspect-ratio: auto 600 \/ 600;\" data-link-wrap=\"true\" loading=\"lazy\"><\/a><\/span><\/p>\n<h2>Billets pour Excursion en bateau \u00e0 voile de jour\/coucher de soleil\/nuit dans la ville avec boisson<\/h2>\n<p style=\"text-align: center;\">PRIX 37,00 \u20ac<\/p>\n<p><span><a href=\"https:\/\/gyg.me\/9c3d6Sdn\" rel=\"nofollow noopener\" target=\"_blank\"><img decoding=\"async\" alt=\"Billets pour Le Mus\u00e9e du Tr\u00e9sor Royal\" data-id=\"6060\" width=\"332\" data-init-width=\"600\" height=\"332\" data-init-height=\"600\" title=\"Billets pour Le Mus\u00e9e du Tr\u00e9sor Royal\" src=\"https:\/\/lisbontouristinformation.com\/fr\/wp-content\/uploads\/2022\/06\/Tickets-for-The-Royal-Treasure-Museum.jpeg\" data-width=\"332\" data-height=\"332\" style=\"aspect-ratio: auto 600 \/ 600;\" data-link-wrap=\"true\" loading=\"lazy\"><\/a><\/span><\/p>\n<h2>Billets pour Le Mus\u00e9e du Tr\u00e9sor Royal<\/h2>\n<p style=\"text-align: center;\">PRIX 11,00 \u20ac<\/p>\n<p><span><a href=\"https:\/\/gyg.me\/IoPjxPbL\" rel=\"nofollow noopener\" target=\"_blank\"><img decoding=\"async\" alt=\"Billets pour T\u00e9l\u00e9ph\u00e9rique de Lisbonne coupe-file\" data-id=\"6061\" width=\"332\" data-init-width=\"600\" height=\"332\" data-init-height=\"600\" title=\"Billets pour T\u00e9l\u00e9ph\u00e9rique de Lisbonne coupe-file\" src=\"https:\/\/lisbontouristinformation.com\/fr\/wp-content\/uploads\/2022\/06\/Tickets-for-Lisbon-Cable-Car-Skip-The-Line.jpg\" data-width=\"332\" data-height=\"332\" data-link-wrap=\"true\" style=\"aspect-ratio: auto 600 \/ 600;\" loading=\"lazy\"><\/a><\/span><\/p>\n<h2>trajet aller-retour en t\u00e9l\u00e9ph\u00e9rique au parc des Nations<\/h2>\n<p style=\"text-align: center;\">PRIX 10,00 \u20ac<\/p>\n<p><span><a href=\"https:\/\/www.headout.com\/r\/most-amazing-placesrecommends-z8qim\/\" rel=\"nofollow noopener\" target=\"_blank\"><img decoding=\"async\" alt=\"\" data-id=\"7673\" width=\"357\" data-init-width=\"600\" height=\"357\" data-init-height=\"600\" title=\"Combo (Save 2%) Jer\u00f3nimos Monastery + S\u00e3o Jorge Castle + Lisbon Cathedral Tickets OTA\" src=\"https:\/\/lisbontouristinformation.com\/fr\/wp-content\/uploads\/2025\/07\/Combo-Save-2-Jeronimos-Monastery-Sao-Jorge-Castle-Lisbon-Cathedral-Tickets-OTA.jpeg\" data-width=\"357\" data-height=\"357\" data-link-wrap=\"true\" style=\"aspect-ratio: auto 600 \/ 600;\" loading=\"lazy\"><\/a><\/span><\/p>\n<h2>Combo : Billets pour le Monast\u00e8re des Hi\u00e9ronymites + Ch\u00e2teau Saint-Georges + Cath\u00e9drale de Lisbonne<\/h2>\n<p style=\"text-align: center;\">PRIX 46,56 \u20ac<\/p>\n<p><span style=\"\"><a href=\"https:\/\/www.getyourguide.com\/porto-l151\/impressive-monet-brilliant-klimt-the-immersive-experience-t398875\/?partner_id=NO9XIDE&amp;utm_medium=online_publisher&amp;cmp=LisbonTicketShopFR\" rel=\"nofollow noopener\" target=\"_blank\"><img decoding=\"async\" alt=\"\" data-id=\"7683\" width=\"509\" data-init-width=\"1602\" height=\"340\" data-init-height=\"1070\" title=\"Impressive Monet &amp; Brilliant Klimt -The Immersive Experience ota\" src=\"https:\/\/lisbontouristinformation.com\/fr\/wp-content\/uploads\/2026\/04\/Impressive-Monet-Brilliant-Klimt-The-Immersive-Experience-ota.avif\" data-width=\"509\" data-height=\"340\" style=\"aspect-ratio: auto 1602 \/ 1070;\" data-link-wrap=\"true\" loading=\"lazy\" ml-d=\"-10.484000000000037\" mt-d=\"0\"><\/a><\/span><\/p>\n<h2>Impressive Monet &amp; Brilliant Klimt \u00e0 Lisbonne : Entr\u00e9e rapide<\/h2>\n<p style=\"text-align: center;\">PRIX 11,00 \u20ac<\/p>\n<p><span><a href=\"https:\/\/gyg.me\/PppEvHTA\" rel=\"nofollow noopener\" target=\"_blank\"><img decoding=\"async\" alt=\"Billets pour Visite en tramway des collines historiques\" data-id=\"6064\" width=\"332\" data-init-width=\"600\" height=\"332\" data-init-height=\"600\" title=\"Billets pour Visite en tramway des collines historiques\" src=\"https:\/\/lisbontouristinformation.com\/fr\/wp-content\/uploads\/2022\/06\/Tickets-for-Historic-Hills-Tram-Tour.jpg\" data-width=\"332\" data-height=\"332\" data-link-wrap=\"true\" style=\"aspect-ratio: auto 600 \/ 600;\" loading=\"lazy\"><\/a><\/span><\/p>\n<h2>Visite des collines en tramway rouge par la ligne 28, billet de 24 heures<\/h2>\n<p style=\"text-align: center;\">PRIX 25,00 \u20ac<\/p>\n<p><span><a href=\"https:\/\/www.tiqets.com\/fr\/lissabon-sehenswuerdigkeiten-c76528\/tickets-fur-pilar-7-bridge-experience-p976248?partner=most_amazing_places&amp;tq_campaign=LisbonTicketShop\" rel=\"nofollow noopener\" target=\"_blank\"><img decoding=\"async\" alt=\"Billets pour Exp\u00e9rience du pont Pilar 7\" data-id=\"6065\" width=\"332\" data-init-width=\"600\" height=\"332\" data-init-height=\"600\" title=\"Billets pour Exp\u00e9rience du pont Pilar 7\" src=\"https:\/\/lisbontouristinformation.com\/fr\/wp-content\/uploads\/2022\/06\/Tickets-for-Pilar-7-Bridge-Experience.jpg\" data-width=\"332\" data-height=\"332\" data-link-wrap=\"true\" style=\"aspect-ratio: auto 600 \/ 600;\" loading=\"lazy\"><\/a><\/span><\/p>\n<h2>Billets pour Exp\u00e9rience du pont Pilar 7<\/h2>\n<p style=\"text-align: center;\">PRIX 5,50 \u20ac<\/p>\n<p><span style=\"\"><a href=\"https:\/\/www.getyourguide.com\/lisbon-l42\/lisbon-intimate-live-fado-music-show-with-port-wine-t450869\/?partner_id=NO9XIDE&amp;utm_medium=online_publisher&amp;cmp=LisbonTicketShopFR\" rel=\"nofollow noopener\" target=\"_blank\"><img decoding=\"async\" alt=\"\" data-id=\"7684\" width=\"571\" data-init-width=\"1786\" height=\"342\" data-init-height=\"1070\" title=\"spectacle de fado et verre de porto au Lisboa em Fado ota\" src=\"https:\/\/lisbontouristinformation.com\/fr\/wp-content\/uploads\/2026\/04\/spectacle-de-fado-et-verre-de-porto-au-Lisboa-em-Fado-ota.avif\" data-width=\"571\" data-height=\"342\" style=\"aspect-ratio: auto 1786 \/ 1070;\" data-link-wrap=\"true\" loading=\"lazy\" ml-d=\"-109\" mt-d=\"0\" center-h-d=\"false\"><\/a><\/span><\/p>\n<h2>Lisbonne : spectacle de fado et verre de porto au Lisboa em Fado<\/h2>\n<p style=\"text-align: center;\">PRIX 14,00 \u20ac<\/p>\n<h2><\/h2>\n<p style=\"text-align: center;\"><\/p>\n<h2><\/h2>\n<p style=\"text-align: center;\"><\/p>\n<h2><\/h2>\n<h2><\/h2>\n<p style=\"text-align: center;\"><\/p>\n<p><a href=\"javascript:void(0)\"><span style=\"\"><span style=\"\">Load More<\/span><\/span><\/a><\/p>\n","protected":false},"excerpt":{"rendered":"<p>Les Meilleures Choses \u00e0 Faire \u00e0 Lisbonne Sites, attractions et mus\u00e9es Billets d&rsquo;entr\u00e9e au Monast\u00e8re des Hi\u00e9ronymites PRIX 19,50 \u20ac Billets pour Lisboa Card PRIX 31,00 \u20ac Billets pour Bus \u00e0 arr\u00eats multiples Lisbonne PRIX 22,00 \u20ac \u200bSintra, Palais de Pena, Regaleira, Cabo da Roca et Cascais PRIX 65,00 \u20ac \u200bBillets pour le Palais de [&hellip;]<\/p>\n","protected":false},"author":18,"featured_media":5841,"parent":0,"menu_order":0,"comment_status":"closed","ping_status":"closed","template":"","meta":{"footnotes":""},"tags":[],"class_list":["post-4311","page","type-page","status-publish","has-post-thumbnail","hentry","post-wrapper","thrv_wrapper"],"_links":{"self":[{"href":"https:\/\/lisbontouristinformation.com\/fr\/wp-json\/wp\/v2\/pages\/4311","targetHints":{"allow":["GET"]}}],"collection":[{"href":"https:\/\/lisbontouristinformation.com\/fr\/wp-json\/wp\/v2\/pages"}],"about":[{"href":"https:\/\/lisbontouristinformation.com\/fr\/wp-json\/wp\/v2\/types\/page"}],"author":[{"embeddable":true,"href":"https:\/\/lisbontouristinformation.com\/fr\/wp-json\/wp\/v2\/users\/18"}],"replies":[{"embeddable":true,"href":"https:\/\/lisbontouristinformation.com\/fr\/wp-json\/wp\/v2\/comments?post=4311"}],"version-history":[{"count":1,"href":"https:\/\/lisbontouristinformation.com\/fr\/wp-json\/wp\/v2\/pages\/4311\/revisions"}],"predecessor-version":[{"id":7685,"href":"https:\/\/lisbontouristinformation.com\/fr\/wp-json\/wp\/v2\/pages\/4311\/revisions\/7685"}],"wp:featuredmedia":[{"embeddable":true,"href":"https:\/\/lisbontouristinformation.com\/fr\/wp-json\/wp\/v2\/media\/5841"}],"wp:attachment":[{"href":"https:\/\/lisbontouristinformation.com\/fr\/wp-json\/wp\/v2\/media?parent=4311"}],"wp:term":[{"taxonomy":"post_tag","embeddable":true,"href":"https:\/\/lisbontouristinformation.com\/fr\/wp-json\/wp\/v2\/tags?post=4311"}],"curies":[{"name":"wp","href":"https:\/\/api.w.org\/{rel}","templated":true}]}}