{"id":3368,"date":"2021-01-12T18:33:10","date_gmt":"2021-01-12T17:33:10","guid":{"rendered":"https:\/\/lisbontouristinformation.com\/fr\/?page_id=3368"},"modified":"2024-10-22T08:15:22","modified_gmt":"2024-10-22T07:15:22","slug":"partenaires","status":"publish","type":"page","link":"https:\/\/lisbontouristinformation.com\/fr\/partenaires\/","title":{"rendered":"Lisbon Tourist Information Partenaires"},"content":{"rendered":"<p><span><img decoding=\"async\" alt=\"\" data-id=\"7499\" data-init-width=\"1440\" data-init-height=\"240\" title=\"Travel-Group-Logo1\" src=\"https:\/\/lisbontouristinformation.com\/fr\/wp-content\/uploads\/2024\/05\/Travel-Group-Logo1.png\" data-width=\"267\" data-height=\"45\" style=\"aspect-ratio: auto 1440 \/ 240;\" width=\"267\" height=\"45\" loading=\"lazy\"><\/span><\/p>\n<h4>TravelGroup<\/h4>\n<p>Gestion de destinations et grossiste pour groupes de loisirs et d&rsquo;expositions.<\/p>\n<p><a href=\"https:\/\/most-amazing-places.com\" target=\"_blank\" rel=\"noopener\"><span><img decoding=\"async\" alt=\"\" data-id=\"7502\" data-init-width=\"512\" data-init-height=\"512\" title=\"MAP-LOGO-002 (3)\" src=\"https:\/\/lisbontouristinformation.com\/fr\/wp-content\/uploads\/2024\/05\/MAP-LOGO-002-3.png\" data-width=\"100\" data-height=\"100\" style=\"aspect-ratio: auto 512 \/ 512;\" width=\"100\" height=\"100\" loading=\"lazy\"><\/span><\/p>\n<h4>most-amazing-places.com<\/h4>\n<p>Most Amazing Places est une marque cr\u00e9\u00e9e par des professionnels passionn\u00e9s du voyage. Trouvez les billets de la meilleure qualit\u00e9 au meilleur prix, sur tous les op\u00e9rateurs en ligne.<\/p>\n<p><\/a><\/p>\n<h2 style=\"text-align: center;\">Contact pour les entreprises, les agences et les partenaires d&rsquo;organisation de voyages<\/h2>\n<h2>Comment pouvons nous aider?<\/h2>\n<h3>1. Services d&rsquo;information<\/h3>\n<p>Questions sur la planification de voyages \u00e0 Lisbonne.<\/p>\n<h3>2. Services de r\u00e9servation<\/h3>\n<p>R\u00e9servation d&rsquo;h\u00f4tels, de salles de r\u00e9union, de billets, de visites et de guides.<\/p>\n<h3>3. B2B et MICE<\/h3>\n<p>Coop\u00e9ration avec LisbonTouristInformation.com et demandes de renseignements sur les r\u00e9unions, les \u00e9v\u00e9nements et les salons \u00e0 Lisbonne.<\/p>\n<h2 style=\"\">Membre d&rsquo;une organisation mondiale du tourisme<\/h2>\n<p><a href=\"https:\/\/paristouristinformation.fr\/\" target=\"_blank\" rel=\"noopener\"><span><img decoding=\"async\" alt=\"\" data-id=\"3414\" data-init-width=\"1834\" data-init-height=\"651\" title=\"Logo Office de Tourisme de Paris\" src=\"https:\/\/lisbontouristinformation.com\/fr\/wp-content\/uploads\/2021\/01\/Paris-Tourist-Information-Logo.png\" data-width=\"308\" data-height=\"109\" style=\"aspect-ratio: auto 1834 \/ 651;\" width=\"308\" height=\"109\" loading=\"lazy\"><\/span><\/p>\n<h4>ParisTouristInformation.fr<\/h4>\n<p>Site d&rsquo;information touristique de la capitale fran\u00e7aise, Paris.<\/p>\n<p><\/a><a href=\"https:\/\/praguetouristinformation.com\/\" target=\"_blank\" rel=\"noopener\"><span><img decoding=\"async\" alt=\"\" data-id=\"5803\" data-init-width=\"2292\" data-init-height=\"651\" title=\"Logo PragueTouristInformation.com\" src=\"https:\/\/lisbontouristinformation.com\/fr\/wp-content\/uploads\/2021\/01\/PragueTouristInformation.com-Logo.png\" data-width=\"376\" data-height=\"107\" style=\"aspect-ratio: auto 2292 \/ 651;\" width=\"376\" height=\"107\" loading=\"lazy\"><\/span><\/p>\n<h4>PragueTouristInformation.com<\/h4>\n<p>Site d&rsquo;informations touristiques sur la capitale tch\u00e8que, Prague.<\/p>\n<p><\/a><a href=\"https:\/\/antalyatouristinformation.com\/\" target=\"_blank\" rel=\"noopener\"><span><img decoding=\"async\" alt=\"AntalyaTouristInformation.com Logo\" data-id=\"3553\" data-init-width=\"2163\" data-init-height=\"651\" title=\"AntalyaTouristInformation.com Logo\" src=\"https:\/\/lisbontouristinformation.com\/fr\/wp-content\/uploads\/2021\/06\/AntalyaTouristInformation.com-Logo.png\" data-width=\"368\" data-height=\"111\" style=\"aspect-ratio: auto 2163 \/ 651;\" width=\"368\" height=\"111\" loading=\"lazy\"><\/span><\/p>\n<h4>AntalyaTouristInformation.com<\/h4>\n<p>Site d&rsquo;information touristique de la province turque d&rsquo;Antalya.<\/p>\n<p><\/a><a href=\"https:\/\/viennatouristinformation.com\/\" target=\"_blank\" rel=\"noopener\"><span><img decoding=\"async\" alt=\"\" data-id=\"3389\" data-init-width=\"2126\" data-init-height=\"651\" title=\"Logo ViennaTouristInformation.com\" src=\"https:\/\/lisbontouristinformation.com\/fr\/wp-content\/uploads\/2021\/01\/ViennaTouristInformation.com-Logo.png\" data-width=\"368\" data-height=\"113\" style=\"aspect-ratio: auto 2126 \/ 651;\" width=\"368\" height=\"113\" loading=\"lazy\"><\/span><\/p>\n<h4>ViennaTouristInformation.com<\/h4>\n<p>Site d&rsquo;informations touristiques sur la capitale autrichienne, Vienne.<\/p>\n<p><\/a><a href=\"https:\/\/italy-tourist-information.com\" target=\"_blank\" rel=\"noopener\"><span><img decoding=\"async\" alt=\"\" data-id=\"7580\" data-init-width=\"440\" data-init-height=\"156\" title=\"ITALY-TOURIST-INFO-LOGO\" src=\"https:\/\/lisbontouristinformation.com\/fr\/wp-content\/uploads\/2024\/10\/ITALY-TOURIST-INFO-LOGO.png\" data-width=\"296\" data-height=\"105\" style=\"aspect-ratio: auto 440 \/ 156;\" width=\"296\" height=\"105\" loading=\"lazy\"><\/span><\/p>\n<h4>Italy-Tourist-Information.com<\/h4>\n<p>Site Web d&rsquo;information touristique pour toutes les villes les plus populaires d&rsquo;Italie<\/p>\n<p><\/a><a href=\"https:\/\/iceland-tourist-information.com\" target=\"_blank\" rel=\"noopener\"><span><img decoding=\"async\" alt=\"\" data-id=\"7579\" data-init-width=\"568\" data-init-height=\"156\" title=\"Iceland-Tourist-Information-Logo-2\" src=\"https:\/\/lisbontouristinformation.com\/fr\/wp-content\/uploads\/2024\/10\/Iceland-Tourist-Information-Logo-2.png\" data-width=\"296\" data-height=\"81\" style=\"aspect-ratio: auto 568 \/ 156;\" width=\"296\" height=\"81\" loading=\"lazy\"><\/span><\/p>\n<h4>Iceland-Tourist-Information.com<\/h4>\n<p>Site Web d&rsquo;information touristique pour les villes et attractions les plus populaires d&rsquo;Islande<\/p>\n<p><\/a><a href=\"https:\/\/new-york-tourist-information.com\" target=\"_blank\" rel=\"noopener\"><span><img decoding=\"async\" alt=\"\" data-id=\"7582\" data-init-width=\"611\" data-init-height=\"156\" title=\"NY-TOURIST-INFORMATION\" src=\"https:\/\/lisbontouristinformation.com\/fr\/wp-content\/uploads\/2024\/10\/NY-TOURIST-INFORMATION.png\" data-width=\"296\" data-height=\"76\" style=\"aspect-ratio: auto 611 \/ 156;\" width=\"296\" height=\"76\" loading=\"lazy\"><\/span><\/p>\n<h4>New-York-Tourist-Information.com<\/h4>\n<p>Site Web d&rsquo;information touristique pour la Big Apple.<\/p>\n<p><\/a><a href=\"https:\/\/dubai-tourist-information.ae\" target=\"_blank\" rel=\"noopener\"><span><img decoding=\"async\" alt=\"\" data-id=\"7578\" data-init-width=\"488\" data-init-height=\"156\" title=\"DUBAI-TOURIST-INFORMATION\" src=\"https:\/\/lisbontouristinformation.com\/fr\/wp-content\/uploads\/2024\/10\/DUBAI-TOURIST-INFORMATION.png\" data-width=\"296\" data-height=\"95\" style=\"aspect-ratio: auto 488 \/ 156;\" width=\"296\" height=\"95\" loading=\"lazy\"><\/span><\/p>\n<h4>Dubai-Tourist-Information.ae<\/h4>\n<p>Site Web d&rsquo;information touristique pour la ville de Duba\u00ef aux \u00c9mirats arabes unis<\/p>\n<p><\/a><a href=\"https:\/\/amsterdam-tourist-information.com\" target=\"_blank\" rel=\"noopener\"><span><img decoding=\"async\" alt=\"\" data-id=\"7583\" data-init-width=\"674\" data-init-height=\"156\" title=\"thumbnail_AMSTERDAM TOURIST INFO\" src=\"https:\/\/lisbontouristinformation.com\/fr\/wp-content\/uploads\/2024\/10\/thumbnail_AMSTERDAM-TOURIST-INFO.png\" data-width=\"296\" data-height=\"69\" style=\"aspect-ratio: auto 674 \/ 156;\" width=\"296\" height=\"69\" loading=\"lazy\"><\/span><\/p>\n<h4>Amsterdam-Tourist-Information.com<\/h4>\n<p>Site Web d&rsquo;information touristique pour la ville d&rsquo;Amsterdam aux Pays-Bas<\/p>\n<p><\/a><a href=\"https:\/\/london-touristinformation.com\" target=\"_blank\" rel=\"noopener\"><span><img decoding=\"async\" alt=\"\" data-id=\"7581\" data-init-width=\"534\" data-init-height=\"156\" title=\"london TI\" src=\"https:\/\/lisbontouristinformation.com\/fr\/wp-content\/uploads\/2024\/10\/london-TI.png\" data-width=\"296\" data-height=\"86\" style=\"aspect-ratio: auto 534 \/ 156;\" width=\"296\" height=\"86\" loading=\"lazy\"><\/span><\/p>\n<h4>London-TouristInformation.com<\/h4>\n<p>Site Web d&rsquo;information touristique pour la ville de Londres au Royaume-Uni<\/p>\n<p><\/a><a href=\"https:\/\/cappadociatouristinformation.gen.tr\" target=\"_blank\" rel=\"noopener\"><span><img decoding=\"async\" alt=\"\" data-id=\"7498\" data-init-width=\"600\" data-init-height=\"132\" title=\"CAPPADOCIA-TOURIST-INFO-LOGO copy\" src=\"https:\/\/lisbontouristinformation.com\/fr\/wp-content\/uploads\/2024\/05\/CAPPADOCIA-TOURIST-INFO-LOGO-copy.png\" data-width=\"296\" data-height=\"65\" style=\"aspect-ratio: auto 600 \/ 132;\" width=\"296\" height=\"65\" loading=\"lazy\"><\/span><\/p>\n<h4>cappadociatouristinformation.gen.tr<\/h4>\n<p>Site d&rsquo;informations touristiques sur la r\u00e9gion turque de Cappadoce<\/p>\n<p><\/a><a href=\"https:\/\/www.leblogdistanbul.com\" target=\"_blank\" rel=\"noopener\"><span><img decoding=\"async\" alt=\"\" data-id=\"7501\" data-init-width=\"1517\" data-init-height=\"381\" title=\"le blog dIstanbul\" src=\"https:\/\/lisbontouristinformation.com\/fr\/wp-content\/uploads\/2024\/05\/le-blog-dIstanbul.png\" data-width=\"296\" data-height=\"74\" style=\"aspect-ratio: auto 1517 \/ 381;\" width=\"296\" height=\"74\" loading=\"lazy\"><\/span><\/p>\n<h4>leblogdistanbul.com<\/h4>\n<p>Offre toutes les informations pour rendre votre s\u00e9jour \u00e0 Istanbul inoubliable !<\/p>\n<p><\/a><a href=\"https:\/\/izmirtoantalya.com\" target=\"_blank\" rel=\"noopener\"><span><img decoding=\"async\" alt=\"\" data-id=\"7500\" data-init-width=\"1200\" data-init-height=\"330\" title=\"Izmir to Antalya logo\" src=\"https:\/\/lisbontouristinformation.com\/fr\/wp-content\/uploads\/2024\/05\/Izmir-to-Antalya-logo-scaled.jpeg\" data-width=\"296\" data-height=\"81\" style=\"aspect-ratio: auto 1200 \/ 330;\" width=\"296\" height=\"81\" loading=\"lazy\"><\/span><\/p>\n<h4>izmirtoantalya.com<\/h4>\n<p>Le seul site Internet pour vous aider \u00e0 voyager sur la Riviera turque.<\/p>\n<p><\/a><span><img decoding=\"async\" alt=\"\" data-id=\"3417\" data-init-width=\"895\" data-init-height=\"240\" title=\"Logo de l'organisation touristique mondiale\" src=\"https:\/\/lisbontouristinformation.com\/fr\/wp-content\/uploads\/2021\/01\/Global-Tourist-Organization-Logo.jpg\" data-width=\"298\" data-height=\"80\" style=\"aspect-ratio: auto 895 \/ 240;\" width=\"298\" height=\"80\" loading=\"lazy\"><\/span><\/p>\n","protected":false},"excerpt":{"rendered":"<p>TravelGroup Gestion de destinations et grossiste pour groupes de loisirs et d&rsquo;expositions. most-amazing-places.com Most Amazing Places est une marque cr\u00e9\u00e9e par des professionnels passionn\u00e9s du voyage. Trouvez les billets de la meilleure qualit\u00e9 au meilleur prix, sur tous les op\u00e9rateurs en ligne. Contact pour les entreprises, les agences et les partenaires d&rsquo;organisation de voyages Comment [&hellip;]<\/p>\n","protected":false},"author":20,"featured_media":5841,"parent":0,"menu_order":0,"comment_status":"closed","ping_status":"closed","template":"","meta":{"footnotes":""},"tags":[],"class_list":["post-3368","page","type-page","status-publish","has-post-thumbnail","hentry","post-wrapper","thrv_wrapper"],"_links":{"self":[{"href":"https:\/\/lisbontouristinformation.com\/fr\/wp-json\/wp\/v2\/pages\/3368","targetHints":{"allow":["GET"]}}],"collection":[{"href":"https:\/\/lisbontouristinformation.com\/fr\/wp-json\/wp\/v2\/pages"}],"about":[{"href":"https:\/\/lisbontouristinformation.com\/fr\/wp-json\/wp\/v2\/types\/page"}],"author":[{"embeddable":true,"href":"https:\/\/lisbontouristinformation.com\/fr\/wp-json\/wp\/v2\/users\/20"}],"replies":[{"embeddable":true,"href":"https:\/\/lisbontouristinformation.com\/fr\/wp-json\/wp\/v2\/comments?post=3368"}],"version-history":[{"count":0,"href":"https:\/\/lisbontouristinformation.com\/fr\/wp-json\/wp\/v2\/pages\/3368\/revisions"}],"wp:featuredmedia":[{"embeddable":true,"href":"https:\/\/lisbontouristinformation.com\/fr\/wp-json\/wp\/v2\/media\/5841"}],"wp:attachment":[{"href":"https:\/\/lisbontouristinformation.com\/fr\/wp-json\/wp\/v2\/media?parent=3368"}],"wp:term":[{"taxonomy":"post_tag","embeddable":true,"href":"https:\/\/lisbontouristinformation.com\/fr\/wp-json\/wp\/v2\/tags?post=3368"}],"curies":[{"name":"wp","href":"https:\/\/api.w.org\/{rel}","templated":true}]}}