{"id":2815,"date":"2020-08-13T12:58:49","date_gmt":"2020-08-13T10:58:49","guid":{"rendered":"https:\/\/lisbontouristinformation.com\/fr\/?page_id=2815"},"modified":"2024-03-18T15:04:35","modified_gmt":"2024-03-18T15:04:35","slug":"arrivee","status":"publish","type":"page","link":"https:\/\/lisbontouristinformation.com\/fr\/arrivee\/","title":{"rendered":"Arriv\u00e9e \u00e0 Lisbonne : S&#8217;y rendre et r\u00e9server des billets"},"content":{"rendered":"<h1 style=\"\">Guide d&rsquo;arriv\u00e9e \u00e0 Lisbonne<\/h1>\n<p style=\"\">Un guide simple sur les vols, les trains, les bus et la conduite de votre propre voiture \u00e0 Lisbonne.<\/p>\n<h2 style=\"text-align: center;\">Comment se rendre \u00e0 Lisbonne<\/h2>\n<p style=\"text-align: center;\">&#8230; et comment se d\u00e9placer facilement dans la ville<\/p>\n<p><a href=\"https:\/\/lisbontouristinformation.com\/fr\/arrivee\/taxis-a-lisbonne\/\" dynamic-postlink=\"tcb_post_the_permalink\" data-shortcode-id=\"207\"><\/a><\/p>\n<h3 style=\"text-align: center; padding-top: 0px !important; margin-top: 0px !important;\"><span data-attr-link=\"1\" data-attr-rel=\"0\" data-attr-target=\"0\" data-extra_key=\"\" data-option-inline=\"1\" data-shortcode=\"tcb_post_title\" data-shortcode-name=\"Post title\" data-attr-css=\"\" data-attr-static-link=\"{&quot;className&quot;:&quot;tve-froala fr-basic&quot;,&quot;href&quot;:&quot;https:\/\/lisbontouristinformation.com\/fr\/arrivee\/taxis-a-lisbonne\/&quot;,&quot;title&quot;:&quot;Taxis \u00e0 Lisbonne : Uber, Navettes A\u00e9roport et Tarifs&quot;,&quot;class&quot;:&quot;tve-froala fr-basic&quot;}\" style=\"\"><a href=\"https:\/\/lisbontouristinformation.com\/fr\/arrivee\/taxis-a-lisbonne\/\" title=\"Taxis \u00e0 Lisbonne : Uber, Navettes A\u00e9roport et Tarifs\" data-css=\"\">Taxis \u00e0 Lisbonne : Uber, Navettes A\u00e9roport et Tarifs<\/a><\/span><\/h3>\n<p>Lors de votre visite \u00e0 Lisbonne, diff\u00e9rentes options <a href=\"https:\/\/lisbontouristinformation.com\/fr\/arrivee\/taxis-a-lisbonne\/#more-207\"><\/a><\/p>\n<p><a href=\"https:\/\/lisbontouristinformation.com\/fr\/arrivee\/taxis-a-lisbonne\/\" style=\"\"><span style=\"\"><span style=\"\">Lire la suite<\/span><\/span><\/a><a href=\"https:\/\/lisbontouristinformation.com\/fr\/arrivee\/gares-de-train-a-lisbonne\/\" dynamic-postlink=\"tcb_post_the_permalink\" data-shortcode-id=\"207\"><\/a><\/p>\n<h3 style=\"text-align: center; padding-top: 0px !important; margin-top: 0px !important;\"><span data-attr-link=\"1\" data-attr-rel=\"0\" data-attr-target=\"0\" data-extra_key=\"\" data-option-inline=\"1\" data-shortcode=\"tcb_post_title\" data-shortcode-name=\"Post title\" data-attr-css=\"\" data-attr-static-link=\"{&quot;className&quot;:&quot;tve-froala fr-basic&quot;,&quot;href&quot;:&quot;https:\/\/lisbontouristinformation.com\/fr\/arrivee\/taxis-a-lisbonne\/&quot;,&quot;title&quot;:&quot;Taxis \u00e0 Lisbonne : Uber, Navettes A\u00e9roport et Tarifs&quot;,&quot;class&quot;:&quot;tve-froala fr-basic&quot;}\" style=\"\"><a href=\"https:\/\/lisbontouristinformation.com\/fr\/arrivee\/gares-de-train-a-lisbonne\/\" title=\"Guide des Gares de Train \u00e0 Lisbonne : Acc\u00e8s et Billets\" data-css=\"\">Guide des Gares de Train \u00e0 Lisbonne : Acc\u00e8s et Billets<\/a><\/span><\/h3>\n<p>Lisbonne poss\u00e8de plusieurs gares, les plus importantes pour <a href=\"https:\/\/lisbontouristinformation.com\/fr\/arrivee\/gares-de-train-a-lisbonne\/#more-556\"><\/a><\/p>\n<p><a href=\"https:\/\/lisbontouristinformation.com\/fr\/arrivee\/gares-de-train-a-lisbonne\/\" style=\"\"><span style=\"\"><span style=\"\">Lire la suite<\/span><\/span><\/a><a href=\"https:\/\/lisbontouristinformation.com\/fr\/arrivee\/guide-aeroport-humberto-delgado-a-lisbonne\/\" dynamic-postlink=\"tcb_post_the_permalink\" data-shortcode-id=\"207\"><\/a><\/p>\n<h3 style=\"text-align: center; padding-top: 0px !important; margin-top: 0px !important;\"><span data-attr-link=\"1\" data-attr-rel=\"0\" data-attr-target=\"0\" data-extra_key=\"\" data-option-inline=\"1\" data-shortcode=\"tcb_post_title\" data-shortcode-name=\"Post title\" data-attr-css=\"\" data-attr-static-link=\"{&quot;className&quot;:&quot;tve-froala fr-basic&quot;,&quot;href&quot;:&quot;https:\/\/lisbontouristinformation.com\/fr\/arrivee\/taxis-a-lisbonne\/&quot;,&quot;title&quot;:&quot;Taxis \u00e0 Lisbonne : Uber, Navettes A\u00e9roport et Tarifs&quot;,&quot;class&quot;:&quot;tve-froala fr-basic&quot;}\" style=\"\"><a href=\"https:\/\/lisbontouristinformation.com\/fr\/arrivee\/guide-aeroport-humberto-delgado-a-lisbonne\/\" title=\"Guide de l\u2019a\u00e9roport Humberto Delgado \u00e0 Lisbonne [LIS] Transfert, D\u00e9parts et Arriv\u00e9es\u2026\" data-css=\"\">Guide de l\u2019a\u00e9roport Humberto Delgado \u00e0 Lisbonne [LIS] Transfert, D\u00e9parts et Arriv\u00e9es\u2026<\/a><\/span><\/h3>\n<p>Consultez notre guide complet de l&rsquo;a\u00e9roport Humberto Delgado <a href=\"https:\/\/lisbontouristinformation.com\/fr\/arrivee\/guide-aeroport-humberto-delgado-a-lisbonne\/#more-2024\"><\/a><\/p>\n<p><a href=\"https:\/\/lisbontouristinformation.com\/fr\/arrivee\/guide-aeroport-humberto-delgado-a-lisbonne\/\" style=\"\"><span style=\"\"><span style=\"\">Lire la suite<\/span><\/span><\/a><a href=\"javascript:void(0)\" style=\"\"><span style=\"\"><span style=\"\">Load More<\/span><\/span><\/a><\/p>\n<h2 style=\"text-align: center;\">Explorez la ville facilement<\/h2>\n<p style=\"text-align: center;\">Billets utiles pour les voyageurs \u00e0 Lisbonne<\/p>\n<p><a href=\"javascript:void(0)\" style=\"\"><span style=\"\"><span style=\"\">Load More<\/span><\/span><\/a><\/p>\n<h2 style=\"\">Quand les billets de city trip sont-ils payants?<\/h2>\n<p style=\"\">L&rsquo;achat d&rsquo;un billet journalier \u00e0 Lisbonne est amorti apr\u00e8s trois voyages individuels au prix normal. Cela s&rsquo;applique aux trois zones du r\u00e9seau de transport de Lisbonne.<\/p>\n<p style=\"\">Un ticket journalier est \u00e9galement payant apr\u00e8s 4 courts trajets dans le centre de Lisbonne.<\/p>\n<p>Des billets sp\u00e9ciaux suppl\u00e9mentaires comme la Lisbon Welcome Card sont recommand\u00e9s pour les transports en commun en combinaison avec des r\u00e9ductions \u00e0 l&rsquo;entr\u00e9e des sites, mus\u00e9es et attractions.<\/p>\n<h2 style=\"\">Transferts<\/h2>\n<ul>\n<li style=\"\"><span style=\"\"><strong><strong>A\u00e9roport de Lisbonne BER<\/strong>&nbsp;:<\/strong> Le nouvel a\u00e9roport de la capitale est relativement bien reli\u00e9 \u00e0 la ville par les transports en commun. De plus, il existe une option pour les bus collectifs, des prestataires de services de transfert priv\u00e9, et il existe des offres de transfert ex\u00e9cutif.<\/span><\/li>\n<li><span><strong>A\u00e9roport de Lisbonne Sch\u00f6nefeld :&nbsp;<\/strong> L&rsquo;a\u00e9roport est reli\u00e9 par le S-Bahn au centre de Lisbonne. Bien s\u00fbr, il est \u00e9galement possible de prendre un bus collectif directement jusqu&rsquo;\u00e0 votre h\u00f4tel, d&rsquo;utiliser un transfert priv\u00e9 ou un transfert ex\u00e9cutif.<\/span><\/li>\n<li><span><strong>Gare centrale de Lisbonne&nbsp;:<\/strong> La gare est situ\u00e9e directement dans le centre-ville avec une connexion au r\u00e9seau de m\u00e9tro de Lisbonne. Des taxis sont g\u00e9n\u00e9ralement disponibles \u00e0 la sortie.<\/span><\/li>\n<li><span><strong>Gare routi\u00e8re :<\/strong> La gare routi\u00e8re centrale est \u00e9galement situ\u00e9e \u00e0 proximit\u00e9 d&rsquo;une station de m\u00e9tro.<\/span><\/li>\n<\/ul>\n<h2 style=\"text-align: center;\">Transferts a\u00e9roport<\/h2>\n<p style=\"text-align: center;\">Transferts priv\u00e9s, bus de groupe et transferts VIP depuis les a\u00e9roports<\/p>\n<p><a href=\"https:\/\/lisbontouristinformation.com\/fr\/choses-a-faire-a-lisbonne\/choses-a-faire-avec-vos-enfants-a-lisbonne\/\" dynamic-postlink=\"tcb_post_the_permalink\" data-shortcode-id=\"99\"><\/a><\/p>\n<h3 style=\"text-align: center; padding-top: 0px !important; margin-top: 0px !important;\"><span data-attr-link=\"1\" data-attr-rel=\"0\" data-attr-target=\"0\" data-extra_key=\"\" data-option-inline=\"1\" data-shortcode=\"tcb_post_title\" data-shortcode-name=\"Post title\" data-attr-css=\"\" data-attr-static-link=\"{&quot;className&quot;:&quot;tve-froala fr-basic&quot;,&quot;href&quot;:&quot;https:\/\/lisbontouristinformation.com\/fr\/choses-a-faire-a-lisbonne\/choses-a-faire-avec-vos-enfants-a-lisbonne\/&quot;,&quot;title&quot;:&quot;15 Choses \u00e0 Faire avec vos enfants \u00e0 Lisbonne&quot;,&quot;class&quot;:&quot;tve-froala fr-basic&quot;}\" style=\"\"><a href=\"https:\/\/lisbontouristinformation.com\/fr\/choses-a-faire-a-lisbonne\/choses-a-faire-avec-vos-enfants-a-lisbonne\/\" title=\"15 Choses \u00e0 Faire avec vos enfants \u00e0 Lisbonne\" data-css=\"\">15 Choses \u00e0 Faire avec vos enfants \u00e0 Lisbonne<\/a><\/span><\/h3>\n<p>Lisbonne est une ville fantastique pour voyager avec <a href=\"https:\/\/lisbontouristinformation.com\/fr\/choses-a-faire-a-lisbonne\/choses-a-faire-avec-vos-enfants-a-lisbonne\/#more-99\"><\/a><\/p>\n<p><a href=\"https:\/\/lisbontouristinformation.com\/fr\/choses-a-faire-a-lisbonne\/choses-a-faire-avec-vos-enfants-a-lisbonne\/\" style=\"\"><span style=\"\"><span style=\"\">Lire la suite<\/span><\/span><\/a><a href=\"https:\/\/lisbontouristinformation.com\/fr\/choses-a-faire-a-lisbonne\/meilleurs-musees-a-lisbonne\/\" dynamic-postlink=\"tcb_post_the_permalink\" data-shortcode-id=\"99\"><\/a><\/p>\n<h3 style=\"text-align: center; padding-top: 0px !important; margin-top: 0px !important;\"><span data-attr-link=\"1\" data-attr-rel=\"0\" data-attr-target=\"0\" data-extra_key=\"\" data-option-inline=\"1\" data-shortcode=\"tcb_post_title\" data-shortcode-name=\"Post title\" data-attr-css=\"\" data-attr-static-link=\"{&quot;className&quot;:&quot;tve-froala fr-basic&quot;,&quot;href&quot;:&quot;https:\/\/lisbontouristinformation.com\/fr\/choses-a-faire-a-lisbonne\/choses-a-faire-avec-vos-enfants-a-lisbonne\/&quot;,&quot;title&quot;:&quot;15 Choses \u00e0 Faire avec vos enfants \u00e0 Lisbonne&quot;,&quot;class&quot;:&quot;tve-froala fr-basic&quot;}\" style=\"\"><a href=\"https:\/\/lisbontouristinformation.com\/fr\/choses-a-faire-a-lisbonne\/meilleurs-musees-a-lisbonne\/\" title=\"10 Meilleurs Mus\u00e9es \u00e0 Lisbonne\" data-css=\"\">10 Meilleurs Mus\u00e9es \u00e0 Lisbonne<\/a><\/span><\/h3>\n<p>Lisbonne est connue pour ses sept collines, ses <a href=\"https:\/\/lisbontouristinformation.com\/fr\/choses-a-faire-a-lisbonne\/meilleurs-musees-a-lisbonne\/#more-586\"><\/a><\/p>\n<p><a href=\"https:\/\/lisbontouristinformation.com\/fr\/choses-a-faire-a-lisbonne\/meilleurs-musees-a-lisbonne\/\" style=\"\"><span style=\"\"><span style=\"\">Lire la suite<\/span><\/span><\/a><a href=\"javascript:void(0)\" style=\"\"><span style=\"\"><span style=\"\">Load More<\/span><\/span><\/a><\/p>\n<h2 style=\"text-align: center;\">Pour les voyages de groupe<\/h2>\n<p style=\"text-align: center;\">Conf\u00e9rences, r\u00e9unions, foires, voyages de club et \u00e9v\u00e9nements<\/p>\n<p><a href=\"javascript:void(0)\" style=\"\"><span style=\"\"><span style=\"\">Load More<\/span><\/span><\/a><\/p>\n<h2 style=\"\">Conf\u00e9rences, salons et voyages de groupe<\/h2>\n<p style=\"\">LisbonTouristInformation.com organise tous les aspects des voyages de groupe en tant qu&rsquo;agence \u00e0 service complet.<\/p>\n<p style=\"\">Cela comprend les h\u00f4tels de conf\u00e9rence, les bus pour les transferts de groupe depuis l&rsquo;a\u00e9roport, les transferts ex\u00e9cutifs, la restauration, les incentives et bien s\u00fbr l&rsquo;ensemble du programme social.<\/p>\n<p>Lors d&rsquo;une premi\u00e8re consultation gratuite, nous serons heureux d&rsquo;examiner vos besoins en mati\u00e8re de r\u00e9unions, de voyages de groupe et d&rsquo;\u00e9v\u00e9nements \u00e0 Lisbonne.<\/p>\n<h2 style=\"\">D&rsquo;une seule source<\/h2>\n<ul>\n<li style=\"\"><span style=\"\"><strong><b>Assistance 24 heures sur 24 :<\/b> <\/strong> disponibilit\u00e9 continue lors de la planification, de la pr\u00e9paration et de l&rsquo;ex\u00e9cution des voyages de groupe.<\/span><\/li>\n<li><span><strong><b>D&rsquo;une seule source&nbsp;:<\/b> <\/strong> gestion compl\u00e8te, y compris le programme de soutien d&rsquo;une seule source avec une seule personne de contact.<\/span><\/li>\n<li><span><strong><b>Consultation initiale gratuite&nbsp;:<\/b> <\/strong><b><\/b>Lors de notre consultation gratuite, nous serons heureux de v\u00e9rifier si nous pouvons r\u00e9pondre \u00e0 vos exigences.<\/span><\/li>\n<\/ul>\n<h2 style=\"text-align: center;\">Consultation initiale gratuite pour les voyages de groupe<\/h2>\n<p style=\"color: var(--tcb-skin-color-4)  !important; --tcb-applied-color:var$(--tcb-skin-color-4)  !important; text-align: center;\">Nous <span style=\"color: var(--tcb-skin-color-4) ;\">sommes heureux de discuter de vos attentes.&nbsp;<\/span><\/p>\n<p style=\"color: var(--tcb-skin-color-4)  !important; --tcb-applied-color:var$(--tcb-skin-color-4)  !important; text-align: center;\"><span style=\"color: var(--tcb-skin-color-4) ;\">Il est possible de nous contacter par t\u00e9l\u00e9phone au 004961423306670,<\/span><\/p>\n<p style=\"color: var(--tcb-skin-color-4)  !important; --tcb-applied-color:var$(--tcb-skin-color-4)  !important; text-align: center;\"><span style=\"color: var(--tcb-skin-color-4) ;\">e-mail \u00e0 <strong>support@lisbontouristinformation.com\/fr<\/strong>&nbsp;<\/span><\/p>\n<p style=\"color: var(--tcb-skin-color-4)  !important; --tcb-applied-color:var$(--tcb-skin-color-4)  !important; text-align: center;\"><span style=\"color: var(--tcb-skin-color-4) ;\">ou en utilisant notre formulaire de contact.<\/span><\/p>\n<p>__CONFIG_colors_palette__{\u00ab\u00a0active_palette\u00a0\u00bb:0,\u00a0\u00bbconfig\u00a0\u00bb:{\u00ab\u00a0colors\u00a0\u00bb:{\u00ab\u00a0493bf\u00a0\u00bb:{\u00ab\u00a0name\u00a0\u00bb:\u00a0\u00bbMain Accent\u00a0\u00bb,\u00a0\u00bbparent\u00a0\u00bb:-1},\u00a0\u00bb076c1&Prime;:{\u00ab\u00a0name\u00a0\u00bb:\u00a0\u00bbMain Accent Light\u00a0\u00bb,\u00a0\u00bbparent\u00a0\u00bb:\u00a0\u00bb493bf\u00a0\u00bb,\u00a0\u00bblock\u00a0\u00bb:{\u00ab\u00a0lightness\u00a0\u00bb:1}}},\u00a0\u00bbgradients\u00a0\u00bb:[]},\u00a0\u00bbpalettes\u00a0\u00bb:[{\u00ab\u00a0name\u00a0\u00bb:\u00a0\u00bbDefault\u00a0\u00bb,\u00a0\u00bbvalue\u00a0\u00bb:{\u00ab\u00a0colors\u00a0\u00bb:{\u00ab\u00a0493bf\u00a0\u00bb:{\u00ab\u00a0val\u00a0\u00bb:\u00a0\u00bbvar(&#8211;tcb-skin-color-0)\u00a0\u00bb},\u00a0\u00bb076c1&Prime;:{\u00ab\u00a0val\u00a0\u00bb:\u00a0\u00bbrgba(247, 29, 61, 0.6)\u00a0\u00bb,\u00a0\u00bbhsl_parent_dependency\u00a0\u00bb:{\u00ab\u00a0h\u00a0\u00bb:351,\u00a0\u00bbl\u00a0\u00bb:0.54,\u00a0\u00bbs\u00a0\u00bb:0.93}}},\u00a0\u00bbgradients\u00a0\u00bb:[]},\u00a0\u00bboriginal\u00a0\u00bb:{\u00ab\u00a0colors\u00a0\u00bb:{\u00ab\u00a0493bf\u00a0\u00bb:{\u00ab\u00a0val\u00a0\u00bb:\u00a0\u00bbrgb(47, 138, 229)\u00a0\u00bb,\u00a0\u00bbhsl\u00a0\u00bb:{\u00ab\u00a0h\u00a0\u00bb:210,\u00a0\u00bbs\u00a0\u00bb:0.77,\u00a0\u00bbl\u00a0\u00bb:0.54,\u00a0\u00bba\u00a0\u00bb:1}},\u00a0\u00bb076c1&Prime;:{\u00ab\u00a0val\u00a0\u00bb:\u00a0\u00bbrgba(47, 138, 229, 0.6)\u00a0\u00bb,\u00a0\u00bbhsl_parent_dependency\u00a0\u00bb:{\u00ab\u00a0h\u00a0\u00bb:210,\u00a0\u00bbs\u00a0\u00bb:0.77,\u00a0\u00bbl\u00a0\u00bb:0.54,\u00a0\u00bba\u00a0\u00bb:0.6}}},\u00a0\u00bbgradients\u00a0\u00bb:[]}}]}__CONFIG_colors_palette__    Name      Preferred Contact Method   __CONFIG_colors_palette__{\u00ab\u00a0active_palette\u00a0\u00bb:0,\u00a0\u00bbconfig\u00a0\u00bb:{\u00ab\u00a0colors\u00a0\u00bb:{\u00ab\u00a030800\u00a0\u00bb:{\u00ab\u00a0name\u00a0\u00bb:\u00a0\u00bbMain Accent\u00a0\u00bb,\u00a0\u00bbparent\u00a0\u00bb:-1},\u00a0\u00bbf2bba\u00a0\u00bb:{\u00ab\u00a0name\u00a0\u00bb:\u00a0\u00bbMain Light 10&Prime;,\u00a0\u00bbparent\u00a0\u00bb:\u00a0\u00bb30800&Prime;},\u00a0\u00bbtrewq\u00a0\u00bb:{\u00ab\u00a0name\u00a0\u00bb:\u00a0\u00bbMain Light 30&Prime;,\u00a0\u00bbparent\u00a0\u00bb:\u00a0\u00bb30800&Prime;},\u00a0\u00bbfrty6&Prime;:{\u00ab\u00a0name\u00a0\u00bb:\u00a0\u00bbMain Light 45&Prime;,\u00a0\u00bbparent\u00a0\u00bb:\u00a0\u00bb30800&Prime;},\u00a0\u00bbflktr\u00a0\u00bb:{\u00ab\u00a0name\u00a0\u00bb:\u00a0\u00bbMain Light 80&Prime;,\u00a0\u00bbparent\u00a0\u00bb:\u00a0\u00bb30800&Prime;}},\u00a0\u00bbgradients\u00a0\u00bb:[]},\u00a0\u00bbpalettes\u00a0\u00bb:[{\u00ab\u00a0name\u00a0\u00bb:\u00a0\u00bbDefault\u00a0\u00bb,\u00a0\u00bbvalue\u00a0\u00bb:{\u00ab\u00a0colors\u00a0\u00bb:{\u00ab\u00a030800\u00a0\u00bb:{\u00ab\u00a0val\u00a0\u00bb:\u00a0\u00bbrgb(234, 7, 41)\u00a0\u00bb,\u00a0\u00bbhsl\u00a0\u00bb:{\u00ab\u00a0h\u00a0\u00bb:351.0132158590308,\u00a0\u00bbs\u00a0\u00bb:0.941908713692946,\u00a0\u00bbl\u00a0\u00bb:0.4725490196078431,\u00a0\u00bba\u00a0\u00bb:1}},\u00a0\u00bbf2bba\u00a0\u00bb:{\u00ab\u00a0val\u00a0\u00bb:\u00a0\u00bbrgba(253, 59, 88, 0.1)\u00a0\u00bb,\u00a0\u00bbhsl_parent_dependency\u00a0\u00bb:{\u00ab\u00a0h\u00a0\u00bb:351.03092783505156,\u00a0\u00bbs\u00a0\u00bb:0.9797979797979799,\u00a0\u00bbl\u00a0\u00bb:0.611764705882353,\u00a0\u00bba\u00a0\u00bb:0.1}},\u00a0\u00bbtrewq\u00a0\u00bb:{\u00ab\u00a0val\u00a0\u00bb:\u00a0\u00bbrgba(253, 59, 88, 0.3)\u00a0\u00bb,\u00a0\u00bbhsl_parent_dependency\u00a0\u00bb:{\u00ab\u00a0h\u00a0\u00bb:351.03092783505156,\u00a0\u00bbs\u00a0\u00bb:0.9797979797979799,\u00a0\u00bbl\u00a0\u00bb:0.611764705882353,\u00a0\u00bba\u00a0\u00bb:0.3}},\u00a0\u00bbfrty6&Prime;:{\u00ab\u00a0val\u00a0\u00bb:\u00a0\u00bbrgba(253, 59, 88, 0.45)\u00a0\u00bb,\u00a0\u00bbhsl_parent_dependency\u00a0\u00bb:{\u00ab\u00a0h\u00a0\u00bb:351.03092783505156,\u00a0\u00bbs\u00a0\u00bb:0.9797979797979799,\u00a0\u00bbl\u00a0\u00bb:0.611764705882353,\u00a0\u00bba\u00a0\u00bb:0.45}},\u00a0\u00bbflktr\u00a0\u00bb:{\u00ab\u00a0val\u00a0\u00bb:\u00a0\u00bbrgba(253, 59, 88, 0.8)\u00a0\u00bb,\u00a0\u00bbhsl_parent_dependency\u00a0\u00bb:{\u00ab\u00a0h\u00a0\u00bb:351.03092783505156,\u00a0\u00bbs\u00a0\u00bb:0.9797979797979799,\u00a0\u00bbl\u00a0\u00bb:0.611764705882353,\u00a0\u00bba\u00a0\u00bb:0.8}}},\u00a0\u00bbgradients\u00a0\u00bb:[]},\u00a0\u00bboriginal\u00a0\u00bb:{\u00ab\u00a0colors\u00a0\u00bb:{\u00ab\u00a030800\u00a0\u00bb:{\u00ab\u00a0val\u00a0\u00bb:\u00a0\u00bbrgb(59, 136, 253)\u00a0\u00bb,\u00a0\u00bbhsl\u00a0\u00bb:{\u00ab\u00a0h\u00a0\u00bb:216,\u00a0\u00bbs\u00a0\u00bb:0.98,\u00a0\u00bbl\u00a0\u00bb:0.61}},\u00a0\u00bbf2bba\u00a0\u00bb:{\u00ab\u00a0val\u00a0\u00bb:\u00a0\u00bbrgba(59, 136, 253, 0.1)\u00a0\u00bb,\u00a0\u00bbhsl_parent_dependency\u00a0\u00bb:{\u00ab\u00a0h\u00a0\u00bb:216,\u00a0\u00bbs\u00a0\u00bb:0.98,\u00a0\u00bbl\u00a0\u00bb:0.61,\u00a0\u00bba\u00a0\u00bb:0.1}},\u00a0\u00bbtrewq\u00a0\u00bb:{\u00ab\u00a0val\u00a0\u00bb:\u00a0\u00bbrgba(59, 136, 253, 0.3)\u00a0\u00bb,\u00a0\u00bbhsl_parent_dependency\u00a0\u00bb:{\u00ab\u00a0h\u00a0\u00bb:216,\u00a0\u00bbs\u00a0\u00bb:0.98,\u00a0\u00bbl\u00a0\u00bb:0.61,\u00a0\u00bba\u00a0\u00bb:0.3}},\u00a0\u00bbfrty6&Prime;:{\u00ab\u00a0val\u00a0\u00bb:\u00a0\u00bbrgba(59, 136, 253, 0.45)\u00a0\u00bb,\u00a0\u00bbhsl_parent_dependency\u00a0\u00bb:{\u00ab\u00a0h\u00a0\u00bb:216,\u00a0\u00bbs\u00a0\u00bb:0.98,\u00a0\u00bbl\u00a0\u00bb:0.61,\u00a0\u00bba\u00a0\u00bb:0.45}},\u00a0\u00bbflktr\u00a0\u00bb:{\u00ab\u00a0val\u00a0\u00bb:\u00a0\u00bbrgba(59, 136, 253, 0.8)\u00a0\u00bb,\u00a0\u00bbhsl_parent_dependency\u00a0\u00bb:{\u00ab\u00a0h\u00a0\u00bb:216,\u00a0\u00bbs\u00a0\u00bb:0.98,\u00a0\u00bbl\u00a0\u00bb:0.61,\u00a0\u00bba\u00a0\u00bb:0.8}}},\u00a0\u00bbgradients\u00a0\u00bb:[]}}]}__CONFIG_colors_palette__   <span style=\"\"><\/span> <span style=\"\">Call Back<\/span>  __CONFIG_colors_palette__{\u00ab\u00a0active_palette\u00a0\u00bb:0,\u00a0\u00bbconfig\u00a0\u00bb:{\u00ab\u00a0colors\u00a0\u00bb:{\u00ab\u00a030800\u00a0\u00bb:{\u00ab\u00a0name\u00a0\u00bb:\u00a0\u00bbMain Accent\u00a0\u00bb,\u00a0\u00bbparent\u00a0\u00bb:-1},\u00a0\u00bbf2bba\u00a0\u00bb:{\u00ab\u00a0name\u00a0\u00bb:\u00a0\u00bbMain Light 10&Prime;,\u00a0\u00bbparent\u00a0\u00bb:\u00a0\u00bb30800&Prime;},\u00a0\u00bbtrewq\u00a0\u00bb:{\u00ab\u00a0name\u00a0\u00bb:\u00a0\u00bbMain Light 30&Prime;,\u00a0\u00bbparent\u00a0\u00bb:\u00a0\u00bb30800&Prime;},\u00a0\u00bbfrty6&Prime;:{\u00ab\u00a0name\u00a0\u00bb:\u00a0\u00bbMain Light 45&Prime;,\u00a0\u00bbparent\u00a0\u00bb:\u00a0\u00bb30800&Prime;},\u00a0\u00bbflktr\u00a0\u00bb:{\u00ab\u00a0name\u00a0\u00bb:\u00a0\u00bbMain Light 80&Prime;,\u00a0\u00bbparent\u00a0\u00bb:\u00a0\u00bb30800&Prime;}},\u00a0\u00bbgradients\u00a0\u00bb:[]},\u00a0\u00bbpalettes\u00a0\u00bb:[{\u00ab\u00a0name\u00a0\u00bb:\u00a0\u00bbDefault\u00a0\u00bb,\u00a0\u00bbvalue\u00a0\u00bb:{\u00ab\u00a0colors\u00a0\u00bb:{\u00ab\u00a030800\u00a0\u00bb:{\u00ab\u00a0val\u00a0\u00bb:\u00a0\u00bbrgb(234, 7, 41)\u00a0\u00bb,\u00a0\u00bbhsl\u00a0\u00bb:{\u00ab\u00a0h\u00a0\u00bb:351.0132158590308,\u00a0\u00bbs\u00a0\u00bb:0.941908713692946,\u00a0\u00bbl\u00a0\u00bb:0.4725490196078431,\u00a0\u00bba\u00a0\u00bb:1}},\u00a0\u00bbf2bba\u00a0\u00bb:{\u00ab\u00a0val\u00a0\u00bb:\u00a0\u00bbrgba(253, 59, 88, 0.1)\u00a0\u00bb,\u00a0\u00bbhsl_parent_dependency\u00a0\u00bb:{\u00ab\u00a0h\u00a0\u00bb:351.03092783505156,\u00a0\u00bbs\u00a0\u00bb:0.9797979797979799,\u00a0\u00bbl\u00a0\u00bb:0.611764705882353,\u00a0\u00bba\u00a0\u00bb:0.1}},\u00a0\u00bbtrewq\u00a0\u00bb:{\u00ab\u00a0val\u00a0\u00bb:\u00a0\u00bbrgba(253, 59, 88, 0.3)\u00a0\u00bb,\u00a0\u00bbhsl_parent_dependency\u00a0\u00bb:{\u00ab\u00a0h\u00a0\u00bb:351.03092783505156,\u00a0\u00bbs\u00a0\u00bb:0.9797979797979799,\u00a0\u00bbl\u00a0\u00bb:0.611764705882353,\u00a0\u00bba\u00a0\u00bb:0.3}},\u00a0\u00bbfrty6&Prime;:{\u00ab\u00a0val\u00a0\u00bb:\u00a0\u00bbrgba(253, 59, 88, 0.45)\u00a0\u00bb,\u00a0\u00bbhsl_parent_dependency\u00a0\u00bb:{\u00ab\u00a0h\u00a0\u00bb:351.03092783505156,\u00a0\u00bbs\u00a0\u00bb:0.9797979797979799,\u00a0\u00bbl\u00a0\u00bb:0.611764705882353,\u00a0\u00bba\u00a0\u00bb:0.45}},\u00a0\u00bbflktr\u00a0\u00bb:{\u00ab\u00a0val\u00a0\u00bb:\u00a0\u00bbrgba(253, 59, 88, 0.8)\u00a0\u00bb,\u00a0\u00bbhsl_parent_dependency\u00a0\u00bb:{\u00ab\u00a0h\u00a0\u00bb:351.03092783505156,\u00a0\u00bbs\u00a0\u00bb:0.9797979797979799,\u00a0\u00bbl\u00a0\u00bb:0.611764705882353,\u00a0\u00bba\u00a0\u00bb:0.8}}},\u00a0\u00bbgradients\u00a0\u00bb:[]},\u00a0\u00bboriginal\u00a0\u00bb:{\u00ab\u00a0colors\u00a0\u00bb:{\u00ab\u00a030800\u00a0\u00bb:{\u00ab\u00a0val\u00a0\u00bb:\u00a0\u00bbrgb(59, 136, 253)\u00a0\u00bb,\u00a0\u00bbhsl\u00a0\u00bb:{\u00ab\u00a0h\u00a0\u00bb:216,\u00a0\u00bbs\u00a0\u00bb:0.98,\u00a0\u00bbl\u00a0\u00bb:0.61}},\u00a0\u00bbf2bba\u00a0\u00bb:{\u00ab\u00a0val\u00a0\u00bb:\u00a0\u00bbrgba(59, 136, 253, 0.1)\u00a0\u00bb,\u00a0\u00bbhsl_parent_dependency\u00a0\u00bb:{\u00ab\u00a0h\u00a0\u00bb:216,\u00a0\u00bbs\u00a0\u00bb:0.98,\u00a0\u00bbl\u00a0\u00bb:0.61,\u00a0\u00bba\u00a0\u00bb:0.1}},\u00a0\u00bbtrewq\u00a0\u00bb:{\u00ab\u00a0val\u00a0\u00bb:\u00a0\u00bbrgba(59, 136, 253, 0.3)\u00a0\u00bb,\u00a0\u00bbhsl_parent_dependency\u00a0\u00bb:{\u00ab\u00a0h\u00a0\u00bb:216,\u00a0\u00bbs\u00a0\u00bb:0.98,\u00a0\u00bbl\u00a0\u00bb:0.61,\u00a0\u00bba\u00a0\u00bb:0.3}},\u00a0\u00bbfrty6&Prime;:{\u00ab\u00a0val\u00a0\u00bb:\u00a0\u00bbrgba(59, 136, 253, 0.45)\u00a0\u00bb,\u00a0\u00bbhsl_parent_dependency\u00a0\u00bb:{\u00ab\u00a0h\u00a0\u00bb:216,\u00a0\u00bbs\u00a0\u00bb:0.98,\u00a0\u00bbl\u00a0\u00bb:0.61,\u00a0\u00bba\u00a0\u00bb:0.45}},\u00a0\u00bbflktr\u00a0\u00bb:{\u00ab\u00a0val\u00a0\u00bb:\u00a0\u00bbrgba(59, 136, 253, 0.8)\u00a0\u00bb,\u00a0\u00bbhsl_parent_dependency\u00a0\u00bb:{\u00ab\u00a0h\u00a0\u00bb:216,\u00a0\u00bbs\u00a0\u00bb:0.98,\u00a0\u00bbl\u00a0\u00bb:0.61,\u00a0\u00bba\u00a0\u00bb:0.8}}},\u00a0\u00bbgradients\u00a0\u00bb:[]}}]}__CONFIG_colors_palette__   <span style=\"\"><\/span> <span style=\"\">E-Mail<\/span>   Message *  <span style=\"\">0 of 3000<\/span> Characters __CONFIG_colors_palette__{\u00ab\u00a0active_palette\u00a0\u00bb:0,\u00a0\u00bbconfig\u00a0\u00bb:{\u00ab\u00a0colors\u00a0\u00bb:{\u00ab\u00a09bd08\u00a0\u00bb:{\u00ab\u00a0name\u00a0\u00bb:\u00a0\u00bbMain Accent\u00a0\u00bb,\u00a0\u00bbparent\u00a0\u00bb:-1}},\u00a0\u00bbgradients\u00a0\u00bb:[]},\u00a0\u00bbpalettes\u00a0\u00bb:[{\u00ab\u00a0name\u00a0\u00bb:\u00a0\u00bbDefault Palette\u00a0\u00bb,\u00a0\u00bbvalue\u00a0\u00bb:{\u00ab\u00a0colors\u00a0\u00bb:{\u00ab\u00a09bd08\u00a0\u00bb:{\u00ab\u00a0val\u00a0\u00bb:\u00a0\u00bbvar(&#8211;tcb-local-color-687c7)\u00a0\u00bb}},\u00a0\u00bbgradients\u00a0\u00bb:[]},\u00a0\u00bboriginal\u00a0\u00bb:{\u00ab\u00a0colors\u00a0\u00bb:{\u00ab\u00a09bd08\u00a0\u00bb:{\u00ab\u00a0val\u00a0\u00bb:\u00a0\u00bbrgb(19, 114, 211)\u00a0\u00bb,\u00a0\u00bbhsl\u00a0\u00bb:{\u00ab\u00a0h\u00a0\u00bb:210,\u00a0\u00bbs\u00a0\u00bb:0.83,\u00a0\u00bbl\u00a0\u00bb:0.45}}},\u00a0\u00bbgradients\u00a0\u00bb:[]}}]}__CONFIG_colors_palette__ <a href=\"#\" style=\"\"> <span style=\"\"><span style=\"\" data-tcb_hover_state_parent=\"\">Send Message<\/span><\/span> <\/a>        <\/p>\n","protected":false},"excerpt":{"rendered":"<p>Guide d&rsquo;arriv\u00e9e \u00e0 Lisbonne Un guide simple sur les vols, les trains, les bus et la conduite de votre propre voiture \u00e0 Lisbonne. Comment se rendre \u00e0 Lisbonne &#8230; et comment se d\u00e9placer facilement dans la ville Taxis \u00e0 Lisbonne : Uber, Navettes A\u00e9roport et Tarifs Lors de votre visite \u00e0 Lisbonne, diff\u00e9rentes options Lire [&hellip;]<\/p>\n","protected":false},"author":18,"featured_media":1665,"parent":0,"menu_order":0,"comment_status":"closed","ping_status":"closed","template":"","meta":{"footnotes":""},"tags":[],"class_list":["post-2815","page","type-page","status-publish","has-post-thumbnail","hentry","post-wrapper","thrv_wrapper"],"_links":{"self":[{"href":"https:\/\/lisbontouristinformation.com\/fr\/wp-json\/wp\/v2\/pages\/2815","targetHints":{"allow":["GET"]}}],"collection":[{"href":"https:\/\/lisbontouristinformation.com\/fr\/wp-json\/wp\/v2\/pages"}],"about":[{"href":"https:\/\/lisbontouristinformation.com\/fr\/wp-json\/wp\/v2\/types\/page"}],"author":[{"embeddable":true,"href":"https:\/\/lisbontouristinformation.com\/fr\/wp-json\/wp\/v2\/users\/18"}],"replies":[{"embeddable":true,"href":"https:\/\/lisbontouristinformation.com\/fr\/wp-json\/wp\/v2\/comments?post=2815"}],"version-history":[{"count":0,"href":"https:\/\/lisbontouristinformation.com\/fr\/wp-json\/wp\/v2\/pages\/2815\/revisions"}],"wp:featuredmedia":[{"embeddable":true,"href":"https:\/\/lisbontouristinformation.com\/fr\/wp-json\/wp\/v2\/media\/1665"}],"wp:attachment":[{"href":"https:\/\/lisbontouristinformation.com\/fr\/wp-json\/wp\/v2\/media?parent=2815"}],"wp:term":[{"taxonomy":"post_tag","embeddable":true,"href":"https:\/\/lisbontouristinformation.com\/fr\/wp-json\/wp\/v2\/tags?post=2815"}],"curies":[{"name":"wp","href":"https:\/\/api.w.org\/{rel}","templated":true}]}}