{"id":216,"date":"2020-06-05T14:59:44","date_gmt":"2020-06-05T12:59:44","guid":{"rendered":"http:\/\/berlincitytrips.com\/?page_id=216"},"modified":"2022-08-12T13:27:36","modified_gmt":"2022-08-12T12:27:36","slug":"vie-nocturne-a-lisbonne","status":"publish","type":"page","link":"https:\/\/lisbontouristinformation.com\/fr\/guide-lifestyle-a-lisbonne\/vie-nocturne-a-lisbonne\/","title":{"rendered":"Guide de la Vie Nocturne \u00e0 Lisbonne : Bars, Clubs et Spectacles"},"content":{"rendered":"<h2 id=\"t-1653394170444\" data-hide=\"true\" style=\"\">Tenez-vous au courant des activit\u00e9s nocturnes les plus branch\u00e9es de Lisbonne.<\/h2>\n<p style=\"\">Dans ce guide, lisez tout ce que vous devez savoir sur les bars, les clubs, les spectacles et les conseils g\u00e9n\u00e9raux pour une soir\u00e9e anim\u00e9e dans la vie nocturne de Lisbonne.<\/p>\n<h2 id=\"t-1653394170445\" data-alt-text=\"What do I need to know?\" style=\"\">Que dois-je savoir sur la vie nocturne de Lisbonne ?<\/h2>\n<p style=\"\">En ce qui concerne la vie nocturne, la capitale portugaise n&rsquo;est peut-\u00eatre pas \u00e0 la hauteur de Berlin ou d&rsquo;Istanbul, mais <b>elle est en plein essor<\/b> et captive certainement par sa <b>sc\u00e8ne dynamique et diversifi\u00e9e<\/b>.<\/p>\n<p style=\"\">D\u00e8s que le cr\u00e9puscule tombe, Lisbonne prend vie ! L&rsquo;\u00e9nergie calme et paisible pendant la journ\u00e9e contraste fortement avec l&rsquo; <b>ambiance vibrante et bond\u00e9e apr\u00e8s la tomb\u00e9e de la nuit<\/b>.<\/p>\n<p style=\"\">Il existe des options de vie nocturne <b>pour tous les budgets,<\/b>&nbsp;des pubs d\u00e9contract\u00e9s bon march\u00e9 et des bars branch\u00e9s aux toits \u00e9l\u00e9gants et aux discoth\u00e8ques branch\u00e9es.<\/p>\n<p style=\"\">Cependant, vous ne devriez pas vous attendre \u00e0 de nombreux grands clubs dans la ville. En fait, le vrai charme de la vie nocturne de Lisbonne r\u00e9side dans les <b>petits bars intimes des vieux b\u00e2timents<\/b> des quartiers centraux, qui ont leurs propres atmosph\u00e8res uniques. Et les toits!&nbsp;Le beau temps de Lisbonne en fait une ville id\u00e9ale pour <a href=\"https:\/\/lisbontouristinformation.com\/fr\/guide-lifestyle-a-lisbonne\/restaurants-a-lisbonne\/meilleurs-rooftops-a-lisbonne\/\" style=\"outline: none;\">les f\u00eates sur les toits et les repas<\/a>!<\/p>\n<p><b>Un conseil pour les dames<\/b> : Optez pour de jolies sandales, baskets ou compens\u00e9es plut\u00f4t que des talons. Ils sont beaucoup plus adapt\u00e9s aux rues pav\u00e9es et aux nombreuses collines de la ville.<\/p>\n<p><span><img decoding=\"async\" loading=\"lazy\" alt=\"Conseils de vie nocturne pour Lisbonne\" data-id=\"6840\" width=\"702\" data-init-width=\"1000\" height=\"494\" data-init-height=\"703\" title=\"Conseils de vie nocturne pour Lisbonne\" src=\"https:\/\/lisbontouristinformation.com\/fr\/wp-content\/uploads\/2022\/06\/Nightlife-Tips-for-Lisbon.jpg\" data-width=\"702\" data-height=\"494\"><\/span><\/p>\n<h3 id=\"t-1653394170449\">Conseils pour la vie nocturne<\/h3>\n<ul>\n<li><b>Quartiers nocturnes<\/b> : <a href=\"https:\/\/lisbontouristinformation.com\/fr\/organiser-votre-voyage-a-lisbonne\/meilleurs-quartiers-de-lisbonne\/\" style=\"outline: none;\">&nbsp;Bairro Alto, Cais do Sodr\u00e9, Santos, Pr\u00edncipe Real, Intendente, Alfama<\/a><\/li>\n<li><b>Code vestimentaire<\/b> : Lisbonne est une ville tr\u00e8s d\u00e9contract\u00e9e. Vous n&rsquo;avez pas \u00e0 vous soucier de vous habiller pour sortir le soir. Vous n&rsquo;aurez \u00e0 faire face \u00e0 un code vestimentaire que dans les bo\u00eetes de nuit chics, telles que Lux.<\/li>\n<li><b>Prix :<\/b> En g\u00e9n\u00e9ral, vous pouvez vous attendre \u00e0 des prix plus bas qu&rsquo;ailleurs en Europe. Par exemple, une bi\u00e8re co\u00fbte normalement moins de 2 euros.<\/li>\n<li><b>Ambiance :<\/b> L&rsquo;ambiance \u00e0 Lisbonne est d\u00e9tendue et parfaite pour les personnes entre la fin de la vingtaine et le d\u00e9but de la quarantaine.<\/li>\n<\/ul>\n<h3 id=\"t-1653394170462\">Heures de la vie nocturne<\/h3>\n<p><span style=\"color: var(--tcb-skin-color-5); font-family: Muli; font-size: 18px; font-weight: var(--g-regular-weight,normal);\">La vie nocturne \u00e0 Lisbonne&nbsp;<\/span><b style=\"color: var(--tcb-skin-color-5); font-family: Muli; font-size: 18px;\">commence relativement tard<\/b><span style=\"color: var(--tcb-skin-color-5); font-family: Muli; font-size: 18px; font-weight: var(--g-regular-weight,normal);\">, car les Portugais ne d\u00eenent qu&rsquo;entre 20h00 et 21h30 &#8211; le week-end, cela peut m\u00eame \u00eatre plus tard. Par cons\u00e9quent, les bars se remplissent au plus t\u00f4t \u00e0 23h00 et sont g\u00e9n\u00e9ralement ouverts jusqu&rsquo;\u00e0 3h00 ou 4h00. Le clubbing ne commence pas avant 2h00. Pour les noctambules qui cherchent \u00e0 faire le plein de vie nocturne, rendez-vous dans une bo\u00eete de nuit \u00e0 Cais do Sodr\u00e9 ou dans l&rsquo;un des clubs au bord de la rivi\u00e8re qui restent ouverts plus longtemps.<\/span><\/p>\n<h2 id=\"t-1653394170446\" style=\"\">Meilleures exp\u00e9riences nocturnes \u00e0 Lisbonne<\/h2>\n<p style=\"\">Avec sa vie nocturne diversifi\u00e9e, Lisbonne promet beaucoup d&rsquo;excitation.<\/p>\n<p>D\u00e9couvrez ici ce que la capitale portugaise a de mieux \u00e0 offrir!<\/p>\n<p><span><img decoding=\"async\" loading=\"lazy\" alt=\"Faire la tourn\u00e9e des bars du Bairro Alto \u00e0 Lisbonne\" data-id=\"6842\" width=\"702\" data-init-width=\"1000\" height=\"395\" data-init-height=\"563\" title=\"Faire la tourn\u00e9e des bars du Bairro Alto \u00e0 Lisbonne\" src=\"https:\/\/lisbontouristinformation.com\/fr\/wp-content\/uploads\/2022\/06\/Bar-hopping-in-Bairro-Alto-in-Lisbon-1.jpg\" data-width=\"702\" data-height=\"395\" style=\"\"><\/span><\/p>\n<h3 id=\"t-1653394170451\" data-alt-text=\"1. Bairro Alto\" style=\"\">1. Faire la tourn\u00e9e des bars dans le Bairro Alto<\/h3>\n<p><b>Le quartier des f\u00eates<\/b> de Lisbonne est incontestablement le Bairro Alto.<b>&nbsp;<\/b>C&rsquo;est l&rsquo; <b> <\/b>endroit id\u00e9al pour vivre une soir\u00e9e inoubliable. D\u00e8s que le soleil se couche, les rues tranquilles du quartier perch\u00e9 s&rsquo;animent et se remplissent de monde et de musique. Les gens aiment se r\u00e9unir ici pour se retrouver autour de p\u00e9tiscos (la version portugaise des tapas) et de quelques bi\u00e8res, cocktails ou vins matinaux, qui se poursuivent jusque dans la nuit.<\/p>\n<p>Des bi\u00e8res bon march\u00e9 dans la rue \u00e0 un d\u00eener de cuisine fusion en passant par un groupe live ou un DJ pour danser, <b>il existe toutes sortes de bo\u00eetes de nuit, peu importe ce dont vous avez envie<\/b>.&nbsp;Promenez-vous simplement dans les rues historiques en forme de labyrinthe parsem\u00e9es de graffitis et <b>sautez d&rsquo;un lieu \u00e0 l&rsquo;autre<\/b>.&nbsp;Les bars du Bairro Alto ferment g\u00e9n\u00e9ralement \u00e0 2h00.<\/p>\n<p>\u2192 En savoir plus sur les <a href=\"https:\/\/lisbontouristinformation.com\/fr\/guide-lifestyle-a-lisbonne\/restaurants-a-lisbonne\/bars-a-vin-a-lisbonne\/\" style=\"outline: none;\">meilleurs bars de Lisbonne<\/a>&nbsp;et du Bairro Alto dans cet article connexe!<\/p>\n<p><span><img decoding=\"async\" loading=\"lazy\" alt=\"Cais do Sodre et Pink Street \u00e0 Lisbonne\" data-id=\"6843\" width=\"702\" data-init-width=\"1000\" height=\"468\" data-init-height=\"667\" title=\"Cais do Sodre et Pink Street \u00e0 Lisbonne\" src=\"https:\/\/lisbontouristinformation.com\/fr\/wp-content\/uploads\/2022\/06\/Cais-do-Sodre-and-Pink-Street-in-Lisbon.jpg\" data-width=\"702\" data-height=\"468\"><\/span><\/p>\n<h3 id=\"t-1653394170452\" data-alt-text=\"2. Cais do Sodre &amp; Pink Street\" style=\"\">2. Cais do Sodr\u00e9 et Pink Street<\/h3>\n<p>Autrefois quartier rouge de Lisbonne, le quartier riverain Cais do Sodr\u00e9 <b> <\/b>est aujourd&rsquo;hui l&rsquo;un des quartiers les <b>plus branch\u00e9s de la vie nocturne<\/b> de la ville. Que vous souhaitiez un d\u00eener \u00e9l\u00e9gant, des boissons au bord de la rivi\u00e8re ou faire la f\u00eate toute la nuit, Cais do Sodr\u00e9 <b> <\/b>a ce qu&rsquo;il vous faut. <b> <\/b>Le quartier est l&rsquo;endroit o\u00f9 la plupart des f\u00eatards se rendent apr\u00e8s la fermeture des bars du Bairro Alto.<\/p>\n<p>Le quartier abrite \u00e9galement l&rsquo;un des points chauds de la vie nocturne les plus branch\u00e9s de la ville : <b>Pink Street<\/b> (officiellement : Rua Nova do Carvalho). La rue pi\u00e9tonne regorge de certains des bars et clubs de danse les plus populaires qui d\u00e9bordent dans les espaces ouverts \u00e0 l&rsquo;avant avec de petites tables plac\u00e9es sous des parapluies arc-en-ciel. Pink Street, c\u00e9l\u00e8bre pour ses <b>f\u00eates de rue<\/b>, doit son surnom au sol peint en rose bubblegum, et est le&nbsp;<b>meilleur endroit pour faire la f\u00eate jusqu&rsquo;aux petites heures de la nuit.<\/b><\/p>\n<p><span><img decoding=\"async\" loading=\"lazy\" alt=\"Boire des cocktails dans un bar sur le toit \u00e0 Lisbonne\" data-id=\"6845\" width=\"702\" data-init-width=\"1000\" height=\"468\" data-init-height=\"667\" title=\"Boire des cocktails dans un bar sur le toit \u00e0 Lisbonne\" src=\"https:\/\/lisbontouristinformation.com\/fr\/wp-content\/uploads\/2022\/06\/Drink-Cocktails-at-a-Rooftop-Bar-in-Lisbon-1.jpg\" data-width=\"702\" data-height=\"468\" style=\"\"><\/span><\/p>\n<h3 id=\"t-1653394170453\" data-alt-text=\"3. Rooftop Bars\" style=\"\">3. Boire des cocktails dans un bar sur le toit<\/h3>\n<p>Lisbonne est probablement l&rsquo;une des meilleures villes du monde en mati\u00e8re de bars et de terrasses sur les toits. Avec le <b>temps id\u00e9al toute l&rsquo;ann\u00e9e<\/b> qui vous donne envie de vous asseoir dehors jour et nuit, ce n&rsquo;est pas \u00e9tonnant. Savourez des boissons, un d\u00eener ou des friandises <b>avec des vues de r\u00eave<\/b> sur les toits de Lisbonne, le Tage et la mer de toits en terre cuite. De nombreux lieux proposent \u00e9galement de la musique live et des performances de DJ. Des bars <b>luxueux et chics aux <\/b><b>bars sur les toits d\u00e9contract\u00e9s <\/b><b>et confortables,<\/b>&nbsp;il y en a pour tous les go\u00fbts, tous&nbsp;<a href=\"https:\/\/lisbontouristinformation.com\/fr\/guide-lifestyle-a-lisbonne\/restaurants-a-lisbonne\/meilleurs-rooftops-a-lisbonne\/\" style=\"outline: none;\">r\u00e9pertori\u00e9s dans cet article.<\/a><b><\/b><a href=\"https:\/\/lisbontouristinformation.com\/fr\/guide-lifestyle-a-lisbonne\/restaurants-a-lisbonne\/meilleurs-rooftops-a-lisbonne\/\" style=\"outline: none;\"><\/a>&nbsp;<\/p>\n<p>Alors que les bars sur les toits sont <b>diss\u00e9min\u00e9s dans tout Lisbonne<\/b>, vous pouvez en trouver beaucoup dans les quartiers de Baixa et de Chiado, dont beaucoup au-dessus d&rsquo;un h\u00f4tel.&nbsp;Nos favoris incluent le chic Sky Bar SEEN, le branch\u00e9&nbsp;Jav\u00e1 Rooftop, le Topo Chiado et le bar urbain sur le toit Park.<\/p>\n<p>La plupart des <a href=\"https:\/\/lisbontouristinformation.com\/fr\/hotels-a-lisbonne\/hotels-avec-piscine\/\" style=\"outline: none;\">meilleurs h\u00f4tels de Lisbonne avec piscine<\/a> comprennent \u00e9galement des bars sur le toit. D\u00e9couvrez-les et d\u00e9couvrez ceux qui vous int\u00e9ressent!<\/p>\n<p><span><img decoding=\"async\" loading=\"lazy\" alt=\"Assistez \u00e0 un authentique spectacle de Fado \u00e0 Lisbonne\" data-id=\"6847\" width=\"702\" data-init-width=\"1000\" height=\"468\" data-init-height=\"667\" title=\"Assistez \u00e0 un authentique spectacle de Fado \u00e0 Lisbonne\" src=\"https:\/\/lisbontouristinformation.com\/fr\/wp-content\/uploads\/2022\/06\/Attend-an-authentic-Fado-Show-in-Lisbon-1.jpg\" data-width=\"702\" data-height=\"468\" style=\"\"><\/span><\/p>\n<h3 id=\"t-1653394170454\" data-alt-text=\"4. Fado Show\" style=\"\">4. Assistez \u00e0 un authentique spectacle de fado<\/h3>\n<p>Un tout autre type de vie nocturne, qui attire principalement des touristes qui ne recherchent pas des nuits folles, mais plut\u00f4t une <b>exp\u00e9rience locale authentique<\/b>, sont les spectacles de fado.&nbsp;Le fado est la <b>musique portugaise traditionnelle<\/b> qui raconte des histoires de chagrin, que les femmes chantaient au XIXe si\u00e8cle pour les hommes qui partaient en voyage en mer sans certitude de retour.<\/p>\n<p>La meilleure fa\u00e7on de d\u00e9couvrir cette musique portugaise nostalgique et \u00e9motionnelle est lors <b>d&rsquo;un d\u00eener dans un restaurant historique de fado<\/b>.&nbsp;Les spectacles de fado commencent g\u00e9n\u00e9ralement vers 19h00 ou 20h00. Vous trouverez de nombreuses tavernes o\u00f9 le fado coule des fen\u00eatres, dans le <a href=\"https:\/\/lisbontouristinformation.com\/fr\/organiser-votre-voyage-a-lisbonne\/meilleurs-quartiers-de-lisbonne\/quartier-alfama\/\" style=\"outline: none;\">quartier d&rsquo;Alfama<\/a>.&nbsp;Bairro Alto est \u00e9galement une bonne option, par exemple Tasca Do Chico.<\/p>\n<h3 id=\"t-1653394170455\" data-alt-text=\"5. Lisbon\u2019s New Beer Districts\" style=\"\">5. D\u00e9gustez une bi\u00e8re artisanale dans les nouveaux quartiers de bi\u00e8re de Lisbonne<\/h3>\n<p><b>Beato et Marvila<\/b> sont les quartiers en plein essor de Lisbonne. Situ\u00e9es \u00e0 l&rsquo;est de la ville, ces zones industrielles sont actuellement transform\u00e9es en quartier de la bi\u00e8re. De vieux b\u00e2timents, des usines et des entrep\u00f4ts abandonn\u00e9s ont \u00e9t\u00e9 (et sont) <b>transform\u00e9s en microbrasseries branch\u00e9es<\/b> et attirent d\u00e9sormais une client\u00e8le jeune et la sc\u00e8ne cr\u00e9ative.<\/p>\n<p>Le c\u0153ur de l&rsquo;action se trouve actuellement sur la <b>Rua do A\u00e7\u00facar<\/b> au centre-ville de Marvila, mais la tendance se r\u00e9pand. Vous y trouverez plusieurs brasseries artisanales, des restaurants branch\u00e9s et des galeries d&rsquo;art qui d\u00e9gagent une <b>ambiance artistique et industrielle<\/b>.&nbsp;Les meilleures adresses incluent F\u00e1brica Musa et Dois Corvos, qui proposent toutes deux une bonne s\u00e9lection de bi\u00e8res artisanales \u00e0 la pression.<\/p>\n<h3 id=\"t-1653394170456\" data-alt-text=\"6. Concerts, Events &amp; Shows\" style=\"\">6. Visitez un spectacle, un concert, un \u00e9v\u00e9nement ou un spectacle<\/h3>\n<p>Envie de plonger dans le pouls cr\u00e9atif de Lisbonne?&nbsp;Alors pourquoi ne pas visiter un \u00e9v\u00e9nement culturel ou un spectacle!&nbsp;B\u00e9n\u00e9ficiant d&rsquo;un emplacement id\u00e9al au c\u0153ur de la ville, le <b>Coliseu dos Recreios<\/b> propose des divertissements de toutes sortes. La salle polyvalente historique, construite en 1888, accueille des spectacles de danse, des spectacles de cirque, des pi\u00e8ces de th\u00e9\u00e2tre, des ballets, des concerts de musique et m\u00eame des c\u00e9r\u00e9monies de remise de prix. Pour des op\u00e9ras, des ballets et d&rsquo;autres spectacles musicaux et artistiques, visitez l&rsquo; op\u00e9ra du <sup>XVIII e si\u00e8cle, le <\/sup><b>Teatro Nacional de S\u00e3o Carlos<\/b> , dans le quartier du Chiado.<\/p>\n<p>Un autre lieu \u00e0 ne pas manquer est <b>le Centre culturel de <\/b><strong>Bel\u00e9m<\/strong>, le plus grand centre culturel du Portugal.&nbsp;Le centre culturel propose des \u00e9v\u00e9nements et des spectacles en permanence, des expositions, des \u00e9v\u00e9nements culturels et des performances. En prime, vous pouvez entrer gratuitement dans le <a href=\"https:\/\/lisbontouristinformation.com\/fr\/choses-a-faire-a-lisbonne\/meilleurs-musees-a-lisbonne\/\" style=\"outline: none;\">mus\u00e9e de la collection Berardo<\/a> avec ses plus de 1 800 \u0153uvres d&rsquo;art expos\u00e9es.<b><strong>&nbsp;<\/strong><\/b><a href=\"https:\/\/lisbontouristinformation.com\/fr\/choses-a-faire-a-lisbonne\/meilleurs-musees-a-lisbonne\/\" style=\"outline: none;\"><\/a><\/p>\n<h2 id=\"t-1653394170447\" style=\"\">Pi\u00e8ges \u00e0 touristes<\/h2>\n<p style=\"\">Dans l&rsquo;ensemble, Lisbonne est une ville totalement s\u00fbre pour sortir le soir.<\/p>\n<p>Comme dans les autres grandes villes, il faut se m\u00e9fier des pickpockets dans le centre touristique, surtout en haute saison. En dehors de cela, vous n&rsquo;avez pas \u00e0 vous soucier des pi\u00e8ges \u00e0 touristes ou d&rsquo;un risque \u00e9lev\u00e9 de crime violent ou de crime. Soyez simplement attentif et conscient de votre environnement.<\/p>\n<h2 id=\"t-1653394170448\" style=\"\">FAQ sur la vie nocturne de Lisbonne<\/h2>\n<h2 style=\"\" id=\"t-1639132984354\" data-hide=\"true\">Articles Li\u00e9s:<\/h2>\n<p><a href=\"https:\/\/lisbontouristinformation.com\/fr\/choses-a-faire-a-lisbonne\/\" dynamic-postlink=\"tcb_post_the_permalink\" data-shortcode-id=\"67\"><\/a><\/p>\n<h3 style=\"text-align: center; padding-top: 0px !important; margin-top: 0px !important;\" id=\"t-1653394170457\" data-hide=\"true\"><span data-attr-link=\"1\" data-attr-rel=\"0\" data-attr-target=\"0\" data-extra_key=\"\" data-option-inline=\"1\" data-shortcode=\"tcb_post_title\" data-shortcode-name=\"Post title\" data-attr-css=\"\" data-attr-static-link=\"{&quot;className&quot;:&quot;tve-froala fr-basic&quot;,&quot;href&quot;:&quot;https:\/\/lisbontouristinformation.com\/fr\/choses-a-faire-a-lisbonne\/&quot;,&quot;title&quot;:&quot;50 Choses \u00e0 Faire \u00e0 Lisbonne&quot;,&quot;class&quot;:&quot;tve-froala fr-basic&quot;}\" style=\"\"><a href=\"https:\/\/lisbontouristinformation.com\/fr\/choses-a-faire-a-lisbonne\/\" title=\"50 Choses \u00e0 Faire \u00e0 Lisbonne\" data-css=\"\">50 Choses \u00e0 Faire \u00e0 Lisbonne<\/a><\/span><\/h3>\n<p><a href=\"https:\/\/lisbontouristinformation.com\/fr\/choses-a-faire-a-lisbonne\/\" style=\"\"><span style=\"\"><span style=\"\">Lire la suite<\/span><\/span><\/a><a href=\"https:\/\/lisbontouristinformation.com\/fr\/guide-lifestyle-a-lisbonne\/shopping-a-lisbonne\/\" dynamic-postlink=\"tcb_post_the_permalink\" data-shortcode-id=\"67\"><\/a><\/p>\n<h3 style=\"text-align: center; padding-top: 0px !important; margin-top: 0px !important;\" id=\"t-1653394170457\" data-hide=\"true\"><span data-attr-link=\"1\" data-attr-rel=\"0\" data-attr-target=\"0\" data-extra_key=\"\" data-option-inline=\"1\" data-shortcode=\"tcb_post_title\" data-shortcode-name=\"Post title\" data-attr-css=\"\" data-attr-static-link=\"{&quot;className&quot;:&quot;tve-froala fr-basic&quot;,&quot;href&quot;:&quot;https:\/\/lisbontouristinformation.com\/fr\/choses-a-faire-a-lisbonne\/&quot;,&quot;title&quot;:&quot;50 Choses \u00e0 Faire \u00e0 Lisbonne&quot;,&quot;class&quot;:&quot;tve-froala fr-basic&quot;}\" style=\"\"><a href=\"https:\/\/lisbontouristinformation.com\/fr\/guide-lifestyle-a-lisbonne\/shopping-a-lisbonne\/\" title=\"Guide Complet du Shopping \u00e0 Lisbonne : Bonnes Adresses et Conseils\" data-css=\"\">Guide Complet du Shopping \u00e0 Lisbonne : Bonnes Adresses et Conseils<\/a><\/span><\/h3>\n<p><a href=\"https:\/\/lisbontouristinformation.com\/fr\/guide-lifestyle-a-lisbonne\/shopping-a-lisbonne\/\" style=\"\"><span style=\"\"><span style=\"\">Lire la suite<\/span><\/span><\/a><a href=\"https:\/\/lisbontouristinformation.com\/fr\/guide-lifestyle-a-lisbonne\/\" dynamic-postlink=\"tcb_post_the_permalink\" data-shortcode-id=\"67\"><\/a><\/p>\n<h3 style=\"text-align: center; padding-top: 0px !important; margin-top: 0px !important;\" id=\"t-1653394170457\" data-hide=\"true\"><span data-attr-link=\"1\" data-attr-rel=\"0\" data-attr-target=\"0\" data-extra_key=\"\" data-option-inline=\"1\" data-shortcode=\"tcb_post_title\" data-shortcode-name=\"Post title\" data-attr-css=\"\" data-attr-static-link=\"{&quot;className&quot;:&quot;tve-froala fr-basic&quot;,&quot;href&quot;:&quot;https:\/\/lisbontouristinformation.com\/fr\/choses-a-faire-a-lisbonne\/&quot;,&quot;title&quot;:&quot;50 Choses \u00e0 Faire \u00e0 Lisbonne&quot;,&quot;class&quot;:&quot;tve-froala fr-basic&quot;}\" style=\"\"><a href=\"https:\/\/lisbontouristinformation.com\/fr\/guide-lifestyle-a-lisbonne\/\" title=\"Guide complet Lifestyle \u00e0 Lisbonne\" data-css=\"\">Guide complet Lifestyle \u00e0 Lisbonne<\/a><\/span><\/h3>\n<p><a href=\"https:\/\/lisbontouristinformation.com\/fr\/guide-lifestyle-a-lisbonne\/\" style=\"\"><span style=\"\"><span style=\"\">Lire la suite<\/span><\/span><\/a><a href=\"https:\/\/lisbontouristinformation.com\/fr\/organiser-votre-voyage-a-lisbonne\/meilleurs-quartiers-de-lisbonne\/quartier-alfama\/\" dynamic-postlink=\"tcb_post_the_permalink\" data-shortcode-id=\"67\"><\/a><\/p>\n<h3 style=\"text-align: center; padding-top: 0px !important; margin-top: 0px !important;\" id=\"t-1653394170457\" data-hide=\"true\"><span data-attr-link=\"1\" data-attr-rel=\"0\" data-attr-target=\"0\" data-extra_key=\"\" data-option-inline=\"1\" data-shortcode=\"tcb_post_title\" data-shortcode-name=\"Post title\" data-attr-css=\"\" data-attr-static-link=\"{&quot;className&quot;:&quot;tve-froala fr-basic&quot;,&quot;href&quot;:&quot;https:\/\/lisbontouristinformation.com\/fr\/choses-a-faire-a-lisbonne\/&quot;,&quot;title&quot;:&quot;50 Choses \u00e0 Faire \u00e0 Lisbonne&quot;,&quot;class&quot;:&quot;tve-froala fr-basic&quot;}\" style=\"\"><a href=\"https:\/\/lisbontouristinformation.com\/fr\/organiser-votre-voyage-a-lisbonne\/meilleurs-quartiers-de-lisbonne\/quartier-alfama\/\" title=\"Guide du Quartier Alfama \u00e0 Lisbonne : Meilleures Choses \u00e0 y Faire\" data-css=\"\">Guide du Quartier Alfama \u00e0 Lisbonne : Meilleures Choses \u00e0 y Faire<\/a><\/span><\/h3>\n<p><a href=\"https:\/\/lisbontouristinformation.com\/fr\/organiser-votre-voyage-a-lisbonne\/meilleurs-quartiers-de-lisbonne\/quartier-alfama\/\" style=\"\"><span style=\"\"><span style=\"\">Lire la suite<\/span><\/span><\/a><\/p>\n","protected":false},"excerpt":{"rendered":"<p>Tenez-vous au courant des activit\u00e9s nocturnes les plus branch\u00e9es de Lisbonne. Dans ce guide, lisez tout ce que vous devez savoir sur les bars, les clubs, les spectacles et les conseils g\u00e9n\u00e9raux pour une soir\u00e9e anim\u00e9e dans la vie nocturne de Lisbonne. Que dois-je savoir sur la vie nocturne de Lisbonne ? En ce qui [&hellip;]<\/p>\n","protected":false},"author":18,"featured_media":6031,"parent":595,"menu_order":0,"comment_status":"open","ping_status":"closed","template":"","meta":{"footnotes":""},"tags":[],"class_list":["post-216","page","type-page","status-publish","has-post-thumbnail","hentry","post-wrapper","thrv_wrapper"],"_links":{"self":[{"href":"https:\/\/lisbontouristinformation.com\/fr\/wp-json\/wp\/v2\/pages\/216","targetHints":{"allow":["GET"]}}],"collection":[{"href":"https:\/\/lisbontouristinformation.com\/fr\/wp-json\/wp\/v2\/pages"}],"about":[{"href":"https:\/\/lisbontouristinformation.com\/fr\/wp-json\/wp\/v2\/types\/page"}],"author":[{"embeddable":true,"href":"https:\/\/lisbontouristinformation.com\/fr\/wp-json\/wp\/v2\/users\/18"}],"replies":[{"embeddable":true,"href":"https:\/\/lisbontouristinformation.com\/fr\/wp-json\/wp\/v2\/comments?post=216"}],"version-history":[{"count":0,"href":"https:\/\/lisbontouristinformation.com\/fr\/wp-json\/wp\/v2\/pages\/216\/revisions"}],"up":[{"embeddable":true,"href":"https:\/\/lisbontouristinformation.com\/fr\/wp-json\/wp\/v2\/pages\/595"}],"wp:featuredmedia":[{"embeddable":true,"href":"https:\/\/lisbontouristinformation.com\/fr\/wp-json\/wp\/v2\/media\/6031"}],"wp:attachment":[{"href":"https:\/\/lisbontouristinformation.com\/fr\/wp-json\/wp\/v2\/media?parent=216"}],"wp:term":[{"taxonomy":"post_tag","embeddable":true,"href":"https:\/\/lisbontouristinformation.com\/fr\/wp-json\/wp\/v2\/tags?post=216"}],"curies":[{"name":"wp","href":"https:\/\/api.w.org\/{rel}","templated":true}]}}