{"id":207,"date":"2020-06-05T14:43:14","date_gmt":"2020-06-05T13:43:14","guid":{"rendered":"http:\/\/berlincitytrips.com\/?page_id=207"},"modified":"2024-03-18T15:04:42","modified_gmt":"2024-03-18T15:04:42","slug":"taxis-a-lisbonne","status":"publish","type":"page","link":"https:\/\/lisbontouristinformation.com\/fr\/arrivee\/taxis-a-lisbonne\/","title":{"rendered":"Taxis \u00e0 Lisbonne : Uber, Navettes A\u00e9roport et Tarifs"},"content":{"rendered":"<p style=\"\">Lors de votre visite \u00e0 Lisbonne, diff\u00e9rentes options de transports en commun sont disponibles, ainsi que des taxis et des covoiturages.<\/p>\n<p style=\"\">Dans cet article, nous avons recueilli des informations sur les deux options concernant les prix et leur fonctionnement.<\/p>\n<h2 id=\"t-1654812719654\" style=\"\">1. Taxis locaux \u00e0 Lisbonne : comment fonctionnent-ils?<\/h2>\n<p><span style=\"height: 100%;\"><img decoding=\"async\" alt=\"\" data-id=\"6452\" width=\"702\" data-init-width=\"1000\" height=\"467\" data-init-height=\"665\" title=\"Taxis et ascenseurs \u00e0 Lisbonne au Portugal - Voiture - Uber - taxi\" src=\"https:\/\/lisbontouristinformation.com\/fr\/wp-content\/uploads\/2022\/06\/Taxis-and-lift-Apps-in-Lisbon-in-Portugal-Taxi-Uber-Car.jpg\" data-width=\"702\" data-height=\"467\" style=\"margin-top: 0px; max-width: none !important;\" mt-d=\"0\" center-v-d=\"false\" loading=\"lazy\"><\/span><\/p>\n<p style=\"\"><strong>Les taxis sont un moyen facile de se d\u00e9placer<\/strong> dans Lisbonne car les tarifs sont l\u00e9g\u00e8rement moins chers que dans les autres pays europ\u00e9ens. La plupart des chauffeurs sont un peu plus \u00e2g\u00e9s et ne parlent peut-\u00eatre pas beaucoup anglais, mais si vous <strong>\u00e9crivez votre destination,<\/strong> cela devrait \u00e9viter toute confusion.&nbsp;<\/p>\n<p style=\"\">De nombreux taxis transportent jusqu&rsquo;\u00e0 4 passagers, certains pouvant accueillir jusqu&rsquo;\u00e0 7 passagers, mais ils sont l\u00e9g\u00e8rement plus chers. Si vous avez besoin d&rsquo;un taxi plus grand, vous pouvez le r\u00e9server \u00e0 l&rsquo;avance gratuitement en utilisant l&rsquo;application FREE NOW ou en demandant \u00e0 votre h\u00f4tel d&rsquo;organiser le transport. Vous pouvez \u00e9galement tenter d&rsquo;en attraper un dans la rue, cependant, il vaut mieux ne pas compter sur la chance si vous \u00eates press\u00e9 par le temps. &nbsp;<\/p>\n<p style=\"\">Nous vous recommandons d&rsquo;\u00eatre prudent. N&rsquo;acceptez pas un prix fixe car les conducteurs sont <strong>tenus d&rsquo;allumer leur compteur. <\/strong>La nuit (21h-6h), le week-end et les jours f\u00e9ri\u00e9s, le tarif est 20% plus cher que d&rsquo;habitude.&nbsp;<\/p>\n<p>Les pourboires ne sont pas courants au Portugal, mais vous pouvez arrondir si le service est satisfaisant.<\/p>\n<h2 id=\"t-1654812719655\" style=\"\">2. Application gratuite maintenant \u00e0 Lisbonne<\/h2>\n<p style=\"\">FREE NOW (anciennement connu sous le nom de MyTaxi) est une application qui vous permet de r\u00e9server <strong>un taxi r\u00e9gulier sans<\/strong> aucun suppl\u00e9ment.&nbsp;<\/p>\n<p>Vous pouvez commander jusqu&rsquo;\u00e0 3 taxis \u00e0 la fois et l&rsquo;application est compatible avec iPhone, Android et un t\u00e9l\u00e9phone Windows 7.<\/p>\n<h2 id=\"t-1654812719656\" style=\"\">3. L&rsquo;application Uber \u00e0 Lisbonne<\/h2>\n<p style=\"\">\u00c0 Lisbonne, les chauffeurs Uber sont g\u00e9n\u00e9ralement un peu plus jeunes et parlent un peu plus anglais que les chauffeurs de taxi traditionnels. Assurez-vous de t\u00e9l\u00e9charger l&rsquo;application \u00e0 l&rsquo;avance et assurez-vous qu&rsquo;elle est activ\u00e9e avec une carte de cr\u00e9dit en \u00e9tat de marche.<\/p>\n<p style=\"\">Vous pouvez s\u00e9lectionner la taille du v\u00e9hicule et les options de prix en fonction des besoins de votre groupe.&nbsp;<\/p>\n<p>Uber a tendance \u00e0 \u00eatre <strong>l\u00e9g\u00e8rement inf\u00e9rieur aux tarifs des taxis traditionnels.<\/strong><\/p>\n<h2 id=\"t-1654812719657\" style=\"\">4. Bolt App \u00e0 Lisbonne<\/h2>\n<p style=\"\"><span style=\"font-weight: 800;\">Anciennement connu sous le nom de<\/span>&nbsp;Taxify, Bolt est une autre&nbsp;<b>application de covoiturage couramment utilis\u00e9e<\/b> dans tout le Portugal.&nbsp;<\/p>\n<p style=\"\">Vous pouvez facilement prendre un Bolt depuis l&rsquo;a\u00e9roport de Lisbonne, dirigez-vous simplement vers la zone des d\u00e9parts et organisez le ramassage via l&rsquo;application Bolt.&nbsp;<\/p>\n<p style=\"\">Bolt fonctionne de la m\u00eame mani\u00e8re qu&rsquo;Uber, il vous suffit d&rsquo;entrer votre emplacement et un chauffeur sera jumel\u00e9 avec vous sous peu, en fonction de sa proximit\u00e9 avec vous. Vous pouvez \u00e9galement choisir la taille de v\u00e9hicule souhait\u00e9e en fonction du nombre de passagers.&nbsp;<\/p>\n<p style=\"\">Les prix de Bolt sont g\u00e9n\u00e9ralement inf\u00e9rieurs \u00e0 ceux d&rsquo;Uber, mais ils fluctuent en p\u00e9riode de forte demande. Se d\u00e9placer d&rsquo;un bout \u00e0 l&rsquo;autre de la ville devrait g\u00e9n\u00e9ralement co\u00fbter environ 6 \u00e0 8 euros.&nbsp;<\/p>\n<p><strong>Le trajet de l&rsquo;a\u00e9roport<\/strong> au centre-ville devrait co\u00fbter environ 10-15 euros.&nbsp;<\/p>\n<h2 id=\"t-1654812719658\" style=\"\">4. Un conseil sur les taxis depuis l&rsquo;a\u00e9roport de Lisbonne<\/h2>\n<p><span style=\"height: 100%;\"><img decoding=\"async\" alt=\"\" data-id=\"6453\" width=\"702\" data-init-width=\"1000\" height=\"526\" data-init-height=\"749\" title=\"Taxis et applications d'ascenseurs \u00e0 Lisbonne au Portugal - Taxi - Uber - Voiture - A\u00e9roport\" src=\"https:\/\/lisbontouristinformation.com\/fr\/wp-content\/uploads\/2022\/06\/Taxis-and-lift-Apps-in-Lisbon-in-Portugal-Taxi-Uber-Airport-Car.jpg\" data-width=\"702\" data-height=\"526\" style=\"margin-top: 0px; max-width: none !important;\" mt-d=\"0\" center-v-d=\"false\" loading=\"lazy\"><\/span><\/p>\n<p style=\"\">\u00c0 l&rsquo;a\u00e9roport de Lisbonne, les chauffeurs Uber et autres chauffeurs de covoiturage <strong>r\u00e9cup\u00e8rent les passagers \u00e0 l&rsquo;ext\u00e9rieur de la zone des d\u00e9parts<\/strong> de l&rsquo;a\u00e9roport, ils ne r\u00e9cup\u00e8rent pas les passagers l\u00e0 o\u00f9 les taxis font la queue.&nbsp;<\/p>\n<p style=\"\">Pour plus d&rsquo;informations sur les d\u00e9placements dans la ville, n&rsquo;oubliez pas de consulter notre article <strong><a href=\"https:\/\/lisbontouristinformation.com\/fr\/arrivee\/transports-en-commun-a-lisbonne\/\" style=\"outline: none;\">Transports publics \u00e0 Lisbonne<\/a>.<\/strong><\/p>\n<h2 style=\"\" id=\"t-1638963514129\">Articles Li\u00e9s:<\/h2>\n<p><a href=\"https:\/\/lisbontouristinformation.com\/fr\/arrivee\/gares-de-train-a-lisbonne\/\" dynamic-postlink=\"tcb_post_the_permalink\" data-shortcode-id=\"556\"><\/a><\/p>\n<h3 style=\"text-align: center; padding-top: 0px !important; margin-top: 0px !important;\"><span data-attr-link=\"1\" data-attr-rel=\"0\" data-attr-target=\"0\" data-extra_key=\"\" data-option-inline=\"1\" data-shortcode=\"tcb_post_title\" data-shortcode-name=\"Post title\" data-attr-css=\"\" data-attr-static-link=\"{&quot;className&quot;:&quot;tve-froala fr-basic&quot;,&quot;href&quot;:&quot;https:\/\/lisbontouristinformation.com\/fr\/arrivee\/gares-de-train-a-lisbonne\/&quot;,&quot;title&quot;:&quot;Guide des Gares de Train \u00e0 Lisbonne : Acc\u00e8s et Billets&quot;,&quot;class&quot;:&quot;tve-froala fr-basic&quot;}\" style=\"\"><a href=\"https:\/\/lisbontouristinformation.com\/fr\/arrivee\/gares-de-train-a-lisbonne\/\" title=\"Guide des Gares de Train \u00e0 Lisbonne : Acc\u00e8s et Billets\" data-css=\"\">Guide des Gares de Train \u00e0 Lisbonne : Acc\u00e8s et Billets<\/a><\/span><\/h3>\n<p><a href=\"https:\/\/lisbontouristinformation.com\/fr\/arrivee\/gares-de-train-a-lisbonne\/\" style=\"\"><span style=\"\"><span style=\"\">Lire la suite<\/span><\/span><\/a><a href=\"https:\/\/lisbontouristinformation.com\/fr\/arrivee\/transports-en-commun-a-lisbonne\/\" dynamic-postlink=\"tcb_post_the_permalink\" data-shortcode-id=\"556\"><\/a><\/p>\n<h3 style=\"text-align: center; padding-top: 0px !important; margin-top: 0px !important;\"><span data-attr-link=\"1\" data-attr-rel=\"0\" data-attr-target=\"0\" data-extra_key=\"\" data-option-inline=\"1\" data-shortcode=\"tcb_post_title\" data-shortcode-name=\"Post title\" data-attr-css=\"\" data-attr-static-link=\"{&quot;className&quot;:&quot;tve-froala fr-basic&quot;,&quot;href&quot;:&quot;https:\/\/lisbontouristinformation.com\/fr\/arrivee\/gares-de-train-a-lisbonne\/&quot;,&quot;title&quot;:&quot;Guide des Gares de Train \u00e0 Lisbonne : Acc\u00e8s et Billets&quot;,&quot;class&quot;:&quot;tve-froala fr-basic&quot;}\" style=\"\"><a href=\"https:\/\/lisbontouristinformation.com\/fr\/arrivee\/transports-en-commun-a-lisbonne\/\" title=\"Guide des Transports en Commun \u00e0 Lisbonne : App, Tickets, Cartes\u2026\" data-css=\"\">Guide des Transports en Commun \u00e0 Lisbonne : App, Tickets, Cartes\u2026<\/a><\/span><\/h3>\n<p><a href=\"https:\/\/lisbontouristinformation.com\/fr\/arrivee\/transports-en-commun-a-lisbonne\/\" style=\"\"><span style=\"\"><span style=\"\">Lire la suite<\/span><\/span><\/a><\/p>\n","protected":false},"excerpt":{"rendered":"<p>Lors de votre visite \u00e0 Lisbonne, diff\u00e9rentes options de transports en commun sont disponibles, ainsi que des taxis et des covoiturages. Dans cet article, nous avons recueilli des informations sur les deux options concernant les prix et leur fonctionnement. 1. Taxis locaux \u00e0 Lisbonne : comment fonctionnent-ils? Les taxis sont un moyen facile de se [&hellip;]<\/p>\n","protected":false},"author":18,"featured_media":6223,"parent":2815,"menu_order":0,"comment_status":"open","ping_status":"closed","template":"","meta":{"footnotes":""},"tags":[73],"class_list":["post-207","page","type-page","status-publish","has-post-thumbnail","hentry","tag-transportation","post-wrapper","thrv_wrapper"],"_links":{"self":[{"href":"https:\/\/lisbontouristinformation.com\/fr\/wp-json\/wp\/v2\/pages\/207","targetHints":{"allow":["GET"]}}],"collection":[{"href":"https:\/\/lisbontouristinformation.com\/fr\/wp-json\/wp\/v2\/pages"}],"about":[{"href":"https:\/\/lisbontouristinformation.com\/fr\/wp-json\/wp\/v2\/types\/page"}],"author":[{"embeddable":true,"href":"https:\/\/lisbontouristinformation.com\/fr\/wp-json\/wp\/v2\/users\/18"}],"replies":[{"embeddable":true,"href":"https:\/\/lisbontouristinformation.com\/fr\/wp-json\/wp\/v2\/comments?post=207"}],"version-history":[{"count":0,"href":"https:\/\/lisbontouristinformation.com\/fr\/wp-json\/wp\/v2\/pages\/207\/revisions"}],"up":[{"embeddable":true,"href":"https:\/\/lisbontouristinformation.com\/fr\/wp-json\/wp\/v2\/pages\/2815"}],"wp:featuredmedia":[{"embeddable":true,"href":"https:\/\/lisbontouristinformation.com\/fr\/wp-json\/wp\/v2\/media\/6223"}],"wp:attachment":[{"href":"https:\/\/lisbontouristinformation.com\/fr\/wp-json\/wp\/v2\/media?parent=207"}],"wp:term":[{"taxonomy":"post_tag","embeddable":true,"href":"https:\/\/lisbontouristinformation.com\/fr\/wp-json\/wp\/v2\/tags?post=207"}],"curies":[{"name":"wp","href":"https:\/\/api.w.org\/{rel}","templated":true}]}}