{"id":199,"date":"2022-06-05T14:25:44","date_gmt":"2022-06-05T13:25:44","guid":{"rendered":"http:\/\/berlincitytrips.com\/?page_id=199"},"modified":"2022-08-12T12:49:34","modified_gmt":"2022-08-12T11:49:34","slug":"centres-commerciaux-a-lisbonne","status":"publish","type":"page","link":"https:\/\/lisbontouristinformation.com\/fr\/guide-lifestyle-a-lisbonne\/shopping-a-lisbonne\/centres-commerciaux-a-lisbonne\/","title":{"rendered":"10 Meilleurs Centres Commerciaux \u00e0 Lisbonne [avec Localisation]"},"content":{"rendered":"<h2 id=\"t-1654870402296\" data-hide=\"true\" style=\"\">Lisbonne est l&rsquo;une des destinations de shopping les plus abordables d&rsquo;Europe, ce qui en fait un v\u00e9ritable paradis du shopping.<\/h2>\n<p style=\"\">En plus des <a href=\"https:\/\/lisbontouristinformation.com\/fr\/guide-lifestyle-a-lisbonne\/shopping-a-lisbonne\/rues-commercantes-de-lisbonne\/\" style=\"outline: none;\">rues commer\u00e7antes,<\/a> la ville compte un certain nombre d&rsquo;excellents centres commerciaux qui offrent tout ce que le c\u0153ur du shopping d\u00e9sire sous un m\u00eame toit.&nbsp;<\/p>\n<p style=\"\">Ci-dessous, nous avons dress\u00e9 notre liste des 10 meilleurs centres commerciaux et centres commerciaux \u00e0 Lisbonne.<\/p>\n<p style=\"\">Amusez-vous \u00e0 magasiner!<\/p>\n<p><span><img decoding=\"async\" loading=\"lazy\" alt=\"Centre commercial Centro Colombo \u00e0 Lisbonne\" data-id=\"6875\" width=\"702\" data-init-width=\"1000\" height=\"467\" data-init-height=\"665\" title=\"Centre commercial Centro Colombo \u00e0 Lisbonne\" src=\"https:\/\/lisbontouristinformation.com\/fr\/wp-content\/uploads\/2022\/06\/Centro-Colombo-Shopping-Centre-in-Lisbon.jpg\" data-width=\"702\" data-height=\"467\"><\/span><\/p>\n<h2 id=\"t-1654870402297\" style=\"\">1. Centre commercial Centro Colombo<\/h2>\n<p>Centro Colombo dans le quartier de Benfica n&rsquo;est pas seulement le <strong>plus grand centre commercial de Lisbonne<\/strong>, mais aussi l&rsquo;un des plus grands du Portugal.&nbsp;Avec plus de <strong>340 magasins et 60 restaurants<\/strong>, vous \u00eates s\u00fbr de trouver tout ce que vous cherchez.&nbsp;Alors que les enfants adorent le Disney Store, les adolescents sont attir\u00e9s par Primark.<\/p>\n<p>Le centre commercial g\u00e9ant d&rsquo;une superficie totale de 120 000 m\u00b2 comprend \u00e9galement un cin\u00e9ma multiplex avec IMAX, un bowling, une aire de jeux et un jardin sur le toit. Un acc\u00e8s facile est assur\u00e9 par la ligne bleue du m\u00e9tro, s&rsquo;arr\u00eatant juste en face du Centro Colombo (arr\u00eat Col\u00e9gio Militar\/Luz).<\/p>\n<ul>\n<li><b>Adresse<\/b> : Av. Lus\u00edada, 1500-392 Lisbonne, Portugal<\/li>\n<li><b>Heures d&rsquo;ouverture<\/b> : Tous les jours de 08h00 \u00e0 24h00<\/li>\n<li><b>Site web : <\/b><a href=\"https:\/\/www.colombo.pt\/en\/\" style=\"outline: none;\" target=\"_blank\" rel=\"noopener\">Centre commercial de Colombo<\/a><\/li>\n<\/ul>\n<p><span><img decoding=\"async\" loading=\"lazy\" alt=\"Centre Vasco de Gama \u00e0 Lisbonne\" data-id=\"6876\" width=\"702\" data-init-width=\"1000\" height=\"395\" data-init-height=\"563\" title=\"Centre Vasco de Gama \u00e0 Lisbonne\" src=\"https:\/\/lisbontouristinformation.com\/fr\/wp-content\/uploads\/2022\/06\/Centro-Vasco-da-Gama-in-Lisbon.jpg\" data-width=\"702\" data-height=\"395\"><\/span><\/p>\n<h2 id=\"t-1654870402298\" style=\"\">2. Centre Vasco de Gama<\/h2>\n<p>Situ\u00e9 dans le <a href=\"https:\/\/lisbontouristinformation.com\/fr\/organiser-votre-voyage-a-lisbonne\/meilleurs-quartiers-de-lisbonne\/\" style=\"outline: none;\">quartier Parque das Na\u00e7\u00f5es \u00e0<\/a> c\u00f4t\u00e9 de la gare d&rsquo;Oriente, Centro Vasco da Gama est l&rsquo;un des centres commerciaux pr\u00e9f\u00e9r\u00e9s de Lisbonne. Il offre une grande vari\u00e9t\u00e9 de choix pour le client, allant des v\u00eatements, de la technologie, des bijoux, des livres et plus encore. Vous pouvez trouver des marques locales et internationales, des restaurants, un immense supermarch\u00e9, un centre sportif et un cin\u00e9ma multiplex. Ce <strong>m\u00e9lange d&rsquo;activit\u00e9s de shopping et de loisirs<\/strong> garantit une excellente exp\u00e9rience d&rsquo;achat pour les clients.<\/p>\n<p style=\"\">Le b\u00e2timent moderne avec un toit en verre vo\u00fbt\u00e9, construit \u00e0 l&rsquo;origine pour l&rsquo;exposition universelle de 1998, se caract\u00e9rise par son design maritime. Il est particuli\u00e8rement impressionnant la nuit, lorsque la fa\u00e7ade est illumin\u00e9e par l&rsquo;atmosph\u00e8re. Un autre point fort est la terrasse surplombant le Tage. Si vous <a href=\"https:\/\/lisbontouristinformation.com\/fr\/choses-a-faire-a-lisbonne\/choses-a-faire-avec-vos-enfants-a-lisbonne\/\" style=\"outline: none;\">voyagez avec des enfants \u00e0 Lisbonne<\/a>,&nbsp;vous pouvez combiner votre vir\u00e9e shopping avec un voyage \u00e0 l&rsquo;Ocean\u00e1rio de Lisboa \u00e0 proximit\u00e9.<\/p>\n<ul>\n<li><b>Adresse<\/b> : Av. Dom Jo\u00e3o II 40, 1990-094 Lisbonne, Portugal<\/li>\n<li><b>Heures d&rsquo;ouverture<\/b> : Tous les jours de 08h00 \u00e0 24h00<\/li>\n<li><b>Site web: <a href=\"https:\/\/www.centrovascodagama.pt\/en\/\" style=\"outline: none;\" data-lt-tmp-id=\"lt-7165\" spellcheck=\"false\" target=\"_blank\" rel=\"noopener\">Centre commercial Centro Vasco Da Gama<\/a><a href=\"https:\/\/www.centrovascodagama.pt\/en\/\" style=\"outline: none;\" data-lt-tmp-id=\"lt-7165\" spellcheck=\"false\" target=\"_blank\" rel=\"noopener\"><\/a><\/b><\/li>\n<\/ul>\n<p><span><img decoding=\"async\" loading=\"lazy\" alt=\"El Corte Ingl\u00e9s \u00e0 Lisbonne\" data-id=\"6877\" width=\"702\" data-init-width=\"1000\" height=\"468\" data-init-height=\"667\" title=\"El Corte Ingl\u00e9s \u00e0 Lisbonne\" src=\"https:\/\/lisbontouristinformation.com\/fr\/wp-content\/uploads\/2022\/06\/El-Corte-Ingles-in-Lisbon.jpg\" data-width=\"702\" data-height=\"468\"><\/span><\/p>\n<h2 id=\"t-1654870402299\" style=\"\">3. Le Corte Ingl\u00e9s<\/h2>\n<p>Avec son emplacement privil\u00e9gi\u00e9 \u00e0 c\u00f4t\u00e9 du Parque Eduardo VII pr\u00e8s de l&rsquo;Avenida da Liberdade, El Corte Ingl\u00e9s offre aux consommateurs un <strong>endroit tr\u00e8s pratique pour faire du shopping<\/strong>.&nbsp;Ce centre commercial haut de gamme est connu pour sa s\u00e9lection d&rsquo;articles de cr\u00e9ateurs et d&rsquo;articles de luxe, avec des marques exclusives telles que Dior, Burberry, Hugo Boss, Escada et bien d&rsquo;autres. Des accessoires et des v\u00eatements \u00e0 la d\u00e9coration int\u00e9rieure et aux cosm\u00e9tiques, le centre commercial r\u00e9pond \u00e0 tous vos besoins.<\/p>\n<p>Ne manquez pas de visiter le 7\u00e8me \u00e9tage, o\u00f9 vous attendent des vues sur les toits et le <strong>\u00ab\u00a0<\/strong><strong>Club del Gourmet,\u00a0\u00bb<\/strong>&nbsp;d\u00e9di\u00e9 \u00e0 la cuisine gastronomique et proposant des vins fins, des sp\u00e9cialit\u00e9s maison et une cuisine ouverte.&nbsp;La ligne bleue du m\u00e9tro s&rsquo;arr\u00eate juste au centre commercial (arr\u00eat S\u00e3o Sebasti\u00e3o).<\/p>\n<p>\u2192 Le centre commercial partage le quartier avec de nombreux <a href=\"https:\/\/lisbontouristinformation.com\/fr\/hotels-a-lisbonne\/hotels-historiques-a-lisbonne\/\" style=\"outline: none;\">h\u00f4tels et h\u00e9bergements haut<\/a> de gamme \u00e0 Lisbonne. Consultez nos articles connexes lors de la planification de votre r\u00e9servation dans la capitale portugaise.&nbsp;<\/p>\n<ul>\n<li><b>Adresse<\/b> : Av. Ant\u00f3nio Augusto de Aguiar 31, 1069-413 Lisbonne, Portugal<\/li>\n<li><b>Heures d&rsquo;ouverture<\/b> : lun. &#8211; Jeu. de 10h00 \u00e0 22h00; Ven et sam. de 10h00 \u00e0 23h30; Soleil. et jours f\u00e9ri\u00e9s de 10h00 \u00e0 20h00<\/li>\n<li><b>Site web: <\/b><b><a href=\"https:\/\/www.elcorteingles.pt\/info\/hours-and-locations\/\" style=\"outline: none;\" data-lt-tmp-id=\"lt-758381\" spellcheck=\"false\" target=\"_blank\" rel=\"noopener\">Centre commercial El Corte Ingles<\/a><\/b><\/li>\n<\/ul>\n<p><span><img decoding=\"async\" loading=\"lazy\" alt=\"Centre commercial Amoreiras \u00e0 Lisbonne\" data-id=\"6878\" width=\"702\" data-init-width=\"1000\" height=\"468\" data-init-height=\"667\" title=\"Centre commercial Amoreiras \u00e0 Lisbonne\" src=\"https:\/\/lisbontouristinformation.com\/fr\/wp-content\/uploads\/2022\/06\/Amoreiras-Shopping-Center-in-Lisbon.jpg\" data-width=\"702\" data-height=\"468\"><\/span><\/p>\n<h2 id=\"t-1654870402300\" style=\"\">4. Centre commercial Amoreiras<\/h2>\n<p>Au service des clients depuis le milieu des ann\u00e9es 1980, Amoreiras est le <strong>premier centre commercial construit au Portugal. <\/strong>Cela se voit non seulement dans l&rsquo;architecture, mais aussi dans l&rsquo;ambiance des ann\u00e9es 80 \u00e0 l&rsquo;int\u00e9rieur. Il y a plus de 200 magasins \u00e0 l&rsquo;int\u00e9rieur, y compris des librairies, des centres de beaut\u00e9, des v\u00eatements, de la musique et de l&rsquo;\u00e9lectronique. Vous pouvez trouver des marques nationales et internationales. Les installations de loisirs comprennent 7 cin\u00e9mas, une aire de jeux pour enfants de 150 m\u00e8tres carr\u00e9s et une aire de restauration avec 50 restaurants et caf\u00e9s.<\/p>\n<p>Pour une somme modique, vous pouvez visiter le point de <a href=\"https:\/\/www.amoreiras360view.com\/\" style=\"outline: none;\" target=\"_blank\" rel=\"noopener\">vue d&rsquo;Amoreiras<\/a> qui impressionne par une fantastique vue panoramique \u00e0 360 sur Lisbonne. L&rsquo;Amoreiras est situ\u00e9 dans le centre-ville de Lisbonne, \u00e0 20 minutes \u00e0 pied du Parque Eduardo VII. Plusieurs lignes de bus s&rsquo;arr\u00eatent \u00e0 proximit\u00e9 du centre commercial.<\/p>\n<ul>\n<li><b>Adresse<\/b> : Av. Ing. Duarte Pacheco, 1070-103 Lisbonne, Portugal<\/li>\n<li><b>Heures d&rsquo;ouverture<\/b> : Tous les jours de 10h00 \u00e0 24h00<\/li>\n<li><b>Site web: <a href=\"https:\/\/amoreiras.com\/en\/\" style=\"outline: none;\" target=\"_blank\" rel=\"noopener\">Centre commercial Amoreiras<\/a><\/b><\/li>\n<\/ul>\n<p><span><img decoding=\"async\" loading=\"lazy\" alt=\"Armaz\u00e9ns do Chiado \u00e0 Lisbonne\" data-id=\"6879\" width=\"702\" data-init-width=\"1000\" height=\"468\" data-init-height=\"667\" title=\"Armaz\u00e9ns do Chiado \u00e0 Lisbonne\" src=\"https:\/\/lisbontouristinformation.com\/fr\/wp-content\/uploads\/2022\/06\/Armazens-do-Chiado-in-Lisbon.jpg\" data-width=\"702\" data-height=\"468\"><\/span><\/p>\n<h2 id=\"t-1654870402301\" style=\"\">5. Armaz\u00e9ns do Chiado<\/h2>\n<p>Si les centres commerciaux g\u00e9ants ne vous conviennent pas, rendez-vous au chic Armaz\u00e9ns do Chiado dans la rue commer\u00e7ante anim\u00e9e Rua do Carmo. Nich\u00e9 au c\u0153ur du quartier hupp\u00e9 du Chiado, il <strong>m\u00eale shopping, histoire et culture<\/strong>.&nbsp;Construit \u00e0 l&rsquo;origine en 1848, le b\u00e2timent a \u00e9t\u00e9 d\u00e9truit dans un incendie. Apr\u00e8s le projet de reconstruction de 1999 pour restaurer la splendeur des \u00e9poques ant\u00e9rieures, Armaz\u00e9ns do Chiado a ouvert ses portes.<\/p>\n<p>Le centre commercial comprend plus de 50 boutiques, une \u00e9l\u00e9gante aire de restauration avec 15 restaurants et un h\u00f4tel 4 \u00e9toiles. Vous pouvez m\u00eame acheter des billets de concert et de th\u00e9\u00e2tre \u00e0 un guichet pr\u00e8s de l&rsquo;entr\u00e9e.<\/p>\n<p>\u2192 Explorez plus en profondeur le quartier du Chiado avec une <a href=\"https:\/\/web.yourmobileguide.com\/tabs\/tour-page\/473\" target=\"_blank\" style=\"outline: none;\" rel=\"noopener\">visite audio-guid\u00e9e des points forts du centre de Lisbonne<\/a>, propos\u00e9e par YourMobileGuide.&nbsp;<\/p>\n<ul>\n<li><b>Adresse<\/b> : Rua do Carmo, n\u00ba2, 1200-094 Lisbonne, Portugal<\/li>\n<li><b>Horaires d&rsquo;ouverture<\/b> : Tous les jours de 10h00 \u00e0 23h00<\/li>\n<li><b>Site web: <a href=\"https:\/\/armazensdochiado.com\/en\/\" style=\"outline: none;\" data-lt-tmp-id=\"lt-401566\" spellcheck=\"false\" target=\"_blank\" rel=\"noopener\">Centre commercial Armazens Do Chiado<\/a><\/b><\/li>\n<\/ul>\n<p><span><img decoding=\"async\" loading=\"lazy\" alt=\"EmbaiXada Lisbonne\" data-id=\"6881\" width=\"702\" data-init-width=\"1000\" height=\"468\" data-init-height=\"667\" title=\"EmbaiXada Lisbonne\" src=\"https:\/\/lisbontouristinformation.com\/fr\/wp-content\/uploads\/2022\/06\/EmbaiXada-Lisbon-1.jpg\" data-width=\"702\" data-height=\"468\" style=\"\"><\/span><\/p>\n<h2 id=\"t-1654870402302\" style=\"\">6. Embaixada<\/h2>\n<p>Embaixada est id\u00e9al pour ceux qui ne sont pas grands dans les centres commerciaux standard. Ce centre commercial tr\u00e8s sp\u00e9cial \u00e0 Lisbonne est install\u00e9 dans le <strong>palais Ribeiro da Cunha du XXe si\u00e8cle. <\/strong>Apr\u00e8s avoir admir\u00e9 l&#8217;embl\u00e9matique palais n\u00e9o-arabe, entrez dans la galerie marchande branch\u00e9e et parcourez le concept store.<\/p>\n<p>Le b\u00e2timent de deux \u00e9tages offre un grand choix de marques portugaises et est \u00e9galement un <strong>lieu innovant pour les expositions d&rsquo;art<\/strong>.&nbsp;Le centre commercial est situ\u00e9 dans le quartier branch\u00e9 de Pr\u00edncipe Real et est tr\u00e8s populaire aupr\u00e8s des jeunes.<\/p>\n<p>Une fois vos achats termin\u00e9s, rendez-vous dans l&rsquo;un des <a href=\"https:\/\/lisbontouristinformation.com\/fr\/guide-lifestyle-a-lisbonne\/restaurants-a-lisbonne\/bars-a-vin-a-lisbonne\/\" style=\"outline: none;\">meilleurs bars \u00e0 cocktails ou \u00e0 vins de Lisbonne<\/a>, dont beaucoup se trouvent \u00e0 quelques pas du centre commercial.&nbsp;<\/p>\n<ul>\n<li><b>Adresse<\/b> : Pra\u00e7a do Pr\u00edncipe Real 26, 1250-184 Lisbonne, Portugal<\/li>\n<li><b>Heures d&rsquo;ouverture<\/b> : lun. &#8211; Assis. de 12h00 \u00e0 20h00; Soleil. 12:00 &#8211; 19:00<\/li>\n<li><b>Site internet : <a href=\"https:\/\/embaixadalx.pt\/en\/\" style=\"outline: none;\" data-lt-tmp-id=\"lt-227709\" spellcheck=\"false\" target=\"_blank\" rel=\"noopener\">Embaixada Shopping<\/a><\/b><b><a data-lt-tmp-id=\"lt-227709\" href=\"https:\/\/embaixadalx.pt\/en\/\" spellcheck=\"false\" style=\"outline: none;\" target=\"_blank\" rel=\"noopener\">&nbsp;<\/a><\/b><\/li>\n<\/ul>\n<p><span><img decoding=\"async\" loading=\"lazy\" alt=\"Campo Pequeno \u00e0 Lisbonne\" data-id=\"6883\" width=\"702\" data-init-width=\"1000\" height=\"468\" data-init-height=\"667\" title=\"Campo Pequeno \u00e0 Lisbonne\" src=\"https:\/\/lisbontouristinformation.com\/fr\/wp-content\/uploads\/2022\/06\/Campo-Pequeno-in-Lisbon-1.jpg\" data-width=\"702\" data-height=\"468\" style=\"\"><\/span><\/p>\n<h2 id=\"t-1654870402303\" style=\"\">7. Campo Peque\u00f1o<\/h2>\n<p>Ce centre commercial sp\u00e9cial allie shopping et histoire. Ouvert en 1892, Campo Pequeno <strong>\u00e9tait l&rsquo; <\/strong><strong>ar\u00e8ne des ar\u00e8nes de Lisbonne.<\/strong>&nbsp;Apr\u00e8s une r\u00e9novation, l&rsquo;ar\u00e8ne a rouvert en 2006 en tant que lieu multi-\u00e9v\u00e9nements. Depuis lors, le remarquable b\u00e2timent de style mauresque abrite un centre commercial et une aire de restauration dans son sous-sol.<\/p>\n<p>Vous pourrez fl\u00e2ner dans les nombreux magasins et boutiques, puis visiter le mus\u00e9e sur place traitant de l&rsquo;histoire des ar\u00e8nes de Campo Pequeno et de la tauromachie portugaise.<\/p>\n<ul>\n<li><b>Adresse<\/b> : Campo Pequeno, 1050-197 Lisbonne, Portugal<\/li>\n<li><b>Heures d&rsquo;ouverture<\/b> : Veuillez v\u00e9rifier les heures d&rsquo;ouverture sur&nbsp; <a href=\"http:\/\/www.campopequeno.com\/centrocomercial\/destaques\/destaque\/horarios-centro-comercial\" style=\"outline: none;\" data-lt-tmp-id=\"lt-959542\" spellcheck=\"false\" target=\"_blank\" rel=\"noopener\">le site officiel.<\/a><\/li>\n<li><b>Site web: <\/b><a href=\"https:\/\/www.campopequeno.com\/centrocomercial\/\" target=\"_blank\" style=\"outline: none;\" rel=\"noopener\">Centre commercial Campo Pequeno<\/a><\/li>\n<\/ul>\n<h2 id=\"t-1654870402304\" style=\"\">8. Atrium Saldanha<\/h2>\n<p>Ouvert en 2008, ce centre commercial est situ\u00e9 dans le quartier des affaires de Lisbonne. Alors que l&rsquo;Atrium Saldanha couvre les trois premiers \u00e9tages du b\u00e2timent de 12 \u00e9tages du m\u00eame nom, les autres \u00e9tages sont utilis\u00e9s comme bureaux.<\/p>\n<p>A l&rsquo; int\u00e9rieur se trouvent plus de <strong>60 magasins avec les meilleures marques internationales,<\/strong>&nbsp;cosm\u00e9tiques et parfums.&nbsp;Il est plus calme que les autres centres commerciaux. Les habitants appr\u00e9cient la halle alimentaire, avec un choix vari\u00e9 de restaurants et de caf\u00e9s. Il y a de la musique de piano en direct l&rsquo;apr\u00e8s-midi.<\/p>\n<ul>\n<li><b>Adresse<\/b> : Pra\u00e7a Duque de Saldanha 1, 1050-094 Lisbonne, Portugal<\/li>\n<li><b>Horaires d&rsquo;ouverture<\/b> : Tous les jours de 10h00 \u00e0 23h00<\/li>\n<li><b>Site web: <a href=\"https:\/\/atriumsaldanha.pt\/en\/atrium-saldanha-en\/\" style=\"outline: none;\" data-lt-tmp-id=\"lt-107117\" spellcheck=\"false\" target=\"_blank\" rel=\"noopener\">Centre commercial Atrium Saldanha<\/a><\/b><\/li>\n<\/ul>\n<p><span><img decoding=\"async\" loading=\"lazy\" alt=\"Forum d'Almada \u00e0 Lisbonne Portugal\" data-id=\"6884\" width=\"702\" data-init-width=\"1000\" height=\"468\" data-init-height=\"667\" title=\"Forum d'Almada \u00e0 Lisbonne Portugal\" src=\"https:\/\/lisbontouristinformation.com\/fr\/wp-content\/uploads\/2022\/06\/Almada-Forum-in-Lisbon-Portugal.jpg\" data-width=\"702\" data-height=\"468\"><\/span><\/p>\n<h2 id=\"t-1654870402305\" style=\"\">9. Forum Almada<\/h2>\n<p>Si vous visitez l&#8217;embl\u00e9matique statue du Cristo Rei ou les plages d&rsquo;Almada, rendez-vous au Forum d&rsquo;Almada. Couvrant pr\u00e8s de 79 000 m2, c&rsquo;est le <strong>plus grand centre commercial de la rive sud de Lisbonne.<\/strong><\/p>\n<p>Avec plus de <strong>230 magasins<\/strong>, dont 12 magasins phares, r\u00e9partis sur 3 \u00e9tages, vous trouverez ici tout ce dont vous avez besoin.&nbsp;On y trouve des labels internationaux ainsi que des marques r\u00e9gionales bien connues. Montez au dernier \u00e9tage de l&rsquo;aire de restauration avec plus de 30 restaurants et admirez la vue fantastique sur la statue du Cristo Rei, le pont du 25 avril et le Tage.<\/p>\n<ul>\n<li><b>Adresse<\/b> : R. S\u00e9rgio Malpique, 2810-354 Almada, Portugal<\/li>\n<li><b>Heures d&rsquo;ouverture<\/b> : Tous les jours de 10h00 \u00e0 24h00<\/li>\n<li><b>Site Web: <a href=\"https:\/\/www.almadaforum.com\/EN\" target=\"_blank\" rel=\"noopener\">Forum d&rsquo;Almada<\/a><\/b><\/li>\n<\/ul>\n<h2 id=\"t-1654870402306\" style=\"\">10. Forum Tivoli<\/h2>\n<p>Ceux qui recherchent des boutiques de luxe devraient visiter le Tivoli Forum. Cette petite boutique moderne est situ\u00e9e au c\u0153ur de la rue commer\u00e7ante bord\u00e9e d&rsquo;arbres Avenida da Liberdade.<\/p>\n<p>Il se compose de 15 boutiques de luxe de marques internationales de haute couture, d&rsquo;un \u00e9tage de restaurant, d&rsquo;un th\u00e9\u00e2tre et d&rsquo;un <a href=\"https:\/\/lisbontouristinformation.com\/fr\/hotels-a-lisbonne\/4-etoiles-a-lisbonne\/\" style=\"outline: none;\">h\u00f4tel 4 \u00e9toiles<\/a>.<\/p>\n<ul>\n<li><b>Adresse<\/b> : Av. da Liberdade 180, 1250-146 Lisbonne, Portugal<\/li>\n<li><b>Horaires d&rsquo;ouverture<\/b> : Tous les jours de 10h00 \u00e0 21h00<\/li>\n<\/ul>\n<p style=\"\">Maintenant que vous connaissez les meilleurs centres commerciaux de Lisbonne, vous pouvez d\u00e9cider lequel vous convient le mieux. Si vous voulez plus d&rsquo;id\u00e9es sur les endroits o\u00f9 faire du shopping, jetez un \u0153il \u00e0 notre liste des meilleures <a href=\"https:\/\/lisbontouristinformation.com\/fr\/guide-lifestyle-a-lisbonne\/shopping-a-lisbonne\/rues-commercantes-de-lisbonne\/\" style=\"outline: none;\">rues commer\u00e7antes de Lisbonne<\/a>.<\/p>\n<p style=\"text-align: center;\"><a href=\"https:\/\/www.google.com\/maps\/d\/u\/1\/viewer?mid=1AQ600nIgK-ZjA5mE8f7XzcqMt70gEQY&amp;ll=38.71429423141929%2C-9.142610950000009&amp;z=13\" target=\"_blank\" style=\"outline: none;\" rel=\"noopener\">(Lien vers la carte)<\/a><\/p>\n<h2 style=\"\" id=\"t-1654870402307\" data-hide=\"true\">Articles li\u00e9s&nbsp;:<\/h2>\n<p><a href=\"https:\/\/lisbontouristinformation.com\/fr\/guide-lifestyle-a-lisbonne\/shopping-a-lisbonne\/\" dynamic-postlink=\"tcb_post_the_permalink\" data-shortcode-id=\"597\"><\/a><\/p>\n<h3 style=\"text-align: center; padding-top: 0px !important; margin-top: 0px !important;\" id=\"t-1639141447150\" data-hide=\"true\"><span data-attr-link=\"1\" data-attr-rel=\"0\" data-attr-target=\"0\" data-extra_key=\"\" data-option-inline=\"1\" data-shortcode=\"tcb_post_title\" data-shortcode-name=\"Post title\" data-attr-css=\"\" data-attr-static-link=\"{&quot;className&quot;:&quot;tve-froala fr-basic&quot;,&quot;href&quot;:&quot;https:\/\/lisbontouristinformation.com\/fr\/guide-lifestyle-a-lisbonne\/shopping-a-lisbonne\/&quot;,&quot;title&quot;:&quot;Guide Complet du Shopping \u00e0 Lisbonne : Bonnes Adresses et Conseils&quot;,&quot;class&quot;:&quot;tve-froala fr-basic&quot;}\" style=\"\"><a href=\"https:\/\/lisbontouristinformation.com\/fr\/guide-lifestyle-a-lisbonne\/shopping-a-lisbonne\/\" title=\"Guide Complet du Shopping \u00e0 Lisbonne : Bonnes Adresses et Conseils\" data-css=\"\">Guide Complet du Shopping \u00e0 Lisbonne : Bonnes Adresses et Conseils<\/a><\/span><\/h3>\n<p><a href=\"https:\/\/lisbontouristinformation.com\/fr\/guide-lifestyle-a-lisbonne\/shopping-a-lisbonne\/\" style=\"\"><span style=\"\"><span style=\"\">Lire la suite<\/span><\/span><\/a><a href=\"https:\/\/lisbontouristinformation.com\/fr\/guide-lifestyle-a-lisbonne\/shopping-a-lisbonne\/rues-commercantes-de-lisbonne\/\" dynamic-postlink=\"tcb_post_the_permalink\" data-shortcode-id=\"597\"><\/a><\/p>\n<h3 style=\"text-align: center; padding-top: 0px !important; margin-top: 0px !important;\" id=\"t-1639141447150\" data-hide=\"true\"><span data-attr-link=\"1\" data-attr-rel=\"0\" data-attr-target=\"0\" data-extra_key=\"\" data-option-inline=\"1\" data-shortcode=\"tcb_post_title\" data-shortcode-name=\"Post title\" data-attr-css=\"\" data-attr-static-link=\"{&quot;className&quot;:&quot;tve-froala fr-basic&quot;,&quot;href&quot;:&quot;https:\/\/lisbontouristinformation.com\/fr\/guide-lifestyle-a-lisbonne\/shopping-a-lisbonne\/&quot;,&quot;title&quot;:&quot;Guide Complet du Shopping \u00e0 Lisbonne : Bonnes Adresses et Conseils&quot;,&quot;class&quot;:&quot;tve-froala fr-basic&quot;}\" style=\"\"><a href=\"https:\/\/lisbontouristinformation.com\/fr\/guide-lifestyle-a-lisbonne\/shopping-a-lisbonne\/rues-commercantes-de-lisbonne\/\" title=\"6 Meilleures Rues Commer\u00e7antes de Lisbonne\" data-css=\"\">6 Meilleures Rues Commer\u00e7antes de Lisbonne<\/a><\/span><\/h3>\n<p><a href=\"https:\/\/lisbontouristinformation.com\/fr\/guide-lifestyle-a-lisbonne\/shopping-a-lisbonne\/rues-commercantes-de-lisbonne\/\" style=\"\"><span style=\"\"><span style=\"\">Lire la suite<\/span><\/span><\/a><\/p>\n","protected":false},"excerpt":{"rendered":"<p>Lisbonne est l&rsquo;une des destinations de shopping les plus abordables d&rsquo;Europe, ce qui en fait un v\u00e9ritable paradis du shopping. En plus des rues commer\u00e7antes, la ville compte un certain nombre d&rsquo;excellents centres commerciaux qui offrent tout ce que le c\u0153ur du shopping d\u00e9sire sous un m\u00eame toit.&nbsp; Ci-dessous, nous avons dress\u00e9 notre liste des [&hellip;]<\/p>\n","protected":false},"author":18,"featured_media":6231,"parent":597,"menu_order":0,"comment_status":"open","ping_status":"closed","template":"","meta":{"footnotes":""},"tags":[20],"class_list":["post-199","page","type-page","status-publish","has-post-thumbnail","hentry","tag-shopping","post-wrapper","thrv_wrapper"],"_links":{"self":[{"href":"https:\/\/lisbontouristinformation.com\/fr\/wp-json\/wp\/v2\/pages\/199","targetHints":{"allow":["GET"]}}],"collection":[{"href":"https:\/\/lisbontouristinformation.com\/fr\/wp-json\/wp\/v2\/pages"}],"about":[{"href":"https:\/\/lisbontouristinformation.com\/fr\/wp-json\/wp\/v2\/types\/page"}],"author":[{"embeddable":true,"href":"https:\/\/lisbontouristinformation.com\/fr\/wp-json\/wp\/v2\/users\/18"}],"replies":[{"embeddable":true,"href":"https:\/\/lisbontouristinformation.com\/fr\/wp-json\/wp\/v2\/comments?post=199"}],"version-history":[{"count":0,"href":"https:\/\/lisbontouristinformation.com\/fr\/wp-json\/wp\/v2\/pages\/199\/revisions"}],"up":[{"embeddable":true,"href":"https:\/\/lisbontouristinformation.com\/fr\/wp-json\/wp\/v2\/pages\/597"}],"wp:featuredmedia":[{"embeddable":true,"href":"https:\/\/lisbontouristinformation.com\/fr\/wp-json\/wp\/v2\/media\/6231"}],"wp:attachment":[{"href":"https:\/\/lisbontouristinformation.com\/fr\/wp-json\/wp\/v2\/media?parent=199"}],"wp:term":[{"taxonomy":"post_tag","embeddable":true,"href":"https:\/\/lisbontouristinformation.com\/fr\/wp-json\/wp\/v2\/tags?post=199"}],"curies":[{"name":"wp","href":"https:\/\/api.w.org\/{rel}","templated":true}]}}