{"id":192,"date":"2020-06-05T14:15:47","date_gmt":"2020-06-05T12:15:47","guid":{"rendered":"http:\/\/berlincitytrips.com\/?page_id=192"},"modified":"2022-08-12T13:15:57","modified_gmt":"2022-08-12T12:15:57","slug":"rues-commercantes-de-lisbonne","status":"publish","type":"page","link":"https:\/\/lisbontouristinformation.com\/fr\/guide-lifestyle-a-lisbonne\/shopping-a-lisbonne\/rues-commercantes-de-lisbonne\/","title":{"rendered":"6 Meilleures Rues Commer\u00e7antes de Lisbonne"},"content":{"rendered":"<h2 id=\"t-1654785322151\" data-hide=\"true\">Les rues commer\u00e7antes anim\u00e9es de Lisbonne attirent les acheteurs avec le flair distinctif de la ville et un m\u00e9lange color\u00e9 de boutiques traditionnelles, de boutiques de cr\u00e9ateurs, de petits magasins originaux ainsi que de boutiques artisanales et gastronomiques.<\/h2>\n<p style=\"\">Nous avons compil\u00e9 une liste des meilleures rues commer\u00e7antes de Lisbonne, y compris certains de nos endroits pr\u00e9f\u00e9r\u00e9s, pour vous aider \u00e0 d\u00e9marrer votre recherche de vos nouvelles pi\u00e8ces pr\u00e9f\u00e9r\u00e9es.&nbsp;<\/p>\n<p><span><img decoding=\"async\" alt=\"Rua Augusta \u00e0 Lisbonne au Portugal\" data-id=\"6867\" width=\"702\" data-init-width=\"1000\" height=\"468\" data-init-height=\"667\" title=\"Rua Augusta \u00e0 Lisbonne au Portugal\" src=\"https:\/\/lisbontouristinformation.com\/fr\/wp-content\/uploads\/2022\/06\/Rua-Augusta-in-Lisbon-in-Portugal.jpg\" data-width=\"702\" data-height=\"468\" loading=\"lazy\"><\/span><\/p>\n<h2 id=\"t-1654785322152\" style=\"\">1. Rue Augusta<\/h2>\n<p style=\"\">Marqu\u00e9e par une arche monumentale, la Rua Augusta est la principale rue commer\u00e7ante de Lisbonne. La rue en pierre \u00e0 motifs noirs et blancs se trouve en plein c\u0153ur du centre historique et est toujours fr\u00e9quent\u00e9e par les touristes.<\/p>\n<p style=\"\">La c\u00e9l\u00e8bre <strong>rue commer\u00e7ante pi\u00e9tonne<\/strong> abrite certaines des marques de mode les plus populaires, notamment Zara, Mango, Bershka, Benetton et Stradivarius. De plus, la boutique officielle du club de football Benfica et quelques magasins traditionnels vous attendent ici, comme le magasin de chapeaux et de chaussures <a href=\"https:\/\/godivalord.pt\/index.php\" target=\"_blank\" style=\"outline: none;\" rel=\"noopener\">Sapataria e Chapelaria Lord , ouvert en 1941.<\/a><\/p>\n<p>Si vous avez besoin d&rsquo;une pause loin de l&rsquo;agitation de la rue, prenez une d\u00e9licieuse p\u00e2tisserie dans une pastelaria ou une glace au c\u00e9l\u00e8bre Amoriono.&nbsp;Ou reposez-vous dans l&rsquo;un des nombreux <a href=\"https:\/\/lisbontouristinformation.com\/fr\/guide-lifestyle-a-lisbonne\/restaurants-a-lisbonne\/meilleurs-restaurants-a-lisbonne\/\" style=\"outline: none;\">restaurants et bars de Lisbonne<\/a> qui bordent la rue.<\/p>\n<p><span><img decoding=\"async\" alt=\"Avenida da Liberdade \u00e0 Lisbonne au Portugal\" data-id=\"6868\" width=\"702\" data-init-width=\"1000\" height=\"465\" data-init-height=\"662\" title=\"Avenida da Liberdade \u00e0 Lisbonne au Portugal\" src=\"https:\/\/lisbontouristinformation.com\/fr\/wp-content\/uploads\/2022\/06\/Avenida-da-Liberdade-in-Lisbon-in-Portugal-1.jpg\" data-width=\"702\" data-height=\"465\" loading=\"lazy\"><\/span><\/p>\n<h2 id=\"t-1654785322153\" style=\"\">2. Avenida da Liberdade<\/h2>\n<p style=\"\">L&rsquo;Avenida da Liberdade dans le centre-ville est la maison du shopping de luxe \u00e0 Lisbonne. Rappelant les Champs-Elys\u00e9es \u00e0 Paris, ce boulevard haut de gamme s&rsquo;\u00e9tend sur 2,5 kilom\u00e8tres et regorge de marques de luxe telles que Gucci, Louis Vuitton, Dior, Versace et Prada. En plus de certains des biens immobiliers les plus chers de Lisbonne, vous trouverez \u00e9galement des bijouteries et des magasins de chaussures locaux, ainsi que des magasins de mode de milieu de gamme comme Guess et Mango.<\/p>\n<p>A l&rsquo;ombre des palmiers, vous pourrez fl\u00e2ner le long des larges all\u00e9es pi\u00e9tonnes aux fameux pav\u00e9s carrel\u00e9s de la ville et profiter de l&rsquo;ambiance raffin\u00e9e du boulevard.<\/p>\n<p>\u2192 L&rsquo;avenue abrite de nombreux <a href=\"https:\/\/lisbontouristinformation.com\/fr\/hotels-a-lisbonne\/5-etoiles-a-lisbonne\/\" style=\"outline: none;\">h\u00f4tels 5 \u00e9toiles<\/a> et h\u00f4tels <a href=\"https:\/\/lisbontouristinformation.com\/fr\/hotels-a-lisbonne\/lune-de-miel-a-lisbonne\/\" style=\"outline: none;\">de lune de miel romantiques<\/a>&nbsp;parmi les mieux not\u00e9s de Lisbonne.&nbsp;<strong>Consultez notre \u00e9quipe pour une r\u00e9servation et les r\u00e9ductions disponibles<\/strong>.&nbsp;<\/p>\n<p><span><img decoding=\"async\" alt=\"Rua Garrett \u00e0 Lisbonne au Portugal\" data-id=\"6869\" width=\"702\" data-init-width=\"1000\" height=\"468\" data-init-height=\"667\" title=\"Rua Garrett \u00e0 Lisbonne au Portugal\" src=\"https:\/\/lisbontouristinformation.com\/fr\/wp-content\/uploads\/2022\/06\/Rua-Garrett-in-Lisbon-in-Portugal.jpg\" data-width=\"702\" data-height=\"468\" loading=\"lazy\"><\/span><\/p>\n<h2 id=\"t-1654785322154\" style=\"\">3. Rua Garrett<\/h2>\n<p style=\"\">Nomm\u00e9e d&rsquo;apr\u00e8s l&rsquo;\u00e9crivaine portugaise Almeida Garrett, la Rua Garrett est un endroit id\u00e9al pour les marques de mode internationales et les boutiques locales traditionnelles. La rue chic au c\u0153ur du quartier chic du <a href=\"https:\/\/lisbontouristinformation.com\/fr\/organiser-votre-voyage-a-lisbonne\/meilleurs-quartiers-de-lisbonne\/\" style=\"outline: none;\">Chiado<\/a> s&rsquo;\u00e9tend sur 210 m\u00e8tres jusqu&rsquo;au Largo do Chiado. En chemin, vous passerez devant des marques de renomm\u00e9e internationale comme Zara, Nike et Swarovski, mais aussi des boutiques historiques comme Paris em Lisboa et Bijoux Tous.<\/p>\n<p>D\u00e9couvrez le vieux Lisbonne en visitant la plus ancienne librairie du monde, <b><a href=\"https:\/\/www.bertrand.pt\/\" style=\"outline: none;\" target=\"_blank\" rel=\"noopener\">Livraria Bertrand<\/a><\/b>, fond\u00e9e en 1732. Offrez-vous une pause-caf\u00e9 dans l&rsquo;ancien repaire d&rsquo;artistes&nbsp;Caf\u00e9 A Brasileira, ouvert en 1905.<\/p>\n<p><span><img decoding=\"async\" alt=\"Rua do Carmo \u00e0 Lisbonne au Portugal\" data-id=\"6870\" width=\"702\" data-init-width=\"1000\" height=\"468\" data-init-height=\"667\" title=\"Rua do Carmo \u00e0 Lisbonne au Portugal\" src=\"https:\/\/lisbontouristinformation.com\/fr\/wp-content\/uploads\/2022\/06\/Rua-do-Carmo-in-Lisbon-in-Portugal.jpg\" data-width=\"702\" data-height=\"468\" loading=\"lazy\"><\/span><\/p>\n<h2 id=\"t-1654785322155\" style=\"\">4. Rua do Carmo<\/h2>\n<p style=\"\">La Rua do Carmo est une charmante rue lat\u00e9rale qui part de la Rua Garrett. Gr\u00e2ce \u00e0 sa s\u00e9lection tri\u00e9e sur le volet de petites boutiques familiales, c&rsquo;est l&rsquo;endroit id\u00e9al pour trouver des pi\u00e8ces de qualit\u00e9 et des souvenirs uniques qui vous rappelleront votre voyage \u00e0 Lisbonne.<\/p>\n<p>Arr\u00eatez-vous \u00e0 <b>Luvaria Ulisses<\/b> pour trouver des gants en cuir de toutes les vari\u00e9t\u00e9s et couleurs, ou <b><a href=\"https:\/\/clausporto.com\/\" style=\"outline: none;\" target=\"_blank\" rel=\"noopener\">Claus Porto<\/a><\/b>, proposant des savons uniques, des eaux de Cologne, des bougies parfum\u00e9es, des diffuseurs domestiques et des produits de soins pour hommes depuis 1877. Au d\u00e9but de la rue se trouve le centre commercial&nbsp;<a href=\"https:\/\/armazensdochiado.com\/en\/\" style=\"outline: none;\" target=\"_blank\" rel=\"noopener\">Armaz\u00e9ns do Chiado<\/a>, avec 50 magasins et une aire de restauration. &nbsp;<\/p>\n<ul>\n<li>YourMobileGuide propose plusieurs <strong>visites autoguid\u00e9es \u00e0 travers Lisbonne<\/strong>, avec l&rsquo;&nbsp;<a href=\"https:\/\/web.yourmobileguide.com\/tabs\/tour-page\/473\" target=\"_blank\" style=\"outline: none;\" rel=\"noopener\">audioguide Best of Lisbon&rsquo;s Centre<\/a> visitant le quartier du Chiado. T\u00e9l\u00e9chargez maintenant et explorez facilement la ville tout en faisant un peu de shopping entre les lieux.&nbsp;<\/li>\n<\/ul>\n<p><span><img decoding=\"async\" alt=\"Rua Dom Pedro V \u00e0 Lisbonne au Portugal\" data-id=\"6871\" width=\"702\" data-init-width=\"1000\" height=\"468\" data-init-height=\"667\" title=\"Rua Dom Pedro V \u00e0 Lisbonne au Portugal\" src=\"https:\/\/lisbontouristinformation.com\/fr\/wp-content\/uploads\/2022\/06\/Rua-Dom-Pedro-V-in-Lisbon-in-Portugal.jpg\" data-width=\"702\" data-height=\"468\" loading=\"lazy\"><\/span><\/p>\n<h2 id=\"t-1654785322156\" style=\"\">5. Rua da Escola Polit\u00e9cnica et Rua Dom Pedro V<\/h2>\n<p style=\"\">Situ\u00e9es dans le charmant quartier de Pr\u00edncipe Real, ces deux rues offrent un m\u00e9lange fantastique de concept stores, de boutiques de cr\u00e9ateurs, de magasins d&rsquo;artisanat et d&rsquo;antiquit\u00e9s. Mais ce n&rsquo;est pas tout! Vous trouverez ici <b><a href=\"https:\/\/embaixadalx.pt\/en\/\" style=\"outline: none;\" target=\"_blank\" rel=\"noopener\">Embaixada<\/a><\/b>, un concept store branch\u00e9 install\u00e9 dans un bel immeuble du XIXe si\u00e8cle vendant des marques portugaises.<\/p>\n<p>Promenez-vous dans les rues et achetez des produits fabriqu\u00e9s localement et des objets uniques, par exemple dans le plus ancien magasin d&rsquo;antiquit\u00e9s du Portugal, <a href=\"https:\/\/www.solar.com.pt\/\" style=\"outline: none;\" target=\"_blank\" rel=\"noopener\">Solar Antiques<\/a>,&nbsp;o\u00f9 vous pourrez d\u00e9couvrir une magnifique s\u00e9lection d&rsquo;azulejos, ou dans le magasin historique&nbsp;<a href=\"Principe%20Real%20Enxovais\" style=\"outline: none;\">Principe Real Enxovais<\/a>, proposant des draps raffin\u00e9s exquis, brod\u00e9s \u00e0 la main. nappes, et bien plus encore.<\/p>\n<h2 id=\"t-1654844356584\" style=\"\">6. Rua do Po\u00e7o dos Negros<\/h2>\n<p style=\"\">Rua do Po\u00e7o dos Negros est le bon choix pour les voyageurs d\u00e9sireux de s&rsquo;aventurer loin des c\u00e9l\u00e8bres attractions touristiques de Lisbonne. Nich\u00e9e entre les quartiers du Bairro Alto et de Santos, la rue est en train de devenir une t\u00eate d&rsquo;affiche de <strong>la sc\u00e8ne cr\u00e9ative de la ville<\/strong>.&nbsp;Vous y trouverez un certain nombre de magasins int\u00e9ressants et artistiques.<\/p>\n<p style=\"\">Un endroit int\u00e9ressant est la petite boutique <a href=\"https:\/\/www.instagram.com\/cluberoyale.lisboa\/?hl=de\" target=\"_blank\" style=\"outline: none;\" rel=\"noopener\">\u00e9ph\u00e9m\u00e8re Clube Royale Lisboa<\/a>, qui vend des pi\u00e8ces d&rsquo;occasion et des cr\u00e9ations originales, ainsi que des ateliers et un caf\u00e9 d&rsquo;art.&nbsp;Au fait, la Rua do Po\u00e7o dos Negros est tr\u00e8s facile d&rsquo;acc\u00e8s, car la <strong>c\u00e9l\u00e8bre ligne de tramway jaune 28<\/strong> s&rsquo;y arr\u00eate.<\/p>\n<p style=\"\">Vous connaissez maintenant certains des meilleurs endroits pour faire du shopping \u00e0 Lisbonne. Pour plus d&rsquo;inspiration shopping, consultez notre article sur les <a href=\"https:\/\/lisbontouristinformation.com\/fr\/guide-lifestyle-a-lisbonne\/shopping-a-lisbonne\/centres-commerciaux-a-lisbonne\/\" style=\"outline: none;\"><strong>meilleurs centres commerciaux de Lisbonne<\/strong>.<\/a><\/p>\n<p style=\"text-align: center;\"><a href=\"https:\/\/www.google.com\/maps\/d\/u\/1\/viewer?mid=1dHG6E0bP-J25U2MUOmVavVyDieKis7U&amp;ll=38.715199191601506%2C-9.145056699999994&amp;z=16\" target=\"_blank\" style=\"outline: none;\" rel=\"noopener\">(Lien vers la carte)<\/a><\/p>\n<h2 style=\"\" id=\"t-1639142644260\" data-hide=\"true\">Articles Li\u00e9s:<\/h2>\n<p><a href=\"https:\/\/lisbontouristinformation.com\/fr\/guide-lifestyle-a-lisbonne\/shopping-a-lisbonne\/\" dynamic-postlink=\"tcb_post_the_permalink\" data-shortcode-id=\"597\"><\/a><\/p>\n<h3 style=\"text-align: center; padding-top: 0px !important; margin-top: 0px !important;\"><span data-attr-link=\"1\" data-attr-rel=\"0\" data-attr-target=\"0\" data-extra_key=\"\" data-option-inline=\"1\" data-shortcode=\"tcb_post_title\" data-shortcode-name=\"Post title\" data-attr-css=\"\" data-attr-static-link=\"{&quot;className&quot;:&quot;tve-froala fr-basic&quot;,&quot;href&quot;:&quot;https:\/\/lisbontouristinformation.com\/fr\/guide-lifestyle-a-lisbonne\/shopping-a-lisbonne\/&quot;,&quot;title&quot;:&quot;Guide Complet du Shopping \u00e0 Lisbonne : Bonnes Adresses et Conseils&quot;,&quot;class&quot;:&quot;tve-froala fr-basic&quot;}\" style=\"\"><a href=\"https:\/\/lisbontouristinformation.com\/fr\/guide-lifestyle-a-lisbonne\/shopping-a-lisbonne\/\" title=\"Guide Complet du Shopping \u00e0 Lisbonne : Bonnes Adresses et Conseils\" data-css=\"\">Guide Complet du Shopping \u00e0 Lisbonne : Bonnes Adresses et Conseils<\/a><\/span><\/h3>\n<p><a href=\"https:\/\/lisbontouristinformation.com\/fr\/guide-lifestyle-a-lisbonne\/shopping-a-lisbonne\/\" style=\"\"><span style=\"\"><span style=\"\">Lire la suite<\/span><\/span><\/a><a href=\"https:\/\/lisbontouristinformation.com\/fr\/guide-lifestyle-a-lisbonne\/shopping-a-lisbonne\/centres-commerciaux-a-lisbonne\/\" dynamic-postlink=\"tcb_post_the_permalink\" data-shortcode-id=\"597\"><\/a><\/p>\n<h3 style=\"text-align: center; padding-top: 0px !important; margin-top: 0px !important;\"><span data-attr-link=\"1\" data-attr-rel=\"0\" data-attr-target=\"0\" data-extra_key=\"\" data-option-inline=\"1\" data-shortcode=\"tcb_post_title\" data-shortcode-name=\"Post title\" data-attr-css=\"\" data-attr-static-link=\"{&quot;className&quot;:&quot;tve-froala fr-basic&quot;,&quot;href&quot;:&quot;https:\/\/lisbontouristinformation.com\/fr\/guide-lifestyle-a-lisbonne\/shopping-a-lisbonne\/&quot;,&quot;title&quot;:&quot;Guide Complet du Shopping \u00e0 Lisbonne : Bonnes Adresses et Conseils&quot;,&quot;class&quot;:&quot;tve-froala fr-basic&quot;}\" style=\"\"><a href=\"https:\/\/lisbontouristinformation.com\/fr\/guide-lifestyle-a-lisbonne\/shopping-a-lisbonne\/centres-commerciaux-a-lisbonne\/\" title=\"10 Meilleurs Centres Commerciaux \u00e0 Lisbonne [avec Localisation]\" data-css=\"\">10 Meilleurs Centres Commerciaux \u00e0 Lisbonne [avec Localisation]<\/a><\/span><\/h3>\n<p><a href=\"https:\/\/lisbontouristinformation.com\/fr\/guide-lifestyle-a-lisbonne\/shopping-a-lisbonne\/centres-commerciaux-a-lisbonne\/\" style=\"\"><span style=\"\"><span style=\"\">Lire la suite<\/span><\/span><\/a><\/p>\n","protected":false},"excerpt":{"rendered":"<p>Les rues commer\u00e7antes anim\u00e9es de Lisbonne attirent les acheteurs avec le flair distinctif de la ville et un m\u00e9lange color\u00e9 de boutiques traditionnelles, de boutiques de cr\u00e9ateurs, de petits magasins originaux ainsi que de boutiques artisanales et gastronomiques. Nous avons compil\u00e9 une liste des meilleures rues commer\u00e7antes de Lisbonne, y compris certains de nos endroits [&hellip;]<\/p>\n","protected":false},"author":18,"featured_media":6232,"parent":597,"menu_order":0,"comment_status":"open","ping_status":"closed","template":"","meta":{"footnotes":""},"tags":[],"class_list":["post-192","page","type-page","status-publish","has-post-thumbnail","hentry","post-wrapper","thrv_wrapper"],"_links":{"self":[{"href":"https:\/\/lisbontouristinformation.com\/fr\/wp-json\/wp\/v2\/pages\/192","targetHints":{"allow":["GET"]}}],"collection":[{"href":"https:\/\/lisbontouristinformation.com\/fr\/wp-json\/wp\/v2\/pages"}],"about":[{"href":"https:\/\/lisbontouristinformation.com\/fr\/wp-json\/wp\/v2\/types\/page"}],"author":[{"embeddable":true,"href":"https:\/\/lisbontouristinformation.com\/fr\/wp-json\/wp\/v2\/users\/18"}],"replies":[{"embeddable":true,"href":"https:\/\/lisbontouristinformation.com\/fr\/wp-json\/wp\/v2\/comments?post=192"}],"version-history":[{"count":0,"href":"https:\/\/lisbontouristinformation.com\/fr\/wp-json\/wp\/v2\/pages\/192\/revisions"}],"up":[{"embeddable":true,"href":"https:\/\/lisbontouristinformation.com\/fr\/wp-json\/wp\/v2\/pages\/597"}],"wp:featuredmedia":[{"embeddable":true,"href":"https:\/\/lisbontouristinformation.com\/fr\/wp-json\/wp\/v2\/media\/6232"}],"wp:attachment":[{"href":"https:\/\/lisbontouristinformation.com\/fr\/wp-json\/wp\/v2\/media?parent=192"}],"wp:term":[{"taxonomy":"post_tag","embeddable":true,"href":"https:\/\/lisbontouristinformation.com\/fr\/wp-json\/wp\/v2\/tags?post=192"}],"curies":[{"name":"wp","href":"https:\/\/api.w.org\/{rel}","templated":true}]}}