{"id":1903,"date":"2020-07-15T05:15:09","date_gmt":"2020-07-15T03:15:09","guid":{"rendered":"https:\/\/lisbontouristinformation.com\/fr\/?page_id=1903"},"modified":"2022-08-14T10:17:53","modified_gmt":"2022-08-14T09:17:53","slug":"hotels-a-lisbonne","status":"publish","type":"page","link":"https:\/\/lisbontouristinformation.com\/fr\/hotels-a-lisbonne\/","title":{"rendered":"H\u00f4tels \u00e0 Lisbonne: Les mieux not\u00e9s au centre -ville, quartier historique, h\u00f4tels \u00e9toil\u00e9s\u2026"},"content":{"rendered":"<h1 style=\"text-align: center;\">Vous cherchez un h\u00f4tel \u00e0 Lisbonne ?<\/h1>\n<h1 style=\"\">R\u00e9servez votre s\u00e9jour dans les meilleurs h\u00f4tels de Lisbonne<\/h1>\n<p style=\"\">Contactez-nous et obtenez le meilleur prix pour un s\u00e9jour \u00e0 l&rsquo;h\u00f4tel au c\u0153ur de Lisbonne. Service de r\u00e9servation fiable et assistance 24h\/24 et 7j\/7.<\/p>\n<h4>R\u00e9servation de groupe<\/h4>\n<p style=\"\">Nous pouvons vous organiser le meilleur prix pour une r\u00e9servation de groupe dans un h\u00f4tel confortable du centre de Lisbonne.<\/p>\n<h4>Offres Couples<\/h4>\n<p style=\"\">Lune de miel ou escapade romantique \u00e0 Lisbonne ? Demandez-nous un devis gratuit pour les meilleurs h\u00f4tels pour couples.<\/p>\n<h4>S\u00e9jour unique<\/h4>\n<p style=\"\">Nous vous trouverons l&#8217;emplacement id\u00e9al et le prix d&rsquo;h\u00f4tel id\u00e9al en fonction de vos besoins et de vos envies.<\/p>\n<h2>R\u00e9servez le meilleur h\u00f4tel au meilleur prix pour votre s\u00e9jour \u00e0 Lisbonne<\/h2>\n<p>Notre \u00e9quipe d&rsquo;experts d\u00e9vou\u00e9s a 25 ans d&rsquo;exp\u00e9rience dans le domaine du voyage en Europe. Gr\u00e2ce \u00e0 notre r\u00e9seau de partenaires au Portugal, nous vous trouverons le meilleur prix et la meilleure option d&rsquo;h\u00f4tel pour tout type de s\u00e9jour \u00e0 Lisbonne et dans d&rsquo;autres villes portugaises. Voici quelques cat\u00e9gories populaires d&rsquo;h\u00f4tels \u00e0 Lisbonne :<\/p>\n<ul>\n<li><a href=\"https:\/\/lisbontouristinformation.com\/fr\/hotels-a-lisbonne\/5-etoiles-a-lisbonne\/\" style=\"outline: none;\">Meilleurs h\u00f4tels 5 \u00e9toiles \u00e0 Lisbonne<\/a><\/li>\n<li><a href=\"https:\/\/lisbontouristinformation.com\/fr\/hotels-a-lisbonne\/4-etoiles-a-lisbonne\/\" style=\"outline: none;\">Meilleurs h\u00f4tels 4 \u00e9toiles \u00e0 Lisbonne<\/a><\/li>\n<li><a href=\"https:\/\/lisbontouristinformation.com\/fr\/hotels-a-lisbonne\/3-etoiles-a-lisbonne\/\" style=\"outline: none;\">Meilleurs h\u00f4tels 3 \u00e9toiles \u00e0 Lisbonne<\/a><\/li>\n<li><a href=\"https:\/\/lisbontouristinformation.com\/fr\/hotels-a-lisbonne\/hotels-du-centre-de-lisbonne\/\" style=\"outline: none;\">H\u00f4tels les mieux not\u00e9s dans le centre de Lisbonne<\/a><\/li>\n<li><a href=\"https:\/\/lisbontouristinformation.com\/fr\/hotels-a-lisbonne\/hotels-historiques-a-lisbonne\/\" style=\"outline: none;\">Les meilleurs h\u00f4tels historiques de Lisbonne<\/a><\/li>\n<li><a href=\"https:\/\/lisbontouristinformation.com\/fr\/hotels-a-lisbonne\/boutique-hotels-a-lisbonne\/\" style=\"outline: none;\">Meilleurs h\u00f4tels de charme \u00e0 Lisbonne<\/a><\/li>\n<li><a href=\"https:\/\/lisbontouristinformation.com\/fr\/hotels-a-lisbonne\/hotels-pres-de-laeroport-de-lisbonne\/\" style=\"outline: none;\">Meilleurs h\u00f4tels d&rsquo;a\u00e9roport \u00e0 Lisbonne<\/a><\/li>\n<li><a href=\"https:\/\/lisbontouristinformation.com\/fr\/hotels-a-lisbonne\/hotels-avec-piscine\/\" style=\"outline: none;\">Meilleurs h\u00f4tels avec piscine \u00e0 Lisbonne<\/a><\/li>\n<li><a href=\"https:\/\/lisbontouristinformation.com\/fr\/hotels-a-lisbonne\/lune-de-miel-a-lisbonne\/\" style=\"outline: none;\">Meilleurs h\u00f4tels romantiques \u00e0 Lisbonne<\/a><\/li>\n<li><a href=\"https:\/\/lisbontouristinformation.com\/fr\/hotels-a-lisbonne\/hotels-pour-groupes-a-lisbonne\/\" style=\"outline: none;\">Les meilleurs h\u00f4tels pour groupes \u00e0 Lisbonne<\/a><\/li>\n<\/ul>\n<p>Obtenez plus d&rsquo;informations et un devis gratuit pour votre voyage \u00e0 Lisbonne. Entrez en contact avec notre \u00e9quipe d&rsquo;experts via le <strong>formulaire de contact ci-dessous.<\/strong>&nbsp;Nous vous r\u00e9pondrons en moins de 48H.<\/p>\n<p>Si vous ne savez pas dans quel quartier loger lors de votre voyage \u00e0 Lisbonne, voici 2 articles qui vous aideront : <a href=\"https:\/\/lisbontouristinformation.com\/fr\/organiser-votre-voyage-a-lisbonne\/meilleurs-quartiers-de-lisbonne\/\" style=\"outline: none;\">20 quartiers de Lisbonne et Que voir et faire<\/a> + <a href=\"https:\/\/lisbontouristinformation.com\/fr\/hotels-a-lisbonne\/ou-loger-a-lisbonne\/\" style=\"outline: none;\">O\u00f9 loger \u00e0 Lisbonne<\/a><\/p>\n<h2 style=\"text-align: center;\">Obtenez votre devis gratuit maintenant<\/h2>\n<h2 style=\"text-align: center;\">Postes li\u00e9s \u00e0 l&rsquo;h\u00f4tel<\/h2>\n<p><a href=\"https:\/\/lisbontouristinformation.com\/fr\/hotels-a-lisbonne\/hotels-avec-piscine\/\" dynamic-postlink=\"tcb_post_the_permalink\" data-shortcode-id=\"5805\"><\/a><\/p>\n<h3 style=\"text-align: center; padding-top: 0px !important; margin-top: 0px !important;\"><span data-attr-link=\"1\" data-attr-rel=\"0\" data-attr-target=\"0\" data-extra_key=\"\" data-option-inline=\"1\" data-shortcode=\"tcb_post_title\" data-shortcode-name=\"Post title\" data-attr-css=\"\" data-attr-static-link=\"{&quot;className&quot;:&quot;tve-froala fr-basic&quot;,&quot;href&quot;:&quot;https:\/\/lisbontouristinformation.com\/fr\/hotels-a-lisbonne\/hotels-avec-piscine\/&quot;,&quot;title&quot;:&quot;12 Meilleurs H\u00f4tels avec Piscine \u00e0 Lisbonne&quot;,&quot;class&quot;:&quot;tve-froala fr-basic&quot;}\" style=\"\"><a href=\"https:\/\/lisbontouristinformation.com\/fr\/hotels-a-lisbonne\/hotels-avec-piscine\/\" title=\"12 Meilleurs H\u00f4tels avec Piscine \u00e0 Lisbonne\" data-css=\"\">12 Meilleurs H\u00f4tels avec Piscine \u00e0 Lisbonne<\/a><\/span><\/h3>\n<p><a href=\"https:\/\/lisbontouristinformation.com\/fr\/hotels-a-lisbonne\/hotels-avec-piscine\/\" style=\"\"><span style=\"\"><span style=\"\">Lire la suite<\/span><\/span><\/a><a href=\"https:\/\/lisbontouristinformation.com\/fr\/hotels-a-lisbonne\/hotels-du-centre-de-lisbonne\/\" dynamic-postlink=\"tcb_post_the_permalink\" data-shortcode-id=\"5805\"><\/a><\/p>\n<h3 style=\"text-align: center; padding-top: 0px !important; margin-top: 0px !important;\"><span data-attr-link=\"1\" data-attr-rel=\"0\" data-attr-target=\"0\" data-extra_key=\"\" data-option-inline=\"1\" data-shortcode=\"tcb_post_title\" data-shortcode-name=\"Post title\" data-attr-css=\"\" data-attr-static-link=\"{&quot;className&quot;:&quot;tve-froala fr-basic&quot;,&quot;href&quot;:&quot;https:\/\/lisbontouristinformation.com\/fr\/hotels-a-lisbonne\/hotels-avec-piscine\/&quot;,&quot;title&quot;:&quot;12 Meilleurs H\u00f4tels avec Piscine \u00e0 Lisbonne&quot;,&quot;class&quot;:&quot;tve-froala fr-basic&quot;}\" style=\"\"><a href=\"https:\/\/lisbontouristinformation.com\/fr\/hotels-a-lisbonne\/hotels-du-centre-de-lisbonne\/\" title=\"12 Meilleurs H\u00f4tels du Centre de Lisbonne : Alfama, Graca, Rossio\u2026\" data-css=\"\">12 Meilleurs H\u00f4tels du Centre de Lisbonne : Alfama, Graca, Rossio\u2026<\/a><\/span><\/h3>\n<p><a href=\"https:\/\/lisbontouristinformation.com\/fr\/hotels-a-lisbonne\/hotels-du-centre-de-lisbonne\/\" style=\"\"><span style=\"\"><span style=\"\">Lire la suite<\/span><\/span><\/a><a href=\"https:\/\/lisbontouristinformation.com\/fr\/hotels-a-lisbonne\/hotels-pour-groupes-a-lisbonne\/\" dynamic-postlink=\"tcb_post_the_permalink\" data-shortcode-id=\"5805\"><\/a><\/p>\n<h3 style=\"text-align: center; padding-top: 0px !important; margin-top: 0px !important;\"><span data-attr-link=\"1\" data-attr-rel=\"0\" data-attr-target=\"0\" data-extra_key=\"\" data-option-inline=\"1\" data-shortcode=\"tcb_post_title\" data-shortcode-name=\"Post title\" data-attr-css=\"\" data-attr-static-link=\"{&quot;className&quot;:&quot;tve-froala fr-basic&quot;,&quot;href&quot;:&quot;https:\/\/lisbontouristinformation.com\/fr\/hotels-a-lisbonne\/hotels-avec-piscine\/&quot;,&quot;title&quot;:&quot;12 Meilleurs H\u00f4tels avec Piscine \u00e0 Lisbonne&quot;,&quot;class&quot;:&quot;tve-froala fr-basic&quot;}\" style=\"\"><a href=\"https:\/\/lisbontouristinformation.com\/fr\/hotels-a-lisbonne\/hotels-pour-groupes-a-lisbonne\/\" title=\"12 Meilleurs H\u00f4tels pour groupes \u00e0 Lisbonne\" data-css=\"\">12 Meilleurs H\u00f4tels pour groupes \u00e0 Lisbonne<\/a><\/span><\/h3>\n<p><a href=\"https:\/\/lisbontouristinformation.com\/fr\/hotels-a-lisbonne\/hotels-pour-groupes-a-lisbonne\/\" style=\"\"><span style=\"\"><span style=\"\">Lire la suite<\/span><\/span><\/a><a href=\"https:\/\/lisbontouristinformation.com\/fr\/hotels-a-lisbonne\/lune-de-miel-a-lisbonne\/\" dynamic-postlink=\"tcb_post_the_permalink\" data-shortcode-id=\"5805\"><\/a><\/p>\n<h3 style=\"text-align: center; padding-top: 0px !important; margin-top: 0px !important;\"><span data-attr-link=\"1\" data-attr-rel=\"0\" data-attr-target=\"0\" data-extra_key=\"\" data-option-inline=\"1\" data-shortcode=\"tcb_post_title\" data-shortcode-name=\"Post title\" data-attr-css=\"\" data-attr-static-link=\"{&quot;className&quot;:&quot;tve-froala fr-basic&quot;,&quot;href&quot;:&quot;https:\/\/lisbontouristinformation.com\/fr\/hotels-a-lisbonne\/hotels-avec-piscine\/&quot;,&quot;title&quot;:&quot;12 Meilleurs H\u00f4tels avec Piscine \u00e0 Lisbonne&quot;,&quot;class&quot;:&quot;tve-froala fr-basic&quot;}\" style=\"\"><a href=\"https:\/\/lisbontouristinformation.com\/fr\/hotels-a-lisbonne\/lune-de-miel-a-lisbonne\/\" title=\"16 H\u00f4tels Romantiques pour Votre Lune de miel \u00e0 Lisbonne\" data-css=\"\">16 H\u00f4tels Romantiques pour Votre Lune de miel \u00e0 Lisbonne<\/a><\/span><\/h3>\n<p><a href=\"https:\/\/lisbontouristinformation.com\/fr\/hotels-a-lisbonne\/lune-de-miel-a-lisbonne\/\" style=\"\"><span style=\"\"><span style=\"\">Lire la suite<\/span><\/span><\/a><a href=\"https:\/\/lisbontouristinformation.com\/fr\/hotels-a-lisbonne\/hotels-pres-de-laeroport-de-lisbonne\/\" dynamic-postlink=\"tcb_post_the_permalink\" data-shortcode-id=\"5805\"><\/a><\/p>\n<h3 style=\"text-align: center; padding-top: 0px !important; margin-top: 0px !important;\"><span data-attr-link=\"1\" data-attr-rel=\"0\" data-attr-target=\"0\" data-extra_key=\"\" data-option-inline=\"1\" data-shortcode=\"tcb_post_title\" data-shortcode-name=\"Post title\" data-attr-css=\"\" data-attr-static-link=\"{&quot;className&quot;:&quot;tve-froala fr-basic&quot;,&quot;href&quot;:&quot;https:\/\/lisbontouristinformation.com\/fr\/hotels-a-lisbonne\/hotels-avec-piscine\/&quot;,&quot;title&quot;:&quot;12 Meilleurs H\u00f4tels avec Piscine \u00e0 Lisbonne&quot;,&quot;class&quot;:&quot;tve-froala fr-basic&quot;}\" style=\"\"><a href=\"https:\/\/lisbontouristinformation.com\/fr\/hotels-a-lisbonne\/hotels-pres-de-laeroport-de-lisbonne\/\" title=\"5 meilleurs H\u00f4tels pr\u00e8s de l\u2019a\u00e9roport de Lisbonne\" data-css=\"\">5 meilleurs H\u00f4tels pr\u00e8s de l\u2019a\u00e9roport de Lisbonne<\/a><\/span><\/h3>\n<p><a href=\"https:\/\/lisbontouristinformation.com\/fr\/hotels-a-lisbonne\/hotels-pres-de-laeroport-de-lisbonne\/\" style=\"\"><span style=\"\"><span style=\"\">Lire la suite<\/span><\/span><\/a><a href=\"https:\/\/lisbontouristinformation.com\/fr\/hotels-a-lisbonne\/3-etoiles-a-lisbonne\/\" dynamic-postlink=\"tcb_post_the_permalink\" data-shortcode-id=\"5805\"><\/a><\/p>\n<h3 style=\"text-align: center; padding-top: 0px !important; margin-top: 0px !important;\"><span data-attr-link=\"1\" data-attr-rel=\"0\" data-attr-target=\"0\" data-extra_key=\"\" data-option-inline=\"1\" data-shortcode=\"tcb_post_title\" data-shortcode-name=\"Post title\" data-attr-css=\"\" data-attr-static-link=\"{&quot;className&quot;:&quot;tve-froala fr-basic&quot;,&quot;href&quot;:&quot;https:\/\/lisbontouristinformation.com\/fr\/hotels-a-lisbonne\/hotels-avec-piscine\/&quot;,&quot;title&quot;:&quot;12 Meilleurs H\u00f4tels avec Piscine \u00e0 Lisbonne&quot;,&quot;class&quot;:&quot;tve-froala fr-basic&quot;}\" style=\"\"><a href=\"https:\/\/lisbontouristinformation.com\/fr\/hotels-a-lisbonne\/3-etoiles-a-lisbonne\/\" title=\"H\u00f4tels 3 \u00e9toiles \u00e0 Lisbonne\" data-css=\"\">H\u00f4tels 3 \u00e9toiles \u00e0 Lisbonne<\/a><\/span><\/h3>\n<p><a href=\"https:\/\/lisbontouristinformation.com\/fr\/hotels-a-lisbonne\/3-etoiles-a-lisbonne\/\" style=\"\"><span style=\"\"><span style=\"\">Lire la suite<\/span><\/span><\/a><a href=\"https:\/\/lisbontouristinformation.com\/fr\/hotels-a-lisbonne\/4-etoiles-a-lisbonne\/\" dynamic-postlink=\"tcb_post_the_permalink\" data-shortcode-id=\"5805\"><\/a><\/p>\n<h3 style=\"text-align: center; padding-top: 0px !important; margin-top: 0px !important;\"><span data-attr-link=\"1\" data-attr-rel=\"0\" data-attr-target=\"0\" data-extra_key=\"\" data-option-inline=\"1\" data-shortcode=\"tcb_post_title\" data-shortcode-name=\"Post title\" data-attr-css=\"\" data-attr-static-link=\"{&quot;className&quot;:&quot;tve-froala fr-basic&quot;,&quot;href&quot;:&quot;https:\/\/lisbontouristinformation.com\/fr\/hotels-a-lisbonne\/hotels-avec-piscine\/&quot;,&quot;title&quot;:&quot;12 Meilleurs H\u00f4tels avec Piscine \u00e0 Lisbonne&quot;,&quot;class&quot;:&quot;tve-froala fr-basic&quot;}\" style=\"\"><a href=\"https:\/\/lisbontouristinformation.com\/fr\/hotels-a-lisbonne\/4-etoiles-a-lisbonne\/\" title=\"H\u00f4tels 4 \u00e9toiles \u00e0 Lisbonne\" data-css=\"\">H\u00f4tels 4 \u00e9toiles \u00e0 Lisbonne<\/a><\/span><\/h3>\n<p><a href=\"https:\/\/lisbontouristinformation.com\/fr\/hotels-a-lisbonne\/4-etoiles-a-lisbonne\/\" style=\"\"><span style=\"\"><span style=\"\">Lire la suite<\/span><\/span><\/a><a href=\"https:\/\/lisbontouristinformation.com\/fr\/hotels-a-lisbonne\/\" dynamic-postlink=\"tcb_post_the_permalink\" data-shortcode-id=\"5805\"><\/a><\/p>\n<h3 style=\"text-align: center; padding-top: 0px !important; margin-top: 0px !important;\"><span data-attr-link=\"1\" data-attr-rel=\"0\" data-attr-target=\"0\" data-extra_key=\"\" data-option-inline=\"1\" data-shortcode=\"tcb_post_title\" data-shortcode-name=\"Post title\" data-attr-css=\"\" data-attr-static-link=\"{&quot;className&quot;:&quot;tve-froala fr-basic&quot;,&quot;href&quot;:&quot;https:\/\/lisbontouristinformation.com\/fr\/hotels-a-lisbonne\/hotels-avec-piscine\/&quot;,&quot;title&quot;:&quot;12 Meilleurs H\u00f4tels avec Piscine \u00e0 Lisbonne&quot;,&quot;class&quot;:&quot;tve-froala fr-basic&quot;}\" style=\"\"><a href=\"https:\/\/lisbontouristinformation.com\/fr\/hotels-a-lisbonne\/\" title=\"H\u00f4tels \u00e0 Lisbonne: Les mieux not\u00e9s au centre -ville, quartier historique, h\u00f4tels \u00e9toil\u00e9s\u2026\" data-css=\"\">H\u00f4tels \u00e0 Lisbonne: Les mieux not\u00e9s au centre -ville, quartier historique, h\u00f4tels \u00e9toil\u00e9s\u2026<\/a><\/span><\/h3>\n<p><a href=\"https:\/\/lisbontouristinformation.com\/fr\/hotels-a-lisbonne\/\" style=\"\"><span style=\"\"><span style=\"\">Lire la suite<\/span><\/span><\/a><a href=\"https:\/\/lisbontouristinformation.com\/fr\/hotels-a-lisbonne\/hotels-historiques-a-lisbonne\/\" dynamic-postlink=\"tcb_post_the_permalink\" data-shortcode-id=\"5805\"><\/a><\/p>\n<h3 style=\"text-align: center; padding-top: 0px !important; margin-top: 0px !important;\"><span data-attr-link=\"1\" data-attr-rel=\"0\" data-attr-target=\"0\" data-extra_key=\"\" data-option-inline=\"1\" data-shortcode=\"tcb_post_title\" data-shortcode-name=\"Post title\" data-attr-css=\"\" data-attr-static-link=\"{&quot;className&quot;:&quot;tve-froala fr-basic&quot;,&quot;href&quot;:&quot;https:\/\/lisbontouristinformation.com\/fr\/hotels-a-lisbonne\/hotels-avec-piscine\/&quot;,&quot;title&quot;:&quot;12 Meilleurs H\u00f4tels avec Piscine \u00e0 Lisbonne&quot;,&quot;class&quot;:&quot;tve-froala fr-basic&quot;}\" style=\"\"><a href=\"https:\/\/lisbontouristinformation.com\/fr\/hotels-a-lisbonne\/hotels-historiques-a-lisbonne\/\" title=\"Les 11 meilleurs H\u00f4tels Historiques \u00e0 Lisbonne\" data-css=\"\">Les 11 meilleurs H\u00f4tels Historiques \u00e0 Lisbonne<\/a><\/span><\/h3>\n<p><a href=\"https:\/\/lisbontouristinformation.com\/fr\/hotels-a-lisbonne\/hotels-historiques-a-lisbonne\/\" style=\"\"><span style=\"\"><span style=\"\">Lire la suite<\/span><\/span><\/a><a href=\"https:\/\/lisbontouristinformation.com\/fr\/hotels-a-lisbonne\/boutique-hotels-a-lisbonne\/\" dynamic-postlink=\"tcb_post_the_permalink\" data-shortcode-id=\"5805\"><\/a><\/p>\n<h3 style=\"text-align: center; padding-top: 0px !important; margin-top: 0px !important;\"><span data-attr-link=\"1\" data-attr-rel=\"0\" data-attr-target=\"0\" data-extra_key=\"\" data-option-inline=\"1\" data-shortcode=\"tcb_post_title\" data-shortcode-name=\"Post title\" data-attr-css=\"\" data-attr-static-link=\"{&quot;className&quot;:&quot;tve-froala fr-basic&quot;,&quot;href&quot;:&quot;https:\/\/lisbontouristinformation.com\/fr\/hotels-a-lisbonne\/hotels-avec-piscine\/&quot;,&quot;title&quot;:&quot;12 Meilleurs H\u00f4tels avec Piscine \u00e0 Lisbonne&quot;,&quot;class&quot;:&quot;tve-froala fr-basic&quot;}\" style=\"\"><a href=\"https:\/\/lisbontouristinformation.com\/fr\/hotels-a-lisbonne\/boutique-hotels-a-lisbonne\/\" title=\"Les 15 meilleurs boutique-h\u00f4tels de Lisbonne\" data-css=\"\">Les 15 meilleurs boutique-h\u00f4tels de Lisbonne<\/a><\/span><\/h3>\n<p><a href=\"https:\/\/lisbontouristinformation.com\/fr\/hotels-a-lisbonne\/boutique-hotels-a-lisbonne\/\" style=\"\"><span style=\"\"><span style=\"\">Lire la suite<\/span><\/span><\/a><a href=\"https:\/\/lisbontouristinformation.com\/fr\/hotels-a-lisbonne\/5-etoiles-a-lisbonne\/\" dynamic-postlink=\"tcb_post_the_permalink\" data-shortcode-id=\"5805\"><\/a><\/p>\n<h3 style=\"text-align: center; padding-top: 0px !important; margin-top: 0px !important;\"><span data-attr-link=\"1\" data-attr-rel=\"0\" data-attr-target=\"0\" data-extra_key=\"\" data-option-inline=\"1\" data-shortcode=\"tcb_post_title\" data-shortcode-name=\"Post title\" data-attr-css=\"\" data-attr-static-link=\"{&quot;className&quot;:&quot;tve-froala fr-basic&quot;,&quot;href&quot;:&quot;https:\/\/lisbontouristinformation.com\/fr\/hotels-a-lisbonne\/hotels-avec-piscine\/&quot;,&quot;title&quot;:&quot;12 Meilleurs H\u00f4tels avec Piscine \u00e0 Lisbonne&quot;,&quot;class&quot;:&quot;tve-froala fr-basic&quot;}\" style=\"\"><a href=\"https:\/\/lisbontouristinformation.com\/fr\/hotels-a-lisbonne\/5-etoiles-a-lisbonne\/\" title=\"Meilleurs H\u00f4tels 5 \u00e9toiles \u00e0 Lisbonne\" data-css=\"\">Meilleurs H\u00f4tels 5 \u00e9toiles \u00e0 Lisbonne<\/a><\/span><\/h3>\n<p><a href=\"https:\/\/lisbontouristinformation.com\/fr\/hotels-a-lisbonne\/5-etoiles-a-lisbonne\/\" style=\"\"><span style=\"\"><span style=\"\">Lire la suite<\/span><\/span><\/a><a href=\"https:\/\/lisbontouristinformation.com\/fr\/hotels-a-lisbonne\/ou-loger-a-lisbonne\/\" dynamic-postlink=\"tcb_post_the_permalink\" data-shortcode-id=\"5805\"><\/a><\/p>\n<h3 style=\"text-align: center; padding-top: 0px !important; margin-top: 0px !important;\"><span data-attr-link=\"1\" data-attr-rel=\"0\" data-attr-target=\"0\" data-extra_key=\"\" data-option-inline=\"1\" data-shortcode=\"tcb_post_title\" data-shortcode-name=\"Post title\" data-attr-css=\"\" data-attr-static-link=\"{&quot;className&quot;:&quot;tve-froala fr-basic&quot;,&quot;href&quot;:&quot;https:\/\/lisbontouristinformation.com\/fr\/hotels-a-lisbonne\/hotels-avec-piscine\/&quot;,&quot;title&quot;:&quot;12 Meilleurs H\u00f4tels avec Piscine \u00e0 Lisbonne&quot;,&quot;class&quot;:&quot;tve-froala fr-basic&quot;}\" style=\"\"><a href=\"https:\/\/lisbontouristinformation.com\/fr\/hotels-a-lisbonne\/ou-loger-a-lisbonne\/\" title=\"O\u00f9 loger \u00e0 Lisbonne ? 5 quartiers \u00e0 conna\u00eetre\" data-css=\"\">O\u00f9 loger \u00e0 Lisbonne ? 5 quartiers \u00e0 conna\u00eetre<\/a><\/span><\/h3>\n<p><a href=\"https:\/\/lisbontouristinformation.com\/fr\/hotels-a-lisbonne\/ou-loger-a-lisbonne\/\" style=\"\"><span style=\"\"><span style=\"\">Lire la suite<\/span><\/span><\/a><a href=\"javascript:void(0)\" style=\"\"><span style=\"\"><span style=\"\">Load More<\/span><\/span><\/a><\/p>\n","protected":false},"excerpt":{"rendered":"<p>Vous cherchez un h\u00f4tel \u00e0 Lisbonne ? R\u00e9servez votre s\u00e9jour dans les meilleurs h\u00f4tels de Lisbonne Contactez-nous et obtenez le meilleur prix pour un s\u00e9jour \u00e0 l&rsquo;h\u00f4tel au c\u0153ur de Lisbonne. Service de r\u00e9servation fiable et assistance 24h\/24 et 7j\/7. R\u00e9servation de groupe Nous pouvons vous organiser le meilleur prix pour une r\u00e9servation de groupe [&hellip;]<\/p>\n","protected":false},"author":20,"featured_media":6545,"parent":0,"menu_order":0,"comment_status":"closed","ping_status":"closed","template":"","meta":{"footnotes":""},"tags":[75],"class_list":["post-1903","page","type-page","status-publish","has-post-thumbnail","hentry","tag-lisbon-hotels","post-wrapper","thrv_wrapper"],"_links":{"self":[{"href":"https:\/\/lisbontouristinformation.com\/fr\/wp-json\/wp\/v2\/pages\/1903","targetHints":{"allow":["GET"]}}],"collection":[{"href":"https:\/\/lisbontouristinformation.com\/fr\/wp-json\/wp\/v2\/pages"}],"about":[{"href":"https:\/\/lisbontouristinformation.com\/fr\/wp-json\/wp\/v2\/types\/page"}],"author":[{"embeddable":true,"href":"https:\/\/lisbontouristinformation.com\/fr\/wp-json\/wp\/v2\/users\/20"}],"replies":[{"embeddable":true,"href":"https:\/\/lisbontouristinformation.com\/fr\/wp-json\/wp\/v2\/comments?post=1903"}],"version-history":[{"count":0,"href":"https:\/\/lisbontouristinformation.com\/fr\/wp-json\/wp\/v2\/pages\/1903\/revisions"}],"wp:featuredmedia":[{"embeddable":true,"href":"https:\/\/lisbontouristinformation.com\/fr\/wp-json\/wp\/v2\/media\/6545"}],"wp:attachment":[{"href":"https:\/\/lisbontouristinformation.com\/fr\/wp-json\/wp\/v2\/media?parent=1903"}],"wp:term":[{"taxonomy":"post_tag","embeddable":true,"href":"https:\/\/lisbontouristinformation.com\/fr\/wp-json\/wp\/v2\/tags?post=1903"}],"curies":[{"name":"wp","href":"https:\/\/api.w.org\/{rel}","templated":true}]}}