{"id":87,"date":"2020-05-29T19:12:01","date_gmt":"2020-05-29T17:12:01","guid":{"rendered":"http:\/\/berlincitytrips.com\/?page_id=87"},"modified":"2024-08-06T19:11:38","modified_gmt":"2024-08-06T18:11:38","slug":"kontakt","status":"publish","type":"page","link":"https:\/\/lisbontouristinformation.com\/de\/ueber\/kontakt\/","title":{"rendered":"Kontakt"},"content":{"rendered":"<h3 style=\"\">HABEN SIE FRAGEN?<\/h3>\n<h1>Wenden Sie sich an die Touristeninformation von Lissabon<\/h1>\n<p>Wir haben Notfallkontakte f\u00fcr den 24-Stunden-MICE-Support. Mit diesem Formular k\u00f6nnen Sie uns f\u00fcr Zusammenarbeit, Anfragen und Fragen kontaktieren.<\/p>\n<p><span style=\"\"><img decoding=\"async\" alt=\"\" data-id=\"5626\" title=\"Audioguide-Tour in Lissabon in Portugal\" src=\"https:\/\/lisbontouristinformation.com\/de\/wp-content\/uploads\/2022\/04\/Audio-Guide-Tour-in-Lisbon-in-Portugal.jpg\" style=\"aspect-ratio: auto 1200 \/ 630;\" ml-d=\"0\" data-width=\"466\" data-height=\"244\" data-init-width=\"1200\" data-init-height=\"630\" mt-d=\"0\" width=\"466\" height=\"244\" loading=\"lazy\"><\/span><\/p>\n<p style=\"text-align: center;\">Kontaktieren Sie uns unter&nbsp;<strong><span>support@lisbontouristinformation.com<\/span><\/strong> oder nutzen Sie unser Kontaktformular.<\/p>\n<h2>Wie k\u00f6nnen wir helfen?<\/h2>\n<p>Hier finden Sie Antworten auf die h\u00e4ufigsten Fragen aus unserem Posteingang.<\/p>\n<p>Dieses Kontaktformular ist f\u00fcr Anfragen zu Kooperationen, Affiliate-Partnern und Fragen.<\/p>\n<p>F\u00fcr 24-Stunden-Notfallunterst\u00fctzung schreiben oder rufen Sie bitte an.&nbsp;<\/p>\n<h3>MICE<\/h3>\n<p>Bitte senden Sie Anfragen f\u00fcr Gruppenreisen, Tagungen und Veranstaltungen direkt an uns.&nbsp;<\/p>\n<h3>Kooperationen<\/h3>\n<p>Bitte senden Sie Anfragen direkt per E-Mail f\u00fcr m\u00f6gliche Unterst\u00fctzung f\u00fcr Blogger und YouTuber.<\/p>\n<h3>Kontaktformular<\/h3>\n<p>Bitte senden Sie Anfragen direkt \u00fcber dieses Kontaktformular.<\/p>\n","protected":false},"excerpt":{"rendered":"<p>HABEN SIE FRAGEN? Wenden Sie sich an die Touristeninformation von Lissabon Wir haben Notfallkontakte f\u00fcr den 24-Stunden-MICE-Support. Mit diesem Formular k\u00f6nnen Sie uns f\u00fcr Zusammenarbeit, Anfragen und Fragen kontaktieren. Kontaktieren Sie uns unter&nbsp;support@lisbontouristinformation.com oder nutzen Sie unser Kontaktformular. Wie k\u00f6nnen wir helfen? Hier finden Sie Antworten auf die h\u00e4ufigsten Fragen aus unserem Posteingang. Dieses Kontaktformular [&hellip;]<\/p>\n","protected":false},"author":18,"featured_media":0,"parent":2849,"menu_order":0,"comment_status":"closed","ping_status":"closed","template":"","meta":{"footnotes":""},"tags":[],"class_list":["post-87","page","type-page","status-publish","hentry","post-wrapper","thrv_wrapper"],"_links":{"self":[{"href":"https:\/\/lisbontouristinformation.com\/de\/wp-json\/wp\/v2\/pages\/87","targetHints":{"allow":["GET"]}}],"collection":[{"href":"https:\/\/lisbontouristinformation.com\/de\/wp-json\/wp\/v2\/pages"}],"about":[{"href":"https:\/\/lisbontouristinformation.com\/de\/wp-json\/wp\/v2\/types\/page"}],"author":[{"embeddable":true,"href":"https:\/\/lisbontouristinformation.com\/de\/wp-json\/wp\/v2\/users\/18"}],"replies":[{"embeddable":true,"href":"https:\/\/lisbontouristinformation.com\/de\/wp-json\/wp\/v2\/comments?post=87"}],"version-history":[{"count":2,"href":"https:\/\/lisbontouristinformation.com\/de\/wp-json\/wp\/v2\/pages\/87\/revisions"}],"predecessor-version":[{"id":9013,"href":"https:\/\/lisbontouristinformation.com\/de\/wp-json\/wp\/v2\/pages\/87\/revisions\/9013"}],"up":[{"embeddable":true,"href":"https:\/\/lisbontouristinformation.com\/de\/wp-json\/wp\/v2\/pages\/2849"}],"wp:attachment":[{"href":"https:\/\/lisbontouristinformation.com\/de\/wp-json\/wp\/v2\/media?parent=87"}],"wp:term":[{"taxonomy":"post_tag","embeddable":true,"href":"https:\/\/lisbontouristinformation.com\/de\/wp-json\/wp\/v2\/tags?post=87"}],"curies":[{"name":"wp","href":"https:\/\/api.w.org\/{rel}","templated":true}]}}