{"id":83,"date":"2020-05-29T19:11:37","date_gmt":"2020-05-29T17:11:37","guid":{"rendered":"http:\/\/berlincitytrips.com\/?page_id=83"},"modified":"2024-05-15T16:05:54","modified_gmt":"2024-05-15T15:05:54","slug":"imprint","status":"publish","type":"page","link":"https:\/\/lisbontouristinformation.com\/de\/imprint\/","title":{"rendered":"Impressum"},"content":{"rendered":"<p><strong>MOST AMAZING PLACES TANITIM VE T\u0130C. A.\u015e.<\/strong><\/p>\n<p>G\u00fcm\u00fc\u015fsuyu Mah.&nbsp;<\/p>\n<p>\u0130n\u00f6n\u00fc Cd. Melek Apt, NO: 11, K1 D2<\/p>\n<p>34437 Beyo\u011flu\/\u0130stanbul<\/p>\n<p><strong>Tax-Identifikationsnummer:<\/strong>Beyoglu VD 6232114088<\/p>\n<p><strong>Gesch\u00e4ftsf\u00fchrer:&nbsp;<\/strong>D. Eronal<\/p>\n<p><strong>Internet:&nbsp;<\/strong><a href=\"https:\/\/most-amazing-places.com\/\" rel=\"nofollow noopener\" target=\"_blank\">https:\/\/most-amazing-places.com\/<\/a><\/p>\n","protected":false},"excerpt":{"rendered":"<p>MOST AMAZING PLACES TANITIM VE T\u0130C. A.\u015e. G\u00fcm\u00fc\u015fsuyu Mah.&nbsp; \u0130n\u00f6n\u00fc Cd. Melek Apt, NO: 11, K1 D2 34437 Beyo\u011flu\/\u0130stanbul Tax-Identifikationsnummer:Beyoglu VD 6232114088 Gesch\u00e4ftsf\u00fchrer:&nbsp;D. Eronal Internet:&nbsp;https:\/\/most-amazing-places.com\/<\/p>\n","protected":false},"author":18,"featured_media":3496,"parent":0,"menu_order":0,"comment_status":"closed","ping_status":"closed","template":"","meta":{"footnotes":""},"tags":[],"class_list":["post-83","page","type-page","status-publish","has-post-thumbnail","hentry","post-wrapper","thrv_wrapper"],"_links":{"self":[{"href":"https:\/\/lisbontouristinformation.com\/de\/wp-json\/wp\/v2\/pages\/83","targetHints":{"allow":["GET"]}}],"collection":[{"href":"https:\/\/lisbontouristinformation.com\/de\/wp-json\/wp\/v2\/pages"}],"about":[{"href":"https:\/\/lisbontouristinformation.com\/de\/wp-json\/wp\/v2\/types\/page"}],"author":[{"embeddable":true,"href":"https:\/\/lisbontouristinformation.com\/de\/wp-json\/wp\/v2\/users\/18"}],"replies":[{"embeddable":true,"href":"https:\/\/lisbontouristinformation.com\/de\/wp-json\/wp\/v2\/comments?post=83"}],"version-history":[{"count":1,"href":"https:\/\/lisbontouristinformation.com\/de\/wp-json\/wp\/v2\/pages\/83\/revisions"}],"predecessor-version":[{"id":8829,"href":"https:\/\/lisbontouristinformation.com\/de\/wp-json\/wp\/v2\/pages\/83\/revisions\/8829"}],"wp:featuredmedia":[{"embeddable":true,"href":"https:\/\/lisbontouristinformation.com\/de\/wp-json\/wp\/v2\/media\/3496"}],"wp:attachment":[{"href":"https:\/\/lisbontouristinformation.com\/de\/wp-json\/wp\/v2\/media?parent=83"}],"wp:term":[{"taxonomy":"post_tag","embeddable":true,"href":"https:\/\/lisbontouristinformation.com\/de\/wp-json\/wp\/v2\/tags?post=83"}],"curies":[{"name":"wp","href":"https:\/\/api.w.org\/{rel}","templated":true}]}}