{"id":7845,"date":"2023-05-31T15:09:55","date_gmt":"2023-05-31T14:09:55","guid":{"rendered":"https:\/\/lisbontouristinformation.com\/de\/?page_id=7845"},"modified":"2024-06-14T21:01:55","modified_gmt":"2024-06-14T20:01:55","slug":"ozenarium-lissabon-tickets-vergleichen","status":"publish","type":"page","link":"https:\/\/lisbontouristinformation.com\/de\/sehenswurdigkeiten-in-lissabon\/ozenarium-lissabon-tickets-vergleichen\/","title":{"rendered":"Ozeanarium Lissabon Tickets vergleichen"},"content":{"rendered":"<p>Das Ozeanarium Lissabon ist das <strong>gr\u00f6\u00dfte Indoor-Aquarium Europas.<\/strong> Es wurde als Hauptattraktion der Weltausstellung 1998 er\u00f6ffnet, die unter dem Motto \u201eDie Ozeane: Ein Erbe f\u00fcr die Zukunft\u201c stand. Heute warten rund 8.000 Meeresbewohner darauf, von Ihnen entdeckt zu werden.<\/p>\n<p>Das Ozeanarium ist sowohl bei Einheimischen als auch bei Touristen aus aller Welt sehr beliebt und geh\u00f6rt zu den <strong>meistbesuchten Sehensw\u00fcrdigkeiten der Stadt.<\/strong> Deshalb bilden sich an den Kassen vor Ort \u00f6fters <strong>lange Schlangen.<\/strong><\/p>\n<p>Um das zu vermeiden, empfehlen wir, Tickets bereits im Vorfeld Ihres geplanten Besuches online zu besorgen. In diesem Artikel erfahren Sie alles zum Thema Ozeanarium Lissabon Tickets vergleichen, <strong>Tickets ohne Anstehen, Preise, \u00d6ffnungszeiten, Anfahrt und mehr&#8230;<\/strong><\/p>\n<p><span style=\"\"><img decoding=\"async\" alt=\"\" data-id=\"7907\" width=\"702\" data-init-width=\"1000\" height=\"468\" data-init-height=\"667\" title=\"Long,Queue,Of,People,Waiting,In,Line\" src=\"https:\/\/lisbontouristinformation.com\/de\/wp-content\/uploads\/2023\/05\/queue-1.jpg\" data-width=\"702\" style=\"aspect-ratio: auto 1000 \/ 667;\" mt-d=\"-94\" ml-d=\"0\" data-height=\"468\" center-v-d=\"false\" loading=\"lazy\"><\/span><\/p>\n<h2 id=\"t-1685530707837\">Ozeanarium Lissabon Tickets<\/h2>\n<p>Es gibt viele Internetportale, die Tickets das Ozeanarium Lissabon anbieten. Da f\u00e4llt es bisweilen schwer, sich f\u00fcr die richtigen zu entscheiden. Deshalb haben wir Ihnen die Arbeit abgenommen und alle Tickets, die angeboten werden, f\u00fcr Sie verglichen. <\/p>\n<p>Nachfolgend haben wir die besten und preisg\u00fcnstigsten Ozeanarium Tickets zusammengestellt. Mit einem Klick auf die Option Ihrer Wahl, k\u00f6nnen Sie Ihre bevorzugten Tickets kaufen.<\/p>\n<h3>1. Tickets ohne Anstehen<\/h3>\n<p>Sie haben nicht viel Zeit, m\u00f6chten es aber auf keinen Fall vers\u00e4umen, das Ozeanarium Lissabon zu besichtigen? Dann kommen f\u00fcr Sie die Tickets mit Schnelleinlass infrage. Mit diesem Ticket k\u00f6nnen Sie die Attraktion auf eigene Faust entdecken.<\/p>\n<ul>\n<li><a data-lt-tmp-id=\"lt-744121\" href=\"https:\/\/www.headout.com\/r\/most-amazing-placesrecommends-ZI8oU\/\" rel=\"nofollow noopener\" spellcheck=\"false\" target=\"_blank\" style=\"outline: none;\">Ticket f\u00fcr das Ozeanarium Lissabon<\/a><\/li>\n<li><a data-lt-tmp-id=\"lt-614850\" href=\"https:\/\/gyg.me\/HuTs736N\" rel=\"nofollow noopener\" spellcheck=\"false\" target=\"_blank\" style=\"outline: none;\">Ozeanarium Lissabon: Online-Ticket<\/a><\/li>\n<\/ul>\n<h3>2. Tickets f\u00fcr eine F\u00fchrung<\/h3>\n<p>Sie haben etwas mehr Zeit und m\u00f6chten noch tiefer in die Unterwasserwelt eintauchen? Da kommt sicher eine privat gef\u00fchrte Tour durch das Ozeanarium mit einer geballten Ladung an Informationen \u00fcber das Leben der Meeresbewohner infrage.<\/p>\n<ul>\n<li><a href=\"https:\/\/www.headout.com\/r\/most-amazing-placesrecommends-hfXeO\/\" target=\"_blank\" rel=\"nofollow noopener\" style=\"outline: none;\" data-lt-tmp-id=\"lt-1374\" spellcheck=\"false\">Tickets f\u00fcr das Ozeanarium Lissabon: Private gef\u00fchrte Tour<\/a><\/li>\n<\/ul>\n<p><span style=\"\"><img decoding=\"async\" alt=\"\" data-id=\"7909\" width=\"702\" data-init-width=\"1000\" height=\"501\" data-init-height=\"714\" title=\"Lisbon,,Portugal,-,August,8th,,2018:,Entrance,To,The,Lisbon\" src=\"https:\/\/lisbontouristinformation.com\/de\/wp-content\/uploads\/2023\/05\/lissabon-zoological-garden.jpg\" data-width=\"702\" style=\"aspect-ratio: auto 1000 \/ 714;\" mt-d=\"-70\" ml-d=\"0\" data-height=\"501\" center-v-d=\"false\" loading=\"lazy\"><\/span><\/p>\n<h3>3. Kombitickets<\/h3>\n<p>Gleich neben dem Ozeanarium befindet sich die Talstation der Seilbahn, die \u00fcber das ehemalige Gel\u00e4nde der Expo Lissabon gleitet und Ihnen einen fantastischen Blick \u00fcber das Areal und den Tejo bietet&#8230;.<\/p>\n<ul>\n<li style=\"text-align: justify;\"><a href=\"https:\/\/www.headout.com\/r\/most-amazing-placesrecommends-ZJPMd\/\" rel=\"nofollow noopener\" target=\"_blank\" style=\"outline: none;\" data-lt-tmp-id=\"lt-173893\" spellcheck=\"false\">Kombiticket: Lissabon Ozeanarium + Telecabine Seilbahn Tickets<\/a><\/li>\n<\/ul>\n<p>Das Festungsanlage Castelo de S\u00e3o Jorge ist eine der beliebtesten Sehensw\u00fcrdigkeiten Lissabons. Was halten Sie davon, Ihren Besuch im Ozeanarium mit der Besichtigung der beeindruckenden Festung zu verkn\u00fcpfen?<\/p>\n<ul>\n<li><a href=\"https:\/\/www.headout.com\/r\/most-amazing-placesrecommends-D4ovi\/\" rel=\"nofollow noopener\" target=\"_blank\" style=\"outline: none;\">Kombiticket: Lissabon Ozeanarium + Castelo de S\u00e3o Jorge<\/a><\/li>\n<\/ul>\n<p>Oder Sie kombinieren Ihr Ozeanarium-Ticket mit den beliebten Hop-On-Hop-Off-Bus und Bootstouren, um die Stadt an Land und zu Wasser erkunden zu k\u00f6nnen.<\/p>\n<ul>\n<li><a data-lt-tmp-id=\"lt-380080\" href=\"https:\/\/gyg.me\/M78VVUsk\" rel=\"nofollow noopener\" spellcheck=\"false\" target=\"_blank\" style=\"outline: none;\">Ozeanarium Lissabon: Eintrittskarte + 48-Stunden Hop-on Hop-off Bus<\/a><\/li>\n<\/ul>\n<p>Vielleicht sind Sie ja begeisterter Fu\u00dfballfan und w\u00fcrden nach dem Ozeanarium gerne das Stadium und Museum des weltber\u00fchmten Fu\u00dfballclubs Benfica Lissabon besuchen?<\/p>\n<ul>\n<li><a href=\"https:\/\/www.headout.com\/r\/most-amazing-placesrecommends-ZKssC\/\" rel=\"nofollow noopener\" target=\"_blank\" style=\"outline: none;\">Kombiticket: Lissabon Ocean\u00e1rio + SL Benfica Stadion und Museums-Tour<\/a><\/li>\n<\/ul>\n<p><span style=\"\"><img decoding=\"async\" alt=\"\" data-id=\"7910\" width=\"702\" data-init-width=\"1000\" height=\"525\" data-init-height=\"748\" title=\"Sintra,,Portugal,-,April,16,2023:,Marvellous,Views,Of,The\" src=\"https:\/\/lisbontouristinformation.com\/de\/wp-content\/uploads\/2023\/05\/lissabon-cultural-landscape-of-sintra.jpg\" data-width=\"702\" style=\"aspect-ratio: auto 1000 \/ 748;\" mt-d=\"-45\" ml-d=\"0\" data-height=\"525\" center-v-d=\"true\" loading=\"lazy\"><\/span><\/p>\n<p>Sie interessieren sich f\u00fcr den Nationalpalast und Park von Pena? Kombinieren Sie doch einfach das Ozeanarium Ticket mit dem <a href=\"https:\/\/whc.unesco.org\/en\/list\/723\/\" target=\"_blank\" style=\"outline: none;\" rel=\"noopener\">UNESCO Weltkulturerbe in Sintra<\/a>, vor den Toren Lissabons.<\/p>\n<ul>\n<li><a href=\"https:\/\/www.headout.com\/r\/most-amazing-placesrecommends-hhW5N\/\" target=\"_blank\" rel=\"nofollow noopener\" style=\"outline: none;\" data-lt-tmp-id=\"lt-239034\" spellcheck=\"false\">Tickets f\u00fcr Ozeanarium Lissabon + Nationalpalast und Park von Pena<\/a><\/li>\n<\/ul>\n<p>Wenn Sie schon nach Sintra fahren, k\u00f6nnten Sie auch gleich den Nationalpalast von Sintra mitnehmen. Mit diesem Kombiticket k\u00f6nnen Sie das Ozeanarium sowie die Nationalpal\u00e4ste von Pena und Sintra besuchen.<\/p>\n<ul>\n<li><a href=\"https:\/\/www.headout.com\/r\/most-amazing-placesrecommends-ZKSsO\/\" rel=\"nofollow noopener\" target=\"_blank\" style=\"outline: none;\">Kombiticket: Ozeanarium Lissabon + Pena Palast + Nationalpalast von Sintra<\/a><\/li>\n<\/ul>\n<h3>Lisboa Card<\/h3>\n<p>Wir empfehlen Ihnen, die Lisboa Card zu kaufen. Mit der Lisboa Card f\u00fcr 24, 48 oder 72 Stunden haben Sie freien Eintritt nicht nur in das Nationale Kachelmuseum, sondern in ganze 38 Museen, Sehensw\u00fcrdigkeiten und Attraktionen und profitieren von unz\u00e4hligen Erm\u00e4\u00dfigungen. Sie fahren kostenlos und unbegrenzt mit den \u00f6ffentlichen Verkehrsmitteln und erhalten au\u00dferdem einen n\u00fctzlichen Reisef\u00fchrer im Taschenformat gratis dazu.<\/p>\n<p>Lesen Sie mehr in unserem Artikel <a href=\"https:\/\/lisbontouristinformation.com\/de\/bester-city-pass-fur-lissabon\/\" style=\"outline: none;\">Bester City Pass f\u00fcr Lissabon<\/a> oder kaufen Sie die beliebte Touristenkarte gleich hier, indem Sie auf die rote Box unten klicken.<a data-lt-tmp-id=\"lt-770215\" href=\"https:\/\/www.headout.com\/r\/most-amazing-placesrecommends-ZL58D\/\" rel=\"nofollow noopener\" spellcheck=\"false\" target=\"_blank\" style=\"outline: none;\"><\/a><\/p>\n<ul>\n<li><a data-lt-tmp-id=\"lt-770215\" href=\"https:\/\/www.headout.com\/r\/most-amazing-placesrecommends-ZL58D\/\" rel=\"nofollow noopener\" spellcheck=\"false\" style=\"outline: none;\" target=\"_blank\">Kombiticket: Lisboa Card + Ticket f\u00fcr das Ozeanarium Lissabon<\/a><\/li>\n<\/ul>\n<p><span style=\"\"><img decoding=\"async\" alt=\"\" data-id=\"7914\" width=\"702\" data-init-width=\"1000\" height=\"468\" data-init-height=\"667\" title=\"Portugal,,Lisbon,12,December,2022:,Signpost,To,The,Entrance,To\" src=\"https:\/\/lisbontouristinformation.com\/de\/wp-content\/uploads\/2023\/05\/lissabon-ozeanarium.jpg\" data-width=\"702\" style=\"aspect-ratio: auto 1000 \/ 667;\" mt-d=\"-35\" ml-d=\"0\" data-height=\"468\" center-v-d=\"true\" loading=\"lazy\"><\/span><\/p>\n<h2 id=\"t-1685530707827\">Was kann ich im Ozeanarium Lissabon machen?<\/h2>\n<p>Im gr\u00f6\u00dften Aquarium Europas tauchen Sie in eine faszinierende Unterwasserwelt ein, ohne dabei nass zu werden. Rund 8.000 Meeresbewohner warten darauf, von Ihnen entdeckt zu werden.<\/p>\n<h3>33.333 Badewannen voll Salzwasser<\/h3>\n<p>Im mit 5.000.000 Litern Salzwasser gef\u00fcllten Hauptbecken k\u00f6nnen Sie \u00fcber 100 Tierarten beobachten, darunter Haie, Rochen, Barrakudas, Thunfische, Zackenbarsche, Mur\u00e4nen und Mondfische. Neben diesem Hauptbecken k\u00f6nnen Sie in kleineren Aquarien viele weitere Meeresbewohner aus allen Teilen der Weltmeere bestaunen. Erfreuen Sie sich am Anblick der Seepferdchen und der vielen farbenfrohen Riff-Fische, der Seesterne und Anemonen, der Korallen und Seeigel oder der Krebse oder der Sardinen, die in Portugal nat\u00fcrlich nicht fehlen d\u00fcrfen.<\/p>\n<h3>4 verschiedene Lebensr\u00e4ume samt Flora und Fauna<\/h3>\n<p>Jede der vier Ecken des Geb\u00e4udes ist einem speziellen Thema gewidmet. Neben der Unterwasserwelt wird auch das Leben \u00fcber dem Wasserspiegel gezeigt. Erkunden Sie den Nordatlantik mit einem ein Seeotter-P\u00e4rchen, die Antarktis mit Pinguinen und einem k\u00fcnstlichen Gletscher, den Pazifik, Mangrovenwald und seinen Bewohnern und den Indischen Ozean mit einem Korallenriff.<\/p>\n<h3>Lehrreiche Unterhaltung f\u00fcr alle<\/h3>\n<p>Vielleicht sind Sie ja mit Ihren Kindern in Lissabon. Sie werden hier besonders viel Spa\u00df haben. Das ist garantiert und das ist gut so! Doch das Ozeanarium versucht auch, die kleinen und gro\u00dfen Besucher im Umgang mit den Meeren zu sensibilisieren und auf falsche Verhaltensweisen aufmerksam zu machen. Die Leitung des Aquariums sagt \u00fcber sich selbst: \u201eWir wollen die Menschen ermutigen, mehr \u00fcber die Meere zu lernen und allen B\u00fcrgern die Pflicht bewusst machen, ihr Naturerbe durch \u00c4ndern ihres Verhaltens zu erhalten.\u201c<\/p>\n<h3>Gef\u00fchrte Touren<\/h3>\n<p>Falls Sie m\u00f6chten, k\u00f6nnen Sie auch an einer gef\u00fchrten Tour teilnehmen, bei der Sie von einem fachkundigen Meeresp\u00e4dagogen begleitet werden. Er wird Ihr Wissen um die Weltmeere und deren Bewohner massiv erweitern. <a href=\"https:\/\/www.headout.com\/r\/most-amazing-placesrecommends-hfXeO\/\" target=\"_blank\" style=\"outline: none;\" data-lt-tmp-id=\"lt-289438\" spellcheck=\"false\" rel=\"nofollow noopener\">Tickets f\u00fcr eine private F\u00fchrung<\/a> durch das Ozeanarium. &nbsp;&nbsp;<\/p>\n<p><span style=\"\"><img decoding=\"async\" alt=\"\" data-id=\"7912\" width=\"702\" data-init-width=\"1000\" height=\"468\" data-init-height=\"667\" title=\"Sunfish,Underwater,Close,Up,Portrait,View\" src=\"https:\/\/lisbontouristinformation.com\/de\/wp-content\/uploads\/2023\/05\/lissabon-mondfisch.jpg\" data-width=\"702\" style=\"aspect-ratio: auto 1000 \/ 667;\" mt-d=\"-32\" ml-d=\"0\" data-height=\"468\" center-v-d=\"false\" loading=\"lazy\"><\/span><\/p>\n<h2 id=\"t-1685530707828\">Was ist das Ozeanarium Lissabon?<\/h2>\n<p>Das Geb\u00e4ude des Ozeanariums inmitten eines Wasserbeckens erstreckt sich \u00fcber zwei Etagen. In seiner Mitte befindet sich ein gro\u00dfes zentrales Aquarium mit Haien, Rochen, Barrakudas, Thunfischen, Sardinen, Zackenbarschen, Mur\u00e4nen und noch viel mehr.<\/p>\n<h3>Der Mondfisch<\/h3>\n<p>Eine Besonderheit in diesem Becken ist der Mondfisch. Da seine Haltung sehr schwierig ist und dies nur ganz wenigen Aquarien auf der Welt gelang, ist man hier in Lissabon besonders stolz auf ihn.<\/p>\n<h3>Meeresbewohner aus allen Teilen der Weltmeere<\/h3>\n<p>Neben diesem Hauptbecken k\u00f6nnen Sie in kleineren Aquarien viele weitere Meeresbewohner aus allen Teilen der Weltmeere entdecken. Au\u00dferdem ist jede der vier Ecken des Geb\u00e4udes einem speziellen Thema gewidmet. Neben der Unterwasserwelt wird auch das Leben \u00fcber dem Wasserspiegel gezeigt.<\/p>\n<h3>Wichtiger Hinweis<\/h3>\n<p>Der Eingang zum Ozeanarium befindet sich im Geb\u00e4ude Edif\u00edcio do Mar mit der Adresse Water Gardens, Passeio Ulisses. Hier befinden sich neben kleinen Aquarien, die sich wechselnden Themen widmen, auch ein Auditorium und gastronomische Betriebe. \u00dcber einen Verbindungssteg gelangst du zum Hauptbau.<\/p>\n<h3>Achtung Verwechslungsgefahr!<\/h3>\n<p>Westlich von Lissabon, noch hinter dem Torre de Bel\u00e9m, gibt es ein zweites Aquarium, das Vasco da Gama Aquarium hei\u00dft. Dieses kleinere und \u00e4ltere Aquarium wird von manchen Reisenden gerne mal mit dem Ozeanarium verwechselt. Das sollte Ihnen jetzt nicht mehr passieren\u2026<\/p>\n<p><span style=\"\"><img decoding=\"async\" alt=\"\" data-id=\"7916\" width=\"702\" data-init-width=\"1000\" height=\"395\" data-init-height=\"563\" title=\"Store,Scheduled,Hours,Of,Open\" src=\"https:\/\/lisbontouristinformation.com\/de\/wp-content\/uploads\/2023\/05\/opening-hours-1.jpg\" data-width=\"702\" style=\"aspect-ratio: auto 1000 \/ 563;\" mt-d=\"-103\" ml-d=\"0\" data-height=\"395\" center-v-d=\"false\" loading=\"lazy\"><\/span><\/p>\n<h2 id=\"t-1685530707829\">\u00d6ffnungszeiten und weitere Hinweise zum Besuch des Ozeanariums Lissabon<\/h2>\n<ul>\n<li><strong>\u00d6ffnungszeiten:&nbsp;<\/strong>Das Ozeanarium hat t\u00e4glich von 10 bis 20 Uhr ge\u00f6ffnet. Letzter Einlass ist um 19 Uhr. 24. Dezember von 10 bis 19 Uhr, letzter Einlass um 18 Uhr, 25. Dezember von 11 bis 20 Uhr, letzter Einlass um 19 Uhr, 31. Dezember von 10 bis 19 Uhr, letzter Einlass um 18 Uhr, 1. Januar von 11 bis 20 Uhr, letzter Einlass um 19 Uhr.<\/li>\n<li><strong>Beste Besuchszeiten:&nbsp;<\/strong>Die besten Besuchszeiten sind an Wochentagen vor 12 Uhr und nach 17 Uhr. Samstags und sonntags empfiehlt sich ein Besuch bis 15 Uhr.<\/li>\n<\/ul>\n<h2 id=\"t-1685530707830\">Wie erreiche ich das Ozeanarium Lissabon mit \u00f6ffentlichen Verkehrsmitteln?<\/h2>\n<p>Von der Haltestelle \u201ePra\u00e7a do Com\u00e9rcio\u201c im zentralen Stadtteil Baixa nimmst du die <a href=\"https:\/\/www.carris.pt\/media\/g5hhafkf\/a728.pdf\" target=\"_blank\" style=\"outline: none;\" rel=\"noopener\">Buslinie 728<\/a>in Richtung Portela &#8211; Av. Descobrimentos und f\u00e4hrst bis zur Haltestelle \u201eOcean\u00e1rio Lisboa\u201c. Die Fahrt dauert etwa 28 Minuten. Von der Haltestelle zum Ozeanarium sind es 5 Gehminuten.<\/p>\n<h3>Tipp von Reisenden f\u00fcr Reisende<\/h3>\n<p>Seien Sie auf der Hut vor Taschendieben! In vollen Z\u00fcgen, Trams und Bussen sind sie besonders aktiv. Lassen Sie Ihre Kamera nicht einfach an der Schulter baumeln; die Schnur ist rasch durchschnitten, ohne dass Sie es merken. Tragen Sie Ihren Rucksack oder Ihre Tasche vor Ihrem K\u00f6rper. Bleiben Sie nicht in der N\u00e4he von T\u00fcren stehen. Die Diebe sind darauf spezialisiert, sich die Geldb\u00f6rsen und Handtaschen zu schnappen, kurz bevor die T\u00fcren schlie\u00dfen.<\/p>\n<p><span style=\"\"><img decoding=\"async\" alt=\"\" data-id=\"7918\" width=\"702\" data-init-width=\"1000\" height=\"468\" data-init-height=\"667\" title=\"Famous,And,Exclusive,Cafe,Nicola,In,Lisbon,-,Lisbon,\/\" src=\"https:\/\/lisbontouristinformation.com\/de\/wp-content\/uploads\/2023\/05\/lissabon-cafe-1.jpg\" data-width=\"702\" style=\"aspect-ratio: auto 1000 \/ 667;\" mt-d=\"-60\" ml-d=\"0\" data-height=\"468\" center-v-d=\"false\" loading=\"lazy\"><\/span><\/p>\n<h2 id=\"t-1685530707831\">Gibt es Caf\u00e9s und Restaurants in der N\u00e4he vom Ozeanarium Lissabon?<\/h2>\n<p>Diese gastronomischen Betriebe in der N\u00e4he des Ozeanariums haben gute Bewertungen:<\/p>\n<p><strong>Chimarr\u00e3o Parque das Na\u00e7\u00f5es:&nbsp;<\/strong>Steakhaus, Barbecue, brasilianische Gerichte.<\/p>\n<ul>\n<li><strong>Adresse:<\/strong> Alameda dos Oceanos, 5 Gehminuten.<\/li>\n<\/ul>\n<p><strong>La Brasserie de l&#8217;Entrec\u00f4te:<\/strong> Steakhaus, franz\u00f6sisch, europ\u00e4isch.<\/p>\n<ul>\n<li><strong>Adresse:<\/strong> Alameda dos Oceanos 43A, 7 Gehminuten.<\/li>\n<\/ul>\n<p><strong>La Expo Dolce Vita:<\/strong> Italienisch, mediterran, europ\u00e4isch, f\u00fcr Vegetarier und Veganer geeignet.<\/p>\n<ul>\n<li><strong>Adresse:<\/strong> Alameda dos Oceanos 41C D E, 7 Gehminuten.<\/li>\n<\/ul>\n<p><strong>Arigato &#8211; Parque das Na\u00e7\u00f5es:&nbsp;<\/strong>Japanisches Sushi-Restaurant, glutenfreie Speisen, f\u00fcr Vegetarier geeignet.<\/p>\n<ul>\n<li><strong>Adresse: <\/strong>Alameda dos Oceanos, 7 Gehminuten.<\/li>\n<\/ul>\n<h2 id=\"t-1685530707832\">Welche Attraktionen gibt es in der N\u00e4he vom Ozeanarium Lissabon?<\/h2>\n<p><strong>Telecabine Lisboa<\/strong>&nbsp;<\/p>\n<p>Die \u00fcber 1,2 Kilometer lange Seilbahn-Fahrt entlang des Tejo dauert 8 bis 12 Minuten. Aus drei\u00dfig Metern H\u00f6he haben Sie einen sch\u00f6nen Ausblick in alle Himmelsrichtungen. Die Seilbahn endet am 145 Meter hohen Vasco-da-Gama-Turm, dem h\u00f6chsten Geb\u00e4ude der Stadt, der aber der \u00d6ffentlichkeit nicht zug\u00e4nglich ist.<\/p>\n<ul>\n<li>Mit der Lissabon Card erhalten Sie 10% Rabatt auf den Fahrpreis.<\/li>\n<li><strong>Adresse: <\/strong>Passeio de Neptuno, 2 Gehminuten.<\/li>\n<\/ul>\n<p><strong>Pavilh\u00e3o do Conhecimento<\/strong><\/p>\n<p>Modernes Wissensmuseum mit rund 40 interaktiven Modulen, Experimenten und Workshops zu den Themen Licht, Sehen, Wahrnehmung, Schallwellen sowie komplexe Systeme.<\/p>\n<ul>\n<li>Mit der Lissabon Card erhalten Sie 15% Rabatt auf den Eintrittspreis.<\/li>\n<li><strong>Adresse:<\/strong> Largo Jos\u00e9 Mariano Gago, 4 Gehminuten.&nbsp;<\/li>\n<\/ul>\n<p><span style=\"\"><img decoding=\"async\" alt=\"\" data-id=\"7920\" width=\"702\" data-init-width=\"1000\" height=\"468\" data-init-height=\"667\" title=\"Question,Mark,Symbol,On,Speech,Bubble,,Top,View\" src=\"https:\/\/lisbontouristinformation.com\/de\/wp-content\/uploads\/2023\/05\/question-mark-1.jpg\" data-width=\"702\" style=\"aspect-ratio: auto 1000 \/ 667;\" mt-d=\"-85\" ml-d=\"0\" data-height=\"468\" center-v-d=\"false\" loading=\"lazy\"><\/span><\/p>\n<h2 id=\"t-1685530707833\">FAQ &#8211; Ozeanarium Lissabon<\/h2>\n<h2 id=\"t-1685530707835\">Ozeanarium: Adresse &amp; Standort<\/h2>\n<ul>\n<li><strong>Adresse<\/strong>: Ocean\u00e1rio de Lisboa, Edificio do Mar, Water Gardens, Passeio Ulisses, 1990-005 Lisboa, Portugal<\/li>\n<\/ul>\n<h3 style=\"\">Verwandte Beitr\u00e4ge:<\/h3>\n<p><a href=\"https:\/\/lisbontouristinformation.com\/de\/sehenswurdigkeiten-in-lissabon\/\" dynamic-postlink=\"tcb_post_the_permalink\" data-shortcode-id=\"67\"><\/a><\/p>\n<h3 style=\"text-align: center; padding-top: 0px !important; margin-top: 0px !important;\"><span data-attr-link=\"1\" data-attr-rel=\"0\" data-attr-target=\"0\" data-extra_key=\"\" data-option-inline=\"1\" data-shortcode=\"tcb_post_title\" data-shortcode-name=\"Post title\" data-attr-css=\"\" data-attr-static-link=\"{&quot;className&quot;:&quot;&quot;,&quot;href&quot;:&quot;https:\/\/lisbontouristinformation.com\/de\/sehenswurdigkeiten-in-lissabon\/&quot;,&quot;title&quot;:&quot;50 besten Sehensw\u00fcrdigkeiten in Lissabon ((mit Tickets))&quot;,&quot;class&quot;:&quot;&quot;}\" style=\"\"><a href=\"https:\/\/lisbontouristinformation.com\/de\/sehenswurdigkeiten-in-lissabon\/\" title=\"50 besten Sehensw\u00fcrdigkeiten in Lissabon [mit Tickets]\" data-css=\"\">50 besten Sehensw\u00fcrdigkeiten in Lissabon [mit Tickets]<\/a><\/span><\/h3>\n<p><a href=\"https:\/\/lisbontouristinformation.com\/de\/sehenswurdigkeiten-in-lissabon\/\" style=\"\"><span style=\"\"><span style=\"\">Read More<\/span><\/span><\/a><a href=\"https:\/\/lisbontouristinformation.com\/de\/sehenswurdigkeiten-in-lissabon\/lissabon-bei-regen\/\" dynamic-postlink=\"tcb_post_the_permalink\" data-shortcode-id=\"67\"><\/a><\/p>\n<h3 style=\"text-align: center; padding-top: 0px !important; margin-top: 0px !important;\"><span data-attr-link=\"1\" data-attr-rel=\"0\" data-attr-target=\"0\" data-extra_key=\"\" data-option-inline=\"1\" data-shortcode=\"tcb_post_title\" data-shortcode-name=\"Post title\" data-attr-css=\"\" data-attr-static-link=\"{&quot;className&quot;:&quot;&quot;,&quot;href&quot;:&quot;https:\/\/lisbontouristinformation.com\/de\/sehenswurdigkeiten-in-lissabon\/&quot;,&quot;title&quot;:&quot;50 besten Sehensw\u00fcrdigkeiten in Lissabon ((mit Tickets))&quot;,&quot;class&quot;:&quot;&quot;}\" style=\"\"><a href=\"https:\/\/lisbontouristinformation.com\/de\/sehenswurdigkeiten-in-lissabon\/lissabon-bei-regen\/\" title=\"Lissabon bei Regen: 15 Schlechtwetter Aktivit\u00e4ten\" data-css=\"\">Lissabon bei Regen: 15 Schlechtwetter Aktivit\u00e4ten<\/a><\/span><\/h3>\n<p><a href=\"https:\/\/lisbontouristinformation.com\/de\/sehenswurdigkeiten-in-lissabon\/lissabon-bei-regen\/\" style=\"\"><span style=\"\"><span style=\"\">Read More<\/span><\/span><\/a><a href=\"https:\/\/lisbontouristinformation.com\/de\/sehenswurdigkeiten-in-lissabon\/lissabon-mit-kindern\/\" dynamic-postlink=\"tcb_post_the_permalink\" data-shortcode-id=\"67\"><\/a><\/p>\n<h3 style=\"text-align: center; padding-top: 0px !important; margin-top: 0px !important;\"><span data-attr-link=\"1\" data-attr-rel=\"0\" data-attr-target=\"0\" data-extra_key=\"\" data-option-inline=\"1\" data-shortcode=\"tcb_post_title\" data-shortcode-name=\"Post title\" data-attr-css=\"\" data-attr-static-link=\"{&quot;className&quot;:&quot;&quot;,&quot;href&quot;:&quot;https:\/\/lisbontouristinformation.com\/de\/sehenswurdigkeiten-in-lissabon\/&quot;,&quot;title&quot;:&quot;50 besten Sehensw\u00fcrdigkeiten in Lissabon ((mit Tickets))&quot;,&quot;class&quot;:&quot;&quot;}\" style=\"\"><a href=\"https:\/\/lisbontouristinformation.com\/de\/sehenswurdigkeiten-in-lissabon\/lissabon-mit-kindern\/\" title=\"Lissabon mit Kindern: 15 tolle Aktivit\u00e4ten [mit Tickets]\" data-css=\"\">Lissabon mit Kindern: 15 tolle Aktivit\u00e4ten [mit Tickets]<\/a><\/span><\/h3>\n<p><a href=\"https:\/\/lisbontouristinformation.com\/de\/sehenswurdigkeiten-in-lissabon\/lissabon-mit-kindern\/\" style=\"\"><span style=\"\"><span style=\"\">Read More<\/span><\/span><\/a><\/p>\n","protected":false},"excerpt":{"rendered":"<p>Das Ozeanarium Lissabon ist das gr\u00f6\u00dfte Indoor-Aquarium Europas. Es wurde als Hauptattraktion der Weltausstellung 1998 er\u00f6ffnet, die unter dem Motto \u201eDie Ozeane: Ein Erbe f\u00fcr die Zukunft\u201c stand. Heute warten rund 8.000 Meeresbewohner darauf, von Ihnen entdeckt zu werden. Das Ozeanarium ist sowohl bei Einheimischen als auch bei Touristen aus aller Welt sehr beliebt und [&hellip;]<\/p>\n","protected":false},"author":18,"featured_media":7853,"parent":67,"menu_order":0,"comment_status":"closed","ping_status":"closed","template":"","meta":{"footnotes":""},"tags":[],"class_list":["post-7845","page","type-page","status-publish","has-post-thumbnail","hentry","post-wrapper","thrv_wrapper"],"_links":{"self":[{"href":"https:\/\/lisbontouristinformation.com\/de\/wp-json\/wp\/v2\/pages\/7845","targetHints":{"allow":["GET"]}}],"collection":[{"href":"https:\/\/lisbontouristinformation.com\/de\/wp-json\/wp\/v2\/pages"}],"about":[{"href":"https:\/\/lisbontouristinformation.com\/de\/wp-json\/wp\/v2\/types\/page"}],"author":[{"embeddable":true,"href":"https:\/\/lisbontouristinformation.com\/de\/wp-json\/wp\/v2\/users\/18"}],"replies":[{"embeddable":true,"href":"https:\/\/lisbontouristinformation.com\/de\/wp-json\/wp\/v2\/comments?post=7845"}],"version-history":[{"count":7,"href":"https:\/\/lisbontouristinformation.com\/de\/wp-json\/wp\/v2\/pages\/7845\/revisions"}],"predecessor-version":[{"id":8971,"href":"https:\/\/lisbontouristinformation.com\/de\/wp-json\/wp\/v2\/pages\/7845\/revisions\/8971"}],"up":[{"embeddable":true,"href":"https:\/\/lisbontouristinformation.com\/de\/wp-json\/wp\/v2\/pages\/67"}],"wp:featuredmedia":[{"embeddable":true,"href":"https:\/\/lisbontouristinformation.com\/de\/wp-json\/wp\/v2\/media\/7853"}],"wp:attachment":[{"href":"https:\/\/lisbontouristinformation.com\/de\/wp-json\/wp\/v2\/media?parent=7845"}],"wp:term":[{"taxonomy":"post_tag","embeddable":true,"href":"https:\/\/lisbontouristinformation.com\/de\/wp-json\/wp\/v2\/tags?post=7845"}],"curies":[{"name":"wp","href":"https:\/\/api.w.org\/{rel}","templated":true}]}}