{"id":6199,"date":"2022-06-08T13:51:05","date_gmt":"2022-06-08T12:51:05","guid":{"rendered":"https:\/\/lisbontouristinformation.com\/de\/plan-your-travel-to-lisbon\/clone-of-3-ways-to-travel-easily-from-lisbon-to-cascais\/"},"modified":"2024-01-20T09:38:19","modified_gmt":"2024-01-20T09:38:19","slug":"lissabon-porto","status":"publish","type":"page","link":"https:\/\/lisbontouristinformation.com\/de\/planen\/lissabon-porto\/","title":{"rendered":"4 Wege, um ganz einfach von Lissabon nach Porto zu reisen"},"content":{"rendered":"<h3 data-hide=\"true\" id=\"t-1654764866215\" style=\"\">Porto, die zweitgr\u00f6\u00dfte Stadt Portugals, liegt am Ufer des Flusses Douro, etwa 310 Kilometer von Lissabon entfernt.<\/h3>\n<p style=\"\">Die K\u00fcstenstadt ist weltber\u00fchmt f\u00fcr ihren <strong>Portwein und lockt Besucher mit&nbsp;<\/strong><strong>UNESCO-Welterbest\u00e4tten<\/strong>,&nbsp;<strong>mittelalterliche Architektur<\/strong> und eine <a href=\"https:\/\/lisbontouristinformation.com\/de\/lifestyle\/restaurants-in-lissabon\/portugiesisches-essen\/\" style=\"outline: none;\"><strong>epische Food-Szene<\/strong><\/a>&nbsp;an.<\/p>\n<p style=\"\">Wenn Sie Ihre St\u00e4dtereise nach Lissabon mit einem Ausflug ins charmante Porto kombinieren m\u00f6chten, sind Sie bei uns genau richtig!<\/p>\n<p style=\"\">Lesen Sie hier, wie Sie bequem von Lissabon nach Porto reisen k\u00f6nnen.<\/p>\n<h2 id=\"t-1654764866216\" style=\"\" data-alt-text=\"1. Mit dem Zug\">1. Von Lissabon nach Porto mit dem Zug<\/h2>\n<p><span><img decoding=\"async\" alt=\"\" data-id=\"6363\" width=\"702\" data-init-width=\"1000\" height=\"437\" data-init-height=\"623\" title=\"Bahnhofsreise von Lissabon nach Porto in Portugal\" src=\"https:\/\/lisbontouristinformation.com\/de\/wp-content\/uploads\/2022\/06\/Train-Station-Travel-from-Lisbon-to-Porto-in-Portugal.jpg\" data-width=\"702\" data-height=\"437\" loading=\"lazy\" style=\"aspect-ratio: auto 1000 \/ 623;\"><\/span><\/p>\n<p>Die beliebteste Kunst, von Lissabon nach Porto zu reisen, ist der Zug. Es gibt mehrere Direktz\u00fcge, die regelm\u00e4\u00dfig verkehren. Die schnellste Option ist der <b>Schnellzug Alfa Pendular (AP)2<\/b>, der nach etwa 3 Stunden in Porto ankommt.&nbsp;Die <b>Intercidades<\/b> (Intercity-Zug) sind eine etwas g\u00fcnstigere Option, aber die Fahrt dauert l\u00e4nger (ca. 3h 30m).<\/p>\n<p>Die Z\u00fcge fahren vom Bahnhof Oriente (in der N\u00e4he des Flughafens Lissabon) und vom Bahnhof Santa Apol\u00f3nia (im <a href=\"https:\/\/lisbontouristinformation.com\/de\/planen\/stadtteile-von-lissabon\/alfama-lissabon\/\" style=\"outline: none;\">Viertel Alfama<\/a>) ab.&nbsp;Einzelfahrkarten kosten je nach Zugtyp zwischen 25 und 45 Euro und k\u00f6nnen an der Bahnhofskasse oder online auf der <a href=\"https:\/\/www.cp.pt\/passageiros\/en\" target=\"_blank\" style=\"outline: none;\" rel=\"noopener\">offiziellen CP-Website<\/a>&nbsp;gekauft werden.<\/p>\n<p><strong>In Porto<\/strong> kommen Sie am Bahnhof Campanh\u00e3 an und von dort nehmen Sie einen Zug, der Sie zum Bahnhof S\u00e3o Bento im Zentrum von Porto bringt. Diese Fahrt ist im Ticketpreis inbegriffen.<\/p>\n<ul>\n<li>Hier finden&nbsp;Sie den <a href=\"https:\/\/www.cp.pt\/passageiros\/en\" target=\"_blank\" rel=\"nofollow noopener\" style=\"outline: none;\">Fahrplan<\/a>, die Dauer und die Ticketpreise nach Porto.&nbsp;Geben Sie einfach Lisboa &#8211; Oriente oder Lisboa&nbsp;&#8211;&nbsp;<em>Santa Apol\u00f3nia<\/em> und Porto ein und w\u00e4hlen Sie das Datum Ihrer Reise.&nbsp;<\/li>\n<li>Vielleicht interessiert Sie auch unser vollst\u00e4ndiger <a href=\"https:\/\/lisbontouristinformation.com\/de\/arrival\/bahnhofe-lissabon\/\" style=\"outline: none;\">F\u00fchrer zu den Bahnh\u00f6fen in Lissabon<\/a> .<\/li>\n<\/ul>\n<h2 id=\"t-1654764866217\" style=\"\" data-alt-text=\"2. Mit dem Bus\">2. Von Lissabon nach Porto mit dem Bus<\/h2>\n<p><span><img decoding=\"async\" alt=\"\" data-id=\"6353\" width=\"702\" data-init-width=\"1000\" height=\"526\" data-init-height=\"750\" title=\"Bus-Reisem\u00f6glichkeiten von Lissabon nach Cascais in Portugal\" src=\"https:\/\/lisbontouristinformation.com\/de\/wp-content\/uploads\/2022\/06\/Ways-to-Travel-from-Lisbon-to-Cascais-in-portugal.jpg\" data-width=\"702\" data-height=\"526\" loading=\"lazy\" style=\"aspect-ratio: auto 1000 \/ 750;\"><\/span><\/p>\n<p>Eine Alternative ist die Fahrt mit dem Fernbus nach Porto. Diese Option ist billiger als der Zug, aber auch langsamer. Der Fernbusdienst wird von Portugals gr\u00f6\u00dftem \u00dcberlandbusunternehmen <b>Rede Expressos \/ Renex betrieben<\/b>.&nbsp;Es gibt den ganzen Tag \u00fcber eine Reihe von direkten Busverbindungen. Die Fahrt dauert etwa 3 Stunden und 30 Minuten.<\/p>\n<p>Sie k\u00f6nnen den Bus am Busbahnhof <b>Sete Rios<\/b> im Norden Lissabons in der N\u00e4he des Zoos von Lissabon nehmen, der mit der blauen U-Bahn-Linie verbunden ist, oder am Bahnhof Oriente, der mit der roten U-Bahn-Linie verbunden ist. Das One-Way-Ticket kostet etwa 20 Euro und kann bis zu 30 Tage im Voraus gekauft werden.<\/p>\n<p style=\"\"><strong>In <\/strong><strong>Porto<\/strong> kommen die Busse am Terminal Rodoviario am Campo 24 de Agosto an, im Nordosten des historischen Zentrums.<\/p>\n<ul>\n<li>\u00dcberpr\u00fcfen Sie den Fahrplan und die Preise <a href=\"https:\/\/rede-expressos.pt\/en\" target=\"_blank\" style=\"outline: none;\" rel=\"noopener\">hier<\/a>.<\/li>\n<\/ul>\n<h2 id=\"t-1654764866218\" style=\"\" data-alt-text=\"3. Mit dem Flugzeug\">3. Von Lissabon nach Porto mit dem Flugzeug<\/h2>\n<p><span><img decoding=\"async\" alt=\"\" data-id=\"5903\" width=\"702\" data-init-width=\"1200\" height=\"368\" data-init-height=\"630\" title=\"Reisef\u00fchrer zum Flughafen Lissabon Humberto Delgado in Portugal\" src=\"https:\/\/lisbontouristinformation.com\/de\/wp-content\/uploads\/2022\/05\/Guide-to-the-Lisbon-Humberto-Delgado-Airport-in-Portugal.jpg\" data-width=\"702\" data-height=\"368\" loading=\"lazy\" style=\"aspect-ratio: auto 1200 \/ 630;\"><\/span><\/p>\n<p>Eine weitere M\u00f6glichkeit, bequem von Lissabon nach Porto zu reisen, ist das Flugzeug. Die Flugzeit betr\u00e4gt <strong>nur 55 Minuten<\/strong>, aber denken Sie daran, dass Sie mindestens eine Stunde vor Ihrem Flug am Flughafen sein m\u00fcssen.&nbsp;Die Fl\u00fcge werden von der nationalen Fluggesellschaft <em>TAP Portugal<\/em> und der Billigfluggesellschaft <em>Ryanair<\/em>&nbsp;durchgef\u00fchrt.&nbsp;Mit etwas Gl\u00fcck ergattern Sie Fl\u00fcge zwischen 20 und 50 Euro.<\/p>\n<p style=\"\">Der Flughafen Lissabon liegt g\u00fcnstig nur 7 Kilometer nord\u00f6stlich des Stadtzentrums. Dank seiner N\u00e4he und der guten Erreichbarkeit mit der roten U-Bahn-Linie ist der Flughafen leicht zu erreichen. Der Flughafen von Porto ist etwa 12 Kilometer vom Zentrum Portos entfernt.<\/p>\n<ul>\n<li>Weitere Einzelheiten und Tipps finden Sie in unserem vollst\u00e4ndigen <a href=\"https:\/\/lisbontouristinformation.com\/de\/arrival\/flughafen-lissabon\/\" style=\"outline: none;\">Flughafenf\u00fchrer Lissabon<\/a>.<\/li>\n<\/ul>\n<h2 id=\"t-1654764866219\" style=\"\" data-alt-text=\"4. Mit dem Auto\">4. Von Lissabon nach Porto mit dem Auto<\/h2>\n<p><strong>Wer sich f\u00fcr die Anreise nach Porto mit dem Auto entscheidet, sollte auf der Autobahn A1<\/strong> mit einer Fahrzeit von ca. 3 Stunden rechnen . Aufgrund der <strong>teuren Mautgeb\u00fchr<\/strong> von \u00fcber 20 Euro ist es nicht sehr ratsam, auf diese Weise zu reisen. Dar\u00fcber hinaus k\u00f6nnen Verkehr und Parken in beiden St\u00e4dten eine ziemliche Herausforderung darstellen.<\/p>\n<p>Egal f\u00fcr welche Art der Reise Sie sich entscheiden, wir w\u00fcnschen Ihnen eine tolle Zeit in Lissabon und Porto. Wenn Sie an anderen Reisezielen in der N\u00e4he von Lissabon interessiert sind, lesen Sie unseren <a href=\"https:\/\/lisbontouristinformation.com\/de\/planen\/sintra-lissabon\/\" style=\"outline: none;\">Reisef\u00fchrer f\u00fcr Sintra<\/a>&nbsp;sowie unseren Beitrag: \u201e<a href=\"https:\/\/lisbontouristinformation.com\/de\/planen\/lissabon-cascais\/\" style=\"outline: none;\">4 Wege, um bequem von Lissabon nach Cascais zu reisen<\/a>\u201c.<\/p>\n<h3 style=\"\">Verwandte Beitr\u00e4ge<\/h3>\n<p><a href=\"https:\/\/lisbontouristinformation.com\/de\/planen\/lissabon-cascais\/\" dynamic-postlink=\"tcb_post_the_permalink\" data-shortcode-id=\"6193\"><\/a><\/p>\n<h3 style=\"text-align: center; padding-top: 0px !important; margin-top: 0px !important;\"><span data-attr-link=\"1\" data-attr-rel=\"0\" data-attr-target=\"0\" data-extra_key=\"\" data-option-inline=\"1\" data-shortcode=\"tcb_post_title\" data-shortcode-name=\"Post title\" data-attr-css=\"\" data-attr-static-link=\"{&quot;className&quot;:&quot;&quot;,&quot;href&quot;:&quot;https:\/\/lisbontouristinformation.com\/de\/planen\/lissabon-cascais\/&quot;,&quot;title&quot;:&quot;4 Wege, um ganz einfach von Lissabon nach Cascais zu reisen&quot;,&quot;class&quot;:&quot;&quot;}\" style=\"\"><a href=\"https:\/\/lisbontouristinformation.com\/de\/planen\/lissabon-cascais\/\" title=\"4 Wege, um ganz einfach von Lissabon nach Cascais zu reisen\" data-css=\"\">4 Wege, um ganz einfach von Lissabon nach Cascais zu reisen<\/a><\/span><\/h3>\n<p><a href=\"https:\/\/lisbontouristinformation.com\/de\/planen\/lissabon-cascais\/\" style=\"\"><span style=\"\"><span style=\"\">Weiterlesen<\/span><\/span><\/a><a href=\"https:\/\/lisbontouristinformation.com\/de\/sehenswurdigkeiten-in-lissabon\/\" dynamic-postlink=\"tcb_post_the_permalink\" data-shortcode-id=\"6193\"><\/a><\/p>\n<h3 style=\"text-align: center; padding-top: 0px !important; margin-top: 0px !important;\"><span data-attr-link=\"1\" data-attr-rel=\"0\" data-attr-target=\"0\" data-extra_key=\"\" data-option-inline=\"1\" data-shortcode=\"tcb_post_title\" data-shortcode-name=\"Post title\" data-attr-css=\"\" data-attr-static-link=\"{&quot;className&quot;:&quot;&quot;,&quot;href&quot;:&quot;https:\/\/lisbontouristinformation.com\/de\/planen\/lissabon-cascais\/&quot;,&quot;title&quot;:&quot;4 Wege, um ganz einfach von Lissabon nach Cascais zu reisen&quot;,&quot;class&quot;:&quot;&quot;}\" style=\"\"><a href=\"https:\/\/lisbontouristinformation.com\/de\/sehenswurdigkeiten-in-lissabon\/\" title=\"50 besten Sehensw\u00fcrdigkeiten in Lissabon\" data-css=\"\">50 besten Sehensw\u00fcrdigkeiten in Lissabon<\/a><\/span><\/h3>\n<p><a href=\"https:\/\/lisbontouristinformation.com\/de\/sehenswurdigkeiten-in-lissabon\/\" style=\"\"><span style=\"\"><span style=\"\">Weiterlesen<\/span><\/span><\/a><a href=\"https:\/\/lisbontouristinformation.com\/de\/planen\/stadtteile-von-lissabon\/alfama-lissabon\/\" dynamic-postlink=\"tcb_post_the_permalink\" data-shortcode-id=\"6193\"><\/a><\/p>\n<h3 style=\"text-align: center; padding-top: 0px !important; margin-top: 0px !important;\"><span data-attr-link=\"1\" data-attr-rel=\"0\" data-attr-target=\"0\" data-extra_key=\"\" data-option-inline=\"1\" data-shortcode=\"tcb_post_title\" data-shortcode-name=\"Post title\" data-attr-css=\"\" data-attr-static-link=\"{&quot;className&quot;:&quot;&quot;,&quot;href&quot;:&quot;https:\/\/lisbontouristinformation.com\/de\/planen\/lissabon-cascais\/&quot;,&quot;title&quot;:&quot;4 Wege, um ganz einfach von Lissabon nach Cascais zu reisen&quot;,&quot;class&quot;:&quot;&quot;}\" style=\"\"><a href=\"https:\/\/lisbontouristinformation.com\/de\/planen\/stadtteile-von-lissabon\/alfama-lissabon\/\" title=\"Der Stadtteil Alfama in Lissabon: Top-Attraktionen &amp; Tipps\" data-css=\"\">Der Stadtteil Alfama in Lissabon: Top-Attraktionen &amp; Tipps<\/a><\/span><\/h3>\n<p><a href=\"https:\/\/lisbontouristinformation.com\/de\/planen\/stadtteile-von-lissabon\/alfama-lissabon\/\" style=\"\"><span style=\"\"><span style=\"\">Weiterlesen<\/span><\/span><\/a><a href=\"https:\/\/lisbontouristinformation.com\/de\/planen\/sintra-lissabon\/\" dynamic-postlink=\"tcb_post_the_permalink\" data-shortcode-id=\"6193\"><\/a><\/p>\n<h3 style=\"text-align: center; padding-top: 0px !important; margin-top: 0px !important;\"><span data-attr-link=\"1\" data-attr-rel=\"0\" data-attr-target=\"0\" data-extra_key=\"\" data-option-inline=\"1\" data-shortcode=\"tcb_post_title\" data-shortcode-name=\"Post title\" data-attr-css=\"\" data-attr-static-link=\"{&quot;className&quot;:&quot;&quot;,&quot;href&quot;:&quot;https:\/\/lisbontouristinformation.com\/de\/planen\/lissabon-cascais\/&quot;,&quot;title&quot;:&quot;4 Wege, um ganz einfach von Lissabon nach Cascais zu reisen&quot;,&quot;class&quot;:&quot;&quot;}\" style=\"\"><a href=\"https:\/\/lisbontouristinformation.com\/de\/planen\/sintra-lissabon\/\" title=\"Guide f\u00fcr Sintra: Anreise von Lissabon nach Sintra &amp; Sehensw\u00fcrdigkeiten\" data-css=\"\">Guide f\u00fcr Sintra: Anreise von Lissabon nach Sintra &amp; Sehensw\u00fcrdigkeiten<\/a><\/span><\/h3>\n<p><a href=\"https:\/\/lisbontouristinformation.com\/de\/planen\/sintra-lissabon\/\" style=\"\"><span style=\"\"><span style=\"\">Weiterlesen<\/span><\/span><\/a><\/p>\n","protected":false},"excerpt":{"rendered":"<p>Porto, die zweitgr\u00f6\u00dfte Stadt Portugals, liegt am Ufer des Flusses Douro, etwa 310 Kilometer von Lissabon entfernt. Die K\u00fcstenstadt ist weltber\u00fchmt f\u00fcr ihren Portwein und lockt Besucher mit&nbsp;UNESCO-Welterbest\u00e4tten,&nbsp;mittelalterliche Architektur und eine epische Food-Szene&nbsp;an. Wenn Sie Ihre St\u00e4dtereise nach Lissabon mit einem Ausflug ins charmante Porto kombinieren m\u00f6chten, sind Sie bei uns genau richtig! Lesen Sie [&hellip;]<\/p>\n","protected":false},"author":18,"featured_media":6202,"parent":71,"menu_order":0,"comment_status":"closed","ping_status":"closed","template":"","meta":{"footnotes":""},"tags":[],"class_list":["post-6199","page","type-page","status-publish","has-post-thumbnail","hentry","post-wrapper","thrv_wrapper"],"_links":{"self":[{"href":"https:\/\/lisbontouristinformation.com\/de\/wp-json\/wp\/v2\/pages\/6199","targetHints":{"allow":["GET"]}}],"collection":[{"href":"https:\/\/lisbontouristinformation.com\/de\/wp-json\/wp\/v2\/pages"}],"about":[{"href":"https:\/\/lisbontouristinformation.com\/de\/wp-json\/wp\/v2\/types\/page"}],"author":[{"embeddable":true,"href":"https:\/\/lisbontouristinformation.com\/de\/wp-json\/wp\/v2\/users\/18"}],"replies":[{"embeddable":true,"href":"https:\/\/lisbontouristinformation.com\/de\/wp-json\/wp\/v2\/comments?post=6199"}],"version-history":[{"count":0,"href":"https:\/\/lisbontouristinformation.com\/de\/wp-json\/wp\/v2\/pages\/6199\/revisions"}],"up":[{"embeddable":true,"href":"https:\/\/lisbontouristinformation.com\/de\/wp-json\/wp\/v2\/pages\/71"}],"wp:featuredmedia":[{"embeddable":true,"href":"https:\/\/lisbontouristinformation.com\/de\/wp-json\/wp\/v2\/media\/6202"}],"wp:attachment":[{"href":"https:\/\/lisbontouristinformation.com\/de\/wp-json\/wp\/v2\/media?parent=6199"}],"wp:term":[{"taxonomy":"post_tag","embeddable":true,"href":"https:\/\/lisbontouristinformation.com\/de\/wp-json\/wp\/v2\/tags?post=6199"}],"curies":[{"name":"wp","href":"https:\/\/api.w.org\/{rel}","templated":true}]}}