{"id":6193,"date":"2022-06-08T13:46:52","date_gmt":"2022-06-08T12:46:52","guid":{"rendered":"https:\/\/lisbontouristinformation.com\/de\/?page_id=6193"},"modified":"2024-06-14T21:25:13","modified_gmt":"2024-06-14T20:25:13","slug":"lissabon-cascais","status":"publish","type":"page","link":"https:\/\/lisbontouristinformation.com\/de\/planen\/lissabon-cascais\/","title":{"rendered":"4 Wege, um ganz einfach von Lissabon nach Cascais zu reisen"},"content":{"rendered":"<p style=\"\">Das malerische K\u00fcstendorf Cascais liegt 25 Kilometer westlich von Lissabon am Atlantischen Ozean.<\/p>\n<p style=\"\">Der ehemalige Sommerurlaubsort des portugiesischen Adels ist heute ein <b>gehobener Ferienort<\/b>, der Einheimische und Besucher mit imposanten Villen,&nbsp;<a href=\"https:\/\/lisbontouristinformation.com\/de\/lifestyle\/shopping-lissabon\/\" style=\"outline: none;\">erstklassigen Einkaufsm\u00f6glichkeiten<\/a>, vor allem aber&nbsp;<b>mit seinen malerischen Str\u00e4nden und Buchten<\/b>&nbsp;beeindruckt.<\/p>\n<p style=\"\">Auf dieser Seite zeigen wir die 4 einfachsten M\u00f6glichkeiten, um von Lissabon nach Cascais zu reisen.<\/p>\n<p style=\"\">Tauchen wir ein!<\/p>\n<h2 id=\"t-1654696619595\" data-alt-text=\"1. By Train\" style=\"\">1. Von Lissabon nach Cascais mit dem Zug<\/h2>\n<p style=\"\">Die einfachste Art, von Lissabon nach Cascais zu reisen, ist mit dem Zug. Gehen Sie zum <a href=\"https:\/\/lisbontouristinformation.com\/de\/arrival\/bahnhofe-lissabon\/\" style=\"outline: none;\"><strong>K\u00fcstenbahnhof Cais do Sodr\u00e9<\/strong><\/a><strong>&nbsp;<\/strong>und<strong>&nbsp;<\/strong>nehmen Sie die S-Bahn&nbsp;<strong>\u201eLinha de Cascais\u201c<\/strong>, die nach Cascais f\u00fchrt.&nbsp;Die Linie umfasst 17 Haltestellen, von denen mehr als 10 Sie an verschiedenen Str\u00e4nden entlang der Strecke absetzen. Um jedoch die beliebte K\u00fcstenstadt Cascais zu erreichen, steigen Sie an der letzten Haltestelle Cascais Station aus.<\/p>\n<p style=\"\">Die Z\u00fcge fahren alle 10-20 Minuten ab. Das Zugticket, das f\u00fcr eine einfache Fahrt oder auf der Prepaid-Karte von Viva Viagem gekauft werden kann, kostet nur wenige Euro. Die Fahrt dauert 33 bis 40 Minuten und belohnt Sie mit den sch\u00f6nsten Ausblicken auf die K\u00fcste.<\/p>\n<p><span><img decoding=\"async\" alt=\"\" data-id=\"6358\" width=\"702\" data-init-width=\"1000\" height=\"395\" data-init-height=\"563\" title=\"Bahnhof Cais do Sodr\u00e9 Lissabon nach Cascais in Portugal\" src=\"https:\/\/lisbontouristinformation.com\/de\/wp-content\/uploads\/2022\/06\/Train-Station-Cais-do-Sodre-Lisbon-to-Cascais-in-Portugal.jpg\" data-width=\"702\" data-height=\"395\" style=\"aspect-ratio: auto 1000 \/ 563;\" loading=\"lazy\"><\/span><\/p>\n<p style=\"\"><strong>Reisetipp:<\/strong> Zugfahrten nach Cascais sind mit der Lisboa Card kostenlos. Sie k\u00f6nnen Ihre <a href=\"https:\/\/www.headout.com\/de\/city-pass\/lisboa-card-e-12061\/?affiliate_code=KXkQ69&amp;utm_campaign=lisbontouristinformation&amp;utm_content=link&amp;utm_medium=affiliate&amp;utm_source=most_amazing_places\" target=\"_blank\" rel=\"nofollow noopener\">Lisbon Card gleich hier<\/a> oder in unserem&nbsp;<a href=\"https:\/\/lisbontouristinformation.com\/de\/touren-and-tickets\/\" style=\"outline: none;\" data-lt-tmp-id=\"lt-535980\" spellcheck=\"false\">offiziellen Ticketshop<\/a>&nbsp;kaufen.<\/p>\n<ul>\n<li>F\u00fcr aktuelle Informationen zum Fahrplan nach Cascais und zum Ticketpreis klicken Sie <a href=\"https:\/\/www.cp.pt\/passageiros\/en\" style=\"outline: none;\" data-lt-tmp-id=\"lt-197478\" spellcheck=\"false\" target=\"_blank\" rel=\"nofollow noopener\">hier<\/a>.&nbsp;Geben Sie einfach <em>Cais do Sodre<\/em> und <em>Cascais ein<\/em> und w\u00e4hlen Sie das Datum Ihrer Reise.<\/li>\n<li>Vielleicht interessiert Sie auch unser vollst\u00e4ndiger <a href=\"https:\/\/lisbontouristinformation.com\/de\/arrival\/bahnhofe-lissabon\/\" style=\"outline: none;\" data-lt-tmp-id=\"lt-197430\" spellcheck=\"false\">Guide zu den Bahnh\u00f6fen in Lissabon.<\/a><\/li>\n<\/ul>\n<h2 id=\"t-1654696619596\" data-alt-text=\"2. By Car\" style=\"\">2. Von Lissabon nach Cascais mit dem Auto<\/h2>\n<p><span style=\"\"><img decoding=\"async\" alt=\"\" data-id=\"6365\" width=\"702\" data-init-width=\"1000\" height=\"395\" data-init-height=\"563\" title=\"Autoreise nach Lissabon nach Cascais in Portugal\" src=\"https:\/\/lisbontouristinformation.com\/de\/wp-content\/uploads\/2022\/06\/Car-Travel-to-Lisbon-to-Cascais-in-Portugal.jpg\" data-width=\"702\" data-height=\"395\" style=\"aspect-ratio: auto 1000 \/ 563;\" mt-d=\"0\" ml-d=\"0\" loading=\"lazy\"><\/span><\/p>\n<p style=\"\">Der schnellste Weg, um <strong>mit dem Auto von Lissabon nach Cascais zu gelangen, ist die mautpflichtige A5<\/strong>.&nbsp;Bei normalem Verkehr m\u00fcssen Sie mit einer Fahrzeit von <strong>ca. 35 Minuten<\/strong>&nbsp;rechnen.<\/p>\n<p style=\"\"><strong>Eine Alternative ist die Fahrt<\/strong> entlang der K\u00fcstenstra\u00dfe Avenida da Marginal &#8211; EN6, die Sie mit malerischen Meerblicken verw\u00f6hnt.<\/p>\n<p>Es gibt Parkpl\u00e4tze im Zentrum von Cascais, aber denken Sie daran, dass sie sehr begrenzt sind, so dass es besonders im Sommer schwierig sein kann, einen Parkplatz zu finden. Alternativ k\u00f6nnen Sie \u00f6ffentliche Parkpl\u00e4tze nutzen, die pro Stunde abgerechnet werden.<\/p>\n<h2 id=\"t-1654696619597\" data-alt-text=\"3. By Bus\" style=\"\">3. Von Lissabon nach Cascais mit dem Bus<\/h2>\n<p><span style=\"height: 100%;\"><img decoding=\"async\" alt=\"\" data-id=\"6353\" width=\"702\" data-init-width=\"1000\" height=\"526\" data-init-height=\"750\" title=\"Bus-Reisem\u00f6glichkeiten von Lissabon nach Cascais in Portugal\" src=\"https:\/\/lisbontouristinformation.com\/de\/wp-content\/uploads\/2022\/06\/Ways-to-Travel-from-Lisbon-to-Cascais-in-portugal.jpg\" data-width=\"702\" data-height=\"526\" style=\"margin-top: 0px; max-width: none !important; aspect-ratio: auto 1000 \/ 750;\" mt-d=\"0\" loading=\"lazy\"><\/span><\/p>\n<p>Es ist m\u00f6glich, mit dem Bus von Lissabon nach Cascais zu fahren. <strong>Wir empfehlen diese Option jedoch nicht,<\/strong> da sie viel l\u00e4nger dauert als mit dem Zug. Au\u00dferdem ist es einfacher, zum Bahnhof Cais do Sodre zu gelangen als zum Busbahnhof.<\/p>\n<h2 id=\"t-1654760189630\" data-alt-text=\"4. By Day Trips &amp; Tours\" style=\"\">4. Von Lissabon nach Cascais mit Tagesausfl\u00fcgen und Touren<\/h2>\n<p style=\"\">Eine weitere M\u00f6glichkeit, von Lissabon nach Cascais zu fahren, ist die Buchung eines Tagesausflugs oder einer Tour, die Cascais und andere beliebte Ziele wie Cabo da Roca und die M\u00e4rchenstadt Sintra umfasst.<\/p>\n<h3 style=\"\">Beliebte Tickets:<\/h3>\n<ul>\n<li><a href=\"https:\/\/www.headout.com\/r\/most-amazing-placesrecommends-hpQvR\/\" target=\"_blank\" rel=\"nofollow noopener\" style=\"outline: none;\">Lissabon-Tour mit Mittagessen: Sintra, Nationalpalast Pena, Cabo da Roca, Cascais<\/a><\/li>\n<li><a data-lt-tmp-id=\"lt-910140\" href=\"https:\/\/gyg.me\/pymHGbNN\" rel=\"nofollow noopener\" spellcheck=\"false\" target=\"_blank\" style=\"outline: none;\">Tickets f\u00fcr Sintra, Pena Palast, Quinta da Regaleira und Cascais: Tagesausflug ab Lissabon<\/a><\/li>\n<\/ul>\n<p style=\"\">Jetzt kennen Sie den einfachsten Weg, um von Lissabon nach Cascais zu reisen. Wenn Sie an anderen beliebten Ausflugszielen interessiert sind, lesen Sie unseren&nbsp;<a href=\"https:\/\/lisbontouristinformation.com\/de\/planen\/sintra-lissabon\/\" style=\"outline: none;\" data-lt-tmp-id=\"lt-663841\" spellcheck=\"false\">vollst\u00e4ndigen Reisef\u00fchrer f\u00fcr Sintra&nbsp;<\/a>&nbsp;und unsere Seite mit den&nbsp;<a href=\"https:\/\/lisbontouristinformation.com\/de\/planen\/lissabon-porto\/\" style=\"outline: none;\">einfachsten M\u00f6glichkeiten, von Lissabon nach Porto zu reisen<\/a>.<\/p>\n<h3 style=\"\">Verwandte Beitr\u00e4ge<\/h3>\n<p><a href=\"https:\/\/lisbontouristinformation.com\/de\/planen\/lissabon-porto\/\" dynamic-postlink=\"tcb_post_the_permalink\" data-shortcode-id=\"99\"><\/a><\/p>\n<h3 style=\"text-align: center; padding-top: 0px !important; margin-top: 0px !important;\"><span data-attr-link=\"1\" data-attr-rel=\"0\" data-attr-target=\"0\" data-extra_key=\"\" data-option-inline=\"1\" data-shortcode=\"tcb_post_title\" data-shortcode-name=\"Post title\" data-attr-css=\"\" data-attr-static-link=\"{&quot;className&quot;:&quot;&quot;,&quot;href&quot;:&quot;https:\/\/lisbontouristinformation.com\/de\/planen\/lissabon-porto\/&quot;,&quot;title&quot;:&quot;4 Wege, um ganz einfach von Lissabon nach Porto zu reisen&quot;,&quot;class&quot;:&quot;&quot;}\" style=\"\"><a href=\"https:\/\/lisbontouristinformation.com\/de\/planen\/lissabon-porto\/\" title=\"4 Wege, um ganz einfach von Lissabon nach Porto zu reisen\" data-css=\"\">4 Wege, um ganz einfach von Lissabon nach Porto zu reisen<\/a><\/span><\/h3>\n<p><a href=\"https:\/\/lisbontouristinformation.com\/de\/planen\/lissabon-porto\/\" style=\"\"><span style=\"\"><span style=\"\">Weiterlesen<\/span><\/span><\/a><a href=\"https:\/\/lisbontouristinformation.com\/de\/sehenswurdigkeiten-in-lissabon\/\" dynamic-postlink=\"tcb_post_the_permalink\" data-shortcode-id=\"99\"><\/a><\/p>\n<h3 style=\"text-align: center; padding-top: 0px !important; margin-top: 0px !important;\"><span data-attr-link=\"1\" data-attr-rel=\"0\" data-attr-target=\"0\" data-extra_key=\"\" data-option-inline=\"1\" data-shortcode=\"tcb_post_title\" data-shortcode-name=\"Post title\" data-attr-css=\"\" data-attr-static-link=\"{&quot;className&quot;:&quot;&quot;,&quot;href&quot;:&quot;https:\/\/lisbontouristinformation.com\/de\/planen\/lissabon-porto\/&quot;,&quot;title&quot;:&quot;4 Wege, um ganz einfach von Lissabon nach Porto zu reisen&quot;,&quot;class&quot;:&quot;&quot;}\" style=\"\"><a href=\"https:\/\/lisbontouristinformation.com\/de\/sehenswurdigkeiten-in-lissabon\/\" title=\"50 besten Sehensw\u00fcrdigkeiten in Lissabon [mit Tickets]\" data-css=\"\">50 besten Sehensw\u00fcrdigkeiten in Lissabon [mit Tickets]<\/a><\/span><\/h3>\n<p><a href=\"https:\/\/lisbontouristinformation.com\/de\/sehenswurdigkeiten-in-lissabon\/\" style=\"\"><span style=\"\"><span style=\"\">Weiterlesen<\/span><\/span><\/a><a href=\"https:\/\/lisbontouristinformation.com\/de\/planen\/sintra-lissabon\/\" dynamic-postlink=\"tcb_post_the_permalink\" data-shortcode-id=\"99\"><\/a><\/p>\n<h3 style=\"text-align: center; padding-top: 0px !important; margin-top: 0px !important;\"><span data-attr-link=\"1\" data-attr-rel=\"0\" data-attr-target=\"0\" data-extra_key=\"\" data-option-inline=\"1\" data-shortcode=\"tcb_post_title\" data-shortcode-name=\"Post title\" data-attr-css=\"\" data-attr-static-link=\"{&quot;className&quot;:&quot;&quot;,&quot;href&quot;:&quot;https:\/\/lisbontouristinformation.com\/de\/planen\/lissabon-porto\/&quot;,&quot;title&quot;:&quot;4 Wege, um ganz einfach von Lissabon nach Porto zu reisen&quot;,&quot;class&quot;:&quot;&quot;}\" style=\"\"><a href=\"https:\/\/lisbontouristinformation.com\/de\/planen\/sintra-lissabon\/\" title=\"Guide f\u00fcr Sintra: Anreise von Lissabon nach Sintra &amp; Sehensw\u00fcrdigkeiten\" data-css=\"\">Guide f\u00fcr Sintra: Anreise von Lissabon nach Sintra &amp; Sehensw\u00fcrdigkeiten<\/a><\/span><\/h3>\n<p><a href=\"https:\/\/lisbontouristinformation.com\/de\/planen\/sintra-lissabon\/\" style=\"\"><span style=\"\"><span style=\"\">Weiterlesen<\/span><\/span><\/a><a href=\"https:\/\/lisbontouristinformation.com\/de\/sehenswurdigkeiten-in-lissabon\/lissabon-mit-kindern\/\" dynamic-postlink=\"tcb_post_the_permalink\" data-shortcode-id=\"99\"><\/a><\/p>\n<h3 style=\"text-align: center; padding-top: 0px !important; margin-top: 0px !important;\"><span data-attr-link=\"1\" data-attr-rel=\"0\" data-attr-target=\"0\" data-extra_key=\"\" data-option-inline=\"1\" data-shortcode=\"tcb_post_title\" data-shortcode-name=\"Post title\" data-attr-css=\"\" data-attr-static-link=\"{&quot;className&quot;:&quot;&quot;,&quot;href&quot;:&quot;https:\/\/lisbontouristinformation.com\/de\/planen\/lissabon-porto\/&quot;,&quot;title&quot;:&quot;4 Wege, um ganz einfach von Lissabon nach Porto zu reisen&quot;,&quot;class&quot;:&quot;&quot;}\" style=\"\"><a href=\"https:\/\/lisbontouristinformation.com\/de\/sehenswurdigkeiten-in-lissabon\/lissabon-mit-kindern\/\" title=\"Lissabon mit Kindern: 15 tolle Aktivit\u00e4ten [mit Tickets]\" data-css=\"\">Lissabon mit Kindern: 15 tolle Aktivit\u00e4ten [mit Tickets]<\/a><\/span><\/h3>\n<p><a href=\"https:\/\/lisbontouristinformation.com\/de\/sehenswurdigkeiten-in-lissabon\/lissabon-mit-kindern\/\" style=\"\"><span style=\"\"><span style=\"\">Weiterlesen<\/span><\/span><\/a><\/p>\n","protected":false},"excerpt":{"rendered":"<p>Das malerische K\u00fcstendorf Cascais liegt 25 Kilometer westlich von Lissabon am Atlantischen Ozean. Der ehemalige Sommerurlaubsort des portugiesischen Adels ist heute ein gehobener Ferienort, der Einheimische und Besucher mit imposanten Villen,&nbsp;erstklassigen Einkaufsm\u00f6glichkeiten, vor allem aber&nbsp;mit seinen malerischen Str\u00e4nden und Buchten&nbsp;beeindruckt. Auf dieser Seite zeigen wir die 4 einfachsten M\u00f6glichkeiten, um von Lissabon nach Cascais zu [&hellip;]<\/p>\n","protected":false},"author":18,"featured_media":6196,"parent":71,"menu_order":0,"comment_status":"closed","ping_status":"closed","template":"","meta":{"footnotes":""},"tags":[],"class_list":["post-6193","page","type-page","status-publish","has-post-thumbnail","hentry","post-wrapper","thrv_wrapper"],"_links":{"self":[{"href":"https:\/\/lisbontouristinformation.com\/de\/wp-json\/wp\/v2\/pages\/6193","targetHints":{"allow":["GET"]}}],"collection":[{"href":"https:\/\/lisbontouristinformation.com\/de\/wp-json\/wp\/v2\/pages"}],"about":[{"href":"https:\/\/lisbontouristinformation.com\/de\/wp-json\/wp\/v2\/types\/page"}],"author":[{"embeddable":true,"href":"https:\/\/lisbontouristinformation.com\/de\/wp-json\/wp\/v2\/users\/18"}],"replies":[{"embeddable":true,"href":"https:\/\/lisbontouristinformation.com\/de\/wp-json\/wp\/v2\/comments?post=6193"}],"version-history":[{"count":2,"href":"https:\/\/lisbontouristinformation.com\/de\/wp-json\/wp\/v2\/pages\/6193\/revisions"}],"predecessor-version":[{"id":8988,"href":"https:\/\/lisbontouristinformation.com\/de\/wp-json\/wp\/v2\/pages\/6193\/revisions\/8988"}],"up":[{"embeddable":true,"href":"https:\/\/lisbontouristinformation.com\/de\/wp-json\/wp\/v2\/pages\/71"}],"wp:featuredmedia":[{"embeddable":true,"href":"https:\/\/lisbontouristinformation.com\/de\/wp-json\/wp\/v2\/media\/6196"}],"wp:attachment":[{"href":"https:\/\/lisbontouristinformation.com\/de\/wp-json\/wp\/v2\/media?parent=6193"}],"wp:term":[{"taxonomy":"post_tag","embeddable":true,"href":"https:\/\/lisbontouristinformation.com\/de\/wp-json\/wp\/v2\/tags?post=6193"}],"curies":[{"name":"wp","href":"https:\/\/api.w.org\/{rel}","templated":true}]}}