{"id":597,"date":"2020-06-11T14:38:11","date_gmt":"2020-06-11T12:38:11","guid":{"rendered":"https:\/\/lisbontouristinformation.com\/de\/?page_id=597"},"modified":"2023-07-28T08:27:34","modified_gmt":"2023-07-28T07:27:34","slug":"shopping-lissabon","status":"publish","type":"page","link":"https:\/\/lisbontouristinformation.com\/de\/lifestyle\/shopping-lissabon\/","title":{"rendered":"Guide f\u00fcr Shopping in Lissabon: Was und wo kaufen?"},"content":{"rendered":"<h1 style=\"\">Guide f\u00fcr Shopping in Lissabon: Was und wo kaufen?<\/h1>\n<p style=\"\">Neugierig, was und wo man in Lissabon einkaufen kann?&nbsp;Bei uns sind Sie genau richtig!<\/p>\n<p style=\"\">Lesen Sie unseren ultimativen Shopping-Guide mit den besten Einkaufsstra\u00dfen, Boutiquen, Vierteln, Einkaufszentren und M\u00e4rkten in Lissabon!<\/p>\n<h2 id=\"t-1594796653444\" style=\"\">Shopping-Tipps f\u00fcr Lissabon<\/h2>\n<p>Portugals farbenfrohe Hauptstadt ist ein ausgezeichneter Ort zum Shoppen. Egal, ob Sie nach schrulligen kleinen L\u00e4den st\u00f6bern, Vintage- und Retro-Sch\u00e4tze suchen oder High-End-Mode einkaufen m\u00f6chten &#8211; in Lissabon gibt es Einkaufsm\u00f6glichkeiten f\u00fcr jeden Geldbeutel.<\/p>\n<p><strong>Der wichtigste Tipp:<\/strong>&nbsp;Ziehen Sie unbedingt Ihr bequemstes Paar Schuhe an. Lissabon wird auch die &#8222;Stadt der sieben H\u00fcgel&#8220; genannt &#8211; und wie Sie sich vorstellen k\u00f6nnen, ist der Name Programm. Au\u00dferdem k\u00f6nnen die kopfsteingepflasterten B\u00fcrgersteige bei Regen sehr rutschig werden, was Sie beim Kofferpacken bedenken sollten.<\/p>\n<p>Aufgrund der allgemein niedrigeren Lebenshaltungskosten in Portugal ist Lissabon im Vergleich zu anderen europ\u00e4ischen Gro\u00dfst\u00e4dten ein<strong> budgetfreundlicher Ort zum Shoppen<\/strong>. Hier finden Sie Kleidung, Accessoires, Schuhe und Souvenirs zu fairen Preisen.<\/p>\n<p><strong>Nicht zu vergessen: <\/strong>Lederwaren genie\u00dfen in Portugal einen guten Ruf, vor allem Taschen und Schuhe. Es lohnt sich also, beim Shoppen ein Auge auf diese Produkte zu werfen.<\/p>\n<h3 id=\"t-1653382940191\">\u00d6ffnungszeiten in Lissabon<\/h3>\n<p>Da es in Portugal keine klar geregelten \u00d6ffnungszeiten gibt, k\u00f6nnen diese von Gesch\u00e4ft zu Gesch\u00e4ft variieren. In Lissabon sind die <strong>Gesch\u00e4fte in den Einkaufsstra\u00dfen <\/strong>in der Regel montags bis freitags von 9:00\/10:00 Uhr bis etwa 19:00\/20:00 Uhr ge\u00f6ffnet. Viele kleinere Gesch\u00e4fte schlie\u00dfen zur Mittagszeit f\u00fcr eine oder zwei Stunden, in der Regel zwischen 13:00 und 15:00 Uhr.<\/p>\n<p><strong>Gro\u00dfe Ketten und Einkaufszentren<\/strong>&nbsp;\u00f6ffnen um 10:00 Uhr und schlie\u00dfen um 22:00 Uhr; einige Einkaufszentren schlie\u00dfen sogar um Mitternacht. Manche Einkaufszentren und gr\u00f6\u00dfere Gesch\u00e4fte sind auch sonntags ge\u00f6ffnet. Die <strong>Superm\u00e4rkte<\/strong> in Lissabon sind in der Regel von 09:00 bis 20:00 Uhr ge\u00f6ffnet.<\/p>\n<p><strong>Am Wochenende:&nbsp;<\/strong><span style=\"text-decoration: underline;\">Samstags<\/span>&nbsp;\u00f6ffnen die Gesch\u00e4fte in den Einkaufsstra\u00dfen ihre Pforten um 9:00 Uhr und schlie\u00dfen um 13:00 Uhr. Einkaufszentren und gro\u00dfe Ketten sind zu den \u00fcblichen Zeiten ge\u00f6ffnet.<\/p>\n<p><span style=\"text-decoration: underline;\">An Sonntagen<\/span>&nbsp;ist nicht genau zu sagen, welche Gesch\u00e4fte ge\u00f6ffnet oder geschlossen sind. Kleine Gesch\u00e4fte sind in der Regel geschlossen. Viele Einkaufszentren sind ge\u00f6ffnet.<\/p>\n<p><span><img loading=\"lazy\" decoding=\"async\" alt=\"Typische Orte zum Einkaufen in Lissabon Portugal\" data-id=\"6829\" width=\"1080\" data-init-width=\"1200\" height=\"779\" data-init-height=\"866\" title=\"Typische Orte zum Einkaufen in Lissabon Portugal\" src=\"https:\/\/lisbontouristinformation.com\/de\/wp-content\/uploads\/2022\/06\/Typical-Places-for-Shopping-in-Lisbon-Portugal.jpg\" data-width=\"1080\" data-height=\"779\" style=\"aspect-ratio: auto 1200 \/ 866;\"><\/span><\/p>\n<h2 style=\"text-align: center;\" id=\"t-1653382940187\">Typische Orte zum Einkaufen<\/h2>\n<p style=\"text-align: center;\">Von Einkaufsstra\u00dfen und Einkaufszentren bis hin zu M\u00e4rkte und Second-Hand<\/p>\n<p><a href=\"javascript:void(0)\"><span style=\"\"><span style=\"\">Load More<\/span><\/span><\/a><\/p>\n<p>Dank der Mischung aus traditionellen M\u00e4rkten, Luxusgesch\u00e4ften, kleinen Boutiquen, hochmodernen Einkaufszentren und Flohm\u00e4rkten bietet Lissabon alles, was das Shopping-Herz begehrt.<\/p>\n<p><b>Sehen Sie hier die typischsten Orte zum Einkaufen in Lissabon:<\/b><\/p>\n<p style=\"\"><b>Einkaufsviertel:<\/b>&nbsp;Die wichtigsten Einkaufsviertel sind&nbsp;<a href=\"https:\/\/lisbontouristinformation.com\/de\/planen\/stadtteile-von-lissabon\/\" style=\"outline: none;\"><b>Baixa<\/b> und <b>Chiado<\/b><\/a> direkt im Zentrum. Diese beiden Stadtteile sind der ideale Ort zum Shoppen.&nbsp;Hier finden Sie alle gro\u00dfen Namen und gro\u00dfen Gesch\u00e4fte sowie etliche Souvenirl\u00e4den (mehr Informationen im n\u00e4chsten Abschnitt).&nbsp;Ein weiterer Favorit ist das charmante Viertel <strong>Pr\u00edncipe Real <\/strong>mit Embaixada, einem angesagten Concept Store in einem sch\u00f6nen Geb\u00e4ude aus dem 19. Jahrhundert, der portugiesische Marken verkauft.<\/p>\n<p style=\"\"><b>Einkaufsstra\u00dfen<\/b>: Ein Einkaufsbummel im Freien entlang der malerischen Kopfsteinpflasterstra\u00dfen von Lissabon ist bei Einheimischen und Touristen gleicherma\u00dfen beliebt.&nbsp;Zu den Top-Adressen geh\u00f6ren die <b>Avenida da Liberdade<\/b>, ein wundersch\u00f6ner, von B\u00e4umen ges\u00e4umter Boulevard mit den renommiertesten Modemarken der Welt, die&nbsp;<b>Rua Garrett<\/b> mit einer Mischung aus traditionellen lokalen Gesch\u00e4ften und internationalen Modemarken sowie die lebhafte <b>Rua Augusta<\/b> im Herzen der Stadt.<\/p>\n<p style=\"\"><b>Einkaufszentren:<\/b>&nbsp;Obwohl viele Einheimische es vorziehen, in traditionellen L\u00e4den in den Einkaufsstra\u00dfen zu shoppen, gibt es in&nbsp;<a href=\"https:\/\/lisbontouristinformation.com\/de\/lifestyle\/shopping-lissabon\/einkaufszentren-lissabon\/\" style=\"outline: none;\">Lissabon auch eine Reihe gro\u00dfer Einkaufszentren<\/a>.&nbsp;Sie sind eine gute Wahl, wenn Sie an Wochenenden und&nbsp;<a href=\"https:\/\/lisbontouristinformation.com\/de\/sehenswurdigkeiten\/lissabon-bei-regen\/\" style=\"outline: none;\" data-lt-tmp-id=\"lt-954309\" spellcheck=\"false\">bei Regen<\/a>&nbsp;einkaufen gehen m\u00f6chten. Das <b>Centro Colombo<\/b> ist mit mehr als 340 Gesch\u00e4ften eines der gr\u00f6\u00dften Einkaufszentren des Landes, w\u00e4hrend das <b>Einkaufszentrum Amoreiras<\/b>, das erste in Portugal gebaute Einkaufszentrum, mit seinem 80er-Jahre Vibe begeistert.&nbsp;Ein weiterer Favorit ist <b>El Corte Ingl\u00e9s<\/b> in der N\u00e4he des Stadtzentrums.<b> <\/b><\/p>\n<p style=\"\"><b>Outlets<\/b>: Wer auf der Suche nach einem Schn\u00e4ppchen ist, wird in Europas gr\u00f6\u00dftem Outlet, dem<strong> Freeport Lisbon Fashion<\/strong> <strong>Outlet<\/strong>, f\u00fcndig. Das riesige Einkaufszentrum befindet sich in Alcochete, 50 Minuten vom Stadtzentrum Lissabons entfernt. Machen Sie sich auf eine ausgiebige Shoppingtour gefasst, denn im Outlet gibt es \u00fcber 150 Gesch\u00e4fte mit Rabatten von bis zu 70 Prozent &#8211; ein wahres Einkaufsparadies!<\/p>\n<p style=\"\"><b>M\u00e4rkte:<\/b>&nbsp;Sehr beliebt bei Touristen und Einheimischen ist der bekannte Flohmarkt&nbsp;<a href=\"https:\/\/lisbontouristinformation.com\/de\/planen\/stadtteile-von-lissabon\/alfama-lissabon\/\" style=\"outline: none;\"><b>Feira da Ladra<\/b> in Alfama<\/a>.&nbsp;Der vielseitige Flohmarkt findet jeden Dienstag und Samstag statt und bietet reihenweise interessante St\u00e4nde mit allerlei Kitsch und Krimskrams.&nbsp;Erw\u00e4hnenswert ist auch der <b>Campo de Ourique Mercado<\/b> im Stadtteil Campo de Ourique. In der Mitte des \u00fcberdachten Marktes befinden sich Essensst\u00e4nde, umgeben von kleinen Gesch\u00e4ften, die handgefertigte Waren, Kleidung, B\u00fccher, Schmuck, Secondhandartikel und Blumen verkaufen.<\/p>\n<p style=\"\"><b>Second-Hand- und Vintage-Shopping:&nbsp;<\/b>Vintage- und Second-Hand-Liebhaber sollten sich die Stadtteile Gra\u00e7a und Intendente ansehen. Hier k\u00f6nnen Sie einige erstaunliche und preisg\u00fcnstige Artikel ergattern. In der Regel ziehen die Secondhand- und Vintage-L\u00e4den Einheimische, alternative und j\u00fcngere Menschen an. In diesen Vierteln gibt es mehr &#8222;ethnische&#8220; M\u00f6glichkeiten zum Einkaufen und Essen, was die Einwanderer in Lissabon widerspiegelt.<\/p>\n<p style=\"\"><b>Einzigartige Shopping-M\u00f6glichkeiten:&nbsp;<\/b><a href=\"https:\/\/lisbontouristinformation.com\/de\/sehenswurdigkeiten\/top-10\/\" style=\"outline: none;\"><b>Die LX Factory<\/b><\/a>&nbsp;ist ein ehemaliges Industriegel\u00e4nde, das in einen hippen Komplex mit einzigartigen kreativen Unternehmen, trendigen Bars und Boutiquen umgewandelt wurde.&nbsp;Hier k\u00f6nnen Sie in einem sehr urbanen Umfeld einkaufen und essen gehen.&nbsp;Verpassen Sie nicht die vielen jungen Designerboutiquen, die au\u00dfergew\u00f6hnliche Buchhandlung Ler Devagar und die Vintage-M\u00f6belh\u00e4ndler.<b>&nbsp;<\/b><\/p>\n<p><a href=\"https:\/\/lisbontouristinformation.com\/de\/lifestyle\/shopping-lissabon\/einkaufsstrassen-lissabon\/\" dynamic-postlink=\"tcb_post_the_permalink\" data-shortcode-id=\"192\"><\/a><\/p>\n<h3 id=\"t-1653382940192\" style=\"text-align: center; padding-top: 0px !important; margin-top: 0px !important;\"><span data-attr-link=\"1\" data-attr-rel=\"0\" data-attr-target=\"0\" data-extra_key=\"\" data-option-inline=\"1\" data-shortcode=\"tcb_post_title\" data-shortcode-name=\"Post title\" data-attr-css=\"\" style=\"\" data-attr-static-link=\"{&quot;className&quot;:&quot;&quot;,&quot;href&quot;:&quot;https:\/\/lisbontouristinformation.com\/de\/lifestyle\/shopping-lissabon\/einkaufsstrassen-lissabon\/&quot;,&quot;title&quot;:&quot;6 besten Einkaufsstra\u00dfen in Lissabon&quot;,&quot;class&quot;:&quot;&quot;}\"><a href=\"https:\/\/lisbontouristinformation.com\/de\/lifestyle\/shopping-lissabon\/einkaufsstrassen-lissabon\/\" title=\"6 besten Einkaufsstra\u00dfen in Lissabon\" data-css=\"\">6 besten Einkaufsstra\u00dfen in Lissabon<\/a><\/span><\/h3>\n<p>Lissabons pulsierende Einkaufsstra\u00dfen locken mit dem unverwechselbaren Flair der Stadt <a href=\"https:\/\/lisbontouristinformation.com\/de\/lifestyle\/shopping-lissabon\/einkaufsstrassen-lissabon\/#more-192\">&#8230;<\/a><\/p>\n<p><a href=\"https:\/\/lisbontouristinformation.com\/de\/lifestyle\/shopping-lissabon\/einkaufsstrassen-lissabon\/\"><span style=\"\"><span style=\"\"><strong>Weiterlesen<\/strong><\/span><\/span><\/a><a href=\"https:\/\/lisbontouristinformation.com\/de\/lifestyle\/shopping-lissabon\/einkaufszentren-lissabon\/\" dynamic-postlink=\"tcb_post_the_permalink\" data-shortcode-id=\"192\"><\/a><\/p>\n<h3 id=\"t-1653382940192\" style=\"text-align: center; padding-top: 0px !important; margin-top: 0px !important;\"><span data-attr-link=\"1\" data-attr-rel=\"0\" data-attr-target=\"0\" data-extra_key=\"\" data-option-inline=\"1\" data-shortcode=\"tcb_post_title\" data-shortcode-name=\"Post title\" data-attr-css=\"\" style=\"\" data-attr-static-link=\"{&quot;className&quot;:&quot;&quot;,&quot;href&quot;:&quot;https:\/\/lisbontouristinformation.com\/de\/lifestyle\/shopping-lissabon\/einkaufsstrassen-lissabon\/&quot;,&quot;title&quot;:&quot;6 besten Einkaufsstra\u00dfen in Lissabon&quot;,&quot;class&quot;:&quot;&quot;}\"><a href=\"https:\/\/lisbontouristinformation.com\/de\/lifestyle\/shopping-lissabon\/einkaufszentren-lissabon\/\" title=\"10 besten Einkaufszentren in Lissabon [mit Karte]\" data-css=\"\">10 besten Einkaufszentren in Lissabon [mit Karte]<\/a><\/span><\/h3>\n<p>Lissabon ist eines der g\u00fcnstigsten Einkaufsziele in Europa und damit <a href=\"https:\/\/lisbontouristinformation.com\/de\/lifestyle\/shopping-lissabon\/einkaufszentren-lissabon\/#more-199\">&#8230;<\/a><\/p>\n<p><a href=\"https:\/\/lisbontouristinformation.com\/de\/lifestyle\/shopping-lissabon\/einkaufszentren-lissabon\/\"><span style=\"\"><span style=\"\"><strong>Weiterlesen<\/strong><\/span><\/span><\/a><\/p>\n<h2 style=\"text-align: center;\" id=\"t-1653382940188\">3 bekannte Orte zum Einkaufen<\/h2>\n<p style=\"text-align: center;\">Die besten Viertel, die ber\u00fchmteste Einkaufsstra\u00dfe und alternatives Shopping<\/p>\n<p><span><img loading=\"lazy\" decoding=\"async\" alt=\"Chiado &amp; Baixa in Lissabon\" data-id=\"6830\" width=\"498\" data-init-width=\"1200\" height=\"280\" data-init-height=\"675\" title=\"Chiado &amp; Baixa in Lissabon\" src=\"https:\/\/lisbontouristinformation.com\/de\/wp-content\/uploads\/2022\/06\/Chiado-Baixa-in-Lisbon.jpg\" data-width=\"498\" data-height=\"280\" style=\"aspect-ratio: auto 1200 \/ 675;\"><\/span><\/p>\n<h3 style=\"\" id=\"t-1653382940195\">Chiado und Baixa<\/h3>\n<p>Diese beiden nebeneinander liegenden Stadtteile geh\u00f6ren zu den beliebtesten Gegenden der Stadt, um shoppen zu gehen. In <strong>Chiado<\/strong> gibt es gehobene Boutiquen, Familiengesch\u00e4fte, Souvenirl\u00e4den und Luxusgesch\u00e4fte. Das <strong>Baixa-<\/strong><strong>Viertel<\/strong>, das \u00fcberwiegend flach ist, begeistert mit gro\u00dfen Pl\u00e4tzen und Gesch\u00e4ften im neoklassischen Stil. Einige Gesch\u00e4fte mit pr\u00e4chtigen neoklassizistischen Fassaden sind mehrere Jahrhunderte alt. Zwei beliebte Einkaufsstra\u00dfen f\u00fchren hier durch, die Rua Augusta und die Rua Garrett.<\/p>\n<p><span><img loading=\"lazy\" decoding=\"async\" alt=\"Rua Augusta in Lissabon\" data-id=\"6832\" width=\"497\" data-init-width=\"1200\" height=\"331\" data-init-height=\"800\" title=\"Rua Augusta in Lissabon\" src=\"https:\/\/lisbontouristinformation.com\/de\/wp-content\/uploads\/2022\/06\/Rua-Augusta-in-Lisbon-1.jpg\" data-width=\"497\" data-height=\"331\" style=\"aspect-ratio: auto 1200 \/ 800;\"><\/span><\/p>\n<h3 style=\"\" id=\"t-1653382940196\">Rua Augusta<\/h3>\n<p>Die beliebte Einkaufsstra\u00dfe Rua Augusta, die nur f\u00fcr Fu\u00dfg\u00e4nger zug\u00e4nglich ist und f\u00fcr den gleichnamigen monumentalen Bogen bekannt ist, befindet sich im Herzen des historischen Zentrums. Sie ist die Haupteinkaufsstra\u00dfe von Lissabon. Die schwarz-wei\u00df gemusterte Steinstra\u00dfe ist stets stark von Touristen frequentiert und wird von Modegesch\u00e4ften, Restaurants, Hotels, Boutiquen, <em>Pastelarias<\/em> und Bars ges\u00e4umt. Beliebte Ketten wie Zara, Mango und Stradivarius sind hier ebenso zu finden wie das offizielle Gesch\u00e4ft des Fu\u00dfballvereins Benfica und einige traditionelle L\u00e4den wie<em> Sapataria Lord<\/em>.<\/p>\n<p><span><img loading=\"lazy\" decoding=\"async\" alt=\"Bairro Alto in Lissabon in Portugal\" data-id=\"6833\" width=\"497\" data-init-width=\"1200\" height=\"331\" data-init-height=\"800\" title=\"Bairro Alto in Lissabon in Portugal\" src=\"https:\/\/lisbontouristinformation.com\/de\/wp-content\/uploads\/2022\/06\/Bairro-Alto-in-Lisbonin-Portugal.jpg\" data-width=\"497\" data-height=\"331\" style=\"aspect-ratio: auto 1200 \/ 800;\"><\/span><\/p>\n<h3 style=\"\" id=\"t-1653382940197\">Bairro Alto<\/h3>\n<p>Bairro Alto, das ehemalige K\u00fcnstler- und Schriftstellerviertel der Stadt, strahlt noch immer eine einzigartige Boh\u00e8me-Atmosph\u00e4re aus. Mit unz\u00e4hligen wirklich s\u00fc\u00dfen und traditionellen Boutiquen, Kunstgalerien, Gourmetl\u00e4den, jungen Designerl\u00e4den und alternativen L\u00e4den hat die Gegend ein sehr angenehmes Flair zum Einkaufen. Es ist der ideale Ort, um nach traditionellen Produkten, Kunsthandwerk und hochwertiger lokaler Kleidung im modernen Stil zu st\u00f6bern.&nbsp;In Sachen alternative Gesch\u00e4fte ist die Rua do Norte die richtige Adresse.<\/p>\n<p><span><img loading=\"lazy\" decoding=\"async\" alt=\"Souvenirs aus Lissabon\" data-id=\"6834\" width=\"1080\" data-init-width=\"1200\" height=\"708\" data-init-height=\"787\" title=\"Souvenirs aus Lissabon\" src=\"https:\/\/lisbontouristinformation.com\/de\/wp-content\/uploads\/2022\/06\/Souvenirs-from-Lisbon.jpg\" data-width=\"1080\" data-height=\"708\" style=\"aspect-ratio: auto 1200 \/ 787;\"><\/span><\/p>\n<h2 style=\"text-align: center;\" id=\"t-1653382940189\">Souvenirs aus Lissabon<\/h2>\n<p style=\"text-align: center;\">Was kann ich aus Lissabon mit nach Hause bringen?<\/p>\n<p>Ob f\u00fcr sich selbst, um sich an die wunderbare Zeit im zauberhaften Lissabon zu erinnern, oder als Geschenk f\u00fcr die Liebsten, ein Mitbringsel geh\u00f6rt zu jeder St\u00e4dtereise.<\/p>\n<p style=\"\"><b>Tipp:<\/b>&nbsp;Bei der Auswahl Ihres besonderen Portugal-Erinnerungsst\u00fccks empfehlen wir, auf handgefertigte Artikel und Produkte \u201eMade in Portugal\u201c zu setzen.<\/p>\n<h3 id=\"t-1653382940198\" style=\"\">Was kaufen?<\/h3>\n<ul>\n<li style=\"\"><span style=\"\"><strong><b>Keramik<\/b>:&nbsp;<\/strong>Zu den beliebtesten Souvenirs geh\u00f6ren zweifellos <strong>Keramiken<\/strong> aller Art, allen voran die traditionellen Azulejo-Fliesen. Dar\u00fcber hinaus gibt es kunstvolle Figuren, T\u00f6pferwaren und Skulpturen.<\/span><\/li>\n<li><span><strong><b>Alkohol<\/b>:<\/strong> Ein beliebtes Lissabon-Souvenir, das sich auch perfekt als Geschenk eignet, ist das charakteristische Getr\u00e4nk von Lissabon, der ber\u00fchmte Lik\u00f6r<b> Ginjinha<\/b>.&nbsp;Ebenso beliebt als Mitbringsel sind nat\u00fcrlich<b> portugiesische Weine,<\/b>&nbsp;wie der Portwein und der <em>Vinho Verde<\/em>.<\/span><\/li>\n<li><span><strong><b>Spezialit\u00e4ten:<\/b><\/strong> Lokale Speisen sind eine gro\u00dfartige M\u00f6glichkeit, Ihre leckeren Reiseerinnerungen nach Hause zu bringen. Das beliebte Geb\u00e4ck<strong> Pastel de Nata,<\/strong> eine Schachtel mit<strong> Portwein gef\u00fcllte Bonbons, Oliven\u00f6l<\/strong> oder<strong> portugiesischer K\u00e4se<\/strong> sind allesamt sehr k\u00f6stliche Mitbringsel, an denen sich auch Ihre Liebsten erfreuen werden.<\/span><\/li>\n<li><span><strong><b>Die Klassiker:<\/b><\/strong>&nbsp;Weitere Klassiker sind Artikel mit einem <strong>Hahn<\/strong> (Zeichen Portugals), <strong>Magnete der Stra\u00dfenbahn 28<\/strong>, <strong>Korkartikel<\/strong> und <strong>Stoffe<\/strong>.<\/span><\/li>\n<li><span><strong><b>Ausgefallene Souvenirs:<\/b>&nbsp;<\/strong>Bevorzugen Sie ein einzigartiges Souvenir? Wie w\u00e4re es mit einer <strong>Sardinendose<\/strong> mit einem Originaletikett? In <em>O Mundo Fant\u00e1stico das Conservas Portuguesas<\/em> finden Sie eine Reihe der ber\u00fchmten portugiesischen Sardinen, verpackt in bunten B\u00fcchsen, jede mit einer anderen Jahreszahl versehen. Warum w\u00e4hlen Sie nicht eine mit Ihrem Geburtsjahr?<\/span><\/li>\n<\/ul>\n<h3 id=\"t-1653382940199\" style=\"\">Wo kaufen?<\/h3>\n<ul>\n<li><span><strong><b><b><strong><b><b>A Vida Portuguesa<\/b><\/b><\/strong>:<\/b><\/b>&nbsp;<\/strong>A Vida Portuguesa&nbsp;bietet Ihnen die M\u00f6glichkeit, eine gro\u00dfe Auswahl an original portugiesischen Artikeln zu finden, die Sie als Souvenir mit nach Hause nehmen k\u00f6nnen, darunter Textilien, Parfums, Sardinendosen, Kleidung, Wohnaccessoires, Oliven\u00f6lflaschen und vieles mehr. Diese Produkte sind ber\u00fchmt f\u00fcr ihren Vintage- und Retro-Stil. Es gibt vier L\u00e4den, von denen sich zwei im Chiado befinden.&nbsp;\u200b\u200b<em><b><span style=\"text-decoration: underline;\">Adresse&nbsp;<\/span><\/b><span style=\"text-decoration: underline;\">des Chiado-Shops: Rua Anchieta 11, Lissabon<\/span><\/em><\/span><\/li>\n<li><span><strong><b><b>Lisbon Shop<\/b><\/b>:&nbsp;<\/strong>Der riesige Lisbon Shop in der N\u00e4he des Pra\u00e7a do Com\u00e9rcio bietet alles, was man sich nur w\u00fcnschen kann. Hier finden Sie unter anderem Fliesen, Keramik, Tassen, Seifen, Kunsthandwerk, Schmuck, Kleidung und sogar Statuen des Heiligen Antonius, des Schutzheiligen von Lissabon. Das Beste daran ist, dass die meisten Artikel in Portugal hergestellt werden.&nbsp;\u200b\u200b<em><span style=\"text-decoration: underline;\"><b>Adresse<\/b>: Rua do Arsenal 13, Lissabon<\/span><\/em><\/span><\/li>\n<li><span><strong><b><b>Loja PortugueZa:<\/b><\/b><\/strong>&nbsp;Loja PortugueZa ist ein traditioneller portugiesischer Laden, der typische portugiesische Produkte anbietet. Dazu geh\u00f6ren Oliven\u00f6l und Sardinen in Dosen mit Vintage-Motiven, Schokolade, Wein, Seifen, Figuren, Socken mit bunten Motiven und viele andere Artikel. Es gibt einen Laden in Gra\u00e7a und einen in Baixa.&nbsp;<em><span style=\"text-decoration: underline;\"><b>Adresse: <\/b> Loja PortugueZa da Gra\u00e7a: Rua da Gra\u00e7a 107, Lissabon;&nbsp;Loja PortugueZa da Baixa:&nbsp;Rua dos Fanqueiros 32, Lissabon<\/span><\/em><\/span><\/li>\n<\/ul>\n<p><span><img loading=\"lazy\" decoding=\"async\" alt=\"Mehr Ideen in Lissabon in Portugal\" data-id=\"6836\" width=\"1080\" data-init-width=\"1200\" height=\"721\" data-init-height=\"801\" title=\"Mehr Ideen in Lissabon in Portugal\" src=\"https:\/\/lisbontouristinformation.com\/de\/wp-content\/uploads\/2022\/06\/More-Ideas-in-Lisbon-in-Portugal-1.jpg\" data-width=\"1080\" data-height=\"721\" style=\"aspect-ratio: auto 1200 \/ 801;\"><\/span><\/p>\n<h2 style=\"text-align: center;\" id=\"t-1653382940190\">Mehr Ideen<\/h2>\n<p style=\"text-align: center;\">Was kann ich sonst noch in Lissabon unternehmen?<\/p>\n<h3 style=\"\" id=\"t-1653382940201\"><span data-attr-css=\"tve-u-173517fc1dc\" data-attr-link=\"1\" data-attr-rel=\"0\" data-attr-target=\"0\" data-option-inline=\"1\" data-shortcode=\"tcb_post_title\" data-shortcode-name=\"Post title\" data-attr-static-link=\"{&quot;className&quot;:&quot;&quot;,&quot;href&quot;:&quot;https:\/\/lisbontouristinformation.com\/de\/planen\/sintra-lissabon\/&quot;,&quot;title&quot;:&quot;Guide f\u00fcr Sintra: Anreise von Lissabon nach Sintra &amp; Sehensw\u00fcrdigkeiten&quot;,&quot;data-css&quot;:&quot;tve-u-173517fc1dc&quot;,&quot;class&quot;:&quot;&quot;}\"><a href=\"https:\/\/lisbontouristinformation.com\/de\/planen\/sintra-lissabon\/\" title=\"Guide f\u00fcr Sintra: Anreise von Lissabon nach Sintra &amp; Sehensw\u00fcrdigkeiten\">Guide f\u00fcr Sintra: Anreise von Lissabon nach Sintra &amp; Sehensw\u00fcrdigkeiten<\/a><\/span><\/h3>\n<p><a href=\"https:\/\/lisbontouristinformation.com\/de\/planen\/sintra-lissabon\/\" style=\"\"><span style=\"\"><span style=\"\">Weiterlesen<\/span><\/span><\/a><\/p>\n<h3 style=\"\" id=\"t-1653382940201\"><span data-attr-css=\"tve-u-173517fc1dc\" data-attr-link=\"1\" data-attr-rel=\"0\" data-attr-target=\"0\" data-option-inline=\"1\" data-shortcode=\"tcb_post_title\" data-shortcode-name=\"Post title\" data-attr-static-link=\"{&quot;className&quot;:&quot;&quot;,&quot;href&quot;:&quot;https:\/\/lisbontouristinformation.com\/de\/planen\/sintra-lissabon\/&quot;,&quot;title&quot;:&quot;Guide f\u00fcr Sintra: Anreise von Lissabon nach Sintra &amp; Sehensw\u00fcrdigkeiten&quot;,&quot;data-css&quot;:&quot;tve-u-173517fc1dc&quot;,&quot;class&quot;:&quot;&quot;}\"><a href=\"https:\/\/lisbontouristinformation.com\/de\/sehenswurdigkeiten-in-lissabon\/lissabon-mit-kindern\/\" title=\"Lissabon mit Kindern: 15 tolle Aktivit\u00e4ten\">Lissabon mit Kindern: 15 tolle Aktivit\u00e4ten<\/a><\/span><\/h3>\n<p><a href=\"https:\/\/lisbontouristinformation.com\/de\/sehenswurdigkeiten-in-lissabon\/lissabon-mit-kindern\/\" style=\"\"><span style=\"\"><span style=\"\">Weiterlesen<\/span><\/span><\/a><\/p>\n<h3 style=\"\" id=\"t-1653382940201\"><span data-attr-css=\"tve-u-173517fc1dc\" data-attr-link=\"1\" data-attr-rel=\"0\" data-attr-target=\"0\" data-option-inline=\"1\" data-shortcode=\"tcb_post_title\" data-shortcode-name=\"Post title\" data-attr-static-link=\"{&quot;className&quot;:&quot;&quot;,&quot;href&quot;:&quot;https:\/\/lisbontouristinformation.com\/de\/planen\/sintra-lissabon\/&quot;,&quot;title&quot;:&quot;Guide f\u00fcr Sintra: Anreise von Lissabon nach Sintra &amp; Sehensw\u00fcrdigkeiten&quot;,&quot;data-css&quot;:&quot;tve-u-173517fc1dc&quot;,&quot;class&quot;:&quot;&quot;}\"><a href=\"https:\/\/lisbontouristinformation.com\/de\/sehenswurdigkeiten-in-lissabon\/\" title=\"50 besten Sehensw\u00fcrdigkeiten in Lissabon\">50 besten Sehensw\u00fcrdigkeiten in Lissabon<\/a><\/span><\/h3>\n<p><a href=\"https:\/\/lisbontouristinformation.com\/de\/sehenswurdigkeiten-in-lissabon\/\" style=\"\"><span style=\"\"><span style=\"\">Weiterlesen<\/span><\/span><\/a><a href=\"javascript:void(0)\" style=\"\"><span style=\"\"><span style=\"\">Load More<\/span><\/span><\/a><\/p>\n<p style=\"text-align: center;\">FAQ-Shopping In Lissabon<\/p>\n<p>__CONFIG_Gruppe_bearbeiten__{}__CONFIG_Gruppe_bearbeiten__<\/p>\n","protected":false},"excerpt":{"rendered":"<p>Guide f\u00fcr Shopping in Lissabon: Was und wo kaufen? Neugierig, was und wo man in Lissabon einkaufen kann?&nbsp;Bei uns sind Sie genau richtig! Lesen Sie unseren ultimativen Shopping-Guide mit den besten Einkaufsstra\u00dfen, Boutiquen, Vierteln, Einkaufszentren und M\u00e4rkten in Lissabon! Shopping-Tipps f\u00fcr Lissabon Portugals farbenfrohe Hauptstadt ist ein ausgezeichneter Ort zum Shoppen. Egal, ob Sie nach [&hellip;]<\/p>\n","protected":false},"author":18,"featured_media":6033,"parent":595,"menu_order":0,"comment_status":"open","ping_status":"closed","template":"","meta":{"footnotes":""},"tags":[20],"class_list":["post-597","page","type-page","status-publish","has-post-thumbnail","hentry","tag-shopping","post-wrapper","thrv_wrapper"],"_links":{"self":[{"href":"https:\/\/lisbontouristinformation.com\/de\/wp-json\/wp\/v2\/pages\/597","targetHints":{"allow":["GET"]}}],"collection":[{"href":"https:\/\/lisbontouristinformation.com\/de\/wp-json\/wp\/v2\/pages"}],"about":[{"href":"https:\/\/lisbontouristinformation.com\/de\/wp-json\/wp\/v2\/types\/page"}],"author":[{"embeddable":true,"href":"https:\/\/lisbontouristinformation.com\/de\/wp-json\/wp\/v2\/users\/18"}],"replies":[{"embeddable":true,"href":"https:\/\/lisbontouristinformation.com\/de\/wp-json\/wp\/v2\/comments?post=597"}],"version-history":[{"count":0,"href":"https:\/\/lisbontouristinformation.com\/de\/wp-json\/wp\/v2\/pages\/597\/revisions"}],"up":[{"embeddable":true,"href":"https:\/\/lisbontouristinformation.com\/de\/wp-json\/wp\/v2\/pages\/595"}],"wp:featuredmedia":[{"embeddable":true,"href":"https:\/\/lisbontouristinformation.com\/de\/wp-json\/wp\/v2\/media\/6033"}],"wp:attachment":[{"href":"https:\/\/lisbontouristinformation.com\/de\/wp-json\/wp\/v2\/media?parent=597"}],"wp:term":[{"taxonomy":"post_tag","embeddable":true,"href":"https:\/\/lisbontouristinformation.com\/de\/wp-json\/wp\/v2\/tags?post=597"}],"curies":[{"name":"wp","href":"https:\/\/api.w.org\/{rel}","templated":true}]}}