{"id":586,"date":"2020-06-11T14:25:05","date_gmt":"2020-06-11T13:25:05","guid":{"rendered":"https:\/\/lisbontouristinformation.com\/de\/?page_id=586"},"modified":"2024-05-19T15:25:40","modified_gmt":"2024-05-19T14:25:40","slug":"museum","status":"publish","type":"page","link":"https:\/\/lisbontouristinformation.com\/de\/sehenswurdigkeiten-in-lissabon\/museum\/","title":{"rendered":"10 besten Museen in Lissabon [mit Tickets]"},"content":{"rendered":"<p><strong><span style=\"font-size: 20px !important;\">Lissabon ist f\u00fcr seine&nbsp;<strong><span>hervorragende K\u00fcche, seine<\/span><\/strong> malerischen Aussichten, und sein ausgelassenes Nachtleben bekannt. <\/span><\/strong><\/p>\n<p>Aber die geschichtstr\u00e4chtige Stadt hat weitaus mehr zu bieten, wie etwa eine beeindruckende Auswahl an Museen und Kulturst\u00e4tten. Trotz seiner relativ kleinen Fl\u00e4che wartet die&nbsp;portugiesische Hauptstadt mit&nbsp;<strong>mehr als f\u00fcnfzig Museen und Ausstellungsh\u00e4usern auf. <\/strong><\/p>\n<p>Um Ihnen die Auswahl zu erleichtern, haben wir daher <strong>eine Liste der 10 besten Museen in Lissabon <\/strong>zusammengestellt, inklusive empfohlener <strong>Tickets<\/strong>.<\/p>\n<p>Lassen Sie uns loslegen!<\/p>\n<p style=\"\"><strong>Weitere empfohlene Beitr\u00e4ge:<\/strong><a data-lt-tmp-id=\"lt-124271\" href=\"https:\/\/lisbontouristinformation.com\/de\/beste-sim-karte-in-portugal-fur-touristen\/\" spellcheck=\"false\" style=\"outline: none;\">50 besten Sehensw\u00fcrdigkeiten in Lissabon<\/a><\/p>\n<p style=\"\"><a href=\"https:\/\/lisbontouristinformation.com\/de\/anreise\/lissabon-oeffentliche-verkehrsmittel\/\" style=\"outline: none;\">\u00d6ffentlicher Verkehr in Lissabon<\/a><a href=\"https:\/\/lisbontouristinformation.com\/de\/hotels-lissabon\/\" style=\"outline: none;\">Empfohlene Hotels in Lissabon<\/a><a href=\"https:\/\/lisbontouristinformation.com\/de\/sehenswurdigkeiten-in-lissabon\/lissabon-mit-kindern\/\" style=\"outline: none;\">Aktivit\u00e4ten f\u00fcr Kinder<\/a><a href=\"https:\/\/lisbontouristinformation.com\/de\/lifestyle\/restaurants-in-lissabon\/\" style=\"outline: none;\">Top-Restaurants in Lissabon<\/a><a href=\"https:\/\/lisbontouristinformation.com\/de\/lifestyle\/shopping-lissabon\/\" style=\"outline: none;\">Einkaufen in Lissabon<\/a><\/p>\n<h2 id=\"t-1654172327162\" style=\"\"><strong>1. Museu do Oriente<\/strong><\/h2>\n<p> [tcb-script async=&#8220;&#8220; src=&#8220;\/\/www.instagram.com\/embed.js&#8220;][\/tcb-script]<\/p>\n<p>Im Museu do Oriente k\u00f6nnen Sie entlang Portugals einstmals beherrschten Handelswegen reisen und entdecken. Eine Sammlung von Kunstwerken, Karten und Artefakten veranschaulicht den Einfluss des Landes in Asien und die daraus resultierenden Beziehungen und Entwicklungen, die in den ehemaligen Kolonien stattfanden.&nbsp;<\/p>\n<p>Genie\u00dfen Sie die umfangreiche Sammlung von Exponaten und Materialien und achten Sie auf den Veranstaltungskalender des Museums. Dar\u00fcber hinaus bietet das Orientmuseum Kurse und Workshops an, z. B. Blumenbinden, Tanzvorf\u00fchrungen, Koch- und Kunstkurse, die den Besuchern diese vielf\u00e4ltigen und alten Kulturen n\u00e4her bringen. &nbsp;<\/p>\n<ul>\n<li><strong>Adresse:<\/strong> Doca de Alc\u00e2ntara Norte, Av. Brasilien<\/li>\n<li><strong>Tipp:<\/strong> Der Besuch dieses Museums eignet sich hervorragend f\u00fcr ein Date mit Ihrer besseren H\u00e4lfte. Vorschl\u00e4ge f\u00fcr&nbsp;<a href=\"https:\/\/lisbontouristinformation.com\/de\/hotels-lissabon\/romantische-hotels-lissabon\/\" style=\"outline: none;\">Lissabons romantischsten Hotels<\/a>&nbsp;finden Sie in unserem entsprechenden Beitrag.&nbsp;<\/li>\n<\/ul>\n<h2 id=\"t-1654172327163\"><strong>2. Museu Cole\u00e7\u00e3o Berardo<\/strong>&nbsp; &nbsp; &nbsp; &nbsp; &nbsp; &nbsp; &nbsp; &nbsp; &nbsp; &nbsp; &nbsp; &nbsp;<\/h2>\n<p> [tcb-script async=&#8220;&#8220; src=&#8220;\/\/www.instagram.com\/embed.js&#8220;][\/tcb-script]<\/p>\n<p>Das Museu Cole\u00e7\u00e3o Berardo befindet sich im Kulturzentrum von Bel\u00e9m (Centro Cultural de Bel\u00e9m)&nbsp;und zeigt zeitgen\u00f6ssische und moderne Kunst.&nbsp;Die umfangreiche Sammlung von Gem\u00e4lden und Installationen aus den Bereichen Surrealismus, Pop Art und Abstraktion wurde von dem wohlhabenden portugiesischen Gesch\u00e4ftsmann Joe Berardo gestiftet. <\/p>\n<p>Seine erstklassige Sammlung umfasst Werke von Warhol, Mir\u00f3, Pollock, Picasso, Dali und vielen anderen modernen K\u00fcnstlern. Der Eintritt in das Museum an Samstagen ist kostenlos.<\/p>\n<ul>\n<li><strong>Adresse:<\/strong> Pra\u00e7a do Imp\u00e9rio<\/li>\n<li><strong>Tipp: <\/strong>Das CCB ist einer unserer Top-Vorschl\u00e4ge f\u00fcr&nbsp;<a href=\"https:\/\/lisbontouristinformation.com\/de\/sehenswurdigkeiten\/lissabon-bei-regen\/\" style=\"outline: none;\" data-lt-tmp-id=\"lt-127607\" spellcheck=\"false\">Aktivit\u00e4ten an Regentagen in Lissabon<\/a>. Diese kommen zwar selten vor, aber man sollte sich dennoch darauf vorbereiten.<\/li>\n<\/ul>\n<h2 id=\"t-1654172327164\"><strong>3.&nbsp;<\/strong><strong>Museu Nacional do Azulejo&nbsp;<\/strong><\/h2>\n<p> [tcb-script async=&#8220;&#8220; src=&#8220;\/\/www.instagram.com\/embed.js&#8220;][\/tcb-script]<\/p>\n<p>Beginnend mit dem 15. Jahrhundert zeigt das Nationale Fliesenmuseum die Entwicklung der Kunst und des Stils der portugiesischen Fliesen in den folgenden sechs Jahrhunderten. Die <em>Azulejos<\/em> sind mit der portugiesischen Geschichte eng verbunden, wobei sie den Wandel der Kultur, Trends und ausl\u00e4ndische Einfl\u00fcsse widerspiegeln.&nbsp;Das im ehemaligen Kloster <em>Madre de Deus<\/em> untergebrachte Geb\u00e4ude bietet viele interessante Details, die es zu erkunden gilt, insbesondere die manuelinische Baukunst.&nbsp;<\/p>\n<p>Zu den beliebtesten Ausstellungsst\u00fccken geh\u00f6ren das Wandgem\u00e4lde, das Lissabon vor seiner Zerst\u00f6rung durch das Erdbeben von 1755 zeigt, und das astronomische Instrument, das auf der Flagge des Landes abgebildet ist. Beim Verlassen des Museums empfiehlt es sich, im Souvenirladen eine Fliese als Andenken an Lissabon zu kaufen. &nbsp;<\/p>\n<ul>\n<li><strong>Adresse:<\/strong>&nbsp;R. Me.&nbsp;Deus 4<\/li>\n<li><strong>Tipp<\/strong>: Mit der&nbsp;<a data-lt-tmp-id=\"lt-160683\" href=\"https:\/\/www.headout.com\/r\/most-amazing-placesrecommends-DDFHB\/\" rel=\"nofollow noopener\" spellcheck=\"false\" target=\"_blank\">Lisboa Card&nbsp;<\/a>erhalten Sie freien Eintritt in dieses Museum und vielen weiteren Sehensw\u00fcrdigkeiten in Lissabon.<\/li>\n<\/ul>\n<h3>Beliebte Tickets:<\/h3>\n<ul>\n<li><a data-lt-tmp-id=\"lt-920188\" href=\"https:\/\/www.headout.com\/r\/most-amazing-placesrecommends-JHuxs\/\" rel=\"nofollow noopener\" spellcheck=\"false\" target=\"_blank\" style=\"outline: none;\">Tickets f\u00fcr das Nationale Kachelmuseum (Museu Nacional do Azulejo)<\/a><\/li>\n<li><a data-lt-tmp-id=\"lt-714302\" href=\"https:\/\/gyg.me\/szbNGafp\" rel=\"nofollow noopener\" spellcheck=\"false\" target=\"_blank\" style=\"outline: none;\">E-Tickets f\u00fcr das Nationale Kachelmuseum mit Audioguide<\/a><\/li>\n<li><a data-lt-tmp-id=\"lt-687088\" href=\"https:\/\/www.headout.com\/r\/most-amazing-placesrecommends-DDFHB\/\" rel=\"nofollow noopener\" spellcheck=\"false\" target=\"_blank\" style=\"outline: none;\">Lisboa Card: \u00dcber 50 Attraktionen + \u00f6ffentliche Verkehrsmittel<\/a>&nbsp;<em>(Empfohlen)<\/em><\/li>\n<\/ul>\n<h2 id=\"t-1654172327165\" style=\"\"><strong>4.&nbsp;<\/strong><strong>Museu Calouste Gulbenkianum<\/strong><\/h2>\n<p> [tcb-script async=&#8220;&#8220; src=&#8220;\/\/www.instagram.com\/embed.js&#8220;][\/tcb-script]<\/p>\n<p>Die&nbsp;enorme Kunstsammlung<strong>&nbsp;<\/strong>des&nbsp;Museu Calouste Gulbenkian&nbsp;umfasst Kulturen aus der ganzen Welt. Einst im Besitz des wohlhabenden Philanthropen Calouste Gulbenkian, sind die&nbsp;mehr als 6000 Gem\u00e4lde, Skulpturen, M\u00fcnzen, Kacheln und dekorativen Gegenst\u00e4nde<strong>&nbsp;<\/strong>heute f\u00fcr die \u00d6ffentlichkeit zug\u00e4nglich.<\/p>\n<p>Da sich Gulbenkian besonders f\u00fcr die islamische Kunst interessierte, finden Sie hier eine sch\u00f6ne Sammlung, die die Talente und F\u00e4higkeiten von K\u00fcnstlern aus diesem Milieu zeigt. Zwar deckt das Calouste-Gulbenkian-Museum alle Kulturen und Epochen ab, doch ist es die moderne Sammlung portugiesischer K\u00fcnstler, die die portugiesische Gesellschaft und Geschichte ehrt. Nach dem Besuch des Museums sollten Sie einen Spaziergang durch die Gulbenkian-G\u00e4rten machen und sich an den Gr\u00fcnanlagen und dem kleinen See erfreuen.&nbsp;<\/p>\n<ul>\n<li><strong>Adresse:<\/strong> Av. de Berna 45A<\/li>\n<li><strong>Tipp<\/strong>: Nicht weit vom Museum entfernt befinden sich viele der&nbsp;<a href=\"https:\/\/lisbontouristinformation.com\/de\/hotels-lissabon\/gruppenhotels\/\" style=\"outline: none;\" data-lt-tmp-id=\"lt-971019\" spellcheck=\"false\">besten Hotels Lissabons f\u00fcr Veranstaltungen und Gruppenbuchungen<\/a>.&nbsp;Sehen Sie sich unbedingt unsere Empfehlungen f\u00fcr Unterk\u00fcnfte an oder wenden Sie sich an unsere&nbsp;<a href=\"https:\/\/lisbontouristinformation.com\/de\/gruppenreisen-lissabon\/\" style=\"outline: none;\" data-lt-tmp-id=\"lt-980013\" spellcheck=\"false\">MICE-Abteilung, um Erm\u00e4\u00dfigungen f\u00fcr Gruppenhotels zu erhalten.<\/a><\/li>\n<\/ul>\n<h3>Beliebte Tickets:<\/h3>\n<ul>\n<li><a href=\"https:\/\/gyg.me\/JIuQ7avH\" target=\"_blank\" rel=\"nofollow noopener\" style=\"outline: none;\">Eintrittskarte f\u00fcr das Calouste Gulbenkian Museum<\/a><\/li>\n<li><a href=\"https:\/\/www.headout.com\/r\/most-amazing-placesrecommends-DxFf1\/\" target=\"_blank\" rel=\"nofollow noopener\" style=\"outline: none;\">Kombiticket: Calouste Gulbenkian Museum + World of Banksy Immersive Art<\/a><\/li>\n<li><a href=\"https:\/\/www.headout.com\/r\/most-amazing-placesrecommends-Dxb4t\/\" target=\"_blank\" rel=\"nofollow noopener\">Kombiticket: Calouste Gulbenkian Museum + Pena Palast<\/a><\/li>\n<\/ul>\n<h2 id=\"t-1654172327166\" style=\"\"><strong>5. MAAT Museum (Museum f\u00fcr Kunst, Architektur, Technik)<\/strong><\/h2>\n<p> [tcb-script async=&#8220;&#8220; src=&#8220;\/\/www.instagram.com\/embed.js&#8220;][\/tcb-script]<\/p>\n<p>Die Architektur und das Design des MAAT-Geb\u00e4udes sind wohl ebenso innovativ wie die Ausstellungsst\u00fccke im Inneren. Das am Flussufer im Bel\u00e9m-Viertel gelegene wei\u00dfe, schlichte, mit Kacheln bedeckte Museum sieht aus wie eine Welle, die sanft in das imposante, aus Backstein errichtete Kraftwerk aus dem 20. Jahrhundert nebenan \u00fcbergeht.<\/p>\n<p>Der Kontrast zwischen den beiden Bauwerken verdeutlicht den Fortschritt und die Entwicklung, die nicht nur in Portugal, sondern in der gesamten Menschheit stattgefunden haben. Die wechselnden Ausstellungen im Inneren vereinen visuelle Kunst mit Technologie und sollen Diskussionen, kritisches Denken und Vorstellungskraft anregen und Besucher\/innen aller Altersgruppen ansprechen. F\u00fcr ein unvergessliches Erlebnis sollten Sie bei Sonnenuntergang auf die Dachterrasse gehen. <\/p>\n<ul>\n<li><strong>Adresse:<\/strong> Av. Brasilien<\/li>\n<li><strong>Tickets:<a href=\"https:\/\/gyg.me\/Mzejp9yj\" rel=\"nofollow noopener\" target=\"_blank\" style=\"outline: none;\">&nbsp;MAAT Galerie und MAAT Central Eintrittskarten<\/a><\/strong><\/li>\n<li>Das gute Wetter in Lissabon macht die Stadt zu einem idealen Ort, um Getr\u00e4nke auf Terrassen und im Freien zu genie\u00dfen. Sehen Sie sich unsere Liste der&nbsp;<a href=\"https:\/\/lisbontouristinformation.com\/de\/lifestyle\/restaurants-in-lissabon\/rooftop-bar-lissabon\/\" style=\"outline: none;\" data-lt-tmp-id=\"lt-886537\" spellcheck=\"false\">12 besten Rooftops in Lissabon<\/a>.<\/li>\n<\/ul>\n<h2 id=\"t-1654172327167\" style=\"\"><strong>6. Fado-Museum<\/strong><\/h2>\n<p> [tcb-script async=&#8220;&#8220; src=&#8220;\/\/www.instagram.com\/embed.js&#8220;][\/tcb-script]<\/p>\n<p>Fado ist die ber\u00fchmte Musik Portugals, die Geschichten \u00fcber Tradition, Vergangenheit und nat\u00fcrlich, Herzschmerz erz\u00e4hlt.&nbsp;Im Fado-Museum erfahren Sie, wie die Musik Gef\u00fchle von Melancholie, Leidenschaft und Saudade hervorruft &#8211; das Gef\u00fchl, etwas zu vermissen, das nicht mehr existiert.<\/p>\n<p>Die Exponate sind eine Zusammenstellung von audiovisuellen Vorf\u00fchrungen, Musikinstrumenten, Musikarchiven, Fotos und Filmen und stellen die S\u00e4nger und Komponisten vor, die Generationen von Fado-Musikern gepr\u00e4gt haben. Im Museumscaf\u00e9 finden h\u00e4ufig Live-Vorf\u00fchrungen statt. Wenn Sie das Museum an einem Wochenende besuchen, haben Sie vielleicht das Gl\u00fcck, eine Vorstellung zu erleben.<\/p>\n<ul>\n<li><strong>Adresse:<\/strong> Alfama, Largo do Chafariz de Dentro 1<\/li>\n<\/ul>\n<h3>Beliebte Tickets f\u00fcr Fado Shows:<\/h3>\n<ul>\n<li><a data-lt-tmp-id=\"lt-460597\" href=\"https:\/\/www.headout.com\/r\/most-amazing-placesrecommends-JJaGT\/\" rel=\"nofollow noopener\" spellcheck=\"false\" target=\"_blank\" style=\"outline: none;\">Tickets f\u00fcr die Fado Show &#8222;Fado in Chiado&#8220;<\/a><\/li>\n<li><a href=\"https:\/\/www.headout.com\/r\/most-amazing-placesrecommends-JK6Gb\/\" rel=\"nofollow noopener\" target=\"_blank\" style=\"outline: none;\">Kombiticket: Fado in Chiado + Jer\u00f3nimos-Kloster + Tickets f\u00fcr den Bel\u00e9m-Turm<\/a>&nbsp;<em>(Empfohlen)<\/em><\/li>\n<li><a data-lt-tmp-id=\"lt-177787\" href=\"https:\/\/gyg.me\/swyoYH3r\" rel=\"nofollow noopener\" spellcheck=\"false\" target=\"_blank\" style=\"outline: none;\">Alfama-Tour und Live-Fado mit traditionellem Abendessen<\/a>&nbsp;<\/li>\n<li><a data-lt-tmp-id=\"lt-908662\" href=\"https:\/\/gyg.me\/yMd4Zv0g\" rel=\"nofollow noopener\" spellcheck=\"false\" target=\"_blank\" style=\"outline: none;\">Intime Live-Fado-Abend-Musikshow mit Portwein<\/a><\/li>\n<\/ul>\n<h2 id=\"t-1654172327168\" style=\"\"><strong>7. Nationalmuseum f\u00fcr antike Kunst (MNAA)<\/strong><\/h2>\n<p> [tcb-script async=&#8220;&#8220; src=&#8220;\/\/www.instagram.com\/embed.js&#8220;][\/tcb-script]<\/p>\n<p>Betreten Sie den bemerkenswerten ehemaligen Palast aus dem 17. Jahrhundert, in dem sich das <em>Museu Nacional de Arte Antiga, <\/em>das <strong>Nationalmuseum f\u00fcr antike Kunst<\/strong> befindet. Hier k\u00f6nnen Sie die Sch\u00e4tze, die Portugals Vergangenheit ausmachen, erkunden und bestaunen.&nbsp;Objekte vom Mittelalter bis ins 19. Jahrhundert zeigen die globale Reichweite des Landes und den Reichtum, der in Kunst erworben und investiert wurde. <\/p>\n<p>Das Museum ist so gro\u00df, dass es schwer ist, es an einem Tag vollst\u00e4ndig zu besichtigen.&nbsp;W\u00e4hrend Ihres Besuchs sollten Sie sich nicht das Altarbild des Heiligen Vinzenz von Nuno Gon\u00e7alves aus dem 15. Jahrhundert oder das &#8222;Wunder des Heiligen Eusebius von Cremona&#8220; von Raffael entgehen lassen.&nbsp;Nach dem Besuch des Museums k\u00f6nnen Sie im Garten entspannen, der mit einem Caf\u00e9 und einem Blick auf den Fluss auf Sie wartet. &nbsp; &nbsp; &nbsp; &nbsp; &nbsp; &nbsp; &nbsp; &nbsp; &nbsp; &nbsp; &nbsp; &nbsp; &nbsp; &nbsp; &nbsp; &nbsp; &nbsp; &nbsp; &nbsp; &nbsp; &nbsp; &nbsp; &nbsp; &nbsp; &nbsp; &nbsp;&nbsp;<\/p>\n<ul>\n<li><strong>Adresse:<\/strong> R. das Janelas Verdes<\/li>\n<\/ul>\n<h3>Beliebte Tickets:<\/h3>\n<ul>\n<li><a href=\"https:\/\/gyg.me\/J4EgaqvC\" target=\"_blank\" rel=\"nofollow noopener\" style=\"outline: none;\">E-Ticket f\u00fcr das Nationale Museum f\u00fcr Antike Kunst<\/a><\/li>\n<li><a href=\"https:\/\/www.headout.com\/r\/most-amazing-placesrecommends-E031z\/\" target=\"_blank\" rel=\"nofollow noopener\" style=\"outline: none;\">Eintrittskarten f\u00fcr das Nationalmuseum f\u00fcr Antike Kunst mit optionaler Lissabon-Karte<\/a><\/li>\n<\/ul>\n<h2 id=\"t-1716124691946\"><strong>8. Nationalmuseum f\u00fcr zeitgen\u00f6ssische Kunst<\/strong>&nbsp;<\/h2>\n<p>F\u00fcr Kunstliebhaber ist das in einem ehemaligen Kloster untergebrachte Nationale Museum f\u00fcr zeitgen\u00f6ssische Kunst (MNAC) ein Muss. Das Museum konzentriert sich auf die zeitgen\u00f6ssischen Genres, vom Naturalismus \u00fcber den Symbolismus und die Romantik bis hin zum Modernismus, und&nbsp;hebt die Leistungen portugiesischer und ausl\u00e4ndischer K\u00fcnstler hervor. &nbsp; &nbsp; &nbsp; &nbsp; &nbsp;&nbsp;<\/p>\n<ul>\n<li><strong>Adresse:<\/strong>&nbsp;&nbsp;R. Serpa Pinto 4<\/li>\n<li><a data-lt-tmp-id=\"lt-221948\" href=\"https:\/\/www.headout.com\/r\/most-amazing-placesrecommends-E1g0D\/\" rel=\"nofollow noopener\" spellcheck=\"false\" target=\"_blank\" style=\"outline: none;\">Kaufen Sie Ihr&nbsp;<strong>Ticket f\u00fcr das Nationale Museum f\u00fcr zeitgen\u00f6ssische Kunst&nbsp;<\/strong>hier!<\/a><\/li>\n<\/ul>\n<h2 id=\"t-1654172327169\" style=\"\"><strong>9. <strong>Museu Nacional dos Coches<\/strong><\/strong><\/h2>\n<p> [tcb-script async=&#8220;&#8220; src=&#8220;\/\/www.instagram.com\/embed.js&#8220;][\/tcb-script]<\/p>\n<p>Die im Nationalen Kutschenmuseum (Museu Nacional dos Coches) ausgestellte Sammlung zeigt Pferdekutschen aus der ganzen Welt. Diese Kutschen sind mehr als nur ein Transportmittel aus einer vergangenen Zeit, sie sind wahre Kunstwerke. Das Nationale Kutschenmuseum, das in einer ehemaligen Reitschule untergebracht ist, besitzt eine der weltweit umfangreichsten und bedeutendsten Sammlungen. <\/p>\n<p>Viele der Kutschen im Museum geh\u00f6rten einst entweder K\u00f6nigen oder hochrangigen religi\u00f6sen Pers\u00f6nlichkeiten. Sie reichen vom 16. bis zum 19. Jahrhundert und zeugen von den Entwicklungen im Transportwesen vor der Erfindung des Automobils. <\/p>\n<ul>\n<li><strong>Adresse:<\/strong> Av. von Indien 136<\/li>\n<li><a href=\"https:\/\/www.tiqets.com\/de\/lissabon-sehenswuerdigkeiten-c76528\/tickets-fur-national-coach-museum-p1031614?partner=most_amazing_places&amp;tq_campaign=LisbonTouristInformation\" target=\"_blank\" rel=\"nofollow noopener\" style=\"outline: none;\" data-lt-tmp-id=\"lt-302949\" spellcheck=\"false\">Buchen Sie Ihr <strong>Eintrittstickets f\u00fcr das Nationale Kutschenmuseum<\/strong> hier!<\/a><\/li>\n<\/ul>\n<h2 id=\"t-1716124691947\"><strong>10. Marionettenmuseum&nbsp;<\/strong><\/h2>\n<p>Das Marionettenmuseum (Museu da Marioneta) ist keine gew\u00f6hnliche Attraktion, sondern beherbergt fast 1000 Marionetten aus der ganzen Welt, die mehrere Jahrhunderte der Handwerkskunst repr\u00e4sentieren. Machen Sie sich bereit, eine Fantasiereise zu machen, denn hier treffen Fantasie und Realit\u00e4t aufeinander.&nbsp;<\/p>\n<p>Unter einem Dach k\u00f6nnen Sie Puppen betrachten, die Tiere, literarische Figuren und legend\u00e4re Kreaturen darstellen. Genauso interessant ist das Museumsgeb\u00e4ude selbst, ein ehemaliges Kloster, das als Puppentheater in einer Kapelle eingerichtet wurde.<\/p>\n<ul>\n<li><strong>Adresse:<\/strong>&nbsp;Rua da Esperan\u00e7a 146<\/li>\n<li><strong>Tipp<\/strong>: Bringen Sie Ihre Kinder ins Museum oder sehen Sie sich unsere anderen Vorschl\u00e4ge der&nbsp;<a href=\"https:\/\/lisbontouristinformation.com\/de\/sehenswurdigkeiten\/lissabon-mit-kindern\/\">15 besten Aktivit\u00e4ten f\u00fcr Kinder in Lissabon an.<\/a><\/li>\n<\/ul>\n<p>Wir hoffen, dass diese Liste hilfreich bei der Planung Ihrer Reise nach Lissabon war. Schauen Sie sich auch unseren Guide&nbsp;<a href=\"https:\/\/lisbontouristinformation.com\/de\/planen\/lissabon-in-3-tagen\/\" style=\"outline: none;\" data-lt-tmp-id=\"lt-178595\" spellcheck=\"false\">3 Tage in Lissabon<\/a>, unseren Reisef\u00fchrer zu&nbsp;<a href=\"https:\/\/lisbontouristinformation.com\/de\/planen\/stadtteile-von-lissabon\/\">den Vierteln&nbsp;Lissabons<\/a> und unseren&nbsp;<a href=\"https:\/\/lisbontouristinformation.com\/de\/lifestyle\/\" style=\"outline: none;\" data-lt-tmp-id=\"lt-310915\" spellcheck=\"false\">Lissabon-Lifestyle-Guide<\/a>&nbsp;an.&nbsp;<\/p>\n<p><strong>\u2192 Wir k\u00f6nnen auch bei <a href=\"https:\/\/lisbontouristinformation.com\/de\/gruppenreisen-lissabon\/\" style=\"outline: none;\" data-lt-tmp-id=\"lt-149314\" spellcheck=\"false\">Veranstaltungen, Hotels, Catering und anderen Buchungen und Reservierungen in Lissabon behilflich sein<\/a>.<\/strong><\/p>\n<h2 id=\"t-1654171655544\" style=\"\" data-hide=\"true\">Lissabon Touren und Tickets<\/h2>\n<p>Entdecken Sie Lissabon noch heute mit den beliebtesten Touren und Tickets, ohne anstehen zu m\u00fcssen.<\/p>\n<h2 style=\"\" id=\"t-1638345445684\" data-hide=\"true\">Verwandte Beitr\u00e4ge:<\/h2>\n<p><a href=\"https:\/\/lisbontouristinformation.com\/de\/sehenswurdigkeiten-in-lissabon\/\" dynamic-postlink=\"tcb_post_the_permalink\" data-shortcode-id=\"67\"><\/a><\/p>\n<h3 style=\"text-align: center; padding-top: 0px !important; margin-top: 0px !important;\"><span data-attr-link=\"1\" data-attr-rel=\"0\" data-attr-target=\"0\" data-extra_key=\"\" data-option-inline=\"1\" data-shortcode=\"tcb_post_title\" data-shortcode-name=\"Post title\" data-attr-css=\"\" data-attr-static-link=\"{&quot;className&quot;:&quot;&quot;,&quot;href&quot;:&quot;https:\/\/lisbontouristinformation.com\/de\/sehenswurdigkeiten-in-lissabon\/&quot;,&quot;title&quot;:&quot;50 besten Sehensw\u00fcrdigkeiten in Lissabon ((mit Tickets))&quot;,&quot;class&quot;:&quot;&quot;}\" style=\"\"><a href=\"https:\/\/lisbontouristinformation.com\/de\/sehenswurdigkeiten-in-lissabon\/\" title=\"50 besten Sehensw\u00fcrdigkeiten in Lissabon [mit Tickets]\" data-css=\"\">50 besten Sehensw\u00fcrdigkeiten in Lissabon [mit Tickets]<\/a><\/span><\/h3>\n<p><a href=\"https:\/\/lisbontouristinformation.com\/de\/sehenswurdigkeiten-in-lissabon\/\" style=\"\"><span style=\"\"><span style=\"\">Weiterlesen<\/span><\/span><\/a><a href=\"https:\/\/lisbontouristinformation.com\/de\/bester-city-pass-fur-lissabon\/\" dynamic-postlink=\"tcb_post_the_permalink\" data-shortcode-id=\"67\"><\/a><\/p>\n<h3 style=\"text-align: center; padding-top: 0px !important; margin-top: 0px !important;\"><span data-attr-link=\"1\" data-attr-rel=\"0\" data-attr-target=\"0\" data-extra_key=\"\" data-option-inline=\"1\" data-shortcode=\"tcb_post_title\" data-shortcode-name=\"Post title\" data-attr-css=\"\" data-attr-static-link=\"{&quot;className&quot;:&quot;&quot;,&quot;href&quot;:&quot;https:\/\/lisbontouristinformation.com\/de\/sehenswurdigkeiten-in-lissabon\/&quot;,&quot;title&quot;:&quot;50 besten Sehensw\u00fcrdigkeiten in Lissabon ((mit Tickets))&quot;,&quot;class&quot;:&quot;&quot;}\" style=\"\"><a href=\"https:\/\/lisbontouristinformation.com\/de\/bester-city-pass-fur-lissabon\/\" title=\"Bester City Pass f\u00fcr Lissabon | Preise &amp; Leistungen vergleichen\" data-css=\"\">Bester City Pass f\u00fcr Lissabon | Preise &amp; Leistungen vergleichen<\/a><\/span><\/h3>\n<p><a href=\"https:\/\/lisbontouristinformation.com\/de\/bester-city-pass-fur-lissabon\/\" style=\"\"><span style=\"\"><span style=\"\">Weiterlesen<\/span><\/span><\/a><a href=\"https:\/\/lisbontouristinformation.com\/de\/sehenswurdigkeiten-in-lissabon\/lissabon-bei-regen\/\" dynamic-postlink=\"tcb_post_the_permalink\" data-shortcode-id=\"67\"><\/a><\/p>\n<h3 style=\"text-align: center; padding-top: 0px !important; margin-top: 0px !important;\"><span data-attr-link=\"1\" data-attr-rel=\"0\" data-attr-target=\"0\" data-extra_key=\"\" data-option-inline=\"1\" data-shortcode=\"tcb_post_title\" data-shortcode-name=\"Post title\" data-attr-css=\"\" data-attr-static-link=\"{&quot;className&quot;:&quot;&quot;,&quot;href&quot;:&quot;https:\/\/lisbontouristinformation.com\/de\/sehenswurdigkeiten-in-lissabon\/&quot;,&quot;title&quot;:&quot;50 besten Sehensw\u00fcrdigkeiten in Lissabon ((mit Tickets))&quot;,&quot;class&quot;:&quot;&quot;}\" style=\"\"><a href=\"https:\/\/lisbontouristinformation.com\/de\/sehenswurdigkeiten-in-lissabon\/lissabon-bei-regen\/\" title=\"Lissabon bei Regen: 15 Schlechtwetter Aktivit\u00e4ten\" data-css=\"\">Lissabon bei Regen: 15 Schlechtwetter Aktivit\u00e4ten<\/a><\/span><\/h3>\n<p><a href=\"https:\/\/lisbontouristinformation.com\/de\/sehenswurdigkeiten-in-lissabon\/lissabon-bei-regen\/\" style=\"\"><span style=\"\"><span style=\"\">Weiterlesen<\/span><\/span><\/a><a href=\"https:\/\/lisbontouristinformation.com\/de\/sehenswurdigkeiten-in-lissabon\/lissabon-mit-kindern\/\" dynamic-postlink=\"tcb_post_the_permalink\" data-shortcode-id=\"67\"><\/a><\/p>\n<h3 style=\"text-align: center; padding-top: 0px !important; margin-top: 0px !important;\"><span data-attr-link=\"1\" data-attr-rel=\"0\" data-attr-target=\"0\" data-extra_key=\"\" data-option-inline=\"1\" data-shortcode=\"tcb_post_title\" data-shortcode-name=\"Post title\" data-attr-css=\"\" data-attr-static-link=\"{&quot;className&quot;:&quot;&quot;,&quot;href&quot;:&quot;https:\/\/lisbontouristinformation.com\/de\/sehenswurdigkeiten-in-lissabon\/&quot;,&quot;title&quot;:&quot;50 besten Sehensw\u00fcrdigkeiten in Lissabon ((mit Tickets))&quot;,&quot;class&quot;:&quot;&quot;}\" style=\"\"><a href=\"https:\/\/lisbontouristinformation.com\/de\/sehenswurdigkeiten-in-lissabon\/lissabon-mit-kindern\/\" title=\"Lissabon mit Kindern: 15 tolle Aktivit\u00e4ten [mit Tickets]\" data-css=\"\">Lissabon mit Kindern: 15 tolle Aktivit\u00e4ten [mit Tickets]<\/a><\/span><\/h3>\n<p><a href=\"https:\/\/lisbontouristinformation.com\/de\/sehenswurdigkeiten-in-lissabon\/lissabon-mit-kindern\/\" style=\"\"><span style=\"\"><span style=\"\">Weiterlesen<\/span><\/span><\/a><\/p>\n","protected":false},"excerpt":{"rendered":"<p>Lissabon ist f\u00fcr seine&nbsp;hervorragende K\u00fcche, seine malerischen Aussichten, und sein ausgelassenes Nachtleben bekannt. Aber die geschichtstr\u00e4chtige Stadt hat weitaus mehr zu bieten, wie etwa eine beeindruckende Auswahl an Museen und Kulturst\u00e4tten. Trotz seiner relativ kleinen Fl\u00e4che wartet die&nbsp;portugiesische Hauptstadt mit&nbsp;mehr als f\u00fcnfzig Museen und Ausstellungsh\u00e4usern auf. Um Ihnen die Auswahl zu erleichtern, haben wir daher [&hellip;]<\/p>\n","protected":false},"author":18,"featured_media":5520,"parent":67,"menu_order":0,"comment_status":"open","ping_status":"closed","template":"","meta":{"footnotes":""},"tags":[91,88],"class_list":["post-586","page","type-page","status-publish","has-post-thumbnail","hentry","tag-museums","tag-things-to-do","post-wrapper","thrv_wrapper"],"_links":{"self":[{"href":"https:\/\/lisbontouristinformation.com\/de\/wp-json\/wp\/v2\/pages\/586","targetHints":{"allow":["GET"]}}],"collection":[{"href":"https:\/\/lisbontouristinformation.com\/de\/wp-json\/wp\/v2\/pages"}],"about":[{"href":"https:\/\/lisbontouristinformation.com\/de\/wp-json\/wp\/v2\/types\/page"}],"author":[{"embeddable":true,"href":"https:\/\/lisbontouristinformation.com\/de\/wp-json\/wp\/v2\/users\/18"}],"replies":[{"embeddable":true,"href":"https:\/\/lisbontouristinformation.com\/de\/wp-json\/wp\/v2\/comments?post=586"}],"version-history":[{"count":19,"href":"https:\/\/lisbontouristinformation.com\/de\/wp-json\/wp\/v2\/pages\/586\/revisions"}],"predecessor-version":[{"id":8925,"href":"https:\/\/lisbontouristinformation.com\/de\/wp-json\/wp\/v2\/pages\/586\/revisions\/8925"}],"up":[{"embeddable":true,"href":"https:\/\/lisbontouristinformation.com\/de\/wp-json\/wp\/v2\/pages\/67"}],"wp:featuredmedia":[{"embeddable":true,"href":"https:\/\/lisbontouristinformation.com\/de\/wp-json\/wp\/v2\/media\/5520"}],"wp:attachment":[{"href":"https:\/\/lisbontouristinformation.com\/de\/wp-json\/wp\/v2\/media?parent=586"}],"wp:term":[{"taxonomy":"post_tag","embeddable":true,"href":"https:\/\/lisbontouristinformation.com\/de\/wp-json\/wp\/v2\/tags?post=586"}],"curies":[{"name":"wp","href":"https:\/\/api.w.org\/{rel}","templated":true}]}}