{"id":5769,"date":"2022-05-25T12:43:42","date_gmt":"2022-05-25T10:43:42","guid":{"rendered":"https:\/\/lisbontouristinformation.com\/de\/?page_id=5769"},"modified":"2024-01-20T09:36:10","modified_gmt":"2024-01-20T09:36:10","slug":"lissabon-wo-uebernachten","status":"publish","type":"page","link":"https:\/\/lisbontouristinformation.com\/de\/hotels-lissabon\/lissabon-wo-uebernachten\/","title":{"rendered":"Wo \u00fcbernachten in Lissabon? 5 Viertel, die man kennen sollte"},"content":{"rendered":"<p dir=\"ltr\">Eines der gro\u00dfartigsten Merkmale der portugiesischen Hauptstadt ist, dass sie klein ist! Es gibt fast keinen Ort, den Sie nicht zu Fu\u00df erreichen k\u00f6nnen, was es zur perfekten Stadt f\u00fcr diejenigen macht, die stressfrei erkunden m\u00f6chten. W\u00e4hrend die Stadt \u00fcber sehr effektive \u00f6ffentliche Verkehrsmittel verf\u00fcgt, von den ikonischen gelben Stra\u00dfenbahnen bis hin zu einem wundersch\u00f6nen K\u00fcstenzug, m\u00fcssen sich diejenigen, die im Stadtzentrum wohnen, kaum auf sie verlassen.&nbsp;<\/p>\n<p dir=\"ltr\">Lissabon hat eine Vielzahl von sch\u00f6nen Vierteln zu bieten, in denen Sie unterschiedliche Erfahrungen machen k\u00f6nnen, und <strong>zu wissen, wo Sie \u00fcbernachten m\u00fcssen, ist der Schl\u00fcssel<\/strong> zu einem gro\u00dfartigen Urlaub.&nbsp;<\/p>\n<p dir=\"ltr\">Wir haben diesen Reisef\u00fchrer zu den f\u00fcnf besten und zentralsten Vierteln von Lissabon erstellt. Die Hotels, Sehensw\u00fcrdigkeiten und Gesch\u00e4fte hier erf\u00fcllen alle Arten von Reisenden, egal ob Sie im <a href=\"https:\/\/lisbontouristinformation.com\/de\/sehenswurdigkeiten\/lissabon-mit-kindern\/\" style=\"outline: none;\">Familienurlaub<\/a>, in den&nbsp;<a href=\"https:\/\/lisbontouristinformation.com\/de\/hotels-lissabon\/romantische-hotels-lissabon\/\" style=\"outline: none;\">Flitterwochen<\/a> oder einfach nur gesch\u00e4ftlich hier sind. Zu wissen, wie Sie Ihren Urlaubstag verbringen m\u00f6chten und was Sie sehen und zug\u00e4nglich machen m\u00f6chten, beginnt mit Ihrer Unterkunft!<\/p>\n<h2 dir=\"ltr\">1. Viertel Alfama in Lissabon<\/h2>\n<p><span><img decoding=\"async\" alt=\"Morgen in Alfama in Lissabon\" data-id=\"6464\" width=\"702\" data-init-width=\"1000\" height=\"468\" data-init-height=\"667\" title=\"Morgen in Alfama in Lissabon\" src=\"https:\/\/lisbontouristinformation.com\/de\/wp-content\/uploads\/2022\/06\/Morning-in-Alfama-in-Lisbon-1.jpg\" data-width=\"702\" data-height=\"468\" loading=\"lazy\" style=\"aspect-ratio: auto 1000 \/ 667;\"><\/span><\/p>\n<p dir=\"ltr\">Das vielleicht bekannteste Viertel von Lissabon ist das historische Alfama. Als einer der \u00e4ltesten Bezirke in ganz Europa hat Alfama Wurzeln, die bis in die R\u00f6merzeit zur\u00fcckreichen. Es wurde sp\u00e4ter von den Mauren und schlie\u00dflich von den portugiesischen Fischern um das 14. Jahrhundert besetzt. Viele bemerken, dass Alfama <strong>sich wie ein Dorf in der Hauptstadt anf\u00fchlt<\/strong>, mit seinen engen, labyrinthartigen Stra\u00dfen, farbenfrohen und malerischen H\u00e4usern, in denen die Bewohner auf der anderen Stra\u00dfenseite von ihren Fensterb\u00e4nken aus miteinander plaudern, und familiengef\u00fchrten M\u00e4rkten und Caf\u00e9s, in denen \u00e4ltere Generationen drau\u00dfen sitzen und am sp\u00e4ten Nachmittag ein Glas Wein genie\u00dfen.&nbsp;<\/p>\n<p dir=\"ltr\">Alfama bietet die besten Aussichtspunkte der Stadt, malerische Architektur,&nbsp;<a href=\"https:\/\/lisbontouristinformation.com\/de\/lifestyle\/restaurants-in-lissabon\/cafes-in-lissabon\/\" style=\"outline: none;\">Lissabons beliebteste B\u00e4ckereien und Caf\u00e9s<\/a>, Tavernen, in denen jeden Abend Fado aufgef\u00fchrt wird, und unz\u00e4hlige&nbsp;<a href=\"https:\/\/lisbontouristinformation.com\/de\/lifestyle\/shopping-lissabon\/\" style=\"outline: none;\">Souvenirl\u00e4den,<\/a> in denen Fliesen, Keramik und Stoffe verkauft werden. Wenn Sie durch die kopfsteingepflasterten und extrem h\u00fcgeligen Stra\u00dfen von Alfama schlendern, kommen Sie in Gesellschaft der <strong>gr\u00f6\u00dften Sehensw\u00fcrdigkeiten der Stadt<\/strong>, wie der&nbsp;<a href=\"https:\/\/lisbontouristinformation.com\/de\/sehenswurdigkeiten\/kathedrale-von-lissabon\/\" style=\"outline: none;\">Kathedrale von Lissabon<\/a>, dem Azulejo-Nationalmuseum, Portas do Sol und Santa Luzia Miradouros, und nicht zu vergessen, der&nbsp;<a href=\"https:\/\/lisbontouristinformation.com\/de\/sehenswurdigkeiten\/castelo-de-sao-jorge\/\" style=\"outline: none;\">Burg S\u00e3o Jorge.<\/a>&nbsp;<\/p>\n<p dir=\"ltr\">Denken Sie dar\u00fcber nach, in Alfama zu bleiben? Wir haben einen <a href=\"https:\/\/lisbontouristinformation.com\/de\/planen\/stadtteile-von-lissabon\/alfama-lissabon\/\" style=\"outline: none;\">vollst\u00e4ndigen Reisef\u00fchrer f\u00fcr Alfama<\/a>&nbsp;erstellt, um all die erstaunlichen Attraktionen zu erkunden, die die Nachbarschaft zu bieten hat.<\/p>\n<p dir=\"ltr\"><strong>\u2192<\/strong> YourMobileGuide bietet eine <a href=\"https:\/\/web.yourmobileguide.com\/tabs\/tour-page\/472\" target=\"_blank\" style=\"outline: none;\" rel=\"noopener\">selbstgef\u00fchrte Audiotour zu Fu\u00df durch Alfama<\/a> an, bei der Benutzer die wichtigsten <strong>Highlights der Nachbarschaft<\/strong> erkunden und auf einfache und unterhaltsame Weise&nbsp; etwas \u00fcber <strong>portugiesisches Essen, Geschichte, Architektur und Kultur<\/strong> erfahren k\u00f6nnen.<\/p>\n<h2 dir=\"ltr\">2. Baixa-Viertel in Lissabon<\/h2>\n<p><span><img decoding=\"async\" alt=\"\" data-id=\"6500\" width=\"702\" data-init-width=\"1000\" height=\"468\" data-init-height=\"667\" title=\"Baixa-Viertel in Lissabon Portugal - Bezirke von Lissabon\" src=\"https:\/\/lisbontouristinformation.com\/de\/wp-content\/uploads\/2022\/06\/Districts-of-Lisbon-Baixa-Neighboorhood.jpg\" data-width=\"702\" data-height=\"468\" loading=\"lazy\" style=\"aspect-ratio: auto 1000 \/ 667;\"><\/span><\/p>\n<p dir=\"ltr\">Das eigentliche <strong>Zentrum von Lissabon<\/strong> ist Baixa, das fast vollst\u00e4ndig auf den Tourismus ausgerichtet ist. Direkt durch das Herz von Baixa verl\u00e4uft die Rua Augusta, eine der <a href=\"https:\/\/lisbontouristinformation.com\/de\/lifestyle\/shopping-lissabon\/einkaufsstrassen-lissabon\/\" style=\"outline: none;\">besten Einkaufsstra\u00dfen Lissabons<\/a>, Top-Attraktionen wie der&nbsp;<a href=\"https:\/\/lisbontouristinformation.com\/de\/sehenswurdigkeiten\/elevador-de-santa-justa\/\" style=\"outline: none;\">Aufzug Santa Justa<\/a>,&nbsp;das Mode- und Designmuseum MUDE und die&nbsp;<a href=\"https:\/\/lisbontouristinformation.com\/de\/lifestyle\/restaurants-in-lissabon\/beste-restaurants-in-lissabon\/\" style=\"outline: none;\">besten Restaurants der Stadt<\/a>.<\/p>\n<p dir=\"ltr\">Am Flussufer von Baixa befindet sich <strong><a href=\"https:\/\/lisbontouristinformation.com\/de\/sehenswurdigkeiten\/praca-do-comercio\/\" style=\"outline: none;\">Pra\u00e7a do Com\u00e9rcio<\/a>,<\/strong>&nbsp;ein gro\u00dfer Platz und beliebter Treffpunkt, der fr\u00fcher der Standort des k\u00f6niglichen Schlosses war.&nbsp;Fahren Sie unter dem Rua Augusta Arch hindurch und begeben Sie sich in das bereits erw\u00e4hnte Einkaufsviertel. An der Spitze von Baixa befinden sich der <a href=\"https:\/\/lisbontouristinformation.com\/de\/sehenswurdigkeiten\/rossio-lissabon\/\" style=\"outline: none;\">Rossio-Platz und der Bahnhof<\/a>,&nbsp;ein weiterer beliebter Treffpunkt und Ausgangspunkt f\u00fcr&nbsp;<a href=\"https:\/\/lisbontouristinformation.com\/de\/planen\/sintra-lissabon\/\" style=\"outline: none;\">Tagesausfl\u00fcge nach Sintra<\/a>.<\/p>\n<p dir=\"ltr\"><strong>Die Stra\u00dfen in Baixa sind breit und flach<\/strong> und ges\u00e4umt von Architektur im Pombaline-Stil, die nach dem Erdbeben von 1755 erbaut wurde. Als Zentrum der touristischen Viertel von Lissabon richtet es sich im Allgemeinen eher an Besucher als an Einheimische. Beachten Sie, dass die Preise hier etwas h\u00f6her sein k\u00f6nnen, aber Men\u00fcs mit mehreren Sprachoptionen verf\u00fcgbar sein werden.<\/p>\n<p dir=\"ltr\">In diesem Artikel k\u00f6nnen Sie die <a href=\"https:\/\/lisbontouristinformation.com\/de\/sehenswurdigkeiten\/\" style=\"outline: none;\">50 besten Aktivit\u00e4ten in Lissabon<\/a>&nbsp;entdecken, von denen sich viele direkt hier in Baixa befinden!<\/p>\n<h2 dir=\"ltr\">3. Viertel Chiado in Lissabon<\/h2>\n<p><span><img decoding=\"async\" alt=\"\" data-id=\"6700\" width=\"702\" data-init-width=\"1000\" height=\"468\" data-init-height=\"667\" title=\"Viertel Chiado in Lissabon in Portugal - Wo in Lissabon \u00fcbernachten - Beste Nachbarschaft\" src=\"https:\/\/lisbontouristinformation.com\/de\/wp-content\/uploads\/2022\/06\/Chiado-District-in-Lisbon-in-Portugal-Where-to-stay-best-Neighbourhood.jpg\" data-width=\"702\" data-height=\"468\" loading=\"lazy\" style=\"aspect-ratio: auto 1000 \/ 667;\"><\/span><\/p>\n<p dir=\"ltr\">Steigen Sie in Baixa in den <a href=\"https:\/\/lisbontouristinformation.com\/de\/sehenswurdigkeiten\/elevador-de-santa-justa\/\" style=\"outline: none;\">Santa Justa Lift<\/a>, steigen Sie oben aus und betreten Sie das gehobene Viertel Chiado.&nbsp;Chiado bietet einige der <a href=\"https:\/\/lisbontouristinformation.com\/de\/lifestyle\/restaurants-in-lissabon\/beste-restaurants-in-lissabon\/\" style=\"outline: none;\">besten Restaurants Lissabons<\/a>,&nbsp;<a href=\"https:\/\/lisbontouristinformation.com\/de\/hotels-lissabon\/boutique-hotels\/\" style=\"outline: none;\">Boutique-Hotels<\/a> und luxuri\u00f6se Einkaufsm\u00f6glichkeiten. Hier finden Sie <strong>kleine Pl\u00e4tze, Theater und wundersch\u00f6ne historische Sehensw\u00fcrdigkeiten<\/strong> wie das Kloster Carmo.&nbsp;<\/p>\n<p dir=\"ltr\">Chiado ist ein gro\u00dfartiger Ort, um in die Fu\u00dfstapfen von Lissabons beliebtem Autor Fernando Pessoa zu treten, der vor dem <strong>ber\u00fchmten Caf\u00e9 A Brasileira in Statuenform geehrt wird. <\/strong>Machen Sie hier eine Pause, schl\u00fcrfen Sie einen Espresso oder kaufen Sie ein Buch auf dem samst\u00e4glichen Literatur-Stra\u00dfenmarkt.&nbsp;<\/p>\n<p dir=\"ltr\">Gehen Sie zum Hauptplatz Largo de Cam\u00f5es, einem gro\u00dfartigen Ort, um Leute zu beobachten, oder schauen Sie in die Biblioteca Cam\u00f5es, eine fantastische Bibliothek, die im Inneren eher wie ein Palast als eine Bibliothek aussieht. Die charmanten gelben Stra\u00dfenbahnen rumpeln durch Chiado und das Viertel hat Zugang zu den meisten <a href=\"https:\/\/lisbontouristinformation.com\/de\/arrival\/lissabon-oeffentliche-verkehrsmittel\/\" style=\"outline: none;\">\u00f6ffentlichen Verkehrsmitteln<\/a> und ist weniger als zehn Minuten zu Fu\u00df vom Flussufer entfernt. Einige der <a href=\"https:\/\/lisbontouristinformation.com\/de\/hotels-lissabon\/historische-hotels\/\" style=\"outline: none;\">besten historischen Hotels von Lissabon<\/a>&nbsp;befinden sich in und um Chiado und wenn Sie sich an unseren G\u00e4steservice wenden, k\u00f6nnen wir Ihnen helfen, die besten Angebote f\u00fcr Ihre Buchung zu finden.&nbsp;<\/p>\n<h2 dir=\"ltr\">4. Viertel Bairro Alto in Lissabon<\/h2>\n<p><span><img decoding=\"async\" alt=\"\" data-id=\"6516\" width=\"702\" data-init-width=\"1000\" height=\"468\" data-init-height=\"667\" title=\"Viertel Barrio Alto in Lissabon in Portugal\" src=\"https:\/\/lisbontouristinformation.com\/de\/wp-content\/uploads\/2022\/06\/Barrio-Alto-Neighbourhood-in-Lisbon-Portugal-20-Districts.jpg\" data-width=\"702\" data-height=\"468\" loading=\"lazy\" style=\"aspect-ratio: auto 1000 \/ 667;\"><\/span><\/p>\n<p dir=\"ltr\">Bairro Alto ist das <strong>entspannte K\u00fcnstlerviertel, das nachts<\/strong> mit einer uners\u00e4ttlichen Energie zum Leben erwacht, die bis zum Sonnenaufgang anh\u00e4lt. Wenn Sie auf der Suche nach Aufregung, Bars, Musikshows, Nachtclubs und Menschenmassen sind, die sich auf die Stra\u00dfen dr\u00e4ngen, dann sind Sie hier genau richtig.&nbsp;<\/p>\n<p dir=\"ltr\">Das <strong>mit Stra\u00dfenkunst bedeckte Viertel<\/strong> liegt neben Chiado und dem weniger touristischen Pr\u00edncipe Real. Tags\u00fcber begr\u00fc\u00dfen Boutiquen, Caf\u00e9s und Fusion-Food-Optionen die Besucher ebenso wie Sehensw\u00fcrdigkeiten wie die beeindruckende <a href=\"https:\/\/lisbontouristinformation.com\/de\/sehenswurdigkeiten\/igreja-de-sao-roque\/\" style=\"outline: none;\">Kirche S\u00e3o Roque<\/a>.&nbsp;<\/p>\n<p dir=\"ltr\">Die <strong>h\u00fcgeligen Stra\u00dfen von Bairro Alto lassen sich am besten zu Fu\u00df erkunden und sind ein Traum f\u00fcr jeden Fotografen<\/strong>.&nbsp;Atemberaubende Ausblicke bieten sich zwischen engen Gassen sowie der instagrammtauglichen, mit Graffiti bemalten Gloria-Standseilbahn. Bairro Alto ist lustig und unterhaltsam und bietet so viel f\u00fcr die Augen. Die Nachbarschaft zieht Lissabons j\u00fcngeres Publikum an, das ein bisschen shoppen oder in einem Stra\u00dfencaf\u00e9 eine kalte Sangria trinken m\u00f6chte.&nbsp;<\/p>\n<p dir=\"ltr\"><strong>\u2192 Laden Sie diese benutzerfreundliche <a href=\"https:\/\/web.yourmobileguide.com\/tabs\/tour-page\/473\" target=\"_blank\" style=\"outline: none;\" rel=\"noopener\">Audioguide-Tour durch das Stadtzentrum von Lissabon<\/a> herunter und machen Sie sich mit Bairro Alto und seinen Top-Attraktionen vertraut.<\/strong><\/p>\n<h2 dir=\"ltr\">5. Avenida da Liberdade in Lissabon<\/h2>\n<p><span><img decoding=\"async\" alt=\"\" data-id=\"6706\" width=\"702\" data-init-width=\"1000\" height=\"526\" data-init-height=\"750\" title=\"Stadtteil Avenida da Liberdade in Lissabon in Portugal\" src=\"https:\/\/lisbontouristinformation.com\/de\/wp-content\/uploads\/2022\/06\/Avenida-da-Liberdade-in-Lisbon-in-Portugal.jpg\" data-width=\"702\" data-height=\"526\" loading=\"lazy\" style=\"aspect-ratio: auto 1000 \/ 750;\"><\/span><\/p>\n<p dir=\"ltr\">Die Avenida da Liberdade ist die <strong>gr\u00f6\u00dfte Stra\u00dfe,<\/strong>&nbsp;die durch Lissabon f\u00fchrt, und sie schneidet direkt durch das Herz der Stadt, verbindet Baixa mit Pra\u00e7a Marqu\u00eas de Pombal und endet am Park Eduardo VII.&nbsp;Die mehr als Kilometer lange Stra\u00dfe ist <strong>von B\u00e4umen ges\u00e4umt<\/strong> und mit entz\u00fcckenden gr\u00fcnen pilzf\u00f6rmigen Kiosken, Statuen, Springbrunnen und den <strong>exklusivsten Namen der Mode<\/strong>&nbsp;\u00fcbers\u00e4t.<\/p>\n<p dir=\"ltr\">Die von den <a href=\"https:\/\/www.paristouristinformation.fr\/things-to-do\/avenue-des-champs-elysees\/\" target=\"_blank\" style=\"outline: none;\" rel=\"noopener\">Champs-\u00c9lys\u00e9es<\/a> inspirierte Avenida da Liberdade ist eine der <strong>wohlhabendsten Stra\u00dfen<\/strong> in ganz Europa. Neben Einzelh\u00e4ndlern wie Gucci, Versace und Cartier werden Sie eine Reihe von <a href=\"https:\/\/lisbontouristinformation.com\/de\/hotels-lissabon\/5-sterne\/\" style=\"outline: none;\">Lissabons besten 5-Sterne-Hotels<\/a>,&nbsp;<a href=\"https:\/\/lisbontouristinformation.com\/de\/lifestyle\/restaurants-in-lissabon\/rooftop-bar-lissabon\/\" style=\"outline: none;\">trendige Restaurants und Dachbars<\/a>, alte Theater und die sch\u00f6nste Jugendstilarchitektur der Stadt entdecken.&nbsp;Entlang dieses Boulevards gibt es viel zu sehen, aber achten Sie darauf, ein- oder zweimal auf Ihre F\u00fc\u00dfe zu blicken. Die breiten B\u00fcrgersteige sind mit dem ber\u00fchmten schwarz-wei\u00dfen Kopfsteinpflaster mit kunstvollen Mustern versehen, die den einzigartigen Geschmack von Lissabon noch verst\u00e4rken.&nbsp;<\/p>\n<p dir=\"ltr\">Trotz seiner geringen Gr\u00f6\u00dfe ist&nbsp;<strong>Lissabon eine Stadt, die reich an Kultur und Sehensw\u00fcrdigkeiten ist<\/strong>.&nbsp;Viele \u200b<a href=\"https:\/\/lisbontouristinformation.com\/de\/planen\/stadtteile-von-lissabon\/\" style=\"outline: none;\">weitere Viertel<\/a>&nbsp;umgeben diese zentralen F\u00fcnf und eine lange Liste von Highlights erwartet Sie.&nbsp;Schauen Sie sich unsere verwandten Artikel an oder <a href=\"https:\/\/lisbontouristinformation.com\/de\/gruppenreisen-lissabon\/\" style=\"outline: none;\" target=\"_blank\" rel=\"noopener\">senden Sie uns eine Nachricht<\/a>, um uns bei der Planung einer unvergesslichen Reise nach Portugal zu helfen!<\/p>\n<h2 dir=\"ltr\">Verwandte Beitr\u00e4ge<\/h2>\n<p><a href=\"https:\/\/lisbontouristinformation.com\/de\/hotels-lissabon\/historische-hotels\/\" dynamic-postlink=\"tcb_post_the_permalink\" data-shortcode-id=\"5805\"><\/a><\/p>\n<h3 style=\"text-align: center; padding-top: 0px !important; margin-top: 0px !important;\"><span data-attr-link=\"1\" data-attr-rel=\"0\" data-attr-target=\"0\" data-extra_key=\"\" data-option-inline=\"1\" data-shortcode=\"tcb_post_title\" data-shortcode-name=\"Post title\" data-attr-css=\"\" data-attr-static-link=\"{&quot;className&quot;:&quot;&quot;,&quot;href&quot;:&quot;https:\/\/lisbontouristinformation.com\/de\/hotels-lissabon\/historische-hotels\/&quot;,&quot;title&quot;:&quot;11 besten historischen Hotels in Lissabon&quot;,&quot;class&quot;:&quot;&quot;}\" style=\"\"><a href=\"https:\/\/lisbontouristinformation.com\/de\/hotels-lissabon\/historische-hotels\/\" title=\"11 besten historischen Hotels in Lissabon\" data-css=\"\">11 besten historischen Hotels in Lissabon<\/a><\/span><\/h3>\n<p><a href=\"https:\/\/lisbontouristinformation.com\/de\/hotels-lissabon\/historische-hotels\/\" style=\"\"><span style=\"\"><span style=\"\">Weiterlesen<\/span><\/span><\/a><a href=\"https:\/\/lisbontouristinformation.com\/de\/hotels-lissabon\/hotels-lissabon-zentrum\/\" dynamic-postlink=\"tcb_post_the_permalink\" data-shortcode-id=\"5805\"><\/a><\/p>\n<h3 style=\"text-align: center; padding-top: 0px !important; margin-top: 0px !important;\"><span data-attr-link=\"1\" data-attr-rel=\"0\" data-attr-target=\"0\" data-extra_key=\"\" data-option-inline=\"1\" data-shortcode=\"tcb_post_title\" data-shortcode-name=\"Post title\" data-attr-css=\"\" data-attr-static-link=\"{&quot;className&quot;:&quot;&quot;,&quot;href&quot;:&quot;https:\/\/lisbontouristinformation.com\/de\/hotels-lissabon\/historische-hotels\/&quot;,&quot;title&quot;:&quot;11 besten historischen Hotels in Lissabon&quot;,&quot;class&quot;:&quot;&quot;}\" style=\"\"><a href=\"https:\/\/lisbontouristinformation.com\/de\/hotels-lissabon\/hotels-lissabon-zentrum\/\" title=\"12 bestbewerteten Hotels im Zentrum von Lissabon: Alfama, Graca, Rossio\" data-css=\"\">12 bestbewerteten Hotels im Zentrum von Lissabon: Alfama, Graca, Rossio<\/a><\/span><\/h3>\n<p><a href=\"https:\/\/lisbontouristinformation.com\/de\/hotels-lissabon\/hotels-lissabon-zentrum\/\" style=\"\"><span style=\"\"><span style=\"\">Weiterlesen<\/span><\/span><\/a><a href=\"https:\/\/lisbontouristinformation.com\/de\/hotels-lissabon\/gruppenhotels\/\" dynamic-postlink=\"tcb_post_the_permalink\" data-shortcode-id=\"5805\"><\/a><\/p>\n<h3 style=\"text-align: center; padding-top: 0px !important; margin-top: 0px !important;\"><span data-attr-link=\"1\" data-attr-rel=\"0\" data-attr-target=\"0\" data-extra_key=\"\" data-option-inline=\"1\" data-shortcode=\"tcb_post_title\" data-shortcode-name=\"Post title\" data-attr-css=\"\" data-attr-static-link=\"{&quot;className&quot;:&quot;&quot;,&quot;href&quot;:&quot;https:\/\/lisbontouristinformation.com\/de\/hotels-lissabon\/historische-hotels\/&quot;,&quot;title&quot;:&quot;11 besten historischen Hotels in Lissabon&quot;,&quot;class&quot;:&quot;&quot;}\" style=\"\"><a href=\"https:\/\/lisbontouristinformation.com\/de\/hotels-lissabon\/gruppenhotels\/\" title=\"12 besten Gruppenhotels in Lissabon\" data-css=\"\">12 besten Gruppenhotels in Lissabon<\/a><\/span><\/h3>\n<p><a href=\"https:\/\/lisbontouristinformation.com\/de\/hotels-lissabon\/gruppenhotels\/\" style=\"\"><span style=\"\"><span style=\"\">Weiterlesen<\/span><\/span><\/a><a href=\"https:\/\/lisbontouristinformation.com\/de\/hotels-lissabon\/hotels-mit-pool\/\" dynamic-postlink=\"tcb_post_the_permalink\" data-shortcode-id=\"5805\"><\/a><\/p>\n<h3 style=\"text-align: center; padding-top: 0px !important; margin-top: 0px !important;\"><span data-attr-link=\"1\" data-attr-rel=\"0\" data-attr-target=\"0\" data-extra_key=\"\" data-option-inline=\"1\" data-shortcode=\"tcb_post_title\" data-shortcode-name=\"Post title\" data-attr-css=\"\" data-attr-static-link=\"{&quot;className&quot;:&quot;&quot;,&quot;href&quot;:&quot;https:\/\/lisbontouristinformation.com\/de\/hotels-lissabon\/historische-hotels\/&quot;,&quot;title&quot;:&quot;11 besten historischen Hotels in Lissabon&quot;,&quot;class&quot;:&quot;&quot;}\" style=\"\"><a href=\"https:\/\/lisbontouristinformation.com\/de\/hotels-lissabon\/hotels-mit-pool\/\" title=\"12 besten Hotels mit Pool in Lissabon\" data-css=\"\">12 besten Hotels mit Pool in Lissabon<\/a><\/span><\/h3>\n<p><a href=\"https:\/\/lisbontouristinformation.com\/de\/hotels-lissabon\/hotels-mit-pool\/\" style=\"\"><span style=\"\"><span style=\"\">Weiterlesen<\/span><\/span><\/a><\/p>\n","protected":false},"excerpt":{"rendered":"<p>Eines der gro\u00dfartigsten Merkmale der portugiesischen Hauptstadt ist, dass sie klein ist! Es gibt fast keinen Ort, den Sie nicht zu Fu\u00df erreichen k\u00f6nnen, was es zur perfekten Stadt f\u00fcr diejenigen macht, die stressfrei erkunden m\u00f6chten. W\u00e4hrend die Stadt \u00fcber sehr effektive \u00f6ffentliche Verkehrsmittel verf\u00fcgt, von den ikonischen gelben Stra\u00dfenbahnen bis hin zu einem wundersch\u00f6nen [&hellip;]<\/p>\n","protected":false},"author":18,"featured_media":5943,"parent":1903,"menu_order":0,"comment_status":"closed","ping_status":"closed","template":"","meta":{"footnotes":""},"tags":[75],"class_list":["post-5769","page","type-page","status-publish","has-post-thumbnail","hentry","tag-lisbon-hotels","post-wrapper","thrv_wrapper"],"_links":{"self":[{"href":"https:\/\/lisbontouristinformation.com\/de\/wp-json\/wp\/v2\/pages\/5769","targetHints":{"allow":["GET"]}}],"collection":[{"href":"https:\/\/lisbontouristinformation.com\/de\/wp-json\/wp\/v2\/pages"}],"about":[{"href":"https:\/\/lisbontouristinformation.com\/de\/wp-json\/wp\/v2\/types\/page"}],"author":[{"embeddable":true,"href":"https:\/\/lisbontouristinformation.com\/de\/wp-json\/wp\/v2\/users\/18"}],"replies":[{"embeddable":true,"href":"https:\/\/lisbontouristinformation.com\/de\/wp-json\/wp\/v2\/comments?post=5769"}],"version-history":[{"count":0,"href":"https:\/\/lisbontouristinformation.com\/de\/wp-json\/wp\/v2\/pages\/5769\/revisions"}],"up":[{"embeddable":true,"href":"https:\/\/lisbontouristinformation.com\/de\/wp-json\/wp\/v2\/pages\/1903"}],"wp:featuredmedia":[{"embeddable":true,"href":"https:\/\/lisbontouristinformation.com\/de\/wp-json\/wp\/v2\/media\/5943"}],"wp:attachment":[{"href":"https:\/\/lisbontouristinformation.com\/de\/wp-json\/wp\/v2\/media?parent=5769"}],"wp:term":[{"taxonomy":"post_tag","embeddable":true,"href":"https:\/\/lisbontouristinformation.com\/de\/wp-json\/wp\/v2\/tags?post=5769"}],"curies":[{"name":"wp","href":"https:\/\/api.w.org\/{rel}","templated":true}]}}