{"id":5648,"date":"2022-04-28T17:00:12","date_gmt":"2022-04-28T15:00:12","guid":{"rendered":"https:\/\/lisbontouristinformation.com\/de\/hotels-in-lisbon\/clone-of-best-group-hotels-in-lisbon\/"},"modified":"2025-05-08T15:10:05","modified_gmt":"2025-05-08T14:10:05","slug":"hotels-lissabon-flughafen","status":"publish","type":"page","link":"https:\/\/lisbontouristinformation.com\/de\/hotels-lissabon\/hotels-lissabon-flughafen\/","title":{"rendered":"5 besten Hotels am Flughafen in Lissabon"},"content":{"rendered":"<h2 id=\"t-1637168600786\" data-hide=\"true\" style=\"\">Der Aufenthalt in einem Flughafenhotel in Lissabon kann f\u00fcr viele Reisetypen eine gute Wahl sein.<\/h2>\n<p data-hide=\"true\">F\u00fcr Gesch\u00e4ftsreisende und Urlauber, die <strong>sp\u00e4t in der Nacht ankommen oder am fr\u00fchen Morgen abfliegen<\/strong>, entf\u00e4llt der Stress, p\u00fcnktlich am Flughafen anzukommen.&nbsp;Es ist auch eine gro\u00dfartige Option f\u00fcr Leute, die einen Zwischenstopp haben. Vielmehr k\u00f6nnen Sie zus\u00e4tzliche Stunden kostbaren Schlafs genie\u00dfen und oft Geld sparen, da sie g\u00fcnstigere Preise anbieten als die Hotels im Stadtzentrum.&nbsp;<\/p>\n<p dir=\"ltr\">F\u00fcr Reisende, die von Lissabon kommen und gehen, liegt der Flughafen Humberto Delgado zum Gl\u00fcck ganz in der N\u00e4he des Stadtzentrums.&nbsp;Etwa 11 km vom Stadtzentrum entfernt, ist der Flughafen g\u00fcnstig genug, dass viele Menschen sich nicht f\u00fcr Flughafenhotels entscheiden.<\/p>\n<p dir=\"ltr\">Wir haben jedoch diese kurze, aber detaillierte Liste erstellt, um denjenigen zu helfen, <strong>die ihre Reisen so effizient wie m\u00f6glich<\/strong>&nbsp;gestalten m\u00f6chten.&nbsp;Wir haben die besten Flughafenhotels in Lissabon ausgew\u00e4hlt, die Komfort und zahlreiche Annehmlichkeiten bieten und zudem als Top-Preis-Leistungs-Verh\u00e4ltnis eingestuft werden.&nbsp;<\/p>\n<p dir=\"ltr\" style=\"\">Diese Auswahl ist nach den Flugh\u00e4fen und G\u00e4stebewertungen auf den wichtigsten Bewertungsseiten sortiert und stellt daher nicht unsere pers\u00f6nliche Meinung dar, sondern spiegelt die Erfahrungsberichte der Besucher wider.<\/p>\n<h2 id=\"t-1637168600817\">1. Jupiter Lisboa Hotel<\/h2>\n<blockquote data-instgrm-permalink=\"https:\/\/www.instagram.com\/p\/CeDndO2KRRV\/?utm_source=ig_embed&amp;utm_campaign=loading\" data-instgrm-version=\"12\" style=\" background:#FFF; border:0; border-radius:3px; box-shadow:0 0 1px 0 rgba(0,0,0,0.5),0 1px 10px 0 rgba(0,0,0,0.15); margin: 1px; max-width:750px; min-width:326px; padding:0; width:99.375%; width:-webkit-calc(100% - 2px); width:calc(100% - 2px);\"><p> <a href=\"https:\/\/www.instagram.com\/p\/B1tWaB1nhjP\/?utm_source=ig_embed&amp;utm_campaign=loading\" style=\" background:#FFFFFF; line-height:0; padding:0 0; text-align:center; text-decoration:none; width:100%;\" target=\"_blank\" rel=\"noopener\">       Bu g\u00f6nderiyi Instagram&#8217;da g\u00f6r            <\/a><\/p>\n<p style=\" color:#c9c8cd; font-family:Arial,sans-serif; font-size:14px; line-height:17px; margin-bottom:0; margin-top:8px; overflow:hidden; padding:8px 0 7px; text-align:center; text-overflow:ellipsis; white-space:nowrap;\"><a href=\"https:\/\/www.instagram.com\/p\/B1tWaB1nhjP\/?utm_source=ig_embed&amp;utm_campaign=loading\" style=\" color:#c9c8cd; font-family:Arial,sans-serif; font-size:14px; font-style:normal; font-weight:normal; line-height:17px; text-decoration:none;\" target=\"_blank\" rel=\"noopener\">Hampton by Hilton City West (@hamptonbyhiltonberlincitywest)&#8217;in payla\u015ft\u0131\u011f\u0131 bir g\u00f6nderi<\/a> (28. August 2019, 6:01 \u00f6\u00f6 PDT)<\/p>\n<\/blockquote>\n<p> [tcb-script async=&#8220;&#8220; src=&#8220;\/\/www.instagram.com\/embed.js&#8220;][\/tcb-script]<\/p>\n<p dir=\"ltr\">Das Jupiter Lisboa ist eines der besten Hotels, das Sie zum Preis einer \u00dcbernachtung buchen k\u00f6nnen. Das Hotel aus dem fr\u00fchen 20. Jahrhundert ist mit stilvollen Bildern von Lissabon dekoriert, von Kunst bis hin zu Fotografien, und wurde als <strong>4-Sterne-Unterkunft<\/strong>&nbsp;eingestuft.&nbsp;<\/p>\n<p dir=\"ltr\">Mit einem <strong>Innen- und zwei Au\u00dfenpools auf dem Dach<\/strong> gibt es Unterhaltung f\u00fcr gute oder schlechte Wettertage. Jupiter hat auch ein Spa, das eine Sauna, Dampfb\u00e4der und ein Fitnesscenter umfasst. Keine Lust zum Schwimmen? Dann genie\u00dfen Sie einfach den Panoramablick von der Dachterrasse. Mit einem hauseigenen Restaurant brauchen Sie das Hotel nicht zu verlassen, wenn Sie hungrig sind oder sich ein Getr\u00e4nk oder einen 24-Stunden-Zimmerservice holen m\u00f6chten. &nbsp;&nbsp;<\/p>\n<p dir=\"ltr\" style=\"\">Das Jupiter Lisboa Hotel hat neben gro\u00dfen Zimmern alle erwarteten Annehmlichkeiten, die man sich w\u00fcnschen kann. Obwohl dies nicht das n\u00e4chste Hotel zum Flughafen ist, <strong>das vier Kilometer entfernt liegt<\/strong>, ist es ein best\u00e4ndiger Favorit bei G\u00e4sten, da sie einen fantastischen Concierge-Service haben, der sich auf die Gep\u00e4ckaufbewahrung, den Kauf von Tickets, den Shuttle-Service und sogar den Fahrradverleih zur&nbsp;<a href=\"https:\/\/lisbontouristinformation.com\/de\/audioguide-lissabon\/\" style=\"outline: none;\">Erkundung der Stadt<\/a>&nbsp;erstreckt.&nbsp;Es gibt auch Parkpl\u00e4tze vor Ort, eine Seltenheit in der Stadt.&nbsp;<\/p>\n<h2 id=\"t-1637168600788\">2. Flughafen Melia Lisboa<\/h2>\n<blockquote data-instgrm-permalink=\"https:\/\/www.instagram.com\/p\/CM7_B2LL-s0\/?utm_source=ig_embed&amp;utm_campaign=loading\" data-instgrm-version=\"12\" style=\" background:#FFF; border:0; border-radius:3px; box-shadow:0 0 1px 0 rgba(0,0,0,0.5),0 1px 10px 0 rgba(0,0,0,0.15); margin: 1px; max-width:750px; min-width:326px; padding:0; width:99.375%; width:-webkit-calc(100% - 2px); width:calc(100% - 2px);\"><p> <a href=\"https:\/\/www.instagram.com\/p\/BMod_9NDHuz\/?utm_source=ig_embed&amp;utm_campaign=loading\" style=\" background:#FFFFFF; line-height:0; padding:0 0; text-align:center; text-decoration:none; width:100%;\" target=\"_blank\" rel=\"noopener\">       Bu g\u00f6nderiyi Instagram&#8217;da g\u00f6r            <\/a><\/p>\n<p style=\" color:#c9c8cd; font-family:Arial,sans-serif; font-size:14px; line-height:17px; margin-bottom:0; margin-top:8px; overflow:hidden; padding:8px 0 7px; text-align:center; text-overflow:ellipsis; white-space:nowrap;\"><a href=\"https:\/\/www.instagram.com\/p\/BMod_9NDHuz\/?utm_source=ig_embed&amp;utm_campaign=loading\" style=\" color:#c9c8cd; font-family:Arial,sans-serif; font-size:14px; font-style:normal; font-weight:normal; line-height:17px; text-decoration:none;\" target=\"_blank\" rel=\"noopener\">Say\u0131m \u00c7\u0131nar (@sayimc)&#8217;in payla\u015ft\u0131\u011f\u0131 bir g\u00f6nderi<\/a> (10 Kas, 2016, 6:04\u00f6\u00f6 PST)<\/p>\n<\/blockquote>\n<p> [tcb-script async=&#8220;&#8220; src=&#8220;\/\/www.instagram.com\/embed.js&#8220;][\/tcb-script]<\/p>\n<p dir=\"ltr\">Das 4-Sterne-Hotel Meli\u00e1 Lisboa Aeroporto oder TRYP ist bei Reisenden sehr beliebt und wurde zwei Jahre in der Folge als <strong>World&#8217;s Best Tryp Hotel ausgezeichnet. <\/strong>Es ist eines von zwei offiziell ausgewiesenen Flughafenhotels.<\/p>\n<p dir=\"ltr\">Das Hotel bietet verschiedene Einrichtungen zur Unterhaltung der G\u00e4ste, von einem Fitnesscenter bis hin zu Swimmingpools, Whirlpools, einem Spa und t\u00fcrkischen B\u00e4dern. Schauen Sie in ihrer&nbsp;<span style=\"font-weight: 800;\">Restaurant<\/span><b>-Bar<\/b> Restaurante Colinas de Lisboa vorbei und genie\u00dfen Sie ein portugiesisches oder Fusionsgericht. Sie bieten auch morgens ein <strong>Fr\u00fchst\u00fccksbuffet f\u00fcr zuverl\u00e4ssige, die vor der Abreise noch etwas essen m\u00f6chten. <\/strong>Das Hotel hat <strong>ausgezeichnete Bewertungen<\/strong> von G\u00e4sten erhalten, den Shuttleservice, die <strong>tierfreundlichen Regeln<\/strong> und den nachhaltigen Reiseansatz zu sch\u00e4tzen wissen. Das Meli\u00e1 Lisboa Aeroporto verzeichnet <strong>mehr Wiederholungsbuchungen&nbsp;<\/strong>als jede andere Unterkunft auf unserer Liste.&nbsp;<\/p>\n<p dir=\"ltr\" style=\"\">Es ist etwas <strong>mehr als einen Kilometer vom Flughafen entfernt<\/strong> und ist auch eines der offiziellen Hotels, die f\u00fcr den Aufenthalt am Flughafen vorgesehen sind. Wenn Sie den Flughafen zu Fu\u00df erreichen m\u00f6chten, dauert es weniger als zehn Minuten.&nbsp;<\/p>\n<h2 id=\"t-1637168600789\">3. Radisson Blu Hotel, Lissabon<\/h2>\n<blockquote data-instgrm-permalink=\"https:\/\/www.instagram.com\/p\/CGjz3geqb6J\/?utm_source=ig_embed&amp;utm_campaign=loading\" data-instgrm-version=\"12\" style=\" background:#FFF; border:0; border-radius:3px; box-shadow:0 0 1px 0 rgba(0,0,0,0.5),0 1px 10px 0 rgba(0,0,0,0.15); margin: 1px; max-width:750px; min-width:326px; padding:0; width:99.375%; width:-webkit-calc(100% - 2px); width:calc(100% - 2px);\"><p> <a href=\"https:\/\/www.instagram.com\/p\/BCkXgnvB_A_\/?utm_source=ig_embed&amp;utm_campaign=loading\" style=\" background:#FFFFFF; line-height:0; padding:0 0; text-align:center; text-decoration:none; width:100%;\" target=\"_blank\" rel=\"noopener\">       Bu g\u00f6nderiyi Instagram&#8217;da g\u00f6r            <\/a><\/p>\n<p style=\" color:#c9c8cd; font-family:Arial,sans-serif; font-size:14px; line-height:17px; margin-bottom:0; margin-top:8px; overflow:hidden; padding:8px 0 7px; text-align:center; text-overflow:ellipsis; white-space:nowrap;\"><a href=\"https:\/\/www.instagram.com\/p\/BCkXgnvB_A_\/?utm_source=ig_embed&amp;utm_campaign=loading\" style=\" color:#c9c8cd; font-family:Arial,sans-serif; font-size:14px; font-style:normal; font-weight:normal; line-height:17px; text-decoration:none;\" target=\"_blank\" rel=\"noopener\">Tim Rombach (@timrombach)&#8217;in payla\u015ft\u0131\u011f\u0131 bir g\u00f6nderi<\/a> (5. M\u00e4rz 2016, 2:37 Uhr PST)<\/p>\n<\/blockquote>\n<p> [tcb-script async=&#8220;&#8220; src=&#8220;\/\/www.instagram.com\/embed.js&#8220;][\/tcb-script]<\/p>\n<p dir=\"ltr\">Das 4-Sterne-Hotel Radisson Blu, das im Viertel Campo Grande zu Hause ist, bietet seinen G\u00e4sten einen Aufenthalt in der Stadt. Mit vielen Lebensmittelgesch\u00e4ften und Einkaufsm\u00f6glichkeiten in der N\u00e4he sowie Restaurants und Bars ist die <strong>Lage ideal f\u00fcr diejenigen, die etwas Zeit zum Erkunden haben und spazieren gehen m\u00f6chten.<\/strong><\/p>\n<p dir=\"ltr\">Wenn Sie lieber im Hotel bleiben m\u00f6chten, gibt es ein hoteleigenes Restaurant und eine Cocktailbar sowie ein <strong>hoch bewertetes Fitnesscenter<\/strong>.&nbsp;G\u00e4ste kommentieren immer wieder die hohe Qualit\u00e4t der K\u00fcche, die im Hotel serviert wird, sowie die makellosen Einrichtungen und Speisebereiche. Das Hotel ist daf\u00fcr bekannt, Familien mit Kindern zu beherbergen, und kann mit Babybetten und anderen Anfragen im Zusammenhang mit Kindern behilflich sein.<\/p>\n<p dir=\"ltr\" style=\"\">Das Radisson Blu Hotel ist <strong>drei Kilometer vom Flughafen entfernt<\/strong> . Es bietet zwar etwas Freiheit, um Teile von Lissabon zu erkunden, ist aber immer noch nah genug, um einen stressfreien Transfer von der T\u00fcr zum Flughafen zu garantieren.&nbsp;<\/p>\n<p dir=\"ltr\" style=\"\">\u2192 Haben Sie Zeit, <strong>die Stadt zu erkunden<\/strong>?&nbsp;Schauen Sie sich unsere Liste der <a href=\"https:\/\/lisbontouristinformation.com\/de\/sehenswurdigkeiten\/\" style=\"outline: none;\">Top 50 Aktivit\u00e4ten in Lissabon an<\/a>.&nbsp;<\/p>\n<h2 id=\"t-1637168600790\">4. Star Inn Offizielles Flughafenhotel in Lissabon<\/h2>\n<blockquote data-instgrm-permalink=\"https:\/\/www.instagram.com\/p\/B8jN-_tAA0d\/?utm_source=ig_embed&amp;utm_campaign=loading\" data-instgrm-version=\"12\" style=\" background:#FFF; border:0; border-radius:3px; box-shadow:0 0 1px 0 rgba(0,0,0,0.5),0 1px 10px 0 rgba(0,0,0,0.15); margin: 1px; max-width:750px; min-width:326px; padding:0; width:99.375%; width:-webkit-calc(100% - 2px); width:calc(100% - 2px);\"><p> <a href=\"https:\/\/www.instagram.com\/p\/BY3jhPygIqN\/?utm_source=ig_embed&amp;utm_campaign=loading\" style=\" background:#FFFFFF; line-height:0; padding:0 0; text-align:center; text-decoration:none; width:100%;\" target=\"_blank\" rel=\"noopener\">       Bu g\u00f6nderiyi Instagram&#8217;da g\u00f6r            <\/a><\/p>\n<p style=\" color:#c9c8cd; font-family:Arial,sans-serif; font-size:14px; line-height:17px; margin-bottom:0; margin-top:8px; overflow:hidden; padding:8px 0 7px; text-align:center; text-overflow:ellipsis; white-space:nowrap;\"><a href=\"https:\/\/www.instagram.com\/p\/BY3jhPygIqN\/?utm_source=ig_embed&amp;utm_campaign=loading\" style=\" color:#c9c8cd; font-family:Arial,sans-serif; font-size:14px; font-style:normal; font-weight:normal; line-height:17px; text-decoration:none;\" target=\"_blank\" rel=\"noopener\">Gerard Reijman (@gwreijman)&#8217;in payla\u015ft\u0131\u011f\u0131 bir g\u00f6nderi<\/a> (10 Eyl, 2017, 9:58 \u00f6\u00f6 PDT)<\/p>\n<\/blockquote>\n<p> [tcb-script async=&#8220;&#8220; src=&#8220;\/\/www.instagram.com\/embed.js&#8220;][\/tcb-script]<\/p>\n<p dir=\"ltr\">Das Star Inn ist eines der <strong>offiziellen Flughafenhotels<\/strong>&nbsp;und eine einfache L\u00f6sung f\u00fcr alle, die die N\u00e4he zum Flughafen suchen.&nbsp;Das Thema des Drei-Sterne-Hotels lautet \u201eIch bin ein Star\u201c und zeigt Kunstwerke und vergr\u00f6\u00dferte Fotografien verschiedener Prominenter.&nbsp;<\/p>\n<p dir=\"ltr\">Im Star Inn k\u00f6nnen die G\u00e4ste eine Mahlzeit oder ein Getr\u00e4nk im <strong>hoteleigenen Restaurant und in der Bar<\/strong> genie\u00dfen. Die Zimmer sind preisg\u00fcnstig und f\u00fcr Reisende geeignet, die nach <strong>preisg\u00fcnstigen Unterk\u00fcnften<\/strong>&nbsp;<strong>suchen<\/strong>.&nbsp;Das Hotel hat fabelhafte Kritiken von G\u00e4sten erhalten, und ein reichhaltiges Fr\u00fchst\u00fcck wird fr\u00fch serviert, um denjenigen entgegenzukommen, die morgens abfliegen. &nbsp;&nbsp;<\/p>\n<p dir=\"ltr\" style=\"\">Mit dem Auto ist es <strong>etwas mehr als einen Kilometer <\/strong><strong>vom Flughafen entfernt<\/strong> und wenn Sie nicht viel Gep\u00e4ck haben und sich entscheiden, zu <strong>Fu\u00df zu gehen, sind es nur 100 Meter. <\/strong>Sie k\u00f6nnen auch den vom Hotel angebotenen Shuttle nehmen, erkundigen Sie sich jedoch unbedingt nach den Abfahrtszeiten und Fahrpl\u00e4nen.&nbsp;<\/p>\n<h2 id=\"t-1637168600791\">5. Holiday Inn Express Flughafen Lissabon<\/h2>\n<blockquote data-instgrm-permalink=\"https:\/\/www.instagram.com\/p\/CDTXiVhjND-\/?utm_source=ig_embed&amp;utm_campaign=loading\" data-instgrm-version=\"12\" style=\" background:#FFF; border:0; border-radius:3px; box-shadow:0 0 1px 0 rgba(0,0,0,0.5),0 1px 10px 0 rgba(0,0,0,0.15); margin: 1px; max-width:750px; min-width:326px; padding:0; width:99.375%; width:-webkit-calc(100% - 2px); width:calc(100% - 2px);\"><p> <a href=\"https:\/\/www.instagram.com\/p\/Bw4JHFYI9G-\/?utm_source=ig_embed&amp;utm_campaign=loading\" style=\" background:#FFFFFF; line-height:0; padding:0 0; text-align:center; text-decoration:none; width:100%;\" target=\"_blank\" rel=\"noopener\">       Bu g\u00f6nderiyi Instagram&#8217;da g\u00f6r            <\/a><\/p>\n<p style=\" color:#c9c8cd; font-family:Arial,sans-serif; font-size:14px; line-height:17px; margin-bottom:0; margin-top:8px; overflow:hidden; padding:8px 0 7px; text-align:center; text-overflow:ellipsis; white-space:nowrap;\"><a href=\"https:\/\/www.instagram.com\/p\/Bw4JHFYI9G-\/?utm_source=ig_embed&amp;utm_campaign=loading\" style=\" color:#c9c8cd; font-family:Arial,sans-serif; font-size:14px; font-style:normal; font-weight:normal; line-height:17px; text-decoration:none;\" target=\"_blank\" rel=\"noopener\">25hours Hotel Bikini Lisbon (@25hourshotelbikiniberlin)&#8217;in payla\u015ft\u0131\u011f\u0131 bir g\u00f6nderi<\/a> (30. Nis, 2019, 4:00 Uhr PDT)<\/p>\n<\/blockquote>\n<p> [tcb-script async=&#8220;&#8220; src=&#8220;\/\/www.instagram.com\/embed.js&#8220;][\/tcb-script]<\/p>\n<p dir=\"ltr\">Holiday Inn ist ein weltweit bekannter und respektierter Name. Mit Hotels auf allen Kontinenten ist ihr <strong>Service zuverl\u00e4ssig und best\u00e4ndig<\/strong>.&nbsp;Diese spezielle Seite ist ein Standardhotel f\u00fcr Reisende ohne zus\u00e4tzliche Einrichtungen. Das 3-Sterne-Hotel ist jedoch perfekt f\u00fcr diejenigen, die beim Fliegen ein bequemes Bett und Badezimmer ben\u00f6tigen.<\/p>\n<p dir=\"ltr\">Die Zimmer sind modern und sehr sauber gehalten. Die Rezeption ist 24 Stunden am Tag ge\u00f6ffnet, um alle Fragen zu beantworten, die Sie m\u00f6glicherweise zu einem sp\u00e4ten oder fr\u00fchen Check-in haben. Das Hotel bietet <strong>kostenlose Parkpl\u00e4tze, ein Fr\u00fchst\u00fccksbuffet und ein ausgew\u00e4hltes Abendmen\u00fc<\/strong>.&nbsp;Das sehr beliebte Einkaufszentrum Vasco da Gama ist nur f\u00fcnf Autominuten entfernt. &nbsp;<\/p>\n<p dir=\"ltr\" style=\"\">Etwas mehr als <strong>zwei Kilometer vom Flughafen entfernt<\/strong> erreichen Sie Humberto Delgado am besten mit dem <a href=\"https:\/\/lisbontouristinformation.com\/de\/arrival\/taxis-lissabon\/\" style=\"outline: none;\">Taxi oder einer der Mitfahrgelegenheiten, Uber oder Bolt.<\/a><\/p>\n<h2 style=\"\" id=\"t-1639040000579\" data-hide=\"true\">Verwandte Beitr\u00e4ge<\/h2>\n<p><a href=\"https:\/\/lisbontouristinformation.com\/de\/hotels-lissabon\/historische-hotels\/\" dynamic-postlink=\"tcb_post_the_permalink\" data-shortcode-id=\"1075\"><\/a><\/p>\n<h3 style=\"text-align: center; padding-top: 0px !important; margin-top: 0px !important;\"><span data-attr-link=\"1\" data-attr-rel=\"0\" data-attr-target=\"0\" data-extra_key=\"\" data-option-inline=\"1\" data-shortcode=\"tcb_post_title\" data-shortcode-name=\"Post title\" data-attr-css=\"\" data-attr-static-link=\"{&quot;className&quot;:&quot;&quot;,&quot;href&quot;:&quot;https:\/\/lisbontouristinformation.com\/de\/hotels-lissabon\/historische-hotels\/&quot;,&quot;title&quot;:&quot;11 besten historischen Hotels in Lissabon&quot;,&quot;class&quot;:&quot;&quot;}\" style=\"\"><a href=\"https:\/\/lisbontouristinformation.com\/de\/hotels-lissabon\/historische-hotels\/\" title=\"11 besten historischen Hotels in Lissabon\" data-css=\"\">11 besten historischen Hotels in Lissabon<\/a><\/span><\/h3>\n<p><a href=\"https:\/\/lisbontouristinformation.com\/de\/hotels-lissabon\/historische-hotels\/\" style=\"\"><span style=\"\"><span style=\"\">Weiterlesen<\/span><\/span><\/a><a href=\"https:\/\/lisbontouristinformation.com\/de\/hotels-lissabon\/hotels-lissabon-zentrum\/\" dynamic-postlink=\"tcb_post_the_permalink\" data-shortcode-id=\"1075\"><\/a><\/p>\n<h3 style=\"text-align: center; padding-top: 0px !important; margin-top: 0px !important;\"><span data-attr-link=\"1\" data-attr-rel=\"0\" data-attr-target=\"0\" data-extra_key=\"\" data-option-inline=\"1\" data-shortcode=\"tcb_post_title\" data-shortcode-name=\"Post title\" data-attr-css=\"\" data-attr-static-link=\"{&quot;className&quot;:&quot;&quot;,&quot;href&quot;:&quot;https:\/\/lisbontouristinformation.com\/de\/hotels-lissabon\/historische-hotels\/&quot;,&quot;title&quot;:&quot;11 besten historischen Hotels in Lissabon&quot;,&quot;class&quot;:&quot;&quot;}\" style=\"\"><a href=\"https:\/\/lisbontouristinformation.com\/de\/hotels-lissabon\/hotels-lissabon-zentrum\/\" title=\"12 bestbewerteten Hotels im Zentrum von Lissabon: Alfama, Graca, Rossio\" data-css=\"\">12 bestbewerteten Hotels im Zentrum von Lissabon: Alfama, Graca, Rossio<\/a><\/span><\/h3>\n<p><a href=\"https:\/\/lisbontouristinformation.com\/de\/hotels-lissabon\/hotels-lissabon-zentrum\/\" style=\"\"><span style=\"\"><span style=\"\">Weiterlesen<\/span><\/span><\/a><a href=\"https:\/\/lisbontouristinformation.com\/de\/hotels-lissabon\/gruppenhotels\/\" dynamic-postlink=\"tcb_post_the_permalink\" data-shortcode-id=\"1075\"><\/a><\/p>\n<h3 style=\"text-align: center; padding-top: 0px !important; margin-top: 0px !important;\"><span data-attr-link=\"1\" data-attr-rel=\"0\" data-attr-target=\"0\" data-extra_key=\"\" data-option-inline=\"1\" data-shortcode=\"tcb_post_title\" data-shortcode-name=\"Post title\" data-attr-css=\"\" data-attr-static-link=\"{&quot;className&quot;:&quot;&quot;,&quot;href&quot;:&quot;https:\/\/lisbontouristinformation.com\/de\/hotels-lissabon\/historische-hotels\/&quot;,&quot;title&quot;:&quot;11 besten historischen Hotels in Lissabon&quot;,&quot;class&quot;:&quot;&quot;}\" style=\"\"><a href=\"https:\/\/lisbontouristinformation.com\/de\/hotels-lissabon\/gruppenhotels\/\" title=\"12 besten Gruppenhotels in Lissabon\" data-css=\"\">12 besten Gruppenhotels in Lissabon<\/a><\/span><\/h3>\n<p><a href=\"https:\/\/lisbontouristinformation.com\/de\/hotels-lissabon\/gruppenhotels\/\" style=\"\"><span style=\"\"><span style=\"\">Weiterlesen<\/span><\/span><\/a><a href=\"https:\/\/lisbontouristinformation.com\/de\/hotels-lissabon\/hotels-mit-pool\/\" dynamic-postlink=\"tcb_post_the_permalink\" data-shortcode-id=\"1075\"><\/a><\/p>\n<h3 style=\"text-align: center; padding-top: 0px !important; margin-top: 0px !important;\"><span data-attr-link=\"1\" data-attr-rel=\"0\" data-attr-target=\"0\" data-extra_key=\"\" data-option-inline=\"1\" data-shortcode=\"tcb_post_title\" data-shortcode-name=\"Post title\" data-attr-css=\"\" data-attr-static-link=\"{&quot;className&quot;:&quot;&quot;,&quot;href&quot;:&quot;https:\/\/lisbontouristinformation.com\/de\/hotels-lissabon\/historische-hotels\/&quot;,&quot;title&quot;:&quot;11 besten historischen Hotels in Lissabon&quot;,&quot;class&quot;:&quot;&quot;}\" style=\"\"><a href=\"https:\/\/lisbontouristinformation.com\/de\/hotels-lissabon\/hotels-mit-pool\/\" title=\"12 besten Hotels mit Pool in Lissabon\" data-css=\"\">12 besten Hotels mit Pool in Lissabon<\/a><\/span><\/h3>\n<p><a href=\"https:\/\/lisbontouristinformation.com\/de\/hotels-lissabon\/hotels-mit-pool\/\" style=\"\"><span style=\"\"><span style=\"\">Weiterlesen<\/span><\/span><\/a><a href=\"https:\/\/lisbontouristinformation.com\/de\/hotels-lissabon\/boutique-hotels\/\" dynamic-postlink=\"tcb_post_the_permalink\" data-shortcode-id=\"1075\"><\/a><\/p>\n<h3 style=\"text-align: center; padding-top: 0px !important; margin-top: 0px !important;\"><span data-attr-link=\"1\" data-attr-rel=\"0\" data-attr-target=\"0\" data-extra_key=\"\" data-option-inline=\"1\" data-shortcode=\"tcb_post_title\" data-shortcode-name=\"Post title\" data-attr-css=\"\" data-attr-static-link=\"{&quot;className&quot;:&quot;&quot;,&quot;href&quot;:&quot;https:\/\/lisbontouristinformation.com\/de\/hotels-lissabon\/historische-hotels\/&quot;,&quot;title&quot;:&quot;11 besten historischen Hotels in Lissabon&quot;,&quot;class&quot;:&quot;&quot;}\" style=\"\"><a href=\"https:\/\/lisbontouristinformation.com\/de\/hotels-lissabon\/boutique-hotels\/\" title=\"15 besten Boutique-Hotels in Lissabon\" data-css=\"\">15 besten Boutique-Hotels in Lissabon<\/a><\/span><\/h3>\n<p><a href=\"https:\/\/lisbontouristinformation.com\/de\/hotels-lissabon\/boutique-hotels\/\" style=\"\"><span style=\"\"><span style=\"\">Weiterlesen<\/span><\/span><\/a><a href=\"https:\/\/lisbontouristinformation.com\/de\/hotels-lissabon\/romantische-hotels-lissabon\/\" dynamic-postlink=\"tcb_post_the_permalink\" data-shortcode-id=\"1075\"><\/a><\/p>\n<h3 style=\"text-align: center; padding-top: 0px !important; margin-top: 0px !important;\"><span data-attr-link=\"1\" data-attr-rel=\"0\" data-attr-target=\"0\" data-extra_key=\"\" data-option-inline=\"1\" data-shortcode=\"tcb_post_title\" data-shortcode-name=\"Post title\" data-attr-css=\"\" data-attr-static-link=\"{&quot;className&quot;:&quot;&quot;,&quot;href&quot;:&quot;https:\/\/lisbontouristinformation.com\/de\/hotels-lissabon\/historische-hotels\/&quot;,&quot;title&quot;:&quot;11 besten historischen Hotels in Lissabon&quot;,&quot;class&quot;:&quot;&quot;}\" style=\"\"><a href=\"https:\/\/lisbontouristinformation.com\/de\/hotels-lissabon\/romantische-hotels-lissabon\/\" title=\"16 romantische Hotels f\u00fcr Ihre Flitterwochen in Lissabon\" data-css=\"\">16 romantische Hotels f\u00fcr Ihre Flitterwochen in Lissabon<\/a><\/span><\/h3>\n<p><a href=\"https:\/\/lisbontouristinformation.com\/de\/hotels-lissabon\/romantische-hotels-lissabon\/\" style=\"\"><span style=\"\"><span style=\"\">Weiterlesen<\/span><\/span><\/a><a href=\"javascript:void(0)\"><span><span>Mehr laden<\/span><\/span><\/a><\/p>\n","protected":false},"excerpt":{"rendered":"<p>Der Aufenthalt in einem Flughafenhotel in Lissabon kann f\u00fcr viele Reisetypen eine gute Wahl sein. F\u00fcr Gesch\u00e4ftsreisende und Urlauber, die sp\u00e4t in der Nacht ankommen oder am fr\u00fchen Morgen abfliegen, entf\u00e4llt der Stress, p\u00fcnktlich am Flughafen anzukommen.&nbsp;Es ist auch eine gro\u00dfartige Option f\u00fcr Leute, die einen Zwischenstopp haben. Vielmehr k\u00f6nnen Sie zus\u00e4tzliche Stunden kostbaren Schlafs [&hellip;]<\/p>\n","protected":false},"author":18,"featured_media":5941,"parent":1903,"menu_order":0,"comment_status":"open","ping_status":"closed","template":"","meta":{"footnotes":""},"tags":[75],"class_list":["post-5648","page","type-page","status-publish","has-post-thumbnail","hentry","tag-lisbon-hotels","post-wrapper","thrv_wrapper"],"_links":{"self":[{"href":"https:\/\/lisbontouristinformation.com\/de\/wp-json\/wp\/v2\/pages\/5648","targetHints":{"allow":["GET"]}}],"collection":[{"href":"https:\/\/lisbontouristinformation.com\/de\/wp-json\/wp\/v2\/pages"}],"about":[{"href":"https:\/\/lisbontouristinformation.com\/de\/wp-json\/wp\/v2\/types\/page"}],"author":[{"embeddable":true,"href":"https:\/\/lisbontouristinformation.com\/de\/wp-json\/wp\/v2\/users\/18"}],"replies":[{"embeddable":true,"href":"https:\/\/lisbontouristinformation.com\/de\/wp-json\/wp\/v2\/comments?post=5648"}],"version-history":[{"count":1,"href":"https:\/\/lisbontouristinformation.com\/de\/wp-json\/wp\/v2\/pages\/5648\/revisions"}],"predecessor-version":[{"id":9131,"href":"https:\/\/lisbontouristinformation.com\/de\/wp-json\/wp\/v2\/pages\/5648\/revisions\/9131"}],"up":[{"embeddable":true,"href":"https:\/\/lisbontouristinformation.com\/de\/wp-json\/wp\/v2\/pages\/1903"}],"wp:featuredmedia":[{"embeddable":true,"href":"https:\/\/lisbontouristinformation.com\/de\/wp-json\/wp\/v2\/media\/5941"}],"wp:attachment":[{"href":"https:\/\/lisbontouristinformation.com\/de\/wp-json\/wp\/v2\/media?parent=5648"}],"wp:term":[{"taxonomy":"post_tag","embeddable":true,"href":"https:\/\/lisbontouristinformation.com\/de\/wp-json\/wp\/v2\/tags?post=5648"}],"curies":[{"name":"wp","href":"https:\/\/api.w.org\/{rel}","templated":true}]}}