{"id":5509,"date":"2022-04-21T16:24:23","date_gmt":"2022-04-21T14:24:23","guid":{"rendered":"https:\/\/lisbontouristinformation.com\/de\/?page_id=5509"},"modified":"2024-09-09T11:41:39","modified_gmt":"2024-09-09T10:41:39","slug":"praca-do-comercio","status":"publish","type":"page","link":"https:\/\/lisbontouristinformation.com\/de\/sehenswurdigkeiten-in-lissabon\/praca-do-comercio\/","title":{"rendered":"Guide zum Pra\u00e7a do Com\u00e9rcio: Geschichte, Attraktionen &#038; mehr"},"content":{"rendered":"<p><span style=\"font-size: 20px !important;\">Der majest\u00e4tische Pra\u00e7a do Com\u00e9rcio, ges\u00e4umt von Bars, Restaurants, Caf\u00e9s und Gesch\u00e4ften, ist der wichtigste Platz der Stadt und ein Nationaldenkmal Portugals.<\/span><\/p>\n<p style=\"\">Eingebettet zwischen dem ber\u00fchmten Bogen Rua Augusta und dem Hafen von Lissabon ist der ikonische Platz am Flussufer wie ein Tor zur Stadt und hei\u00dft Besucher direkt am Wasser willkommen. Dieses sehenswerte Gebiet ist nicht nur wegen seiner Pracht bemerkenswert, sondern auch wegen seiner historischen Bedeutung.<\/p>\n<p style=\"\">In diesem Reisef\u00fchrer erfahren Sie alles, was Sie vor Ihrem Besuch wissen m\u00fcssen, einschlie\u00dflich der Sehensw\u00fcrdigkeiten, der Geschichte und mehr.<\/p>\n<p style=\"\">Tauchen Sie mit uns ein!<\/p>\n<h2 id=\"t-1650551082826\" style=\"\">Aktivit\u00e4ten am Pra\u00e7a do Com\u00e9rcio<\/h2>\n<p style=\"\">Der Pra\u00e7a do Com\u00e9rcio ist mit 30.600 Quadratmetern einer der gr\u00f6\u00dften und sch\u00f6nsten Pl\u00e4tze Europas.<\/p>\n<p style=\"\">Es befindet sich auf der S\u00fcdseite des Flusses Tejo, an der Stelle, an der alten K\u00f6nigspalast \u00fcber zwei Jahrhunderte lang stand, bevor er durch das gro\u00dfe Erdbeben von 1755 zerst\u00f6rt wurde.<\/p>\n<p><b>Sehen Sie hier die Top-Attraktionen der Pra\u00e7a do Com\u00e9rcio:<\/b><\/p>\n<p><span><img decoding=\"async\" alt=\"Rua Augusta Bogen in Lissabon\" data-id=\"6714\" width=\"702\" data-init-width=\"1000\" height=\"456\" data-init-height=\"650\" title=\"Rua Augusta Bogen in Lissabon\" src=\"https:\/\/lisbontouristinformation.com\/de\/wp-content\/uploads\/2022\/06\/Rua-Augusta-Arch-in-Lisbon.jpg\" data-width=\"702\" data-height=\"456\" loading=\"lazy\" style=\"aspect-ratio: auto 1000 \/ 650;\"><\/span><\/p>\n<h3 style=\"\">1. Rua-Augusta-Bogen<\/h3>\n<p>Der majest\u00e4tisch in den Himmel ragende Bogen der Rua Augusta ist eines der ersten Highlights, das Ihnen ins Auge gefallen wird. Der Triumphbogen, der den Beginn der <a href=\"https:\/\/lisbontouristinformation.com\/de\/lifestyle\/shopping-lissabon\/einkaufsstrassen-lissabon\/\" style=\"outline: none;\"><strong>Einkaufsstra\u00dfe Rua Augusta<\/strong><\/a> erinnert an den Wiederaufbau der Stadt nach der verheerenden Katastrophenserie von 1755. Heute ist er auch ein sehr <strong>beliebtes Fotomotiv.<\/strong><strong>&nbsp;<\/strong><\/p>\n<p>Geschm\u00fcckt mit nationalen Emblemen, symbolischen Motiven und Statuen bedeutender portugiesischer Pers\u00f6nlichkeiten wie Vasco da Gama, ist das Bauwerk schon von au\u00dfen beeindruckend. Sie k\u00f6nnen jedoch auch den Bogen erklimmen, um die Pra\u00e7a do Com\u00e9rcio und die Umgebung aus <b>der Vogelperspektive zu betrachten. <\/b>Von der Aussichtsplattform aus k\u00f6nnen Sie den belebten Platz, den Fluss, das&nbsp;Kopfsteinpflaster der Cal\u00e7ada Portuguesa und die lebhaften Stra\u00dfen sehen, die nach dem Erdbeben symmetrisch wieder aufgebaut wurden.<\/p>\n<p><span><img decoding=\"async\" alt=\"Geb\u00e4ude mit Arkaden in Pra\u00e7a do Com\u00e9rcio Lissabon\" data-id=\"6715\" width=\"702\" data-init-width=\"1000\" height=\"527\" data-init-height=\"750\" title=\"Geb\u00e4ude mit Arkaden in Pra\u00e7a do Com\u00e9rcio Lissabon\" src=\"https:\/\/lisbontouristinformation.com\/de\/wp-content\/uploads\/2022\/06\/Arcaded-Buildings-in-Praca-do-Comercio-Lisbon.jpg\" data-width=\"702\" data-height=\"527\" loading=\"lazy\" style=\"aspect-ratio: auto 1000 \/ 750;\"><\/span><\/p>\n<h3 style=\"\">2. Geb\u00e4ude mit Arkaden&nbsp;<\/h3>\n<p>Auf beiden Seiten der Rua Augusta ziehen pr\u00e4chtige Arkaden aus dem 18. Jahrhundert und zitronengelbe Fassaden die Aufmerksamkeit auf sich.<\/p>\n<p>Einige der mit Arkaden versehenen Geb\u00e4ude beherbergen immer noch Regierungsb\u00fcros, aber die meisten von ihnen wurden inzwischen in <b>Restaurants, Caf\u00e9s und Bars mit Sitzgelegenheiten im Freien<\/b> umgewandelt. Das macht den Platz zu einem wunderbaren Ort, um sich zu entspannen, ein erfrischendes Getr\u00e4nk zu sich zu nehmen und das bunte Treiben zu beobachten. Besonders lebhaft wird es abends, wenn Touristen und Einheimische den Platz f\u00fcllen.<\/p>\n<p>Bemerkenswert ist Lissabons \u00e4ltestes Caf\u00e9 <b>Martinho da Arcada<\/b>, das auf das Jahr 1782 zur\u00fcckgeht und ein beliebter Treffpunkt f\u00fcr Schriftsteller und Intellektuelle war.<\/p>\n<p>\u2192 Portugal ist ein Land f\u00fcr Caf\u00e9-Liebhaber! Lesen Sie unbedingt unsere Liste der <a href=\"https:\/\/lisbontouristinformation.com\/de\/lifestyle\/restaurants-in-lissabon\/cafes-in-lissabon\/\" style=\"outline: none;\">besten Caf\u00e9s in Lissabon<\/a>,&nbsp;wenn Sie planen, wo Sie fr\u00fchst\u00fccken oder einen Kaffee trinken m\u00f6chten.<\/p>\n<p><span><img decoding=\"async\" alt=\"Reiterstandbild in Pra\u00e7a do Comercio in Lissabon\" data-id=\"6716\" width=\"702\" data-init-width=\"1000\" height=\"468\" data-init-height=\"667\" title=\"Reiterstandbild in Pra\u00e7a do Comercio in Lissabon\" src=\"https:\/\/lisbontouristinformation.com\/de\/wp-content\/uploads\/2022\/06\/Equestrian-Statue-in-Praca-do-Comercio-in-Lisbon.jpg\" data-width=\"702\" data-height=\"468\" loading=\"lazy\" style=\"aspect-ratio: auto 1000 \/ 667;\"><\/span><\/p>\n<h3 style=\"\">3. Reiterstandbild<\/h3>\n<p>Ein weiterer interessanter Punkt ist die Reiterstatue in der Mitte des Pra\u00e7a do Com\u00e9rcio mit Blick auf den Fluss.<\/p>\n<p>Das von Machado de Castro gemei\u00dfelte Denkmal stellt K\u00f6nig Jos\u00e9 I. von Portugal dar, der den Wiederaufbau der Stadt nach dem Erdbeben anordnete und die Stadt sanierte. Er sitzt auf seinem Pferd Gentil. Auf dem Sockel befindet sich auch ein Elefant, der die k\u00f6nigliche Macht des portugiesischen Reiches im Ausland repr\u00e4sentiert.<\/p>\n<p><span><img decoding=\"async\" alt=\"Lissabon Story Center Museum in Lissabon\" data-id=\"6717\" width=\"702\" data-init-width=\"1000\" height=\"468\" data-init-height=\"667\" title=\"Lissabon Story Center Museum in Lissabon\" src=\"https:\/\/lisbontouristinformation.com\/de\/wp-content\/uploads\/2022\/06\/Lisbon-Story-Centre-Museum-in-Lisbon.jpg\" data-width=\"702\" data-height=\"468\" loading=\"lazy\" style=\"aspect-ratio: auto 1000 \/ 667;\"><\/span><\/p>\n<h3 style=\"\">4. Museen<\/h3>\n<p>Auf der Pra\u00e7a do Com\u00e9rcio gibt es eine Reihe von Museen. Besonders hervorzuheben ist das <b>Lisbon Story Center<\/b>, ein interaktives Museum, das sich ideal f\u00fcr Erstbesucher in Lissabon eignet, da es Sie auf eine Reise durch die turbulente Geschichte der Stadt entf\u00fchrt.<\/p>\n<p>Ein weiteres Museum ist das <b>Biermuseum<\/b> (Museu da Cerveja auf der Ostseite des Platzes), das dem Bier gewidmet ist und sich darauf konzentriert, wie Bier in Portugal hergestellt wird.<\/p>\n<ul>\n<li>Es gibt eine Handvoll anderer <strong>Museen und kultureller St\u00e4tten, die zu Fu\u00df erreichbar<\/strong>&nbsp;sind.&nbsp;Um das passende f\u00fcr Ihre Interessen zu finden, konsultieren Sie unsere Liste der <a href=\"https:\/\/lisbontouristinformation.com\/de\/sehenswurdigkeiten\/museum\/\" style=\"outline: none;\">10 besten Museen in Lissabon<\/a>.&nbsp;<\/li>\n<\/ul>\n<p><span><img decoding=\"async\" alt=\"Cais das Colunas in Lissabon\" data-id=\"6718\" width=\"702\" data-init-width=\"1000\" height=\"481\" data-init-height=\"685\" title=\"Cais das Colunas in Lissabon\" src=\"https:\/\/lisbontouristinformation.com\/de\/wp-content\/uploads\/2022\/06\/Cais-das-Colunas-in-Lisbon.jpg\" data-width=\"702\" data-height=\"481\" loading=\"lazy\" style=\"aspect-ratio: auto 1000 \/ 685;\"><\/span><\/p>\n<h3 style=\"\"><strong>5. Cais das Colunas&nbsp;<\/strong><\/h3>\n<p>Ein sch\u00f6ner Ort, um <strong>langsamer zu werden und abends den Sonnenuntergang<\/strong> zu beobachten, befindet sich auf der <strong>Uferseite<\/strong> des Pra\u00e7a do Com\u00e9rcio.<\/p>\n<p>Der kleine Pier mit Marmorstufen und S\u00e4ulen, den Sie dort sehen k\u00f6nnen, hei\u00dft Cais das Colunas und war einst der Ort, an dem K\u00f6nige, K\u00f6niginnen, Prominente und Staatsoberh\u00e4upter ankamen, wenn sie mit dem Schiff kamen.<\/p>\n<p>Es ist jetzt oft unter Wasser, aber bei sch\u00f6nem Wetter ist der Pier ein wunderbarer Ort, um sich hinzusetzen, ein paar Leute zu beobachten und einen herrlichen <strong>Blick auf den Tejo zu genie\u00dfen.<\/strong><\/p>\n<ul>\n<li><span style=\"font-weight: normal;\"><b>Unser Tipp:<\/b><\/span> Nur wenige Minuten vom Platz entfernt befindet sich der <b>Kiosk Ribeira das Naus<\/b>.&nbsp;Mit seiner erstklassigen Lage am Tejo sowie Liegest\u00fchlen, Sonnenschirmen und nat\u00fcrlich erfrischenden Getr\u00e4nken und Snacks ist dieser Kiosk der perfekte Ort, um die Aussicht auf Lissabon zu genie\u00dfen.<\/li>\n<\/ul>\n<h3 style=\"\">6. Willkommenszentrum Lissabon<\/h3>\n<p>Auf der Westseite des Platzes befindet sich das Lisboa Welcome Center. Das <strong>wichtige Fremdenverkehrsamt<\/strong> der Stadt Lissabon-Besucher mit hilfreichen Informationen. &nbsp;<\/p>\n<p>Es gibt auch einen <strong>Souvenirladen<\/strong>, der in Portugal hergestellte Artikel verkauft, darunter traditionelle Azelujo-Fliesen, Kunsthandwerk, Keramik, Tassen, Seifen, Schmuck, Kleidung und vieles mehr.<\/p>\n<ul>\n<li>Sie sind sich nicht sicher, was Sie als Souvenir kaufen sollen, wenn Sie Lissabon besuchen?&nbsp;Erfahren Sie alles \u00fcber das Land und seine Produkte im <a href=\"https:\/\/lisbontouristinformation.com\/de\/lifestyle\/shopping-lissabon\/\" style=\"outline: none;\">Guide to Shopping in Lisbon.<\/a>&nbsp;<\/li>\n<\/ul>\n<h3 style=\"\">7. Veranstaltungen<\/h3>\n<p>Eine beliebte Veranstaltung auf der Pra\u00e7a do Com\u00e9rcio ist die <b>Lichtshow,<\/b> die an Sommerabenden vom Lisboa Story Center auf dem Bogen der Rua da Augusta projiziert wird.<\/p>\n<p>Einer der wichtigsten Veranstaltungsorte in Lissabon ist der herausragende Veranstaltungsraum <b>P\u00e1tio da Gal\u00e9<\/b>, der sich in einem der Arkadengeb\u00e4ude an der Pra\u00e7a do Com\u00e9rcio befindet.&nbsp;Unter anderem findet hier jedes Jahr die&nbsp;<strong>Lisbon Fashion Week <\/strong><strong>und<\/strong> das <strong>Lisbon Fish Festival statt. <\/strong>Der Veranstaltungsort eignet sich auch f\u00fcr Tagungen, Konferenzen, Hochzeiten und andere private Veranstaltungen.<\/p>\n<p>\u2192 <strong>Die Buchung einer Veranstaltung in Lissabon<\/strong> ist einfach, wenn Sie sich mit unserem Team abstimmen. <a href=\"https:\/\/lisbontouristinformation.com\/de\/gruppenreisen-lissabon\/\" style=\"outline: none;\">Senden Sie uns eine Nachricht<\/a> und <strong>erlauben Sie uns, Ihnen bei der Planung<\/strong> der perfekten Hochzeit, Zusammenkunft, Party, Konferenz oder des perfekten R\u00fcckzugs in Portugal zu helfen!<\/p>\n<h3 style=\"\">8. Rundgang<\/h3>\n<p>Der Pra\u00e7a do Com\u00e9rcio liegt im Herzen von Lissabon und ist ein idealer Ausgangspunkt, um diese zeitlose Stadt zu erkunden.<\/p>\n<p><span><img decoding=\"async\" alt=\"Wie kommt man zum Pra\u00e7a do Com\u00e9rcio?\" data-id=\"6719\" width=\"702\" data-init-width=\"1000\" height=\"526\" data-init-height=\"749\" title=\"Wie kommt man zum Pra\u00e7a do Com\u00e9rcio?\" src=\"https:\/\/lisbontouristinformation.com\/de\/wp-content\/uploads\/2022\/06\/How-to-Get-to-Praca-do-Comercio.jpg\" data-width=\"702\" data-height=\"526\" loading=\"lazy\" style=\"aspect-ratio: auto 1000 \/ 749;\"><\/span><\/p>\n<h2 id=\"t-1650551082827\" style=\"\">Wie kommt man zum Pra\u00e7a do Com\u00e9rcio?<\/h2>\n<p>Der Pra\u00e7a do Com\u00e9rcio befindet sich in der Altstadt von Lissabon im Viertel Baixa. Daher ist es von jedem Teil der Stadt leicht zu erreichen.<\/p>\n<p>Die <strong>blaue Metrolinie<\/strong> hat eine Haltestelle am Pra\u00e7a do Com\u00e9rcio, genannt &#8222;Terreiro do Pa\u00e7o&#8220;. Au\u00dferdem h\u00e4lt die legend\u00e4re <strong>Stra\u00dfenbahnlinie 28E<\/strong>&nbsp;hier an diesem Platz.<\/p>\n<h2 id=\"t-1650551082828\" data-alt-text=\"Frequently Asked Questions \" style=\"\">H\u00e4ufig gestellte Fragen zum Pra\u00e7a do Com\u00e9rcio<\/h2>\n<h2 id=\"t-1650551082829\" data-alt-text=\"Historical Facts &amp; Info \" style=\"\"><strong>Historische Fakten &amp; Infos \u00fcber Pra\u00e7a do Com\u00e9rcio<\/strong><\/h2>\n<p>Pra\u00e7a do Com\u00e9rcio war der <b>Standort des ehemaligen k\u00f6niglichen Palastes&nbsp;<\/b>Pa\u00e7o da Ribeira und wird von den Einheimischen immer noch als Terreiro do Pa\u00e7o (Palasthof) bezeichnet. Nach dem gro\u00dfen Erdbeben von 1755 und dem anschlie\u00dfenden Tsunami und Brand wurde der k\u00f6nigliche Palast vollst\u00e4ndig zerst\u00f6rt und der <b>Platz musste komplett neu errichtet werden<\/b>.<\/p>\n<p>Unter dem portugiesischen K\u00f6nig Jos\u00e9 I. wurde der Platz als <b>Regierungsviertel<\/b> umgestaltet, um Hafen und Zoll zu regeln. Dies f\u00fchrte zu dem Namen Pra\u00e7a do Com\u00e9rcio, was Handelsplatz bedeutet.<\/p>\n<p>1908 ereignete sich auf dem Platz ein weiteres tragisches Ereignis, die <b>Ermordung von K\u00f6nig Carlos<\/b> I. Der K\u00f6nig und sein Erbe Lu\u00eds Filipe wurden beide von Anarchisten erschossen, die eine republikanische Regierung forderten. Dies f\u00fchrte zum Sturz der Monarchie in Portugal. An der Westseite des Platzes erinnert eine Gedenktafel an den K\u00f6nig.<\/p>\n<p>In den 1980er Jahren wurde der Platz als Parkplatz genutzt. Heute ist er einer der wichtigsten Pl\u00e4tze Lissabons und eine beliebte Touristenattraktion.<\/p>\n<h2 id=\"t-1650551082830\" style=\"\">Kontakt &amp; Karte<\/h2>\n<ul>\n<li><strong>Adresse:<\/strong> Pra\u00e7a do Com\u00e9rcio MB, 1100-148 Lisboa, Portugal<\/li>\n<li style=\"\"><strong>\u00d6ffentliche Verkehrsmittel:<\/strong> U-Bahn blaue Linie, Haltestelle Terreiro do Pa\u00e7o<\/li>\n<\/ul>\n<h3 style=\"\">In Verbindung stehende Artikel:<\/h3>\n<p><a href=\"https:\/\/lisbontouristinformation.com\/de\/sehenswurdigkeiten-in-lissabon\/museum\/\" dynamic-postlink=\"tcb_post_the_permalink\" data-shortcode-id=\"586\"><\/a><\/p>\n<h3 style=\"text-align: center; padding-top: 0px !important; margin-top: 0px !important;\"><span data-attr-link=\"1\" data-attr-rel=\"0\" data-attr-target=\"0\" data-extra_key=\"\" data-option-inline=\"1\" data-shortcode=\"tcb_post_title\" data-shortcode-name=\"Post title\" data-attr-css=\"\" data-attr-static-link=\"{&quot;className&quot;:&quot;&quot;,&quot;href&quot;:&quot;https:\/\/lisbontouristinformation.com\/de\/sehenswurdigkeiten-in-lissabon\/museum\/&quot;,&quot;title&quot;:&quot;10 besten Museen in Lissabon ((mit Tickets))&quot;,&quot;class&quot;:&quot;&quot;}\" style=\"\"><a href=\"https:\/\/lisbontouristinformation.com\/de\/sehenswurdigkeiten-in-lissabon\/museum\/\" title=\"10 besten Museen in Lissabon [mit Tickets]\" data-css=\"\">10 besten Museen in Lissabon [mit Tickets]<\/a><\/span><\/h3>\n<p><a href=\"https:\/\/lisbontouristinformation.com\/de\/sehenswurdigkeiten-in-lissabon\/museum\/\" style=\"\"><span style=\"\"><span style=\"\">Weiterlesen<\/span><\/span><\/a><a href=\"https:\/\/lisbontouristinformation.com\/de\/sehenswurdigkeiten-in-lissabon\/\" dynamic-postlink=\"tcb_post_the_permalink\" data-shortcode-id=\"586\"><\/a><\/p>\n<h3 style=\"text-align: center; padding-top: 0px !important; margin-top: 0px !important;\"><span data-attr-link=\"1\" data-attr-rel=\"0\" data-attr-target=\"0\" data-extra_key=\"\" data-option-inline=\"1\" data-shortcode=\"tcb_post_title\" data-shortcode-name=\"Post title\" data-attr-css=\"\" data-attr-static-link=\"{&quot;className&quot;:&quot;&quot;,&quot;href&quot;:&quot;https:\/\/lisbontouristinformation.com\/de\/sehenswurdigkeiten-in-lissabon\/museum\/&quot;,&quot;title&quot;:&quot;10 besten Museen in Lissabon ((mit Tickets))&quot;,&quot;class&quot;:&quot;&quot;}\" style=\"\"><a href=\"https:\/\/lisbontouristinformation.com\/de\/sehenswurdigkeiten-in-lissabon\/\" title=\"50 besten Sehensw\u00fcrdigkeiten in Lissabon [mit Tickets]\" data-css=\"\">50 besten Sehensw\u00fcrdigkeiten in Lissabon [mit Tickets]<\/a><\/span><\/h3>\n<p><a href=\"https:\/\/lisbontouristinformation.com\/de\/sehenswurdigkeiten-in-lissabon\/\" style=\"\"><span style=\"\"><span style=\"\">Weiterlesen<\/span><\/span><\/a><a href=\"https:\/\/lisbontouristinformation.com\/de\/sehenswurdigkeiten-in-lissabon\/rossio-lissabon\/\" dynamic-postlink=\"tcb_post_the_permalink\" data-shortcode-id=\"586\"><\/a><\/p>\n<h3 style=\"text-align: center; padding-top: 0px !important; margin-top: 0px !important;\"><span data-attr-link=\"1\" data-attr-rel=\"0\" data-attr-target=\"0\" data-extra_key=\"\" data-option-inline=\"1\" data-shortcode=\"tcb_post_title\" data-shortcode-name=\"Post title\" data-attr-css=\"\" data-attr-static-link=\"{&quot;className&quot;:&quot;&quot;,&quot;href&quot;:&quot;https:\/\/lisbontouristinformation.com\/de\/sehenswurdigkeiten-in-lissabon\/museum\/&quot;,&quot;title&quot;:&quot;10 besten Museen in Lissabon ((mit Tickets))&quot;,&quot;class&quot;:&quot;&quot;}\" style=\"\"><a href=\"https:\/\/lisbontouristinformation.com\/de\/sehenswurdigkeiten-in-lissabon\/rossio-lissabon\/\" title=\"Guide zum Bahnhof Rossio in Lissabon: Infos, Fahrplan &amp; Tipps\" data-css=\"\">Guide zum Bahnhof Rossio in Lissabon: Infos, Fahrplan &amp; Tipps<\/a><\/span><\/h3>\n<p><a href=\"https:\/\/lisbontouristinformation.com\/de\/sehenswurdigkeiten-in-lissabon\/rossio-lissabon\/\" style=\"\"><span style=\"\"><span style=\"\">Weiterlesen<\/span><\/span><\/a><a href=\"https:\/\/lisbontouristinformation.com\/de\/sehenswurdigkeiten-in-lissabon\/lissabon-mit-kindern\/\" dynamic-postlink=\"tcb_post_the_permalink\" data-shortcode-id=\"586\"><\/a><\/p>\n<h3 style=\"text-align: center; padding-top: 0px !important; margin-top: 0px !important;\"><span data-attr-link=\"1\" data-attr-rel=\"0\" data-attr-target=\"0\" data-extra_key=\"\" data-option-inline=\"1\" data-shortcode=\"tcb_post_title\" data-shortcode-name=\"Post title\" data-attr-css=\"\" data-attr-static-link=\"{&quot;className&quot;:&quot;&quot;,&quot;href&quot;:&quot;https:\/\/lisbontouristinformation.com\/de\/sehenswurdigkeiten-in-lissabon\/museum\/&quot;,&quot;title&quot;:&quot;10 besten Museen in Lissabon ((mit Tickets))&quot;,&quot;class&quot;:&quot;&quot;}\" style=\"\"><a href=\"https:\/\/lisbontouristinformation.com\/de\/sehenswurdigkeiten-in-lissabon\/lissabon-mit-kindern\/\" title=\"Lissabon mit Kindern: 15 tolle Aktivit\u00e4ten [mit Tickets]\" data-css=\"\">Lissabon mit Kindern: 15 tolle Aktivit\u00e4ten [mit Tickets]<\/a><\/span><\/h3>\n<p><a href=\"https:\/\/lisbontouristinformation.com\/de\/sehenswurdigkeiten-in-lissabon\/lissabon-mit-kindern\/\" style=\"\"><span style=\"\"><span style=\"\">Weiterlesen<\/span><\/span><\/a><\/p>\n","protected":false},"excerpt":{"rendered":"<p>Der majest\u00e4tische Pra\u00e7a do Com\u00e9rcio, ges\u00e4umt von Bars, Restaurants, Caf\u00e9s und Gesch\u00e4ften, ist der wichtigste Platz der Stadt und ein Nationaldenkmal Portugals. Eingebettet zwischen dem ber\u00fchmten Bogen Rua Augusta und dem Hafen von Lissabon ist der ikonische Platz am Flussufer wie ein Tor zur Stadt und hei\u00dft Besucher direkt am Wasser willkommen. Dieses sehenswerte Gebiet [&hellip;]<\/p>\n","protected":false},"author":18,"featured_media":5898,"parent":67,"menu_order":0,"comment_status":"closed","ping_status":"closed","template":"","meta":{"footnotes":""},"tags":[88],"class_list":["post-5509","page","type-page","status-publish","has-post-thumbnail","hentry","tag-things-to-do","post-wrapper","thrv_wrapper"],"_links":{"self":[{"href":"https:\/\/lisbontouristinformation.com\/de\/wp-json\/wp\/v2\/pages\/5509","targetHints":{"allow":["GET"]}}],"collection":[{"href":"https:\/\/lisbontouristinformation.com\/de\/wp-json\/wp\/v2\/pages"}],"about":[{"href":"https:\/\/lisbontouristinformation.com\/de\/wp-json\/wp\/v2\/types\/page"}],"author":[{"embeddable":true,"href":"https:\/\/lisbontouristinformation.com\/de\/wp-json\/wp\/v2\/users\/18"}],"replies":[{"embeddable":true,"href":"https:\/\/lisbontouristinformation.com\/de\/wp-json\/wp\/v2\/comments?post=5509"}],"version-history":[{"count":1,"href":"https:\/\/lisbontouristinformation.com\/de\/wp-json\/wp\/v2\/pages\/5509\/revisions"}],"predecessor-version":[{"id":9020,"href":"https:\/\/lisbontouristinformation.com\/de\/wp-json\/wp\/v2\/pages\/5509\/revisions\/9020"}],"up":[{"embeddable":true,"href":"https:\/\/lisbontouristinformation.com\/de\/wp-json\/wp\/v2\/pages\/67"}],"wp:featuredmedia":[{"embeddable":true,"href":"https:\/\/lisbontouristinformation.com\/de\/wp-json\/wp\/v2\/media\/5898"}],"wp:attachment":[{"href":"https:\/\/lisbontouristinformation.com\/de\/wp-json\/wp\/v2\/media?parent=5509"}],"wp:term":[{"taxonomy":"post_tag","embeddable":true,"href":"https:\/\/lisbontouristinformation.com\/de\/wp-json\/wp\/v2\/tags?post=5509"}],"curies":[{"name":"wp","href":"https:\/\/api.w.org\/{rel}","templated":true}]}}