{"id":5498,"date":"2022-04-19T16:42:05","date_gmt":"2022-04-19T14:42:05","guid":{"rendered":"https:\/\/lisbontouristinformation.com\/de\/?page_id=5498"},"modified":"2024-09-09T11:46:54","modified_gmt":"2024-09-09T10:46:54","slug":"miradouro-de-santa-luzia","status":"publish","type":"page","link":"https:\/\/lisbontouristinformation.com\/de\/sehenswurdigkeiten-in-lissabon\/miradouro-de-santa-luzia\/","title":{"rendered":"Guide zu den Aussichtspunkten Miradouro de Santa Luzia &#038; Portas do Sol"},"content":{"rendered":"<p data-hide=\"true\" id=\"t-1650379347736\">M\u00f6chten Sie einen weiten 360\u00b0-Blick auf die Skyline von Lissabon genie\u00dfen?&nbsp;Lassen Sie sich zwei der begehrtesten Aussichtspunkte in Lissabon vorstellen, <b>Miradouro de Santa Luzia<\/b> und <b>Miradouro das Portas do Sol<\/b>.<\/p>\n<p>Diese langj\u00e4hrigen Favoriten hoch oben auf dem H\u00fcgel im historischen Alfama-Viertel werden Sie begeistern. Nicht umsonst stehen sie auf dem Reiseplan fast jedes Lissabon-Besuchers.<\/p>\n<p>Lesen Sie hier Details \u00fcber die Aussicht, die Atmosph\u00e4re, die beste Besuchszeit und weitere Tipps.<\/p>\n<p style=\"\">Beginnen wir mit Miradouro de Santa Luzia. Danach werfen wir einen Blick auf Miradouro das Portas do Sol!<\/p>\n<p><span><img decoding=\"async\" alt=\"Miradouro de Santa Luzia\" data-id=\"6699\" width=\"702\" data-init-width=\"1000\" height=\"468\" data-init-height=\"667\" title=\"Miradouro de Santa Luzia\" src=\"https:\/\/lisbontouristinformation.com\/de\/wp-content\/uploads\/2022\/06\/Miradouro-de-Santa-Luzia.jpg\" data-width=\"702\" data-height=\"468\" loading=\"lazy\" style=\"aspect-ratio: auto 1000 \/ 667;\"><\/span><\/p>\n<h2 id=\"t-1650379347734\" style=\"\">1. Miradouro de Santa Luzia<\/h2>\n<p>Der Miradouro de Santa Luzia, oder Aussichtspunkt Santa Luzia, ist einer der sch\u00f6nsten Aussichtspunkte in ganz Lissabon. Mit seiner atemberaubenden Aussicht \u00fcber das <a href=\"https:\/\/lisbontouristinformation.com\/de\/hotels-lissabon\/lissabon-wo-uebernachten\/\" style=\"outline: none;\">Alfama-Viertel<\/a> und den h\u00fcbschen B\u00e4nken mit Azulejo &#8211; Fliesen ist es kein Wunder, warum.<\/p>\n<h3 id=\"t-1650379347737\" style=\"\">Aussicht<\/h3>\n<p>Von der landschaftlich gestalteten Terrasse auf zwei Ebenen haben Sie einen perfekten Blick auf das Labyrinth aus engen Gassen, bunten H\u00e4usern und wundersch\u00f6nen Kirchen des Viertels Alfama.<\/p>\n<p>Wenn Sie genau hinsehen, k\u00f6nnen Sie sogar die wei\u00dfe Kuppel des <a href=\"https:\/\/lisbontouristinformation.com\/de\/sehenswurdigkeiten\/igreja-de-santa-engracia\/\" style=\"outline: none;\">National Pantheon<\/a>, die Kirche Santo Est\u00eav\u00e3o und die T\u00fcrme der Kirche S\u00e3o Miguel erkennen.&nbsp;Der Blick reicht bis zum Fluss Tejo, der in den Atlantischen Ozean m\u00fcndet, und manchmal sieht man Kreuzfahrtschiffe, sterben in der Gegend abfahren oder ankommen.<\/p>\n<p>Die mit feinsten Azulejo-Fliesen verzierten B\u00e4nke sind zusammen mit der atemberaubenden Kulisse der perfekte Ort f\u00fcr Fotos. Es hat sich zu einem der instagrammw\u00fcrdigsten Orte der Stadt entwickelt.<\/p>\n<h3 id=\"t-1650379347738\" style=\"\">Atmosph\u00e4re<\/h3>\n<p>Der Miradouro de Santa Luzia liegt in einem kleinen Gartenbereich mit einem Springbrunnen und einem rechteckigen Teich und ist wohl einer der romantischsten Orte der Stadt.<\/p>\n<p>\u2192 Apropos Romantik, paraphieren Sie nicht diese Liste der <a href=\"https:\/\/lisbontouristinformation.com\/de\/hotels-lissabon\/romantische-hotels-lissabon\/\" style=\"outline: none;\">besten Hotels f\u00fcr Flitterwochen und Paare in Lissabon<\/a>.<\/p>\n<p><b>Die intime und gem\u00fctliche Atmosph\u00e4re, die von der unteren Ebene<\/b> des Aussichtsturms ausgeht, wird durch die Kirche Santa Luzia verst\u00e4rkt, die mit wundersch\u00f6nen rosa Bougainvillea bedeckt ist und sich neben der Terrasse befindet. Stra\u00dfenk\u00fcnstler bereichern oft die Nachbarschaft, indem sie eine lebendige Atmosph\u00e4re schaffen, die von allen Besuchern genossen werden, w\u00e4hrend K\u00fcnstler die Nachbarschaft frequentieren, um Kunsthandwerk zu verkaufen.<\/p>\n<p>Wenn Sie hier sitzen, die Aussicht genie\u00dfen und der legend\u00e4ren Stra\u00dfenbahn lauschen, k\u00f6nnen Sie das Flair von Lissabons historischem Herzen so richtig aufsaugen. Wenn Sie Gl\u00fcck haben, k\u00f6nnen Sie sogar sterben Kl\u00e4nge des Fado in der Ferne widerhallen h\u00f6ren.<\/p>\n<p>Die obere Ebene hingegen bietet ein kleines Caf\u00e9, in dem Sie bei einer Kleinigkeit essen oder trinken die herrliche Aussicht genie\u00dfen k\u00f6nnen.<\/p>\n<p><span><img decoding=\"async\" alt=\"Beste Zeit, um Miradouro de Santa Luzia zu besuchen\" data-id=\"6702\" width=\"702\" data-init-width=\"1000\" height=\"468\" data-init-height=\"667\" title=\"Beste Zeit, um Miradouro de Santa Luzia zu besuchen\" src=\"https:\/\/lisbontouristinformation.com\/de\/wp-content\/uploads\/2022\/06\/Best-Time-to-Visit-Miradouro-de-Santa-Luzia.jpg\" data-width=\"702\" data-height=\"468\" loading=\"lazy\" style=\"aspect-ratio: auto 1000 \/ 667;\"><\/span><\/p>\n<h3 id=\"t-1650379347739\" style=\"\"><strong>Beste Zeit f\u00fcr einen Besuch<\/strong><\/h3>\n<p>Der Aussichtspunkt ist zu jeder Tageszeit spektakul\u00e4r, aber am magischsten ist er bei Sonnenuntergang. Wer die Aussicht lieber alleine genie\u00dfen m\u00f6chte, besucht die Terrasse am besten fr\u00fch morgens, wenn es noch nicht so voll ist.<\/p>\n<p>Der pergolabedeckte Aussichtspunkt ist auch ein idealer Ort f\u00fcr sonnige Tage, wobei die Atlantikbrise den Besuchern an hei\u00dfen Sommernachmittagen Erleichterung verschafft.<\/p>\n<h3 id=\"t-1650379347740\" style=\"\">Nicht zu vermissen<\/h3>\n<p>Werfen Sie einen Blick auf die s\u00fcdliche Au\u00dfenwand der angrenzenden <b>Kirche Santa Luzia<\/b> , die von den Malteserrittern gegr\u00fcndet wurde. Dort sehen Sie zwei Wandmalereien aus Azulejos-Fliesen. Das eine zeigt die Pra\u00e7a do Com\u00e9rcio und den alten K\u00f6nigspalast vor dem gro\u00dfen Erdbeben von 1755, das andere den Angriff der Kreuzfahrer auf die <a href=\"https:\/\/lisbontouristinformation.com\/de\/sehenswurdigkeiten\/castelo-de-sao-jorge\/\" style=\"outline: none;\">Burg S\u00e3o Jorge<\/a>&nbsp;im 12. Jahrhundert.<\/p>\n<h3 id=\"t-1650379347741\" style=\"\"><strong>Ort<\/strong><\/h3>\n<p>Largo Santa Luzia, Lissabon, Portugal<\/p>\n<ul>\n<li>Das Viertel Alfama ist ein internationaler Ort, <strong>um etwas zu essen oder ein Glas Wein<\/strong> in einer der <a href=\"https:\/\/lisbontouristinformation.com\/de\/lifestyle\/restaurants-in-lissabon\/cocktailbars-lissabon\/\" style=\"outline: none;\">besten Bars Lissabons zu genie\u00dfen.<\/a><\/li>\n<\/ul>\n<p><span><img decoding=\"async\" alt=\"Miradouro das Portas do Sol in Lissabon in Portugal\" data-id=\"6705\" width=\"702\" data-init-width=\"1000\" height=\"468\" data-init-height=\"667\" title=\"Miradouro das Portas do Sol in Lissabon in Portugal\" src=\"https:\/\/lisbontouristinformation.com\/de\/wp-content\/uploads\/2022\/06\/Miradouro-das-Portas-do-Sol-in-Lisbon-in-Portugal-1.jpg\" data-width=\"702\" data-height=\"468\" style=\"aspect-ratio: auto 1000 \/ 667;\" loading=\"lazy\"><\/span><\/p>\n<h2 id=\"t-1650379347742\"><strong>2. Miradouro das Portas do Sol<\/strong><\/h2>\n<p>Nur wenige Minuten den H\u00fcgel hinauf befindet sich der beliebte und sehr lebhafte Aussichtspunkt Miradouro das Portas do Sol. Wie sein Nachbar bietet es fantastische Ausblicke, die Sie Hals \u00fcber Kopf in die Stadt verlieben werden.<\/p>\n<h3 id=\"t-1650379347743\" style=\"\">Aussicht<\/h3>\n<p>Vom Aussichtsbalkon genie\u00dfen Sie einen Panoramablick, der sich \u00fcber Lissabons \u00e4ltestes Viertel, Alfama, hinunter zum Fluss und hin\u00fcber zu den gegen\u00fcberliegenden Ufern des Tejo erstreckt. Bewundern Sie das Meer aus Terrakottad\u00e4chern und Kopfsteinpflasterstra\u00dfen, ein echtes Lissabon-Erlebnis.<\/p>\n<p>Die Aussicht von diesem Standort ist einzigartig, da er direkt auf das Kloster S\u00e3o Vicente de Fora blickt. Dieser Anblick macht den Ort zu einem bedeutenden Ort f\u00fcr postkartenw\u00fcrdige Bilder.<\/p>\n<h3 id=\"t-1650379347744\" style=\"\">Atmosph\u00e4re<\/h3>\n<p>W\u00e4hrend Santa Luzia mit seiner romantischen Umgebung bezaubert, zieht Miradouro das Portas do Sol mit seiner soliden und pulsierenden Energie an. Der Aussichtspunkt ist von mehreren Pl\u00e4tzen und Springbrunnen umgeben, wo Stra\u00dfenmusiker f\u00fcr Einheimische und Touristen aus aller Welt spielen, die sich hier gerne versammeln.<\/p>\n<p>Dort finden Sie auch einen der ber\u00fchmten Kioske der Stadt, der ideale Ort, um langsamer zu werden und ein erfrischendes Glas Sangria und ein k\u00f6stliches Geb\u00e4ck zu genie\u00dfen.<\/p>\n<p><span><img decoding=\"async\" alt=\"Beste Zeit, um Miradouro das Portas do Sol in Lissabon zu besuchen\" data-id=\"6708\" width=\"702\" data-init-width=\"1000\" height=\"468\" data-init-height=\"667\" title=\"Beste Zeit, um Miradouro das Portas do Sol in Lissabon zu besuchen\" src=\"https:\/\/lisbontouristinformation.com\/de\/wp-content\/uploads\/2022\/06\/Best-Time-to-Visit-Miradouro-das-Portas-do-Sol-in-Lisbon-1.jpg\" data-width=\"702\" data-height=\"468\" loading=\"lazy\" style=\"aspect-ratio: auto 1000 \/ 667;\"><\/span><\/p>\n<h3 id=\"t-1650379347745\" style=\"\">Beste Zeit f\u00fcr einen Besuch<\/h3>\n<p>Wenn Sie in der Abendd\u00e4mmerung kommen, werden Sie von den neuen Farbt\u00f6nen verzaubert sein, sterben sterben Geb\u00e4ude im Licht der untergehenden Sonne annehmen.<\/p>\n<h3 id=\"t-1650379347746\" style=\"\">Nicht zu vermissen<\/h3>\n<p>In der N\u00e4he des Aussichtspunkts finden Sie eine Statue, die ein Boot h\u00e4lt, das von zwei Raben gekennzeichnet ist. Diese Statue ist Saint Vincent, der Schutzpatron von Lissabon.<\/p>\n<h3 id=\"t-1650379347747\" style=\"\"><strong>Ort<\/strong><\/h3>\n<p style=\"\">Largo Portas do Sol, Lissabon, Portugal<\/p>\n<p><span><img decoding=\"async\" alt=\"So kommen Sie zu den Aussichtspunkten Santa Luzia und Portas do Sol\" data-id=\"6709\" width=\"702\" data-init-width=\"1000\" height=\"468\" data-init-height=\"667\" title=\"So kommen Sie zu den Aussichtspunkten Santa Luzia und Portas do Sol\" src=\"https:\/\/lisbontouristinformation.com\/de\/wp-content\/uploads\/2022\/06\/How-to-Get-to-Santa-Luzia-Portas-do-Sol-Viewpoints.jpg\" data-width=\"702\" data-height=\"468\" loading=\"lazy\" style=\"aspect-ratio: auto 1000 \/ 667;\"><\/span><\/p>\n<h2 id=\"t-1650379347735\" data-alt-text=\"How to Get there?\" style=\"\">Wie kommt man zu den Aussichtspunkten Santa Luzia und Portas do Sol?<\/h2>\n<p>Die beiden Aussichtspunkte liegen nur wenige Meter voneinander entfernt im Stadtteil Alfama, nicht weit von der Burg S\u00e3o Jorge entfernt.<\/p>\n<p>Der beste Weg, sie zu erreichen, ist ein Spaziergang vom <a href=\"https:\/\/lisbontouristinformation.com\/de\/plan-your-travel-to-lisbon\/districts-of-lisbon\/\" style=\"outline: none;\">Viertel Baixa<\/a>, wodurch Sie den Charme des historischen Viertels entdecken k\u00f6nnen.<\/p>\n<p>Wenn Sie lieber mit <a href=\"https:\/\/lisbontouristinformation.com\/de\/arrival\/lissabon-oeffentliche-verkehrsmittel\/\" style=\"outline: none;\">den \u00f6ffentlichen Verkehrsmitteln von Lissabon<\/a> fahren m\u00f6chten, nehmen Sie den Bus 737, der an der Ecke Miradouro de Santa Luzia h\u00e4lt, oder die Stra\u00dfenbahn (Linie 12 oder 28 bis zur Haltestelle Lg. Portas Sol).<b> <\/b><\/p>\n<h3 id=\"t-1650379347748\" data-alt-text=\"Travelers' Tip\" style=\"\"><strong>Reisetipp:&nbsp;<\/strong><\/h3>\n<ul>\n<li style=\"\">Sie interessieren sich f\u00fcr das historische Alfama-Viertel? Die <a href=\"https:\/\/web.yourmobileguide.com\/tabs\/tour-page\/472\" target=\"_blank\" style=\"outline: none;\" rel=\"noopener\">selbstgef\u00fchrte Taste of Alfama Tour<\/a> von YourMobileGuide f\u00fchrt Sie zu beiden Aussichtspunkten und anderen Sehensw\u00fcrdigkeiten des alten Viertels und stellt Ihnen gleichzeitig die kulinarische Seite von Lissabon vor.<\/li>\n<\/ul>\n<p style=\"\">Jetzt wissen Sie alles \u00fcber zwei der sch\u00f6nsten Aussichtspunkte der Stadt. Da sie nur wenige Minuten voneinander entfernt sind, empfehlen wir Ihnen, <strong>beide zu besuchen<\/strong> und das besondere Flair auf sich wirken zu lassen.<\/p>\n<p>Wenn Sie die anderen Sch\u00e4tze kennenlernen m\u00f6chten, die im historischen Alfama-Viertel verborgen sind, lesen Sie unseren <a href=\"https:\/\/lisbontouristinformation.com\/de\/planen\/stadtteile-von-lissabon\/alfama-lissabon\/\" style=\"outline: none;\"><b>Leitfaden f\u00fcr Alfama<\/b><\/a>&nbsp; &nbsp;und unseren Artikel \u00fcber eine&nbsp;<a href=\"https:\/\/lisbontouristinformation.com\/de\/planen\/lissabon-in-3-tagen\/\" style=\"outline: none;\"><b>dreit\u00e4gige Reiseroute in Lissabon<\/b><\/a>, in dem Alfama, die wichtigsten Highlights und Bel\u00e9m behandelt werden.<\/p>\n<h3 id=\"t-1650379347749\" style=\"\">Verwandte Artikel:<\/h3>\n<p><a href=\"https:\/\/lisbontouristinformation.com\/de\/sehenswurdigkeiten-in-lissabon\/\" dynamic-postlink=\"tcb_post_the_permalink\" data-shortcode-id=\"5414\"><\/a><\/p>\n<h3 style=\"text-align: center; padding-top: 0px !important; margin-top: 0px !important;\" id=\"t-1650379347750\" data-hide=\"true\"><span data-attr-link=\"1\" data-attr-rel=\"0\" data-attr-target=\"0\" data-extra_key=\"\" data-option-inline=\"1\" data-shortcode=\"tcb_post_title\" data-shortcode-name=\"Post title\" data-attr-css=\"\" data-attr-static-link=\"{&quot;className&quot;:&quot;&quot;,&quot;href&quot;:&quot;https:\/\/lisbontouristinformation.com\/de\/sehenswurdigkeiten-in-lissabon\/&quot;,&quot;title&quot;:&quot;50 besten Sehensw\u00fcrdigkeiten in Lissabon ((mit Tickets))&quot;,&quot;class&quot;:&quot;&quot;}\" style=\"\"><a href=\"https:\/\/lisbontouristinformation.com\/de\/sehenswurdigkeiten-in-lissabon\/\" title=\"50 besten Sehensw\u00fcrdigkeiten in Lissabon [mit Tickets]\" data-css=\"\">50 besten Sehensw\u00fcrdigkeiten in Lissabon [mit Tickets]<\/a><\/span><\/h3>\n<p><a href=\"https:\/\/lisbontouristinformation.com\/de\/sehenswurdigkeiten-in-lissabon\/\"><span style=\"\"><span style=\"\">Weiterlesen<\/span><\/span><\/a><a href=\"https:\/\/lisbontouristinformation.com\/de\/planen\/stadtteile-von-lissabon\/alfama-lissabon\/\" dynamic-postlink=\"tcb_post_the_permalink\" data-shortcode-id=\"5414\"><\/a><\/p>\n<h3 style=\"text-align: center; padding-top: 0px !important; margin-top: 0px !important;\" id=\"t-1650379347750\" data-hide=\"true\"><span data-attr-link=\"1\" data-attr-rel=\"0\" data-attr-target=\"0\" data-extra_key=\"\" data-option-inline=\"1\" data-shortcode=\"tcb_post_title\" data-shortcode-name=\"Post title\" data-attr-css=\"\" data-attr-static-link=\"{&quot;className&quot;:&quot;&quot;,&quot;href&quot;:&quot;https:\/\/lisbontouristinformation.com\/de\/sehenswurdigkeiten-in-lissabon\/&quot;,&quot;title&quot;:&quot;50 besten Sehensw\u00fcrdigkeiten in Lissabon ((mit Tickets))&quot;,&quot;class&quot;:&quot;&quot;}\" style=\"\"><a href=\"https:\/\/lisbontouristinformation.com\/de\/planen\/stadtteile-von-lissabon\/alfama-lissabon\/\" title=\"Der Stadtteil Alfama in Lissabon: Top-Attraktionen &amp; Tipps\" data-css=\"\">Der Stadtteil Alfama in Lissabon: Top-Attraktionen &amp; Tipps<\/a><\/span><\/h3>\n<p><a href=\"https:\/\/lisbontouristinformation.com\/de\/planen\/stadtteile-von-lissabon\/alfama-lissabon\/\"><span style=\"\"><span style=\"\">Weiterlesen<\/span><\/span><\/a><a href=\"https:\/\/lisbontouristinformation.com\/de\/sehenswurdigkeiten-in-lissabon\/lissabon-mit-kindern\/\" dynamic-postlink=\"tcb_post_the_permalink\" data-shortcode-id=\"5414\"><\/a><\/p>\n<h3 style=\"text-align: center; padding-top: 0px !important; margin-top: 0px !important;\" id=\"t-1650379347750\" data-hide=\"true\"><span data-attr-link=\"1\" data-attr-rel=\"0\" data-attr-target=\"0\" data-extra_key=\"\" data-option-inline=\"1\" data-shortcode=\"tcb_post_title\" data-shortcode-name=\"Post title\" data-attr-css=\"\" data-attr-static-link=\"{&quot;className&quot;:&quot;&quot;,&quot;href&quot;:&quot;https:\/\/lisbontouristinformation.com\/de\/sehenswurdigkeiten-in-lissabon\/&quot;,&quot;title&quot;:&quot;50 besten Sehensw\u00fcrdigkeiten in Lissabon ((mit Tickets))&quot;,&quot;class&quot;:&quot;&quot;}\" style=\"\"><a href=\"https:\/\/lisbontouristinformation.com\/de\/sehenswurdigkeiten-in-lissabon\/lissabon-mit-kindern\/\" title=\"Lissabon mit Kindern: 15 tolle Aktivit\u00e4ten [mit Tickets]\" data-css=\"\">Lissabon mit Kindern: 15 tolle Aktivit\u00e4ten [mit Tickets]<\/a><\/span><\/h3>\n<p><a href=\"https:\/\/lisbontouristinformation.com\/de\/sehenswurdigkeiten-in-lissabon\/lissabon-mit-kindern\/\"><span style=\"\"><span style=\"\">Weiterlesen<\/span><\/span><\/a><\/p>\n","protected":false},"excerpt":{"rendered":"<p>M\u00f6chten Sie einen weiten 360\u00b0-Blick auf die Skyline von Lissabon genie\u00dfen?&nbsp;Lassen Sie sich zwei der begehrtesten Aussichtspunkte in Lissabon vorstellen, Miradouro de Santa Luzia und Miradouro das Portas do Sol. Diese langj\u00e4hrigen Favoriten hoch oben auf dem H\u00fcgel im historischen Alfama-Viertel werden Sie begeistern. Nicht umsonst stehen sie auf dem Reiseplan fast jedes Lissabon-Besuchers. Lesen [&hellip;]<\/p>\n","protected":false},"author":18,"featured_media":5897,"parent":67,"menu_order":0,"comment_status":"closed","ping_status":"closed","template":"","meta":{"footnotes":""},"tags":[88],"class_list":["post-5498","page","type-page","status-publish","has-post-thumbnail","hentry","tag-things-to-do","post-wrapper","thrv_wrapper"],"_links":{"self":[{"href":"https:\/\/lisbontouristinformation.com\/de\/wp-json\/wp\/v2\/pages\/5498","targetHints":{"allow":["GET"]}}],"collection":[{"href":"https:\/\/lisbontouristinformation.com\/de\/wp-json\/wp\/v2\/pages"}],"about":[{"href":"https:\/\/lisbontouristinformation.com\/de\/wp-json\/wp\/v2\/types\/page"}],"author":[{"embeddable":true,"href":"https:\/\/lisbontouristinformation.com\/de\/wp-json\/wp\/v2\/users\/18"}],"replies":[{"embeddable":true,"href":"https:\/\/lisbontouristinformation.com\/de\/wp-json\/wp\/v2\/comments?post=5498"}],"version-history":[{"count":1,"href":"https:\/\/lisbontouristinformation.com\/de\/wp-json\/wp\/v2\/pages\/5498\/revisions"}],"predecessor-version":[{"id":9021,"href":"https:\/\/lisbontouristinformation.com\/de\/wp-json\/wp\/v2\/pages\/5498\/revisions\/9021"}],"up":[{"embeddable":true,"href":"https:\/\/lisbontouristinformation.com\/de\/wp-json\/wp\/v2\/pages\/67"}],"wp:featuredmedia":[{"embeddable":true,"href":"https:\/\/lisbontouristinformation.com\/de\/wp-json\/wp\/v2\/media\/5897"}],"wp:attachment":[{"href":"https:\/\/lisbontouristinformation.com\/de\/wp-json\/wp\/v2\/media?parent=5498"}],"wp:term":[{"taxonomy":"post_tag","embeddable":true,"href":"https:\/\/lisbontouristinformation.com\/de\/wp-json\/wp\/v2\/tags?post=5498"}],"curies":[{"name":"wp","href":"https:\/\/api.w.org\/{rel}","templated":true}]}}