{"id":5491,"date":"2022-04-18T16:25:27","date_gmt":"2022-04-18T14:25:27","guid":{"rendered":"https:\/\/lisbontouristinformation.com\/de\/?page_id=5491"},"modified":"2024-09-09T11:48:16","modified_gmt":"2024-09-09T10:48:16","slug":"kathedrale-von-lissabon","status":"publish","type":"page","link":"https:\/\/lisbontouristinformation.com\/de\/sehenswurdigkeiten-in-lissabon\/kathedrale-von-lissabon\/","title":{"rendered":"Guide zur Kathedrale von Lissabon (Catedral S\u00e9 Patriarcal)"},"content":{"rendered":"<p><span style=\"font-size: 20px !important;\">Die Kathedrale von Lissabon, die seit dem 12. Jahrhundert majest\u00e4tisch im Stadtteil Alfama steht, ist eines der unverwechselbaren Symbole Lissabons.<\/span><\/p>\n<p style=\"\">Die mittelalterliche Kathedrale wurde 1147 von den christlichen Kreuzfahrern erbaut und ist die \u00e4lteste und gr\u00f6\u00dfte Kirche der Stadt. Es ist auch der Sitz des Patriarchats von Lissabon und als <strong>Nationaldenkmal von Portugal<\/strong>&nbsp;aufgef\u00fchrt.<\/p>\n<p style=\"\">Machen Sie sich bereit, von der <strong>wunderbaren Verschmelzung architektonischer Stile sowie ausgegrabenen r\u00f6mischen Ruinen, den Reliquien des Heiligen Vinzenz und der pr\u00e4chtigen Schatzkammer verbl\u00fcfft zu sein.<\/strong><\/p>\n<p style=\"\">In diesem Guide erfahren Sie alles, was Sie vor Ihrem Besuch wissen m\u00fcssen, wie Geschichte, Eintrittspreise und \u00d6ffnungszeiten.<\/p>\n<p style=\"\">Beginnen wir mit den wichtigsten Sehensw\u00fcrdigkeiten!<\/p>\n<h2 id=\"t-1650291944115\" style=\"\">Was kan ich in der Kathedrale von Lissabon sehen und machen?<\/h2>\n<p style=\"\">Die Kathedrale von Lissabon, auch S\u00e9-Kathedrale oder einfach S\u00e9 genannt, ist ein wichtiges Wahrzeichen Lissabons von immenser historischer, architektonischer und religi\u00f6ser Bedeutung.<\/p>\n<p><b>Erfahren Sie mehr \u00fcber die Highlights des Doms in unserer \u00dcbersicht unten:<\/b><\/p>\n<p><span><img decoding=\"async\" alt=\"Aktivit\u00e4ten in der Kathedrale von Lissabon\" data-id=\"6587\" width=\"702\" data-init-width=\"1000\" height=\"527\" data-init-height=\"751\" title=\"Aktivit\u00e4ten in der Kathedrale von Lissabon\" src=\"https:\/\/lisbontouristinformation.com\/de\/wp-content\/uploads\/2022\/06\/Things-to-do-at-Lisbon-Cathedral-1.jpg\" data-width=\"702\" data-height=\"527\" style=\"aspect-ratio: auto 1000 \/ 751;\" loading=\"lazy\"><\/span><\/p>\n<h3 style=\"\">1. Architektur der Kathedrale von Lissabon<\/h3>\n<p>Nehmen Sie sich vor dem Betreten der Kathedrale Zeit, um das markante \u00c4u\u00dfere zu bewundern, das eher einer Festung als einer Kirche \u00e4hnelt. Die <b>mittelalterlich anmutende Fassade<\/b> sticht mit einer Rosette, m\u00e4chtigen Mauern und zwei zinnenbewehrten Glockent\u00fcrmen hervor.<\/p>\n<p>Die Kathedrale von Lissabon wurde mehrmals umgebaut, was zu einer gro\u00dfartigen <b>Mischung architektonischer Stile f\u00fchrte. <\/b>Bei n\u00e4herer Betrachtung k\u00f6nnen Sie Elemente der Gotik, des Neoklassizismus und der Romanik erkennen.<\/p>\n<p style=\"\"><b>Tipp:<\/b>&nbsp;Treten Sie etwas zur\u00fcck und halten Sie Ihre Kamera bereit, denn wenn die ber\u00fchmte gelbe Stra\u00dfenbahn direkt vor der Kathedrale von Lissabon vorbeif\u00e4hrt, erhalten Sie mit Sicherheit ein&nbsp;<b>postkartenw\u00fcrdiges Foto<\/b> .<\/p>\n<h3 style=\"\">2. Schlendern Sie durch die Kathedrale<\/h3>\n<p>Betreten Sie die Kathedrale und g\u00f6nnen Sie sich einen Moment, um das ziemlich h\u00f6hlenartige und d\u00fcstere Innere zu genie\u00dfen. Wenn Sie unter den Gew\u00f6lbedecken und gotischen B\u00f6gen herumlaufen, werden Sie \u00fcberrascht sein, wie einfach und schlicht sie im Vergleich zu anderen Kirchen der Stadt ist. Es sind jedoch die architektonischen Details, die Sie beeindrucken werden.<\/p>\n<p>Beachten Sie die <b>barocke Sakristei aus dem 17. Jahrhundert<\/b>, die einen Schrein beherbergt und mit polychromem Marmor, Skulpturen portugiesischer Heiliger und einer au\u00dfergew\u00f6hnlichen Stuckdecke geschm\u00fcckt ist.<\/p>\n<p style=\"\">Gehen Sie zum <b>Baptisterium<\/b>, das mit Kachelplatten und einem vergoldeten schmiedeeisernen Gel\u00e4nder geschm\u00fcckt ist, und suchen Sie nach dem&nbsp;<b>Taufbecken, in dem der Schutzpatron der Stadt Lissabon, der heilige Antonius von Padua,<\/b>&nbsp;1195 getauft worden sein soll. An der Wand der Treppe, die zum hohen Chor f\u00fchrt, sehen Sie das&nbsp;<b>ber\u00fchmte Antoniuskreuz.<\/b><\/p>\n<p><span><img decoding=\"async\" alt=\"Bewundern Sie die Kapellen der Kathedrale von Lissabon\" data-id=\"6590\" width=\"702\" data-init-width=\"1000\" height=\"468\" data-init-height=\"667\" title=\"Bewundern Sie die Kapellen der Kathedrale von Lissabon\" src=\"https:\/\/lisbontouristinformation.com\/de\/wp-content\/uploads\/2022\/06\/Admire-the-Chapels-of-Lisbon-Cathedral-1.jpg\" data-width=\"702\" data-height=\"468\" style=\"aspect-ratio: auto 1000 \/ 667;\" loading=\"lazy\"><\/span><\/p>\n<h3 style=\"\">3. Bewundern Sie die Kapellen<\/h3>\n<p>Bewundern Sie unbedingt die neun strahlenden Kapellen, die bedeutenden portugiesischen Pers\u00f6nlichkeiten gewidmet sind. Von besonderer Bedeutung sind die <b>neoklassizistische Hauptkapelle<\/b>, in der K\u00f6nig Alfonso IV und andere seiner Familie begraben wurden, und die&nbsp;<b>Kapelle von St. Ildefonso<\/b> mit einer wunderbaren Lehmkrippe, die vom Bildhauer Joaquim Machado de Castro geschaffen wurde.<\/p>\n<p style=\"\">Ebenso beeindruckend ist die <b>Bartholom\u00e4us-Joanes-Kapelle<\/b> mit einer erstaunlichen Reihe von Renaissance-Gem\u00e4lden, die Szenen aus dem Leben Jesu Christi darstellen.<\/p>\n<p><span><img decoding=\"async\" alt=\"Erkunden Sie die arch\u00e4ologischen Ausgrabungen im Kreuzgang\" data-id=\"6592\" width=\"702\" data-init-width=\"1000\" height=\"468\" data-init-height=\"667\" title=\"Erkunden Sie die arch\u00e4ologischen Ausgrabungen im Kreuzgang\" src=\"https:\/\/lisbontouristinformation.com\/de\/wp-content\/uploads\/2022\/06\/Explore-Archaeological-Excavations-in-the-Cloister-1.jpg\" data-width=\"702\" data-height=\"468\" style=\"aspect-ratio: auto 1000 \/ 667;\" loading=\"lazy\"><\/span><\/p>\n<h3 style=\"\">4. Erkunden Sie die arch\u00e4ologischen Ausgrabungen im Kreuzgang<\/h3>\n<p>Auf der Ostseite der Kathedrale von Lissabon befindet sich auch der <b>Kreuzgang<\/b>, der im 13. Jahrhundert von K\u00f6nig Dinis von Portugal in Auftrag gegeben wurde.&nbsp;Obwohl der Kreuzgang im gotischen Stil bei einem Erdbeben besch\u00e4digt wurde, sind die \u00dcberreste eine Entdeckung wert. Es gibt mehrere <b>Gr\u00e4ber und Sarkophage<\/b> mit den \u00dcberresten wichtiger Pers\u00f6nlichkeiten.<\/p>\n<p>Bemerkenswert sind die laufenden arch\u00e4ologischen Ausgrabungen. Die darunter liegenden Teile einer ehemaligen Moscheemauer wurden freigelegt, ebenso wie ein Abschnitt der R\u00f6merstra\u00dfe und \u00dcberreste der westgotischen Besetzung. <b>Arch\u00e4ologische Funde<\/b> aus der maurischen, westgotischen und r\u00f6mischen Epoche wurden im Hof der Kathedrale entdeckt und sind nun f\u00fcr Besucher ausgestellt.<\/p>\n<h3 style=\"\">5. Werfen Sie einen Blick auf die Garderobe des Patriarchen<\/h3>\n<p>Dies ist die Kammer, in der sich der Patriarch zu kleiden pflegte. Heute k\u00f6nnen Sie hier beeindruckende Kunstwerke sehen, wie das barocke Altarbild aus geschnitztem vergoldetem Holz, das Patriarchalkreuz, das Magna-Kap und die Skulptur der Heiligen Anna mit der Jungfrau Maria.<\/p>\n<h3 style=\"\">6. Gehen Sie zum Hohen Chor<\/h3>\n<p>Begeben Sie sich zum Hohen Chor f\u00fcr einen der faszinierendsten Ausblicke auf die Kathedrale von Lissabon.<\/p>\n<p>Von hier aus k\u00f6nnen Sie das gesamte Kirchenschiff bis zum Chor \u00fcberblicken und einen Blick auf die sch\u00f6ne Rosette erhaschen, die eine romanische Fassade schm\u00fcckt.<\/p>\n<p><span><img decoding=\"async\" alt=\"Besuchen Sie die Schatzkammer in der Kathedrale von Lissabon\" data-id=\"6594\" width=\"702\" data-init-width=\"1000\" height=\"468\" data-init-height=\"667\" title=\"Besuchen Sie die Schatzkammer in der Kathedrale von Lissabon\" src=\"https:\/\/lisbontouristinformation.com\/de\/wp-content\/uploads\/2022\/06\/Visit-the-Treasury-in-Lisbon-Cathedral-1.jpg\" data-width=\"702\" data-height=\"468\" style=\"aspect-ratio: auto 1000 \/ 667;\" loading=\"lazy\"><\/span><\/p>\n<h3 style=\"\">7. Besuchen Sie die Schatzkammer<\/h3>\n<p>Ein weiteres Highlight der Kathedrale von Lissabon wird in der Schatzkammer aufbewahrt. Sie finden es auf der zweiten Ebene der Kathedrale. Gehen Sie nach oben und besuchen Sie die <b>vier Kammern<\/b> voller wertvoller Juwelen, Gew\u00e4nder und Relikte aus der portugiesischen Geschichte.<\/p>\n<ul>\n<li><b>1. Kammer:<\/b>&nbsp;Der Raum \u201eReliquien und Reliquien\u201c zeigt Reliquien aus der Domsammlung mit Schwerpunkt auf den beiden Reliquien des Heiligen Vinzenz.<\/li>\n<li><b>2.&nbsp;Kammer: <span style=\"font-weight: normal;\">Dieser Saal<\/span><\/b> mit dem Namen \u201eDas liturgische Jahr\u201c ist dem von der katholischen Kirche eingef\u00fchrten liturgischen Kalender gewidmet. Zu sehen sind unter anderem Skulpturen und Gem\u00e4lde, die einige der christlichen Mysterien hervorheben.<\/li>\n<li><b>3.&nbsp;Kammer: <span style=\"font-weight: normal;\">Der pr\u00e4chtige \u201eKapitelsaal\u201c,<\/span><\/b><span style=\"font-weight: normal;\">&nbsp;<\/span>der im 18. Jahrhundert \u00fcber der Sakristei der Kirche erbaut wurde, beherbergt unter anderem die patriarchalische Tiara, den Gestatatorstuhl und das Flabellum.<\/li>\n<li><b>4. <sup><\/sup>Kammer:<\/b> In diesem Saal ist ein Teil der gegenw\u00e4rtigen bibliographischen und archivarischen Sammlung des Doms zu sehen.<\/li>\n<\/ul>\n<h3 style=\"\">8. Besuchen Sie eine Messe oder eine Feier<\/h3>\n<p style=\"\">F\u00fcr das Gebet ist ein Raum reserviert, zu dem alle Besucher freien Zugang haben.<\/p>\n<p style=\"\">Messen finden jeden Mittwoch um 18:30 Uhr und jeden Sonntag um 11:30 Uhr in portugiesischer Sprache statt.<\/p>\n<p style=\"\">Ausf\u00fchrliche Informationen finden Sie auf der&nbsp;<a href=\"https:\/\/www.sedelisboa.pt\/celebrations\/?lang=en\" style=\"outline: none;\" target=\"_blank\" rel=\"noopener\">offiziellen Website<\/a>.<\/p>\n<h2 id=\"t-1650291944116\" data-alt-text=\"Entrance, Tickets, and Tours\">Eintritt, Tickets und F\u00fchrungen zur Kathedrale von Lissabon<\/h2>\n<ul>\n<li><strong>Eintritt:<\/strong> Die Kirche ist von Montag bis Samstag ge\u00f6ffnet. An Sonn- und Feiertagen ist es geschlossen. November bis Mai: von 10:00 bis 18:00 Uhr. Juni bis Oktober: von 9:30 bis 19:00 Uhr.<\/li>\n<li><strong>Eintrittskarten:<\/strong> Der Eintritt zur Kathedrale von Lissabon betr\u00e4gt 4\u20ac. Freier Eintritt f\u00fcr Kinder bis 6 Jahre. Das Ticket beinhaltet den Besuch der Schatzkammer, den Aufstieg zum Hohen Chor und einen Spaziergang durch die Kirchenschiffe und Kreuzg\u00e4nge des Doms. Weitere Informationen finden Sie auf der <a href=\"https:\/\/www.sedelisboa.pt\/tickets\/?lang=en\" style=\"outline: none;\" target=\"_blank\" rel=\"noopener\">offiziellen Website<\/a>.<\/li>\n<li><strong>Touren:<\/strong> Es gibt viele Wandertouren, die die Kathedrale von Lissabon beinhalten.<\/li>\n<li><strong>Reisetipps:<\/strong> M\u00f6chten Sie die Kathedrale von Lissabon besuchen und das historische Viertel Alfama und einige der ber\u00fchmtesten Geschm\u00e4cker Lissabons auf eigener Faust kennenlernen? Dann empfehlen wir Ihnen die selbstgef\u00fchrte Tour \u201e<a href=\"https:\/\/web.yourmobileguide.com\/tabs\/tour-page\/472\" style=\"outline: none;\" target=\"_blank\" rel=\"noopener\">Taste of Alfama<\/a>\u201c von YourMobileGuide.<\/li>\n<\/ul>\n<h2 id=\"t-1650291944117\" style=\"\">Wie kommt man zur Kathedrale von Lissabon?<\/h2>\n<ul>\n<li style=\"\"><b>Vom Pra\u00e7a do Com\u00e9rcio:<\/b> Sie k\u00f6nnen die Kathedrale von Lissabon nach einem kleinen 7-min\u00fctigen Spaziergang erreichen.<\/li>\n<li>Aus anderen Teilen der Stadt nehmen Sie die Tram 28E oder Tram 12 und steigen an der Haltestelle Limoeiro aus.&nbsp;Die Stra\u00dfenbahn 28E f\u00e4hrt direkt an der Kathedrale vorbei.<\/li>\n<\/ul>\n<h2 style=\"\" id=\"t-1650291944118\" data-alt-text=\"FAQ\">H\u00e4ufig gestellte Fragen zur Kathedrale von Lissabon<\/h2>\n<p><span><img decoding=\"async\" alt=\"Historische Fakten &amp; Infos \u00fcber die Kathedrale von Lissabon\" data-id=\"6597\" width=\"702\" data-init-width=\"1000\" height=\"469\" data-init-height=\"668\" title=\"Historische Fakten &amp; Infos \u00fcber die Kathedrale von Lissabon\" src=\"https:\/\/lisbontouristinformation.com\/de\/wp-content\/uploads\/2022\/06\/Historical-Facts-Info-about-Lisbon-Cathedral-1.jpg\" data-width=\"702\" data-height=\"469\" style=\"aspect-ratio: auto 1000 \/ 668;\" loading=\"lazy\"><\/span><\/p>\n<h2 id=\"t-1650291944119\" data-alt-text=\"Historical Facts &amp; Info \" style=\"\">Historische Fakten &amp; Infos \u00fcber die Kathedrale von Lissabon<\/h2>\n<p>Die Kathedrale von Lissabon oder S\u00e9 de Lisboa (offiziell: Santa Maria Maior de Lisboa) wurde erstmals 1147 von christlichen Truppen unter K\u00f6nig Afonso Henriquez errichtet, der die nordafrikanischen Mauren besiegte.<\/p>\n<p>Die Kirche r\u00fcckte die Religion in den Mittelpunkt der portugiesischen Gemeinschaft und wurde zu einem einzelnen Teil der portugiesischen Gesellschaft, da sie der Ort f\u00fcr Hochzeiten, Beerdigungen und Taufen der wohlhabenden Elite und der Adelsklassen war.<\/p>\n<p>Wie viele Geb\u00e4ude in Lissabon wurde es durch mehrere Erdbeben besch\u00e4digt, insbesondere durch das gro\u00dfe von 1755. Vieles wurde renoviert, restauriert und modifiziert, was zu einer Mischung aus gotischen, modernen und romanischen Baustilen f\u00fchrte.<\/p>\n<p>Nach einer umfassenden Renovierung im 20. Jahrhundert erhielt der Dom sein heutiges mittelalterliches Aussehen. 1910 wurde die Kathedrale von Lissabon zum Nationaldenkmal erkl\u00e4rt.<\/p>\n<p>W\u00e4hrend der 1990 begonnenen laufenden Ausgrabungen im zentralen Hof des Klosters wurden Schichten aus r\u00f6mischer, maurischer und westgotischer Zeit freigelegt.<\/p>\n<h2 id=\"t-1650291944120\" style=\"\">Kontakt &amp; Karte<\/h2>\n<ul>\n<li><strong>Adresse:&nbsp;<\/strong>S\u00e9 de Lisboa, Largo da S\u00e9, 1100-585 Lissabon<\/li>\n<li><strong>\u00d6ffnungszeiten:<\/strong> Ge\u00f6ffnet von Montag bis Samstag. November bis Mai: 10:00 \u2013 18:00; Juni bis Oktober: 9:30 &#8211; 19:00 Uhr<\/li>\n<li><strong>\u00d6ffentliche Verkehrsmittel:<\/strong> Mit der Tram 28E steigen Sie an der Haltestelle Limoeiro aus<\/li>\n<li style=\"\"><strong>Offizielle Website: <\/strong><a href=\"https:\/\/www.sedelisboa.pt\/?lang=en\" style=\"outline: none;\" data-lt-tmp-id=\"lt-724869\" spellcheck=\"false\" target=\"_blank\" rel=\"noopener\">SeDeLisboa.pt\/en<\/a><\/li>\n<\/ul>\n<h3 style=\"\">In Verbindung stehende Artikel:<\/h3>\n<p><a href=\"https:\/\/lisbontouristinformation.com\/de\/sehenswurdigkeiten-in-lissabon\/\" dynamic-postlink=\"tcb_post_the_permalink\" data-shortcode-id=\"67\"><\/a><\/p>\n<h3 style=\"text-align: center; padding-top: 0px !important; margin-top: 0px !important;\"><span data-attr-link=\"1\" data-attr-rel=\"0\" data-attr-target=\"0\" data-extra_key=\"\" data-option-inline=\"1\" data-shortcode=\"tcb_post_title\" data-shortcode-name=\"Post title\" data-attr-css=\"\" data-attr-static-link=\"{&quot;className&quot;:&quot;&quot;,&quot;href&quot;:&quot;https:\/\/lisbontouristinformation.com\/de\/sehenswurdigkeiten-in-lissabon\/&quot;,&quot;title&quot;:&quot;50 besten Sehensw\u00fcrdigkeiten in Lissabon ((mit Tickets))&quot;,&quot;class&quot;:&quot;&quot;}\" style=\"\"><a href=\"https:\/\/lisbontouristinformation.com\/de\/sehenswurdigkeiten-in-lissabon\/\" title=\"50 besten Sehensw\u00fcrdigkeiten in Lissabon [mit Tickets]\" data-css=\"\">50 besten Sehensw\u00fcrdigkeiten in Lissabon [mit Tickets]<\/a><\/span><\/h3>\n<p><a href=\"https:\/\/lisbontouristinformation.com\/de\/sehenswurdigkeiten-in-lissabon\/\" style=\"\"><span style=\"\"><span style=\"\">Weiterlesen<\/span><\/span><\/a><a href=\"https:\/\/lisbontouristinformation.com\/de\/sehenswurdigkeiten-in-lissabon\/igreja-de-santa-engracia\/\" dynamic-postlink=\"tcb_post_the_permalink\" data-shortcode-id=\"67\"><\/a><\/p>\n<h3 style=\"text-align: center; padding-top: 0px !important; margin-top: 0px !important;\"><span data-attr-link=\"1\" data-attr-rel=\"0\" data-attr-target=\"0\" data-extra_key=\"\" data-option-inline=\"1\" data-shortcode=\"tcb_post_title\" data-shortcode-name=\"Post title\" data-attr-css=\"\" data-attr-static-link=\"{&quot;className&quot;:&quot;&quot;,&quot;href&quot;:&quot;https:\/\/lisbontouristinformation.com\/de\/sehenswurdigkeiten-in-lissabon\/&quot;,&quot;title&quot;:&quot;50 besten Sehensw\u00fcrdigkeiten in Lissabon ((mit Tickets))&quot;,&quot;class&quot;:&quot;&quot;}\" style=\"\"><a href=\"https:\/\/lisbontouristinformation.com\/de\/sehenswurdigkeiten-in-lissabon\/igreja-de-santa-engracia\/\" title=\"Guide zur Igreja de Santa Engracia \u2013 Nationales Pantheon von Lissabon\" data-css=\"\">Guide zur Igreja de Santa Engracia \u2013 Nationales Pantheon von Lissabon<\/a><\/span><\/h3>\n<p><a href=\"https:\/\/lisbontouristinformation.com\/de\/sehenswurdigkeiten-in-lissabon\/igreja-de-santa-engracia\/\" style=\"\"><span style=\"\"><span style=\"\">Weiterlesen<\/span><\/span><\/a><a href=\"https:\/\/lisbontouristinformation.com\/de\/sehenswurdigkeiten-in-lissabon\/igreja-de-sao-roque\/\" dynamic-postlink=\"tcb_post_the_permalink\" data-shortcode-id=\"67\"><\/a><\/p>\n<h3 style=\"text-align: center; padding-top: 0px !important; margin-top: 0px !important;\"><span data-attr-link=\"1\" data-attr-rel=\"0\" data-attr-target=\"0\" data-extra_key=\"\" data-option-inline=\"1\" data-shortcode=\"tcb_post_title\" data-shortcode-name=\"Post title\" data-attr-css=\"\" data-attr-static-link=\"{&quot;className&quot;:&quot;&quot;,&quot;href&quot;:&quot;https:\/\/lisbontouristinformation.com\/de\/sehenswurdigkeiten-in-lissabon\/&quot;,&quot;title&quot;:&quot;50 besten Sehensw\u00fcrdigkeiten in Lissabon ((mit Tickets))&quot;,&quot;class&quot;:&quot;&quot;}\" style=\"\"><a href=\"https:\/\/lisbontouristinformation.com\/de\/sehenswurdigkeiten-in-lissabon\/igreja-de-sao-roque\/\" title=\"Guide zur Igreja de S\u00e3o Roque: Kirche &amp; Museum\" data-css=\"\">Guide zur Igreja de S\u00e3o Roque: Kirche &amp; Museum<\/a><\/span><\/h3>\n<p><a href=\"https:\/\/lisbontouristinformation.com\/de\/sehenswurdigkeiten-in-lissabon\/igreja-de-sao-roque\/\" style=\"\"><span style=\"\"><span style=\"\">Weiterlesen<\/span><\/span><\/a><a href=\"https:\/\/lisbontouristinformation.com\/de\/sehenswurdigkeiten-in-lissabon\/lissabon-kirchen\/\" dynamic-postlink=\"tcb_post_the_permalink\" data-shortcode-id=\"67\"><\/a><\/p>\n<h3 style=\"text-align: center; padding-top: 0px !important; margin-top: 0px !important;\"><span data-attr-link=\"1\" data-attr-rel=\"0\" data-attr-target=\"0\" data-extra_key=\"\" data-option-inline=\"1\" data-shortcode=\"tcb_post_title\" data-shortcode-name=\"Post title\" data-attr-css=\"\" data-attr-static-link=\"{&quot;className&quot;:&quot;&quot;,&quot;href&quot;:&quot;https:\/\/lisbontouristinformation.com\/de\/sehenswurdigkeiten-in-lissabon\/&quot;,&quot;title&quot;:&quot;50 besten Sehensw\u00fcrdigkeiten in Lissabon ((mit Tickets))&quot;,&quot;class&quot;:&quot;&quot;}\" style=\"\"><a href=\"https:\/\/lisbontouristinformation.com\/de\/sehenswurdigkeiten-in-lissabon\/lissabon-kirchen\/\" title=\"Top 12 Kirchen und Kathedralen in Lissabon\" data-css=\"\">Top 12 Kirchen und Kathedralen in Lissabon<\/a><\/span><\/h3>\n<p><a href=\"https:\/\/lisbontouristinformation.com\/de\/sehenswurdigkeiten-in-lissabon\/lissabon-kirchen\/\" style=\"\"><span style=\"\"><span style=\"\">Weiterlesen<\/span><\/span><\/a><\/p>\n","protected":false},"excerpt":{"rendered":"<p>Die Kathedrale von Lissabon, die seit dem 12. Jahrhundert majest\u00e4tisch im Stadtteil Alfama steht, ist eines der unverwechselbaren Symbole Lissabons. Die mittelalterliche Kathedrale wurde 1147 von den christlichen Kreuzfahrern erbaut und ist die \u00e4lteste und gr\u00f6\u00dfte Kirche der Stadt. Es ist auch der Sitz des Patriarchats von Lissabon und als Nationaldenkmal von Portugal&nbsp;aufgef\u00fchrt. Machen Sie [&hellip;]<\/p>\n","protected":false},"author":18,"featured_media":5882,"parent":67,"menu_order":0,"comment_status":"closed","ping_status":"closed","template":"","meta":{"footnotes":""},"tags":[89,87,88],"class_list":["post-5491","page","type-page","status-publish","has-post-thumbnail","hentry","tag-monument","tag-religious-site","tag-things-to-do","post-wrapper","thrv_wrapper"],"_links":{"self":[{"href":"https:\/\/lisbontouristinformation.com\/de\/wp-json\/wp\/v2\/pages\/5491","targetHints":{"allow":["GET"]}}],"collection":[{"href":"https:\/\/lisbontouristinformation.com\/de\/wp-json\/wp\/v2\/pages"}],"about":[{"href":"https:\/\/lisbontouristinformation.com\/de\/wp-json\/wp\/v2\/types\/page"}],"author":[{"embeddable":true,"href":"https:\/\/lisbontouristinformation.com\/de\/wp-json\/wp\/v2\/users\/18"}],"replies":[{"embeddable":true,"href":"https:\/\/lisbontouristinformation.com\/de\/wp-json\/wp\/v2\/comments?post=5491"}],"version-history":[{"count":2,"href":"https:\/\/lisbontouristinformation.com\/de\/wp-json\/wp\/v2\/pages\/5491\/revisions"}],"predecessor-version":[{"id":9023,"href":"https:\/\/lisbontouristinformation.com\/de\/wp-json\/wp\/v2\/pages\/5491\/revisions\/9023"}],"up":[{"embeddable":true,"href":"https:\/\/lisbontouristinformation.com\/de\/wp-json\/wp\/v2\/pages\/67"}],"wp:featuredmedia":[{"embeddable":true,"href":"https:\/\/lisbontouristinformation.com\/de\/wp-json\/wp\/v2\/media\/5882"}],"wp:attachment":[{"href":"https:\/\/lisbontouristinformation.com\/de\/wp-json\/wp\/v2\/media?parent=5491"}],"wp:term":[{"taxonomy":"post_tag","embeddable":true,"href":"https:\/\/lisbontouristinformation.com\/de\/wp-json\/wp\/v2\/tags?post=5491"}],"curies":[{"name":"wp","href":"https:\/\/api.w.org\/{rel}","templated":true}]}}