{"id":5477,"date":"2022-04-18T15:55:36","date_gmt":"2022-04-18T13:55:36","guid":{"rendered":"https:\/\/lisbontouristinformation.com\/de\/?page_id=5477"},"modified":"2024-09-09T11:58:32","modified_gmt":"2024-09-09T10:58:32","slug":"igreja-de-sao-roque","status":"publish","type":"page","link":"https:\/\/lisbontouristinformation.com\/de\/sehenswurdigkeiten-in-lissabon\/igreja-de-sao-roque\/","title":{"rendered":"Guide zur Igreja de S\u00e3o Roque: Kirche &#038; Museum"},"content":{"rendered":"<p><span style=\"font-size: 20px !important;\">Die Kirche S\u00e3o Roque oder Igreja de S\u00e3o Roque, im 16. Jahrhundert<\/span><span style=\"font-size: 20px !important;\"> f\u00fcr die Jesuiten erbaut, ist eine der sch\u00f6nsten Kirchen Lissabons.<\/span><\/p>\n<p style=\"\">Die schlichte Fassade l\u00e4sst die Sch\u00e4tze im Inneren nicht erahnen. Eine F\u00fclle goldener Ornamente, reich verzierte Kapellen und jesuitische Sakralkunst warten darauf, entdeckt zu werden.<\/p>\n<p style=\"\">Dar\u00fcber hinaus k\u00f6nnen Besucher im <b>angrenzenden <\/b><b>Museum von S\u00e3o Roque<\/b>&nbsp;unz\u00e4hlige erstaunliche religi\u00f6se Kunstwerke bewundern.<\/p>\n<p>Lesen Sie diesen F\u00fchrer, um alles zu erfahren, was Sie vor Ihrem Besuch wissen m\u00fcssen, einschlie\u00dflich der Geschichte der Kirche, der Ausstellung des Museums, der \u00d6ffnungszeiten und mehr.<\/p>\n<p style=\"\">Lasst uns beginnen!<\/p>\n<h2 id=\"t-1650290197898\" style=\"\" data-alt-text=\"Was kann ich in der Igreja de S\u00e3o Roque machen?\">Was kann ich in der Igreja de S\u00e3o Roque sehen und machen?<\/h2>\n<p style=\"\">Die Igreja de S\u00e3o Roque war die erste Jesuitenkirche in Portugal und auch eine der fr\u00fchesten Jesuitenkirchen der Welt, die den Jesuiten fast 200 Jahre lang diente.&nbsp;<\/p>\n<p style=\"\">Es ist eines der wenigen Bauwerke, das bei dem Erdbeben von 1755 in Lissabon nicht zerst\u00f6rt wurde.<\/p>\n<p style=\"\">Mit ihrer reichen Geschichte und ihrer gro\u00dfartigen sakralen Pracht ist die beeindruckende Kirche einen Besuch wert.<\/p>\n<p style=\"\"><b>Sehen Sie hier die Top-Aktivit\u00e4ten in der <\/b><b>Kirche S\u00e3o Roque<\/b><b>:<\/b><\/p>\n<p><span><img decoding=\"async\" alt=\"Aktivit\u00e4ten in der Igreja de S\u00e3o Roque in Lissabon\" data-id=\"6561\" width=\"702\" data-init-width=\"1000\" height=\"467\" data-init-height=\"665\" title=\"Aktivit\u00e4ten in der Igreja de S\u00e3o Roque in Lissabon\" src=\"https:\/\/lisbontouristinformation.com\/de\/wp-content\/uploads\/2022\/06\/Things-to-do-at-Igreja-de-Sao-Roque-in-Lisbon-1.jpg\" data-width=\"702\" data-height=\"467\" style=\"aspect-ratio: auto 1000 \/ 665;\" loading=\"lazy\"><\/span><\/p>\n<h3 style=\"\">1. Bewundern Sie das Innere<\/h3>\n<p>Wenn Sie die Igreja de S\u00e3o Roque betreten, werden Sie von der F\u00fclle kostbarer Dekorationen \u00fcberw\u00e4ltigt sein. Das Innere ist eine Mischung aus manieristischem und barockem Stil mit zahlreichen Skulpturen, Reliquien, Marmorintarsien, Reliquien und vergoldeten Holzarbeiten.<\/p>\n<p style=\"\">Folgende Elemente d\u00fcrfen nicht fehlen:<\/p>\n<ul>\n<li><b>Decke<\/b>: Besonders beeindruckend ist die Decke der Kirche mit einem Gem\u00e4lde im manieristischen Stil, das in der Technik des Trompe-l&#8217;oeil geschaffen wurde und Szenen aus der Apokalypse darstellt.<\/li>\n<li><b>Sakristei:<\/b> Die Sakristei, eine der fr\u00fchesten von der Gesellschaft Jesu erbauten, ist mit drei monumentalen Gem\u00e4ldeserien geschm\u00fcckt. Die erste zeigt Szenen aus dem Leben des heiligen Franz Xaver, die zweite Serie zeigt die \u201ePassion Christi\u201c und die auf der oberen Ebene stellt Episoden aus dem Gr\u00fcnder der Gesellschaft Jesu dar.<\/li>\n<li><b>Azulejos: Nehmen Sie sich Zeit, um die <\/b>Azulejos zu bewundern , die bemalten Keramikfliesen, ein Hauptelement der portugiesischen dekorativen Kunst.<\/li>\n<li><b>Alt\u00e4re<\/b>: In der Kirche befinden sich drei Alt\u00e4re aus Gold und Marmor.&nbsp;Die beiden Alt\u00e4re, die den Chor flankieren, enthalten wertvolle Reliquiare aus dem 16. und 17. Jahrhundert.<\/li>\n<li><b>Orgel:<\/b> Achten Sie auf die Pfeifenorgel aus dem Jahr 1784, die von dem bemerkenswerten portugiesischen Barockorgelbauer Ant\u00f3nio Xavier Machado gebaut wurde.<\/li>\n<\/ul>\n<p>\u2192 Der Besuch einer Kirche ist einer der H\u00f6hepunkte f\u00fcr <a href=\"https:\/\/lisbontouristinformation.com\/de\/sehenswurdigkeiten\/lissabon-bei-regen\/\" style=\"outline: none;\">Aktivit\u00e4ten an Regentagen in Lissabon<\/a>.&nbsp;Suchen Sie nach anderen Vorschl\u00e4gen? Schauen Sie sich unsere Ideen und einige Vorschl\u00e4ge f\u00fcr <a href=\"https:\/\/lisbontouristinformation.com\/de\/sehenswurdigkeiten\/lissabon-mit-kindern\/\" style=\"outline: none;\">Aktivit\u00e4ten f\u00fcr Kinder in Lissabon<\/a> an.&nbsp;<\/p>\n<p><span><img decoding=\"async\" alt=\"Entdecken Sie die Kapellen der Igreja de Sao Roque in Lissabon\" data-id=\"6563\" width=\"702\" data-init-width=\"1000\" height=\"467\" data-init-height=\"665\" title=\"Entdecken Sie die Kapellen der Igreja de Sao Roque in Lissabon\" src=\"https:\/\/lisbontouristinformation.com\/de\/wp-content\/uploads\/2022\/06\/Discover-the-Chapels-of-Igreja-de-Sao-Roque-in-Lisbon-1.jpg\" data-width=\"702\" data-height=\"467\" style=\"aspect-ratio: auto 1000 \/ 665;\" loading=\"lazy\"><\/span><\/p>\n<h3 style=\"\">2. Entdecken Sie die Kapellen<\/h3>\n<p style=\"\">Die Igreja de S\u00e3o Roque enth\u00e4lt einige der pr\u00e4chtigsten Kapellen, die mit wertvollen Materialien geschm\u00fcckt sind. Insgesamt sind es <b>acht Kapellen<\/b>, die zu unterschiedlichen Zeiten gebaut und hinzugef\u00fcgt wurden und die Besucher in ihren Bann ziehen.<\/p>\n<p style=\"\">Das Highlight der Kirche S\u00e3o Roque ist die&nbsp;Seitenkapelle aus dem 18. Jahrhundert, die&nbsp;<sup><\/sup><b><\/b><b>Johannes dem T\u00e4ufer<\/b>&nbsp;gewidmet ist.&nbsp;Sie wurde in Rom gebaut und nach der Segnung durch den Papst per Schiff nach Lissabon geschickt. Mit ihren goldenen Verzierungen und ihrem Reichtum an Edelsteinen und Elfenbein ist sie angeblich die teuerste Kapelle, die bisher in Europa gebaut wurde.<\/p>\n<p>Sehenswert ist auch die <b>Kapelle S\u00e3o Roque<\/b> auf der rechten Seite aus der zweiten H\u00e4lfte des 16. Jahrhunderts.<\/p>\n<p>\u2192&nbsp;<a href=\"https:\/\/lisbontouristinformation.com\/de\/sehenswurdigkeiten\/lissabon-kirchen\/\" style=\"outline: none;\">Die wichtigsten Kirchen und religi\u00f6sen St\u00e4tten Lissabons<\/a> sind alle faszinierend und einzigartig. Entdecken Sie die vollst\u00e4ndige Liste in unserem verwandten Artikel und planen Sie Ihre Reise nach Lissabon!<\/p>\n<p><span><img decoding=\"async\" alt=\"Besuchen Sie das Museum von S\u00e3o Roque in Lissabon\" data-id=\"6565\" width=\"702\" data-init-width=\"1000\" height=\"468\" data-init-height=\"667\" title=\"Besuchen Sie das Museum von S\u00e3o Roque in Lissabon\" src=\"https:\/\/lisbontouristinformation.com\/de\/wp-content\/uploads\/2022\/06\/Visit-the-Museum-of-Sao-Roque-in-Lisbon-1.jpg\" data-width=\"702\" data-height=\"468\" style=\"aspect-ratio: auto 1000 \/ 667;\" loading=\"lazy\"><\/span><\/p>\n<h3 style=\"\">3. Besuchen Sie das Museum von S\u00e3o Roque<\/h3>\n<p style=\"\">Besuchen Sie unbedingt das benachbarte Museum, das im ehemaligen Professhaus der Gesellschaft Jesu untergebracht ist. Es enth\u00e4lt eine der <b>wichtigsten Sammlungen religi\u00f6ser Kunst<\/b> in Portugal.<\/p>\n<p style=\"\">Besonders sehenswert sind die heiligen Reliquien, Gem\u00e4lde, die Orientalische Kunstsammlung und die Artefakte aus der Kapelle mit kunstvoll bestickten Gew\u00e4ndern und italienischen Goldschmiedearbeiten.<\/p>\n<p>Die Ausstellung ist chronologisch geordnet.<b> <\/b><\/p>\n<p style=\"\"><b>Es gliedert sich in die folgenden f\u00fcnf Abschnitte:<\/b><\/p>\n<ul>\n<li><b>Die Geschichte <\/b><b>der Eremitage von <\/b><b>S\u00e3o Roque:<\/b> In diesem Bereich sind Objekte ausgestellt, die mit der Geschichte dieser historischen Struktur in Verbindung stehen, darunter zwei beschriftete Gr\u00e4ber.<\/li>\n<li><b>Der Gesellschaft Jesu <\/b><b>gewidmete Sammlung<\/b>: Dieser Abschnitt dokumentiert die 200 Jahre, in denen die Kirche von S\u00e3o Roque als Hauskirche der Jesuiten genutzt wurde.<\/li>\n<li><b>Orientalische Kunstsammlung:<\/b> Sehen Sie hier beeindruckende Kunstwerke aus dem Nahen Osten, Indien, China und Japan.<\/li>\n<li><b>Die Schatzkammer der Kapelle <\/b><b>St. Johannes der T\u00e4ufer<\/b>: Dieser wichtige Ausstellungsbereich ist mit wertvollen Gegenst\u00e4nden aus der Kapelle St. Johannes der T\u00e4ufer gef\u00fcllt.<\/li>\n<li><b>Santa Casa da Miseric\u00f3rdia de Lisboa<\/b>: Diese Abteilung mit Gem\u00e4lden, Skulpturen und Schmuck konzentriert sich auf die Geschichte der 500 Jahre alten gemeinn\u00fctzigen Organisation, die Kirche und das Museum von S\u00e3o Roque.<\/li>\n<\/ul>\n<p style=\"\">Es gibt auch einen <b>Geschenkeladen <\/b><b>und<\/b> ein <b>Caf\u00e9\/Restaurant<\/b> im Museumsgeb\u00e4ude.<\/p>\n<p><b>Bitte beachten Sie,<\/b> dass das Fotografieren mit Blitz und Stativ in den Ausstellungsr\u00e4umen nicht gestattet ist.<\/p>\n<p>\u2192 M\u00f6chten Sie weitere Museen besuchen und in Lissabons faszinierende Vergangenheit eintauchen? Lesen Sie mehr \u00fcber die <a href=\"https:\/\/lisbontouristinformation.com\/de\/sehenswurdigkeiten\/museum\/\" style=\"outline: none;\">besten Museen und kulturellen Attraktionen in Lissabon<\/a>.<\/p>\n<h3 style=\"\">4. Besuchen Sie eine Messe<\/h3>\n<p style=\"\">Die Igreja de S\u00e3o Roque bietet einen willkommenen Ort f\u00fcr Gebet und Besinnung.<\/p>\n<p style=\"\">Besucher, die die Messe mit teilnehmenden Gemeindemitgliedern besuchen m\u00f6chten, k\u00f6nnen dies <b>von Dienstag bis Sonntag um 12:30 Uhr tun.<\/b><\/p>\n<p style=\"\">\n<p style=\"\"><b>Besuchen Sie nach einem Besuch der Kirche unbedingt eines der&nbsp;<a href=\"https:\/\/lisbontouristinformation.com\/de\/lifestyle\/restaurants-in-lissabon\/beste-restaurants-in-lissabon\/\" style=\"outline: none;\">besten Restaurants in Lissabon<\/a>, &nbsp;von denen sich viele in den Vierteln Bairro Alto und Chiado befinden.&nbsp;<\/b><\/p>\n<h2 id=\"t-1650290197899\" data-alt-text=\"Eintritt, Tickets und Touren\">Eintritt, Tickets und Touren zur Igreja de S\u00e3o Roque<\/h2>\n<ul>\n<li><strong>Eintritt:<\/strong> Die Kirche und das Museum S\u00e3o Roque sind von Dienstag bis Sonntag von 10:00 bis 18:00 Uhr ge\u00f6ffnet. Beide sind montags, 1. Januar, Ostersonntag, 1. Mai und 25. Dezember geschlossen (au\u00dfer bei kulturellen Veranstaltungen).<\/li>\n<li><strong>Tickets:<\/strong> Der Eintritt in die Kirche S\u00e3o Roque ist kostenlos. F\u00fcr das Museum wird ein Eintrittspreis von 2,50 \u20ac erhoben. Der Eintritt ins Museum ist f\u00fcr Kinder unter 14 Jahren und Senioren \u00fcber 65 Jahren kostenlos (gegen Vorlage des Nachweises).<\/li>\n<li><strong>Reisetipps:<\/strong> Sonntags ist der Eintritt ins Museum bis 14:00 Uhr kostenlos.<\/li>\n<\/ul>\n<h2 id=\"t-1650290197900\" style=\"\">Wie kommt man zur Igreja de S\u00e3o Roque?<\/h2>\n<p style=\"\">Die Igreja de S\u00e3o Roque im Zentrum von Lissabon befindet sich im lebhaften Viertel Bairro Alto. Es ist in einer guten Lage mit vielen der&nbsp;<a href=\"https:\/\/lisbontouristinformation.com\/de\/hotels-lissabon\/hotels-lissabon-zentrum\/\" style=\"outline: none;\">zentralsten Hotels von Lissabon<\/a>.<\/p>\n<p><b>Vom Pra\u00e7a do Com\u00e9rcio:<\/b> Gehen Sie 4 Minuten bis zur Metrostation Terreiro do Pa\u00e7o und nehmen Sie die gr\u00fcne Linie eine Station bis zur Station Baixa-Chiado. Von dort aus m\u00fcssen Sie etwa 4 Minuten den H\u00fcgel hinauflaufen.<\/p>\n<h2 id=\"t-1650290197901\" data-alt-text=\"FAQ\" style=\"\"><strong>H\u00e4ufig gestellte Fragen zur Kirche Igreja de S\u00e3o Roque<\/strong><\/h2>\n<p><span><img decoding=\"async\" alt=\"Historische Fakten &amp; Infos \u00fcber Igreja de S\u00e3o Roque\" data-id=\"6567\" width=\"702\" data-init-width=\"1000\" height=\"527\" data-init-height=\"750\" title=\"Historische Fakten &amp; Infos \u00fcber Igreja de S\u00e3o Roque\" src=\"https:\/\/lisbontouristinformation.com\/de\/wp-content\/uploads\/2022\/06\/Historical-Facts-Info-about-Igreja-de-Sao-Roque-1.jpg\" data-width=\"702\" data-height=\"527\" style=\"aspect-ratio: auto 1000 \/ 750;\" loading=\"lazy\"><\/span><\/p>\n<h2 id=\"t-1650290197902\" data-alt-text=\"Geschichte\" style=\"\"><strong>Historische Fakten &amp; Infos \u00fcber Igreja de S\u00e3o Roque<\/strong><\/h2>\n<p>Die Geschichte der Igreja de S\u00e3o Roque reicht bis ins fr\u00fche 16. Jahrhundert zur\u00fcck, als auf dem Gel\u00e4nde ein Friedhof f\u00fcr die an der Pest gestorbenen Opfer errichtet wurde. Um sein Volk zu sch\u00fctzen, bat K\u00f6nig Manuel I. Venedig um eine Reliquie des Hl. Rochus, dem Schutzpatron der Pestopfer. Die Einwohner von Lissabon errichteten neben dem Friedhof einen Schrein, um die Reliquie zu ehren. In dieser Zeit wurde die Bruderschaft St. Roch gegr\u00fcndet, um den Schrein zu bewachen.<\/p>\n<p>1540 kam die Gesellschaft Jesu nach Lissabon und w\u00e4hlte das Heiligtum von St. Roch als Standort f\u00fcr ihre Hauptkirche aus. 1553 wurde der Gesellschaft Jesu die Kapelle zugesprochen, und es wurde mit der Bruderschaft vereinbart, dass in der neuen Kirche eine Kapelle f\u00fcr St. Roch gebaut werden sollte, wobei St. Roch als Schutzpatron beibehalten werden sollte. Erbaut und entworfen vom k\u00f6niglichen Architekten und den besten Handwerkern, wurde der gr\u00f6\u00dfte Teil der Struktur zwischen 1565 und 1573 errichtet.<\/p>\n<p>Nach der Vertreibung der Jesuiten aus Portugal im Jahr 1759 wurde die Igreja de S\u00e3o Roque beschlagnahmt und sp\u00e4ter dem Heiligen Haus der Barmherzigkeit in Lissabon \u00fcbergeben, das sie noch heute besitzt.<\/p>\n<p>Das Museum S\u00e3o Roque \u00f6ffnete am 11. Januar 1905 als eines der ersten Kunstmuseen in Portugal seine Pforten. Die Kirche von S\u00e3o Roque wurde 1910 zum Nationaldenkmal erkl\u00e4rt.<\/p>\n<h2 id=\"t-1650290197903\" style=\"\">Kontakt &amp; Karte<\/h2>\n<ul>\n<li><strong>Adresse:<\/strong> Igreja de S\u00e3o Roque, Largo Trindade Coelho, 1200-470 Lisboa, Portugal<\/li>\n<li><strong>\u00d6ffnungszeiten:<\/strong> T\u00e4glich au\u00dfer Montag, 10:00 &#8211; 18:00 Uhr<strong>&nbsp;<\/strong><\/li>\n<li><strong>\u00d6ffentliche Verkehrsmittel:<\/strong> Metro Gr\u00fcne Linie, Haltestelle Baixa-Chiado<strong>&nbsp;<\/strong><\/li>\n<li style=\"\"><strong>Offizielle Website: <\/strong><a href=\"https:\/\/en.scml.pt\/culture\/church-and-museum-of-sao-roque\/\" style=\"outline: none;\" data-lt-tmp-id=\"lt-990553\" spellcheck=\"false\" target=\"_blank\" rel=\"noopener\">En.scml.pt\/church-and-museum-of-sao-roque\/<\/a><\/li>\n<\/ul>\n<h3 style=\"\">Verwandte Artikel:<\/h3>\n<p><a href=\"https:\/\/lisbontouristinformation.com\/de\/sehenswurdigkeiten-in-lissabon\/\" dynamic-postlink=\"tcb_post_the_permalink\" data-shortcode-id=\"67\"><\/a><\/p>\n<h3 style=\"text-align: center; padding-top: 0px !important; margin-top: 0px !important;\"><span data-attr-link=\"1\" data-attr-rel=\"0\" data-attr-target=\"0\" data-extra_key=\"\" data-option-inline=\"1\" data-shortcode=\"tcb_post_title\" data-shortcode-name=\"Post title\" data-attr-css=\"\" data-attr-static-link=\"{&quot;className&quot;:&quot;&quot;,&quot;href&quot;:&quot;https:\/\/lisbontouristinformation.com\/de\/sehenswurdigkeiten-in-lissabon\/&quot;,&quot;title&quot;:&quot;50 besten Sehensw\u00fcrdigkeiten in Lissabon ((mit Tickets))&quot;,&quot;class&quot;:&quot;&quot;}\" style=\"\"><a href=\"https:\/\/lisbontouristinformation.com\/de\/sehenswurdigkeiten-in-lissabon\/\" title=\"50 besten Sehensw\u00fcrdigkeiten in Lissabon [mit Tickets]\" data-css=\"\">50 besten Sehensw\u00fcrdigkeiten in Lissabon [mit Tickets]<\/a><\/span><\/h3>\n<p><a href=\"https:\/\/lisbontouristinformation.com\/de\/sehenswurdigkeiten-in-lissabon\/\" style=\"\"><span style=\"\"><span style=\"\">Weiterlesen<\/span><\/span><\/a><a href=\"https:\/\/lisbontouristinformation.com\/de\/sehenswurdigkeiten-in-lissabon\/igreja-de-santa-engracia\/\" dynamic-postlink=\"tcb_post_the_permalink\" data-shortcode-id=\"67\"><\/a><\/p>\n<h3 style=\"text-align: center; padding-top: 0px !important; margin-top: 0px !important;\"><span data-attr-link=\"1\" data-attr-rel=\"0\" data-attr-target=\"0\" data-extra_key=\"\" data-option-inline=\"1\" data-shortcode=\"tcb_post_title\" data-shortcode-name=\"Post title\" data-attr-css=\"\" data-attr-static-link=\"{&quot;className&quot;:&quot;&quot;,&quot;href&quot;:&quot;https:\/\/lisbontouristinformation.com\/de\/sehenswurdigkeiten-in-lissabon\/&quot;,&quot;title&quot;:&quot;50 besten Sehensw\u00fcrdigkeiten in Lissabon ((mit Tickets))&quot;,&quot;class&quot;:&quot;&quot;}\" style=\"\"><a href=\"https:\/\/lisbontouristinformation.com\/de\/sehenswurdigkeiten-in-lissabon\/igreja-de-santa-engracia\/\" title=\"Guide zur Igreja de Santa Engracia \u2013 Nationales Pantheon von Lissabon\" data-css=\"\">Guide zur Igreja de Santa Engracia \u2013 Nationales Pantheon von Lissabon<\/a><\/span><\/h3>\n<p><a href=\"https:\/\/lisbontouristinformation.com\/de\/sehenswurdigkeiten-in-lissabon\/igreja-de-santa-engracia\/\" style=\"\"><span style=\"\"><span style=\"\">Weiterlesen<\/span><\/span><\/a><a href=\"https:\/\/lisbontouristinformation.com\/de\/sehenswurdigkeiten-in-lissabon\/kathedrale-von-lissabon\/\" dynamic-postlink=\"tcb_post_the_permalink\" data-shortcode-id=\"67\"><\/a><\/p>\n<h3 style=\"text-align: center; padding-top: 0px !important; margin-top: 0px !important;\"><span data-attr-link=\"1\" data-attr-rel=\"0\" data-attr-target=\"0\" data-extra_key=\"\" data-option-inline=\"1\" data-shortcode=\"tcb_post_title\" data-shortcode-name=\"Post title\" data-attr-css=\"\" data-attr-static-link=\"{&quot;className&quot;:&quot;&quot;,&quot;href&quot;:&quot;https:\/\/lisbontouristinformation.com\/de\/sehenswurdigkeiten-in-lissabon\/&quot;,&quot;title&quot;:&quot;50 besten Sehensw\u00fcrdigkeiten in Lissabon ((mit Tickets))&quot;,&quot;class&quot;:&quot;&quot;}\" style=\"\"><a href=\"https:\/\/lisbontouristinformation.com\/de\/sehenswurdigkeiten-in-lissabon\/kathedrale-von-lissabon\/\" title=\"Guide zur Kathedrale von Lissabon (Catedral S\u00e9 Patriarcal)\" data-css=\"\">Guide zur Kathedrale von Lissabon (Catedral S\u00e9 Patriarcal)<\/a><\/span><\/h3>\n<p><a href=\"https:\/\/lisbontouristinformation.com\/de\/sehenswurdigkeiten-in-lissabon\/kathedrale-von-lissabon\/\" style=\"\"><span style=\"\"><span style=\"\">Weiterlesen<\/span><\/span><\/a><a href=\"https:\/\/lisbontouristinformation.com\/de\/sehenswurdigkeiten-in-lissabon\/lissabon-kirchen\/\" dynamic-postlink=\"tcb_post_the_permalink\" data-shortcode-id=\"67\"><\/a><\/p>\n<h3 style=\"text-align: center; padding-top: 0px !important; margin-top: 0px !important;\"><span data-attr-link=\"1\" data-attr-rel=\"0\" data-attr-target=\"0\" data-extra_key=\"\" data-option-inline=\"1\" data-shortcode=\"tcb_post_title\" data-shortcode-name=\"Post title\" data-attr-css=\"\" data-attr-static-link=\"{&quot;className&quot;:&quot;&quot;,&quot;href&quot;:&quot;https:\/\/lisbontouristinformation.com\/de\/sehenswurdigkeiten-in-lissabon\/&quot;,&quot;title&quot;:&quot;50 besten Sehensw\u00fcrdigkeiten in Lissabon ((mit Tickets))&quot;,&quot;class&quot;:&quot;&quot;}\" style=\"\"><a href=\"https:\/\/lisbontouristinformation.com\/de\/sehenswurdigkeiten-in-lissabon\/lissabon-kirchen\/\" title=\"Top 12 Kirchen und Kathedralen in Lissabon\" data-css=\"\">Top 12 Kirchen und Kathedralen in Lissabon<\/a><\/span><\/h3>\n<p><a href=\"https:\/\/lisbontouristinformation.com\/de\/sehenswurdigkeiten-in-lissabon\/lissabon-kirchen\/\" style=\"\"><span style=\"\"><span style=\"\">Weiterlesen<\/span><\/span><\/a><\/p>\n","protected":false},"excerpt":{"rendered":"<p>Die Kirche S\u00e3o Roque oder Igreja de S\u00e3o Roque, im 16. Jahrhundert f\u00fcr die Jesuiten erbaut, ist eine der sch\u00f6nsten Kirchen Lissabons. Die schlichte Fassade l\u00e4sst die Sch\u00e4tze im Inneren nicht erahnen. Eine F\u00fclle goldener Ornamente, reich verzierte Kapellen und jesuitische Sakralkunst warten darauf, entdeckt zu werden. Dar\u00fcber hinaus k\u00f6nnen Besucher im angrenzenden Museum von [&hellip;]<\/p>\n","protected":false},"author":18,"featured_media":5879,"parent":67,"menu_order":0,"comment_status":"closed","ping_status":"closed","template":"","meta":{"footnotes":""},"tags":[89,87,88],"class_list":["post-5477","page","type-page","status-publish","has-post-thumbnail","hentry","tag-monument","tag-religious-site","tag-things-to-do","post-wrapper","thrv_wrapper"],"_links":{"self":[{"href":"https:\/\/lisbontouristinformation.com\/de\/wp-json\/wp\/v2\/pages\/5477","targetHints":{"allow":["GET"]}}],"collection":[{"href":"https:\/\/lisbontouristinformation.com\/de\/wp-json\/wp\/v2\/pages"}],"about":[{"href":"https:\/\/lisbontouristinformation.com\/de\/wp-json\/wp\/v2\/types\/page"}],"author":[{"embeddable":true,"href":"https:\/\/lisbontouristinformation.com\/de\/wp-json\/wp\/v2\/users\/18"}],"replies":[{"embeddable":true,"href":"https:\/\/lisbontouristinformation.com\/de\/wp-json\/wp\/v2\/comments?post=5477"}],"version-history":[{"count":2,"href":"https:\/\/lisbontouristinformation.com\/de\/wp-json\/wp\/v2\/pages\/5477\/revisions"}],"predecessor-version":[{"id":9025,"href":"https:\/\/lisbontouristinformation.com\/de\/wp-json\/wp\/v2\/pages\/5477\/revisions\/9025"}],"up":[{"embeddable":true,"href":"https:\/\/lisbontouristinformation.com\/de\/wp-json\/wp\/v2\/pages\/67"}],"wp:featuredmedia":[{"embeddable":true,"href":"https:\/\/lisbontouristinformation.com\/de\/wp-json\/wp\/v2\/media\/5879"}],"wp:attachment":[{"href":"https:\/\/lisbontouristinformation.com\/de\/wp-json\/wp\/v2\/media?parent=5477"}],"wp:term":[{"taxonomy":"post_tag","embeddable":true,"href":"https:\/\/lisbontouristinformation.com\/de\/wp-json\/wp\/v2\/tags?post=5477"}],"curies":[{"name":"wp","href":"https:\/\/api.w.org\/{rel}","templated":true}]}}