{"id":5468,"date":"2022-04-18T15:39:12","date_gmt":"2022-04-18T13:39:12","guid":{"rendered":"https:\/\/lisbontouristinformation.com\/de\/?page_id=5468"},"modified":"2024-09-09T12:00:28","modified_gmt":"2024-09-09T11:00:28","slug":"igreja-de-santa-engracia","status":"publish","type":"page","link":"https:\/\/lisbontouristinformation.com\/de\/sehenswurdigkeiten-in-lissabon\/igreja-de-santa-engracia\/","title":{"rendered":"Guide zur Igreja de Santa Engracia &#8211; Nationales Pantheon von Lissabon"},"content":{"rendered":"<p><span style=\"font-size: 20px !important;\">Mit seiner wei\u00dfen Kuppel, die sich \u00fcber seine Nachbarn erhebt, ist das sch\u00f6ne Nationale Pantheon Santa Engracia eine Ikone der Skyline von Lissabon.<\/span><\/p>\n<p style=\"\">Die unter Denkmalschutz stehende ehemalige Kirche Santa Engracia Pante\u00e3o aus dem 17. Jahrhundert ist eine wahre Barockperle und beherbergt die Gr\u00e4ber vieler bedeutender portugiesischer Pers\u00f6nlichkeiten.<\/p>\n<p style=\"\">Das Denkmal, dessen Bau 400 Jahre gedauert hat, soll einem Fluch getrotzt haben, der voraussagte, dass das Geb\u00e4ude niemals fertiggestellt werden w\u00fcrde.<\/p>\n<p style=\"\">Lesen Sie alles \u00fcber die faszinierende Geschichte, die besten Aktivit\u00e4ten, Preise, \u00d6ffnungszeiten und mehr in diesem Guide zum Nationalen Pantheon.<\/p>\n<p style=\"\">Lasst uns beginnen!<\/p>\n<h2 id=\"t-1650289175150\" style=\"\">Was kann ich im Nationalen Pantheon sehen?<\/h2>\n<p style=\"\">Das Nationale Pantheon befindet sich am urspr\u00fcnglichen Standort der Kirche Santa Engr\u00e1cia in Alfama und ist von vielen Aussichtspunkten der Stadt aus sichtbar.<\/p>\n<p style=\"\">Dieses emblematische Denkmal von Lissabon ist reich an historischen und architektonischen Sch\u00e4tzen, was es zu einer der wichtigsten Touristenattraktionen der Stadt macht.<\/p>\n<p><b>Nachfolgend finden Sie einige der wichtigsten Dinge, die Sie tun sollten:<\/b><\/p>\n<p><span><img decoding=\"async\" alt=\"Aktivit\u00e4ten im National Pantheon in Lissabon\" data-id=\"6576\" width=\"702\" data-init-width=\"1000\" height=\"526\" data-init-height=\"749\" title=\"Aktivit\u00e4ten im National Pantheon in Lissabon\" src=\"https:\/\/lisbontouristinformation.com\/de\/wp-content\/uploads\/2022\/06\/Things-to-do-at-National-Pantheon-in-Lisbon-1.jpg\" data-width=\"702\" data-height=\"526\" style=\"aspect-ratio: auto 1000 \/ 749;\" loading=\"lazy\"><\/span><\/p>\n<h3 style=\"\">1. Bewundern Sie die au\u00dfergew\u00f6hnliche Architektur<\/h3>\n<p>Angesichts seines <b>bemerkenswerten, in Portugal einzigartigen Barockprojekts<\/b> lohnt es sich, die Architektur des majest\u00e4tischen wei\u00dfen Geb\u00e4udes, das sich durch seine ungew\u00f6hnlichen Proportionen und sein Design auszeichnet und \u00c4hnlichkeiten mit dem Petersdom in Rom aufweist, n\u00e4her zu betrachten.<\/p>\n<p>Die ehemalige Kirche ist insofern sehr ungew\u00f6hnlich, als sie im Gegensatz zu vielen anderen Kathedralen der Stadt in einem griechischen Kreuzplan und nicht in einem lateinischen Kreuzplan erbaut wurde. Auff\u00e4llig ist die beeindruckende <b>Kuppel aus dem 20. Jahrhundert<\/b>, die 80 Meter \u00fcber dem Boden steht, sowie die vier quadratischen T\u00fcrme auf jeder Seite.<\/p>\n<p>Bevor Sie durch den gro\u00dfen <b>barocken Portikus<\/b> eintreten, der mit dem Wappen Portugals und zwei Engeln gekr\u00f6nt ist, achten Sie auf die drei Torb\u00f6gen, die jeweils von einer Heiligenskulptur bewacht werden.<\/p>\n<ul>\n<li>Schauen Sie sich w\u00e4hrend Ihrer Reise die <a href=\"https:\/\/lisbontouristinformation.com\/de\/sehenswurdigkeiten\/lissabon-kirchen\/\" style=\"outline: none;\">besten Kirchen und Kl\u00f6ster in Lissabon<\/a> an und verpassen Sie nichts!<\/li>\n<\/ul>\n<p><span><img decoding=\"async\" alt=\"Bewundern Sie die Innenarchitektur des National Pantheon in Lissabon\" data-id=\"6577\" width=\"702\" data-init-width=\"1000\" height=\"470\" data-init-height=\"669\" title=\"Bewundern Sie die Innenarchitektur des National Pantheon in Lissabon\" src=\"https:\/\/lisbontouristinformation.com\/de\/wp-content\/uploads\/2022\/06\/Admire-the-Interior-Design-of-National-Pantheon-in-Lisbon.jpg\" data-width=\"702\" data-height=\"470\" style=\"aspect-ratio: auto 1000 \/ 669;\" loading=\"lazy\"><\/span><\/p>\n<h3 style=\"\">2. Bewundern Sie das Innere<\/h3>\n<p>Obwohl das <b>harmonische Innendesign<\/b> eher minimalistisch gehalten ist, lassen sich einige beeindruckende Elemente entdecken, insbesondere die <b>symmetrisch gemusterten Dekorationen<\/b> und die <b>bunten Marmorvariationen<\/b>, die die B\u00f6den und die&nbsp;<b>wellenf\u00f6rmigen W\u00e4nde<\/b>&nbsp;zieren.<\/p>\n<p>Weitere bemerkenswerte Merkmale sind die meisterhaften Skulpturen, griechischen Symbole und <b>traditionellen islamischen Dekorationen,<\/b> die in Portugal einzigartig sind.<\/p>\n<p>Werfen Sie einen Blick auf das reich verzierte <b>Mittelschiff<\/b> mit dem sch\u00f6nen Hochaltar und der pr\u00e4chtigen Barockorgel aus dem 18. Jahrhundert, die aus der Kathedrale von Lissabon stammt.<\/p>\n<p><span><img decoding=\"async\" alt=\"Erklimmen Sie die h\u00f6heren Ebenen des National Pantheon in Lissabon\" data-id=\"6579\" width=\"702\" data-init-width=\"1000\" height=\"468\" data-init-height=\"667\" title=\"Erklimmen Sie die h\u00f6heren Ebenen des National Pantheon in Lissabon\" src=\"https:\/\/lisbontouristinformation.com\/de\/wp-content\/uploads\/2022\/06\/Climb-the-higher-Levels-of-National-Pantheon-in-Lisbon-1.jpg\" data-width=\"702\" data-height=\"468\" style=\"aspect-ratio: auto 1000 \/ 667;\" loading=\"lazy\"><\/span><\/p>\n<h3 style=\"\">3. Erklimmen Sie die h\u00f6heren Ebenen<\/h3>\n<p>Der beste Weg, die gro\u00dfartigen Kunstwerke der B\u00f6den und ihre sch\u00f6ne Farbgebung zu bl\u00e4ttern, besteht darin, auf die&nbsp;<b>obersten Balkone<\/b>&nbsp;zu klettern.<\/p>\n<p>Auf den h\u00f6heren Ebenen des Pantheons finden Sie kleine Holzbalkone. Jeder von ihnen belohnt Sie mit einem <b>weiten Blick <\/b><b>auf die darunterliegende Halle<\/b> sowie auf die B\u00f6den aus farbigem Marmor mit ihren faszinierenden symmetrischen Mustern. Diese Aussicht sorgt sicherlich f\u00fcr fantastische Bilder.<\/p>\n<p>\u2192 Nicht weit vom National Pantheon entfernt befinden sich <a href=\"https:\/\/lisbontouristinformation.com\/de\/sehenswurdigkeiten\/miradouro-de-santa-luzia\/\" style=\"outline: none;\">zwei der besten Aussichtspunkte Lissabons<\/a>!&nbsp;Verpassen Sie diese <strong>tollen Instagram-Hotspots<\/strong> nicht, wenn Sie die Stadt besuchen! &nbsp;&nbsp;<strong><\/strong><\/p>\n<p><span><img decoding=\"async\" alt=\"Sehen Sie sich die Grabr\u00e4ume und Kenotaphe im National Pantheon in Lissabon an\" data-id=\"6581\" width=\"702\" data-init-width=\"1000\" height=\"470\" data-init-height=\"669\" title=\"Sehen Sie sich die Grabr\u00e4ume und Kenotaphe im National Pantheon in Lissabon an\" src=\"https:\/\/lisbontouristinformation.com\/de\/wp-content\/uploads\/2022\/06\/See-the-Tomb-Rooms-Cenotaphs-in-National-Pantheon-in-Lisbon-1.jpg\" data-width=\"702\" data-height=\"470\" style=\"aspect-ratio: auto 1000 \/ 669;\" loading=\"lazy\"><\/span><\/p>\n<h3>4. Sehen Sie sich die Grabr\u00e4ume und Kenotaphe an<\/h3>\n<p>Das National Pantheon ehrt das Leben und Werk portugiesischer Helden und dient als <b>letzte Ruhest\u00e4tte<\/b> der angesehensten kulturellen und politischen Pers\u00f6nlichkeiten des Landes.<\/p>\n<p>Unter den Menschen, die hier beigesetzt wurden, sind ehemalige Pr\u00e4sidenten, prominente Schriftsteller, der legend\u00e4re Fu\u00dfballspieler Eus\u00e9bio da Silva Ferreira, die Fado-Diva Am\u00e1lia Rodrigues und General Humberto Delgado, ein Oppositionsf\u00fchrer, der 1962 von der Geheimpolizei ermordet wurde.<\/p>\n<p>Sie befinden sich in den <b>drei Grabr\u00e4umen in der Ecke des Geb\u00e4udes<\/b>.<\/p>\n<p>Verwechseln Sie diese Gr\u00e4ber nicht mit den Grabsteinen, die Sie im Mittelschiff sehen k\u00f6nnen. Es sind <b>Kenotaphe<\/b>, leere Gr\u00e4ber, die zu Ehren von Vasco da Gama, Nuno \u00c1lvares Pereira, Infant D. Henrique, Afonso de Albuquerque, Pedro \u00c1lvares Cabral und Lu\u00eds de Cam\u00f5es errichtet wurden, die an anderer Stelle begraben wurden.<\/p>\n<h3>5. Besuchen Sie das Interpretationszentrum<\/h3>\n<p>Besuchern, die sich f\u00fcr die turbulente Geschichte dieser St\u00e4tte interessieren, wird empfohlen, das Interpretationszentrum zu besuchen. Hier sehen Sie einen Film \u00fcber die verschiedenen Bauphasen sowie ausgegrabene Exponate aus der ehemaligen Kirche, Schmuck, der bei der Einweihungszeremonie des Nationalen Pantheons verwendet wurde, und verschiedene <strong> <\/strong>Gipsmodelle des Geb\u00e4udes.<\/p>\n<h3>6. Gehen Sie zur Dachterrasse<\/h3>\n<p>Mit seiner <b>privilegierten Lage<\/b> ist das National Pantheon ein ausgezeichneter Aussichtspunkt. Das Wahrzeichen \u00fcberblickt das historische Zentrum der Stadt und den Tejo. Kein Wunder, dass die <b>40 Meter hohe Terrasse<\/b> eines der Highlights des Denkmals ist.<\/p>\n<p>Gehen Sie hinauf in die 4. Etage und treten Sie hinaus auf die riesige Terasse, wo Sie den<sup> <\/sup><b>unglaublichen Panoramablick<\/b> \u00fcber das Alfama-Viertel, den Fluss und den Hafen genie\u00dfen k\u00f6nnen.&nbsp;Bei sch\u00f6nem Wetter kann man sogar bis zur Vasco-da-Gama-Br\u00fccke sehen.<\/p>\n<h3>7. Veranstaltungen<\/h3>\n<p>Das National Pantheon veranstaltet oft Veranstaltungen aller Art. Dazu geh\u00f6ren Konzerte, Ausstellungen, Gedichtvortr\u00e4ge, feierliche Akte, kulturelle Aktivit\u00e4ten und mehr.<\/p>\n<p>Auf der <a href=\"http:\/\/www.panteaonacional.gov.pt\/\" target=\"_blank\" rel=\"nofollow noopener\" style=\"outline: none;\">offiziellen Website<\/a> finden Sie eine \u00dcbersicht \u00fcber aktuelle Veranstaltungen. (nur auf Portugiesisch)<\/p>\n<p><b>Tipp<\/b>: Wenn Sie das Nationale Pantheon am Dienstag oder Sonntag besuchen und gerne Vintage und Antiquit\u00e4ten einkaufen, sollten Sie unbedingt den traditionellen&nbsp;<b>Flohmarkt Feira da Ladra<\/b> besuchen, der direkt neben dem Denkmal stattfindet.<\/p>\n<h2 id=\"t-1650289175151\" data-alt-text=\"Entrance, Tickets, and Tours \">Eintritt, Tickets und Touren zum National Pantheon<\/h2>\n<ul>\n<li><strong>Eintritt:<\/strong> Das National Pantheon ist von Dienstag bis Sonntag ge\u00f6ffnet. Von Oktober bis M\u00e4rz sind die Besuchszeiten von 10:00 bis 17:00 Uhr (letzter Einlass um 16:40 Uhr); von April bis September sind die \u00d6ffnungszeiten von 10:00 bis 18:00 Uhr (letzter Einlass um 17:40 Uhr). Das National Pantheon <strong>ist<\/strong> Montag, 1. Januar, Ostersonntag, 1. Mai, 13. Juni sowie 24. und 25. Dezember geschlossen.<\/li>\n<li><strong>Tickets:<\/strong> Der regul\u00e4re Eintrittspreis f\u00fcr das National Pantheon betr\u00e4gt 4 \u20ac.<\/li>\n<li><strong>F\u00fchrungen:<\/strong> F\u00fchrungen sind nach Vereinbarung und w\u00e4hrend der regul\u00e4ren \u00d6ffnungszeiten m\u00f6glich.<\/li>\n<li><strong>Reisetipps: <\/strong>Der Eintritt in das Nationale Pantheon ist an jedem ersten Sonntag im Monat kostenlos, ebenso f\u00fcr Kinder bis 12 Jahre, arbeitslose Besucher mit Wohnsitz in der Europ\u00e4ischen Union und Besucher mit eingeschr\u00e4nkter Mobilit\u00e4t und eine Begleitperson. Weitere Informationen finden Sie auf der <a href=\"http:\/\/www.panteaonacional.gov.pt\/project\/visitar-o-monumento\/\" style=\"outline: none;\" data-lt-tmp-id=\"lt-565653\" spellcheck=\"false\" target=\"_blank\" rel=\"noopener\">offiziellen Website<\/a> (nur auf Portugiesisch).<\/li>\n<\/ul>\n<h2 id=\"t-1650289175152\" style=\"\">Wie kommt man zum Nationalen Pantheon?<\/h2>\n<p style=\"\"><b>Vom Pra\u00e7a do Com\u00e9rcio:<\/b> Der einfachste Weg ist, 4 Minuten zu Fu\u00df zur Bushaltestelle R. Madalena zu gehen und den Bus 10B zu nehmen. Nach 9 Haltestellen erreichen Sie die Station Pante\u00e3o Nacional, die vor dem National Pantheon h\u00e4lt.<\/p>\n<h2 style=\"\" id=\"t-1650289175153\" data-alt-text=\"FAQ\"><strong>H\u00e4ufig gestellte Fragen zum Nationalen Pantheon<\/strong><\/h2>\n<p><span><img decoding=\"async\" alt=\"Historische Fakten und Informationen \u00fcber das Nationale Pantheon\" data-id=\"6583\" width=\"702\" data-init-width=\"1000\" height=\"468\" data-init-height=\"667\" title=\"Historische Fakten und Informationen \u00fcber das Nationale Pantheon\" src=\"https:\/\/lisbontouristinformation.com\/de\/wp-content\/uploads\/2022\/06\/Historical-Facts-Info-about-the-National-Pantheon-1.jpg\" data-width=\"702\" data-height=\"468\" style=\"aspect-ratio: auto 1000 \/ 667;\" loading=\"lazy\"><\/span><\/p>\n<h2 id=\"t-1650289175154\" data-alt-text=\"Historical Facts &amp; Info\" style=\"\"><strong>Historische Fakten und Informationen \u00fcber das Nationale Pantheon<\/strong><\/h2>\n<p>Wie wir zu Beginn erw\u00e4hnt haben, hat das Nationale Pantheon oder die Igreja de Santa Engr\u00e1cia eine turbulente Geschichte.&nbsp;Obwohl das heutige Geb\u00e4ude aus dem 17. Jahrhundert stammt, gab es an dieser Stelle eine Vorg\u00e4ngerkirche, die Santa Engr\u00e1cia gewidmet war, einer M\u00e4rtyrerin der Stadt Braga, die von Prinzessin Maria von Portugal im Auftrag gegeben wurde.<\/p>\n<p>Nach der Zerst\u00f6rung dieser Kirche im Jahr 1630 wurde der Jude Simon Solis von der Inquisition zu Unrecht angeklagt und zum Tode durch Verbrennung auf dem Scheiterhaufen verurteilt. Der Legende nach sprach Simon den ber\u00fcchtigten Fluch aus und sagte voraus, dass das Geb\u00e4ude niemals vollendet werden w\u00fcrde, weil ein unschuldiger Mann verurteilt worden war.&nbsp;Nach einem Einsturz und anderen gescheiterten St\u00fctzen begann 1681 der Kirche unter der Leitung des k\u00f6niglichen Architekten Jo\u00e3o Antunes. Nach dem Tod des Architekten im Jahr 1712 wurden die Bauarbeiten jedoch wieder eingestellt, da K\u00f6nig Johann V. das Interesse an dem Projekt verlor.<\/p>\n<p>Die Kirche blieb bis ins 20. Jahrhundert unvollendet, was dazu gef\u00fchrt wurde, dass der Ausdruck \u201eObras de Santa Engr\u00e1cia\u201c (wie der Bau von Santa Engr\u00e1cia) zu einem portugiesischen Euphemismus f\u00fcr unvollendete Arbeiten wurde.<\/p>\n<p>In den 1960er Jahren wurde die Kirche Igreja de Santa Engr\u00e1cia ohne Dach, die nie als Kultst\u00e4tte genutzt wurde, zum nationalen Pantheon erkl\u00e4rt. 1966 wurde der Bau endg\u00fcltig abgeschlossen.<\/p>\n<h2 id=\"t-1650289175155\" style=\"\">Kontakt &amp; Karte<\/h2>\n<ul>\n<li><strong>Adresse:<\/strong> Pante\u00e3o Nacional\/Igreja de Santa Engr\u00e1cia, Campo de Santa Clara 1100-471 Lisboa<\/li>\n<li><strong>\u00d6ffnungszeiten:<\/strong> Von Dienstag bis Sonntag, 10 bis 17 Uhr (Oktober bis M\u00e4rz); 10 bis 18 Uhr (April bis September)<\/li>\n<li><strong>\u00d6ffentliche Verkehrsmittel:<\/strong> Mit der Tram 28E und Ausfahrt C\u00e7. S. Vicente<strong> <\/strong><\/li>\n<li style=\"\"><strong>Offizielle Website: <\/strong><a href=\"http:\/\/www.panteaonacional.gov.pt\/\" style=\"outline: none;\" data-lt-tmp-id=\"lt-338839\" spellcheck=\"false\" target=\"_blank\" rel=\"noopener\">Panteaonacional.gov.pt\/<\/a> (nur auf Portugiesisch)<strong>&nbsp;<\/strong><\/li>\n<\/ul>\n<h3 style=\"\">Verwandte Beitr\u00e4ge:<\/h3>\n<p><a href=\"https:\/\/lisbontouristinformation.com\/de\/sehenswurdigkeiten-in-lissabon\/mosteiro-dos-jeronimos\/\" dynamic-postlink=\"tcb_post_the_permalink\" data-shortcode-id=\"5477\"><\/a><\/p>\n<h3 style=\"text-align: center; padding-top: 0px !important; margin-top: 0px !important;\"><span data-attr-link=\"1\" data-attr-rel=\"0\" data-attr-target=\"0\" data-extra_key=\"\" data-option-inline=\"1\" data-shortcode=\"tcb_post_title\" data-shortcode-name=\"Post title\" data-attr-css=\"\" data-attr-static-link=\"{&quot;className&quot;:&quot;&quot;,&quot;href&quot;:&quot;https:\/\/lisbontouristinformation.com\/de\/sehenswurdigkeiten-in-lissabon\/mosteiro-dos-jeronimos\/&quot;,&quot;title&quot;:&quot;Guide zum Mosteiro dos Jer\u00f3nimos: Tickets, Tipps &amp; mehr&quot;,&quot;class&quot;:&quot;&quot;}\" style=\"\"><a href=\"https:\/\/lisbontouristinformation.com\/de\/sehenswurdigkeiten-in-lissabon\/mosteiro-dos-jeronimos\/\" title=\"Guide zum Mosteiro dos Jer\u00f3nimos: Tickets, Tipps &amp; mehr\" data-css=\"\">Guide zum Mosteiro dos Jer\u00f3nimos: Tickets, Tipps &amp; mehr<\/a><\/span><\/h3>\n<p><a href=\"https:\/\/lisbontouristinformation.com\/de\/sehenswurdigkeiten-in-lissabon\/mosteiro-dos-jeronimos\/\" style=\"\"><span style=\"\"><span style=\"\">Weiterlesen<\/span><\/span><\/a><a href=\"https:\/\/lisbontouristinformation.com\/de\/sehenswurdigkeiten-in-lissabon\/igreja-de-sao-roque\/\" dynamic-postlink=\"tcb_post_the_permalink\" data-shortcode-id=\"5477\"><\/a><\/p>\n<h3 style=\"text-align: center; padding-top: 0px !important; margin-top: 0px !important;\"><span data-attr-link=\"1\" data-attr-rel=\"0\" data-attr-target=\"0\" data-extra_key=\"\" data-option-inline=\"1\" data-shortcode=\"tcb_post_title\" data-shortcode-name=\"Post title\" data-attr-css=\"\" data-attr-static-link=\"{&quot;className&quot;:&quot;&quot;,&quot;href&quot;:&quot;https:\/\/lisbontouristinformation.com\/de\/sehenswurdigkeiten-in-lissabon\/mosteiro-dos-jeronimos\/&quot;,&quot;title&quot;:&quot;Guide zum Mosteiro dos Jer\u00f3nimos: Tickets, Tipps &amp; mehr&quot;,&quot;class&quot;:&quot;&quot;}\" style=\"\"><a href=\"https:\/\/lisbontouristinformation.com\/de\/sehenswurdigkeiten-in-lissabon\/igreja-de-sao-roque\/\" title=\"Guide zur Igreja de S\u00e3o Roque: Kirche &amp; Museum\" data-css=\"\">Guide zur Igreja de S\u00e3o Roque: Kirche &amp; Museum<\/a><\/span><\/h3>\n<p><a href=\"https:\/\/lisbontouristinformation.com\/de\/sehenswurdigkeiten-in-lissabon\/igreja-de-sao-roque\/\" style=\"\"><span style=\"\"><span style=\"\">Weiterlesen<\/span><\/span><\/a><a href=\"https:\/\/lisbontouristinformation.com\/de\/sehenswurdigkeiten-in-lissabon\/kathedrale-von-lissabon\/\" dynamic-postlink=\"tcb_post_the_permalink\" data-shortcode-id=\"5477\"><\/a><\/p>\n<h3 style=\"text-align: center; padding-top: 0px !important; margin-top: 0px !important;\"><span data-attr-link=\"1\" data-attr-rel=\"0\" data-attr-target=\"0\" data-extra_key=\"\" data-option-inline=\"1\" data-shortcode=\"tcb_post_title\" data-shortcode-name=\"Post title\" data-attr-css=\"\" data-attr-static-link=\"{&quot;className&quot;:&quot;&quot;,&quot;href&quot;:&quot;https:\/\/lisbontouristinformation.com\/de\/sehenswurdigkeiten-in-lissabon\/mosteiro-dos-jeronimos\/&quot;,&quot;title&quot;:&quot;Guide zum Mosteiro dos Jer\u00f3nimos: Tickets, Tipps &amp; mehr&quot;,&quot;class&quot;:&quot;&quot;}\" style=\"\"><a href=\"https:\/\/lisbontouristinformation.com\/de\/sehenswurdigkeiten-in-lissabon\/kathedrale-von-lissabon\/\" title=\"Guide zur Kathedrale von Lissabon (Catedral S\u00e9 Patriarcal)\" data-css=\"\">Guide zur Kathedrale von Lissabon (Catedral S\u00e9 Patriarcal)<\/a><\/span><\/h3>\n<p><a href=\"https:\/\/lisbontouristinformation.com\/de\/sehenswurdigkeiten-in-lissabon\/kathedrale-von-lissabon\/\" style=\"\"><span style=\"\"><span style=\"\">Weiterlesen<\/span><\/span><\/a><a href=\"https:\/\/lisbontouristinformation.com\/de\/sehenswurdigkeiten-in-lissabon\/lissabon-kirchen\/\" dynamic-postlink=\"tcb_post_the_permalink\" data-shortcode-id=\"5477\"><\/a><\/p>\n<h3 style=\"text-align: center; padding-top: 0px !important; margin-top: 0px !important;\"><span data-attr-link=\"1\" data-attr-rel=\"0\" data-attr-target=\"0\" data-extra_key=\"\" data-option-inline=\"1\" data-shortcode=\"tcb_post_title\" data-shortcode-name=\"Post title\" data-attr-css=\"\" data-attr-static-link=\"{&quot;className&quot;:&quot;&quot;,&quot;href&quot;:&quot;https:\/\/lisbontouristinformation.com\/de\/sehenswurdigkeiten-in-lissabon\/mosteiro-dos-jeronimos\/&quot;,&quot;title&quot;:&quot;Guide zum Mosteiro dos Jer\u00f3nimos: Tickets, Tipps &amp; mehr&quot;,&quot;class&quot;:&quot;&quot;}\" style=\"\"><a href=\"https:\/\/lisbontouristinformation.com\/de\/sehenswurdigkeiten-in-lissabon\/lissabon-kirchen\/\" title=\"Top 12 Kirchen und Kathedralen in Lissabon\" data-css=\"\">Top 12 Kirchen und Kathedralen in Lissabon<\/a><\/span><\/h3>\n<p><a href=\"https:\/\/lisbontouristinformation.com\/de\/sehenswurdigkeiten-in-lissabon\/lissabon-kirchen\/\" style=\"\"><span style=\"\"><span style=\"\">Weiterlesen<\/span><\/span><\/a><\/p>\n","protected":false},"excerpt":{"rendered":"<p>Mit seiner wei\u00dfen Kuppel, die sich \u00fcber seine Nachbarn erhebt, ist das sch\u00f6ne Nationale Pantheon Santa Engracia eine Ikone der Skyline von Lissabon. Die unter Denkmalschutz stehende ehemalige Kirche Santa Engracia Pante\u00e3o aus dem 17. Jahrhundert ist eine wahre Barockperle und beherbergt die Gr\u00e4ber vieler bedeutender portugiesischer Pers\u00f6nlichkeiten. Das Denkmal, dessen Bau 400 Jahre gedauert [&hellip;]<\/p>\n","protected":false},"author":18,"featured_media":5885,"parent":67,"menu_order":0,"comment_status":"closed","ping_status":"closed","template":"","meta":{"footnotes":""},"tags":[89,88],"class_list":["post-5468","page","type-page","status-publish","has-post-thumbnail","hentry","tag-monument","tag-things-to-do","post-wrapper","thrv_wrapper"],"_links":{"self":[{"href":"https:\/\/lisbontouristinformation.com\/de\/wp-json\/wp\/v2\/pages\/5468","targetHints":{"allow":["GET"]}}],"collection":[{"href":"https:\/\/lisbontouristinformation.com\/de\/wp-json\/wp\/v2\/pages"}],"about":[{"href":"https:\/\/lisbontouristinformation.com\/de\/wp-json\/wp\/v2\/types\/page"}],"author":[{"embeddable":true,"href":"https:\/\/lisbontouristinformation.com\/de\/wp-json\/wp\/v2\/users\/18"}],"replies":[{"embeddable":true,"href":"https:\/\/lisbontouristinformation.com\/de\/wp-json\/wp\/v2\/comments?post=5468"}],"version-history":[{"count":1,"href":"https:\/\/lisbontouristinformation.com\/de\/wp-json\/wp\/v2\/pages\/5468\/revisions"}],"predecessor-version":[{"id":9026,"href":"https:\/\/lisbontouristinformation.com\/de\/wp-json\/wp\/v2\/pages\/5468\/revisions\/9026"}],"up":[{"embeddable":true,"href":"https:\/\/lisbontouristinformation.com\/de\/wp-json\/wp\/v2\/pages\/67"}],"wp:featuredmedia":[{"embeddable":true,"href":"https:\/\/lisbontouristinformation.com\/de\/wp-json\/wp\/v2\/media\/5885"}],"wp:attachment":[{"href":"https:\/\/lisbontouristinformation.com\/de\/wp-json\/wp\/v2\/media?parent=5468"}],"wp:term":[{"taxonomy":"post_tag","embeddable":true,"href":"https:\/\/lisbontouristinformation.com\/de\/wp-json\/wp\/v2\/tags?post=5468"}],"curies":[{"name":"wp","href":"https:\/\/api.w.org\/{rel}","templated":true}]}}