{"id":5459,"date":"2022-04-18T14:47:24","date_gmt":"2022-04-18T12:47:24","guid":{"rendered":"https:\/\/lisbontouristinformation.com\/de\/?page_id=5459"},"modified":"2024-05-16T17:50:08","modified_gmt":"2024-05-16T16:50:08","slug":"elevador-de-santa-justa","status":"publish","type":"page","link":"https:\/\/lisbontouristinformation.com\/de\/sehenswurdigkeiten-in-lissabon\/elevador-de-santa-justa\/","title":{"rendered":"Guide zum Aufzug Elevador de Santa Justa: Infos, Tipps &#038; mehr"},"content":{"rendered":"<p><strong><span style=\"font-size: 20px !important;\">De Elevador de Santa Justa <strong><span>Aufzug<\/span><\/strong>, der Passagiere zwischen den oberen und unteren Vierteln von Lissabon bef\u00f6rdert, ist mehr als nur eine Abk\u00fcrzung zum Bairro Alto Viertel: Es&nbsp;ist auch eine der Top-Attraktionen von Lissabon.<\/span><\/strong><\/p>\n<p>Der 1902 erbaute schmiedeeiserne Turm ist einer der Symbole der portugiesischen Hauptstadt.&nbsp;Er erhebt sich hoch in den Himmel, ist von vielen Punkten aus sichtbar und bietet einen <strong>weitreichenden Blick auf die Skyline von Lissabon.&nbsp;<\/strong>Kein Wunder, dass der Elevador de Santa Justa zu den meistbesuchten Orten der Stadt geh\u00f6rt.<\/p>\n<p>In diesem Guide erfahren Sie alles, was Sie vor Ihrem Besuch wissen m\u00fcssen, einschlie\u00dflich <strong>Fahrplan, Geschichte und Tickets.<\/strong><\/p>\n<p>Los geht&#8217;s!<\/p>\n<p style=\"\"><strong>Weitere empfohlene Beitr\u00e4ge:<\/strong><a data-lt-tmp-id=\"lt-124271\" href=\"https:\/\/lisbontouristinformation.com\/de\/sehenswurdigkeiten-in-lissabon\/top-10\/\" spellcheck=\"false\" style=\"outline: none;\">Top 10 Sehensw\u00fcrdigkeiten in Lissabon<\/a><\/p>\n<p style=\"\"><a href=\"https:\/\/lisbontouristinformation.com\/de\/anreise\/lissabon-oeffentliche-verkehrsmittel\/\" style=\"outline: none;\">\u00d6ffentlicher Verkehr in Lissabon<\/a><a href=\"https:\/\/lisbontouristinformation.com\/de\/hotels-lissabon\/\" style=\"outline: none;\">Empfohlene Hotels in Lissabon<\/a><a href=\"https:\/\/lisbontouristinformation.com\/de\/sehenswurdigkeiten-in-lissabon\/lissabon-mit-kindern\/\" style=\"outline: none;\">Aktivit\u00e4ten f\u00fcr Kinder<\/a><a href=\"https:\/\/lisbontouristinformation.com\/de\/lifestyle\/restaurants-in-lissabon\/\" style=\"outline: none;\">Top-Restaurants in Lissabon<\/a><a href=\"https:\/\/lisbontouristinformation.com\/de\/lifestyle\/shopping-lissabon\/\">Einkaufen in Lissabon<\/a><\/p>\n<h2 data-alt-text=\"Eintritt, Tickets &amp; Touren\" id=\"t-1650286074396\">Eintritt, Tickets und Touren zum Elevador de Santa Justa<\/h2>\n<ul>\n<li><strong>Eintritt:<\/strong> T\u00e4glich von 7:30\u201321:00 Uhr (November bis Februar) und 7:00\u201323:00 Uhr (M\u00e4rz\u2013Oktober)<\/li>\n<li><strong>Tickets:<\/strong>&nbsp;Der Santa Justa Aufzug ist Teil des \u00f6ffentlichen Verkehrssystems, deshalb ist die Fahrt mit dem Aufzug im 24-Stunden-\u00d6PNV-Ticket enthalten.&nbsp;Inhaber von \u00d6PNV-Karten wie Viva Viagem oder Lisboa Viva k\u00f6nnen den Aufzug f\u00fcr eine einfache Fahrt nutzen.&nbsp;Besucher, die keine \u00d6PNV-Karte haben, k\u00f6nnen ein Ticket an der Kasse vor Ort kaufen. Der Ticketpreis betr\u00e4gt 5,30 \u20ac (Hin- und R\u00fcckfahrt).<\/li>\n<li>Der Eintritt f\u00fcr die Aussichtsplattform betr\u00e4gt 1,50&nbsp;\u20ac.<\/li>\n<li><strong>Tipp:<\/strong>&nbsp;Inhaber der \u200b<a data-lt-tmp-id=\"lt-687088\" href=\"https:\/\/www.headout.com\/r\/most-amazing-placesrecommends-DDFHB\/\" rel=\"nofollow noopener\" spellcheck=\"false\" target=\"_blank\" style=\"outline: none;\">Lisboa Card&nbsp;<\/a>k\u00f6nnen den Aufzug kostenlos nutzen und haben freien Zugang zur Aussichtsplattform.<\/li>\n<\/ul>\n<p><span><img decoding=\"async\" alt=\"Aktivit\u00e4ten am Aufzug Santa Justa in Lissabon\" data-id=\"6551\" width=\"702\" data-init-width=\"1000\" height=\"468\" data-init-height=\"667\" title=\"Aktivit\u00e4ten am Aufzug Santa Justa in Lissabon\" src=\"https:\/\/lisbontouristinformation.com\/de\/wp-content\/uploads\/2022\/06\/Things-to-do-at-Santa-Justa-Lift-in-Lisbon-1.jpg\" data-width=\"702\" data-height=\"468\" style=\"aspect-ratio: auto 1000 \/ 667;\" loading=\"lazy\"><\/span><\/p>\n<h2 id=\"t-1650286074395\" style=\"\">Was kann ich am Elevador de Santa Justa Aufzug&nbsp;machen?<\/h2>\n<p>Der \u00fcber 100 Jahre alte 45 Meter hohe Elevador de Santa Justa ist der einzige \u00f6ffentliche Vertikallift der Stadt. Er verbindet die&nbsp;<b>unteren Stra\u00dfen des Stadtteils <\/b><b>Baixa<\/b> mit dem <b>h\u00f6her gelegenen Stadtteil <\/b><b>Bairro Alto. <\/b>Das macht ihn schon jahrzehntelang zu einer gro\u00dfen Hilfe f\u00fcr die Einheimischen, die ihn nutzten, um den Aufstieg auf den H\u00fcgel zu vermeiden.<\/p>\n<p style=\"\">Die Aussichtsplattform hingegen erm\u00f6glicht einen <strong>atemberaubenden Panoramablick<\/strong> auf die Innenstadt von Lissabon.&nbsp;<\/p>\n<p style=\"\">\u200b<\/p>\n<p style=\"\"><strong><span style=\"text-decoration: underline;\">Hier sind weitere Highlights:<\/span><\/strong><\/p>\n<p style=\"\">\u200b<\/p>\n<h3 style=\"\">1. Bewundern Sie die Architektur<\/h3>\n<p>Der aufwendig gestaltete Elevador de Santa Justa ist nicht nur ein funktionales Bauwerk, sondern auch ein <b>Kunstwerk<\/b>.&nbsp;Deshalb lohnt es sich, einen genaueren Blick auf die Konstruktion des Aufzugs zu werfen.<\/p>\n<p>Das sch\u00f6ne \u00c4u\u00dfere wurde i<strong>m neugotischen Stil<\/strong> erbaut und besteht fast ausschlie\u00dflich aus Schmiedeeisen.&nbsp;Es zeichnet sich durch <strong>filigrane Arbeiten, <\/strong>geometrische Muster und elegante neugotische B\u00f6gen aus.<\/p>\n<p>Sie werden \u00fcberrascht sein, <strong>\u00c4hnlichkeiten mit dem Eiffelturm zu finden.<\/strong>&nbsp;Diese sind keineswegs zuf\u00e4llig. Der portugiesische Ingenieur Raoul Mesnier du Ponsard, der f\u00fcr das Design des Elevador de Santa Justa verantwortlich war, soll ein <strong>Lehrling von Gustave Eiffel<\/strong> gewesen sein und hat sich vom Eiffelturm inspirieren lassen, da er seine Handwerkskunst und sein Design bewunderte.<\/p>\n<p><span><img decoding=\"async\" alt=\"Machen Sie eine Fahrt in der Vintage-Kabine des Aufzugs Santa Justa in Lissabon\" data-id=\"6553\" width=\"702\" data-init-width=\"1000\" height=\"469\" data-init-height=\"668\" title=\"Machen Sie eine Fahrt in der Vintage-Kabine des Aufzugs Santa Justa in Lissabon\" src=\"https:\/\/lisbontouristinformation.com\/de\/wp-content\/uploads\/2022\/06\/Take-a-Ride-in-the-Vintage-Cabin-of-Santa-Justa-Lift-in-Lisbon-1.jpg\" data-width=\"702\" data-height=\"469\" style=\"aspect-ratio: auto 1000 \/ 668;\" loading=\"lazy\"><\/span><\/p>\n<h3 style=\"\">2. Machen Sie eine Fahrt in der Vintage-Kabine<\/h3>\n<p>Steigen Sie in einer der beiden altmodischen Holzkabinen, die mit schattierten Spiegeln und Messingzifferbl\u00e4ttern ausgestattet sind, und genie\u00dfen Sie eine nostalgische Fahrt <b>sieben Stockwerke (32 Meter) nach oben<\/b>.&nbsp;Interessanterweise kann der Aufzug zwanzig Personen nach oben bef\u00f6rdern, aber nur f\u00fcnfzehn nach unten.<\/p>\n<p>Da eine Fahrt mit diesem Wahrzeichen zu den Top-Erlebnissen f\u00fcr Lissabon-Besucher geh\u00f6rt, m\u00fcssen Sie stets mit&nbsp;<b>langen Warteschlangen <\/b><b>rechnen <span style=\"font-weight: normal;\">&#8211; ins<\/span><\/b>besondere in der Hochsaison.&nbsp;Wir empfehlen daher, den Aufzug entweder&nbsp;<b>fr\u00fchmorgens oder sp\u00e4tabends zu aufzusuchen<\/b>, um Wartezeiten zu minimieren.<\/p>\n<p>Die&nbsp;<b>oberste Etage<\/b>, die ebenfalls ohne Eintrittsgeld \u00fcber den Largo do Carmo zu erreichen ist, bietet einen grandiosen Blick \u00fcber das Zentrum von Lissabon.&nbsp;<\/p>\n<p style=\"\"><b>Tipp<\/b>: Anstatt nach oben zu fahren, k\u00f6nnen Sie zur Spitze des H\u00fcgels laufen und mit dem Aufzug wieder nach unten fahren.&nbsp;Nicht nur sind die Warteschlangen viel k\u00fcrzer, auch das One-Way-Ticket f\u00fcr die Talfahrt ist g\u00fcnstiger.<\/p>\n<ul>\n<li><b>Strecke:<\/b> Rua do Ouro \/ Rua de Santa Justa \u2013 Largo do Carmo<\/li>\n<li><b>Fahrplan:<\/b>&nbsp;Den Fahrplan des Elevador de Santa Justa Aufzugs finden Sie&nbsp;<a href=\"https:\/\/www.carris.pt\/en\/travel\/carreiras\/54e-santa-justa-lift\/\" style=\"outline: none;\" data-lt-tmp-id=\"lt-557147\" spellcheck=\"false\" rel=\"nofollow noopener\" target=\"_blank\">hier<\/a>.<\/li>\n<\/ul>\n<p><span><img decoding=\"async\" alt=\"Genie\u00dfen Sie die Aussicht von der Aussichtsplattform des Santa Justa Lifts\" data-id=\"6555\" width=\"702\" data-init-width=\"1000\" height=\"395\" data-init-height=\"563\" title=\"Genie\u00dfen Sie die Aussicht von der Aussichtsplattform des Santa Justa Lifts\" src=\"https:\/\/lisbontouristinformation.com\/de\/wp-content\/uploads\/2022\/06\/Enjoy-the-View-from-the-Observation-Deck-of-Santa-Justa-Lift-1.jpg\" data-width=\"702\" data-height=\"395\" style=\"aspect-ratio: auto 1000 \/ 563;\" loading=\"lazy\"><\/span><\/p>\n<h3>3. Genie\u00dfen Sie die Aussicht von der Aussichtsplattform<\/h3>\n<p>Oben angekommen f\u00fchrt Sie eine Wendeltreppe zur Panoramaterrasse des Elevador de Santa Justa.&nbsp;Von hier aus genie\u00dfen Sie einen <b>360-Grad-Blick auf die Stadt<\/b>, darunter den Fluss Tejo, die&nbsp;<a href=\"https:\/\/lisbontouristinformation.com\/de\/sehenswurdigkeiten\/castelo-de-sao-jorge\/\" style=\"outline: none;\">Burg S\u00e3o Jorge<\/a>, die Ruinen des Carmo-Klosters, den lebhaften&nbsp;<a href=\"https:\/\/lisbontouristinformation.com\/de\/sehenswurdigkeiten-in-lissabon\/rossio-lissabon\/\" style=\"outline: none;\">Rossio-Platz<\/a> und das Viertel Baixa.<\/p>\n<p>Es lohnt sich, das legend\u00e4re Geb\u00e4ude&nbsp;<b>bei Nacht zu sehen<span style=\"font-weight: normal;\"> und die<b>&nbsp;romantische Atmosph\u00e4re zu genie\u00dfen<\/b>.&nbsp;<\/span><\/b>Atemberaubend ist nicht nur die Optik des beleuchteten Santa Justa Aufzugs, sondern auch der Blick auf das schillernde Lichtermeer der Stadt.<\/p>\n<p>Die Aussichtsplattform ist im Sommer t\u00e4glich von 9:00 bis 23:00 Uhr und im Winter von 9:00 bis 21:00 Uhr ge\u00f6ffnet. Bitte beachten Sie, dass&nbsp;f\u00fcr den Zugang zur Aussichtsplattform eine <b>Eintrittsgeb\u00fchr erhoben wird.&nbsp;<\/b><\/p>\n<p><b>Tipp:<\/b> Um die Aussichtsplattform zu besuchen, m\u00fcssen Sie nicht den Aufzug benutzen. Wenn Sie nach oben wollen, aber die langen Warteschlangen vermeiden m\u00f6chten, k\u00f6nnen Sie stattdessen die Treppe entlang der Seite des Carmo-Klosters hinaufsteigen oder den versteckten Aufzug im&nbsp;<strong>Cork Shop<\/strong> in der Rua do Carmo nehmen. Beide Alternativen bringen Sie zur obersten Stra\u00dfe, um Zugang zur Aussichtsplattform zu erhalten, ohne f\u00fcr eine Fahrt mit dem Aufzug zu bezahlen.<\/p>\n<h2 id=\"t-1650286074397\" style=\"\">Wie komme ich zum Elevador de Santa Justa Aufzug?<\/h2>\n<p style=\"\">Der Santa Justa Aufzug befindet sich am Ende der Rua de Santa Justa im Viertel Baixa, zwischen den Metrostationen Baixa-Chiado und Rossio.<\/p>\n<p style=\"\"><b>Vom Pra\u00e7a do Com\u00e9rcio:<\/b>&nbsp;Sie k\u00f6nnen entweder 700 Meter zum Aufzug Santa Justa gehen oder eine Station mit der Stra\u00dfenbahn 15 oder 25 bis P\u00e7 fahren.&nbsp;Bahnhof Figueira. Von hier aus ist der Lift in nur 4 Minuten erreichbar.<\/p>\n<h2 id=\"t-1650286074398\" data-alt-text=\"FAQ\" style=\"\">H\u00e4ufig gestellte Fragen zum Elevador de Santa Justa&nbsp;Aufzug<\/h2>\n<p><span><img decoding=\"async\" alt=\"Historische Fakten und Informationen \u00fcber den Aufzug Santa Justa\" data-id=\"6557\" width=\"702\" data-init-width=\"1000\" height=\"468\" data-init-height=\"667\" title=\"Historische Fakten und Informationen \u00fcber den Aufzug Santa Justa\" src=\"https:\/\/lisbontouristinformation.com\/de\/wp-content\/uploads\/2022\/06\/Historical-Facts-Info-about-Santa-Justa-Lift-1.jpg\" data-width=\"702\" data-height=\"468\" style=\"aspect-ratio: auto 1000 \/ 667;\" loading=\"lazy\"><\/span><\/p>\n<h2 id=\"t-1650286074399\" data-alt-text=\"Geschichte\" style=\"\">Geschichte des Elevador de Santa Justa&nbsp;Aufzug<\/h2>\n<p>Der Elevador de Santa Justa, auch bekannt als Elevador do Carmo, wurde 1900 gebaut, um den Einheimischen das Pendeln den steilen H\u00fcgel hinauf und hinunter zu erleichtern.&nbsp;Zwei Jahre sp\u00e4ter wurde es eingeweiht.<\/p>\n<p>Urspr\u00fcnglich wurde der Aufzug von einer Dampfmaschine angetrieben, die einige Jahre sp\u00e4ter durch einen Elektromotor ersetzt wurde.<\/p>\n<p>2002 wurde der Elevador de Santa Justa zum Nationaldenkmal erkl\u00e4rt. Nach umfangreichen Renovierungsarbeiten \u00f6ffnete der Aufzug 2006 wieder seine Pforten. Heute wird der Santa Justa Lift von der Companhia da Carris betrieben und dient vor allem als Touristenattraktion.<\/p>\n<h2 id=\"t-1650286074400\" style=\"\">Kontakt &amp; Karte<\/h2>\n<ul>\n<li><strong>Adresse:&nbsp;<\/strong>Elevador de Santa Justa, R. do Ouro, 1150-060 Lisboa, Portugal<\/li>\n<li><strong>\u00d6ffnungszeiten:<\/strong> T\u00e4glich von 7:30-21:00 (Nov-Feb) &amp; 7:00-23:00 (M\u00e4r-Okt)<\/li>\n<li><strong>\u00d6ffentliche Verkehrsmittel:<\/strong> Metro Gr\u00fcne Linie, Haltestelle Rossio<\/li>\n<li style=\"\"><strong>Offizielle Website: <\/strong><a href=\"https:\/\/www.carris.pt\/descubra\/frota\/elevador-de-santa-justa\/\" data-lt-tmp-id=\"lt-571620\" spellcheck=\"false\" target=\"_blank\" style=\"outline: none;\" rel=\"nofollow noopener\">Carris.pt\/elevador-de-santa-justa\/<\/a> (nur auf Portugiesisch)<strong> <\/strong><\/li>\n<\/ul>\n<h3 style=\"\">Verwandte Artikel:<\/h3>\n<p><a href=\"https:\/\/lisbontouristinformation.com\/de\/sehenswurdigkeiten-in-lissabon\/museum\/\" dynamic-postlink=\"tcb_post_the_permalink\" data-shortcode-id=\"586\"><\/a><\/p>\n<h3 style=\"text-align: center; padding-top: 0px !important; margin-top: 0px !important;\"><span data-attr-link=\"1\" data-attr-rel=\"0\" data-attr-target=\"0\" data-extra_key=\"\" data-option-inline=\"1\" data-shortcode=\"tcb_post_title\" data-shortcode-name=\"Post title\" data-attr-css=\"\" data-attr-static-link=\"{&quot;className&quot;:&quot;&quot;,&quot;href&quot;:&quot;https:\/\/lisbontouristinformation.com\/de\/sehenswurdigkeiten-in-lissabon\/museum\/&quot;,&quot;title&quot;:&quot;10 besten Museen in Lissabon&quot;,&quot;class&quot;:&quot;&quot;}\" style=\"\"><a href=\"https:\/\/lisbontouristinformation.com\/de\/sehenswurdigkeiten-in-lissabon\/museum\/\" title=\"10 besten Museen in Lissabon\" data-css=\"\">10 besten Museen in Lissabon<\/a><\/span><\/h3>\n<p><a href=\"https:\/\/lisbontouristinformation.com\/de\/sehenswurdigkeiten-in-lissabon\/museum\/\" style=\"\"><span style=\"\"><span style=\"\">Weiterlesen<\/span><\/span><\/a><a href=\"https:\/\/lisbontouristinformation.com\/de\/sehenswurdigkeiten-in-lissabon\/\" dynamic-postlink=\"tcb_post_the_permalink\" data-shortcode-id=\"586\"><\/a><\/p>\n<h3 style=\"text-align: center; padding-top: 0px !important; margin-top: 0px !important;\"><span data-attr-link=\"1\" data-attr-rel=\"0\" data-attr-target=\"0\" data-extra_key=\"\" data-option-inline=\"1\" data-shortcode=\"tcb_post_title\" data-shortcode-name=\"Post title\" data-attr-css=\"\" data-attr-static-link=\"{&quot;className&quot;:&quot;&quot;,&quot;href&quot;:&quot;https:\/\/lisbontouristinformation.com\/de\/sehenswurdigkeiten-in-lissabon\/museum\/&quot;,&quot;title&quot;:&quot;10 besten Museen in Lissabon&quot;,&quot;class&quot;:&quot;&quot;}\" style=\"\"><a href=\"https:\/\/lisbontouristinformation.com\/de\/sehenswurdigkeiten-in-lissabon\/\" title=\"50 besten Sehensw\u00fcrdigkeiten in Lissabon [mit Tickets]\" data-css=\"\">50 besten Sehensw\u00fcrdigkeiten in Lissabon [mit Tickets]<\/a><\/span><\/h3>\n<p><a href=\"https:\/\/lisbontouristinformation.com\/de\/sehenswurdigkeiten-in-lissabon\/\" style=\"\"><span style=\"\"><span style=\"\">Weiterlesen<\/span><\/span><\/a><a href=\"https:\/\/lisbontouristinformation.com\/de\/bester-city-pass-fur-lissabon\/\" dynamic-postlink=\"tcb_post_the_permalink\" data-shortcode-id=\"586\"><\/a><\/p>\n<h3 style=\"text-align: center; padding-top: 0px !important; margin-top: 0px !important;\"><span data-attr-link=\"1\" data-attr-rel=\"0\" data-attr-target=\"0\" data-extra_key=\"\" data-option-inline=\"1\" data-shortcode=\"tcb_post_title\" data-shortcode-name=\"Post title\" data-attr-css=\"\" data-attr-static-link=\"{&quot;className&quot;:&quot;&quot;,&quot;href&quot;:&quot;https:\/\/lisbontouristinformation.com\/de\/sehenswurdigkeiten-in-lissabon\/museum\/&quot;,&quot;title&quot;:&quot;10 besten Museen in Lissabon&quot;,&quot;class&quot;:&quot;&quot;}\" style=\"\"><a href=\"https:\/\/lisbontouristinformation.com\/de\/bester-city-pass-fur-lissabon\/\" title=\"Bester City Pass f\u00fcr Lissabon | Preise &amp; Leistungen vergleichen\" data-css=\"\">Bester City Pass f\u00fcr Lissabon | Preise &amp; Leistungen vergleichen<\/a><\/span><\/h3>\n<p><a href=\"https:\/\/lisbontouristinformation.com\/de\/bester-city-pass-fur-lissabon\/\" style=\"\"><span style=\"\"><span style=\"\">Weiterlesen<\/span><\/span><\/a><a href=\"https:\/\/lisbontouristinformation.com\/de\/sehenswurdigkeiten-in-lissabon\/lissabon-mit-kindern\/\" dynamic-postlink=\"tcb_post_the_permalink\" data-shortcode-id=\"586\"><\/a><\/p>\n<h3 style=\"text-align: center; padding-top: 0px !important; margin-top: 0px !important;\"><span data-attr-link=\"1\" data-attr-rel=\"0\" data-attr-target=\"0\" data-extra_key=\"\" data-option-inline=\"1\" data-shortcode=\"tcb_post_title\" data-shortcode-name=\"Post title\" data-attr-css=\"\" data-attr-static-link=\"{&quot;className&quot;:&quot;&quot;,&quot;href&quot;:&quot;https:\/\/lisbontouristinformation.com\/de\/sehenswurdigkeiten-in-lissabon\/museum\/&quot;,&quot;title&quot;:&quot;10 besten Museen in Lissabon&quot;,&quot;class&quot;:&quot;&quot;}\" style=\"\"><a href=\"https:\/\/lisbontouristinformation.com\/de\/sehenswurdigkeiten-in-lissabon\/lissabon-mit-kindern\/\" title=\"Lissabon mit Kindern: 15 tolle Aktivit\u00e4ten [mit Tickets]\" data-css=\"\">Lissabon mit Kindern: 15 tolle Aktivit\u00e4ten [mit Tickets]<\/a><\/span><\/h3>\n<p><a href=\"https:\/\/lisbontouristinformation.com\/de\/sehenswurdigkeiten-in-lissabon\/lissabon-mit-kindern\/\" style=\"\"><span style=\"\"><span style=\"\">Weiterlesen<\/span><\/span><\/a><\/p>\n","protected":false},"excerpt":{"rendered":"<p>De Elevador de Santa Justa Aufzug, der Passagiere zwischen den oberen und unteren Vierteln von Lissabon bef\u00f6rdert, ist mehr als nur eine Abk\u00fcrzung zum Bairro Alto Viertel: Es&nbsp;ist auch eine der Top-Attraktionen von Lissabon. Der 1902 erbaute schmiedeeiserne Turm ist einer der Symbole der portugiesischen Hauptstadt.&nbsp;Er erhebt sich hoch in den Himmel, ist von vielen [&hellip;]<\/p>\n","protected":false},"author":18,"featured_media":5887,"parent":67,"menu_order":0,"comment_status":"closed","ping_status":"closed","template":"","meta":{"footnotes":""},"tags":[89,88],"class_list":["post-5459","page","type-page","status-publish","has-post-thumbnail","hentry","tag-monument","tag-things-to-do","post-wrapper","thrv_wrapper"],"_links":{"self":[{"href":"https:\/\/lisbontouristinformation.com\/de\/wp-json\/wp\/v2\/pages\/5459","targetHints":{"allow":["GET"]}}],"collection":[{"href":"https:\/\/lisbontouristinformation.com\/de\/wp-json\/wp\/v2\/pages"}],"about":[{"href":"https:\/\/lisbontouristinformation.com\/de\/wp-json\/wp\/v2\/types\/page"}],"author":[{"embeddable":true,"href":"https:\/\/lisbontouristinformation.com\/de\/wp-json\/wp\/v2\/users\/18"}],"replies":[{"embeddable":true,"href":"https:\/\/lisbontouristinformation.com\/de\/wp-json\/wp\/v2\/comments?post=5459"}],"version-history":[{"count":11,"href":"https:\/\/lisbontouristinformation.com\/de\/wp-json\/wp\/v2\/pages\/5459\/revisions"}],"predecessor-version":[{"id":8875,"href":"https:\/\/lisbontouristinformation.com\/de\/wp-json\/wp\/v2\/pages\/5459\/revisions\/8875"}],"up":[{"embeddable":true,"href":"https:\/\/lisbontouristinformation.com\/de\/wp-json\/wp\/v2\/pages\/67"}],"wp:featuredmedia":[{"embeddable":true,"href":"https:\/\/lisbontouristinformation.com\/de\/wp-json\/wp\/v2\/media\/5887"}],"wp:attachment":[{"href":"https:\/\/lisbontouristinformation.com\/de\/wp-json\/wp\/v2\/media?parent=5459"}],"wp:term":[{"taxonomy":"post_tag","embeddable":true,"href":"https:\/\/lisbontouristinformation.com\/de\/wp-json\/wp\/v2\/tags?post=5459"}],"curies":[{"name":"wp","href":"https:\/\/api.w.org\/{rel}","templated":true}]}}