{"id":5440,"date":"2022-04-18T10:39:21","date_gmt":"2022-04-18T08:39:21","guid":{"rendered":"https:\/\/lisbontouristinformation.com\/de\/?page_id=5440"},"modified":"2024-09-09T12:03:03","modified_gmt":"2024-09-09T11:03:03","slug":"rossio-lissabon","status":"publish","type":"page","link":"https:\/\/lisbontouristinformation.com\/de\/sehenswurdigkeiten-in-lissabon\/rossio-lissabon\/","title":{"rendered":"Guide zum Bahnhof Rossio in Lissabon: Infos, Fahrplan &#038; Tipps"},"content":{"rendered":"<p><span style=\"font-size: 20px !important;\">Der pr\u00e4chtige Bahnhof Rossio (Esta\u00e7\u00e3o do Rossio) aus dem sp\u00e4ten 19.&nbsp;<\/span><span style=\"font-size: 20px !important;\"><sup>Jahrhundert<\/sup> ist der ehemalige Hauptbahnhof von Lissabon.<\/span><\/p>\n<p>Heute ist das architektonische Schmuckst\u00fcck nicht nur ein Verkehrsknotenpunkt mit Verbindungen nach Sintra, sondern auch eine beeindruckende Touristenattraktion. Mit seiner m\u00e4rchenhaften Fassade im neumanuelinischen Stil verzaubert es jeden Besucher.<\/p>\n<p>Lesen Sie auf dieser Seite alles, was Sie vor Ihrem Besuch wissen m\u00fcssen, einschlie\u00dflich der Geschichte, des Zeitplans f\u00fcr Sintra und der wichtigsten Fragen.<\/p>\n<p style=\"\">Beginnen wir mit den wichtigsten Aktivit\u00e4ten!<\/p>\n<h2 id=\"t-1650271191481\" style=\"\"><b>Was kann ich am&nbsp;<\/b><b>Bahnhof Rossio machen?<\/b><\/h2>\n<p style=\"\">Der monumentale Bahnhof Rossio im Herzen von <a href=\"https:\/\/lisbontouristinformation.com\/de\/planen\/stadtteile-von-lissabon\/\" style=\"outline: none;\">Lissabons beliebtem Viertel Baixa<\/a> sieht von au\u00dfen eher wie ein Opernhaus als wie ein \u00f6ffentliches Geb\u00e4ude aus.<\/p>\n<p style=\"\">Auch wenn Sie keinen Ausflug in die Vororte von Lissabon planen, ist ein Besuch dieses wunderbaren Wahrzeichens sehr zu empfehlen.<\/p>\n<p>Hier sind einige seiner Highlights:<\/p>\n<p><span><img decoding=\"async\" alt=\"Bewundern Sie die Architektur des Bahnhofs Rossio in Lissabon\" data-id=\"6502\" width=\"702\" data-init-width=\"1000\" height=\"530\" data-init-height=\"755\" title=\"Bewundern Sie die Architektur des Bahnhofs Rossio in Lissabon\" src=\"https:\/\/lisbontouristinformation.com\/de\/wp-content\/uploads\/2022\/06\/Marvel-at-the-Architecture-of-Rossio-Train-Station-in-Lisbon-1.jpg\" data-width=\"702\" data-height=\"530\" loading=\"lazy\" style=\"aspect-ratio: auto 1000 \/ 755;\"><\/span><\/p>\n<h3 style=\"\">1. Staunen Sie \u00fcber die Architektur<\/h3>\n<p>Mit seiner pr\u00e4chtigen Fassade an der Nordwestseite des Rossio-Platzes ist der Bahnhof Rossio wohl der sch\u00f6nste Bahnhof Portugals, vielleicht sogar der Welt.<\/p>\n<p>Das vom portugiesischen Architekten Jos\u00e9 Lu\u00eds Monteiro entworfene romantische \u00c4u\u00dfere ist eines der besten Beispiele f\u00fcr neomanuelinische Architektur, die f\u00fcr das 16. Jahrhundert charakteristisch ist.<\/p>\n<p>Wenn Sie vor diesem au\u00dfergew\u00f6hnlichen Geb\u00e4ude stehen, nehmen Sie sich Zeit, um die <b>reiche skulpturale Verzierung<\/b> mit nautischen Motiven sowie die <b>Schmuckuhr<\/b> im kleinen T\u00fcrmchen zu durchsuchen. Das auff\u00e4lligste Merkmal sind jedoch die beiden <b>ineinander verschlungenen hufeisenf\u00f6rmigen Tore<\/b> , sterben die Besucher am Eingang willkommen hei\u00dfen. Zwischen diesen Toren stand einst eine 126 Jahre alte Statue von K\u00f6nig Sebastian von Portugal, die leider 2016 von einem Mann zerst\u00f6rt wurde, der sie beim Klettern f\u00fcr ein Selfie umwarf.<\/p>\n<p><span><img decoding=\"async\" alt=\"Im Bahnhof Rossio in Lissabon\" data-id=\"6505\" width=\"702\" data-init-width=\"1000\" height=\"448\" data-init-height=\"638\" title=\"Im Bahnhof Rossio in Lissabon\" src=\"https:\/\/lisbontouristinformation.com\/de\/wp-content\/uploads\/2022\/06\/Inside-Rossio-Train-Station-in-Lisbon-1.jpg\" data-width=\"702\" data-height=\"448\" style=\"aspect-ratio: auto 1000 \/ 638;\" loading=\"lazy\"><\/span><\/p>\n<h3 style=\"\">2. Im Bahnhof Rossio<\/h3>\n<p>Nach dem Betreten des Bahnhofs Rossio durch die riesige hufeisenf\u00f6rmige T\u00fcr sind die Besucher normalerweise von der <b>modernen Innenausstattung<\/b> \u00fcberrascht .<\/p>\n<p>Die Bahnsteige im Inneren sind durch Rampen mit der Fassadenebene verbunden und von einer gusseisernen Konstruktion \u00fcberdeckt. Da der Bahnhof recht klein ist, erleichtert er den Fahrg\u00e4sten die Navigation. Es gibt <b>Fahrkartenschalter und Fahrkartenautomaten<\/b> , die in der Regel zwischen 10 und 12 Uhr von Touristen stark frequentiert werden.<\/p>\n<p>An der Westwand des Zugschuppens sind einige <b>Kachelmalereien zu<\/b> sehen, die modernen Ansichten der Stadt Lissabon mit religi\u00f6sen Motiven verbinden.<\/p>\n<p>Es gibt auch einen Souvenirshop, einen Starbucks und das Lisbon Destination Hostel.<\/p>\n<p><strong>\u2192 Sind Sie daran interessiert, mehr von Lissabons besten Kunstwerken und religi\u00f6sen Artefakten zu entdecken? Sehen Sie sich die vollst\u00e4ndige Liste der <a href=\"https:\/\/lisbontouristinformation.com\/de\/sehenswurdigkeiten\/lissabon-kirchen\/\" style=\"outline: none;\">wichtigsten religi\u00f6sen St\u00e4tten in Lissabon an<\/a>.<\/strong><\/p>\n<p><span><img decoding=\"async\" alt=\"Nehmen Sie den Zug nach Sintra\" data-id=\"6508\" width=\"702\" data-init-width=\"1000\" height=\"449\" data-init-height=\"639\" title=\"Nehmen Sie den Zug nach Sintra\" src=\"https:\/\/lisbontouristinformation.com\/de\/wp-content\/uploads\/2022\/06\/Take-the-Train-to-Sintra-1.jpg\" data-width=\"702\" data-height=\"449\" loading=\"lazy\" style=\"aspect-ratio: auto 1000 \/ 639;\"><\/span><\/p>\n<h3 style=\"\">3. Nehmen Sie den Zug nach Sintra<\/h3>\n<p>Mit der <b>Sintra-Linie<\/b> ( Linha de Sintra ), die Lissabon mit der Stadt Sintra verbindet, ist der Bahnhof Rossio der <b>Hauptbahnhof der S-Bahn Lisboa-Sintra<\/b> . Deshalb can SIE Ihren Besuch dieses Meisterwerks mit einem Tagesausflug in das romantische Dorf verbinden, das f\u00fcr seine m\u00e4rchenhaften Schl\u00f6sser, seine bezaubernde Altstadt und seine bezaubernde Atmosph\u00e4re ber\u00fchmt ist.<\/p>\n<p>Steigen Sie in die S-Bahn nach Sintra, die wochentags <b>alle 15 Minuten<\/b> und am Wochenende alle 30 Minuten abf\u00e4hrt. Es bestehen Verbindungen bis sp\u00e4t in die Nacht. Die Fahrt <b>dauert etwa 45 Minuten<\/b> , da es 14 Haltestellen dazwischen gibt. Sie k\u00f6nnen Einzelfahrkarten direkt am Bahnhof kaufen, eine Vorreservierung ist nicht m\u00f6glich.<\/p>\n<ul>\n<li><b>Weiterlesen: <\/b><a href=\"https:\/\/lisbontouristinformation.com\/de\/planen\/sintra-lissabon\/\" target=\"_blank\" style=\"outline: none;\" rel=\"noopener\">Ein Leitfaden f\u00fcr Sintra<\/a><a href=\"https:\/\/lisbontouristinformation.com\/de\/a-guide-to-sintra\/\" target=\"_blank\" style=\"outline: none;\" rel=\"noopener\"><\/a><\/li>\n<li><b>U-Bahn-Netzplan :<\/b> Den U-Bahn-Netzplan mit der Sintra-Linie finden Sie <a href=\"https:\/\/www.cp.pt\/passageiros\/en\/how-to-travel\/lisbon-urban-trains\" target=\"_blank\" style=\"outline: none;\" rel=\"noopener\">hier<\/a>.<a href=\"https:\/\/www.cp.pt\/passageiros\/en\/how-to-travel\/lisbon-urban-trains\" target=\"_blank\" rel=\"noopener\"><\/a><\/li>\n<li><b>Fahrplan <\/b><b>:<\/b> F\u00fcr aktuelle Informationen zum Fahrplan nach Sintra und zum Ticketpreis klicken Sie <a href=\"https:\/\/www.cp.pt\/passageiros\/en\" target=\"_blank\" rel=\"noopener\">hier<\/a>.&nbsp;Geben Sie einfach Rossio und Sintra ein und w\u00e4hlen Sie das Datum Ihrer Reise.<a href=\"https:\/\/www.cp.pt\/passageiros\/en\" target=\"_blank\" rel=\"noopener\"><\/a><\/li>\n<\/ul>\n<p><span><img decoding=\"async\" alt=\"Andere Verbindungen\" data-id=\"6510\" width=\"702\" data-init-width=\"1000\" height=\"468\" data-init-height=\"667\" title=\"Andere Verbindungen\" src=\"https:\/\/lisbontouristinformation.com\/de\/wp-content\/uploads\/2022\/06\/Other-Connections.jpg\" data-width=\"702\" data-height=\"468\" loading=\"lazy\" style=\"aspect-ratio: auto 1000 \/ 667;\"><\/span><\/p>\n<h3 style=\"\">4. Andere Verbindungen<\/h3>\n<p>Der Bahnhof Rossio ist auch mit der <b>Gr\u00fcnen Linie<\/b> ( Linha Verde ) der U-Bahn von Lissabon verbunden. Sie m\u00fcssen die Metrostation verlassen und den Rossio-Platz \u00fcberqueren, um die Station zu betreten.<\/p>\n<ul>\n<li><b>Den Netzplan der Metro Lissabon finden Sie <\/b><a href=\"https:\/\/www.metrolisboa.pt\/en\/travel\/diagrams-and-maps\/\" target=\"_blank\" style=\"outline: none;\" rel=\"noopener\"><b>hier<\/b><\/a><b>.<\/b><a href=\"https:\/\/www.metrolisboa.pt\/en\/travel\/diagrams-and-maps\/\" target=\"_blank\" rel=\"noopener\"><b><\/b><\/a><b><\/b><\/li>\n<\/ul>\n<p><span><img decoding=\"async\" alt=\"Sehensw\u00fcrdigkeiten in der N\u00e4he des Bahnhofs Rossio in Lissabon\" data-id=\"6511\" width=\"702\" data-init-width=\"1000\" height=\"468\" data-init-height=\"667\" title=\"Sehensw\u00fcrdigkeiten in der N\u00e4he des Bahnhofs Rossio in Lissabon\" src=\"https:\/\/lisbontouristinformation.com\/de\/wp-content\/uploads\/2022\/06\/Nearby-Attractions-to-the-Rossio-Train-Station-in-Lisbon.jpg\" data-width=\"702\" data-height=\"468\" loading=\"lazy\" style=\"aspect-ratio: auto 1000 \/ 667;\"><\/span><\/p>\n<h3 style=\"\">5. Sehensw\u00fcrdigkeiten in der N\u00e4he<\/h3>\n<p style=\"\">Verbringen Sie auf jeden Fall etwas Zeit auf dem lebhaften <b>Rossio-Platz<\/b> neben dem Bahnhof Rossio.<\/p>\n<p style=\"\">Sie k\u00f6nnen in den Gesch\u00e4ften rund um den Platz st\u00f6bern, auf einer der B\u00e4nke unter einem Baum sitzen oder in einem der vielen Caf\u00e9s, Bars und Restaurants etwas essen.<\/p>\n<p style=\"\">Sehen Sie sich auch die beiden gro\u00dfen <b>Brunnen im Barockstil<\/b> und das <b>Denkmal f\u00fcr K\u00f6nig Pedro IV. an<\/b> , die den Platz zieren. Abends ist der Platz besonders stimmungsvoll, wenn die Springbrunnen beleuchtet sind und Live-Musik die Luft erf\u00fcllt.<\/p>\n<p style=\"\">Weitere Sehensw\u00fcrdigkeiten in der N\u00e4he sind <b>der Restauradores<\/b> -Platz, Lissabons Hauptstra\u00dfe <b>Avenida de Liberade<\/b> und der <b>Elevador de Santa Justa<\/b> , den man gesehen haben muss .<\/p>\n<p style=\"\">\u200b<\/p>\n<h2 id=\"t-1650271191482\" data-alt-text=\"Entrance, Tickets, and Tours \"><b>Eintritt, Tickets und Touren zum&nbsp;<\/b><b>Bahnhof Rossio<\/b><\/h2>\n<ul>\n<li><strong>Eingang:<\/strong> Der Bahnhof Rossio ist t\u00e4glich ge\u00f6ffnet.<\/li>\n<li><strong>Tickets:<\/strong> Der Eintritt ist frei.<strong>&nbsp;<\/strong><\/li>\n<li><strong>Gef\u00fchrte Touren:<\/strong> Derzeit gibt es keine gef\u00fchrten Touren zum Bahnhof Rossio.&nbsp;<strong>&nbsp;<\/strong><\/li>\n<\/ul>\n<h2 id=\"t-1650271191483\"><b>Wie kommt man zum <\/b><b>Bahnhof Rossio?<\/b><\/h2>\n<p>Der Bahnhof Rossio liegt zwischen dem Rossio-Platz und dem Restauradores-Platz im Stadtzentrum von Lissabon, Baixa.<\/p>\n<p><b>Vom Pra\u00e7a do Com\u00e9rcio:<\/b> Sie k\u00f6nnen entweder 13 Minuten zu Fu\u00df gehen oder die U-Bahn (Blaue Linie\/ Linha Azul ) vom Terreiro do Pa\u00e7o nehmen. Gehen Sie 2 Stationen bis zur Station Restauradores. Von dort aus ist der Bahnhof Rossio nur wenige Schritte entfernt.<b> <\/b><\/p>\n<p>Alternativ gibt es mehrere Buslinien, die vom Pra\u00e7a do Com\u00e9rcio abfahren und in die N\u00e4he des Bahnhofs Rossio fahren.<\/p>\n<p>Informieren Sie sich in unserem Leitfaden zu <a href=\"https:\/\/lisbontouristinformation.com\/de\/arrival\/lissabon-oeffentliche-verkehrsmittel\/\" style=\"outline: none;\" data-lt-tmp-id=\"lt-56899\" spellcheck=\"false\">den \u00f6ffentlichen Verkehrsmitteln in Lissabon, um<\/a> herauszufinden, welche Methode f\u00fcr Ihre Bed\u00fcrfnisse am besten geeignet ist.&nbsp;<\/p>\n<h2 id=\"t-1650271191484\" data-alt-text=\"FAQ\" style=\"\">H\u00e4ufig gestellte Fragen zum Bahnhof Rossio<\/h2>\n<p><span><img decoding=\"async\" alt=\"Historische Fakten &amp; Infos \u00fcber den Bahnhof Rossio in Lissabon\" data-id=\"6513\" width=\"702\" data-init-width=\"1000\" height=\"468\" data-init-height=\"667\" title=\"Historische Fakten &amp; Infos \u00fcber den Bahnhof Rossio in Lissabon\" src=\"https:\/\/lisbontouristinformation.com\/de\/wp-content\/uploads\/2022\/06\/Historical-Facts-Info-about-Rossio-Train-Station-in-Lisbon-1.jpg\" data-width=\"702\" data-height=\"468\" loading=\"lazy\" style=\"aspect-ratio: auto 1000 \/ 667;\"><\/span><\/p>\n<h2 id=\"t-1650271191485\" data-alt-text=\"Historical Facts &amp; Info\" style=\"\"><strong>Historische Fakten &amp; Infos zum&nbsp; <\/strong><b>Bahnhof Rossio<\/b><\/h2>\n<p>Der Bahnhof Rossio wurde zwischen 1886 und 1890 gebaut. Er wurde von der portugiesischen K\u00f6niglichen Eisenbahngesellschaft in Auftrag gegeben. Der Bau des 2,9 km langen Tunnels, der unter der Stadt ausgehoben wurde, ist eine der wichtigsten Ingenieurleistungen Portugals aus dieser Zeit. &nbsp; &nbsp;&nbsp;<\/p>\n<p>Im Dezember 1918 war der Bahnhof Schauplatz eines schrecklichen Ereignisses, bei dem der vierte Pr\u00e4sident Portugals, Sid\u00f3nio Pais, ermordet wurde.<\/p>\n<p>Der Bahnhof Rossio diente bis 1957 als Hauptbahnhof von Lissabon. In den folgenden Jahren endeten nur wenige Fernz\u00fcge am Bahnhof (bis 1990).<\/p>\n<p>Aufgrund massiver Tunnelerneuerungsarbeiten war der Bahnhof Rossio zwischen 2004 und 2008 geschlossen. Heute bedienen die S-Bahn-Z\u00fcge der staatlichen Comboios de Portugal nach Sintra den Bahnhof Rossio.<\/p>\n<h2 id=\"t-1650271191486\" style=\"\">Kontakt &amp; Karte<\/h2>\n<ul>\n<li><strong>Adresse:&nbsp;<\/strong> Esta\u00e7\u00e3o de Caminhos de Ferro do Rossio, R. 1\u00ba de Dezembro 125, 1249-970 Lisboa, Portugal<\/li>\n<li><strong>\u00d6ffnungszeiten:<\/strong> T\u00e4glich, 24h<\/li>\n<li style=\"\"><strong>\u00d6ffentliche Verkehrsmittel:<\/strong><strong> <\/strong> Metro Blue Line, Haltestelle Restauradores oder Rossio<\/li>\n<\/ul>\n<h3 style=\"\">Verwandte Artikel:<\/h3>\n<p><a href=\"https:\/\/lisbontouristinformation.com\/de\/sehenswurdigkeiten-in-lissabon\/\" dynamic-postlink=\"tcb_post_the_permalink\" data-shortcode-id=\"99\"><\/a><\/p>\n<h3 style=\"text-align: center; padding-top: 0px !important; margin-top: 0px !important;\"><span data-attr-link=\"1\" data-attr-rel=\"0\" data-attr-target=\"0\" data-extra_key=\"\" data-option-inline=\"1\" data-shortcode=\"tcb_post_title\" data-shortcode-name=\"Post title\" data-attr-css=\"\" data-attr-static-link=\"{&quot;className&quot;:&quot;&quot;,&quot;href&quot;:&quot;https:\/\/lisbontouristinformation.com\/de\/sehenswurdigkeiten-in-lissabon\/&quot;,&quot;title&quot;:&quot;50 besten Sehensw\u00fcrdigkeiten in Lissabon ((mit Tickets))&quot;,&quot;class&quot;:&quot;&quot;}\" style=\"\"><a href=\"https:\/\/lisbontouristinformation.com\/de\/sehenswurdigkeiten-in-lissabon\/\" title=\"50 besten Sehensw\u00fcrdigkeiten in Lissabon [mit Tickets]\" data-css=\"\">50 besten Sehensw\u00fcrdigkeiten in Lissabon [mit Tickets]<\/a><\/span><\/h3>\n<p><a href=\"https:\/\/lisbontouristinformation.com\/de\/sehenswurdigkeiten-in-lissabon\/\" style=\"\"><span style=\"\"><span style=\"\">Weiterlesen<\/span><\/span><\/a><a href=\"https:\/\/lisbontouristinformation.com\/de\/anreise\/bahnhofe-lissabon\/\" dynamic-postlink=\"tcb_post_the_permalink\" data-shortcode-id=\"99\"><\/a><\/p>\n<h3 style=\"text-align: center; padding-top: 0px !important; margin-top: 0px !important;\"><span data-attr-link=\"1\" data-attr-rel=\"0\" data-attr-target=\"0\" data-extra_key=\"\" data-option-inline=\"1\" data-shortcode=\"tcb_post_title\" data-shortcode-name=\"Post title\" data-attr-css=\"\" data-attr-static-link=\"{&quot;className&quot;:&quot;&quot;,&quot;href&quot;:&quot;https:\/\/lisbontouristinformation.com\/de\/sehenswurdigkeiten-in-lissabon\/&quot;,&quot;title&quot;:&quot;50 besten Sehensw\u00fcrdigkeiten in Lissabon ((mit Tickets))&quot;,&quot;class&quot;:&quot;&quot;}\" style=\"\"><a href=\"https:\/\/lisbontouristinformation.com\/de\/anreise\/bahnhofe-lissabon\/\" title=\"Bahnh\u00f6fe in Lissabon: Guide mit Infos &amp; Tipps\" data-css=\"\">Bahnh\u00f6fe in Lissabon: Guide mit Infos &amp; Tipps<\/a><\/span><\/h3>\n<p><a href=\"https:\/\/lisbontouristinformation.com\/de\/anreise\/bahnhofe-lissabon\/\" style=\"\"><span style=\"\"><span style=\"\">Weiterlesen<\/span><\/span><\/a><a href=\"https:\/\/lisbontouristinformation.com\/de\/planen\/sintra-lissabon\/\" dynamic-postlink=\"tcb_post_the_permalink\" data-shortcode-id=\"99\"><\/a><\/p>\n<h3 style=\"text-align: center; padding-top: 0px !important; margin-top: 0px !important;\"><span data-attr-link=\"1\" data-attr-rel=\"0\" data-attr-target=\"0\" data-extra_key=\"\" data-option-inline=\"1\" data-shortcode=\"tcb_post_title\" data-shortcode-name=\"Post title\" data-attr-css=\"\" data-attr-static-link=\"{&quot;className&quot;:&quot;&quot;,&quot;href&quot;:&quot;https:\/\/lisbontouristinformation.com\/de\/sehenswurdigkeiten-in-lissabon\/&quot;,&quot;title&quot;:&quot;50 besten Sehensw\u00fcrdigkeiten in Lissabon ((mit Tickets))&quot;,&quot;class&quot;:&quot;&quot;}\" style=\"\"><a href=\"https:\/\/lisbontouristinformation.com\/de\/planen\/sintra-lissabon\/\" title=\"Guide f\u00fcr Sintra: Anreise von Lissabon nach Sintra &amp; Sehensw\u00fcrdigkeiten\" data-css=\"\">Guide f\u00fcr Sintra: Anreise von Lissabon nach Sintra &amp; Sehensw\u00fcrdigkeiten<\/a><\/span><\/h3>\n<p><a href=\"https:\/\/lisbontouristinformation.com\/de\/planen\/sintra-lissabon\/\" style=\"\"><span style=\"\"><span style=\"\">Weiterlesen<\/span><\/span><\/a><a href=\"https:\/\/lisbontouristinformation.com\/de\/sehenswurdigkeiten-in-lissabon\/lissabon-mit-kindern\/\" dynamic-postlink=\"tcb_post_the_permalink\" data-shortcode-id=\"99\"><\/a><\/p>\n<h3 style=\"text-align: center; padding-top: 0px !important; margin-top: 0px !important;\"><span data-attr-link=\"1\" data-attr-rel=\"0\" data-attr-target=\"0\" data-extra_key=\"\" data-option-inline=\"1\" data-shortcode=\"tcb_post_title\" data-shortcode-name=\"Post title\" data-attr-css=\"\" data-attr-static-link=\"{&quot;className&quot;:&quot;&quot;,&quot;href&quot;:&quot;https:\/\/lisbontouristinformation.com\/de\/sehenswurdigkeiten-in-lissabon\/&quot;,&quot;title&quot;:&quot;50 besten Sehensw\u00fcrdigkeiten in Lissabon ((mit Tickets))&quot;,&quot;class&quot;:&quot;&quot;}\" style=\"\"><a href=\"https:\/\/lisbontouristinformation.com\/de\/sehenswurdigkeiten-in-lissabon\/lissabon-mit-kindern\/\" title=\"Lissabon mit Kindern: 15 tolle Aktivit\u00e4ten [mit Tickets]\" data-css=\"\">Lissabon mit Kindern: 15 tolle Aktivit\u00e4ten [mit Tickets]<\/a><\/span><\/h3>\n<p><a href=\"https:\/\/lisbontouristinformation.com\/de\/sehenswurdigkeiten-in-lissabon\/lissabon-mit-kindern\/\" style=\"\"><span style=\"\"><span style=\"\">Weiterlesen<\/span><\/span><\/a><\/p>\n","protected":false},"excerpt":{"rendered":"<p>Der pr\u00e4chtige Bahnhof Rossio (Esta\u00e7\u00e3o do Rossio) aus dem sp\u00e4ten 19.&nbsp;Jahrhundert ist der ehemalige Hauptbahnhof von Lissabon. Heute ist das architektonische Schmuckst\u00fcck nicht nur ein Verkehrsknotenpunkt mit Verbindungen nach Sintra, sondern auch eine beeindruckende Touristenattraktion. Mit seiner m\u00e4rchenhaften Fassade im neumanuelinischen Stil verzaubert es jeden Besucher. Lesen Sie auf dieser Seite alles, was Sie vor [&hellip;]<\/p>\n","protected":false},"author":18,"featured_media":5889,"parent":67,"menu_order":0,"comment_status":"closed","ping_status":"closed","template":"","meta":{"footnotes":""},"tags":[88],"class_list":["post-5440","page","type-page","status-publish","has-post-thumbnail","hentry","tag-things-to-do","post-wrapper","thrv_wrapper"],"_links":{"self":[{"href":"https:\/\/lisbontouristinformation.com\/de\/wp-json\/wp\/v2\/pages\/5440","targetHints":{"allow":["GET"]}}],"collection":[{"href":"https:\/\/lisbontouristinformation.com\/de\/wp-json\/wp\/v2\/pages"}],"about":[{"href":"https:\/\/lisbontouristinformation.com\/de\/wp-json\/wp\/v2\/types\/page"}],"author":[{"embeddable":true,"href":"https:\/\/lisbontouristinformation.com\/de\/wp-json\/wp\/v2\/users\/18"}],"replies":[{"embeddable":true,"href":"https:\/\/lisbontouristinformation.com\/de\/wp-json\/wp\/v2\/comments?post=5440"}],"version-history":[{"count":2,"href":"https:\/\/lisbontouristinformation.com\/de\/wp-json\/wp\/v2\/pages\/5440\/revisions"}],"predecessor-version":[{"id":9028,"href":"https:\/\/lisbontouristinformation.com\/de\/wp-json\/wp\/v2\/pages\/5440\/revisions\/9028"}],"up":[{"embeddable":true,"href":"https:\/\/lisbontouristinformation.com\/de\/wp-json\/wp\/v2\/pages\/67"}],"wp:featuredmedia":[{"embeddable":true,"href":"https:\/\/lisbontouristinformation.com\/de\/wp-json\/wp\/v2\/media\/5889"}],"wp:attachment":[{"href":"https:\/\/lisbontouristinformation.com\/de\/wp-json\/wp\/v2\/media?parent=5440"}],"wp:term":[{"taxonomy":"post_tag","embeddable":true,"href":"https:\/\/lisbontouristinformation.com\/de\/wp-json\/wp\/v2\/tags?post=5440"}],"curies":[{"name":"wp","href":"https:\/\/api.w.org\/{rel}","templated":true}]}}