{"id":5429,"date":"2022-04-18T09:37:53","date_gmt":"2022-04-18T08:37:53","guid":{"rendered":"https:\/\/lisbontouristinformation.com\/de\/?page_id=5429"},"modified":"2025-05-05T11:53:10","modified_gmt":"2025-05-05T10:53:10","slug":"torre-de-belem","status":"publish","type":"page","link":"https:\/\/lisbontouristinformation.com\/de\/sehenswurdigkeiten-in-lissabon\/torre-de-belem\/","title":{"rendered":"Guide zum Torre de Bel\u00e9m (Turm von Belem): Eintritt, Tipps &amp; Tickets"},"content":{"rendered":"<p><strong><span style=\"font-size: 22px !important;\">Der Torre de&nbsp;Bel\u00e9m, zu Deutsch&nbsp;Turm von Bel\u00e9m, ist nicht nur eine der Top 10 Sehensw\u00fcrdigkeiten von Lissabon, sondern auch das ber\u00fchmteste historische Wahrzeichen Portugals.<\/span><\/strong><\/p>\n<p>Die mittelalterliche Festung aus dem 16. Jahrhundert, die an der Tejom\u00fcndung&nbsp;zur Verteidigung der Stadt erbaut wurde, ist ein eindrucksvolles Symbol f\u00fcr Portugals einstiger Seemacht.&nbsp;Mit ihrer Geschichte und beeindruckenden Architektur ist diese UNESCO-Welterbest\u00e4tte<strong> ein Muss f\u00fcr jeden Lissabon-Reisenden.<\/strong><\/p>\n<p>In diesem Guide erfahren Sie alles, was Sie vor einem Besuch des Torre de Belem wissen m\u00fcssen, einschlie\u00dflich seiner <strong>Geschichte<\/strong>, der wichtigsten <strong>Attraktionen<\/strong>, <strong>Tickets<\/strong>, <strong>\u00d6ffnungszeiten<\/strong> und mehr.<\/p>\n<p>Los geht&#8217;s!<\/p>\n<\/p>\n<p style=\"\"><strong>Weitere empfohlene Beitr\u00e4ge:<\/strong><a data-lt-tmp-id=\"lt-124271\" href=\"https:\/\/lisbontouristinformation.com\/de\/beste-sim-karte-in-portugal-fur-touristen\/\" spellcheck=\"false\" style=\"outline: none;\">50 besten Sehensw\u00fcrdigkeiten in Lissabon<\/a><\/p>\n<p><a href=\"https:\/\/lisbontouristinformation.com\/de\/anreise\/lissabon-oeffentliche-verkehrsmittel\/\" style=\"outline: none;\">\u00d6ffentlicher Verkehr in Lissabon<\/a><a href=\"https:\/\/lisbontouristinformation.com\/de\/hotels-lissabon\/\" style=\"outline: none;\">Empfohlene Hotels in Lissabon<\/a><a href=\"https:\/\/lisbontouristinformation.com\/de\/sehenswurdigkeiten-in-lissabon\/lissabon-mit-kindern\/\">Aktivit\u00e4ten f\u00fcr Kinder<\/a><a href=\"https:\/\/lisbontouristinformation.com\/de\/lifestyle\/restaurants-in-lissabon\/\">Top-Restaurants in Lissabon<\/a><a href=\"https:\/\/lisbontouristinformation.com\/de\/lifestyle\/shopping-lissabon\/\">Einkaufen in Lissabon<\/a><\/p>\n<p><strong data-end=\"120\" data-start=\"86\">Torre de Bel\u00e9m ist geschlossen<\/strong>Der Torre de Bel\u00e9m ist derzeit wegen Restaurierungsarbeiten <strong>geschlossen<\/strong> und kann nicht besichtigt werden. Eine Wiederer\u00f6ffnung wird fr\u00fchestens im <strong data-end=\"286\" data-start=\"269\">Fr\u00fchjahr 2026<\/strong> erwartet \u2013 abh\u00e4ngig vom Fortschritt der Arbeiten. In diesem Zeitraum sind keine Tickets verf\u00fcgbar. Gelegentliche Teil\u00f6ffnungen sind m\u00f6glich.<\/p>\n<h2 data-alt-text=\"Einritt, Tickets &amp; F\u00fchrungen\" id=\"t-1716124913302\">Eintritt, Tickets und Touren zum Torre de Bel\u00e9m<\/h2>\n<ul>\n<li><strong>Eintritt:<\/strong>&nbsp;Der Turm von Bel\u00e9m ist t\u00e4glich au\u00dfer montags ge\u00f6ffnet.&nbsp;Von Oktober bis M\u00e4rz ist es von 10 bis 17:30 Uhr offen.&nbsp;Von April bis September ist der Turm von 10 bis 18:30 Uhr ge\u00f6ffnet.&nbsp;Der Torre de Bel\u00e9m ist am 1. Januar, Ostersonntag, 1. Mai, 13. Juni, 24. und 25. Dezember geschlossen.<\/li>\n<li><strong>Tickets:&nbsp;<\/strong><a data-lt-tmp-id=\"lt-885034\" href=\"https:\/\/belem-tower-tickets.com\/\" rel=\"noopener\" spellcheck=\"false\" target=\"_blank\" style=\"outline: none;\">Hier finden Sie eine&nbsp;<strong>handverlesene \u00dcbersicht der beliebtesten Tickets<\/strong>&nbsp;f\u00fcr den Turm von Belem.<\/a>&nbsp;Inhaber der&nbsp;<strong><a data-lt-tmp-id=\"lt-160683\" href=\"https:\/\/www.headout.com\/r\/most-amazing-placesrecommends-DDFHB\/\" rel=\"nofollow noopener\" spellcheck=\"false\" target=\"_blank\" style=\"outline: none;\"><strong>Lisboa Card&nbsp;<\/strong><\/a><\/strong>genie\u00dfen freien Eintritt.&nbsp;<\/li>\n<li><strong>Touren:&nbsp;<\/strong>Besucher, die tiefer in die reiche Geschichte des Turms eintauchen m\u00f6chten, profitieren von der <a href=\"https:\/\/www.headout.com\/r\/most-amazing-placesrecommends-E9d89\/\" target=\"_blank\" rel=\"nofollow noopener\" style=\"outline: none;\">Eintrittskarte mit Audioguide<\/a>, mit der sie das Wahrzeichen in ihrem eigenen Tempo entdecken k\u00f6nnen. <a href=\"https:\/\/www.headout.com\/r\/most-amazing-placesrecommends-E9d89\/\" target=\"_blank\" rel=\"nofollow noopener\">Mehr Details hier.<\/a><\/li>\n<li><strong>Reisetipp:<\/strong>&nbsp;Der Eintritt ist frei f\u00fcr Kinder bis 12 Jahre,&nbsp;<a href=\"https:\/\/www.headout.com\/r\/most-amazing-placesrecommends-DDFHB\/\" target=\"_blank\" rel=\"nofollow noopener\" style=\"outline: none;\"><strong>Inhaber der Lisboa Card<\/strong>,<\/a> arbeitslose EU-B\u00fcrger (Nachweis erforderlich), am 18. April und jeden Sonntag w\u00e4hrend der &#8222;European Heritage Days&#8220;.<\/li>\n<\/ul>\n<p><span><img decoding=\"async\" alt=\"Architektur des Turms von Bel\u00e9m in Lissabon\" data-id=\"6477\" width=\"702\" data-init-width=\"1000\" height=\"527\" data-init-height=\"750\" title=\"Architektur des Turms von Bel\u00e9m in Lissabon\" src=\"https:\/\/lisbontouristinformation.com\/de\/wp-content\/uploads\/2022\/06\/Architecture-of-the-Tower-of-Belem-in-Lisbon-1.jpg\" data-width=\"702\" data-height=\"527\" style=\"aspect-ratio: auto 1000 \/ 750;\" loading=\"lazy\"><\/span><\/p>\n<h2 id=\"t-1650267511486\" style=\"\">Was kann ich im Torre de Bel\u00e9m machen?<\/h2>\n<p>Der Turm von Bel\u00e9m, eines der bemerkenswertesten Monumente Lissabons, war der Ausgangspunkt zahlreicher Reisen in die Neue Welt. Aus diesem Grund gilt er als <strong>Symbol f\u00fcr Portugals Zeitalter der Entdeckungen <\/strong>und geh\u00f6rt damit zum Pflichtprogramm eines jeden Lissabon-Reisenden.<\/p>\n<p>Das Monument wurde w\u00e4hrend der Herrschaft von K\u00f6nig Manuel I. als Teil einer Verteidigungsanlage und gleichzeitig als zeremonielles Tor zu Lissabon erbaut. Es diente sp\u00e4ter unter anderem auch als Gef\u00e4ngnis und Leuchtturm. Ein Besuch dieses manuelinischen Juwels ist wie eine <strong>kleine Reise durch 500 Jahre portugiesischer Geschichte.<\/strong><\/p>\n<p>Im Folgenden finden Sie einige der Highlights, die Sie nicht verpassen sollten:<\/p>\n<h3 style=\"\">1. Architektur des Torre de Bel\u00e9m<\/h3>\n<p>Eines der auff\u00e4lligsten Merkmale des Bel\u00e9m-Turms ist seine einzigartige Architektur. Den Turm von Bel\u00e9m von au\u00dfen zu bewundern, ist daher bereits ein eindrucksvolles Erlebnis.<\/p>\n<p>Der Torre de Bel\u00e9m wurde vom Milit\u00e4rarchitekten und Bildhauer Francisco de Arruda im <strong>portugiesisch-manuelinischen Stil <\/strong>des sp\u00e4ten 16. Jahrhunderts aus Lioz-Kalkstein erbaut. Auch die Einfl\u00fcsse der maurischen Architektur sind deutlich zu erkennen, zum Beispiel in den Wacht\u00fcrmen, Bogenfenstern und Balkonen.<\/p>\n<p>Bemerkenswert ist der<strong> Sockel des Bauwerks<\/strong>, eine Bastion, aus der sich ein<strong> 30 Meter hoher Turm <\/strong>erhebt.<\/p>\n<p><span><img decoding=\"async\" alt=\"Dekorationen des Turms von Belem in Lissabon\" data-id=\"6478\" width=\"702\" data-init-width=\"1000\" height=\"527\" data-init-height=\"750\" title=\"Dekorationen des Turms von Belem in Lissabon\" src=\"https:\/\/lisbontouristinformation.com\/de\/wp-content\/uploads\/2022\/06\/Decorations-of-Belem-Tower-in-Lisbon.jpg\" data-width=\"702\" data-height=\"527\" style=\"aspect-ratio: auto 1000 \/ 750;\" loading=\"lazy\"><\/span><\/p>\n<h3 style=\"\">2. Verzierungen<\/h3>\n<p>Bei n\u00e4herer Betrachtung des \u00c4u\u00dferen ist eine F\u00fclle von<strong> V<\/strong><strong>erzierungen, Skulpturen, Wasserspeiern, S\u00e4ulen, B\u00f6gen und Kuppeln<\/strong> zu erkennen.<\/p>\n<p>Besonders interessant sind die zahlreichen Steinmotive, die die Fassade schm\u00fccken und <strong>religi\u00f6se Symbole, exotische Tiere oder Hinweise auf die Entdeckungen Portugals <\/strong>aufweisen. Sie k\u00f6nnen den Heiligen Vinzenz, den Schutzpatron von Lissabon, das k\u00f6nigliche Wappen, verschlungene Seile und Knoten sowie das Kreuz des Christusordens entdecken.<\/p>\n<p>Vers\u00e4umen Sie nicht die Figur in Form eines Nashorns an der Westfassade. Was diese Figur so interessant macht, ist die Tatsache, dass dieses Tier zum ersten Mal in der westeurop\u00e4ischen Kunst dargestellt wurde.<\/p>\n<p><b>\u2192 Falls Sie mehr \u00fcber europ\u00e4ische Kunst erfahren m\u00f6chten, finden Sie auf der gegen\u00fcberliegenden Stra\u00dfenseite das Kulturzentrum von Bel\u00e9m<\/b><span style=\"font-weight: 800;\">, <\/span><strong>das eines der<\/strong><span style=\"font-weight: 800;\"> <\/span><a href=\"https:\/\/lisbontouristinformation.com\/de\/sehenswurdigkeiten\/museum\/\" style=\"outline: none;\" data-lt-tmp-id=\"lt-533639\" spellcheck=\"false\"><span style=\"font-weight: 800;\">besten Museen Lissabons&nbsp;<\/span><\/a><strong>beherbergt<\/strong><span style=\"font-weight: 800;\">.&nbsp;<\/span><\/p>\n<p><span><img decoding=\"async\" alt=\"Im Turm von Bel\u00e9m in Lissabon\" data-id=\"6480\" width=\"702\" data-init-width=\"1000\" height=\"468\" data-init-height=\"667\" title=\"Im Turm von Bel\u00e9m in Lissabon\" src=\"https:\/\/lisbontouristinformation.com\/de\/wp-content\/uploads\/2022\/06\/Inside-Tower-of-Belem-in-Lisbon-1.jpg\" data-width=\"702\" data-height=\"468\" style=\"aspect-ratio: auto 1000 \/ 667;\" loading=\"lazy\"><\/span><\/p>\n<h3 style=\"\">3. Das Innere des Torre de Bel\u00e9m<\/h3>\n<p>Es ist m\u00f6glich, den Turm von Bel\u00e9m zu betreten und ihn von innen zu besichtigen. Es gibt insgesamt vier Stockwerke, die durch eine ziemlich enge Wendeltreppe verbunden sind.<\/p>\n<p>Im Eingangsbereich befinden sich zun\u00e4chst die Artillerier\u00e4ume mit <strong>16 \u00d6ffnungen f\u00fcr die Kanonen,<\/strong> die zur Verteidigung eingesetzt wurden. Sie k\u00f6nnen sogar Gr\u00e4ben aus der Zeit entdecken, als der Turm als Verlies f\u00fcr politische Gefangene genutzt wurde.<\/p>\n<p>Bei der Besichtigung dieses architektonischen Schmuckst\u00fccks k\u00f6nnen Sie den <strong>Gouverneurssaal<\/strong> mit einer gew\u00f6lbten <strong>Zisterne<\/strong>, den <strong>K\u00f6nigssaal<\/strong> mit gro\u00dfartiger Akustik und einer <strong>Loggia<\/strong> mit Blick auf den Fluss, den <strong>Audienzsaal<\/strong> und die <strong>Kapelle<\/strong> mit ihren typischen Gew\u00f6lben aus dem 16.&nbsp;Jahrhundert entdecken.<\/p>\n<p><span><img decoding=\"async\" alt=\"Die Turmterrasse von Belem in Lissabon\" data-id=\"6481\" width=\"702\" data-init-width=\"1000\" height=\"395\" data-init-height=\"563\" title=\"Die Turmterrasse von Belem in Lissabon\" src=\"https:\/\/lisbontouristinformation.com\/de\/wp-content\/uploads\/2022\/06\/The-Belem-Tower-Terrace-in-Lisbon.jpg\" data-width=\"702\" data-height=\"395\" style=\"aspect-ratio: auto 1000 \/ 563;\" loading=\"lazy\"><\/span><\/p>\n<h3 style=\"\">4. Die Aussichtsplattform<\/h3>\n<p>Steigen Sie auf jeden Fall auf die Spitze des Torre de Bel\u00e9m.&nbsp;Eine Wendeltreppe f\u00fchrt Sie zu einer Aussichtsplattform.&nbsp;<b>Dort werden Sie mit einem atemberaubenden Panoramablick auf<\/b> das Flussufer und die Umgebung&nbsp;belohnt.<\/p>\n<h3 style=\"\">5. Sehensw\u00fcrdigkeiten in der N\u00e4he<\/h3>\n<p>Wer den Turm von Bel\u00e9m besucht, sollten sich auch Zeit nehmen, das historische&nbsp;<b>Viertel Bel\u00e9m zu erkunden.<\/b><strong> <\/strong>Der Stadtteil ist reich an jahrhundertealter Architektur, renommierten&nbsp;Museen und einigen der besten Konditoreien des Landes. <strong> <\/strong><strong> <\/strong><\/p>\n<p>Sie sollten das nahegelegene&nbsp;<a href=\"https:\/\/lisbontouristinformation.com\/de\/sehenswurdigkeiten\/mosteiro-dos-jeronimos\/\" style=\"outline: none;\" data-lt-tmp-id=\"lt-269728\" spellcheck=\"false\">Kloster Mosteiro dos Jer\u00f3nimos<\/a> nicht verpassen.&nbsp;Das architektonische Meisterwerk im manuelinischen Stil ist&nbsp;ein UNESCO-Weltkulturerbe und beherbergt das Grab von Vasco de Gama. Eine weitere Sehensw\u00fcrdigkeit in unmittelbarer N\u00e4he ist das&nbsp;<b>ber\u00fchmte Denkmal der Entdeckungen, Padr\u00e3o dos Descobrimentos.&nbsp;<\/b>Das Denkmal zu Ehren der portugiesischen Seefahrer und Entdecker stellt 33 wichtige Pers\u00f6nlichkeiten des portugiesischen Sp\u00e4tmittelalters dar, darunter Entdecker, K\u00f6nige und K\u00fcnstler. Sie k\u00f6nnen das Geb\u00e4ude, das ein Auditorium und einen Ausstellungssaal beherbergt, sogar betreten und auf die Aussichtsplattform hinaufsteigen, von der aus Sie einen Blick auf die Umgebung und den Turm von Bel\u00e9m haben.<strong> <\/strong><strong> <\/strong><strong> <\/strong><\/p>\n<p><b>\u2192 <strong>Der Turm von Bel\u00e9m befindet sich in guter<\/strong><\/b><strong> Nachbarschaft mit vielen <\/strong><a href=\"https:\/\/lisbontouristinformation.com\/de\/hotels-lissabon\/5-sterne\/\" style=\"outline: none;\"><strong>F\u00fcnf-Sterne-Hotels in Lissabon<\/strong><\/a><strong>&nbsp;und ist nur einen Katzensprung von einigen der&nbsp;<\/strong><a href=\"https:\/\/lisbontouristinformation.com\/de\/hotels-lissabon\/romantische-hotels-lissabon\/\" style=\"outline: none;\" data-lt-tmp-id=\"lt-432121\" spellcheck=\"false\"><strong>romantischsten Hotels der Stadt f\u00fcr Flitterwochen<\/strong><\/a><strong> oder Kurzurlaube entfernt. Werfen Sie einen Blick auf die komplette Liste, bevor Sie eine Reservierung vornehmen.<\/strong><\/p>\n<p><span><img decoding=\"async\" alt=\"Sehensw\u00fcrdigkeiten in der N\u00e4he des Belem-Turms in Lissabon\" data-id=\"6482\" width=\"702\" data-init-width=\"1000\" height=\"468\" data-init-height=\"667\" title=\"Sehensw\u00fcrdigkeiten in der N\u00e4he des Belem-Turms in Lissabon\" src=\"https:\/\/lisbontouristinformation.com\/de\/wp-content\/uploads\/2022\/06\/Attractions-nearby-to-Belem-Tower-in-Lisbon.jpg\" data-width=\"702\" data-height=\"468\" style=\"aspect-ratio: auto 1000 \/ 667;\" loading=\"lazy\"><\/span><\/p>\n<h2 id=\"t-1650267511488\" style=\"\">Wie komme ich zum Torre de Bel\u00e9m?<\/h2>\n<p style=\"\">Der Turm von Bel\u00e9m befindet sich direkt an der Flussm\u00fcndung des Tejo im historischen Viertel von Bel\u00e9m.<\/p>\n<p><b>Vom Pra\u00e7a do Com\u00e9rcio:<\/b> Nehmen Sie die Tram 15E und fahren Sie 17 Haltestellen bis \u201eLg. Bahnhof Princesa\u201c. Von hier aus sind es nur 6 Gehminuten.<\/p>\n<p>M\u00f6chten Sie mehr \u00fcber die Fortbewegung in der Stadt erfahren? Werfen Sie einen Blick in unseren vollst\u00e4ndigen&nbsp;<a href=\"https:\/\/lisbontouristinformation.com\/de\/arrival\/lissabon-oeffentliche-verkehrsmittel\/\" style=\"outline: none;\" data-lt-tmp-id=\"lt-715631\" spellcheck=\"false\"><strong>Guide \u00fcber die \u00f6ffentlichen Verkehrsmittel<\/strong><\/a>&nbsp;und Fahrkarten in Lissabon.&nbsp;<\/p>\n<h2 id=\"t-1650267511489\" style=\"\" data-alt-text=\"FAQ \">FAQ zum Turm von Bel\u00e9m<\/h2>\n<p><span><img decoding=\"async\" alt=\"Geschichte &amp; Fakten \u00fcber den Turm von Bel\u00e9m in Lissabon\" data-id=\"6484\" width=\"702\" data-init-width=\"1000\" height=\"468\" data-init-height=\"667\" title=\"Geschichte &amp; Fakten \u00fcber den Turm von Bel\u00e9m in Lissabon\" src=\"https:\/\/lisbontouristinformation.com\/de\/wp-content\/uploads\/2022\/06\/History-Facts-about-Tower-of-Belem-in-Lisbon-1.jpg\" data-width=\"702\" data-height=\"468\" style=\"aspect-ratio: auto 1000 \/ 667;\" loading=\"lazy\"><\/span><\/p>\n<h2 id=\"t-1650267511490\" style=\"\" data-alt-text=\"Geschichte &amp; Fakten \">Geschichte &amp; Fakten \u00fcber den Torre de Bel\u00e9m<\/h2>\n<p>Der Turm von Bel\u00e9m, offiziell der Torre de Bel\u00e9m, wurde unter K\u00f6nig Manuel I. errichtet, um die Stadt vor Angriffen durch Feinde zu sch\u00fctzen. Urspr\u00fcnglich war es die Idee von K\u00f6nig Johannes II. gewesen, ein Schiff als Verteidigungsposten am Eingang zum Tejo zu platzieren, aber sein Nachfolger, K\u00f6nig Manuel, verfolgte den Plan, stattdessen den Bel\u00e9m-Turm zu bauen.&nbsp;<\/p>\n<p>Obwohl der Turm heute auf der Nordseite des Tejo thront, stand er urspr\u00fcnglich auf einer kleinen Insel. Nach dem schweren Erdbeben von 1755 wanderte die Insel jedoch aufgrund der ver\u00e4nderten Str\u00f6mung des Flusses. Im Laufe der Jahrhunderte verlagerte sich der Standort des Torre de Bel\u00e9m an das Flussufer und die Insel verschwand.<\/p>\n<p>Der Torre de Bel\u00e9m war nicht nur eine milit\u00e4rische Festung, sondern diente w\u00e4hrend seiner 500-j\u00e4hrigen Geschichte auch vielen anderen Zwecken.&nbsp;Der Turm von Bel\u00e9m war nicht nur eine milit\u00e4rische Festung, sondern diente in seiner 500-j\u00e4hrigen Geschichte auch vielen anderen Zwecken. Von hier aus starteten Seefahrer in unbekannte Welten, darunter der portugiesische Seefahrer Vasco da Gama. Nach der Besetzung durch die Spanier im Jahr 1580 diente der Turm als Verlies f\u00fcr politische Gefangene, die in dem ehemaligen Munitionsdepot untergebracht waren, das st\u00e4ndig vom Fluss \u00fcberflutet wurde. Sp\u00e4ter fungierte er als Leuchtturm und Zollstation.<\/p>\n<p>Im Jahre 1983 wurde der Torre de Bel\u00e9m in die Liste des UNESCO-Weltkulturerbes aufgenommen. Seit 2007 gilt er als eines der sieben Weltwunder Portugals. Heute ist er eine der meistbesuchten Attraktionen in Lissabon.<\/p>\n<h2 id=\"t-1650267511492\" style=\"\">Kontakt &amp; Karte<\/h2>\n<ul>\n<li><strong>Adresse:&nbsp;<\/strong> Torre de Bel\u00e9m, <strong> <\/strong>Av. Bras\u00edlia, 1400-038 Lissabon, Portugal<\/li>\n<li><strong>\u00d6ffnungszeiten:<\/strong> Oktober bis M\u00e4rz: Von 10 bis 17:30 Uhr; April bis September: Von 10 bis 18:30 Uhr<\/li>\n<li><strong>\u00d6ffentlicher Verkehr:<\/strong> Tram 15E, Station:<strong>&nbsp;<\/strong>Lg. Princesa&nbsp;<\/li>\n<li><strong>Tickets<\/strong>: <a data-lt-tmp-id=\"lt-885034\" href=\"https:\/\/belem-tower-tickets.com\/\" rel=\"noopener\" spellcheck=\"false\" target=\"_blank\" style=\"outline: none;\"><strong>BelemTowerTickets.com<\/strong><\/a><\/li>\n<\/ul>\n<h2 id=\"t-1654171655544\" style=\"\">Lissabon Touren und Tickets<\/h2>\n<p>Entdecken Sie Lissabon noch heute mit den beliebtesten Touren und Tickets, ohne anstehen zu m\u00fcssen.<\/p>\n<h3 style=\"\">Verwandte Beitr\u00e4ge:<\/h3>\n<p><a href=\"https:\/\/lisbontouristinformation.com\/de\/sehenswurdigkeiten-in-lissabon\/museum\/\" dynamic-postlink=\"tcb_post_the_permalink\" data-shortcode-id=\"586\"><\/a><\/p>\n<h3 style=\"text-align: center; padding-top: 0px !important; margin-top: 0px !important;\"><span data-attr-link=\"1\" data-attr-rel=\"0\" data-attr-target=\"0\" data-extra_key=\"\" data-option-inline=\"1\" data-shortcode=\"tcb_post_title\" data-shortcode-name=\"Post title\" data-attr-css=\"\" data-attr-static-link=\"{&quot;className&quot;:&quot;&quot;,&quot;href&quot;:&quot;https:\/\/lisbontouristinformation.com\/de\/sehenswurdigkeiten-in-lissabon\/museum\/&quot;,&quot;title&quot;:&quot;10 besten Museen in Lissabon ((mit Tickets))&quot;,&quot;class&quot;:&quot;&quot;}\" style=\"\"><a href=\"https:\/\/lisbontouristinformation.com\/de\/sehenswurdigkeiten-in-lissabon\/museum\/\" title=\"10 besten Museen in Lissabon [mit Tickets]\" data-css=\"\">10 besten Museen in Lissabon [mit Tickets]<\/a><\/span><\/h3>\n<p><a href=\"https:\/\/lisbontouristinformation.com\/de\/sehenswurdigkeiten-in-lissabon\/museum\/\" style=\"\"><span style=\"\"><span style=\"\">Weiterlesen<\/span><\/span><\/a><a href=\"https:\/\/lisbontouristinformation.com\/de\/sehenswurdigkeiten-in-lissabon\/\" dynamic-postlink=\"tcb_post_the_permalink\" data-shortcode-id=\"586\"><\/a><\/p>\n<h3 style=\"text-align: center; padding-top: 0px !important; margin-top: 0px !important;\"><span data-attr-link=\"1\" data-attr-rel=\"0\" data-attr-target=\"0\" data-extra_key=\"\" data-option-inline=\"1\" data-shortcode=\"tcb_post_title\" data-shortcode-name=\"Post title\" data-attr-css=\"\" data-attr-static-link=\"{&quot;className&quot;:&quot;&quot;,&quot;href&quot;:&quot;https:\/\/lisbontouristinformation.com\/de\/sehenswurdigkeiten-in-lissabon\/museum\/&quot;,&quot;title&quot;:&quot;10 besten Museen in Lissabon ((mit Tickets))&quot;,&quot;class&quot;:&quot;&quot;}\" style=\"\"><a href=\"https:\/\/lisbontouristinformation.com\/de\/sehenswurdigkeiten-in-lissabon\/\" title=\"50 besten Sehensw\u00fcrdigkeiten in Lissabon [mit Tickets]\" data-css=\"\">50 besten Sehensw\u00fcrdigkeiten in Lissabon [mit Tickets]<\/a><\/span><\/h3>\n<p><a href=\"https:\/\/lisbontouristinformation.com\/de\/sehenswurdigkeiten-in-lissabon\/\" style=\"\"><span style=\"\"><span style=\"\">Weiterlesen<\/span><\/span><\/a><a href=\"https:\/\/lisbontouristinformation.com\/de\/sehenswurdigkeiten-in-lissabon\/mosteiro-dos-jeronimos\/\" dynamic-postlink=\"tcb_post_the_permalink\" data-shortcode-id=\"586\"><\/a><\/p>\n<h3 style=\"text-align: center; padding-top: 0px !important; margin-top: 0px !important;\"><span data-attr-link=\"1\" data-attr-rel=\"0\" data-attr-target=\"0\" data-extra_key=\"\" data-option-inline=\"1\" data-shortcode=\"tcb_post_title\" data-shortcode-name=\"Post title\" data-attr-css=\"\" data-attr-static-link=\"{&quot;className&quot;:&quot;&quot;,&quot;href&quot;:&quot;https:\/\/lisbontouristinformation.com\/de\/sehenswurdigkeiten-in-lissabon\/museum\/&quot;,&quot;title&quot;:&quot;10 besten Museen in Lissabon ((mit Tickets))&quot;,&quot;class&quot;:&quot;&quot;}\" style=\"\"><a href=\"https:\/\/lisbontouristinformation.com\/de\/sehenswurdigkeiten-in-lissabon\/mosteiro-dos-jeronimos\/\" title=\"Guide zum Mosteiro dos Jer\u00f3nimos: Tickets, Tipps &amp; mehr\" data-css=\"\">Guide zum Mosteiro dos Jer\u00f3nimos: Tickets, Tipps &amp; mehr<\/a><\/span><\/h3>\n<p><a href=\"https:\/\/lisbontouristinformation.com\/de\/sehenswurdigkeiten-in-lissabon\/mosteiro-dos-jeronimos\/\" style=\"\"><span style=\"\"><span style=\"\">Weiterlesen<\/span><\/span><\/a><a href=\"https:\/\/lisbontouristinformation.com\/de\/sehenswurdigkeiten-in-lissabon\/lissabon-mit-kindern\/\" dynamic-postlink=\"tcb_post_the_permalink\" data-shortcode-id=\"586\"><\/a><\/p>\n<h3 style=\"text-align: center; padding-top: 0px !important; margin-top: 0px !important;\"><span data-attr-link=\"1\" data-attr-rel=\"0\" data-attr-target=\"0\" data-extra_key=\"\" data-option-inline=\"1\" data-shortcode=\"tcb_post_title\" data-shortcode-name=\"Post title\" data-attr-css=\"\" data-attr-static-link=\"{&quot;className&quot;:&quot;&quot;,&quot;href&quot;:&quot;https:\/\/lisbontouristinformation.com\/de\/sehenswurdigkeiten-in-lissabon\/museum\/&quot;,&quot;title&quot;:&quot;10 besten Museen in Lissabon ((mit Tickets))&quot;,&quot;class&quot;:&quot;&quot;}\" style=\"\"><a href=\"https:\/\/lisbontouristinformation.com\/de\/sehenswurdigkeiten-in-lissabon\/lissabon-mit-kindern\/\" title=\"Lissabon mit Kindern: 15 tolle Aktivit\u00e4ten [mit Tickets]\" data-css=\"\">Lissabon mit Kindern: 15 tolle Aktivit\u00e4ten [mit Tickets]<\/a><\/span><\/h3>\n<p><a href=\"https:\/\/lisbontouristinformation.com\/de\/sehenswurdigkeiten-in-lissabon\/lissabon-mit-kindern\/\" style=\"\"><span style=\"\"><span style=\"\">Weiterlesen<\/span><\/span><\/a><\/p>\n","protected":false},"excerpt":{"rendered":"<p>Der Torre de&nbsp;Bel\u00e9m, zu Deutsch&nbsp;Turm von Bel\u00e9m, ist nicht nur eine der Top 10 Sehensw\u00fcrdigkeiten von Lissabon, sondern auch das ber\u00fchmteste historische Wahrzeichen Portugals. Die mittelalterliche Festung aus dem 16. Jahrhundert, die an der Tejom\u00fcndung&nbsp;zur Verteidigung der Stadt erbaut wurde, ist ein eindrucksvolles Symbol f\u00fcr Portugals einstiger Seemacht.&nbsp;Mit ihrer Geschichte und beeindruckenden Architektur ist diese [&hellip;]<\/p>\n","protected":false},"author":18,"featured_media":5835,"parent":67,"menu_order":0,"comment_status":"closed","ping_status":"closed","template":"","meta":{"footnotes":""},"tags":[89,19],"class_list":["post-5429","page","type-page","status-publish","has-post-thumbnail","hentry","tag-monument","tag-sights","post-wrapper","thrv_wrapper"],"_links":{"self":[{"href":"https:\/\/lisbontouristinformation.com\/de\/wp-json\/wp\/v2\/pages\/5429","targetHints":{"allow":["GET"]}}],"collection":[{"href":"https:\/\/lisbontouristinformation.com\/de\/wp-json\/wp\/v2\/pages"}],"about":[{"href":"https:\/\/lisbontouristinformation.com\/de\/wp-json\/wp\/v2\/types\/page"}],"author":[{"embeddable":true,"href":"https:\/\/lisbontouristinformation.com\/de\/wp-json\/wp\/v2\/users\/18"}],"replies":[{"embeddable":true,"href":"https:\/\/lisbontouristinformation.com\/de\/wp-json\/wp\/v2\/comments?post=5429"}],"version-history":[{"count":8,"href":"https:\/\/lisbontouristinformation.com\/de\/wp-json\/wp\/v2\/pages\/5429\/revisions"}],"predecessor-version":[{"id":9105,"href":"https:\/\/lisbontouristinformation.com\/de\/wp-json\/wp\/v2\/pages\/5429\/revisions\/9105"}],"up":[{"embeddable":true,"href":"https:\/\/lisbontouristinformation.com\/de\/wp-json\/wp\/v2\/pages\/67"}],"wp:featuredmedia":[{"embeddable":true,"href":"https:\/\/lisbontouristinformation.com\/de\/wp-json\/wp\/v2\/media\/5835"}],"wp:attachment":[{"href":"https:\/\/lisbontouristinformation.com\/de\/wp-json\/wp\/v2\/media?parent=5429"}],"wp:term":[{"taxonomy":"post_tag","embeddable":true,"href":"https:\/\/lisbontouristinformation.com\/de\/wp-json\/wp\/v2\/tags?post=5429"}],"curies":[{"name":"wp","href":"https:\/\/api.w.org\/{rel}","templated":true}]}}