{"id":5423,"date":"2022-04-06T18:41:01","date_gmt":"2022-04-06T16:41:01","guid":{"rendered":"https:\/\/lisbontouristinformation.com\/de\/?page_id=5423"},"modified":"2024-05-22T16:45:45","modified_gmt":"2024-05-22T15:45:45","slug":"lissabon-an-einem-tag","status":"publish","type":"page","link":"https:\/\/lisbontouristinformation.com\/de\/planen\/lissabon-an-einem-tag\/","title":{"rendered":"Lissabon an einem Tag: Reiseplan mit Top Sehensw\u00fcrdigkeiten &#038; Tipps"},"content":{"rendered":"<p><strong><span style=\"font-size: 22px !important;\">Lissabon ist voll von so vielen wunderbaren Sehensw\u00fcrdigkeiten, dass wir eine Liste der&nbsp;<\/span><span style=\"font-size: 22px !important;\">50 besten Aktivit\u00e4ten in Lissabon&nbsp;erstellt haben.<\/span><\/strong><\/p>\n<p>Mit nur einem Tag in der Stadt ist es jedoch unm\u00f6glich, sie alle zu sehen. Aus diesem Grund haben wir den <strong>Lissabon an einem Tag-Guide&nbsp;<\/strong>erstellt, in dem wir unsere Top-Picks f\u00fcr Ihren Genuss zusammengestellt haben.&nbsp;<\/p>\n<p>Falls Sie l\u00e4nger in Lissabon bleiben und mit uns weiter auf Erkundungstour gehen m\u00f6chten, haben wir einen&nbsp;<a href=\"https:\/\/lisbontouristinformation.com\/de\/planen\/lissabon-in-3-tagen\/\" style=\"outline: none;\">3-t\u00e4gigen Reisef\u00fchrer f\u00fcr Lissabon<\/a>&nbsp;vorbereitet, der Ihnen hilft, tiefer in Portugals Hauptstadt einzutauchen.&nbsp;<\/p>\n<p>Bereit f\u00fcr einen abenteuerlichen Tag in Lissabon? Ziehen Sie bequeme Sneakers an, denn es gibt viel zu entdecken!<\/p>\n<p style=\"\"><strong>Weitere empfohlene Beitr\u00e4ge:<\/strong><a data-lt-tmp-id=\"lt-124271\" href=\"https:\/\/lisbontouristinformation.com\/de\/sehenswurdigkeiten-in-lissabon\/top-10\/\" spellcheck=\"false\" style=\"outline: none;\">Top 10 Sehensw\u00fcrdigkeiten in Lissabon<\/a><\/p>\n<p style=\"\"><a href=\"https:\/\/lisbontouristinformation.com\/de\/anreise\/lissabon-oeffentliche-verkehrsmittel\/\" style=\"outline: none;\">\u00d6ffentlicher Verkehr in Lissabon<\/a><a href=\"https:\/\/lisbontouristinformation.com\/de\/hotels-lissabon\/\" style=\"outline: none;\">Empfohlene Hotels in Lissabon<\/a><a href=\"https:\/\/lisbontouristinformation.com\/de\/sehenswurdigkeiten-in-lissabon\/lissabon-mit-kindern\/\">Aktivit\u00e4ten f\u00fcr Kinder<\/a><a href=\"https:\/\/lisbontouristinformation.com\/de\/lifestyle\/restaurants-in-lissabon\/\" style=\"outline: none;\">Top-Restaurants in Lissabon<\/a><a href=\"https:\/\/lisbontouristinformation.com\/de\/lifestyle\/shopping-lissabon\/\">Einkaufen in Lissabon<\/a><\/p>\n<p><span><img decoding=\"async\" alt=\"Morgen in Alfama in Lissabon\" data-id=\"6464\" width=\"702\" data-init-width=\"1000\" height=\"468\" data-init-height=\"667\" title=\"Morgen in Alfama in Lissabon\" src=\"https:\/\/lisbontouristinformation.com\/de\/wp-content\/uploads\/2022\/06\/Morning-in-Alfama-in-Lisbon-1.jpg\" data-width=\"702\" data-height=\"468\" style=\"aspect-ratio: auto 1000 \/ 667;\" loading=\"lazy\"><\/span><\/p>\n<h2 id=\"t-1651146587869\" style=\"\"><strong>1. Morgen in Alfama<\/strong><\/h2>\n<p>Wir schlagen vor, den Tag in Lissabon mit einem <strong>Rundgang durch Alfama<\/strong>&nbsp;zu beginnen.&nbsp;Alfama ist das <strong>\u00e4lteste Viertel in Lissabon<\/strong> und bietet einen Einblick in die Anf\u00e4nge der Stadt. Es reichte sogar bis zu den R\u00f6mern zur\u00fcck!&nbsp;<\/p>\n<ul>\n<li>Wenn Sie am Fu\u00dfe des Viertels beginnen, ist die erste gro\u00dfe Sehensw\u00fcrdigkeit, auf die Sie sto\u00dfen werden, die <a href=\"https:\/\/lisbontouristinformation.com\/de\/sehenswurdigkeiten\/kathedrale-von-lissabon\/\" style=\"outline: none;\"><strong>Kathedrale von Lissabon. <\/strong><\/a>Sie wurde erstmals 1147 von den christlichen Kreuzrittern erbaut und ist heute die wichtigste Kirche der Stadt. &nbsp;<\/li>\n<li>Die n\u00e4chste Sehensw\u00fcrdigkeit auf Ihrem Weg nach Alfama ist die <a href=\"https:\/\/lisbontouristinformation.com\/de\/sehenswurdigkeiten\/castelo-de-sao-jorge\/\" style=\"outline: none;\"><strong>Burg S\u00e3o Jorge<\/strong><strong>,<\/strong><\/a> eine historische Zitadelle auf einem H\u00fcgel, die 200 v. Chr.<\/li>\n<li>Rund um das Schloss warten viele der <a href=\"https:\/\/lisbontouristinformation.com\/de\/lifestyle\/restaurants-in-lissabon\/cafes-in-lissabon\/\" target=\"_blank\" style=\"outline: none;\" rel=\"noopener\"><strong>s\u00fc\u00dfesten Caf\u00e9s<\/strong><\/a><strong>&nbsp;<\/strong>und<strong>&nbsp;<\/strong><strong><strong>Kunsthandwerksl\u00e4den<\/strong><\/strong> Lissabons darauf, erkundet zu werden.<a href=\"https:\/\/lisbontouristinformation.com\/de\/lifestyle\/restaurants-in-lissabon\/cafes-in-lissabon\/\" target=\"_blank\" style=\"outline: none;\" rel=\"noopener\"> <\/a><\/li>\n<li>Zwei der <strong>besten Aussichtspunkte<\/strong> befinden sich unterhalb der Burg, <a href=\"https:\/\/lisbontouristinformation.com\/de\/sehenswurdigkeiten\/miradouro-de-santa-luzia\/\" style=\"outline: none;\"><strong>Santa Luzia Miradouro<\/strong> und <strong>Portas do Sol. <\/strong><\/a>Beide liegen nur wenige Gehminuten voneinander entfernt und bieten den ikonischen Blick auf Lissabons H\u00e4user, die mit ihren Terrakottad\u00e4chern aneinandergereiht sind; ein Labyrinth von H\u00e4usern, das sich bis zum Flussufer fortsetzt.&nbsp;<\/li>\n<li>Gegen\u00fcber von Portas do Sol befindet sich der <strong>Pal\u00e1cio Azurara,<\/strong> der verschiedene Beispiele portugiesischer Dekorationskunst aus dem 15. bis 19. Jahrhundert zeigt.&nbsp;<\/li>\n<li>Machen Sie sich schlie\u00dflich bereit, zur Spitze des Viertels zu wandern, um die Stadt von der <strong>Gra\u00e7a Miradouro aus zu sehen,<\/strong> die bei Einheimischen und Besuchern sehr beliebt ist. Der Aussichtspunkt bietet Besuchern die M\u00f6glichkeit, die&nbsp;<a href=\"https:\/\/lisbontouristinformation.com\/de\/sehenswurdigkeiten\/castelo-de-sao-jorge\/\" style=\"outline: none;\">Burg S\u00e3o Jorge<\/a>, die gemusterten Stra\u00dfen von&nbsp;<strong>Baixa zu sehen, auf die Kuppel der&nbsp;<\/strong><strong>Basilika Estrela<\/strong> hinzuweisen und die <strong>Br\u00fccke 25 de Abril<\/strong>&nbsp;zu bewundern.&nbsp;<\/li>\n<li>Daneben befindet sich die <strong>Igreja da Gra\u00e7a<\/strong>, die urspr\u00fcnglich im 13. Jahrhundert erbaut wurde.&nbsp;Als eine der \u00e4ltesten Kirchen Lissabons bietet die Igreja da Gra\u00e7a Besuchern die M\u00f6glichkeit, vergoldete Kapellen und kunstvolle barocke Details zu bewundern.&nbsp;<\/li>\n<\/ul>\n<p>Nachdem Sie die Tour durch Alfama beendet haben, k\u00f6nnen Sie entweder mit der Tram 28E den H\u00fcgel hinunterfahren oder sich zu Fu\u00df auf den Weg nach unten machen.&nbsp;<\/p>\n<h3>Beliebte Tickets:<\/h3>\n<ul>\n<li><a data-lt-tmp-id=\"lt-932821\" href=\"https:\/\/gyg.me\/CzizSMSd\" rel=\"nofollow noopener\" spellcheck=\"false\" target=\"_blank\" style=\"outline: none;\">Lissabon: Rundgang zu Geschichte, Anekdoten und Lifestyle<\/a>&nbsp;<em>(Bestseller)<\/em><\/li>\n<li><a href=\"https:\/\/gyg.me\/JS3LP4W8\" rel=\"nofollow noopener\" target=\"_blank\" style=\"outline: none;\">Highlights-Tour in Rossio, Chiado &amp; Alfama<\/a><\/li>\n<li><a data-lt-tmp-id=\"lt-177787\" href=\"https:\/\/gyg.me\/swyoYH3r\" rel=\"nofollow noopener\" spellcheck=\"false\" target=\"_blank\" style=\"outline: none;\">Lissabon: Alfama-Tour und Live-Fado mit traditionellem Abendessen<\/a>&nbsp;<em>(Empfohlen)<\/em><\/li>\n<li><a href=\"https:\/\/gyg.me\/1J0nUryD\" rel=\"nofollow noopener\" target=\"_blank\" style=\"outline: none;\">Lissabon: Nationales Pantheon E-Ticket &amp; Audio-Tour<\/a><\/li>\n<li><a href=\"https:\/\/www.headout.com\/r\/most-amazing-placesrecommends-DA1Dk\/\" rel=\"nofollow noopener\" target=\"_blank\" style=\"outline: none;\">Mittelalterliche Segway- Tour durch die Alfama<\/a><\/li>\n<li><a data-lt-tmp-id=\"lt-637276\" href=\"https:\/\/gyg.me\/w5kQkcvU\" rel=\"nofollow noopener\" spellcheck=\"false\" target=\"_blank\" style=\"outline: none;\">Tickets f\u00fcr Kathedrale von Lissabon (S\u00e9 de Lisboa)<\/a><\/li>\n<li><a href=\"https:\/\/www.headout.com\/r\/most-amazing-placesrecommends-D2tzJ\/\" rel=\"nofollow noopener\" target=\"_blank\" style=\"outline: none;\">Zur Ticket\u00fcbersicht f\u00fcr die Burg S\u00e3o Jorge<\/a><a href=\"https:\/\/www.headout.com\/r\/most-amazing-placesrecommends-D5GPh\/\" rel=\"nofollow noopener\" target=\"_blank\" style=\"outline: none;\"><\/a><\/li>\n<li><a href=\"https:\/\/www.headout.com\/r\/most-amazing-placesrecommends-D5GPh\/\" rel=\"nofollow noopener\" style=\"outline: none;\" target=\"_blank\" data-lt-tmp-id=\"lt-77471\" spellcheck=\"false\">Combo: 24-Stunden Hop-On-Hop-Off-Tour durch Lissabon + Ticket f\u00fcr die St. Georgs-Burg<\/a><\/li>\n<\/ul>\n<p><span><img decoding=\"async\" alt=\"Nachmittag im Stadtzentrum von Lissabon\" data-id=\"6465\" width=\"702\" data-init-width=\"1000\" height=\"468\" data-init-height=\"667\" title=\"Nachmittag im Stadtzentrum von Lissabon\" src=\"https:\/\/lisbontouristinformation.com\/de\/wp-content\/uploads\/2022\/06\/Afternoon-in-the-City-Center-of-Lisbon.jpg\" data-width=\"702\" data-height=\"468\" style=\"aspect-ratio: auto 1000 \/ 667;\" loading=\"lazy\"><\/span><\/p>\n<h2 id=\"t-1651146587870\" style=\"\"><strong>2. Nachmittag im Stadtzentrum<\/strong><\/h2>\n<p>Erkunden Sie das <a href=\"https:\/\/lisbontouristinformation.com\/de\/planen\/stadtteile-von-lissabon\/\" style=\"outline: none;\" data-lt-tmp-id=\"lt-821469\" spellcheck=\"false\">Zentrum von Lissabon und die Nachbarschaften<\/a>, die dem niedrigen und flachen&nbsp;<strong>Viertel Baixa am n\u00e4chsten liegen. <\/strong>Hier entdecken Sie breite Boulevards, gro\u00dfe Pl\u00e4tze und Architektur im neoklassizistischen Stil.<\/p>\n<ul>\n<li>Am Fu\u00dfe der Alfama befindet sich <strong>Pra\u00e7a do Com\u00e9rcio<\/strong>, ein gro\u00dfer Platz zwischen dem Stadtzentrum und den Ufern des Flusses Tejo.&nbsp;Vor dem verheerenden Erdbeben von 1755 war Pra\u00e7a do Com\u00e9rcio der Standort des K\u00f6nigspalastes.<\/li>\n<li>Heute feiern der Platz und der un\u00fcbersehbare <strong>Bogen der Rua Augusta<\/strong>&nbsp;die neue Stadt, <strong>die aus den Tr\u00fcmmern auferstanden ist<\/strong>.&nbsp;Wenn Sie m\u00f6chten, k\u00f6nnen Sie sogar mit dem Aufzug auf die Spitze des Rua Augusta Arch fahren und einen unglaublichen Blick auf die Innenstadt genie\u00dfen.<\/li>\n<li>Auf dem Platz gibt es viele Sitz- und Speisem\u00f6glichkeiten, und wir empfehlen Ihnen, im <strong>Caf\u00e9 Martinho <\/strong><strong>da Arcada, dem alten Treffpunkt des Literaturkreises von Lissabon, <\/strong>zu Mittag zu essen oder einen Snack zu sich zu nehmen.&nbsp;<\/li>\n<li>Wenn Sie unter dem Bogen der Rua Augusta hindurchgehen, gelangen Sie direkt auf die beliebte <a href=\"https:\/\/lisbontouristinformation.com\/de\/lifestyle\/shopping-lissabon\/einkaufsstrassen-lissabon\/\" style=\"outline: none;\">Fu\u00dfg\u00e4ngerzone<\/a> mit dem gleichen Namen. <strong>Einkaufsm\u00f6glichkeiten, <\/strong><strong><a href=\"https:\/\/lisbontouristinformation.com\/de\/lifestyle\/restaurants-in-lissabon\/\" style=\"outline: none;\">touristenfreundliche Restaurants<\/a>, Hotels, Boutiquen, Pastelarias und Bars s\u00e4umen die schwarz gemusterte und wei\u00dfe Steinstra\u00dfe&nbsp;Rua Augusta, ebenso wie <\/strong><strong><strong>Bertrand Livrar<\/strong>ia,<\/strong> der \u00e4lteste Buchladen der Welt. Seine T\u00fcren wurden 1732 ge\u00f6ffnet und haben seitdem neugierige Leser willkommen gehei\u00dfen.&nbsp;<\/li>\n<li>Wenn Sie die Rua Augusta weiter hinaufgehen, passieren Sie den gotischen Aufzug, den <strong>Santa Justa Lift. <\/strong>Es gibt einen versteckten Aufzug im <strong>Cork Shop<\/strong> in der Rua do Carmo, der Sie in die oberste Stra\u00dfe bringt, um auf die Aussichtsplattform von Santa Justa zu gelangen, sodass Sie die kostenpflichtige Linie darunter \u00fcberspringen k\u00f6nnen. &nbsp;<\/li>\n<li>Von der Spitze des Santa Justa Lifts k\u00f6nnen Sie direkt den Weg zum <strong>Carmo Convent<\/strong>&nbsp;nehmen.&nbsp;Einst die gr\u00f6\u00dfte Kirche Lissabons, wurde sie durch das Erdbeben zerst\u00f6rt und es ist nur noch das Skelett erhalten geblieben.<\/li>\n<li>Gehen Sie hinein, um das Kloster und das <strong>Arch\u00e4ologische Museum Carmo<\/strong>&nbsp;zu entdecken, das <strong>Kunst, kunstvoll geschnitzte Sacopogi, M\u00fcnzen, wundersch\u00f6ne Fliesenmalereien und sogar ein paar Mumien<\/strong> umfasst.&nbsp;<\/li>\n<li>Nur ein bisschen hinter dem Carmo-Kloster und in den Stra\u00dfen darunter befindet sich der <strong>Rossio-Platz<\/strong>, der den Betrachter mit einem wellenartig gemusterten Boden und dem pr\u00e4chtigen&nbsp;<a href=\"https:\/\/lisbontouristinformation.com\/de\/sehenswurdigkeiten\/rossio-lissabon\/\" style=\"outline: none;\"><strong>Rossio-Bahnhof<\/strong><\/a>&nbsp;<strong>im neomanuelinischen Stil <\/strong>begr\u00fc\u00dft.<\/li>\n<li>Im Rossio befindet sich <strong>A Ginjinha,<\/strong><strong>&nbsp;Lissabons \u00e4lteste Bar<\/strong>.&nbsp;Hier k\u00f6nnen Sie einen Schuss des traditionellen Kirschlik\u00f6rs Ginjinha bestellen.&nbsp;<\/li>\n<\/ul>\n<p><span><img decoding=\"async\" alt=\"Abend in Bel\u00e9m in Lissabon\" data-id=\"6467\" width=\"702\" data-init-width=\"1000\" height=\"468\" data-init-height=\"666\" title=\"Abend in Bel\u00e9m in Lissabon\" src=\"https:\/\/lisbontouristinformation.com\/de\/wp-content\/uploads\/2022\/06\/Evening-in-Belem-in-Lisbon-1.jpg\" data-width=\"702\" data-height=\"468\" style=\"aspect-ratio: auto 1000 \/ 666;\" loading=\"lazy\"><\/span><\/p>\n<h2 id=\"t-1651146587871\" style=\"\"><strong>3. Abend in&nbsp;Bel\u00e9m<\/strong><\/h2>\n<p>F\u00fcr den letzten Teil des Tages haben wir uns einen Abstecher in den <strong>Nachbarbezirk Bel\u00e9m vorgenommen. <\/strong>Um Bel\u00e9m zu erreichen, empfehlen wir die bequemste Form der \u00f6ffentlichen Verkehrsmittel, n\u00e4mlich den K\u00fcstenzug. Gehen Sie zum Bahnhof <strong>Cais <\/strong><strong>do <\/strong><strong>Sodr\u00e9<\/strong> und kaufen Sie ein Ticket zum Bahnhof Bel\u00e9m.&nbsp;<\/p>\n<ul>\n<li>Gehen Sie nach dem Verlassen des Zuges direkt zum <strong>Denkmal der Entdeckungen<\/strong>, das zur&nbsp;<strong>Feier des 500. Todestages von Heinrich dem Seefahrer<\/strong>, der f\u00fchrenden Pers\u00f6nlichkeit im Zeitalter der Entdeckungen, errichtet wurde.&nbsp;Gegen eine geringe Geb\u00fchr k\u00f6nnen Sie mit dem Aufzug auf die Spitze des Denkmals fahren und eine unglaubliche Aussicht genie\u00dfen.&nbsp;<\/li>\n<li>Folgen Sie dem Gehweg am Flussufer, bis Sie den<strong><a href=\"https:\/\/lisbontouristinformation.com\/de\/sehenswurdigkeiten\/torre-de-belem\/\" style=\"outline: none;\" data-lt-tmp-id=\"lt-600635\" spellcheck=\"false\">Bel\u00e9m-Turm<\/a>&nbsp;<\/strong>erreichen,&nbsp;das&nbsp;<strong>symboltr\u00e4chtigste aller Denkm\u00e4ler in Lissabon<\/strong>.&nbsp;Der Verteidigungsposten, der zum <strong>UNESCO-Weltkulturerbe<\/strong> wurde, markiert den Ort, an dem Schiffe ein- und ausschifften<span style=\"background-color: transparent;\">.<\/span><\/li>\n<li>Die n\u00e4chste empfohlene Haltestelle auf der anderen Stra\u00dfenseite ist das <strong><a href=\"https:\/\/lisbontouristinformation.com\/de\/sehenswurdigkeiten\/mosteiro-dos-jeronimos\/\" style=\"outline: none;\"><strong>Jer\u00f3nimos-Kloster<\/strong><\/a><\/strong>.&nbsp;Das <strong>UNESCO-Weltkulturerbe-Kloster ehrt Vasco da Gama<\/strong><strong>,<\/strong> den portugiesischen Entdecker, der die erste Reise nach Indien absolvierte.&nbsp;Es ist eine&nbsp;Attraktion, die man sich nicht&nbsp;entgehen lassen sollte, und ein unglaubliches Beispiel f\u00fcr manuelinischen Stil \u2013 ein Beweis f\u00fcr den Reichtum, der durch den Gew\u00fcrzhandel finanziert wurde.&nbsp;<strong>&nbsp;<\/strong><span style=\"background-color: rgb(238, 220, 137);\"> <\/span><\/li>\n<li>Nachdem Sie am Kloster geendet haben, <strong>gehen Sie am Flussufer entlang zur\u00fcck nach Lissabon<\/strong>.&nbsp;Der gro\u00dfe Fu\u00dfg\u00e4ngerweg, nur wenige Meter vom Fluss Tejo entfernt, belohnt mit einem <strong>Blick auf die Br\u00fccke und den Cristo Rei.<\/strong>&nbsp;&nbsp;<\/li>\n<li>Unterwegs halten Sie am <strong>Museum f\u00fcr Kunst, Architektur und Technik, das einen idealen Ort zum Fotografieren bietet.&nbsp;<\/strong>Das Dach hat eine riesige Terrasse, auf der die Leute zum Sonnenuntergang kommen, um die <strong>malerische Aussicht<\/strong> vor sich zu genie\u00dfen.&nbsp;Dies ist eine gro\u00dfartige Attraktion f\u00fcr Reisende mit Kindern, ebenso wie die anderen Sehensw\u00fcrdigkeiten, die wir in unserer <a href=\"https:\/\/lisbontouristinformation.com\/de\/sehenswurdigkeiten\/lissabon-mit-kindern\/\" style=\"outline: none;\">Top-Sehensw\u00fcrdigkeit mit Kindern in Lissabon<\/a> aufgef\u00fchrt haben .&nbsp;<\/li>\n<li>Steigen Sie wieder in den Zug und steigen Sie an der n\u00e4chsten Haltestelle in Richtung Lissabon-Alcantara aus. Beenden Sie den Tag in der <strong>LX Factory,<\/strong>&nbsp;<strong>Lissabons kreativem Zentrum<\/strong>.&nbsp;Das alternative Kreativzentrum ist <strong>voller Boutiquen, Bars, Restaurants und Kunstateliers<\/strong>.&nbsp;Schlie\u00dfen Sie mit einem <a href=\"https:\/\/lisbontouristinformation.com\/de\/lifestyle\/restaurants-in-lissabon\/cocktailbars-lissabon\/\" style=\"outline: none;\">fantastischen Abendessen und Getr\u00e4nken<\/a> und vielleicht ein bisschen Musik oder Tanz ab.&nbsp;<\/li>\n<\/ul>\n<h3>Beliebte Tickets:<\/h3>\n<ul>\n<li><a href=\"https:\/\/www.headout.com\/r\/most-amazing-placesrecommends-D1ukF\/\" rel=\"nofollow noopener\" target=\"_blank\" style=\"outline: none;\">Hier geht es zur Ticket\u00fcbersicht f\u00fcr das Mosteiro dos Jer\u00f3nimos.<\/a><\/li>\n<li><a data-lt-tmp-id=\"lt-822714\" href=\"https:\/\/gyg.me\/9PTy0X1I\" rel=\"nofollow noopener\" spellcheck=\"false\" target=\"_blank\" style=\"outline: none;\">Ticket f\u00fcr das Kloster Mosteiro dos Jeronimos<\/a><\/li>\n<li><a href=\"https:\/\/www.headout.com\/r\/most-amazing-placesrecommends-D3lRZ\/\" rel=\"nofollow noopener\" style=\"outline: none;\" target=\"_blank\">Kombiticket: St. Georgs-Burg + Bel\u00e9m-Turm + Jer\u00f3nimos-Kloster Tickets<\/a><\/li>\n<li><a data-lt-tmp-id=\"lt-885034\" href=\"https:\/\/belem-tower-tickets.com\/\" rel=\"noopener\" spellcheck=\"false\" target=\"_blank\" style=\"outline: none;\">Hier finden Sie eine <strong>handverlesene \u00dcbersicht der beliebtesten Tickets<\/strong>&nbsp;f\u00fcr den Turm von Belem.<\/a><a data-lt-tmp-id=\"lt-687088\" href=\"https:\/\/www.headout.com\/r\/most-amazing-placesrecommends-DDFHB\/\" rel=\"nofollow noopener\" spellcheck=\"false\" target=\"_blank\" style=\"outline: none;\"><\/a><\/li>\n<li><a data-lt-tmp-id=\"lt-687088\" href=\"https:\/\/www.headout.com\/r\/most-amazing-placesrecommends-DDFHB\/\" rel=\"nofollow noopener\" spellcheck=\"false\" style=\"outline: none;\" target=\"_blank\">Lisboa Card: \u00dcber 50 Attraktionen + \u00f6ffentliche Verkehrsmittel<\/a><em><\/em><\/li>\n<\/ul>\n<p>Herzlichen Gl\u00fcckw\u00fcnsch!&nbsp;Sie haben den kompletten Reisef\u00fchrer f\u00fcr Lissabon an einem Tag erfolgreich abgeschlossen. Jetzt haben Sie alle wichtigen Dinge gesehen und genug von der Geschichte Lissabons entdeckt, um das n\u00e4chste Mal Ihre Freunde und Familie durch die Stadt zu f\u00fchren!<\/p>\n<p>Wenn Sie mehr Zeit in Lissabon verbringen, sehen Sie sich auf jeden Fall unsere Liste der <a href=\"https:\/\/lisbontouristinformation.com\/de\/lifestyle\/restaurants-in-lissabon\/cocktailbars-lissabon\/\" style=\"outline: none;\"><span style=\"background-color: transparent;\">50 Aktivit\u00e4ten in Lissabon an<\/span><\/a><span style=\"background-color: transparent;\">&nbsp;<\/span>und entdecken Sie, was Ihnen sonst noch an der Stadt gefallen w\u00fcrde.<\/p>\n<h2 id=\"t-1651146587868\" data-hide=\"true\" style=\"\">Verwandte Artikel:<\/h2>\n<p><a href=\"https:\/\/lisbontouristinformation.com\/de\/sehenswurdigkeiten-in-lissabon\/museum\/\" dynamic-postlink=\"tcb_post_the_permalink\" data-shortcode-id=\"586\"><\/a><\/p>\n<h3 style=\"text-align: center; padding-top: 0px !important; margin-top: 0px !important;\"><span data-attr-link=\"1\" data-attr-rel=\"0\" data-attr-target=\"0\" data-extra_key=\"\" data-option-inline=\"1\" data-shortcode=\"tcb_post_title\" data-shortcode-name=\"Post title\" data-attr-css=\"\" data-attr-static-link=\"{&quot;className&quot;:&quot;&quot;,&quot;href&quot;:&quot;https:\/\/lisbontouristinformation.com\/de\/sehenswurdigkeiten-in-lissabon\/museum\/&quot;,&quot;title&quot;:&quot;10 besten Museen in Lissabon ((mit Tickets))&quot;,&quot;class&quot;:&quot;&quot;}\" style=\"\"><a href=\"https:\/\/lisbontouristinformation.com\/de\/sehenswurdigkeiten-in-lissabon\/museum\/\" title=\"10 besten Museen in Lissabon [mit Tickets]\" data-css=\"\">10 besten Museen in Lissabon [mit Tickets]<\/a><\/span><\/h3>\n<p><a href=\"https:\/\/lisbontouristinformation.com\/de\/sehenswurdigkeiten-in-lissabon\/museum\/\" style=\"\"><span style=\"\"><span style=\"\">Weiterlesen<\/span><\/span><\/a><a href=\"https:\/\/lisbontouristinformation.com\/de\/sehenswurdigkeiten-in-lissabon\/\" dynamic-postlink=\"tcb_post_the_permalink\" data-shortcode-id=\"586\"><\/a><\/p>\n<h3 style=\"text-align: center; padding-top: 0px !important; margin-top: 0px !important;\"><span data-attr-link=\"1\" data-attr-rel=\"0\" data-attr-target=\"0\" data-extra_key=\"\" data-option-inline=\"1\" data-shortcode=\"tcb_post_title\" data-shortcode-name=\"Post title\" data-attr-css=\"\" data-attr-static-link=\"{&quot;className&quot;:&quot;&quot;,&quot;href&quot;:&quot;https:\/\/lisbontouristinformation.com\/de\/sehenswurdigkeiten-in-lissabon\/museum\/&quot;,&quot;title&quot;:&quot;10 besten Museen in Lissabon ((mit Tickets))&quot;,&quot;class&quot;:&quot;&quot;}\" style=\"\"><a href=\"https:\/\/lisbontouristinformation.com\/de\/sehenswurdigkeiten-in-lissabon\/\" title=\"50 besten Sehensw\u00fcrdigkeiten in Lissabon [mit Tickets]\" data-css=\"\">50 besten Sehensw\u00fcrdigkeiten in Lissabon [mit Tickets]<\/a><\/span><\/h3>\n<p><a href=\"https:\/\/lisbontouristinformation.com\/de\/sehenswurdigkeiten-in-lissabon\/\" style=\"\"><span style=\"\"><span style=\"\">Weiterlesen<\/span><\/span><\/a><a href=\"https:\/\/lisbontouristinformation.com\/de\/planen\/lissabon-in-3-tagen\/\" dynamic-postlink=\"tcb_post_the_permalink\" data-shortcode-id=\"586\"><\/a><\/p>\n<h3 style=\"text-align: center; padding-top: 0px !important; margin-top: 0px !important;\"><span data-attr-link=\"1\" data-attr-rel=\"0\" data-attr-target=\"0\" data-extra_key=\"\" data-option-inline=\"1\" data-shortcode=\"tcb_post_title\" data-shortcode-name=\"Post title\" data-attr-css=\"\" data-attr-static-link=\"{&quot;className&quot;:&quot;&quot;,&quot;href&quot;:&quot;https:\/\/lisbontouristinformation.com\/de\/sehenswurdigkeiten-in-lissabon\/museum\/&quot;,&quot;title&quot;:&quot;10 besten Museen in Lissabon ((mit Tickets))&quot;,&quot;class&quot;:&quot;&quot;}\" style=\"\"><a href=\"https:\/\/lisbontouristinformation.com\/de\/planen\/lissabon-in-3-tagen\/\" title=\"Das Beste von Lissabon in 3 Tagen: Reiseplan mit Tipps\" data-css=\"\">Das Beste von Lissabon in 3 Tagen: Reiseplan mit Tipps<\/a><\/span><\/h3>\n<p><a href=\"https:\/\/lisbontouristinformation.com\/de\/planen\/lissabon-in-3-tagen\/\" style=\"\"><span style=\"\"><span style=\"\">Weiterlesen<\/span><\/span><\/a><a href=\"https:\/\/lisbontouristinformation.com\/de\/planen\/sintra-lissabon\/\" dynamic-postlink=\"tcb_post_the_permalink\" data-shortcode-id=\"586\"><\/a><\/p>\n<h3 style=\"text-align: center; padding-top: 0px !important; margin-top: 0px !important;\"><span data-attr-link=\"1\" data-attr-rel=\"0\" data-attr-target=\"0\" data-extra_key=\"\" data-option-inline=\"1\" data-shortcode=\"tcb_post_title\" data-shortcode-name=\"Post title\" data-attr-css=\"\" data-attr-static-link=\"{&quot;className&quot;:&quot;&quot;,&quot;href&quot;:&quot;https:\/\/lisbontouristinformation.com\/de\/sehenswurdigkeiten-in-lissabon\/museum\/&quot;,&quot;title&quot;:&quot;10 besten Museen in Lissabon ((mit Tickets))&quot;,&quot;class&quot;:&quot;&quot;}\" style=\"\"><a href=\"https:\/\/lisbontouristinformation.com\/de\/planen\/sintra-lissabon\/\" title=\"Guide f\u00fcr Sintra: Anreise von Lissabon nach Sintra &amp; Sehensw\u00fcrdigkeiten\" data-css=\"\">Guide f\u00fcr Sintra: Anreise von Lissabon nach Sintra &amp; Sehensw\u00fcrdigkeiten<\/a><\/span><\/h3>\n<p><a href=\"https:\/\/lisbontouristinformation.com\/de\/planen\/sintra-lissabon\/\" style=\"\"><span style=\"\"><span style=\"\">Weiterlesen<\/span><\/span><\/a><\/p>\n","protected":false},"excerpt":{"rendered":"<p>Lissabon ist voll von so vielen wunderbaren Sehensw\u00fcrdigkeiten, dass wir eine Liste der&nbsp;50 besten Aktivit\u00e4ten in Lissabon&nbsp;erstellt haben. Mit nur einem Tag in der Stadt ist es jedoch unm\u00f6glich, sie alle zu sehen. Aus diesem Grund haben wir den Lissabon an einem Tag-Guide&nbsp;erstellt, in dem wir unsere Top-Picks f\u00fcr Ihren Genuss zusammengestellt haben.&nbsp; Falls Sie [&hellip;]<\/p>\n","protected":false},"author":18,"featured_media":5591,"parent":71,"menu_order":0,"comment_status":"closed","ping_status":"closed","template":"","meta":{"footnotes":""},"tags":[84],"class_list":["post-5423","page","type-page","status-publish","has-post-thumbnail","hentry","tag-itinerary","post-wrapper","thrv_wrapper"],"_links":{"self":[{"href":"https:\/\/lisbontouristinformation.com\/de\/wp-json\/wp\/v2\/pages\/5423","targetHints":{"allow":["GET"]}}],"collection":[{"href":"https:\/\/lisbontouristinformation.com\/de\/wp-json\/wp\/v2\/pages"}],"about":[{"href":"https:\/\/lisbontouristinformation.com\/de\/wp-json\/wp\/v2\/types\/page"}],"author":[{"embeddable":true,"href":"https:\/\/lisbontouristinformation.com\/de\/wp-json\/wp\/v2\/users\/18"}],"replies":[{"embeddable":true,"href":"https:\/\/lisbontouristinformation.com\/de\/wp-json\/wp\/v2\/comments?post=5423"}],"version-history":[{"count":6,"href":"https:\/\/lisbontouristinformation.com\/de\/wp-json\/wp\/v2\/pages\/5423\/revisions"}],"predecessor-version":[{"id":8941,"href":"https:\/\/lisbontouristinformation.com\/de\/wp-json\/wp\/v2\/pages\/5423\/revisions\/8941"}],"up":[{"embeddable":true,"href":"https:\/\/lisbontouristinformation.com\/de\/wp-json\/wp\/v2\/pages\/71"}],"wp:featuredmedia":[{"embeddable":true,"href":"https:\/\/lisbontouristinformation.com\/de\/wp-json\/wp\/v2\/media\/5591"}],"wp:attachment":[{"href":"https:\/\/lisbontouristinformation.com\/de\/wp-json\/wp\/v2\/media?parent=5423"}],"wp:term":[{"taxonomy":"post_tag","embeddable":true,"href":"https:\/\/lisbontouristinformation.com\/de\/wp-json\/wp\/v2\/tags?post=5423"}],"curies":[{"name":"wp","href":"https:\/\/api.w.org\/{rel}","templated":true}]}}