{"id":5263,"date":"2022-01-26T14:42:27","date_gmt":"2022-01-26T14:42:27","guid":{"rendered":"https:\/\/lisbontouristinformation.com\/de\/?page_id=5263"},"modified":"2024-09-18T00:13:40","modified_gmt":"2024-09-17T23:13:40","slug":"audioguide-lissabon","status":"publish","type":"page","link":"https:\/\/lisbontouristinformation.com\/de\/audioguide-lissabon\/","title":{"rendered":"4 besten Audioguides, um Lissabon zu entdecken"},"content":{"rendered":"<h3 style=\"\">Hier ist unsere Liste der besten Audioguides f\u00fcr Lissabon, einschlie\u00dflich kurzer Zusammenfassungen.<\/h3>\n<p style=\"\">Sie m\u00f6chten die Hauptstadt am Atlantik <strong>auf eigene Faust entdecken und trotzdem eine professionelle F\u00fchrung genie\u00dfen?<\/strong>&nbsp;Dann werden Sie unsere selbstgef\u00fchrten Audiotouren bestimmt lieben!&nbsp;<\/p>\n<p style=\"\">Weitere tolle Features sind <strong>erm\u00e4\u00dfigte Tickets und kostenlose Stadtf\u00fchrer<\/strong>.&nbsp;Unsere App ist komplett mit einer <strong>Freisprech-GPS-Funktion und Filtern f\u00fcr Top-Sehensw\u00fcrdigkeiten, romantische Orte, Restaurants &amp; Bars, Aktivit\u00e4ten bei Regenwetter, Attraktionen f\u00fcr Kinder <\/strong>und viele weitere Highlights der Stadt.&nbsp;<\/p>\n<p><span><img decoding=\"async\" alt=\"Das Beste vom Stadtzentrum von Lissabon\" data-id=\"6888\" width=\"702\" data-init-width=\"1000\" height=\"468\" data-init-height=\"667\" title=\"Das Beste vom Stadtzentrum von Lissabon\" src=\"https:\/\/lisbontouristinformation.com\/de\/wp-content\/uploads\/2022\/06\/The-Best-of-Lisbon-City-Center.jpg\" data-width=\"702\" data-height=\"468\" style=\"aspect-ratio: auto 1000 \/ 667;\" loading=\"lazy\"><\/span><\/p>\n<h2 id=\"t-1643202432883\" style=\"\">1. <strong>Das Beste von Lissabon: Stadtzentrum<\/strong><\/h2>\n<p style=\"\">Lernen Sie Lissabon kennen, indem Sie mit dem Stadtzentrum beginnen. Die Audioguide-Tour \u201eBest of Lisbon\u201c f\u00fchrt Besucher durch das zentrale Viertel Baixa, das f\u00fcr seine gro\u00dfen Kopfsteinpflaster-Boulevards, Gedenkdenkm\u00e4ler und Pl\u00e4tze ber\u00fchmt ist, die von pombalinischer Architektur umgeben sind.&nbsp;Die Audiotour f\u00fchrt Sie zu beliebten Highlights wie dem&nbsp;gro\u00dfen Bogen der Rua Augusta, dem gotischen Aufzug Santa Justa, den beeindruckenden Ruinen des Carmo-Klosters, am Bahnhof Rossio vorbei und die Avenida de Liberdade hinauf, um im gr\u00f6\u00dften Park der Stadt, dem Park Eduardo, zu enden VII. &nbsp;<\/p>\n<p><span><img decoding=\"async\" alt=\"Ein Vorgeschmack auf Alfama\" data-id=\"6890\" width=\"702\" data-init-width=\"1000\" height=\"468\" data-init-height=\"667\" title=\"Ein Vorgeschmack auf Alfama\" src=\"https:\/\/lisbontouristinformation.com\/de\/wp-content\/uploads\/2022\/06\/A-Taste-of-Alfama.jpg\" data-width=\"702\" data-height=\"468\" style=\"aspect-ratio: auto 1000 \/ 667;\" loading=\"lazy\"><\/span><\/p>\n<h2 id=\"t-1643202432884\" style=\"\">2. <strong>Ein Vorgeschmack auf Alfama<\/strong><\/h2>\n<p style=\"\">Kommen Sie mit Appetit auf Kultur und Essen, denn der Audioguide &#8222;A Taste of Alfama&#8220; f\u00fchrt Sie durch das Herz von Lissabons historischem Viertel, dem d\u00f6rflichen Alfama.&nbsp;Als einziges Viertel in Lissabon, das das verheerende Erdbeben im 18. Jahrhundert \u00fcberstanden hat, ist Alfama reich an Architektur, Kunst, historischen Denkm\u00e4lern, lokalem Wohnleben und nat\u00fcrlich Essen.&nbsp;Auf dieser Tour zeigen wir nicht nur die Highlights des Viertels, sondern erkl\u00e4ren auch die k\u00f6stlichen traditionellen Gerichte der portugiesischen Kultur und die Geschichten, die sie mit der Geschichte der Stadt verbinden.<\/p>\n<p><span><img decoding=\"async\" alt=\"Eine Tour durch Belem\" data-id=\"6892\" width=\"702\" data-init-width=\"1000\" height=\"467\" data-init-height=\"665\" title=\"Eine Tour durch Belem\" src=\"https:\/\/lisbontouristinformation.com\/de\/wp-content\/uploads\/2022\/06\/A-Tour-of-Belem.jpg\" data-width=\"702\" data-height=\"467\" style=\"aspect-ratio: auto 1000 \/ 665;\" loading=\"lazy\"><\/span><\/p>\n<h2 id=\"t-1643202432885\" style=\"\">3. <strong>Eine Tour durch Belem<\/strong><\/h2>\n<p style=\"\">Tauchen Sie ein in den einzigartigen Charakter von Lissabons Vergangenheit und Gegenwart, indem Sie sich auf eine Audioguide-Tour durch Belem, das kulturelle Viertel am Flussufer, begeben. Auf dieser Tour besuchen Sie neben Lissabons gr\u00f6\u00dften Museen und Kunstzentren auch die wichtigsten Denkm\u00e4ler, wie das Denkmal der Entdecker und den ber\u00fchmten Belem-Turm. Und nat\u00fcrlich ein Halt in der wertvollsten B\u00e4ckerei des Landes, dem Original Pasteis de Nata.<\/p>\n<h2 id=\"t-1643202432886\" style=\"\">4. <strong>Eine Kiosktour durch Lissabon<\/strong><\/h2>\n<p style=\"\">Lernen Sie Lissabon wie ein Einheimischer kennen, indem Sie von Kiosk zu Kiosk h\u00fcpfen, den gr\u00fcn \u00fcberdachten Caf\u00e9s, die fast \u00fcberall in der Stadt entstanden sind. Unsere Audioguide-Tour durch Lissabons beliebteste Kioske f\u00fchrt Sie entlang einer Route, die das Zentrum der Stadt, die sch\u00f6nsten Parks, Terrassen am Flussufer, Aussichtspunkte auf H\u00fcgeln und historische G\u00e4rten besucht. Entdecken Sie die Geschichte hinter den entz\u00fcckenden Kaffee- und Snackh\u00fctten und wie sie mit dem Leben von Lisboetas verflochten ist. Und vergessen Sie nicht, eine Pause einzulegen und ein oder zwei Bissen zu essen!<\/p>\n<h2 data-hide=\"true\" style=\"\">In Verbindung stehende Artikel<\/h2>\n<p><a href=\"https:\/\/lisbontouristinformation.com\/de\/sehenswurdigkeiten-in-lissabon\/\" dynamic-postlink=\"tcb_post_the_permalink\" data-shortcode-id=\"67\"><\/a><\/p>\n<h3 style=\"text-align: center; padding-top: 0px !important; margin-top: 0px !important;\"><span data-attr-link=\"1\" data-attr-rel=\"0\" data-attr-target=\"0\" data-extra_key=\"\" data-option-inline=\"1\" data-shortcode=\"tcb_post_title\" data-shortcode-name=\"Post title\" data-attr-css=\"\" data-attr-static-link=\"{&quot;className&quot;:&quot;&quot;,&quot;href&quot;:&quot;https:\/\/lisbontouristinformation.com\/de\/sehenswurdigkeiten-in-lissabon\/&quot;,&quot;title&quot;:&quot;50 besten Sehensw\u00fcrdigkeiten in Lissabon ((mit Tickets))&quot;,&quot;class&quot;:&quot;&quot;}\" style=\"\"><a href=\"https:\/\/lisbontouristinformation.com\/de\/sehenswurdigkeiten-in-lissabon\/\" title=\"50 besten Sehensw\u00fcrdigkeiten in Lissabon [mit Tickets]\" data-css=\"\">50 besten Sehensw\u00fcrdigkeiten in Lissabon [mit Tickets]<\/a><\/span><\/h3>\n<p><a href=\"https:\/\/lisbontouristinformation.com\/de\/sehenswurdigkeiten-in-lissabon\/\" style=\"\"><span style=\"\"><span style=\"\">Weiterlesen<\/span><\/span><\/a><a href=\"https:\/\/lisbontouristinformation.com\/de\/sehenswurdigkeiten-in-lissabon\/lissabon-bei-regen\/\" dynamic-postlink=\"tcb_post_the_permalink\" data-shortcode-id=\"67\"><\/a><\/p>\n<h3 style=\"text-align: center; padding-top: 0px !important; margin-top: 0px !important;\"><span data-attr-link=\"1\" data-attr-rel=\"0\" data-attr-target=\"0\" data-extra_key=\"\" data-option-inline=\"1\" data-shortcode=\"tcb_post_title\" data-shortcode-name=\"Post title\" data-attr-css=\"\" data-attr-static-link=\"{&quot;className&quot;:&quot;&quot;,&quot;href&quot;:&quot;https:\/\/lisbontouristinformation.com\/de\/sehenswurdigkeiten-in-lissabon\/&quot;,&quot;title&quot;:&quot;50 besten Sehensw\u00fcrdigkeiten in Lissabon ((mit Tickets))&quot;,&quot;class&quot;:&quot;&quot;}\" style=\"\"><a href=\"https:\/\/lisbontouristinformation.com\/de\/sehenswurdigkeiten-in-lissabon\/lissabon-bei-regen\/\" title=\"Lissabon bei Regen: 15 Schlechtwetter Aktivit\u00e4ten\" data-css=\"\">Lissabon bei Regen: 15 Schlechtwetter Aktivit\u00e4ten<\/a><\/span><\/h3>\n<p><a href=\"https:\/\/lisbontouristinformation.com\/de\/sehenswurdigkeiten-in-lissabon\/lissabon-bei-regen\/\" style=\"\"><span style=\"\"><span style=\"\">Weiterlesen<\/span><\/span><\/a><a href=\"https:\/\/lisbontouristinformation.com\/de\/sehenswurdigkeiten-in-lissabon\/lissabon-mit-kindern\/\" dynamic-postlink=\"tcb_post_the_permalink\" data-shortcode-id=\"67\"><\/a><\/p>\n<h3 style=\"text-align: center; padding-top: 0px !important; margin-top: 0px !important;\"><span data-attr-link=\"1\" data-attr-rel=\"0\" data-attr-target=\"0\" data-extra_key=\"\" data-option-inline=\"1\" data-shortcode=\"tcb_post_title\" data-shortcode-name=\"Post title\" data-attr-css=\"\" data-attr-static-link=\"{&quot;className&quot;:&quot;&quot;,&quot;href&quot;:&quot;https:\/\/lisbontouristinformation.com\/de\/sehenswurdigkeiten-in-lissabon\/&quot;,&quot;title&quot;:&quot;50 besten Sehensw\u00fcrdigkeiten in Lissabon ((mit Tickets))&quot;,&quot;class&quot;:&quot;&quot;}\" style=\"\"><a href=\"https:\/\/lisbontouristinformation.com\/de\/sehenswurdigkeiten-in-lissabon\/lissabon-mit-kindern\/\" title=\"Lissabon mit Kindern: 15 tolle Aktivit\u00e4ten [mit Tickets]\" data-css=\"\">Lissabon mit Kindern: 15 tolle Aktivit\u00e4ten [mit Tickets]<\/a><\/span><\/h3>\n<p><a href=\"https:\/\/lisbontouristinformation.com\/de\/sehenswurdigkeiten-in-lissabon\/lissabon-mit-kindern\/\" style=\"\"><span style=\"\"><span style=\"\">Weiterlesen<\/span><\/span><\/a><\/p>\n","protected":false},"excerpt":{"rendered":"<p>Hier ist unsere Liste der besten Audioguides f\u00fcr Lissabon, einschlie\u00dflich kurzer Zusammenfassungen. Sie m\u00f6chten die Hauptstadt am Atlantik auf eigene Faust entdecken und trotzdem eine professionelle F\u00fchrung genie\u00dfen?&nbsp;Dann werden Sie unsere selbstgef\u00fchrten Audiotouren bestimmt lieben!&nbsp; Weitere tolle Features sind erm\u00e4\u00dfigte Tickets und kostenlose Stadtf\u00fchrer.&nbsp;Unsere App ist komplett mit einer Freisprech-GPS-Funktion und Filtern f\u00fcr Top-Sehensw\u00fcrdigkeiten, romantische [&hellip;]<\/p>\n","protected":false},"author":18,"featured_media":5626,"parent":0,"menu_order":0,"comment_status":"closed","ping_status":"closed","template":"","meta":{"footnotes":""},"tags":[84],"class_list":["post-5263","page","type-page","status-publish","has-post-thumbnail","hentry","tag-itinerary","post-wrapper","thrv_wrapper"],"_links":{"self":[{"href":"https:\/\/lisbontouristinformation.com\/de\/wp-json\/wp\/v2\/pages\/5263","targetHints":{"allow":["GET"]}}],"collection":[{"href":"https:\/\/lisbontouristinformation.com\/de\/wp-json\/wp\/v2\/pages"}],"about":[{"href":"https:\/\/lisbontouristinformation.com\/de\/wp-json\/wp\/v2\/types\/page"}],"author":[{"embeddable":true,"href":"https:\/\/lisbontouristinformation.com\/de\/wp-json\/wp\/v2\/users\/18"}],"replies":[{"embeddable":true,"href":"https:\/\/lisbontouristinformation.com\/de\/wp-json\/wp\/v2\/comments?post=5263"}],"version-history":[{"count":2,"href":"https:\/\/lisbontouristinformation.com\/de\/wp-json\/wp\/v2\/pages\/5263\/revisions"}],"predecessor-version":[{"id":9041,"href":"https:\/\/lisbontouristinformation.com\/de\/wp-json\/wp\/v2\/pages\/5263\/revisions\/9041"}],"wp:featuredmedia":[{"embeddable":true,"href":"https:\/\/lisbontouristinformation.com\/de\/wp-json\/wp\/v2\/media\/5626"}],"wp:attachment":[{"href":"https:\/\/lisbontouristinformation.com\/de\/wp-json\/wp\/v2\/media?parent=5263"}],"wp:term":[{"taxonomy":"post_tag","embeddable":true,"href":"https:\/\/lisbontouristinformation.com\/de\/wp-json\/wp\/v2\/tags?post=5263"}],"curies":[{"name":"wp","href":"https:\/\/api.w.org\/{rel}","templated":true}]}}