{"id":4311,"date":"2021-12-04T19:08:19","date_gmt":"2021-12-04T18:08:19","guid":{"rendered":"https:\/\/lisbontouristinformation.com\/de\/?page_id=4311"},"modified":"2026-04-03T13:34:53","modified_gmt":"2026-04-03T12:34:53","slug":"touren-and-tickets","status":"publish","type":"page","link":"https:\/\/lisbontouristinformation.com\/de\/touren-and-tickets\/","title":{"rendered":"Touren &#038; Tickets f\u00fcr Lissabon Top-Attraktionen"},"content":{"rendered":"<h2 style=\"text-align: center;\">Beliebte Tickets und Touren in Lissabon<\/h2>\n<p style=\"text-align: center;\">Sehensw\u00fcrdigkeiten, Attraktionen und Museen<\/p>\n<p><span><a href=\"https:\/\/www.headout.com\/r\/most-amazing-placesrecommends-jJ5iX\/\" rel=\"nofollow noopener\" target=\"_blank\"><img decoding=\"async\" alt=\"Tickets for Jeronimos Monastery Fast Track\" data-id=\"6048\" width=\"355\" data-init-width=\"600\" height=\"355\" data-init-height=\"600\" title=\"Tickets for Jeronimos Monastery Fast Track\" src=\"https:\/\/lisbontouristinformation.com\/de\/wp-content\/uploads\/2022\/06\/Tickets-for-Jeronimos-Monastery-Fast-Track.jpg\" data-width=\"355\" data-height=\"355\" data-link-wrap=\"true\" style=\"aspect-ratio: auto 600 \/ 600;\" loading=\"lazy\"><\/a><\/span><\/p>\n<h2>Eintrittsttickets f\u00fcr Mosteiro dos Jer\u00f3nimos Kloster<\/h2>\n<p style=\"text-align: center;\">Ab 19,50 \u20ac<\/p>\n<p><span><a href=\"https:\/\/www.tiqets.com\/de\/lisbon-attractions-c76528\/tickets-for-lisbon-card-p974847\/?partner=lisbonti&amp;tq_campaign=LisbonTicketShopDE\" rel=\"nofollow noopener\" target=\"_blank\"><img decoding=\"async\" alt=\"Lisbon Card\" data-id=\"6049\" width=\"370\" data-init-width=\"600\" height=\"370\" data-init-height=\"600\" title=\"Lisbon Card\" src=\"https:\/\/lisbontouristinformation.com\/de\/wp-content\/uploads\/2022\/06\/Lisbon-Card.jpg\" data-width=\"370\" data-height=\"370\" data-link-wrap=\"true\" style=\"aspect-ratio: auto 600 \/ 600;\" loading=\"lazy\"><\/a><\/span><\/p>\n<h2>Tickets f\u00fcr Lisboa-Karte<\/h2>\n<p style=\"text-align: center;\">Ab 31,00 \u20ac<\/p>\n<p><span><a href=\"https:\/\/www.headout.com\/r\/most-amazing-placesrecommends-c62qp\/\" rel=\"nofollow noopener\" target=\"_blank\"><img decoding=\"async\" alt=\"Tickets for Hop-on Hop-off Bus Lisbon\" data-id=\"6050\" width=\"345\" data-init-width=\"600\" height=\"345\" data-init-height=\"600\" title=\"Tickets for Hop-on Hop-off Bus Lisbon\" src=\"https:\/\/lisbontouristinformation.com\/de\/wp-content\/uploads\/2022\/06\/Tickets-for-Hop-on-Hop-off-Bus-Lisbon.jpg\" data-width=\"345\" data-height=\"345\" style=\"aspect-ratio: auto 600 \/ 600;\" data-link-wrap=\"true\" loading=\"lazy\"><\/a><\/span><\/p>\n<h2>Tickets f\u00fcr Hop-on Hop-off-Bus Lissabon<\/h2>\n<p style=\"text-align: center;\">Ab 22,00 \u20ac<\/p>\n<p><span><a href=\"https:\/\/www.getyourguide.com\/lisbon-l42\/sintra-pena-palace-regaleira-estate-cabo-da-roca-and-cascais-t912649\/?partner_id=NO9XIDE&amp;utm_medium=online_publisher&amp;cmp=LisbonTicketShopDE\" rel=\"nofollow noopener\" target=\"_blank\"><img decoding=\"async\" alt=\"\" data-id=\"9173\" width=\"370\" data-init-width=\"600\" height=\"370\" data-init-height=\"600\" title=\"Sintra Pena Palace, Regaleira Estate, Cabo da Roca, and Cascais + GetYourGuide\" src=\"https:\/\/lisbontouristinformation.com\/de\/wp-content\/uploads\/2025\/07\/Sintra-Pena-Palace-Regaleira-Estate-Cabo-da-Roca-and-Cascais-GetYourGuide.jpeg\" data-width=\"370\" data-height=\"370\" data-link-wrap=\"true\" style=\"aspect-ratio: auto 600 \/ 600;\" loading=\"lazy\"><\/a><\/span><\/p>\n<h2><span data-v-4533c707=\"\">Sintra, Pal\u00e1cio da Pena, Regaleira, Cabo da Roca und Cascais<\/span><\/h2>\n<p style=\"text-align: center;\">Ab 65,00 \u20ac<\/p>\n<p><span><a href=\"https:\/\/www.headout.com\/r\/most-amazing-placesrecommends-c7I5Y\/\" rel=\"nofollow noopener\" target=\"_blank\"><img decoding=\"async\" alt=\"Tickets for Park and Pena Palace in Sintra\" data-id=\"6052\" width=\"355\" data-init-width=\"600\" height=\"355\" data-init-height=\"600\" title=\"Tickets for Park and Pena Palace in Sintra\" src=\"https:\/\/lisbontouristinformation.com\/de\/wp-content\/uploads\/2022\/06\/Tickets-for-Park-and-Pena-Palace-in-Sintra.jpg\" data-width=\"355\" data-height=\"355\" style=\"aspect-ratio: auto 600 \/ 600;\" data-link-wrap=\"true\" loading=\"lazy\"><\/a><\/span><\/p>\n<h2>Pal\u00e1cio Nacional da Pena + Park Tickets<\/h2>\n<p style=\"text-align: center;\">Ab 15,00 \u20ac<\/p>\n<p><span><a href=\"https:\/\/gyg.me\/4mnF6JyD\" rel=\"nofollow noopener\" target=\"_blank\"><img decoding=\"async\" alt=\"Tickets for Lisbon Oceanarium\" data-id=\"6053\" width=\"345\" data-init-width=\"600\" height=\"345\" data-init-height=\"600\" title=\"Tickets for Lisbon Oceanarium\" src=\"https:\/\/lisbontouristinformation.com\/de\/wp-content\/uploads\/2022\/06\/Tickets-for-Lisbon-Oceanarium.jpg\" data-width=\"345\" data-height=\"345\" style=\"aspect-ratio: auto 600 \/ 600;\" data-link-wrap=\"true\" loading=\"lazy\"><\/a><\/span><\/p>\n<h2>Tickets f\u00fcr Ozeanarium Lissabon (Ocean\u00e1rio de Lisboa)<\/h2>\n<p style=\"text-align: center;\">Ab 25,00 \u20ac<\/p>\n<p><span><a href=\"https:\/\/www.tiqets.com\/de\/lissabon-sehenswuerdigkeiten-c76528\/der-sintra-pass-p1013981\/?partner=most_amazing_places&amp;tq_campaign=LisbonTicketShop\" rel=\"nofollow noopener\" target=\"_blank\"><img decoding=\"async\" alt=\"The Lisbon-Sintra Pass\" data-id=\"6054\" width=\"345\" data-init-width=\"600\" height=\"345\" data-init-height=\"600\" title=\"The Lisbon-Sintra Pass\" src=\"https:\/\/lisbontouristinformation.com\/de\/wp-content\/uploads\/2022\/06\/The-Lisbon-Sintra-Pass.jpg\" data-width=\"345\" data-height=\"345\" data-link-wrap=\"true\" style=\"aspect-ratio: auto 600 \/ 600;\" loading=\"lazy\"><\/a><\/span><\/p>\n<h2>Lissabon-Karte + Pena-Palast<\/h2>\n<p style=\"text-align: center;\">Ab 58,00 \u20ac<\/p>\n<p><span><a href=\"https:\/\/gyg.me\/SVrTsBnF\" rel=\"nofollow noopener\" target=\"_blank\"><img decoding=\"async\" alt=\"Tickets for Monserrate Palace Skip The Line\" data-id=\"6055\" width=\"345\" data-init-width=\"600\" height=\"345\" data-init-height=\"600\" title=\"Tickets for Monserrate Palace Skip The Line\" src=\"https:\/\/lisbontouristinformation.com\/de\/wp-content\/uploads\/2022\/06\/Tickets-for-Monserrate-Palace-Skip-The-Line.jpg\" data-width=\"345\" data-height=\"345\" data-link-wrap=\"true\" style=\"aspect-ratio: auto 600 \/ 600;\" loading=\"lazy\"><\/a><\/span><\/p>\n<h2>Tickets f\u00fcr Monserrate-Palast &amp; Park<\/h2>\n<p style=\"text-align: center;\">Ab 12,00 \u20ac<\/p>\n<p><span><a href=\"https:\/\/gyg.me\/xl6oUY6c\" rel=\"nofollow noopener\" target=\"_blank\"><img decoding=\"async\" alt=\"Tickets for Castle of the Moors Skip The Line\" data-id=\"6056\" width=\"345\" data-init-width=\"600\" height=\"345\" data-init-height=\"600\" title=\"Tickets for Castle of the Moors Skip The Line\" src=\"https:\/\/lisbontouristinformation.com\/de\/wp-content\/uploads\/2022\/06\/Tickets-for-Castle-of-the-Moors-Skip-The-Line.jpg\" data-width=\"345\" data-height=\"345\" style=\"aspect-ratio: auto 600 \/ 600;\" data-link-wrap=\"true\" loading=\"lazy\"><\/a><\/span><\/p>\n<h2><span data-v-4533c707=\"\">Das Schloss der Mauren Ticket ohne Anstehen<\/span><\/h2>\n<p style=\"text-align: center;\">Ab 12,00 \u20ac<\/p>\n<p><span><a href=\"https:\/\/gyg.me\/705ukosZ\" rel=\"nofollow noopener\" target=\"_blank\"><img decoding=\"async\" alt=\"Tickets for Two-Hour Sunset Sailing Tour from Bel\u00e9m\" data-id=\"6058\" width=\"332\" data-init-width=\"600\" height=\"332\" data-init-height=\"600\" title=\"Tickets for Two-Hour Sunset Sailing Tour from Bel\u00e9m\" src=\"https:\/\/lisbontouristinformation.com\/de\/wp-content\/uploads\/2022\/06\/Tickets-for-Two-Hour-Sunset-Sailing-Tour-from-Belem.jpg\" data-width=\"332\" data-height=\"332\" data-link-wrap=\"true\" style=\"aspect-ratio: auto 600 \/ 600;\" loading=\"lazy\"><\/a><\/span><\/p>\n<h3 data-test-id=\"activity-title\" data-track=\"activity-title\" data-v-9f11b3bd=\"\">Tickets f\u00fcr eine Segeltour auf dem Tejo<\/h3>\n<p style=\"text-align: center;\">Ab 20,00<\/p>\n<p><span><a href=\"https:\/\/gyg.me\/OUvYBPE2\" rel=\"nofollow noopener\" target=\"_blank\"><img decoding=\"async\" alt=\"Tickets for 2-Hour Afternoon Sailing Tour from Bel\u00e9m\" data-id=\"6059\" width=\"332\" data-init-width=\"600\" height=\"332\" data-init-height=\"600\" title=\"Tickets for 2-Hour Afternoon Sailing Tour from Bel\u00e9m\" src=\"https:\/\/lisbontouristinformation.com\/de\/wp-content\/uploads\/2022\/06\/Tickets-for-2-Hour-Afternoon-Sailing-Tour-from-Belem.jpg\" data-width=\"332\" data-height=\"332\" style=\"aspect-ratio: auto 600 \/ 600;\" data-link-wrap=\"true\" loading=\"lazy\"><\/a><\/span><\/p>\n<h2>Lissabon:Tag-\/Sonnenuntergang-\/Nacht-Stadtrundfahrt auf dem Segelboot mit Getr\u00e4nk<\/h2>\n<p style=\"text-align: center;\">Ab 37,00<\/p>\n<p><span><a href=\"https:\/\/gyg.me\/9c3d6Sdn\" rel=\"nofollow noopener\" target=\"_blank\"><img decoding=\"async\" alt=\"Tickets for The Royal Treasure Museum\" data-id=\"6060\" width=\"332\" data-init-width=\"600\" height=\"332\" data-init-height=\"600\" title=\"Tickets for The Royal Treasure Museum\" src=\"https:\/\/lisbontouristinformation.com\/de\/wp-content\/uploads\/2022\/06\/Tickets-for-The-Royal-Treasure-Museum.jpeg\" data-width=\"332\" data-height=\"332\" style=\"aspect-ratio: auto 600 \/ 600;\" data-link-wrap=\"true\" loading=\"lazy\"><\/a><\/span><\/p>\n<h2>Eintrittskarten f\u00fcr das Museum des K\u00f6niglichen Schatzes<\/h2>\n<p style=\"text-align: center;\">Ab 11,00 \u20ac<\/p>\n<p><span><a href=\"https:\/\/gyg.me\/PppEvHTA\" rel=\"nofollow noopener\" target=\"_blank\"><img decoding=\"async\" alt=\"Tickets for Historic Hills Tram Tour\" data-id=\"6064\" width=\"332\" data-init-width=\"600\" height=\"332\" data-init-height=\"600\" title=\"Tickets for Historic Hills Tram Tour\" src=\"https:\/\/lisbontouristinformation.com\/de\/wp-content\/uploads\/2022\/06\/Tickets-for-Historic-Hills-Tram-Tour.jpg\" data-width=\"332\" data-height=\"332\" data-link-wrap=\"true\" style=\"aspect-ratio: auto 600 \/ 600;\" loading=\"lazy\"><\/a><\/span><\/p>\n<h2>Tickets f\u00fcr <span data-v-4533c707=\"\">Hills Red Tram Tour mit der Tram 28 Route 24-Stunden-Ticket<\/span><\/h2>\n<p style=\"text-align: center;\">Ab 25,00 \u20ac<\/p>\n<p><span><a href=\"https:\/\/www.tiqets.com\/de\/lissabon-sehenswuerdigkeiten-c76528\/tickets-fur-pilar-7-bridge-experience-p976248?partner=most_amazing_places&amp;tq_campaign=LisbonTicketShop\" rel=\"nofollow noopener\" target=\"_blank\"><img decoding=\"async\" alt=\"Tickets for Pilar 7 Bridge Experience\" data-id=\"6065\" width=\"332\" data-init-width=\"600\" height=\"332\" data-init-height=\"600\" title=\"Tickets for Pilar 7 Bridge Experience\" src=\"https:\/\/lisbontouristinformation.com\/de\/wp-content\/uploads\/2022\/06\/Tickets-for-Pilar-7-Bridge-Experience.jpg\" data-width=\"332\" data-height=\"332\" data-link-wrap=\"true\" style=\"aspect-ratio: auto 600 \/ 600;\" loading=\"lazy\"><\/a><\/span><\/p>\n<h2>Tickets f\u00fcr Pilar 7 Bridge Experience<\/h2>\n<p style=\"text-align: center;\">Ab 5,50 \u20ac<\/p>\n<p><span><a href=\"https:\/\/www.getyourguide.com\/lisbon-l42\/lisbon-intimate-live-fado-music-show-with-port-wine-t450869\/?partner_id=NO9XIDE&amp;utm_medium=online_publisher&amp;cmp=LisbonTicketShopDE\" rel=\"nofollow noopener\" target=\"_blank\"><img decoding=\"async\" alt=\"\" data-id=\"9170\" width=\"332\" data-init-width=\"600\" height=\"332\" data-init-height=\"600\" title=\"Fado Show Ticket OTA\" src=\"https:\/\/lisbontouristinformation.com\/de\/wp-content\/uploads\/2025\/07\/Fado-Show-Ticket-OTA.jpeg\" data-width=\"332\" data-height=\"332\" style=\"aspect-ratio: auto 600 \/ 600;\" data-link-wrap=\"true\" loading=\"lazy\"><\/a><\/span><\/p>\n<h2>Lissabon: Intime Live-Fado-Musikshow <span data-v-4533c707=\"\">mit Portwein im Lisboa em Fado<\/span><\/h2>\n<p style=\"text-align: center;\">Ab 14,00 \u20ac<\/p>\n<p><span style=\"\"><a href=\"https:\/\/www.getyourguide.com\/porto-l151\/impressive-monet-brilliant-klimt-the-immersive-experience-t398875\/?partner_id=NO9XIDE&amp;utm_medium=online_publisher&amp;cmp=LisbonTicketShopDE\" rel=\"nofollow noopener\" target=\"_blank\"><img decoding=\"async\" alt=\"\" data-id=\"9190\" width=\"522\" data-init-width=\"1602\" height=\"349\" data-init-height=\"1070\" title=\"Impressive Monet &amp; Brilliant Klimt -The Immersive Experience ota\" src=\"https:\/\/lisbontouristinformation.com\/de\/wp-content\/uploads\/2026\/04\/Impressive-Monet-Brilliant-Klimt-The-Immersive-Experience-ota-1.avif\" data-width=\"522\" data-height=\"349\" style=\"aspect-ratio: auto 1602 \/ 1070;\" data-link-wrap=\"true\" loading=\"lazy\" ml-d=\"-1.4839999999999804\" mt-d=\"0\"><\/a><\/span><\/p>\n<h2><span data-v-4533c707=\"\">Impressive Monet &amp; Brilliant Klimt \u2013 Das immersive Erlebnis<\/span><\/h2>\n<p style=\"text-align: center;\">Ab 11,00 \u20ac<\/p>\n<h2><\/h2>\n<h2><\/h2>\n<p style=\"text-align: center;\"><\/p>\n<p><a href=\"javascript:void(0)\"><span style=\"\"><span style=\"\">Load More<\/span><\/span><\/a><\/p>\n","protected":false},"excerpt":{"rendered":"<p>Beliebte Tickets und Touren in Lissabon Sehensw\u00fcrdigkeiten, Attraktionen und Museen Eintrittsttickets f\u00fcr Mosteiro dos Jer\u00f3nimos Kloster Ab 19,50 \u20ac Tickets f\u00fcr Lisboa-Karte Ab 31,00 \u20ac Tickets f\u00fcr Hop-on Hop-off-Bus Lissabon Ab 22,00 \u20ac Sintra, Pal\u00e1cio da Pena, Regaleira, Cabo da Roca und Cascais Ab 65,00 \u20ac Pal\u00e1cio Nacional da Pena + Park Tickets Ab 15,00 [&hellip;]<\/p>\n","protected":false},"author":18,"featured_media":5841,"parent":0,"menu_order":0,"comment_status":"closed","ping_status":"closed","template":"","meta":{"footnotes":""},"tags":[],"class_list":["post-4311","page","type-page","status-publish","has-post-thumbnail","hentry","post-wrapper","thrv_wrapper"],"_links":{"self":[{"href":"https:\/\/lisbontouristinformation.com\/de\/wp-json\/wp\/v2\/pages\/4311","targetHints":{"allow":["GET"]}}],"collection":[{"href":"https:\/\/lisbontouristinformation.com\/de\/wp-json\/wp\/v2\/pages"}],"about":[{"href":"https:\/\/lisbontouristinformation.com\/de\/wp-json\/wp\/v2\/types\/page"}],"author":[{"embeddable":true,"href":"https:\/\/lisbontouristinformation.com\/de\/wp-json\/wp\/v2\/users\/18"}],"replies":[{"embeddable":true,"href":"https:\/\/lisbontouristinformation.com\/de\/wp-json\/wp\/v2\/comments?post=4311"}],"version-history":[{"count":38,"href":"https:\/\/lisbontouristinformation.com\/de\/wp-json\/wp\/v2\/pages\/4311\/revisions"}],"predecessor-version":[{"id":9191,"href":"https:\/\/lisbontouristinformation.com\/de\/wp-json\/wp\/v2\/pages\/4311\/revisions\/9191"}],"wp:featuredmedia":[{"embeddable":true,"href":"https:\/\/lisbontouristinformation.com\/de\/wp-json\/wp\/v2\/media\/5841"}],"wp:attachment":[{"href":"https:\/\/lisbontouristinformation.com\/de\/wp-json\/wp\/v2\/media?parent=4311"}],"wp:term":[{"taxonomy":"post_tag","embeddable":true,"href":"https:\/\/lisbontouristinformation.com\/de\/wp-json\/wp\/v2\/tags?post=4311"}],"curies":[{"name":"wp","href":"https:\/\/api.w.org\/{rel}","templated":true}]}}