{"id":3368,"date":"2021-01-12T18:33:10","date_gmt":"2021-01-12T17:33:10","guid":{"rendered":"https:\/\/lisbontouristinformation.com\/de\/?page_id=3368"},"modified":"2024-10-22T08:02:24","modified_gmt":"2024-10-22T07:02:24","slug":"partner","status":"publish","type":"page","link":"https:\/\/lisbontouristinformation.com\/de\/partner\/","title":{"rendered":"Lisbon Tourist Information Partner"},"content":{"rendered":"<p><span><img decoding=\"async\" alt=\"\" data-id=\"8832\" data-init-width=\"1440\" data-init-height=\"240\" title=\"Travel-Group-Logo1\" src=\"https:\/\/lisbontouristinformation.com\/de\/wp-content\/uploads\/2024\/05\/Travel-Group-Logo1.png\" data-width=\"289\" data-height=\"48\" style=\"aspect-ratio: auto 1440 \/ 240;\" width=\"289\" height=\"48\" loading=\"lazy\"><\/span><\/p>\n<h4>TravelGroup<\/h4>\n<p>Destinationsmanagement und Gro\u00dfhandelsbetreiber f\u00fcr Freizeit- und Ausstellungsgruppen.<\/p>\n<p><a href=\"https:\/\/most-amazing-places.com\" target=\"_blank\" rel=\"noopener\"><span><img decoding=\"async\" alt=\"\" data-id=\"8836\" data-init-width=\"512\" data-init-height=\"512\" title=\"MAP-LOGO-002 (3)\" src=\"https:\/\/lisbontouristinformation.com\/de\/wp-content\/uploads\/2024\/05\/MAP-LOGO-002-3.png\" data-width=\"96\" data-height=\"96\" style=\"aspect-ratio: auto 512 \/ 512;\" width=\"96\" height=\"96\" loading=\"lazy\"><\/span><\/p>\n<h4>most-amazing-places.com<\/h4>\n<p>Most Amazing Places ist eine Marke, die von leidenschaftlichen Reiseprofis gegr\u00fcndet wurde. Finden Sie Tickets in bester Qualit\u00e4t zum besten Preis bei allen Online-Anbietern.<\/p>\n<p><\/a><\/p>\n<h2 style=\"text-align: center;\">Kontakt f\u00fcr Unternehmen, Agenturen und Reiseorganisationspartner<\/h2>\n<h2>Wie k\u00f6nnen wir helfen?<\/h2>\n<h3>1. Informationsdienste<\/h3>\n<p>Fragen zur Planung von Reisen nach Lissabon.<\/p>\n<h3>2. Buchungsdienste<\/h3>\n<p>Buchung von Hotels, Tagungsr\u00e4umen, Tickets, Touren und F\u00fchrungen.<\/p>\n<h3>3. B2B und MICE<\/h3>\n<p>Kooperation mit LisbonTouristInformation.com und Anfragen zu Meetings, Events und Messen in Lissabon.<\/p>\n<h2 style=\"\">Teil einer globalen Tourismusorganisation<\/h2>\n<p><a href=\"https:\/\/paristouristinformation.fr\/\" target=\"_blank\" rel=\"noopener\"><span><img decoding=\"async\" alt=\"\" data-id=\"3414\" data-init-width=\"1834\" data-init-height=\"651\" title=\"Logo der Pariser Touristeninformation\" src=\"https:\/\/lisbontouristinformation.com\/de\/wp-content\/uploads\/2021\/01\/Paris-Tourist-Information-Logo.png\" data-width=\"308\" data-height=\"109\" style=\"aspect-ratio: auto 1834 \/ 651;\" width=\"308\" height=\"109\" loading=\"lazy\"><\/span><\/p>\n<h4>ParisTouristInformation.fr<\/h4>\n<p>Touristeninformations-Website f\u00fcr die franz\u00f6sische Hauptstadt Paris.<\/p>\n<p><\/a><a href=\"https:\/\/praguetouristinformation.com\/\" target=\"_blank\" rel=\"noopener\"><span><img decoding=\"async\" alt=\"\" data-id=\"5803\" data-init-width=\"2292\" data-init-height=\"651\" title=\"PragueTouristInformation.com-Logo\" src=\"https:\/\/lisbontouristinformation.com\/de\/wp-content\/uploads\/2021\/01\/PragueTouristInformation.com-Logo.png\" data-width=\"376\" data-height=\"107\" style=\"aspect-ratio: auto 2292 \/ 651;\" width=\"376\" height=\"107\" loading=\"lazy\"><\/span><\/p>\n<h4>PragueTouristInformation.com<\/h4>\n<p>Touristeninformations-Website f\u00fcr die tschechische Hauptstadt Prag.<\/p>\n<p><\/a><a href=\"https:\/\/antalyatouristinformation.com\/\" target=\"_blank\" rel=\"noopener\"><span><img decoding=\"async\" alt=\"AntalyaTouristInformation.com-Logo\" data-id=\"3553\" data-init-width=\"2163\" data-init-height=\"651\" title=\"AntalyaTouristInformation.com-Logo\" src=\"https:\/\/lisbontouristinformation.com\/de\/wp-content\/uploads\/2021\/06\/AntalyaTouristInformation.com-Logo.png\" data-width=\"368\" data-height=\"111\" style=\"aspect-ratio: auto 2163 \/ 651;\" width=\"368\" height=\"111\" loading=\"lazy\"><\/span><\/p>\n<h4>AntalyaTouristInformation.com<\/h4>\n<p>Touristische Informationsseite f\u00fcr die t\u00fcrkische Provinz Antalya.<\/p>\n<p><\/a><a href=\"https:\/\/viennatouristinformation.com\/\" target=\"_blank\" rel=\"noopener\"><span><img decoding=\"async\" alt=\"\" data-id=\"3389\" data-init-width=\"2126\" data-init-height=\"651\" title=\"ViennaTouristInformation.com-Logo\" src=\"https:\/\/lisbontouristinformation.com\/de\/wp-content\/uploads\/2021\/01\/ViennaTouristInformation.com-Logo.png\" data-width=\"368\" data-height=\"113\" style=\"aspect-ratio: auto 2126 \/ 651;\" width=\"368\" height=\"113\" loading=\"lazy\"><\/span><\/p>\n<h4>WienTouristInformation.com<\/h4>\n<p>Tourismus-Informations-Website f\u00fcr die \u00f6sterreichische Hauptstadt Wien.<\/p>\n<p><\/a><a href=\"https:\/\/italy-tourist-information.com\" target=\"_blank\" rel=\"noopener\"><span><img decoding=\"async\" alt=\"\" data-id=\"9052\" data-init-width=\"440\" data-init-height=\"156\" title=\"ITALY-TOURIST-INFO-LOGO\" src=\"https:\/\/lisbontouristinformation.com\/de\/wp-content\/uploads\/2024\/10\/ITALY-TOURIST-INFO-LOGO.png\" data-width=\"296\" data-height=\"105\" style=\"aspect-ratio: auto 440 \/ 156;\" width=\"296\" height=\"105\" loading=\"lazy\"><\/span><\/p>\n<h4>Italy-Tourist-Information.com<\/h4>\n<p>Website f\u00fcr Touristeninformationen f\u00fcr die beliebtesten St\u00e4dte Italiens<\/p>\n<p><\/a><a href=\"https:\/\/iceland-tourist-information.com\" target=\"_blank\" rel=\"noopener\"><span><img decoding=\"async\" alt=\"\" data-id=\"9051\" data-init-width=\"568\" data-init-height=\"156\" title=\"Iceland-Tourist-Information-Logo-2\" src=\"https:\/\/lisbontouristinformation.com\/de\/wp-content\/uploads\/2024\/10\/Iceland-Tourist-Information-Logo-2.png\" data-width=\"296\" data-height=\"81\" style=\"aspect-ratio: auto 568 \/ 156;\" width=\"296\" height=\"81\" loading=\"lazy\"><\/span><\/p>\n<h4>Iceland-Tourist-Information.com<\/h4>\n<p>Website f\u00fcr touristische Informationen f\u00fcr die beliebtesten St\u00e4dte und Attraktionen in Island<\/p>\n<p><\/a><a href=\"https:\/\/new-york-tourist-information.com\" target=\"_blank\" rel=\"noopener\"><span><img decoding=\"async\" alt=\"\" data-id=\"9054\" data-init-width=\"611\" data-init-height=\"156\" title=\"NY-TOURIST-INFORMATION\" src=\"https:\/\/lisbontouristinformation.com\/de\/wp-content\/uploads\/2024\/10\/NY-TOURIST-INFORMATION.png\" data-width=\"296\" data-height=\"76\" style=\"aspect-ratio: auto 611 \/ 156;\" width=\"296\" height=\"76\" loading=\"lazy\"><\/span><\/p>\n<h4>New-York-Tourist-Information.com<\/h4>\n<p>Website f\u00fcr Touristeninformationen f\u00fcr den Big Apple.<\/p>\n<p><\/a><a href=\"https:\/\/dubai-tourist-information.ae\" target=\"_blank\" rel=\"noopener\"><span><img decoding=\"async\" alt=\"\" data-id=\"9050\" data-init-width=\"488\" data-init-height=\"156\" title=\"DUBAI-TOURIST-INFORMATION\" src=\"https:\/\/lisbontouristinformation.com\/de\/wp-content\/uploads\/2024\/10\/DUBAI-TOURIST-INFORMATION.png\" data-width=\"296\" data-height=\"95\" style=\"aspect-ratio: auto 488 \/ 156;\" width=\"296\" height=\"95\" loading=\"lazy\"><\/span><\/p>\n<h4>Dubai-Tourist-Information.ae<\/h4>\n<p>Website f\u00fcr touristische Informationen f\u00fcr die Stadt Dubai in den Vereinigten Arabischen Emiraten<\/p>\n<p><\/a><a href=\"https:\/\/amsterdam-tourist-information.com\" target=\"_blank\" rel=\"noopener\"><span><img decoding=\"async\" alt=\"\" data-id=\"9055\" data-init-width=\"674\" data-init-height=\"156\" title=\"thumbnail_AMSTERDAM TOURIST INFO\" src=\"https:\/\/lisbontouristinformation.com\/de\/wp-content\/uploads\/2024\/10\/thumbnail_AMSTERDAM-TOURIST-INFO.png\" data-width=\"296\" data-height=\"69\" style=\"aspect-ratio: auto 674 \/ 156;\" width=\"296\" height=\"69\" loading=\"lazy\"><\/span><\/p>\n<h4>Amsterdam-Tourist-Information.com<\/h4>\n<p>Website f\u00fcr Touristeninformationen f\u00fcr die Stadt Amsterdam in den Niederlanden<\/p>\n<p><\/a><a href=\"https:\/\/london-touristinformation.com\" target=\"_blank\" rel=\"noopener\"><span><img decoding=\"async\" alt=\"\" data-id=\"9053\" data-init-width=\"534\" data-init-height=\"156\" title=\"london TI\" src=\"https:\/\/lisbontouristinformation.com\/de\/wp-content\/uploads\/2024\/10\/london-TI.png\" data-width=\"296\" data-height=\"86\" style=\"aspect-ratio: auto 534 \/ 156;\" width=\"296\" height=\"86\" loading=\"lazy\"><\/span><\/p>\n<h4>London-TouristInformation.com<\/h4>\n<p>Website f\u00fcr touristische Informationen f\u00fcr die Stadt London im Vereinigten K\u00f6nigreich<\/p>\n<p><\/a><a href=\"https:\/\/cappadociatouristinformation.gen.tr\" target=\"_blank\" rel=\"noopener\"><span><img decoding=\"async\" alt=\"\" data-id=\"8835\" data-init-width=\"600\" data-init-height=\"132\" title=\"CAPPADOCIA-TOURIST-INFO-LOGO copy\" src=\"https:\/\/lisbontouristinformation.com\/de\/wp-content\/uploads\/2024\/05\/CAPPADOCIA-TOURIST-INFO-LOGO-copy.png\" data-width=\"296\" data-height=\"65\" style=\"aspect-ratio: auto 600 \/ 132;\" width=\"296\" height=\"65\" loading=\"lazy\"><\/span><\/p>\n<h4>cappadociatouristinformation.gen.tr<\/h4>\n<p>Tourismus-Informationswebsite f\u00fcr die t\u00fcrkische Region Kappadokien<\/p>\n<p><\/a><a href=\"https:\/\/www.leblogdistanbul.com\" target=\"_blank\" rel=\"noopener\"><span><img decoding=\"async\" alt=\"\" data-id=\"8834\" data-init-width=\"1517\" data-init-height=\"381\" title=\"le blog dIstanbul\" src=\"https:\/\/lisbontouristinformation.com\/de\/wp-content\/uploads\/2024\/05\/le-blog-dIstanbul.png\" data-width=\"296\" data-height=\"74\" style=\"aspect-ratio: auto 1517 \/ 381;\" width=\"296\" height=\"74\" loading=\"lazy\"><\/span><\/p>\n<h4>leblogdistanbul.com<\/h4>\n<p>Bietet alle Informationen, um Ihren Aufenthalt in Istanbul unvergesslich zu machen!<\/p>\n<p><\/a><a href=\"https:\/\/izmirtoantalya.com\" target=\"_blank\" rel=\"noopener\"><span><img decoding=\"async\" alt=\"\" data-id=\"8833\" data-init-width=\"2560\" data-init-height=\"705\" title=\"Izmir to Antalya logo\" src=\"https:\/\/lisbontouristinformation.com\/de\/wp-content\/uploads\/2024\/05\/Izmir-to-Antalya-logo.jpeg\" data-width=\"296\" data-height=\"82\" style=\"aspect-ratio: auto 2560 \/ 705;\" width=\"296\" height=\"82\" loading=\"lazy\"><\/span><\/p>\n<h4>izmirtoantalya.com<\/h4>\n<p>Die einzige Website, die Ihnen beim Reisen an der T\u00fcrkischen Riviera hilft.<\/p>\n<p><\/a><span><img decoding=\"async\" alt=\"\" data-id=\"3417\" data-init-width=\"895\" data-init-height=\"240\" title=\"Logo der globalen Tourismusorganisation\" src=\"https:\/\/lisbontouristinformation.com\/de\/wp-content\/uploads\/2021\/01\/Global-Tourist-Organization-Logo.jpg\" data-width=\"298\" data-height=\"80\" style=\"aspect-ratio: auto 895 \/ 240;\" width=\"298\" height=\"80\" loading=\"lazy\"><\/span><\/p>\n","protected":false},"excerpt":{"rendered":"<p>TravelGroup Destinationsmanagement und Gro\u00dfhandelsbetreiber f\u00fcr Freizeit- und Ausstellungsgruppen. most-amazing-places.com Most Amazing Places ist eine Marke, die von leidenschaftlichen Reiseprofis gegr\u00fcndet wurde. Finden Sie Tickets in bester Qualit\u00e4t zum besten Preis bei allen Online-Anbietern. Kontakt f\u00fcr Unternehmen, Agenturen und Reiseorganisationspartner Wie k\u00f6nnen wir helfen? 1. Informationsdienste Fragen zur Planung von Reisen nach Lissabon. 2. Buchungsdienste Buchung [&hellip;]<\/p>\n","protected":false},"author":18,"featured_media":5841,"parent":0,"menu_order":0,"comment_status":"closed","ping_status":"closed","template":"","meta":{"footnotes":""},"tags":[],"class_list":["post-3368","page","type-page","status-publish","has-post-thumbnail","hentry","post-wrapper","thrv_wrapper"],"_links":{"self":[{"href":"https:\/\/lisbontouristinformation.com\/de\/wp-json\/wp\/v2\/pages\/3368","targetHints":{"allow":["GET"]}}],"collection":[{"href":"https:\/\/lisbontouristinformation.com\/de\/wp-json\/wp\/v2\/pages"}],"about":[{"href":"https:\/\/lisbontouristinformation.com\/de\/wp-json\/wp\/v2\/types\/page"}],"author":[{"embeddable":true,"href":"https:\/\/lisbontouristinformation.com\/de\/wp-json\/wp\/v2\/users\/18"}],"replies":[{"embeddable":true,"href":"https:\/\/lisbontouristinformation.com\/de\/wp-json\/wp\/v2\/comments?post=3368"}],"version-history":[{"count":2,"href":"https:\/\/lisbontouristinformation.com\/de\/wp-json\/wp\/v2\/pages\/3368\/revisions"}],"predecessor-version":[{"id":9056,"href":"https:\/\/lisbontouristinformation.com\/de\/wp-json\/wp\/v2\/pages\/3368\/revisions\/9056"}],"wp:featuredmedia":[{"embeddable":true,"href":"https:\/\/lisbontouristinformation.com\/de\/wp-json\/wp\/v2\/media\/5841"}],"wp:attachment":[{"href":"https:\/\/lisbontouristinformation.com\/de\/wp-json\/wp\/v2\/media?parent=3368"}],"wp:term":[{"taxonomy":"post_tag","embeddable":true,"href":"https:\/\/lisbontouristinformation.com\/de\/wp-json\/wp\/v2\/tags?post=3368"}],"curies":[{"name":"wp","href":"https:\/\/api.w.org\/{rel}","templated":true}]}}