{"id":2839,"date":"2020-08-13T16:41:41","date_gmt":"2020-08-13T14:41:41","guid":{"rendered":"https:\/\/lisbontouristinformation.com\/de\/clone-of-kontakt\/"},"modified":"2024-08-06T19:11:43","modified_gmt":"2024-08-06T18:11:43","slug":"kooperationen","status":"publish","type":"page","link":"https:\/\/lisbontouristinformation.com\/de\/ueber\/kooperationen\/","title":{"rendered":"Kooperationen: Business, Blog und Influencer"},"content":{"rendered":"<h3 style=\"\">M\u00d6CHTEN SIE MIT UNS ARBEITEN?<\/h3>\n<h1>Arbeiten Sie mit der Touristeninformation von Lissabon zusammen<\/h1>\n<p>Wir arbeiten mit Reisef\u00fchrern, Reiseleitern, lokalen Unternehmen, Reisebloggern und Social-Media-Influencern zusammen.<\/p>\n<p><span style=\"\"><img decoding=\"async\" alt=\"\" data-id=\"5535\" title=\"3 Tage Reiseroute in Lissabon in Portugal\" src=\"https:\/\/lisbontouristinformation.com\/de\/wp-content\/uploads\/2022\/04\/3-days-itinerary-in-lisbon-in-portugal.jpg\" style=\"aspect-ratio: auto 1200 \/ 630;\" ml-d=\"0\" data-width=\"446\" data-height=\"234\" data-init-width=\"1200\" data-init-height=\"630\" mt-d=\"0\" width=\"446\" height=\"234\" ml-t=\"0\" mt-t=\"0\" loading=\"lazy\"><\/span><\/p>\n<p style=\"text-align: center;\">Kontaktieren Sie uns per E-Mail unter <strong><span>support@lisbontouristinformation.com<\/span><\/strong> oder nutzen Sie unser Kontaktformular.<\/p>\n<h2>Was suchen wir?<\/h2>\n<ul>\n<li>Lokale Guides mit Expertise, MICE-Business-Ideen und Stadtf\u00fchrungen.<\/li>\n<li>Blogger mit mindestens 5.000 Unique Visitors.<\/li>\n<li>Wir haben auch ein Affiliate-Programm f\u00fcr ausgew\u00e4hlte Reise-Websites.<\/li>\n<\/ul>\n<h2>MICE<\/h2>\n<p>Spezialisierte Tagungshotels, Tagungsraum-Catering und Executive-Transfers mit hervorragenden Bewertungen.<\/p>\n<h2>Blogger und Influencer<\/h2>\n<p>Wir arbeiten bei unseren Angeboten im Raum Lissabon mit Reisebloggern zusammen, die echte Fans, authentische Inhalte und Expertenwissen haben.<\/p>\n<h2>Reisef\u00fchrer<\/h2>\n<p>F\u00fcr spezielle Touren im Raum Lissabon senden Sie bitte Vorschl\u00e4ge f\u00fcr m\u00f6gliche Touren \u00fcber unser Kontaktformular.&nbsp;<\/p>\n","protected":false},"excerpt":{"rendered":"<p>M\u00d6CHTEN SIE MIT UNS ARBEITEN? Arbeiten Sie mit der Touristeninformation von Lissabon zusammen Wir arbeiten mit Reisef\u00fchrern, Reiseleitern, lokalen Unternehmen, Reisebloggern und Social-Media-Influencern zusammen. Kontaktieren Sie uns per E-Mail unter support@lisbontouristinformation.com oder nutzen Sie unser Kontaktformular. Was suchen wir? Lokale Guides mit Expertise, MICE-Business-Ideen und Stadtf\u00fchrungen. Blogger mit mindestens 5.000 Unique Visitors. Wir haben auch [&hellip;]<\/p>\n","protected":false},"author":18,"featured_media":0,"parent":2849,"menu_order":0,"comment_status":"closed","ping_status":"closed","template":"","meta":{"footnotes":""},"tags":[],"class_list":["post-2839","page","type-page","status-publish","hentry","post-wrapper","thrv_wrapper"],"_links":{"self":[{"href":"https:\/\/lisbontouristinformation.com\/de\/wp-json\/wp\/v2\/pages\/2839","targetHints":{"allow":["GET"]}}],"collection":[{"href":"https:\/\/lisbontouristinformation.com\/de\/wp-json\/wp\/v2\/pages"}],"about":[{"href":"https:\/\/lisbontouristinformation.com\/de\/wp-json\/wp\/v2\/types\/page"}],"author":[{"embeddable":true,"href":"https:\/\/lisbontouristinformation.com\/de\/wp-json\/wp\/v2\/users\/18"}],"replies":[{"embeddable":true,"href":"https:\/\/lisbontouristinformation.com\/de\/wp-json\/wp\/v2\/comments?post=2839"}],"version-history":[{"count":1,"href":"https:\/\/lisbontouristinformation.com\/de\/wp-json\/wp\/v2\/pages\/2839\/revisions"}],"predecessor-version":[{"id":9014,"href":"https:\/\/lisbontouristinformation.com\/de\/wp-json\/wp\/v2\/pages\/2839\/revisions\/9014"}],"up":[{"embeddable":true,"href":"https:\/\/lisbontouristinformation.com\/de\/wp-json\/wp\/v2\/pages\/2849"}],"wp:attachment":[{"href":"https:\/\/lisbontouristinformation.com\/de\/wp-json\/wp\/v2\/media?parent=2839"}],"wp:term":[{"taxonomy":"post_tag","embeddable":true,"href":"https:\/\/lisbontouristinformation.com\/de\/wp-json\/wp\/v2\/tags?post=2839"}],"curies":[{"name":"wp","href":"https:\/\/api.w.org\/{rel}","templated":true}]}}