{"id":2815,"date":"2020-08-13T12:58:49","date_gmt":"2020-08-13T10:58:49","guid":{"rendered":"https:\/\/lisbontouristinformation.com\/de\/?page_id=2815"},"modified":"2024-01-20T09:33:46","modified_gmt":"2024-01-20T09:33:46","slug":"anreise","status":"publish","type":"page","link":"https:\/\/lisbontouristinformation.com\/de\/anreise\/","title":{"rendered":"Anreise nach Lissabon"},"content":{"rendered":"<h1 style=\"\">Leitfaden zur Ankunft in Lissabon<\/h1>\n<p style=\"\">Ein Leitfaden f\u00fcr Fl\u00fcge, Z\u00fcge, Busse und die Fahrt mit dem eigenen Auto nach Lissabon.<\/p>\n<h2 style=\"text-align: center;\">So kommen Sie nach Lissabon<\/h2>\n<p style=\"text-align: center;\">&#8230; und wie Sie sich am einfachsten durch die Stadt bewegen.<\/p>\n<p><a href=\"https:\/\/lisbontouristinformation.com\/de\/anreise\/taxis-lissabon\/\" dynamic-postlink=\"tcb_post_the_permalink\" data-shortcode-id=\"207\"><\/a><\/p>\n<h3 style=\"text-align: center; padding-top: 0px !important; margin-top: 0px !important;\"><span data-attr-link=\"1\" data-attr-rel=\"0\" data-attr-target=\"0\" data-extra_key=\"\" data-option-inline=\"1\" data-shortcode=\"tcb_post_title\" data-shortcode-name=\"Post title\" data-attr-css=\"\" data-attr-static-link=\"{&quot;className&quot;:&quot;&quot;,&quot;href&quot;:&quot;https:\/\/lisbontouristinformation.com\/de\/anreise\/taxis-lissabon\/&quot;,&quot;title&quot;:&quot;Taxis in Lissabon: Uber, Flughafen-Shuttles &amp; Tarife&quot;,&quot;class&quot;:&quot;&quot;}\" style=\"\"><a href=\"https:\/\/lisbontouristinformation.com\/de\/anreise\/taxis-lissabon\/\" title=\"Taxis in Lissabon: Uber, Flughafen-Shuttles &amp; Tarife\" data-css=\"\">Taxis in Lissabon: Uber, Flughafen-Shuttles &amp; Tarife<\/a><\/span><\/h3>\n<p>Bei einem Besuch in Lissabon stehen verschiedene \u00f6ffentliche <a href=\"https:\/\/lisbontouristinformation.com\/de\/anreise\/taxis-lissabon\/#more-207\"><\/a><\/p>\n<p><a href=\"https:\/\/lisbontouristinformation.com\/de\/anreise\/taxis-lissabon\/\" style=\"\"><span style=\"\"><span style=\"\">Weiterlesen<\/span><\/span><\/a><a href=\"https:\/\/lisbontouristinformation.com\/de\/anreise\/flughafen-lissabon\/\" dynamic-postlink=\"tcb_post_the_permalink\" data-shortcode-id=\"207\"><\/a><\/p>\n<h3 style=\"text-align: center; padding-top: 0px !important; margin-top: 0px !important;\"><span data-attr-link=\"1\" data-attr-rel=\"0\" data-attr-target=\"0\" data-extra_key=\"\" data-option-inline=\"1\" data-shortcode=\"tcb_post_title\" data-shortcode-name=\"Post title\" data-attr-css=\"\" data-attr-static-link=\"{&quot;className&quot;:&quot;&quot;,&quot;href&quot;:&quot;https:\/\/lisbontouristinformation.com\/de\/anreise\/taxis-lissabon\/&quot;,&quot;title&quot;:&quot;Taxis in Lissabon: Uber, Flughafen-Shuttles &amp; Tarife&quot;,&quot;class&quot;:&quot;&quot;}\" style=\"\"><a href=\"https:\/\/lisbontouristinformation.com\/de\/anreise\/flughafen-lissabon\/\" title=\"Guide zum Humberto Delgado Flughafen in Lissabon [LIS]: Abfl\u00fcge, Ank\u00fcnfte, Transfer\u2026\" data-css=\"\">Guide zum Humberto Delgado Flughafen in Lissabon [LIS]: Abfl\u00fcge, Ank\u00fcnfte, Transfer\u2026<\/a><\/span><\/h3>\n<p>Sehen Sie sich unseren vollst\u00e4ndigen Leitfaden zum Flughafen <a href=\"https:\/\/lisbontouristinformation.com\/de\/anreise\/flughafen-lissabon\/#more-2024\"><\/a><\/p>\n<p><a href=\"https:\/\/lisbontouristinformation.com\/de\/anreise\/flughafen-lissabon\/\" style=\"\"><span style=\"\"><span style=\"\">Weiterlesen<\/span><\/span><\/a><a href=\"https:\/\/lisbontouristinformation.com\/de\/anreise\/bahnhofe-lissabon\/\" dynamic-postlink=\"tcb_post_the_permalink\" data-shortcode-id=\"207\"><\/a><\/p>\n<h3 style=\"text-align: center; padding-top: 0px !important; margin-top: 0px !important;\"><span data-attr-link=\"1\" data-attr-rel=\"0\" data-attr-target=\"0\" data-extra_key=\"\" data-option-inline=\"1\" data-shortcode=\"tcb_post_title\" data-shortcode-name=\"Post title\" data-attr-css=\"\" data-attr-static-link=\"{&quot;className&quot;:&quot;&quot;,&quot;href&quot;:&quot;https:\/\/lisbontouristinformation.com\/de\/anreise\/taxis-lissabon\/&quot;,&quot;title&quot;:&quot;Taxis in Lissabon: Uber, Flughafen-Shuttles &amp; Tarife&quot;,&quot;class&quot;:&quot;&quot;}\" style=\"\"><a href=\"https:\/\/lisbontouristinformation.com\/de\/anreise\/bahnhofe-lissabon\/\" title=\"Bahnh\u00f6fe in Lissabon: Guide mit Infos &amp; Tipps\" data-css=\"\">Bahnh\u00f6fe in Lissabon: Guide mit Infos &amp; Tipps<\/a><\/span><\/h3>\n<p>Lissabon hat mehrere Bahnh\u00f6fe, die wichtigsten f\u00fcr Touristen <a href=\"https:\/\/lisbontouristinformation.com\/de\/anreise\/bahnhofe-lissabon\/#more-556\"><\/a><\/p>\n<p><a href=\"https:\/\/lisbontouristinformation.com\/de\/anreise\/bahnhofe-lissabon\/\" style=\"\"><span style=\"\"><span style=\"\">Weiterlesen<\/span><\/span><\/a><a href=\"javascript:void(0)\" style=\"\"><span style=\"\"><span style=\"\">Load More<\/span><\/span><\/a><\/p>\n<h2 style=\"text-align: center;\">Erkunden Sie ganz einfach&nbsp;die Stadt&nbsp;<\/h2>\n<p style=\"text-align: center;\">N\u00fctzliche Tickets f\u00fcr Reisende in Lissabon<\/p>\n<p><a href=\"javascript:void(0)\" style=\"\"><span style=\"\"><span style=\"\">Load More<\/span><\/span><\/a><\/p>\n<h2 style=\"\">Wann lohnen sich St\u00e4dtereise-Tickets?<\/h2>\n<p style=\"\">Der Kauf eines Tagestickets in Lissabon rechnet sich bereits nach drei Einzelfahrten zum Normalpreis aus. Dies gilt f\u00fcr alle drei Zonen im Verkehrsnetz von Lissabon.<\/p>\n<p style=\"\">Eine Tageskarte zahlt sich auch nach 4 Kurzfahrten im Zentrum von Lissabon aus.<\/p>\n<p>Zus\u00e4tzliche Spezialtickets wie die Lisbon Welcome Card werden f\u00fcr die \u00f6ffentlichen Verkehrsmittel in Kombination mit Erm\u00e4\u00dfigungen am Eingang von Sehensw\u00fcrdigkeiten, Museen und Attraktionen empfohlen.<\/p>\n<h2 style=\"\">\u00dcberweisungen<\/h2>\n<ul>\n<li style=\"\"><span style=\"\"><strong><strong>Flughafen Lissabon BER<\/strong>:<\/strong> Der neue Hauptstadtflughafen ist mit \u00f6ffentlichen Verkehrsmitteln vergleichsweise gut an die City angebunden. Dar\u00fcber hinaus gibt es optional Sammelbusse, private Transferdienstleister und Executive-Transferangebote.<\/span><\/li>\n<li><span><strong>Flughafen Lissabon Sch\u00f6nefeld:&nbsp;<\/strong>Der Flughafen ist mit der S-Bahn an das Zentrum von Lissabon angebunden.&nbsp;Nat\u00fcrlich ist es auch m\u00f6glich, mit einem Sammelbus direkt zu Ihrem Hotel zu fahren, einen Privattransfer oder einen Executive-Transfer zu nutzen.<\/span><\/li>\n<li><span><strong>Hauptbahnhof Lissabon:<\/strong> Der Bahnhof befindet sich direkt im Stadtzentrum mit Anschluss an das U-Bahn-Netz in Lissabon. Taxis stehen in der Regel am Ausgang bereit.<\/span><\/li>\n<li><span><strong>Busbahnhof:<\/strong> Der zentrale Busbahnhof befindet sich ebenfalls in der N\u00e4he einer U-Bahnstation.<\/span><\/li>\n<\/ul>\n<h2 style=\"text-align: center;\">Flughafentransfer<\/h2>\n<p style=\"text-align: center;\">Private Transfers, Gruppenbusse und VIP-Transfers von den Flugh\u00e4fen<\/p>\n<p><a href=\"https:\/\/lisbontouristinformation.com\/de\/sehenswurdigkeiten-in-lissabon\/lissabon-mit-kindern\/\" dynamic-postlink=\"tcb_post_the_permalink\" data-shortcode-id=\"99\"><\/a><\/p>\n<h3 style=\"text-align: center; padding-top: 0px !important; margin-top: 0px !important;\"><span data-attr-link=\"1\" data-attr-rel=\"0\" data-attr-target=\"0\" data-extra_key=\"\" data-option-inline=\"1\" data-shortcode=\"tcb_post_title\" data-shortcode-name=\"Post title\" data-attr-css=\"\" data-attr-static-link=\"{&quot;className&quot;:&quot;&quot;,&quot;href&quot;:&quot;https:\/\/lisbontouristinformation.com\/de\/sehenswurdigkeiten-in-lissabon\/lissabon-mit-kindern\/&quot;,&quot;title&quot;:&quot;Lissabon mit Kindern: 15 tolle Aktivit\u00e4ten&quot;,&quot;class&quot;:&quot;&quot;}\" style=\"\"><a href=\"https:\/\/lisbontouristinformation.com\/de\/sehenswurdigkeiten-in-lissabon\/lissabon-mit-kindern\/\" title=\"Lissabon mit Kindern: 15 tolle Aktivit\u00e4ten\" data-css=\"\">Lissabon mit Kindern: 15 tolle Aktivit\u00e4ten<\/a><\/span><\/h3>\n<p>Lissabon ist eine fantastische Stadt, um mit Kindern <a href=\"https:\/\/lisbontouristinformation.com\/de\/sehenswurdigkeiten-in-lissabon\/lissabon-mit-kindern\/#more-99\"><\/a><\/p>\n<p><a href=\"https:\/\/lisbontouristinformation.com\/de\/sehenswurdigkeiten-in-lissabon\/lissabon-mit-kindern\/\" style=\"\"><span style=\"\"><span style=\"\">Weiterlesen<\/span><\/span><\/a><a href=\"https:\/\/lisbontouristinformation.com\/de\/sehenswurdigkeiten-in-lissabon\/museum\/\" dynamic-postlink=\"tcb_post_the_permalink\" data-shortcode-id=\"99\"><\/a><\/p>\n<h3 style=\"text-align: center; padding-top: 0px !important; margin-top: 0px !important;\"><span data-attr-link=\"1\" data-attr-rel=\"0\" data-attr-target=\"0\" data-extra_key=\"\" data-option-inline=\"1\" data-shortcode=\"tcb_post_title\" data-shortcode-name=\"Post title\" data-attr-css=\"\" data-attr-static-link=\"{&quot;className&quot;:&quot;&quot;,&quot;href&quot;:&quot;https:\/\/lisbontouristinformation.com\/de\/sehenswurdigkeiten-in-lissabon\/lissabon-mit-kindern\/&quot;,&quot;title&quot;:&quot;Lissabon mit Kindern: 15 tolle Aktivit\u00e4ten&quot;,&quot;class&quot;:&quot;&quot;}\" style=\"\"><a href=\"https:\/\/lisbontouristinformation.com\/de\/sehenswurdigkeiten-in-lissabon\/museum\/\" title=\"10 besten Museen in Lissabon\" data-css=\"\">10 besten Museen in Lissabon<\/a><\/span><\/h3>\n<p>Lissabon ist f\u00fcr seine sieben sanft geschwungenen H\u00fcgel, <a href=\"https:\/\/lisbontouristinformation.com\/de\/sehenswurdigkeiten-in-lissabon\/museum\/#more-586\"><\/a><\/p>\n<p><a href=\"https:\/\/lisbontouristinformation.com\/de\/sehenswurdigkeiten-in-lissabon\/museum\/\" style=\"\"><span style=\"\"><span style=\"\">Weiterlesen<\/span><\/span><\/a><a href=\"javascript:void(0)\" style=\"\"><span style=\"\"><span style=\"\">Load More<\/span><\/span><\/a><\/p>\n<h2 style=\"text-align: center;\">F\u00fcr Gruppenreisen<\/h2>\n<p style=\"text-align: center;\">Tagungen, Meetings, Messen, Vereinsfahrten und Events<\/p>\n<p><a href=\"javascript:void(0)\" style=\"\"><span style=\"\"><span style=\"\">Load More<\/span><\/span><\/a><\/p>\n<h2 style=\"\">Konferenzen, Messen und Gruppenreisen<\/h2>\n<p style=\"\">LisbonTouristInformation.com organisiert als Full-Service-Agentur alle Aspekte von Gruppenreisen.<\/p>\n<p style=\"\">Dazu geh\u00f6ren Tagungshotels, Busse f\u00fcr Gruppentransfers vom Flughafen, Executive Transfers, Catering, Incentives und nat\u00fcrlich das gesamte Rahmenprogramm.<\/p>\n<p>In einem kostenlosen Erstgespr\u00e4ch pr\u00fcfen wir gerne Ihre Anforderungen an Meetings, Gruppenreisen und Events in Lissabon.<\/p>\n<h2 style=\"\">Aus einer Hand<\/h2>\n<ul>\n<li style=\"\"><span style=\"\"><strong><b>24-Stunden-Support:<\/b> <\/strong> St\u00e4ndige Erreichbarkeit w\u00e4hrend der Planung, Vorbereitung und Durchf\u00fchrung von Gruppenreisen.<\/span><\/li>\n<li><span><strong><b>Aus einer Hand:<\/b> <\/strong> Komplette Abwicklung inklusive Rahmenprogramm aus einer Hand mit einem Ansprechpartner.<\/span><\/li>\n<li><span><strong><b>Kostenlose Erstberatung:<\/b> <\/strong><b><\/b>In unserem kostenlosen Beratungsgespr\u00e4ch pr\u00fcfen wir gerne, ob wir Ihre Anforderungen erf\u00fcllen k\u00f6nnen.<\/span><\/li>\n<\/ul>\n<h2 style=\"text-align: center;\">Kostenlose Erstberatung f\u00fcr Gruppenreisen<\/h2>\n<p style=\"color: var(--tcb-skin-color-4)  !important; --tcb-applied-color:var$(--tcb-skin-color-4)  !important; text-align: center;\">Gerne <span style=\"color: var(--tcb-skin-color-4) ;\">besprechen wir Ihre Erwartungen.&nbsp;<\/span><\/p>\n<p style=\"color: var(--tcb-skin-color-4)  !important; --tcb-applied-color:var$(--tcb-skin-color-4)  !important; text-align: center;\"><span style=\"color: var(--tcb-skin-color-4) ;\">Telefonisch erreichen Sie uns unter 061423306670,<\/span><\/p>\n<p style=\"color: var(--tcb-skin-color-4)  !important; --tcb-applied-color:var$(--tcb-skin-color-4)  !important; text-align: center;\"><span style=\"color: var(--tcb-skin-color-4) ;\">E-Mail an <strong>support@lisbontouristinformation.com\/de<\/strong>&nbsp;<\/span><\/p>\n<p style=\"color: var(--tcb-skin-color-4)  !important; --tcb-applied-color:var$(--tcb-skin-color-4)  !important; text-align: center;\"><span style=\"color: var(--tcb-skin-color-4) ;\">oder \u00fcber unser Kontaktformular.<\/span><\/p>\n<p>__CONFIG_colors_palette__{&#8222;active_palette&#8220;:0,&#8220;config&#8220;:{&#8222;colors&#8220;:{&#8222;493bf&#8220;:{&#8222;name&#8220;:&#8220;Main Accent&#8220;,&#8220;parent&#8220;:-1},&#8220;076c1&#8243;:{&#8222;name&#8220;:&#8220;Main Accent Light&#8220;,&#8220;parent&#8220;:&#8220;493bf&#8220;,&#8220;lock&#8220;:{&#8222;lightness&#8220;:1}}},&#8220;gradients&#8220;:[]},&#8220;palettes&#8220;:[{&#8222;name&#8220;:&#8220;Default&#8220;,&#8220;value&#8220;:{&#8222;colors&#8220;:{&#8222;493bf&#8220;:{&#8222;val&#8220;:&#8220;var(&#8211;tcb-skin-color-0)&#8220;},&#8220;076c1&#8243;:{&#8222;val&#8220;:&#8220;rgba(247, 29, 61, 0.6)&#8220;,&#8220;hsl_parent_dependency&#8220;:{&#8222;h&#8220;:351,&#8220;l&#8220;:0.54,&#8220;s&#8220;:0.93}}},&#8220;gradients&#8220;:[]},&#8220;original&#8220;:{&#8222;colors&#8220;:{&#8222;493bf&#8220;:{&#8222;val&#8220;:&#8220;rgb(47, 138, 229)&#8220;,&#8220;hsl&#8220;:{&#8222;h&#8220;:210,&#8220;s&#8220;:0.77,&#8220;l&#8220;:0.54,&#8220;a&#8220;:1}},&#8220;076c1&#8243;:{&#8222;val&#8220;:&#8220;rgba(47, 138, 229, 0.6)&#8220;,&#8220;hsl_parent_dependency&#8220;:{&#8222;h&#8220;:210,&#8220;s&#8220;:0.77,&#8220;l&#8220;:0.54,&#8220;a&#8220;:0.6}}},&#8220;gradients&#8220;:[]}}]}__CONFIG_colors_palette__    Name      Preferred Contact Method   __CONFIG_colors_palette__{&#8222;active_palette&#8220;:0,&#8220;config&#8220;:{&#8222;colors&#8220;:{&#8222;30800&#8220;:{&#8222;name&#8220;:&#8220;Main Accent&#8220;,&#8220;parent&#8220;:-1},&#8220;f2bba&#8220;:{&#8222;name&#8220;:&#8220;Main Light 10&#8243;,&#8220;parent&#8220;:&#8220;30800&#8243;},&#8220;trewq&#8220;:{&#8222;name&#8220;:&#8220;Main Light 30&#8243;,&#8220;parent&#8220;:&#8220;30800&#8243;},&#8220;frty6&#8243;:{&#8222;name&#8220;:&#8220;Main Light 45&#8243;,&#8220;parent&#8220;:&#8220;30800&#8243;},&#8220;flktr&#8220;:{&#8222;name&#8220;:&#8220;Main Light 80&#8243;,&#8220;parent&#8220;:&#8220;30800&#8243;}},&#8220;gradients&#8220;:[]},&#8220;palettes&#8220;:[{&#8222;name&#8220;:&#8220;Default&#8220;,&#8220;value&#8220;:{&#8222;colors&#8220;:{&#8222;30800&#8220;:{&#8222;val&#8220;:&#8220;rgb(234, 7, 41)&#8220;,&#8220;hsl&#8220;:{&#8222;h&#8220;:351.0132158590308,&#8220;s&#8220;:0.941908713692946,&#8220;l&#8220;:0.4725490196078431,&#8220;a&#8220;:1}},&#8220;f2bba&#8220;:{&#8222;val&#8220;:&#8220;rgba(253, 59, 88, 0.1)&#8220;,&#8220;hsl_parent_dependency&#8220;:{&#8222;h&#8220;:351.03092783505156,&#8220;s&#8220;:0.9797979797979799,&#8220;l&#8220;:0.611764705882353,&#8220;a&#8220;:0.1}},&#8220;trewq&#8220;:{&#8222;val&#8220;:&#8220;rgba(253, 59, 88, 0.3)&#8220;,&#8220;hsl_parent_dependency&#8220;:{&#8222;h&#8220;:351.03092783505156,&#8220;s&#8220;:0.9797979797979799,&#8220;l&#8220;:0.611764705882353,&#8220;a&#8220;:0.3}},&#8220;frty6&#8243;:{&#8222;val&#8220;:&#8220;rgba(253, 59, 88, 0.45)&#8220;,&#8220;hsl_parent_dependency&#8220;:{&#8222;h&#8220;:351.03092783505156,&#8220;s&#8220;:0.9797979797979799,&#8220;l&#8220;:0.611764705882353,&#8220;a&#8220;:0.45}},&#8220;flktr&#8220;:{&#8222;val&#8220;:&#8220;rgba(253, 59, 88, 0.8)&#8220;,&#8220;hsl_parent_dependency&#8220;:{&#8222;h&#8220;:351.03092783505156,&#8220;s&#8220;:0.9797979797979799,&#8220;l&#8220;:0.611764705882353,&#8220;a&#8220;:0.8}}},&#8220;gradients&#8220;:[]},&#8220;original&#8220;:{&#8222;colors&#8220;:{&#8222;30800&#8220;:{&#8222;val&#8220;:&#8220;rgb(59, 136, 253)&#8220;,&#8220;hsl&#8220;:{&#8222;h&#8220;:216,&#8220;s&#8220;:0.98,&#8220;l&#8220;:0.61}},&#8220;f2bba&#8220;:{&#8222;val&#8220;:&#8220;rgba(59, 136, 253, 0.1)&#8220;,&#8220;hsl_parent_dependency&#8220;:{&#8222;h&#8220;:216,&#8220;s&#8220;:0.98,&#8220;l&#8220;:0.61,&#8220;a&#8220;:0.1}},&#8220;trewq&#8220;:{&#8222;val&#8220;:&#8220;rgba(59, 136, 253, 0.3)&#8220;,&#8220;hsl_parent_dependency&#8220;:{&#8222;h&#8220;:216,&#8220;s&#8220;:0.98,&#8220;l&#8220;:0.61,&#8220;a&#8220;:0.3}},&#8220;frty6&#8243;:{&#8222;val&#8220;:&#8220;rgba(59, 136, 253, 0.45)&#8220;,&#8220;hsl_parent_dependency&#8220;:{&#8222;h&#8220;:216,&#8220;s&#8220;:0.98,&#8220;l&#8220;:0.61,&#8220;a&#8220;:0.45}},&#8220;flktr&#8220;:{&#8222;val&#8220;:&#8220;rgba(59, 136, 253, 0.8)&#8220;,&#8220;hsl_parent_dependency&#8220;:{&#8222;h&#8220;:216,&#8220;s&#8220;:0.98,&#8220;l&#8220;:0.61,&#8220;a&#8220;:0.8}}},&#8220;gradients&#8220;:[]}}]}__CONFIG_colors_palette__   <span style=\"\"><\/span> <span style=\"\">Call Back<\/span>  __CONFIG_colors_palette__{&#8222;active_palette&#8220;:0,&#8220;config&#8220;:{&#8222;colors&#8220;:{&#8222;30800&#8220;:{&#8222;name&#8220;:&#8220;Main Accent&#8220;,&#8220;parent&#8220;:-1},&#8220;f2bba&#8220;:{&#8222;name&#8220;:&#8220;Main Light 10&#8243;,&#8220;parent&#8220;:&#8220;30800&#8243;},&#8220;trewq&#8220;:{&#8222;name&#8220;:&#8220;Main Light 30&#8243;,&#8220;parent&#8220;:&#8220;30800&#8243;},&#8220;frty6&#8243;:{&#8222;name&#8220;:&#8220;Main Light 45&#8243;,&#8220;parent&#8220;:&#8220;30800&#8243;},&#8220;flktr&#8220;:{&#8222;name&#8220;:&#8220;Main Light 80&#8243;,&#8220;parent&#8220;:&#8220;30800&#8243;}},&#8220;gradients&#8220;:[]},&#8220;palettes&#8220;:[{&#8222;name&#8220;:&#8220;Default&#8220;,&#8220;value&#8220;:{&#8222;colors&#8220;:{&#8222;30800&#8220;:{&#8222;val&#8220;:&#8220;rgb(234, 7, 41)&#8220;,&#8220;hsl&#8220;:{&#8222;h&#8220;:351.0132158590308,&#8220;s&#8220;:0.941908713692946,&#8220;l&#8220;:0.4725490196078431,&#8220;a&#8220;:1}},&#8220;f2bba&#8220;:{&#8222;val&#8220;:&#8220;rgba(253, 59, 88, 0.1)&#8220;,&#8220;hsl_parent_dependency&#8220;:{&#8222;h&#8220;:351.03092783505156,&#8220;s&#8220;:0.9797979797979799,&#8220;l&#8220;:0.611764705882353,&#8220;a&#8220;:0.1}},&#8220;trewq&#8220;:{&#8222;val&#8220;:&#8220;rgba(253, 59, 88, 0.3)&#8220;,&#8220;hsl_parent_dependency&#8220;:{&#8222;h&#8220;:351.03092783505156,&#8220;s&#8220;:0.9797979797979799,&#8220;l&#8220;:0.611764705882353,&#8220;a&#8220;:0.3}},&#8220;frty6&#8243;:{&#8222;val&#8220;:&#8220;rgba(253, 59, 88, 0.45)&#8220;,&#8220;hsl_parent_dependency&#8220;:{&#8222;h&#8220;:351.03092783505156,&#8220;s&#8220;:0.9797979797979799,&#8220;l&#8220;:0.611764705882353,&#8220;a&#8220;:0.45}},&#8220;flktr&#8220;:{&#8222;val&#8220;:&#8220;rgba(253, 59, 88, 0.8)&#8220;,&#8220;hsl_parent_dependency&#8220;:{&#8222;h&#8220;:351.03092783505156,&#8220;s&#8220;:0.9797979797979799,&#8220;l&#8220;:0.611764705882353,&#8220;a&#8220;:0.8}}},&#8220;gradients&#8220;:[]},&#8220;original&#8220;:{&#8222;colors&#8220;:{&#8222;30800&#8220;:{&#8222;val&#8220;:&#8220;rgb(59, 136, 253)&#8220;,&#8220;hsl&#8220;:{&#8222;h&#8220;:216,&#8220;s&#8220;:0.98,&#8220;l&#8220;:0.61}},&#8220;f2bba&#8220;:{&#8222;val&#8220;:&#8220;rgba(59, 136, 253, 0.1)&#8220;,&#8220;hsl_parent_dependency&#8220;:{&#8222;h&#8220;:216,&#8220;s&#8220;:0.98,&#8220;l&#8220;:0.61,&#8220;a&#8220;:0.1}},&#8220;trewq&#8220;:{&#8222;val&#8220;:&#8220;rgba(59, 136, 253, 0.3)&#8220;,&#8220;hsl_parent_dependency&#8220;:{&#8222;h&#8220;:216,&#8220;s&#8220;:0.98,&#8220;l&#8220;:0.61,&#8220;a&#8220;:0.3}},&#8220;frty6&#8243;:{&#8222;val&#8220;:&#8220;rgba(59, 136, 253, 0.45)&#8220;,&#8220;hsl_parent_dependency&#8220;:{&#8222;h&#8220;:216,&#8220;s&#8220;:0.98,&#8220;l&#8220;:0.61,&#8220;a&#8220;:0.45}},&#8220;flktr&#8220;:{&#8222;val&#8220;:&#8220;rgba(59, 136, 253, 0.8)&#8220;,&#8220;hsl_parent_dependency&#8220;:{&#8222;h&#8220;:216,&#8220;s&#8220;:0.98,&#8220;l&#8220;:0.61,&#8220;a&#8220;:0.8}}},&#8220;gradients&#8220;:[]}}]}__CONFIG_colors_palette__   <span style=\"\"><\/span> <span style=\"\">E-Mail<\/span>   Message *  <span style=\"\">0 of 3000<\/span> Characters __CONFIG_colors_palette__{&#8222;active_palette&#8220;:0,&#8220;config&#8220;:{&#8222;colors&#8220;:{&#8222;9bd08&#8220;:{&#8222;name&#8220;:&#8220;Main Accent&#8220;,&#8220;parent&#8220;:-1}},&#8220;gradients&#8220;:[]},&#8220;palettes&#8220;:[{&#8222;name&#8220;:&#8220;Default Palette&#8220;,&#8220;value&#8220;:{&#8222;colors&#8220;:{&#8222;9bd08&#8220;:{&#8222;val&#8220;:&#8220;var(&#8211;tcb-local-color-687c7)&#8220;}},&#8220;gradients&#8220;:[]},&#8220;original&#8220;:{&#8222;colors&#8220;:{&#8222;9bd08&#8220;:{&#8222;val&#8220;:&#8220;rgb(19, 114, 211)&#8220;,&#8220;hsl&#8220;:{&#8222;h&#8220;:210,&#8220;s&#8220;:0.83,&#8220;l&#8220;:0.45}}},&#8220;gradients&#8220;:[]}}]}__CONFIG_colors_palette__ <a href=\"#\" style=\"\"> <span style=\"\"><span style=\"\" data-tcb_hover_state_parent=\"\">Send Message<\/span><\/span> <\/a><\/p>\n","protected":false},"excerpt":{"rendered":"<p>Leitfaden zur Ankunft in Lissabon Ein Leitfaden f\u00fcr Fl\u00fcge, Z\u00fcge, Busse und die Fahrt mit dem eigenen Auto nach Lissabon. So kommen Sie nach Lissabon &#8230; und wie Sie sich am einfachsten durch die Stadt bewegen. Taxis in Lissabon: Uber, Flughafen-Shuttles &amp; Tarife Bei einem Besuch in Lissabon stehen verschiedene \u00f6ffentliche Weiterlesen Guide zum Humberto [&hellip;]<\/p>\n","protected":false},"author":18,"featured_media":1665,"parent":0,"menu_order":0,"comment_status":"closed","ping_status":"closed","template":"","meta":{"footnotes":"","tve_updated_post":"","tve_custom_css":"","tve_user_custom_css":"","tve_globals":{},"tcb2_ready":1,"tcb_editor_enabled":1,"tve_landing_page":"tcb2-blank-page","_tve_header":"2360","_tve_footer":"1136"},"tags":[],"class_list":["post-2815","page","type-page","status-publish","has-post-thumbnail","hentry","post-wrapper","thrv_wrapper"],"_links":{"self":[{"href":"https:\/\/lisbontouristinformation.com\/de\/wp-json\/wp\/v2\/pages\/2815","targetHints":{"allow":["GET"]}}],"collection":[{"href":"https:\/\/lisbontouristinformation.com\/de\/wp-json\/wp\/v2\/pages"}],"about":[{"href":"https:\/\/lisbontouristinformation.com\/de\/wp-json\/wp\/v2\/types\/page"}],"author":[{"embeddable":true,"href":"https:\/\/lisbontouristinformation.com\/de\/wp-json\/wp\/v2\/users\/18"}],"replies":[{"embeddable":true,"href":"https:\/\/lisbontouristinformation.com\/de\/wp-json\/wp\/v2\/comments?post=2815"}],"version-history":[{"count":0,"href":"https:\/\/lisbontouristinformation.com\/de\/wp-json\/wp\/v2\/pages\/2815\/revisions"}],"wp:featuredmedia":[{"embeddable":true,"href":"https:\/\/lisbontouristinformation.com\/de\/wp-json\/wp\/v2\/media\/1665"}],"wp:attachment":[{"href":"https:\/\/lisbontouristinformation.com\/de\/wp-json\/wp\/v2\/media?parent=2815"}],"wp:term":[{"taxonomy":"post_tag","embeddable":true,"href":"https:\/\/lisbontouristinformation.com\/de\/wp-json\/wp\/v2\/tags?post=2815"}],"curies":[{"name":"wp","href":"https:\/\/api.w.org\/{rel}","templated":true}]}}