{"id":216,"date":"2020-06-05T14:59:44","date_gmt":"2020-06-05T12:59:44","guid":{"rendered":"http:\/\/berlincitytrips.com\/?page_id=216"},"modified":"2023-07-28T10:16:23","modified_gmt":"2023-07-28T09:16:23","slug":"lissabon-nightlife","status":"publish","type":"page","link":"https:\/\/lisbontouristinformation.com\/de\/lifestyle\/lissabon-nightlife\/","title":{"rendered":"Lissabon Nightlife Guide: Bars, Clubs &#038; Shows"},"content":{"rendered":"<h3 id=\"t-1653394170444\" style=\"\" data-hide=\"true\">Bleiben Sie \u00fcber Lissabons angesagteste Nachtleben-Aktivit\u00e4ten auf dem Laufenden.<\/h3>\n<p style=\"\">Lesen Sie in diesem Reisef\u00fchrer alles, was Sie \u00fcber Bars, Clubs, Shows und allgemeine Tipps f\u00fcr einen aufregenden Abend in Lissabons Nachtleben wissen m\u00fcssen.<\/p>\n<h2 id=\"t-1653394170445\" style=\"\">Was muss ich \u00fcber das Nachtleben von Lissabon wissen?<\/h2>\n<p style=\"\">Wenn es um das Nachtleben geht, kann die portugiesische Hauptstadt vielleicht nicht ganz mit Berlin oder Istanbul mithalten, aber <b>sie ist auf dem Vormarsch<\/b> und besticht mit ihrer <b>lebendigen und vielf\u00e4ltigen Szene<\/b>.<\/p>\n<p style=\"\">Sobald die D\u00e4mmerung hereinbricht, erwacht Lissabon zum Leben! Die ruhige und friedliche Energie w\u00e4hrend des Tages steht in starkem Kontrast zu der <b>lebhaften und \u00fcberf\u00fcllten Atmosph\u00e4re nach Einbruch der Dunkelheit<\/b>.<\/p>\n<p style=\"\">Es gibt Nachtclubs <b>f\u00fcr jedes Budget<\/b>, von g\u00fcnstigen, entspannten Pubs und angesagten Bars bis hin zu stilvollen D\u00e4chern und trendigen Nachtclubs.<\/p>\n<p style=\"\">Allerdings sollten Sie nicht viele gro\u00dfe Clubs in der Stadt erwarten. Tats\u00e4chlich liegt der wahre Charme von Lissabons Nachtleben in den <b>intimen, kleinen Bars in alten Geb\u00e4uden<\/b> in den zentralen Vierteln, die ihre eigene einzigartige Atmosph\u00e4re haben. Und die D\u00e4cher:&nbsp;Lissabons gro\u00dfartiges Wetter macht es zu einer idealen Stadt f\u00fcr <a href=\"https:\/\/lisbontouristinformation.com\/de\/lifestyle\/restaurants-in-lissabon\/rooftop-bar-lissabon\/\" style=\"outline: none;\">Dachpartys und Restaurants<\/a>!<\/p>\n<p><b>Ein Ratschlag f\u00fcr die Damen<\/b>: Entscheiden Sie sich lieber f\u00fcr h\u00fcbsche Sandalen, Sneaker oder Wedges als f\u00fcr Pumps.&nbsp;Sie eignen sich viel besser auf den Kopfsteinpflasterstra\u00dfen und den vielen H\u00fcgeln der Stadt.<\/p>\n<p><span><img decoding=\"async\" alt=\"Nachtleben-Tipps f\u00fcr Lissabon\" data-id=\"6840\" width=\"702\" data-init-width=\"1000\" height=\"494\" data-init-height=\"703\" title=\"Nachtleben-Tipps f\u00fcr Lissabon\" src=\"https:\/\/lisbontouristinformation.com\/de\/wp-content\/uploads\/2022\/06\/Nightlife-Tips-for-Lisbon.jpg\" data-width=\"702\" data-height=\"494\" loading=\"lazy\" style=\"aspect-ratio: auto 1000 \/ 703;\"><\/span><\/p>\n<h3 id=\"t-1653394170449\">Nachtleben-Tipps<\/h3>\n<ul>\n<li><b>Ausgehviertel<\/b>:<a href=\"https:\/\/lisbontouristinformation.com\/de\/planen\/stadtteile-von-lissabon\/\" style=\"outline: none;\">&nbsp;Bairro Alto, Cais do Sodr\u00e9, Santos, Pr\u00edncipe Real, Intendente, Alfama<\/a><\/li>\n<li><b>Kleiderordnung<\/b>: Lissabon ist eine sehr legere Stadt.&nbsp;Sie m\u00fcssen sich keine Gedanken \u00fcber das Anziehen machen, um abends auszugehen. Sie m\u00fcssen sich nur in schicken Nachtclubs wie Lux mit einer Kleiderordnung auseinandersetzen.<\/li>\n<li><b>Preise:<\/b> Im Allgemeinen k\u00f6nnen Sie mit niedrigeren Preisen als anderswo in Europa rechnen. Zum Beispiel kostet ein Bier normalerweise weniger als 2 Euro.<\/li>\n<li><b>Atmosph\u00e4re:<\/b> Die Atmosph\u00e4re in Lissabon ist entspannt und perfekt f\u00fcr Menschen zwischen Mitte und Ende 20 bis Anfang 40.<\/li>\n<\/ul>\n<h3 id=\"t-1653394170462\">\u00d6ffnungszeiten des Nachtlebens<\/h3>\n<p><span style=\"color: var(--tcb-skin-color-5); font-family: Muli; font-size: 18px; font-weight: var(--g-regular-weight,normal);\">Das Nachtleben in Lissabon&nbsp;<\/span><b style=\"color: var(--tcb-skin-color-5); font-family: Muli; font-size: 18px;\">beginnt relativ sp\u00e4t<\/b><span style=\"color: var(--tcb-skin-color-5); font-family: Muli; font-size: 18px; font-weight: var(--g-regular-weight,normal);\">, da die Portugiesen erst zwischen 20:00 und 21:30 Uhr zu Abend essen \u2013 am Wochenende kann es sogar sp\u00e4ter sein. Daher f\u00fcllen sich die Bars fr\u00fchestens um 23:00 Uhr und haben meist bis 3:00 oder 4:00 Uhr ge\u00f6ffnet. Das Clubbing beginnt nicht vor 2:00 Uhr. F\u00fcr Nachtschw\u00e4rmer, die das Nachtleben voll auskosten m\u00f6chten, besuchen Sie einen Nachtclub in Cais do Sodr\u00e9 oder einen der Clubs unten am Flussufer, die l\u00e4nger ge\u00f6ffnet sind.<\/span><\/p>\n<h2 id=\"t-1653394170446\" style=\"\">Die besten Nachtleben-Erlebnisse in Lissabon<\/h2>\n<p style=\"\">Mit seinem vielf\u00e4ltigen Nachtleben verspricht Lissabon viel Aufregung.<\/p>\n<p>Sehen Sie hier das Beste, was die portugiesische Hauptstadt zu bieten hat!<\/p>\n<p><span><img decoding=\"async\" alt=\"Barhopping im Bairro Alto in Lissabon\" data-id=\"6842\" width=\"702\" data-init-width=\"1000\" height=\"395\" data-init-height=\"563\" title=\"Barhopping im Bairro Alto in Lissabon\" src=\"https:\/\/lisbontouristinformation.com\/de\/wp-content\/uploads\/2022\/06\/Bar-hopping-in-Bairro-Alto-in-Lisbon-1.jpg\" data-width=\"702\" data-height=\"395\" style=\"aspect-ratio: auto 1000 \/ 563;\" loading=\"lazy\"><\/span><\/p>\n<h3 id=\"t-1653394170451\" style=\"\">1. Barhopping im Bairro Alto<\/h3>\n<p>Lissabons <b>Partyviertel<\/b>&nbsp;ist ohne Frage Bairro Alto<b>. <\/b>Es ist der <b> <\/b>perfekte Ort, um einen unvergesslichen Abend zu erleben. Sobald die Sonne untergeht, erwachen die ruhigen Stra\u00dfen des H\u00fcgelviertels zum Leben und f\u00fcllen sich mit Menschen und Musik. Die Leute treffen sich hier gerne zu Petiscos (Portugals Variante von Tapas) und ein paar fr\u00fchen Bieren, Cocktails oder Weinen, die bis in die Nacht andauern.<\/p>\n<p>Von billigen Bieren auf der Stra\u00dfe \u00fcber ein Abendessen mit Fusionsk\u00fcche bis hin zu Live-Bands oder DJs zum Tanzen <b>gibt es alle Arten von Nachtlokalen, ganz gleich, worauf Sie Lust haben<\/b>.&nbsp;Schlendern Sie einfach durch die labyrinthartigen, mit Graffiti \u00fcbers\u00e4ten historischen Stra\u00dfen und <b>h\u00fcpfen Sie von Veranstaltungsort zu Veranstaltungsort<\/b>.&nbsp;Die Bars im Bairro Alto schlie\u00dfen normalerweise um 2:00 Uhr.<\/p>\n<p>\u2192 Erfahren Sie mehr \u00fcber die <a href=\"https:\/\/lisbontouristinformation.com\/de\/lifestyle\/restaurants-in-lissabon\/cocktailbars-lissabon\/\" style=\"outline: none;\">besten Bars in Lissabon<\/a> und Bairro Alto in diesem verwandten Artikel!<\/p>\n<p><span><img decoding=\"async\" alt=\"Cais do Sodre und Pink Street in Lissabon\" data-id=\"6843\" width=\"702\" data-init-width=\"1000\" height=\"468\" data-init-height=\"667\" title=\"Cais do Sodre und Pink Street in Lissabon\" src=\"https:\/\/lisbontouristinformation.com\/de\/wp-content\/uploads\/2022\/06\/Cais-do-Sodre-and-Pink-Street-in-Lisbon.jpg\" data-width=\"702\" data-height=\"468\" loading=\"lazy\" style=\"aspect-ratio: auto 1000 \/ 667;\"><\/span><\/p>\n<h3 id=\"t-1653394170452\" style=\"\">2. Cais do Sodr\u00e9 und Rosa Stra\u00dfe<\/h3>\n<p>Einst das Rotlichtviertel von Lissabon, ist das am Fluss gelegene Viertel Cais do Sodr\u00e9 heute eines der <b>angesagtesten Ausgehviertel<\/b> der Stadt. Egal, ob Sie ein elegantes Abendessen, Drinks am Flussufer oder die ganze Nacht feiern m\u00f6chten, Cais do Sodr\u00e9 hat alles f\u00fcr Sie. In dieses Viertel ziehen die meisten Partyg\u00e4nger, nachdem die Bars im Bairro Alto geschlossen haben.<b> <\/b><b><\/b><b> <\/b><b> <\/b><\/p>\n<p>In der Nachbarschaft befindet sich auch einer der angesagtesten Ausgeh-Hotspots der Stadt: die <b>Pink Street<\/b> (offiziell: Rua Nova do Carvalho). Die Fu\u00dfg\u00e4ngerzone ist vollgepackt mit einigen der beliebtesten Bars und Tanzclubs, die in die offenen Au\u00dfenbereiche mit kleinen Tischen unter Regenbogenschirmen \u00fcberlaufen. Pink Street, ber\u00fchmt f\u00fcr ihre <b>Stra\u00dfenfeste<\/b>, verdankt ihren Spitznamen dem kaugummirosa gestrichenen Boden und ist der&nbsp;<b>beste Ort, um bis in die fr\u00fchen Morgenstunden zu feiern.<\/b><\/p>\n<p><span><img decoding=\"async\" alt=\"Trinken Sie Cocktails in einer Rooftop-Bar in Lissabon\" data-id=\"6845\" width=\"702\" data-init-width=\"1000\" height=\"468\" data-init-height=\"667\" title=\"Trinken Sie Cocktails in einer Rooftop-Bar in Lissabon\" src=\"https:\/\/lisbontouristinformation.com\/de\/wp-content\/uploads\/2022\/06\/Drink-Cocktails-at-a-Rooftop-Bar-in-Lisbon-1.jpg\" data-width=\"702\" data-height=\"468\" style=\"aspect-ratio: auto 1000 \/ 667;\" loading=\"lazy\"><\/span><\/p>\n<h3 id=\"t-1653394170453\" style=\"\">3. Cocktails in einer Bar auf dem Dach trinken<\/h3>\n<p>Lissabon ist wahrscheinlich eine der besten St\u00e4dte der Welt, wenn es um Rooftop Bars und Terrassen geht. Bei dem <b>ganzj\u00e4hrig idealen Wetter<\/b>, das Sie Tag und Nacht drau\u00dfen sitzen l\u00e4sst, ist es kein Wunder, warum.&nbsp;Genie\u00dfen Sie Getr\u00e4nke, Abendessen oder Leckereien <b>mit traumhaftem Blick<\/b> \u00fcber die Skyline von Lissabon, den Tejo und das Meer aus Terrakottad\u00e4chern. Viele Veranstaltungsorte bieten auch Live-Musik und DJ-Auftritte. Von <b>luxuri\u00f6s und schick bis hin zu entspannten <\/b><b>und gem\u00fctlichen <\/b><b>Rooftop-Bars<\/b> ist f\u00fcr jeden etwas dabei, alles <a href=\"https:\/\/lisbontouristinformation.com\/de\/lifestyle\/restaurants-in-lissabon\/rooftop-bar-lissabon\/\" style=\"outline: none;\">in diesem Artikel aufgef\u00fchrt.<\/a>&nbsp;<\/p>\n<p>W\u00e4hrend die Dachbars <b>\u00fcber ganz Lissabon<\/b>&nbsp;verstreut sind, finden Sie viele davon in den Vierteln Baixa und Chiado, viele davon auf einem Hotel.&nbsp;Zu unseren Favoriten z\u00e4hlen die schicke Sky Bar SEEN , das trendige Jav\u00e1 Rooftop, Topo Chiado und die urbane Rooftop-Bar Park.<\/p>\n<p>Viele der <a href=\"https:\/\/lisbontouristinformation.com\/de\/hotels-lissabon\/hotels-mit-pool\/\" style=\"outline: none;\">besten Hotels in Lissabon mit Pools<\/a> haben auch Dachbars. Probieren Sie sie aus und entdecken Sie, welche Sie ansprechen!<\/p>\n<p><span><img decoding=\"async\" alt=\"Besuchen Sie eine authentische Fado-Show in Lissabon\" data-id=\"6847\" width=\"702\" data-init-width=\"1000\" height=\"468\" data-init-height=\"667\" title=\"Besuchen Sie eine authentische Fado-Show in Lissabon\" src=\"https:\/\/lisbontouristinformation.com\/de\/wp-content\/uploads\/2022\/06\/Attend-an-authentic-Fado-Show-in-Lisbon-1.jpg\" data-width=\"702\" data-height=\"468\" style=\"aspect-ratio: auto 1000 \/ 667;\" loading=\"lazy\"><\/span><\/p>\n<h3 id=\"t-1653394170454\" style=\"\">4. Besuchen Sie eine authentische Fado-Show<\/h3>\n<p>Eine ganz andere Art des Nachtlebens, das vor allem Touristen anzieht, die keine wilden N\u00e4chte suchen, sondern ein <b>authentisches lokales Erlebnis<\/b>, sind die Fado-Shows.&nbsp;Fado ist die <b>traditionelle portugiesische Musik<\/b>, die Geschichten von Herzschmerz erz\u00e4hlt, die Frauen im 19. Jahrhundert f\u00fcr die M\u00e4nner sangen, die auf Seereisen ohne Gewissheit der R\u00fcckkehr gingen.<\/p>\n<p>Der beste Weg, diese nostalgische, emotionale portugiesische Musik zu erleben, ist bei <b>einem Abendessen in einem historischen Fado-Restaurant<\/b>.&nbsp;Fado-Shows beginnen normalerweise gegen 19:00 oder 20:00 Uhr. <a href=\"https:\/\/lisbontouristinformation.com\/de\/planen\/stadtteile-von-lissabon\/alfama-lissabon\/\" style=\"outline: none;\">Im Viertel Alfama<\/a>&nbsp;finden Sie viele Tavernen, in denen der Fado aus den Fenstern str\u00f6mt. Bairro Alto ist auch eine gute Option, zum Beispiel Tasca Do Chico.<\/p>\n<h3 id=\"t-1653394170455\" style=\"\">5. Trinken Sie ein Craft Beer in den neuen Biervierteln von Lissabon<\/h3>\n<p><b>Beato und Marvila<\/b> sind die aufstrebenden Viertel von Lissabon. Diese im Osten der Stadt gelegenen Industriegebiete werden derzeit in ein Bierviertel umgewandelt. Alte Geb\u00e4ude, verlassene Fabriken und Lagerhallen wurden (und werden) <b>in hippe Mikrobrauereien verwandelt<\/b> und ziehen nun ein junges Publikum und die Kreativszene an.<\/p>\n<p>Das Herzst\u00fcck des Geschehens ist derzeit <b>die Rua do A\u00e7\u00facar<\/b> in der Innenstadt von Marvila, aber der Trend breitet sich aus. Hier finden Sie mehrere Handwerksbrauereien, trendige Restaurants und Kunstgalerien, die eine <b>coole k\u00fcnstlerische und industrielle Atmosph\u00e4re ausstrahlen<\/b>.&nbsp;Zu den Top-Adressen geh\u00f6ren F\u00e1brica Musa und Dois Corvos , die beide eine gute Auswahl an Craft Beer vom Fass bieten.<\/p>\n<h3 id=\"t-1653394170456\" style=\"\">6. Besuchen Sie eine Auff\u00fchrung, ein Konzert, eine Veranstaltung oder eine Show<\/h3>\n<p>Haben Sie Lust, in den kreativen Puls von Lissabon einzutauchen? Dann besuchen Sie doch eine kulturelle Veranstaltung oder eine Show! Mit einer gro\u00dfartigen Lage im Herzen der Stadt bietet das <b>Coliseu dos Recreios<\/b> Unterhaltung aller Art. In der historischen Mehrzweckhalle, die 1888 erbaut wurde, finden Tanzshows, Zirkusauff\u00fchrungen, Theaterauff\u00fchrungen, Ballettauff\u00fchrungen, Musikkonzerte und sogar Preisverleihungen statt. F\u00fcr Opern, Ballette und andere musikalische und k\u00fcnstlerische Darbietungen besuchen Sie das Opernhaus <b>Teatro Nacional de S\u00e3o Carlos aus dem 18. Jahrhundert<\/b><sup>\u200b<\/sup> im Stadtteil Chiado.<\/p>\n<p>Ein weiterer Ort, den Sie nicht verpassen sollten, ist das <b>Kulturzentrum <\/b><strong>Bel\u00e9m<\/strong>, das gr\u00f6\u00dfte Kulturzentrum Portugals.&nbsp;Das Kulturzentrum bietet st\u00e4ndig Veranstaltungen und Shows, von Ausstellungen \u00fcber kulturelle Veranstaltungen bis hin zu Auff\u00fchrungen. Als Bonus haben Sie freien Eintritt in das <a href=\"https:\/\/lisbontouristinformation.com\/de\/sehenswurdigkeiten\/museum\/\" style=\"outline: none;\">Berardo Collection Museum<\/a> mit seinen mehr als 1.800 ausgestellten Kunstwerken.<b><strong>&nbsp;<\/strong><\/b><\/p>\n<h2 id=\"t-1653394170447\" style=\"\">Touristenfallen<\/h2>\n<p style=\"\">Insgesamt ist Lissabon eine absolut sichere Stadt, um nachts auszugehen.<\/p>\n<p>Wie in anderen Gro\u00dfst\u00e4dten sollte man sich im Touristenzentrum vor allem in der Hochsaison vor Taschendieben in Acht nehmen. Abgesehen davon m\u00fcssen Sie sich keine gro\u00dfen Sorgen um Touristenfallen oder ein hohes Risiko f\u00fcr ein Gewaltverbrechen machen.&nbsp;Seien Sie einfach achtsam und achten Sie auf Ihre Umgebung.<\/p>\n<h2 id=\"t-1653394170448\" style=\"\">H\u00e4ufig gestellte Fragen zum Nachtleben in Lissabon<\/h2>\n<h2 style=\"\" id=\"t-1639132984354\">Verwandte Beitr\u00e4ge:<\/h2>\n<p><a href=\"https:\/\/lisbontouristinformation.com\/de\/sehenswurdigkeiten-in-lissabon\/\" dynamic-postlink=\"tcb_post_the_permalink\" data-shortcode-id=\"67\"><\/a><\/p>\n<h3 style=\"text-align: center; padding-top: 0px !important; margin-top: 0px !important;\" id=\"t-1690534730636\"><span data-attr-link=\"1\" data-attr-rel=\"0\" data-attr-target=\"0\" data-extra_key=\"\" data-option-inline=\"1\" data-shortcode=\"tcb_post_title\" data-shortcode-name=\"Post title\" data-attr-css=\"\" data-attr-static-link=\"{&quot;className&quot;:&quot;&quot;,&quot;href&quot;:&quot;https:\/\/lisbontouristinformation.com\/de\/sehenswurdigkeiten-in-lissabon\/&quot;,&quot;title&quot;:&quot;50 besten Sehensw\u00fcrdigkeiten in Lissabon&quot;,&quot;class&quot;:&quot;&quot;}\" style=\"\"><a href=\"https:\/\/lisbontouristinformation.com\/de\/sehenswurdigkeiten-in-lissabon\/\" title=\"50 besten Sehensw\u00fcrdigkeiten in Lissabon\" data-css=\"\">50 besten Sehensw\u00fcrdigkeiten in Lissabon<\/a><\/span><\/h3>\n<p><a href=\"https:\/\/lisbontouristinformation.com\/de\/sehenswurdigkeiten-in-lissabon\/\" style=\"\"><span style=\"\"><span style=\"\">Weiterlesen<\/span><\/span><\/a><a href=\"https:\/\/lisbontouristinformation.com\/de\/lifestyle\/\" dynamic-postlink=\"tcb_post_the_permalink\" data-shortcode-id=\"67\"><\/a><\/p>\n<h3 style=\"text-align: center; padding-top: 0px !important; margin-top: 0px !important;\" id=\"t-1690534730636\"><span data-attr-link=\"1\" data-attr-rel=\"0\" data-attr-target=\"0\" data-extra_key=\"\" data-option-inline=\"1\" data-shortcode=\"tcb_post_title\" data-shortcode-name=\"Post title\" data-attr-css=\"\" data-attr-static-link=\"{&quot;className&quot;:&quot;&quot;,&quot;href&quot;:&quot;https:\/\/lisbontouristinformation.com\/de\/sehenswurdigkeiten-in-lissabon\/&quot;,&quot;title&quot;:&quot;50 besten Sehensw\u00fcrdigkeiten in Lissabon&quot;,&quot;class&quot;:&quot;&quot;}\" style=\"\"><a href=\"https:\/\/lisbontouristinformation.com\/de\/lifestyle\/\" title=\"Der komplette Lifestyle Guide f\u00fcr Lissabon\" data-css=\"\">Der komplette Lifestyle Guide f\u00fcr Lissabon<\/a><\/span><\/h3>\n<p><a href=\"https:\/\/lisbontouristinformation.com\/de\/lifestyle\/\" style=\"\"><span style=\"\"><span style=\"\">Weiterlesen<\/span><\/span><\/a><a href=\"https:\/\/lisbontouristinformation.com\/de\/planen\/stadtteile-von-lissabon\/alfama-lissabon\/\" dynamic-postlink=\"tcb_post_the_permalink\" data-shortcode-id=\"67\"><\/a><\/p>\n<h3 style=\"text-align: center; padding-top: 0px !important; margin-top: 0px !important;\" id=\"t-1690534730636\"><span data-attr-link=\"1\" data-attr-rel=\"0\" data-attr-target=\"0\" data-extra_key=\"\" data-option-inline=\"1\" data-shortcode=\"tcb_post_title\" data-shortcode-name=\"Post title\" data-attr-css=\"\" data-attr-static-link=\"{&quot;className&quot;:&quot;&quot;,&quot;href&quot;:&quot;https:\/\/lisbontouristinformation.com\/de\/sehenswurdigkeiten-in-lissabon\/&quot;,&quot;title&quot;:&quot;50 besten Sehensw\u00fcrdigkeiten in Lissabon&quot;,&quot;class&quot;:&quot;&quot;}\" style=\"\"><a href=\"https:\/\/lisbontouristinformation.com\/de\/planen\/stadtteile-von-lissabon\/alfama-lissabon\/\" title=\"Der Stadtteil Alfama in Lissabon: Top-Attraktionen &amp; Tipps\" data-css=\"\">Der Stadtteil Alfama in Lissabon: Top-Attraktionen &amp; Tipps<\/a><\/span><\/h3>\n<p><a href=\"https:\/\/lisbontouristinformation.com\/de\/planen\/stadtteile-von-lissabon\/alfama-lissabon\/\" style=\"\"><span style=\"\"><span style=\"\">Weiterlesen<\/span><\/span><\/a><a href=\"https:\/\/lisbontouristinformation.com\/de\/lifestyle\/shopping-lissabon\/\" dynamic-postlink=\"tcb_post_the_permalink\" data-shortcode-id=\"67\"><\/a><\/p>\n<h3 style=\"text-align: center; padding-top: 0px !important; margin-top: 0px !important;\" id=\"t-1690534730636\"><span data-attr-link=\"1\" data-attr-rel=\"0\" data-attr-target=\"0\" data-extra_key=\"\" data-option-inline=\"1\" data-shortcode=\"tcb_post_title\" data-shortcode-name=\"Post title\" data-attr-css=\"\" data-attr-static-link=\"{&quot;className&quot;:&quot;&quot;,&quot;href&quot;:&quot;https:\/\/lisbontouristinformation.com\/de\/sehenswurdigkeiten-in-lissabon\/&quot;,&quot;title&quot;:&quot;50 besten Sehensw\u00fcrdigkeiten in Lissabon&quot;,&quot;class&quot;:&quot;&quot;}\" style=\"\"><a href=\"https:\/\/lisbontouristinformation.com\/de\/lifestyle\/shopping-lissabon\/\" title=\"Guide f\u00fcr Shopping in Lissabon: Was und wo kaufen?\" data-css=\"\">Guide f\u00fcr Shopping in Lissabon: Was und wo kaufen?<\/a><\/span><\/h3>\n<p><a href=\"https:\/\/lisbontouristinformation.com\/de\/lifestyle\/shopping-lissabon\/\" style=\"\"><span style=\"\"><span style=\"\">Weiterlesen<\/span><\/span><\/a><\/p>\n","protected":false},"excerpt":{"rendered":"<p>Bleiben Sie \u00fcber Lissabons angesagteste Nachtleben-Aktivit\u00e4ten auf dem Laufenden. Lesen Sie in diesem Reisef\u00fchrer alles, was Sie \u00fcber Bars, Clubs, Shows und allgemeine Tipps f\u00fcr einen aufregenden Abend in Lissabons Nachtleben wissen m\u00fcssen. Was muss ich \u00fcber das Nachtleben von Lissabon wissen? Wenn es um das Nachtleben geht, kann die portugiesische Hauptstadt vielleicht nicht ganz [&hellip;]<\/p>\n","protected":false},"author":18,"featured_media":6031,"parent":595,"menu_order":0,"comment_status":"open","ping_status":"closed","template":"","meta":{"footnotes":""},"tags":[],"class_list":["post-216","page","type-page","status-publish","has-post-thumbnail","hentry","post-wrapper","thrv_wrapper"],"_links":{"self":[{"href":"https:\/\/lisbontouristinformation.com\/de\/wp-json\/wp\/v2\/pages\/216","targetHints":{"allow":["GET"]}}],"collection":[{"href":"https:\/\/lisbontouristinformation.com\/de\/wp-json\/wp\/v2\/pages"}],"about":[{"href":"https:\/\/lisbontouristinformation.com\/de\/wp-json\/wp\/v2\/types\/page"}],"author":[{"embeddable":true,"href":"https:\/\/lisbontouristinformation.com\/de\/wp-json\/wp\/v2\/users\/18"}],"replies":[{"embeddable":true,"href":"https:\/\/lisbontouristinformation.com\/de\/wp-json\/wp\/v2\/comments?post=216"}],"version-history":[{"count":0,"href":"https:\/\/lisbontouristinformation.com\/de\/wp-json\/wp\/v2\/pages\/216\/revisions"}],"up":[{"embeddable":true,"href":"https:\/\/lisbontouristinformation.com\/de\/wp-json\/wp\/v2\/pages\/595"}],"wp:featuredmedia":[{"embeddable":true,"href":"https:\/\/lisbontouristinformation.com\/de\/wp-json\/wp\/v2\/media\/6031"}],"wp:attachment":[{"href":"https:\/\/lisbontouristinformation.com\/de\/wp-json\/wp\/v2\/media?parent=216"}],"wp:term":[{"taxonomy":"post_tag","embeddable":true,"href":"https:\/\/lisbontouristinformation.com\/de\/wp-json\/wp\/v2\/tags?post=216"}],"curies":[{"name":"wp","href":"https:\/\/api.w.org\/{rel}","templated":true}]}}